{"id":1002,"date":"2017-02-27T21:18:17","date_gmt":"2017-02-27T21:18:17","guid":{"rendered":"https:\/\/www.progeriaresearch.org\/?page_id=1002"},"modified":"2026-03-17T10:30:00","modified_gmt":"2026-03-17T14:30:00","slug":"ordering-information","status":"publish","type":"page","link":"https:\/\/www.progeriaresearch.org\/de\/ordering-information\/","title":{"rendered":"Bestellinformationen"},"content":{"rendered":"<p>[et_pb_section fb_built=\u201d1\u2033 fullwidth=\u201don\u201d disabled_on=\u201doff|off|off\u201d _builder_version=\u201d4.16\u2033 border_width_bottom=\u201d55px\u201d border_color_bottom=\u201d#29327a\u201d locked=\u201doff\u201d global_colors_info=\u201d{}\u201d][et_pb_fullwidth_header _builder_version=\u201d4.16\u2033 title_font=\u201d||||||||\u201d title_font_size=\u201d55\u2033 background_color=\u201d#29327a\u201d background_image=\u201dhttps:\/\/www.progeriaresearch.org\/wp-content\/uploads\/2020\/12\/Alexandra_1920x687.jpg\u201d background_position=\u201dcenter_left\u201d custom_padding=\u201d9vw||9vw||true\u201d custom_padding_tablet=\u201d\u201d custom_padding_phone=\u201d|56px||\u201d custom_padding_last_edited=\u201don|desktop\u201d title_font_size_tablet=\u201d45px\u201d title_font_size_phone=\u201d40px\u201d title_font_size_last_edited=\u201don|phone\u201d z_index_tablet=\u201d500\u2033 custom_css_main_element=\u201dHintergrundposition: Mitte 18% !important;\u201d global_colors_info=\u201d{}\u201d]<\/p>\n<h1>Bestellung<\/h1>\n<h1>Information<\/h1>\n<p>&nbsp;<\/p>\n<p>[\/et_pb_fullwidth_header][\/et_pb_section][et_pb_section fb_built=\u201d1\u2033 use_custom_gutter=\u201dan\u201d gutter_width=\u201d1\u2033 specialty=\u201dan\u201d padding_left_1=\u201d35px\u201d padding_left_2=\u201d35px\u201d padding_2_tablet=\u201d|||0px\u201d padding_2_phone=\u201d\u201d padding_2_last_edited=\u201dan|desktop\u201d module_class_1=\u201dsidebar-secondary-nav\u201d module_class=\u201dhandprint-bg\u201d _builder_version=\u201d4.16\u2033 background_image=\u201dhttps:\/\/www.progeriaresearch.org\/wp-content\/uploads\/2019\/04\/blue-handprint-only.png\u201d parallax=\u201dan\u201d parallax_method=\u201daus\u201d inner_width=\u201d100%\u201d inner_max_width=\u201d100%\u201d custom_padding=\u201d0|0px|54px|0px|false|false\u201d z_index_tablet=\u201d500\u2033 border_width_top=\u201d10px\u201d border_color_top=\u201d#8fd2ed\u201d use_custom_width=\u201dan\u201d width_unit=\u201daus\u201d custom_width_percent=\u201d100%\u201d global_colors_info=\u201d{}\u201d][et_pb_column type=\u201d1_4\u2033 _builder_version=\u201d4.16\u2033 custom_padding=\u201d|||\u201d global_colors_info=\u201d{}\u201d custom_padding__hover=\u201d|||\u201d][et_pb_sidebar area=\u201det_pb_widget_area_14\u2033 disabled_on=\u201don|on|off\u201d admin_label=\u201dZellen-Seitenleiste\u201d module_class=\u201dsubpage-sidebars\u201d _builder_version=\u201d4.16\u2033 animation_style=\u201dfade\u201d z_index_tablet=\u201d500\u2033 border_width_right=\u201d5px\u201d locked=\u201doff\u201d global_colors_info=\u201d{}\u201d]<br \/>\n[\/et_pb_sidebar][\/et_pb_column][et_pb_column Typ=\u201d3_4\u2033 Spezialspalten=\u201d3\u2033 _builder_version=\u201d4.16\u2033 benutzerdefiniertes_Padding=\u201d|||\u201d global_colors_info=\u201d{}\u201d benutzerdefiniertes_Padding__hover=\u201d|||\u201d][et_pb_row_inner Spaltenstruktur=\u201d1_2,1_2\u2033 _builder_version=\u201d4.16\u2033 benutzerdefiniertes_Padding=\u201d||35px|||\u201d global_colors_info=\u201d{}\u201d][et_pb_column_inner Typ=\u201d1_2\u2033 gespeicherte Spezialspaltenart=\u201d3_4\u2033 _builder_version=\u201d4.16\u2033 benutzerdefiniertes_Padding=\u201d|||\u201d global_colors_info=\u201d{}\u201d custom_padding__hover=\u201d|||\u201d][et_pb_text admin_label=\u201dKosten\u201d _builder_version=\u201d4.21.0\u2033 custom_padding=\u201d|8px||0px|false|false\u201d global_colors_info=\u201d{}\u201d]<\/p>\n<p>Die Kosten f\u00fcr jede Fibroblasten- oder Lymphoblastenzelllinie betragen $150,00<\/p>\n<p>Die Kosten f\u00fcr jede immortalisierte Fibroblastenzelllinie betragen $150,00<\/p>\n<p>Die Kosten f\u00fcr jede iPSC-Leitung betragen $500. Bitte beachten Sie, dass iPSC-Leitungen vom Ottawa Hospital Research Institute (OHRI) ausgeliefert werden. Der Forscher erh\u00e4lt die Rechnung direkt vom OHRI.<\/p>\n<p>[\/et_pb_text][\/et_pb_column_inner][et_pb_column_inner type=&#8221;1_2&#8243; saved_specialty_column_type=&#8221;3_4&#8243; _builder_version=&#8221;4.16&#8243; custom_padding=&#8221;|||&#8221; global_colors_info=&#8221;{}&#8221; custom_padding__hover=&#8221;|||&#8221;][et_pb_text admin_label=&#8221;pdfs&#8221; _builder_version=&#8221;4.27.5&#8243; custom_padding=&#8221;|||6px|false|false&#8221; hover_enabled=&#8221;0&#8243; global_colors_info=&#8221;{}&#8221; sticky_enabled=&#8221;0&#8243;]<\/p>\n<p><a href=\"https:\/\/www.progeriaresearch.org\/wp-content\/uploads\/2025\/02\/Application-and-Agreement-For-Non-government-Institutions-October-2024.pdf\" rel=\"attachment wp-att-11236\">Antrag und Vereinbarung f\u00fcr nichtstaatliche Institutionen<\/a><\/p>\n<p><a href=\"https:\/\/www.progeriaresearch.org\/wp-content\/uploads\/2026\/03\/MTA-for-non-Govt-Institutions-March-2026.pdf\" rel=\"attachment noopener wp-att-15568\" target=\"_blank\">Materialtransfervereinbarung f\u00fcr nichtstaatliche Institutionen<\/a><\/p>\n<p>[\/et_pb_text][\/et_pb_column_inner][\/et_pb_row_inner][et_pb_row_inner custom_padding_last_edited=\u201don|phone\u201d _builder_version=\u201d4.16\u2033 custom_padding=\u201d0px|35px|0|0px|false|false\u201d custom_padding_tablet=\u201d|35px||35px||true\u201d custom_padding_phone=\u201d\u201d animation_direction=\u201dtop\u201d border_width_top=\u201d10px\u201d border_color_top=\u201d#8fd2ed\u201d global_colors_info=\u201d{}\u201d][et_pb_column_inner saved_specialty_column_type=\u201d3_4\u2033 _builder_version=\u201d4.16\u2033 custom_padding=\u201d|||\u201d global_colors_info=\u201d{}\u201d custom_padding__hover=\u201d|||\u201d][et_pb_text _builder_version=\u201d4.27.2\u2033 background_size=\u201dinitial\u201d background_position=\u201dtop_left\u201d background_repeat=\u201drepeat\u201d custom_margin=\u201d-2px|||||\u201d custom_padding=\u201d25px|||||\u201d global_colors_info=\u201d{}\u201d]<\/p>\n<p><a href=\"https:\/\/www.progeriaresearch.org\/wp-content\/uploads\/2019\/02\/MTA-for-Non-Govt-Institutions-February-2019.pdf\"><\/a><\/p>\n<p>Im Jahr 2014 f\u00fchrte die PRF eine Richtlinie ein, <strong>keine \u00c4nderungen an unserem MTA<\/strong>. Dies ist das Ergebnis von 12 Jahren vertraglicher Vereinbarungen mit 70 Forschungsteams, die an Institutionen in 14 L\u00e4ndern arbeiten. PRF und sein Rechtsberater haben die in diesem Zeitraum aufgetretenen Probleme ber\u00fccksichtigt und die Vereinbarung entsprechend \u00fcberarbeitet, was zu Bedingungen gef\u00fchrt hat, die wir f\u00fcr fair und angemessen halten.<\/p>\n<p>F\u00fcr US-Bundesbeh\u00f6rden oder Fragen,\u00a0<span style=\"color: #000000;\">Bitte kontaktieren Sie<\/span> Wendy Norris bei <a href=\"mailto:wnorris@brownhealth.org\" title=\"mailto:wnorris@brownhealth.org\" data-outlook-id=\"6ae643af-3829-46f7-8b6a-2ef767034802\">wnorris@brownhealth.org<\/a>\u00a0oder\u00a0<a href=\"tel:(401)%20274-1122\" target=\"_blank\" rel=\"noopener noreferrer\">401<wbr \/>-274-1122 x 48063<\/a>.<\/p>\n<p>F\u00fcr alle Ver\u00f6ffentlichungen, die unter Verwendung biologischer Proben aus der PRF-Zell- und Gewebebank zustande kommen, bitten wir die Forscher, die folgenden Informationen im Abschnitt \u201eMaterialien und Methoden\u201c zu verwenden (nicht nur in den Danksagungen). Dieser Wortlaut kann leicht variieren, je nachdem, welche Materialien f\u00fcr die Forschung bereitgestellt wurden.<\/p>\n<p>\u201eZellen und Zellkultur; Menschliche prim\u00e4re dermale Fibroblastenzelllinien wurden von der Zell- und Gewebebank der Progeria Research Foundation (PRF) bezogen. Die HGPS-Zelllinien waren XXX, XXX, XXX; die Kontrolllinien waren XXX, XXX, XXX.\u201c<\/p>\n<p>[\/et_pb_text][\/et_pb_column_inner][\/et_pb_row_inner][\/et_pb_column][\/et_pb_section][et_pb_section fb_built=\u201d1\u2033 module_class=\u201dfooter\u201d _builder_version=\u201d4.21.0\u2033 background_color=\u201d#29327a\u201d custom_margin=\u201d-2px|||||\u201d custom_padding=\u201d0|0px|0|0px|false|false\u201d z_index_tablet=\u201d500\u2033 border_width_top=\u201d12px\u201d border_color_top=\u201d#00b2e2\u2033 global_module=\u201d133\u2033 locked=\u201doff\u201d global_colors_info=\u201d{}\u201d][et_pb_row column_structure=\u201d1_4,1_4,1_2\u2033 make_equal=\u201don\u201d module_class=\u201d et_pb_row_fullwidth\u201d _builder_version=\u201d4.16\u2033 width=\u201d89%\u201d width_tablet=\u201d80%\u201d width_phone=\u201d\u201d width_last_edited=\u201don|desktop\u201d max_width=\u201d89%\u201d max_width_tablet=\u201d80%\u201d max_width_phone=\u201d\u201d max_width_last_edited=\u201dauf|Desktop\u201d z_index_tablet=\u201d500\u2033 make_fullwidth=\u201dan\u201d width_unit=\u201daus\u201d custom_width_percent=\u201d100%\u201d global_colors_info=\u201d{}\u201d][et_pb_column type=\u201d1_4\u2033 _builder_version=\u201d4.16\u2033 custom_padding=\u201d|||\u201d global_colors_info=\u201d{}\u201d custom_padding__hover=\u201d|||\u201d][et_pb_cta button_url=\u201dhttps:\/\/lp.constantcontactpages.com\/sl\/88gWWwz\u201d button_text=\u201dJetzt anmelden\u201d admin_label=\u201dF\u00fcr Updates anmelden\u201d module_class=\u201dsign-btn\u201d _builder_version=\u201d4.27.4\u2033 header_font_size=\u201d25px\u201d background_color=\u201d#29327a\u201d animation_style=\u201dslide\u201d animation_direction=\u201dleft\u201d animation_intensity_slide=\u201d25%\u201d link_option_url=\u201dhttps:\/\/lp.constantcontactpages.com\/sl\/88gWWwz\u201d header_font_size_tablet=\u201d\u201d header_font_size_phone=\u201d30px\u201d header_font_size_last_edited=\u201dan|desktop\u201d z_index_tablet=\u201d500\u2033 border_radii=\u201dan|25px|25px|25px|25px\u201d global_colors_info=\u201d{}\u201d button_bg_color__hover_enabled=\u201dan\u201d button_bg_color__hover=\u201d#8fd2ed\u201d button_border_color__hover_enabled=\u201dan\u201d]<\/p>\n<h2>Melden Sie sich an<\/h2>\n<h2>f\u00fcr unsere<\/h2>\n<h2>Neuigkeiten!<\/h2>\n<p>[\/et_pb_cta][\/et_pb_column][et_pb_column type=\u201d1_4\u2033 _builder_version=\u201d4.16\u2033 custom_padding=\u201d|||\u201d global_colors_info=\u201d{}\u201d custom_padding__hover=\u201d|||\u201d][et_pb_cta button_url=\u201dhttps:\/\/progeriaresearch.donorsupport.co\/-\/XZHJVWZR\u201d button_text=\u201dJetzt spenden\u201d admin_label=\u201dGemeinsam werden wir die Heilung finden!\u201d module_class=\u201dsign-btn\u201d _builder_version=\u201d4.16\u2033 header_font_size=\u201d25px\u201d background_color=\u201d#29327a\u201d animation_style=\u201dslide\u201d animation_direction=\u201dleft\u201d animation_intensity_slide=\u201d25%\u201d header_font_size_tablet=\u201d\u201d header_font_size_phone=\u201d30px\u201d header_font_size_last_edited=\u201don|desktop\u201d body_font_size_tablet=\u201d\u201d body_font_size_phone=\u201d\u201d body_font_size_last_edited=\u201don|desktop\u201d z_index_tablet=\u201d500\u2033 border_radii=\u201don|25px|25px|25px|25px\u201d global_colors_info=\u201d{}\u201d button_bg_color__hover_enabled=\u201don\u201d button_bg_color__hover=\u201d#8fd2ed\u201d button_border_color__hover_enabled=\u201dein\u201d]<\/p>\n<h2>Gemeinsam<\/h2>\n<h2><em>WILLE<\/em><\/h2>\n<h2>Finde die Heilung!<\/h2>\n<p>[\/et_pb_cta][\/et_pb_column][et_pb_column type=&#8221;1_2&#8243; _builder_version=&#8221;4.16&#8243; custom_padding=&#8221;|||&#8221; global_colors_info=&#8221;{}&#8221; custom_padding__hover=&#8221;|||&#8221;][et_pb_image src=&#8221;https:\/\/www.progeriaresearch.org\/wp-content\/uploads\/2026\/03\/2026-footer-image-copy.png&#8221; title_text=&#8221;2026 footer image copy&#8221; _builder_version=&#8221;4.27.5&#8243; _module_preset=&#8221;default&#8221; custom_margin=&#8221;35px||||false|false&#8221; global_colors_info=&#8221;{}&#8221;][\/et_pb_image][\/et_pb_column][\/et_pb_row][\/et_pb_section]<\/p>","protected":false},"excerpt":{"rendered":"<p>[et_pb_section fb_built=\u201d1\u2033 fullwidth=\u201don\u201d disabled_on=\u201doff|off|off\u201d _builder_version=\u201d4.16\u2033 border_width_bottom=\u201d55px\u201d border_color_bottom=\u201d#29327a\u201d locked=\u201doff\u201d global_colors_info=\u201d{}\u201d][et_pb_fullwidth_header _builder_version=\u201d4.16\u2033 title_font=\u201d||||||||\u201d title_font_size=\u201d55\u2033 background_color=\u201d#29327a\u201d background_image=\u201dhttps:\/\/www.progeriaresearch.org\/wp-content\/uploads\/2020\/12\/Alexandra_1920x687.jpg\u201d background_position=\u201dcenter_left\u201d custom_padding=\u201d9vw||9vw||true\u201d custom_padding_tablet=\u201d\u201d custom_padding_phone=\u201d|56px||\u201d custom_padding_last_edited=\u201don|desktop\u201d title_font_size_tablet=\u201d45px\u201d title_font_size_phone=\u201d40px\u201d title_font_size_last_edited=\u201don|phone\u201d z_index_tablet=\u201d500\u2033 custom_css_main_element=\u201dHintergrundposition: Mitte 18% !important;\u201d global_colors_info=\u201d{}\u201d] Bestellinformationen [\/et_pb_fullwidth_header][\/et_pb_section][et_pb_section fb_built=\u201d1\u2033 use_custom_gutter=\u201don\u201d gutter_width=\u201d1\u2033 specialty=\u201don\u201d padding_left_1=\u201d35px\u201d padding_left_2=\u201d35px\u201d padding_2_tablet=\u201d|||0px\u201d padding_2_phone=\u201d\u201d padding_2_last_edited=\u201don|desktop\u201d module_class_1=\u201dsidebar-secondary-nav\u201d module_class=\u201dhandprint-bg\u201d _builder_version=\u201d4.16\u2033 background_image=\u201dhttps:\/\/www.progeriaresearch.org\/wp-content\/uploads\/2019\/04\/blue-handprint-only.png\u201d parallax=\u201don\u201d parallax_method=\u201doff\u201d inner_width=\u201d100%\u201d inner_max_width=\u201d100%\u201d custom_padding=\u201d0|0px|54px|0px|false|false\u201d z_index_tablet=\u201d500\u2033 border_width_top=\u201d10px\u201d border_color_top=\u201d#8fd2ed\u201d use_custom_width=\u201dan\u201d width_unit=\u201daus\u201d [\u2026]<\/p>","protected":false},"author":1,"featured_media":0,"parent":0,"menu_order":0,"comment_status":"closed","ping_status":"closed","template":"","meta":{"_et_pb_use_builder":"on","_et_pb_old_content":"\t\t\t\t[vc_row][vc_column][vc_custom_heading text=\"Ordering Information\" font_container=\"tag:h1|text_align:center\" use_theme_fonts=\"yes\"][vc_column_text]Cost of each fibroblast or lymphoblast cell line is $80.50\r\n\r\nCost of each Immortalized Fibroblast Cell Line is $80.50\r\n\r\nCost of each iPSC line is $100.00\r\n\r\n<a href=\"https:\/\/www.progeriaresearch.org\/assets\/files\/Bank%20App%20and%20Agreement%20Gov't%20June2010%20(4).DOC\" target=\"_blank\" rel=\"noopener noreferrer\">\r\n<\/a><img class=\"alignnone size-full wp-image-1469\" src=\"https:\/\/www.progeriaresearch.org\/wp-content\/uploads\/2017\/04\/iconPDF.gif\" alt=\"\" width=\"34\" height=\"20\" \/> <a href=\"https:\/\/www.progeriaresearch.org\/wp-content\/uploads\/2019\/02\/Application-and-Agreement-For-Non-government-Institutions-February-2019.pdf\">Application and Agreement for Non-government Institutions<\/a>\r\n\r\n<img src=\"https:\/\/www.progeriaresearch.org\/assets\/images\/iconPDF.gif\" \/> <a href=\"https:\/\/www.progeriaresearch.org\/wp-content\/uploads\/2019\/02\/MTA-for-Non-Govt-Institutions-February-2019.pdf\">Material Transfer Agreement for Non-government Institutions<\/a>\r\n\r\nIn 2014, PRF instituted a policy of <strong>no changes to our MTA<\/strong>. This is the result of 12 years of contractual arrangements with 70 research teams working at institutions in 14 countries. PRF and its counsel have taken into consideration the issues that have arisen in that time period and edited the agreement accordingly, resulting in what we feel are fair and reasonable terms.\r\n\r\nFor U.S. Federal Government Institutions or questions,\u00a0<span style=\"color: #000000;\">please contact<\/span>\u00a0Wendy Norris at\u00a0<span style=\"color: #ff0000;\"><a href=\"mailto:wnorris@lifespan.org\" target=\"_blank\" rel=\"noopener noreferrer\">wnorris@lifespan.org<\/a><\/span>\u00a0or\u00a0<a href=\"tel:(401)%20274-1122\" target=\"_blank\" rel=\"noopener noreferrer\">401<wbr \/>-274-1122 x 48063<\/a>.\r\n\r\nFor all publications resulting from the use of biological samples from the PRF Cell and Tissue Bank, we ask researchers to please use the following information within the materials and methods section (not simply the acknowledgments).\u00a0 This wording may vary slightly, depending on which materials were supplied for the research.\r\n\r\n\u201cCells and Cell Culture;\u00a0Human primary dermal fibroblast cell lines were obtained from The Progeria Research Foundation (PRF) Cell and Tissue Bank.\u00a0 The HGPS cell lines were XXX, XXX, XXX; the control lines were XXX, XXX, XXX.\u201d[\/vc_column_text][\/vc_column][\/vc_row]\t\t","_et_gb_content_width":"","footnotes":"","_links_to":"","_links_to_target":""},"class_list":["post-1002","page","type-page","status-publish","hentry"],"yoast_head":"<!-- This site is optimized with the Yoast SEO plugin v26.8 - https:\/\/yoast.com\/product\/yoast-seo-wordpress\/ -->\n<title>Ordering | The Progeria Research Foundation<\/title>\n<meta name=\"description\" content=\"In 2014, PRF instituted a policy of no changes to our MTA. For ordering information, please contact us at info@progeriaresearch.org.\" \/>\n<meta name=\"robots\" content=\"index, follow, max-snippet:-1, max-image-preview:large, max-video-preview:-1\" \/>\n<link rel=\"canonical\" href=\"https:\/\/www.progeriaresearch.org\/de\/ordering-information\/\" \/>\n<meta property=\"og:locale\" content=\"de_DE\" \/>\n<meta property=\"og:type\" content=\"article\" \/>\n<meta property=\"og:title\" content=\"Ordering | The Progeria Research Foundation\" \/>\n<meta property=\"og:description\" content=\"In 2014, PRF instituted a policy of no changes to our MTA. For ordering information, please contact us at info@progeriaresearch.org.\" \/>\n<meta property=\"og:url\" content=\"https:\/\/www.progeriaresearch.org\/de\/ordering-information\/\" \/>\n<meta property=\"og:site_name\" content=\"The Progeria Research Foundation\" \/>\n<meta property=\"article:publisher\" content=\"https:\/\/www.facebook.com\/ProgeriaResearch\/\" \/>\n<meta property=\"article:modified_time\" content=\"2026-03-17T14:30:00+00:00\" \/>\n<meta name=\"twitter:card\" content=\"summary_large_image\" \/>\n<meta name=\"twitter:site\" content=\"@Progeria\" \/>\n<meta name=\"twitter:label1\" content=\"Est. reading time\" \/>\n\t<meta name=\"twitter:data1\" content=\"3 Minuten\" \/>\n<script type=\"application\/ld+json\" class=\"yoast-schema-graph\">{\"@context\":\"https:\/\/schema.org\",\"@graph\":[{\"@type\":\"WebPage\",\"@id\":\"https:\/\/www.progeriaresearch.org\/ordering-information\/\",\"url\":\"https:\/\/www.progeriaresearch.org\/ordering-information\/\",\"name\":\"Ordering | The Progeria Research Foundation\",\"isPartOf\":{\"@id\":\"https:\/\/www.progeriaresearch.org\/ta\/#website\"},\"datePublished\":\"2017-02-27T21:18:17+00:00\",\"dateModified\":\"2026-03-17T14:30:00+00:00\",\"description\":\"In 2014, PRF instituted a policy of no changes to our MTA. For ordering information, please contact us at info@progeriaresearch.org.\",\"breadcrumb\":{\"@id\":\"https:\/\/www.progeriaresearch.org\/ordering-information\/#breadcrumb\"},\"inLanguage\":\"de\",\"potentialAction\":[{\"@type\":\"ReadAction\",\"target\":[\"https:\/\/www.progeriaresearch.org\/ordering-information\/\"]}]},{\"@type\":\"BreadcrumbList\",\"@id\":\"https:\/\/www.progeriaresearch.org\/ordering-information\/#breadcrumb\",\"itemListElement\":[{\"@type\":\"ListItem\",\"position\":1,\"name\":\"Home\",\"item\":\"https:\/\/www.progeriaresearch.org\/\"},{\"@type\":\"ListItem\",\"position\":2,\"name\":\"Ordering Information\"}]},{\"@type\":\"WebSite\",\"@id\":\"https:\/\/www.progeriaresearch.org\/ta\/#website\",\"url\":\"https:\/\/www.progeriaresearch.org\/ta\/\",\"name\":\"The Progeria Research Foundation\",\"description\":\"For the Children \u2665 For the Cure\",\"publisher\":{\"@id\":\"https:\/\/www.progeriaresearch.org\/ta\/#organization\"},\"potentialAction\":[{\"@type\":\"SearchAction\",\"target\":{\"@type\":\"EntryPoint\",\"urlTemplate\":\"https:\/\/www.progeriaresearch.org\/ta\/?s={search_term_string}\"},\"query-input\":{\"@type\":\"PropertyValueSpecification\",\"valueRequired\":true,\"valueName\":\"search_term_string\"}}],\"inLanguage\":\"de\"},{\"@type\":\"Organization\",\"@id\":\"https:\/\/www.progeriaresearch.org\/ta\/#organization\",\"name\":\"The Progeria Research Foundation\",\"url\":\"https:\/\/www.progeriaresearch.org\/ta\/\",\"logo\":{\"@type\":\"ImageObject\",\"inLanguage\":\"de\",\"@id\":\"https:\/\/www.progeriaresearch.org\/ta\/#\/schema\/logo\/image\/\",\"url\":\"https:\/\/www.progeriaresearch.org\/wp-content\/uploads\/2019\/05\/PRF_Logo_2019_optimized.png\",\"contentUrl\":\"https:\/\/www.progeriaresearch.org\/wp-content\/uploads\/2019\/05\/PRF_Logo_2019_optimized.png\",\"width\":300,\"height\":86,\"caption\":\"The Progeria Research Foundation\"},\"image\":{\"@id\":\"https:\/\/www.progeriaresearch.org\/ta\/#\/schema\/logo\/image\/\"},\"sameAs\":[\"https:\/\/www.facebook.com\/ProgeriaResearch\/\",\"https:\/\/x.com\/Progeria\",\"https:\/\/www.instagram.com\/progeriaresearch\/\"]}]}<\/script>\n<!-- \/ Yoast SEO plugin. -->","yoast_head_json":{"title":"Bestellung | Die Progerie-Forschungsstiftung","description":"Im Jahr 2014 beschloss PRF, keine \u00c4nderungen an unserem MTA vorzunehmen. F\u00fcr Bestellinformationen kontaktieren Sie uns bitte unter info@progeriaresearch.org.","robots":{"index":"index","follow":"follow","max-snippet":"max-snippet:-1","max-image-preview":"max-image-preview:large","max-video-preview":"max-video-preview:-1"},"canonical":"https:\/\/www.progeriaresearch.org\/de\/ordering-information\/","og_locale":"de_DE","og_type":"article","og_title":"Ordering | The Progeria Research Foundation","og_description":"In 2014, PRF instituted a policy of no changes to our MTA. For ordering information, please contact us at info@progeriaresearch.org.","og_url":"https:\/\/www.progeriaresearch.org\/de\/ordering-information\/","og_site_name":"The Progeria Research Foundation","article_publisher":"https:\/\/www.facebook.com\/ProgeriaResearch\/","article_modified_time":"2026-03-17T14:30:00+00:00","twitter_card":"summary_large_image","twitter_site":"@Progeria","twitter_misc":{"Est. reading time":"3 Minuten"},"schema":{"@context":"https:\/\/schema.org","@graph":[{"@type":"WebPage","@id":"https:\/\/www.progeriaresearch.org\/ordering-information\/","url":"https:\/\/www.progeriaresearch.org\/ordering-information\/","name":"Bestellung | Die Progerie-Forschungsstiftung","isPartOf":{"@id":"https:\/\/www.progeriaresearch.org\/ta\/#website"},"datePublished":"2017-02-27T21:18:17+00:00","dateModified":"2026-03-17T14:30:00+00:00","description":"Im Jahr 2014 beschloss PRF, keine \u00c4nderungen an unserem MTA vorzunehmen. F\u00fcr Bestellinformationen kontaktieren Sie uns bitte unter info@progeriaresearch.org.","breadcrumb":{"@id":"https:\/\/www.progeriaresearch.org\/ordering-information\/#breadcrumb"},"inLanguage":"de","potentialAction":[{"@type":"ReadAction","target":["https:\/\/www.progeriaresearch.org\/ordering-information\/"]}]},{"@type":"BreadcrumbList","@id":"https:\/\/www.progeriaresearch.org\/ordering-information\/#breadcrumb","itemListElement":[{"@type":"ListItem","position":1,"name":"Home","item":"https:\/\/www.progeriaresearch.org\/"},{"@type":"ListItem","position":2,"name":"Ordering Information"}]},{"@type":"WebSite","@id":"https:\/\/www.progeriaresearch.org\/ta\/#website","url":"https:\/\/www.progeriaresearch.org\/ta\/","name":"Die Progeria Research Foundation","description":"F\u00fcr die Kinder \u2665 F\u00fcr die Heilung","publisher":{"@id":"https:\/\/www.progeriaresearch.org\/ta\/#organization"},"potentialAction":[{"@type":"SearchAction","target":{"@type":"EntryPoint","urlTemplate":"https:\/\/www.progeriaresearch.org\/ta\/?s={search_term_string}"},"query-input":{"@type":"PropertyValueSpecification","valueRequired":true,"valueName":"search_term_string"}}],"inLanguage":"de"},{"@type":"Organization","@id":"https:\/\/www.progeriaresearch.org\/ta\/#organization","name":"Die Progeria Research Foundation","url":"https:\/\/www.progeriaresearch.org\/ta\/","logo":{"@type":"ImageObject","inLanguage":"de","@id":"https:\/\/www.progeriaresearch.org\/ta\/#\/schema\/logo\/image\/","url":"https:\/\/www.progeriaresearch.org\/wp-content\/uploads\/2019\/05\/PRF_Logo_2019_optimized.png","contentUrl":"https:\/\/www.progeriaresearch.org\/wp-content\/uploads\/2019\/05\/PRF_Logo_2019_optimized.png","width":300,"height":86,"caption":"The Progeria Research Foundation"},"image":{"@id":"https:\/\/www.progeriaresearch.org\/ta\/#\/schema\/logo\/image\/"},"sameAs":["https:\/\/www.facebook.com\/ProgeriaResearch\/","https:\/\/x.com\/Progeria","https:\/\/www.instagram.com\/progeriaresearch\/"]}]}},"_links":{"self":[{"href":"https:\/\/www.progeriaresearch.org\/de\/wp-json\/wp\/v2\/pages\/1002","targetHints":{"allow":["GET"]}}],"collection":[{"href":"https:\/\/www.progeriaresearch.org\/de\/wp-json\/wp\/v2\/pages"}],"about":[{"href":"https:\/\/www.progeriaresearch.org\/de\/wp-json\/wp\/v2\/types\/page"}],"author":[{"embeddable":true,"href":"https:\/\/www.progeriaresearch.org\/de\/wp-json\/wp\/v2\/users\/1"}],"replies":[{"embeddable":true,"href":"https:\/\/www.progeriaresearch.org\/de\/wp-json\/wp\/v2\/comments?post=1002"}],"version-history":[{"count":1,"href":"https:\/\/www.progeriaresearch.org\/de\/wp-json\/wp\/v2\/pages\/1002\/revisions"}],"predecessor-version":[{"id":21458,"href":"https:\/\/www.progeriaresearch.org\/de\/wp-json\/wp\/v2\/pages\/1002\/revisions\/21458"}],"wp:attachment":[{"href":"https:\/\/www.progeriaresearch.org\/de\/wp-json\/wp\/v2\/media?parent=1002"}],"curies":[{"name":"wp","href":"https:\/\/api.w.org\/{rel}","templated":true}]}}