{"id":15389,"date":"2022-09-09T19:16:46","date_gmt":"2022-09-09T23:16:46","guid":{"rendered":"https:\/\/www.progeriaresearch.org\/?page_id=15389"},"modified":"2024-03-15T14:35:42","modified_gmt":"2024-03-15T18:35:42","slug":"ambassadors","status":"publish","type":"page","link":"https:\/\/www.progeriaresearch.org\/de\/ambassadors\/","title":{"rendered":"Botschafter gesucht"},"content":{"rendered":"<p>[et_pb_section fb_built=\u201d1\u2033 fullwidth=\u201don\u201d disabled_on=\u201doff|off|off\u201d _builder_version=\u201d4.16\u2033 border_width_bottom=\u201d55px\u201d border_color_bottom=\u201d#29327a\u201d locked=\u201doff\u201d global_colors_info=\u201d{}\u201d][et_pb_fullwidth_header _builder_version=\u201d4.21.0\u2033 title_font=\u201d||||||||\u201d title_font_size=\u201d55\u2033 background_color=\u201d#29327a\u201d background_image=\u201dhttps:\/\/www.progeriaresearch.org\/wp-content\/uploads\/2023\/06\/header-Mio-Map-1-Dec-2017.jpg\u201d background_position=\u201dcenter_right\u201d custom_padding=\u201d11.5vw||11.5vw||true\u201d custom_padding_tablet=\u201d\u201d custom_padding_phone=\u201d|56px||\u201d custom_padding_last_edited=\u201don|desktop\u201d title_font_size_tablet=\u201d45px\u201d title_font_size_phone=\u201d40px\u201d title_font_size_last_edited=\u201don|phone\u201d z_index_tablet=\u201d500\u2033 custom_css_main_element=\u201dHintergrundposition: rechts 18% !wichtig;\u201d global_colors_info=\u201d{}\u201d]<\/p>\n<h1>Botschafter gesucht<\/h1>\n<p>[\/et_pb_fullwidth_header][\/et_pb_section][et_pb_section fb_built=\u201d1\u2033 use_custom_gutter=\u201don\u201d gutter_width=\u201d1\u2033 specialty=\u201don\u201d padding_left_1=\u201d35px\u201d padding_left_2=\u201d35px\u201d padding_2_tablet=\u201d|||0px\u201d padding_2_phone=\u201d|||0px\u201d padding_2_last_edited=\u201don|desktop\u201d module_class_1=\u201dsidebar-secondary-nav\u201d module_class=\u201dhandprint-bg\u201d _builder_version=\u201d4.16\u2033 background_image=\u201dhttps:\/\/www.progeriaresearch.org\/wp-content\/uploads\/2019\/04\/blue-handprint-only.png\u201d parallax=\u201don\u201d parallax_method=\u201doff\u201d inner_width=\u201d100%\u201d inner_max_width=\u201d100%\u201d custom_padding=\u201d0|0px|54px|0px|false|false\u201d z_index_tablet=\u201d500\u2033 border_width_top=\u201d10px\u201d border_color_top=\u201d#8fd2ed\u201d use_custom_width=\u201dan\u201d width_unit=\u201daus\u201d custom_width_percent=\u201d100%\u201d global_colors_info=\u201d{}\u201d][et_pb_column type=\u201d1_4\u2033 _builder_version=\u201d4.16\u2033 custom_padding=\u201d|||\u201d global_colors_info=\u201d{}\u201d custom_padding__hover=\u201d|||\u201d][et_pb_sidebar area=\u201det_pb_widget_area_6\u2033 disabled_on=\u201dan|an|aus\u201d module_class=\u201dUnterseiten-Seitenleisten\u201d _builder_version=\u201d4.16\u2033 animation_style=\u201dverblassen\u201d z_index_tablet=\u201d500\u2033 border_width_right=\u201d5px\u201d gesperrt=\u201daus\u201d global_colors_info=\u201d{}\u201d]<br \/>\n[\/et_pb_sidebar][\/et_pb_column][et_pb_column Typ=\u201d3_4\u2033 Spezialspalten=\u201d3\u2033 _builder_version=\u201d4.16\u2033 benutzerdefiniertes_Padding=\u201d|||\u201d global_colors_info=\u201d{}\u201d benutzerdefiniertes_Padding__hover=\u201d|||\u201d][et_pb_row_inner Spaltenstruktur=\u201dnicht definiert\u201d _builder_version=\u201d4.16\u2033 Hintergrundfarbe=\u201d#00b2e2\u2033 benutzerdefinierter_Margin=\u201d41px||\u201d benutzerdefinierter_Margin_Tablett=\u201d0px||\u201d custom_margin_phone=\u201d\u201d custom_margin_last_edited=\u201dam|Telefon\u201d custom_padding=\u201d39.4375px|20px|35px|20px|false|true\u201d animation_style=\u201dFolie\u201d animation_direction=\u201doben\u201d animation_intensity_slide=\u201d25%\u201d box_shadow_style=\u201dpreset1\u2033 box_shadow_blur=\u201d38px\u201d box_shadow_spread=\u201d-12px\u201d global_colors_info=\u201d{}\u201d][et_pb_column_inner type=\u201dundefined\u201d saved_specialty_column_type=\u201d3_4\u2033 _builder_version=\u201d4.16\u2033 custom_padding=\u201d|||\u201d global_colors_info=\u201d{}\u201d custom_padding__hover=\u201d|||\u201d][et_pb_text _builder_version=\u201d4.21.0\u2033 text_font=\u201d||||||||\u201d header_font=\u201d||||||||\u201d header_2_font=\u201d||||||||\u201d header_2_line_height=\u201d1.2em\u201d header_3_font=\u201d||||||||\u201d header_4_font=\u201d||||||||\u201d background_layout=\u201ddunkel\u201d custom_margin=\u201d||\u201d custom_padding=\u201d|50px||\u201d custom_padding_tablet=\u201d|50px||50px||true\u201d custom_padding_phone=\u201d\u201d custom_padding_last_edited=\u201dauf|Desktop\u201d header_font_size_tablet=\u201d\u201d header_font_size_phone=\u201d\u201d header_font_size_last_edited=\u201dauf|Desktop\u201d header_2_font_size_tablet=\u201d25px\u201d header_2_font_size_phone=\u201d25px\u201d header_2_font_size_last_edited=\u201dauf|Tablet\u201d header_4_font_size_tablet=\u201d\u201d header_4_font_size_phone=\u201d19px\u201d header_4_font_size_last_edited=\u201dauf|Telefon\u201d header_4_line_height_tablet=\u201d\u201d header_4_line_height_phone=\u201d1.2em\u201d header_4_line_height_last_edited=\u201dauf|Telefon\u201d z_index_tablet=\u201d500\u2033 global_colors_info=\u201d{}\u201d]<\/p>\n<h3 style=\"font-weight: 400;\"><b>PRF braucht zweisprachige, mehrsprachige und englischsprachige Botschafter!<\/b><\/h3>\n<p>[\/et_pb_text][\/et_pb_column_inner][\/et_pb_row_inner][et_pb_row_inner column_structure=\u201dundefiniert\u201d _builder_version=\u201d4.16\u2033 custom_margin=\u201d||-35px|||\u201d custom_padding=\u201d39.4375px|35px|35px|35px|false|true\u201d animation_direction=\u201dtop\u201d global_colors_info=\u201d{}\u201d][et_pb_column_inner type=\u201dundefiniert\u201d saved_specialty_column_type=\u201d3_4\u2033 _builder_version=\u201d4.16\u2033 custom_padding=\u201d|||\u201d global_colors_info=\u201d{}\u201d custom_padding__hover=\u201d|||\u201d][et_pb_text _builder_version=\u201d4.24.0\u2033 header_4_line_height=\u201d1.2em\u201d vertical_offset_tablet=\u201d0\u2033 horizontal_offset_tablet=\u201d0\u2033 hover_enabled=\u201d0\u2033 header_4_font_size_tablet=\u201d\u201d header_4_font_size_phone=\u201d23px\u201d header_4_font_size_last_edited=\u201don|phone\u201d z_index_tablet=\u201d500\u2033 text_text_shadow_horizontal_length_tablet=\u201d0px\u201d text_text_shadow_vertical_length_tablet=\u201d0px\u201d text_text_shadow_blur_strength_tablet=\u201d1px\u201d link_text_shadow_horizontal_length_tablet=\u201d0px\u201d link_text_shadow_vertical_length_tablet=\u201d0px\u201d link_text_shadow_blur_strength_tablet=\u201d1px\u201d ul_text_shadow_horizontal_length_tablet=\u201d0px\u201d ul_text_shadow_vertical_length_tablet=\u201d0px\u201d ul_text_shadow_blur_strength_tablet=\u201d1px\u201d ol_text_shadow_horizontal_length_tablet=\u201d0px\u201d ol_text_shadow_vertical_length_tablet=\u201d0px\u201d ol_text_shadow_blur_strength_tablet=\u201d1px\u201d quote_text_shadow_horizontal_length_tablet=\u201d0px\u201d quote_text_shadow_vertical_length_tablet=\u201d0px\u201d quote_text_shadow_blur_strength_tablet=\u201d1px\u201d header_text_shadow_horizontal_length_tablet=\u201d0px\u201d header_text_shadow_vertical_length_tablet=\u201d0px\u201d header_text_shadow_blur_strength_tablet=\u201d1px\u201d header_2_text_shadow_horizontal_length_tablet=\u201d0px\u201d header_2_text_shadow_vertical_length_tablet=\u201d0px\u201d header_2_text_shadow_blur_strength_tablet=\u201d1px\u201d header_3_text_shadow_horizontal_length_tablet=\u201d0px\u201d header_3_text_shadow_vertical_length_tablet=\u201d0px\u201d header_3_text_shadow_blur_strength_tablet=\u201d1px\u201d header_4_text_shadow_horizontal_length_tablet=\u201d0px\u201d header_4_text_shadow_vertical_length_tablet=\u201d0px\u201d header_4_text_shadow_blur_strength_tablet=\u201d1px\u201d header_5_text_shadow_horizontal_length_tablet=\u201d0px\u201d header_5_text_shadow_vertical_length_tablet=\u201d0px\u201d header_5_text_shadow_blur_strength_tablet=\u201d1px\u201d header_6_text_shadow_horizontal_length_tablet=\u201d0px\u201d header_6_text_shadow_vertical_length_tablet=\u201d0px\u201d header_6_text_shadow_blur_strength_tablet=\u201d1px\u201d box_shadow_horizontal_tablet=\u201d0px\u201d box_shadow_vertical_tablet=\u201d0px\u201d box_shadow_blur_tablet=\u201d40px\u201d box_shadow_spread_tablet=\u201d0px\u201d global_colors_info=\u201d{}\u201d sticky_enabled=\u201d0\u2033]<\/p>\n<p style=\"font-weight: 400;\"><strong><em>Wir brauchen Sie!<\/em><\/strong> Bitte melden Sie sich, wenn Sie oder jemand, den Sie kennen, freiwillig bereit ist, Familien am Boston Logan Airport abzuholen, sie zu ihrer Unterkunft in der N\u00e4he des Boston Children&#039;s Hospital zu bringen und daf\u00fcr zu sorgen, dass sie sich f\u00fcr ihre Testwoche eingelebt haben. Die meisten internationalen Familien kommen samstags an, w\u00e4hrend die meisten US-Familien sonntags ankommen.<\/p>\n<p style=\"font-weight: 400;\">Jeder Freiwillige wird sorgf\u00e4ltig \u00fcberpr\u00fcft, indem er einer CORI-Hintergrundpr\u00fcfung unterzogen wird und einen g\u00fcltigen F\u00fchrerschein und eine g\u00fcltige Kfz-Versicherung vorlegt, bevor er mit unseren reisenden Familien zusammengebracht wird.<\/p>\n<p style=\"font-weight: 400;\">Wir arbeiten mit dem Meet and Greet-Programm von Massport zusammen, um Familien den Weg von ihrem Tor bis zur einfachen Abholung am Stra\u00dfenrand zu erleichtern.<\/p>\n<p style=\"font-weight: 400;\">Wir sind an zweisprachigen, mehrsprachigen und englischsprachigen Botschaftern interessiert. Bei Bedarf k\u00f6nnen wir manchmal die Begleitung der Botschafter durch freiwillige Dolmetscher organisieren.<\/p>\n<p style=\"font-weight: 400;\">Wenn Sie daran interessiert sind, PRF-Botschafter zu werden, kontaktieren Sie bitte das PRF-B\u00fcro unter 988-535-2594 oder senden Sie eine E-Mail an den Koordinator f\u00fcr klinische Studien der PRF unter <a href=\"mailto:ctcoordinator@progeriaresearch.org\">ctcoordinator@progeriaresearch.org<\/a><\/p>\n<p>[\/et_pb_text][\/et_pb_column_inner][\/et_pb_row_inner][et_pb_row_inner column_structure=\u201d1_2,1_2\u2033 custom_padding_last_edited=\u201dan|Telefon\u201d padding_left_right_link_1=\u201dtrue\u201d padding_left_right_link_2=\u201dtrue\u201d padding_left_right_link_3=\u201dtrue\u201d disabled_on=\u201daus|aus|aus\u201d admin_label=\u201dZeile\u201d _builder_version=\u201d4.16\u2033 custom_padding=\u201d0|30px|0||false|false\u201d custom_padding_tablet=\u201d\u201d custom_padding_phone=\u201d|40px||40px||true\u201d z_index_tablet=\u201d500\u2033 global_colors_info=\u201d{}\u201d][et_pb_column_inner Typ=\u201d1_2\u2033 gespeicherter_Spezialspaltentyp=\u201d3_4\u2033 _builder_version=\u201d4.16\u2033 benutzerdefiniertes_Padding=\u201d|10px||10px\u201d benutzerdefiniertes_Padding_Tablet=\u201d||40px\u201d benutzerdefiniertes_Padding_Telefon=\u201d||30px\u201d benutzerdefiniertes_Padding_zuletzt_bearbeitet=\u201dEin|Tablet\u201d globale_Farben_info=\u201d{}\u201d benutzerdefiniertes_Padding__hover=\u201d|||\u201d][et_pb_button url_new_window=\u201dEin\u201d button_text=\u201d\u00dcbersetzer-Bewerbungs-PDF\u201d button_alignment=\u201dMitte\u201d deaktiviert_Ein=\u201dEin|Ein|Ein\u201d _builder_version=\u201d4.17.6\u2033 Hintergrundlayout=\u201ddunkel\u201d benutzerdefinierter_Rand=\u201d24px||24px||true\u201d benutzerdefinierter_Rand_Tablet=\u201d||0px\u201d custom_margin_phone=\u201d\u201d custom_margin_last_edited=\u201dam|Telefon\u201d animation_style=\u201dFolie\u201d animation_direction=\u201doben\u201d animation_intensity_slide=\u201d15%\u201d z_index_tablet=\u201d500\u2033 custom_css_main_element=\u201dBreite: 75%;\u201d deaktiviert=\u201dan\u201d global_colors_info=\u201d{}\u201d]<br \/>\n[\/et_pb_button][\/et_pb_column_inner][et_pb_column_inner Typ=\u201d1_2\u2033 gespeicherte_Spezialit\u00e4tsspaltenart=\u201d3_4\u2033 _builder_version=\u201d4.16\u2033 benutzerdefinierte_Aufzeichnung=\u201d|10px||10px\u201d benutzerdefinierte_Aufzeichnung_Tablet=\u201d||40px\u201d benutzerdefinierte_Aufzeichnung_Telefon=\u201d||30px\u201d benutzerdefinierte_Aufzeichnung_zuletzt bearbeitet=\u201dauf|Desktop\u201d globale_Farben_Info=\u201d{}\u201d benutzerdefinierte_Aufzeichnung__Hover=\u201d|||\u201d][\/et_pb_column_inner][\/et_pb_row_inner][et_pb_row_inner Spaltenstruktur=\u201dnicht definiert\u201d _builder_version=\u201d4.16\u2033 custom_padding=\u201d7.4px|35px|35px|35px|false|true\u201d Animationsstil=\u201dFolie\u201d Animationsrichtung=\u201doben\u201d Animationsintensit\u00e4tsfolie=\u201d25%\u201d global_colors_info=\u201d{}\u201d][et_pb_column_inner Typ=\u201dnicht definiert\u201d saved_specialty_column_type=\u201d3_4\u2033 _builder_version=\u201d4.16\u2033 custom_padding=\u201d|||\u201d global_colors_info=\u201d{}\u201d custom_padding__hover=\u201d|||\u201d][et_pb_text disabled_on=\u201dan|an|an\u201d _builder_version=\u201d4.16\u2033 text_font=\u201d||||||||\u201d header_4_font=\u201d||||||||\u201d header_4_line_height=\u201d1.2em\u201d header_4_font_size_tablet=\u201d\u201d header_4_font_size_phone=\u201d23px\u201d header_4_font_size_last_edited=\u201dam|Telefon\u201d deaktiviert=\u201dan\u201d global_colors_info=\u201d{}\u201d]<\/p>\n<p style=\"text-align: center;\">Bitte senden Sie Ihren ausgef\u00fcllten \u00dcbersetzerantrag an\u00a0<a href=\"mailto:ctcoordinator@progeriaresearch.org\">ctcoordinator@progeriaresearch.org<span>\u00a0<\/span><\/a>oder per Fax an (987) 535-5849. Sie k\u00f6nnen auch direkt an unser B\u00fcro schreiben:<\/p>\n<p style=\"text-align: center;\">Die Progeria Research Foundation<br \/>Postfach 3453<br \/>Peabody, MA 01961<\/p>\n<p style=\"text-align: center;\">Bei Fragen k\u00f6nnen Sie sich jederzeit gerne an unser B\u00fcro wenden!<\/p>\n<p>[\/et_pb_text][\/et_pb_column_inner][\/et_pb_row_inner][\/et_pb_column][\/et_pb_section][et_pb_section fb_built=\u201d1\u2033 module_class=\u201dfooter\u201d _builder_version=\u201d4.21.0\u2033 background_color=\u201d#29327a\u201d custom_margin=\u201d-2px|||||\u201d custom_padding=\u201d0|0px|0|0px|false|false\u201d z_index_tablet=\u201d500\u2033 border_width_top=\u201d12px\u201d border_color_top=\u201d#00b2e2\u2033 global_module=\u201d133\u2033 gesperrt=\u201daus\u201d global_colors_info=\u201d{}\u201d][et_pb_row column_structure=\u201d1_4,1_4,1_2\u2033 make_equal=\u201dan\u201d module_class=\u201d et_pb_row_fullwidth\u201d _builder_version=\u201d4.16\u2033 width=\u201d89%\u201d width_tablet=\u201d80%\u201d width_phone=\u201d\u201d width_last_edited=\u201dan|desktop\u201d max_width=\u201d89%\u201d max_width_tablet=\u201d80%\u201d max_width_phone=\u201d\u201d max_width_last_edited=\u201dan|desktop\u201d z_index_tablet=\u201d500\u2033 make_fullwidth=\u201dan\u201d width_unit=\u201daus\u201d custom_width_percent=\u201d100%\u201d global_colors_info=\u201d{}\u201d][et_pb_column type=\u201d1_4\u2033 _builder_version=\u201d4.16\u2033 custom_padding=\u201d|||\u201d global_colors_info=\u201d{}\u201d custom_padding__hover=\u201d|||\u201d][et_pb_cta button_url=\u201dhttps:\/\/www.progeriaresearch.org\/newsletter-signup\/\u201d button_text=\u201dJetzt anmelden\u201d admin_label=\u201dF\u00fcr Newsletter anmelden\u201d module_class=\u201dsign-btn\u201d _builder_version=\u201d4.16\u2033 header_font_size=\u201d25px\u201d background_color=\u201d#29327a\u201d animation_style=\u201dslide\u201d animation_direction=\u201dleft\u201d animation_intensity_slide=\u201d25%\u201d header_font_size_tablet=\u201d\u201d header_font_size_phone=\u201d30px\u201d header_font_size_last_edited=\u201don|desktop\u201d z_index_tablet=\u201d500\u2033 border_radii=\u201dan|25px|25px|25px|25px\u201d global_colors_info=\u201d{}\u201d button_bg_color__hover_enabled=\u201dan\u201d button_bg_color__hover=\u201d#8fd2ed\u201d button_border_color__hover_enabled=\u201dan\u201d]<\/p>\n<h2>Melden Sie sich an<\/h2>\n<h2>f\u00fcr unsere<\/h2>\n<h2>Newsletter!<\/h2>\n<p>[\/et_pb_cta][\/et_pb_column][et_pb_column type=\u201d1_4\u2033 _builder_version=\u201d4.16\u2033 custom_padding=\u201d|||\u201d global_colors_info=\u201d{}\u201d custom_padding__hover=\u201d|||\u201d][et_pb_cta button_url=\u201dhttps:\/\/progeriaresearch.donorsupport.co\/-\/XZHJVWZR\u201d button_text=\u201dJetzt spenden\u201d admin_label=\u201dGemeinsam werden wir die Heilung finden!\u201d module_class=\u201dsign-btn\u201d _builder_version=\u201d4.16\u2033 header_font_size=\u201d25px\u201d background_color=\u201d#29327a\u201d animation_style=\u201dslide\u201d animation_direction=\u201dleft\u201d animation_intensity_slide=\u201d25%\u201d header_font_size_tablet=\u201d\u201d header_font_size_phone=\u201d30px\u201d header_font_size_last_edited=\u201don|desktop\u201d body_font_size_tablet=\u201d\u201d body_font_size_phone=\u201d\u201d body_font_size_last_edited=\u201don|desktop\u201d z_index_tablet=\u201d500\u2033 border_radii=\u201don|25px|25px|25px|25px\u201d global_colors_info=\u201d{}\u201d button_bg_color__hover_enabled=\u201don\u201d button_bg_color__hover=\u201d#8fd2ed\u201d button_border_color__hover_enabled=\u201dein\u201d]<\/p>\n<h2>Gemeinsam<\/h2>\n<h2><em>WILLE<\/em><\/h2>\n<h2>Finde die Heilung!<\/h2>\n<p>[\/et_pb_cta][\/et_pb_column][et_pb_column Typ=\u201d1_2\u2033 _builder_version=\u201d4.16\u2033 custom_padding=\u201d|||\u201d global_colors_info=\u201d{}\u201d custom_padding__hover=\u201d|||\u201d][et_pb_image src=\u201dhttps:\/\/www.progeriaresearch.org\/wp-content\/uploads\/2024\/02\/2024-strip-footer-strip-.png\u201d title_text=\u201d2024 Fu\u00dfzeilenstreifen\u201d _builder_version=\u201d4.24.0\u2033 _module_preset=\u201ddefault\u201d custom_margin=\u201d35px||||false|false\u201d global_colors_info=\u201d{}\u201d][\/et_pb_image][\/et_pb_column][\/et_pb_row][\/et_pb_section]<\/p>","protected":false},"excerpt":{"rendered":"<p>Botschafter gesucht PRF braucht zweisprachige, mehrsprachige und englischsprachige Botschafter! Wir brauchen Sie! Bitte melden Sie sich, wenn Sie oder jemand, den Sie kennen, sich freiwillig melden m\u00f6chte, um Familien am Boston Logan Airport zu begr\u00fc\u00dfen, sie zu ihrer Unterkunft in der N\u00e4he des Boston Children&#039;s Hospital zu bringen und sicherzustellen, dass sie sich f\u00fcr ihre Testwoche eingelebt haben. Die meisten internationalen [\u2026]<\/p>","protected":false},"author":2,"featured_media":0,"parent":0,"menu_order":0,"comment_status":"closed","ping_status":"closed","template":"","meta":{"_et_pb_use_builder":"on","_et_pb_old_content":"","_et_gb_content_width":"","footnotes":"","_links_to":"","_links_to_target":""},"class_list":["post-15389","page","type-page","status-publish","hentry"],"yoast_head":"<!-- This site is optimized with the Yoast SEO plugin v26.8 - https:\/\/yoast.com\/product\/yoast-seo-wordpress\/ -->\n<title>Ambassadors | The Progeria Research Foundation<\/title>\n<meta name=\"robots\" content=\"index, follow, max-snippet:-1, max-image-preview:large, max-video-preview:-1\" \/>\n<link rel=\"canonical\" href=\"https:\/\/www.progeriaresearch.org\/de\/ambassadors\/\" \/>\n<meta property=\"og:locale\" content=\"de_DE\" \/>\n<meta property=\"og:type\" content=\"article\" \/>\n<meta property=\"og:title\" content=\"Ambassadors | The Progeria Research Foundation\" \/>\n<meta property=\"og:description\" content=\"Ambassadors Needed PRF needs bilingual, multilingual, and English speaking ambassadors!We need you! Please reach out if you or someone you know would like to volunteer to greet families at Boston Logan Airport, bring them to their housing near Boston Children\u2019s Hospital, and make sure they are settled in for their week of testing. Most international [&hellip;]\" \/>\n<meta property=\"og:url\" content=\"https:\/\/www.progeriaresearch.org\/de\/ambassadors\/\" \/>\n<meta property=\"og:site_name\" content=\"The Progeria Research Foundation\" \/>\n<meta property=\"article:publisher\" content=\"https:\/\/www.facebook.com\/ProgeriaResearch\/\" \/>\n<meta property=\"article:modified_time\" content=\"2024-03-15T18:35:42+00:00\" \/>\n<meta name=\"twitter:card\" content=\"summary_large_image\" \/>\n<meta name=\"twitter:site\" content=\"@Progeria\" \/>\n<meta name=\"twitter:label1\" content=\"Est. reading time\" \/>\n\t<meta name=\"twitter:data1\" content=\"3 Minuten\" \/>\n<script type=\"application\/ld+json\" class=\"yoast-schema-graph\">{\"@context\":\"https:\/\/schema.org\",\"@graph\":[{\"@type\":\"WebPage\",\"@id\":\"https:\/\/www.progeriaresearch.org\/hi\/ambassadors\/\",\"url\":\"https:\/\/www.progeriaresearch.org\/hi\/ambassadors\/\",\"name\":\"Ambassadors | The Progeria Research Foundation\",\"isPartOf\":{\"@id\":\"https:\/\/www.progeriaresearch.org\/ta\/#website\"},\"datePublished\":\"2022-09-09T23:16:46+00:00\",\"dateModified\":\"2024-03-15T18:35:42+00:00\",\"breadcrumb\":{\"@id\":\"https:\/\/www.progeriaresearch.org\/hi\/ambassadors\/#breadcrumb\"},\"inLanguage\":\"de\",\"potentialAction\":[{\"@type\":\"ReadAction\",\"target\":[\"https:\/\/www.progeriaresearch.org\/hi\/ambassadors\/\"]}]},{\"@type\":\"BreadcrumbList\",\"@id\":\"https:\/\/www.progeriaresearch.org\/hi\/ambassadors\/#breadcrumb\",\"itemListElement\":[{\"@type\":\"ListItem\",\"position\":1,\"name\":\"Home\",\"item\":\"https:\/\/www.progeriaresearch.org\/\"},{\"@type\":\"ListItem\",\"position\":2,\"name\":\"Ambassadors Needed\"}]},{\"@type\":\"WebSite\",\"@id\":\"https:\/\/www.progeriaresearch.org\/ta\/#website\",\"url\":\"https:\/\/www.progeriaresearch.org\/ta\/\",\"name\":\"The Progeria Research Foundation\",\"description\":\"For the Children \u2665 For the Cure\",\"publisher\":{\"@id\":\"https:\/\/www.progeriaresearch.org\/ta\/#organization\"},\"potentialAction\":[{\"@type\":\"SearchAction\",\"target\":{\"@type\":\"EntryPoint\",\"urlTemplate\":\"https:\/\/www.progeriaresearch.org\/ta\/?s={search_term_string}\"},\"query-input\":{\"@type\":\"PropertyValueSpecification\",\"valueRequired\":true,\"valueName\":\"search_term_string\"}}],\"inLanguage\":\"de\"},{\"@type\":\"Organization\",\"@id\":\"https:\/\/www.progeriaresearch.org\/ta\/#organization\",\"name\":\"The Progeria Research Foundation\",\"url\":\"https:\/\/www.progeriaresearch.org\/ta\/\",\"logo\":{\"@type\":\"ImageObject\",\"inLanguage\":\"de\",\"@id\":\"https:\/\/www.progeriaresearch.org\/ta\/#\/schema\/logo\/image\/\",\"url\":\"https:\/\/www.progeriaresearch.org\/wp-content\/uploads\/2019\/05\/PRF_Logo_2019_optimized.png\",\"contentUrl\":\"https:\/\/www.progeriaresearch.org\/wp-content\/uploads\/2019\/05\/PRF_Logo_2019_optimized.png\",\"width\":300,\"height\":86,\"caption\":\"The Progeria Research Foundation\"},\"image\":{\"@id\":\"https:\/\/www.progeriaresearch.org\/ta\/#\/schema\/logo\/image\/\"},\"sameAs\":[\"https:\/\/www.facebook.com\/ProgeriaResearch\/\",\"https:\/\/x.com\/Progeria\",\"https:\/\/www.instagram.com\/progeriaresearch\/\"]}]}<\/script>\n<!-- \/ Yoast SEO plugin. -->","yoast_head_json":{"title":"Botschafter | Die Progerie-Forschungsstiftung","robots":{"index":"index","follow":"follow","max-snippet":"max-snippet:-1","max-image-preview":"max-image-preview:large","max-video-preview":"max-video-preview:-1"},"canonical":"https:\/\/www.progeriaresearch.org\/de\/ambassadors\/","og_locale":"de_DE","og_type":"article","og_title":"Ambassadors | The Progeria Research Foundation","og_description":"Ambassadors Needed PRF needs bilingual, multilingual, and English speaking ambassadors!We need you! Please reach out if you or someone you know would like to volunteer to greet families at Boston Logan Airport, bring them to their housing near Boston Children\u2019s Hospital, and make sure they are settled in for their week of testing. Most international [&hellip;]","og_url":"https:\/\/www.progeriaresearch.org\/de\/ambassadors\/","og_site_name":"The Progeria Research Foundation","article_publisher":"https:\/\/www.facebook.com\/ProgeriaResearch\/","article_modified_time":"2024-03-15T18:35:42+00:00","twitter_card":"summary_large_image","twitter_site":"@Progeria","twitter_misc":{"Est. reading time":"3 Minuten"},"schema":{"@context":"https:\/\/schema.org","@graph":[{"@type":"WebPage","@id":"https:\/\/www.progeriaresearch.org\/hi\/ambassadors\/","url":"https:\/\/www.progeriaresearch.org\/hi\/ambassadors\/","name":"Botschafter | Die Progerie-Forschungsstiftung","isPartOf":{"@id":"https:\/\/www.progeriaresearch.org\/ta\/#website"},"datePublished":"2022-09-09T23:16:46+00:00","dateModified":"2024-03-15T18:35:42+00:00","breadcrumb":{"@id":"https:\/\/www.progeriaresearch.org\/hi\/ambassadors\/#breadcrumb"},"inLanguage":"de","potentialAction":[{"@type":"ReadAction","target":["https:\/\/www.progeriaresearch.org\/hi\/ambassadors\/"]}]},{"@type":"BreadcrumbList","@id":"https:\/\/www.progeriaresearch.org\/hi\/ambassadors\/#breadcrumb","itemListElement":[{"@type":"ListItem","position":1,"name":"Home","item":"https:\/\/www.progeriaresearch.org\/"},{"@type":"ListItem","position":2,"name":"Ambassadors Needed"}]},{"@type":"WebSite","@id":"https:\/\/www.progeriaresearch.org\/ta\/#website","url":"https:\/\/www.progeriaresearch.org\/ta\/","name":"Die Progeria Research Foundation","description":"F\u00fcr die Kinder \u2665 F\u00fcr die Heilung","publisher":{"@id":"https:\/\/www.progeriaresearch.org\/ta\/#organization"},"potentialAction":[{"@type":"SearchAction","target":{"@type":"EntryPoint","urlTemplate":"https:\/\/www.progeriaresearch.org\/ta\/?s={search_term_string}"},"query-input":{"@type":"PropertyValueSpecification","valueRequired":true,"valueName":"search_term_string"}}],"inLanguage":"de"},{"@type":"Organization","@id":"https:\/\/www.progeriaresearch.org\/ta\/#organization","name":"Die Progeria Research Foundation","url":"https:\/\/www.progeriaresearch.org\/ta\/","logo":{"@type":"ImageObject","inLanguage":"de","@id":"https:\/\/www.progeriaresearch.org\/ta\/#\/schema\/logo\/image\/","url":"https:\/\/www.progeriaresearch.org\/wp-content\/uploads\/2019\/05\/PRF_Logo_2019_optimized.png","contentUrl":"https:\/\/www.progeriaresearch.org\/wp-content\/uploads\/2019\/05\/PRF_Logo_2019_optimized.png","width":300,"height":86,"caption":"The Progeria Research Foundation"},"image":{"@id":"https:\/\/www.progeriaresearch.org\/ta\/#\/schema\/logo\/image\/"},"sameAs":["https:\/\/www.facebook.com\/ProgeriaResearch\/","https:\/\/x.com\/Progeria","https:\/\/www.instagram.com\/progeriaresearch\/"]}]}},"_links":{"self":[{"href":"https:\/\/www.progeriaresearch.org\/de\/wp-json\/wp\/v2\/pages\/15389","targetHints":{"allow":["GET"]}}],"collection":[{"href":"https:\/\/www.progeriaresearch.org\/de\/wp-json\/wp\/v2\/pages"}],"about":[{"href":"https:\/\/www.progeriaresearch.org\/de\/wp-json\/wp\/v2\/types\/page"}],"author":[{"embeddable":true,"href":"https:\/\/www.progeriaresearch.org\/de\/wp-json\/wp\/v2\/users\/2"}],"replies":[{"embeddable":true,"href":"https:\/\/www.progeriaresearch.org\/de\/wp-json\/wp\/v2\/comments?post=15389"}],"version-history":[{"count":0,"href":"https:\/\/www.progeriaresearch.org\/de\/wp-json\/wp\/v2\/pages\/15389\/revisions"}],"wp:attachment":[{"href":"https:\/\/www.progeriaresearch.org\/de\/wp-json\/wp\/v2\/media?parent=15389"}],"curies":[{"name":"wp","href":"https:\/\/api.w.org\/{rel}","templated":true}]}}