{"id":15937,"date":"2022-11-10T10:36:21","date_gmt":"2022-11-10T15:36:21","guid":{"rendered":"https:\/\/www.progeriaresearch.org\/?page_id=15937"},"modified":"2026-03-19T11:25:09","modified_gmt":"2026-03-19T15:25:09","slug":"employment","status":"publish","type":"page","link":"https:\/\/www.progeriaresearch.org\/de\/employment\/","title":{"rendered":"Besch\u00e4ftigung bei PRF"},"content":{"rendered":"<p>[et_pb_section fb_built=&#8221;1&#8243; fullwidth=&#8221;on&#8221; disabled_on=&#8221;off|off|off&#8221; _builder_version=&#8221;4.16&#8243; border_width_bottom=&#8221;55px&#8221; border_color_bottom=&#8221;#29327a&#8221; locked=&#8221;off&#8221; global_colors_info=&#8221;{}&#8221;][et_pb_fullwidth_header _builder_version=&#8221;4.27.5&#8243; title_font=&#8221;||||||||&#8221; title_font_size=&#8221;55&#8243; background_color=&#8221;#29327a&#8221; background_image=&#8221;https:\/\/www.progeriaresearch.org\/wp-content\/uploads\/2025\/11\/3-Employment-header-2025.jpg&#8221; background_size=&#8221;contain&#8221; min_height=&#8221;428.2px&#8221; custom_margin=&#8221;||-12px||false|false&#8221; custom_padding=&#8221;3vw||3vw||true|&#8221; custom_padding_tablet=&#8221;&#8221; custom_padding_phone=&#8221;|56px||&#8221; custom_padding_last_edited=&#8221;on|desktop&#8221; title_font_size_tablet=&#8221;45px&#8221; title_font_size_phone=&#8221;40px&#8221; title_font_size_last_edited=&#8221;on|phone&#8221; z_index_tablet=&#8221;500&#8243; custom_css_main_element=&#8221;background-position: right 18% !important;&#8221; global_colors_info=&#8221;{}&#8221;]<\/p>\n<h1><\/h1>\n<h1 style=\"text-align: left;\"><\/h1>\n<p>&nbsp;<\/p>\n<p>[\/et_pb_fullwidth_header][\/et_pb_section][et_pb_section fb_built=\u201d1\u2033 use_custom_gutter=\u201don\u201d gutter_width=\u201d1\u2033 specialty=\u201don\u201d padding_left_1=\u201d35px\u201d padding_left_2=\u201d35px\u201d padding_2_tablet=\u201d|||0px\u201d padding_2_phone=\u201d|||0px\u201d padding_2_last_edited=\u201don|desktop\u201d module_class_1=\u201dsidebar-secondary-nav\u201d module_class=\u201dhandprint-bg\u201d _builder_version=\u201d4.16\u2033 background_image=\u201dhttps:\/\/www.progeriaresearch.org\/wp-content\/uploads\/2019\/04\/blue-handprint-only.png\u201d parallax=\u201don\u201d parallax_method=\u201doff\u201d inner_width=\u201d100%\u201d inner_max_width=\u201d100%\u201d custom_margin=\u201d-43px|||||\u201d custom_padding=\u201d0|0px|50px|0px|false|false\u201d z_index_tablet=\u201d500\u2033 border_width_top=\u201d10px\u201d border_color_top=\u201d#8fd2ed\u201d use_custom_width=\u201dan\u201d width_unit=\u201daus\u201d custom_width_percent=\u201d100%\u201d global_colors_info=\u201d{}\u201d][et_pb_column type=\u201d1_4\u2033 _builder_version=\u201d4.16\u2033 custom_padding=\u201d|||\u201d global_colors_info=\u201d{}\u201d custom_padding__hover=\u201d|||\u201d][et_pb_sidebar area=\u201det_pb_widget_area_16\u2033 disabled_on=\u201dan|an|aus\u201d module_class=\u201dUnterseiten-Seitenleisten\u201d _builder_version=\u201d4.21.0\u2033 animation_style=\u201dverblassen\u201d z_index_tablet=\u201d500\u2033 border_width_right=\u201d5px\u201d gesperrt=\u201daus\u201d global_colors_info=\u201d{}\u201d]<\/p>\n<p>[\/et_pb_sidebar][\/et_pb_column][et_pb_column Typ=\u201d3_4\u2033 Spezialspalten=\u201d3\u2033 _builder_version=\u201d4.16\u2033 benutzerdefiniertes_Padding=\u201d|||\u201d global_colors_info=\u201d{}\u201d benutzerdefiniertes_Padding__hover=\u201d|||\u201d][et_pb_row_inner _builder_version=\u201d4.16\u2033 Hintergrundfarbe=\u201d#00b2e2\u2033 benutzerdefinierter_Margin=\u201d41px||\u201d benutzerdefinierter_Margin_Tablett=\u201d0px||\u201d custom_margin_phone=\u201d\u201d custom_margin_last_edited=\u201dam|Telefon\u201d custom_padding=\u201d39.4375px|20px|35px|20px|false|true\u201d animation_style=\u201dFolie\u201d animation_direction=\u201doben\u201d animation_intensity_slide=\u201d25%\u201d box_shadow_style=\u201dpreset1\u2033 box_shadow_blur=\u201d38px\u201d box_shadow_spread=\u201d-12px\u201d global_colors_info=\u201d{}\u201d][et_pb_column_inner saved_specialty_column_type=\u201d3_4\u2033 _builder_version=\u201d4.16\u2033 custom_padding=\u201d|||\u201d global_colors_info=\u201d{}\u201d custom_padding__hover=\u201d|||\u201d][et_pb_text _builder_version=\u201d4.19.5\u2033 text_font=\u201d||||||||\u201d header_font=\u201d||||||||\u201d header_2_font=\u201d||||||||\u201d header_2_line_height=\u201d1.2em\u201d header_3_font=\u201d||||||||\u201d header_4_font=\u201d||||||||\u201d background_layout=\u201ddunkel\u201d custom_margin=\u201d||\u201d custom_padding=\u201d|35px||\u201d custom_padding_tablet=\u201d|50px||50px||true\u201d custom_padding_phone=\u201d\u201d custom_padding_last_edited=\u201dauf|Desktop\u201d header_font_size_tablet=\u201d\u201d header_font_size_phone=\u201d\u201d header_font_size_last_edited=\u201dauf|Desktop\u201d header_2_font_size_tablet=\u201d25px\u201d header_2_font_size_phone=\u201d25px\u201d header_2_font_size_last_edited=\u201dauf|Tablet\u201d header_4_font_size_tablet=\u201d\u201d header_4_font_size_phone=\u201d19px\u201d header_4_font_size_last_edited=\u201dauf|Telefon\u201d header_4_line_height_tablet=\u201d\u201d header_4_line_height_phone=\u201d1.2em\u201d header_4_line_height_last_edited=\u201dauf|Telefon\u201d z_index_tablet=\u201d500\u2033 global_colors_info=\u201d{}\u201d]<\/p>\n<h2 style=\"text-align: center;\">Die Arbeit der Progeria Research Foundation w\u00e4re ohne alle, die uns bei der Erf\u00fcllung unserer Mission unterst\u00fctzen, nicht m\u00f6glich.<\/h2>\n<p>[\/et_pb_text][\/et_pb_column_inner][\/et_pb_row_inner][et_pb_row_inner _builder_version=&#8221;4.16&#8243; custom_margin=&#8221;||-44px|||&#8221; custom_padding=&#8221;50px|35px|35px|35px|false|true&#8221; animation_style=&#8221;slide&#8221; animation_direction=&#8221;top&#8221; animation_intensity_slide=&#8221;25%&#8221; global_colors_info=&#8221;{}&#8221;][et_pb_column_inner saved_specialty_column_type=&#8221;3_4&#8243; _builder_version=&#8221;4.16&#8243; custom_padding=&#8221;|||&#8221; global_colors_info=&#8221;{}&#8221; custom_padding__hover=&#8221;|||&#8221;][et_pb_text admin_label=&#8221;Employment at PRF&#8221; _builder_version=&#8221;4.27.4&#8243; _module_preset=&#8221;default&#8221; global_colors_info=&#8221;{}&#8221;]<\/p>\n<h1><strong>Besch\u00e4ftigung bei PRF<\/strong><\/h1>\n<p><img loading=\"lazy\" decoding=\"async\" src=\"https:\/\/www.progeriaresearch.org\/wp-content\/uploads\/2025\/10\/emppagecollage-1024x819.jpg\" width=\"399\" height=\"319\" alt=\"\" class=\"wp-image-21172 alignright size-large\" \/><\/p>\n<p>Das PRF-Team besteht aus 14 engagierten, kooperativen und flei\u00dfigen Mitarbeitern, die mit ihren unterschiedlichen F\u00e4higkeiten und Hintergr\u00fcnden unsere Mission unterst\u00fctzen. Die Mitarbeiter arbeiten sowohl pers\u00f6nlich als auch virtuell zusammen, da wir unser Team aus Mitarbeitern im B\u00fcro, im Hybrid-Arbeitsraum und an entfernten Standorten erweitern.<\/p>\n<p>PRF-Mitarbeiter haben die M\u00f6glichkeit, mit unseren gro\u00dfz\u00fcgigen Spendern, den von uns betreuten Familien, Klinikern und\/oder f\u00fchrenden Forschern auf dem Gebiet der Progerie zu interagieren. Die Arbeit bei PRF ist schnelllebig und dynamisch. Da PRF weiter w\u00e4chst, suchen wir kreative, erfahrene und leidenschaftliche Kandidaten f\u00fcr unser Team.<\/p>\n<p>Helfen Sie uns dabei, <a href=\"https:\/\/www.progeriaresearch.org\/de\/about-us\/\">unsere Mission und beispielhafte PRF&#039;s <strong>Grundwerte<\/strong><\/a>, und verbessern Sie gleichzeitig das Leben von Kindern und jungen Erwachsenen auf der ganzen Welt, die mit Progerie leben!<\/p>\n<p><strong>Lernen Sie unsere aktuellen Mitarbeiter kennen <a href=\"https:\/\/www.progeriaresearch.org\/de\/leadership-and-staff\/\">Hier<\/a>.<\/strong><\/p>\n<p>[\/et_pb_text][et_pb_text disabled_on=&#8221;on|on|on&#8221; admin_label=&#8221;open positions&#8221; _builder_version=&#8221;4.19.5&#8243; _module_preset=&#8221;default&#8221; custom_margin=&#8221;||27px|||&#8221; disabled=&#8221;on&#8221; global_colors_info=&#8221;{}&#8221;]<\/p>\n<p>&nbsp;<\/p>\n<h3><strong>Offene Stellen<\/strong><\/h3>\n<p>[\/et_pb_text][et_pb_text admin_label=&#8221;open positions&#8221; _builder_version=&#8221;4.27.5&#8243; _module_preset=&#8221;default&#8221; custom_margin=&#8221;||27px|||&#8221; hover_enabled=&#8221;0&#8243; global_colors_info=&#8221;{}&#8221; sticky_enabled=&#8221;0&#8243;]<\/p>\n<h3><strong>No Current Openings<\/strong><\/h3>\n<p>Thank you for your interest in joining our team. While we don\u2019t have any open positions at this time, we truly appreciate your interest and encourage you to check back for future opportunities.<\/p>\n<p>[\/et_pb_text][et_pb_button button_url=&#8221;https:\/\/prf.bamboohr.com\/careers\/27&#8243; url_new_window=&#8221;on&#8221; button_text=&#8221;Office Manager \/ Administrative Assistant: Full-time, in-office position&#8221; disabled_on=&#8221;on|on|on&#8221; admin_label=&#8221;Office Manager \/ Executive Assistant &#8221; _builder_version=&#8221;4.27.5&#8243; _module_preset=&#8221;default&#8221; button_text_color=&#8221;#FFFFFF&#8221; background_layout=&#8221;dark&#8221; custom_margin=&#8221;25px||7px||false|false&#8221; custom_padding=&#8221;7px||7px||false|false&#8221; disabled=&#8221;on&#8221; global_colors_info=&#8221;{}&#8221;][\/et_pb_button][et_pb_button button_url=&#8221;https:\/\/prf.bamboohr.com\/careers\/29&#8243; url_new_window=&#8221;on&#8221; button_text=&#8221;Major Gift Officer: Full-time, Hybrid position&#8221; disabled_on=&#8221;on|on|on&#8221; admin_label=&#8221;Major Gift Officer: Hybrid position&#8221; _builder_version=&#8221;4.27.5&#8243; _module_preset=&#8221;default&#8221; button_text_color=&#8221;#FFFFFF&#8221; background_layout=&#8221;dark&#8221; custom_margin=&#8221;14px||7px||false|false&#8221; custom_padding=&#8221;7px||7px||false|false&#8221; disabled=&#8221;on&#8221; global_colors_info=&#8221;{}&#8221;][\/et_pb_button][et_pb_text admin_label=&#8221;Nondiscrimination Policy&#8221; _builder_version=&#8221;4.27.5&#8243; _module_preset=&#8221;default&#8221; custom_margin=&#8221;50px||||false|false&#8221; hover_enabled=&#8221;0&#8243; global_colors_info=&#8221;{}&#8221; sticky_enabled=&#8221;0&#8243;]<\/p>\n<h3><strong>Antidiskriminierungspolitik<\/strong><\/h3>\n<p>Die ehrenamtlichen Mitgliedschafts- und Personalstrukturen der PRF sowie alle Programme und Aktivit\u00e4ten der Progeria Research Foundation werden ohne R\u00fccksicht auf Rasse, Religion, nationale Herkunft, Geschlecht, Alter, Behinderung oder andere nicht auf Leistung beruhende Kriterien konzipiert und durchgef\u00fchrt.<\/p>\n<p>[\/et_pb_text][et_pb_text admin_label=\u201dTY\u201d _builder_version=\u201d4.24.0\u2033 text_font=\u201d||||||||\u201d header_font=\u201d||||||||\u201d header_4_font=\u201d||||||||\u201d header_4_line_height=\u201d1.2em\u201d header_4_font_size_tablet=\u201d\u201d header_4_font_size_phone=\u201d20px\u201d header_4_font_size_last_edited=\u201dam|Telefon\u201d global_colors_info=\u201d{}\u201d]<\/p>\n<h4 style=\"text-align: center;\"><strong><span style=\"color: #00b2e2;\"><\/span><\/strong><\/h4>\n<h4 style=\"text-align: center;\"><strong><span style=\"color: #00b2e2;\"><\/span><\/strong><\/h4>\n<h4 style=\"text-align: center;\"><strong><span style=\"color: #00b2e2;\"><\/span><\/strong><\/h4>\n<h4 style=\"text-align: center;\"><strong><span style=\"color: #00b2e2;\">DANKE<\/span>\u00a0<\/strong>um das Leben von Kindern und jungen Erwachsenen mit Progerie zu verbessern.<\/h4>\n<p>[\/et_pb_text][\/et_pb_column_inner][\/et_pb_row_inner][\/et_pb_column][\/et_pb_section][et_pb_section fb_built=\u201d1\u2033 module_class=\u201dfooter\u201d _builder_version=\u201d4.21.0\u2033 background_color=\u201d#29327a\u201d custom_margin=\u201d-2px|||||\u201d custom_padding=\u201d0|0px|0|0px|false|false\u201d z_index_tablet=\u201d500\u2033 border_width_top=\u201d12px\u201d border_color_top=\u201d#00b2e2\u2033 global_module=\u201d133\u2033 locked=\u201doff\u201d global_colors_info=\u201d{}\u201d][et_pb_row column_structure=\u201d1_4,1_4,1_2\u2033 make_equal=\u201don\u201d module_class=\u201d et_pb_row_fullwidth\u201d _builder_version=\u201d4.16\u2033 width=\u201d89%\u201d width_tablet=\u201d80%\u201d width_phone=\u201d\u201d width_last_edited=\u201don|desktop\u201d max_width=\u201d89%\u201d max_width_tablet=\u201d80%\u201d max_width_phone=\u201d\u201d max_width_last_edited=\u201dauf|Desktop\u201d z_index_tablet=\u201d500\u2033 make_fullwidth=\u201dan\u201d width_unit=\u201daus\u201d custom_width_percent=\u201d100%\u201d global_colors_info=\u201d{}\u201d][et_pb_column type=\u201d1_4\u2033 _builder_version=\u201d4.16\u2033 custom_padding=\u201d|||\u201d global_colors_info=\u201d{}\u201d custom_padding__hover=\u201d|||\u201d][et_pb_cta button_url=\u201dhttps:\/\/lp.constantcontactpages.com\/sl\/88gWWwz\u201d button_text=\u201dJetzt anmelden\u201d admin_label=\u201dF\u00fcr Updates anmelden\u201d module_class=\u201dsign-btn\u201d _builder_version=\u201d4.27.4\u2033 header_font_size=\u201d25px\u201d background_color=\u201d#29327a\u201d animation_style=\u201dslide\u201d animation_direction=\u201dleft\u201d animation_intensity_slide=\u201d25%\u201d link_option_url=\u201dhttps:\/\/lp.constantcontactpages.com\/sl\/88gWWwz\u201d header_font_size_tablet=\u201d\u201d header_font_size_phone=\u201d30px\u201d header_font_size_last_edited=\u201dan|desktop\u201d z_index_tablet=\u201d500\u2033 border_radii=\u201dan|25px|25px|25px|25px\u201d global_colors_info=\u201d{}\u201d button_bg_color__hover_enabled=\u201dan\u201d button_bg_color__hover=\u201d#8fd2ed\u201d button_border_color__hover_enabled=\u201dan\u201d]<\/p>\n<h2>Melden Sie sich an<\/h2>\n<h2>f\u00fcr unsere<\/h2>\n<h2>Neuigkeiten!<\/h2>\n<p>[\/et_pb_cta][\/et_pb_column][et_pb_column type=\u201d1_4\u2033 _builder_version=\u201d4.16\u2033 custom_padding=\u201d|||\u201d global_colors_info=\u201d{}\u201d custom_padding__hover=\u201d|||\u201d][et_pb_cta button_url=\u201dhttps:\/\/progeriaresearch.donorsupport.co\/-\/XZHJVWZR\u201d button_text=\u201dJetzt spenden\u201d admin_label=\u201dGemeinsam werden wir die Heilung finden!\u201d module_class=\u201dsign-btn\u201d _builder_version=\u201d4.16\u2033 header_font_size=\u201d25px\u201d background_color=\u201d#29327a\u201d animation_style=\u201dslide\u201d animation_direction=\u201dleft\u201d animation_intensity_slide=\u201d25%\u201d header_font_size_tablet=\u201d\u201d header_font_size_phone=\u201d30px\u201d header_font_size_last_edited=\u201don|desktop\u201d body_font_size_tablet=\u201d\u201d body_font_size_phone=\u201d\u201d body_font_size_last_edited=\u201don|desktop\u201d z_index_tablet=\u201d500\u2033 border_radii=\u201don|25px|25px|25px|25px\u201d global_colors_info=\u201d{}\u201d button_bg_color__hover_enabled=\u201don\u201d button_bg_color__hover=\u201d#8fd2ed\u201d button_border_color__hover_enabled=\u201dein\u201d]<\/p>\n<h2>Gemeinsam<\/h2>\n<h2><em>WILLE<\/em><\/h2>\n<h2>Finde die Heilung!<\/h2>\n<p>[\/et_pb_cta][\/et_pb_column][et_pb_column type=&#8221;1_2&#8243; _builder_version=&#8221;4.16&#8243; custom_padding=&#8221;|||&#8221; global_colors_info=&#8221;{}&#8221; custom_padding__hover=&#8221;|||&#8221;][et_pb_image src=&#8221;https:\/\/www.progeriaresearch.org\/wp-content\/uploads\/2026\/03\/2026-footer-image-copy.png&#8221; title_text=&#8221;2026 footer image copy&#8221; _builder_version=&#8221;4.27.5&#8243; _module_preset=&#8221;default&#8221; custom_margin=&#8221;35px||||false|false&#8221; global_colors_info=&#8221;{}&#8221;][\/et_pb_image][\/et_pb_column][\/et_pb_row][\/et_pb_section]<\/p>","protected":false},"excerpt":{"rendered":"<p>&nbsp; Die Arbeit der Progeria Research Foundation w\u00e4re ohne jeden, der uns hilft, unsere Mission zu erf\u00fcllen, nicht m\u00f6glich. Besch\u00e4ftigung bei PRF Das PRF-Team besteht aus 14 engagierten, kooperativen und flei\u00dfigen Mitarbeitern, die mit ihren unterschiedlichen F\u00e4higkeiten und Hintergr\u00fcnden unsere Mission unterst\u00fctzen. Die Mitarbeiter arbeiten sowohl pers\u00f6nlich als auch virtuell zusammen, da wir [\u2026]<\/p>","protected":false},"author":2,"featured_media":15942,"parent":0,"menu_order":0,"comment_status":"closed","ping_status":"closed","template":"","meta":{"_et_pb_use_builder":"on","_et_pb_old_content":"","_et_gb_content_width":"","footnotes":"","_links_to":"","_links_to_target":""},"class_list":["post-15937","page","type-page","status-publish","has-post-thumbnail","hentry"],"yoast_head":"<!-- This site is optimized with the Yoast SEO plugin v26.8 - https:\/\/yoast.com\/product\/yoast-seo-wordpress\/ -->\n<title>Employment | The Progeria Research Foundation<\/title>\n<meta name=\"robots\" content=\"index, follow, max-snippet:-1, max-image-preview:large, max-video-preview:-1\" \/>\n<link rel=\"canonical\" href=\"https:\/\/www.progeriaresearch.org\/de\/employment\/\" \/>\n<meta property=\"og:locale\" content=\"de_DE\" \/>\n<meta property=\"og:type\" content=\"article\" \/>\n<meta property=\"og:title\" content=\"Employment | The Progeria Research Foundation\" \/>\n<meta property=\"og:description\" content=\"&nbsp; The Progeria Research Foundation\u2019s work would not be possible without everyone who participates in helping us achieve our mission.Employment at PRF The PRF team is comprised of 14 dedicated, collaborative, and industrious employees who contribute diverse skillsets and backgrounds in support of our mission. Staff members collaborate both in person and virtually, as we [&hellip;]\" \/>\n<meta property=\"og:url\" content=\"https:\/\/www.progeriaresearch.org\/de\/employment\/\" \/>\n<meta property=\"og:site_name\" content=\"The Progeria Research Foundation\" \/>\n<meta property=\"article:publisher\" content=\"https:\/\/www.facebook.com\/ProgeriaResearch\/\" \/>\n<meta property=\"article:modified_time\" content=\"2026-03-19T15:25:09+00:00\" \/>\n<meta property=\"og:image\" content=\"https:\/\/www.progeriaresearch.org\/wp-content\/uploads\/2022\/11\/kidswithAudrey.2-scaled.jpg\" \/>\n\t<meta property=\"og:image:width\" content=\"2560\" \/>\n\t<meta property=\"og:image:height\" content=\"2065\" \/>\n\t<meta property=\"og:image:type\" content=\"image\/jpeg\" \/>\n<meta name=\"twitter:card\" content=\"summary_large_image\" \/>\n<meta name=\"twitter:site\" content=\"@Progeria\" \/>\n<meta name=\"twitter:label1\" content=\"Est. reading time\" \/>\n\t<meta name=\"twitter:data1\" content=\"2 Minuten\" \/>\n<script type=\"application\/ld+json\" class=\"yoast-schema-graph\">{\"@context\":\"https:\/\/schema.org\",\"@graph\":[{\"@type\":\"WebPage\",\"@id\":\"https:\/\/www.progeriaresearch.org\/employment\/\",\"url\":\"https:\/\/www.progeriaresearch.org\/employment\/\",\"name\":\"Employment | The Progeria Research Foundation\",\"isPartOf\":{\"@id\":\"https:\/\/www.progeriaresearch.org\/ta\/#website\"},\"primaryImageOfPage\":{\"@id\":\"https:\/\/www.progeriaresearch.org\/employment\/#primaryimage\"},\"image\":{\"@id\":\"https:\/\/www.progeriaresearch.org\/employment\/#primaryimage\"},\"thumbnailUrl\":\"https:\/\/www.progeriaresearch.org\/wp-content\/uploads\/2022\/11\/kidswithAudrey.2-scaled.jpg\",\"datePublished\":\"2022-11-10T15:36:21+00:00\",\"dateModified\":\"2026-03-19T15:25:09+00:00\",\"breadcrumb\":{\"@id\":\"https:\/\/www.progeriaresearch.org\/employment\/#breadcrumb\"},\"inLanguage\":\"de\",\"potentialAction\":[{\"@type\":\"ReadAction\",\"target\":[\"https:\/\/www.progeriaresearch.org\/employment\/\"]}]},{\"@type\":\"ImageObject\",\"inLanguage\":\"de\",\"@id\":\"https:\/\/www.progeriaresearch.org\/employment\/#primaryimage\",\"url\":\"https:\/\/www.progeriaresearch.org\/wp-content\/uploads\/2022\/11\/kidswithAudrey.2-scaled.jpg\",\"contentUrl\":\"https:\/\/www.progeriaresearch.org\/wp-content\/uploads\/2022\/11\/kidswithAudrey.2-scaled.jpg\",\"width\":2560,\"height\":2065},{\"@type\":\"BreadcrumbList\",\"@id\":\"https:\/\/www.progeriaresearch.org\/employment\/#breadcrumb\",\"itemListElement\":[{\"@type\":\"ListItem\",\"position\":1,\"name\":\"Home\",\"item\":\"https:\/\/www.progeriaresearch.org\/\"},{\"@type\":\"ListItem\",\"position\":2,\"name\":\"Employment at PRF\"}]},{\"@type\":\"WebSite\",\"@id\":\"https:\/\/www.progeriaresearch.org\/ta\/#website\",\"url\":\"https:\/\/www.progeriaresearch.org\/ta\/\",\"name\":\"The Progeria Research Foundation\",\"description\":\"For the Children \u2665 For the Cure\",\"publisher\":{\"@id\":\"https:\/\/www.progeriaresearch.org\/ta\/#organization\"},\"potentialAction\":[{\"@type\":\"SearchAction\",\"target\":{\"@type\":\"EntryPoint\",\"urlTemplate\":\"https:\/\/www.progeriaresearch.org\/ta\/?s={search_term_string}\"},\"query-input\":{\"@type\":\"PropertyValueSpecification\",\"valueRequired\":true,\"valueName\":\"search_term_string\"}}],\"inLanguage\":\"de\"},{\"@type\":\"Organization\",\"@id\":\"https:\/\/www.progeriaresearch.org\/ta\/#organization\",\"name\":\"The Progeria Research Foundation\",\"url\":\"https:\/\/www.progeriaresearch.org\/ta\/\",\"logo\":{\"@type\":\"ImageObject\",\"inLanguage\":\"de\",\"@id\":\"https:\/\/www.progeriaresearch.org\/ta\/#\/schema\/logo\/image\/\",\"url\":\"https:\/\/www.progeriaresearch.org\/wp-content\/uploads\/2019\/05\/PRF_Logo_2019_optimized.png\",\"contentUrl\":\"https:\/\/www.progeriaresearch.org\/wp-content\/uploads\/2019\/05\/PRF_Logo_2019_optimized.png\",\"width\":300,\"height\":86,\"caption\":\"The Progeria Research Foundation\"},\"image\":{\"@id\":\"https:\/\/www.progeriaresearch.org\/ta\/#\/schema\/logo\/image\/\"},\"sameAs\":[\"https:\/\/www.facebook.com\/ProgeriaResearch\/\",\"https:\/\/x.com\/Progeria\",\"https:\/\/www.instagram.com\/progeriaresearch\/\"]}]}<\/script>\n<!-- \/ Yoast SEO plugin. -->","yoast_head_json":{"title":"Besch\u00e4ftigung | Die Progerie-Forschungsstiftung","robots":{"index":"index","follow":"follow","max-snippet":"max-snippet:-1","max-image-preview":"max-image-preview:large","max-video-preview":"max-video-preview:-1"},"canonical":"https:\/\/www.progeriaresearch.org\/de\/employment\/","og_locale":"de_DE","og_type":"article","og_title":"Employment | The Progeria Research Foundation","og_description":"&nbsp; The Progeria Research Foundation\u2019s work would not be possible without everyone who participates in helping us achieve our mission.Employment at PRF The PRF team is comprised of 14 dedicated, collaborative, and industrious employees who contribute diverse skillsets and backgrounds in support of our mission. Staff members collaborate both in person and virtually, as we [&hellip;]","og_url":"https:\/\/www.progeriaresearch.org\/de\/employment\/","og_site_name":"The Progeria Research Foundation","article_publisher":"https:\/\/www.facebook.com\/ProgeriaResearch\/","article_modified_time":"2026-03-19T15:25:09+00:00","og_image":[{"width":2560,"height":2065,"url":"https:\/\/www.progeriaresearch.org\/wp-content\/uploads\/2022\/11\/kidswithAudrey.2-scaled.jpg","type":"image\/jpeg"}],"twitter_card":"summary_large_image","twitter_site":"@Progeria","twitter_misc":{"Est. reading time":"2 Minuten"},"schema":{"@context":"https:\/\/schema.org","@graph":[{"@type":"WebPage","@id":"https:\/\/www.progeriaresearch.org\/employment\/","url":"https:\/\/www.progeriaresearch.org\/employment\/","name":"Besch\u00e4ftigung | Die Progerie-Forschungsstiftung","isPartOf":{"@id":"https:\/\/www.progeriaresearch.org\/ta\/#website"},"primaryImageOfPage":{"@id":"https:\/\/www.progeriaresearch.org\/employment\/#primaryimage"},"image":{"@id":"https:\/\/www.progeriaresearch.org\/employment\/#primaryimage"},"thumbnailUrl":"https:\/\/www.progeriaresearch.org\/wp-content\/uploads\/2022\/11\/kidswithAudrey.2-scaled.jpg","datePublished":"2022-11-10T15:36:21+00:00","dateModified":"2026-03-19T15:25:09+00:00","breadcrumb":{"@id":"https:\/\/www.progeriaresearch.org\/employment\/#breadcrumb"},"inLanguage":"de","potentialAction":[{"@type":"ReadAction","target":["https:\/\/www.progeriaresearch.org\/employment\/"]}]},{"@type":"ImageObject","inLanguage":"de","@id":"https:\/\/www.progeriaresearch.org\/employment\/#primaryimage","url":"https:\/\/www.progeriaresearch.org\/wp-content\/uploads\/2022\/11\/kidswithAudrey.2-scaled.jpg","contentUrl":"https:\/\/www.progeriaresearch.org\/wp-content\/uploads\/2022\/11\/kidswithAudrey.2-scaled.jpg","width":2560,"height":2065},{"@type":"BreadcrumbList","@id":"https:\/\/www.progeriaresearch.org\/employment\/#breadcrumb","itemListElement":[{"@type":"ListItem","position":1,"name":"Home","item":"https:\/\/www.progeriaresearch.org\/"},{"@type":"ListItem","position":2,"name":"Employment at PRF"}]},{"@type":"WebSite","@id":"https:\/\/www.progeriaresearch.org\/ta\/#website","url":"https:\/\/www.progeriaresearch.org\/ta\/","name":"Die Progeria Research Foundation","description":"F\u00fcr die Kinder \u2665 F\u00fcr die Heilung","publisher":{"@id":"https:\/\/www.progeriaresearch.org\/ta\/#organization"},"potentialAction":[{"@type":"SearchAction","target":{"@type":"EntryPoint","urlTemplate":"https:\/\/www.progeriaresearch.org\/ta\/?s={search_term_string}"},"query-input":{"@type":"PropertyValueSpecification","valueRequired":true,"valueName":"search_term_string"}}],"inLanguage":"de"},{"@type":"Organization","@id":"https:\/\/www.progeriaresearch.org\/ta\/#organization","name":"Die Progeria Research Foundation","url":"https:\/\/www.progeriaresearch.org\/ta\/","logo":{"@type":"ImageObject","inLanguage":"de","@id":"https:\/\/www.progeriaresearch.org\/ta\/#\/schema\/logo\/image\/","url":"https:\/\/www.progeriaresearch.org\/wp-content\/uploads\/2019\/05\/PRF_Logo_2019_optimized.png","contentUrl":"https:\/\/www.progeriaresearch.org\/wp-content\/uploads\/2019\/05\/PRF_Logo_2019_optimized.png","width":300,"height":86,"caption":"The Progeria Research Foundation"},"image":{"@id":"https:\/\/www.progeriaresearch.org\/ta\/#\/schema\/logo\/image\/"},"sameAs":["https:\/\/www.facebook.com\/ProgeriaResearch\/","https:\/\/x.com\/Progeria","https:\/\/www.instagram.com\/progeriaresearch\/"]}]}},"_links":{"self":[{"href":"https:\/\/www.progeriaresearch.org\/de\/wp-json\/wp\/v2\/pages\/15937","targetHints":{"allow":["GET"]}}],"collection":[{"href":"https:\/\/www.progeriaresearch.org\/de\/wp-json\/wp\/v2\/pages"}],"about":[{"href":"https:\/\/www.progeriaresearch.org\/de\/wp-json\/wp\/v2\/types\/page"}],"author":[{"embeddable":true,"href":"https:\/\/www.progeriaresearch.org\/de\/wp-json\/wp\/v2\/users\/2"}],"replies":[{"embeddable":true,"href":"https:\/\/www.progeriaresearch.org\/de\/wp-json\/wp\/v2\/comments?post=15937"}],"version-history":[{"count":4,"href":"https:\/\/www.progeriaresearch.org\/de\/wp-json\/wp\/v2\/pages\/15937\/revisions"}],"predecessor-version":[{"id":21470,"href":"https:\/\/www.progeriaresearch.org\/de\/wp-json\/wp\/v2\/pages\/15937\/revisions\/21470"}],"wp:featuredmedia":[{"embeddable":true,"href":"https:\/\/www.progeriaresearch.org\/de\/wp-json\/wp\/v2\/media\/15942"}],"wp:attachment":[{"href":"https:\/\/www.progeriaresearch.org\/de\/wp-json\/wp\/v2\/media?parent=15937"}],"curies":[{"name":"wp","href":"https:\/\/api.w.org\/{rel}","templated":true}]}}