{"id":1888,"date":"2017-05-09T20:02:54","date_gmt":"2017-05-09T20:02:54","guid":{"rendered":"https:\/\/www.progeriaresearch.org\/?page_id=1888"},"modified":"2023-09-22T10:30:36","modified_gmt":"2023-09-22T14:30:36","slug":"workshop-2007","status":"publish","type":"page","link":"https:\/\/www.progeriaresearch.org\/de\/workshop-2007\/","title":{"rendered":"Werkstatt 2007"},"content":{"rendered":"<h1>Die Progeria Research Foundation 2007<\/h1>\n<h1>Workshop zum Thema Progerie<\/h1>\n<div><\/div>\n<div>\n<table border=\"0\" width=\"163\" cellspacing=\"3\" cellpadding=\"3\" align=\"left\">\n<tbody>\n<tr>\n<td>\n<p align=\"center\"><img loading=\"lazy\" decoding=\"async\" src=\"https:\/\/www.progeriaresearch.org\/assets\/images\/events_images\/Rothman-flip2.jpg\" alt=\"\" width=\"125\" height=\"211\" \/><br \/>\nFrank Rothman, Mitorganisator des Workshops und Mitglied des medizinischen Forschungsausschusses der PRF, leitet eine Sitzung.<\/p>\n<\/td>\n<\/tr>\n<\/tbody>\n<\/table>\n<p><strong>Termine und Uhrzeiten der Besprechungen:<\/strong><\/p>\n<\/div>\n<div>\n<table border=\"0\" width=\"173\" cellspacing=\"1\" cellpadding=\"1\" align=\"right\">\n<tbody>\n<tr>\n<td>\n<p align=\"center\"><img loading=\"lazy\" decoding=\"async\" src=\"https:\/\/www.progeriaresearch.org\/assets\/images\/events_images\/Nabel.jpg\" alt=\"\" width=\"125\" height=\"204\" \/><br \/>\n<strong>Dr. Elizabeth Nabel, Direktorin des National Heart, Lung and Blood Institute, h\u00e4lt einen Vortrag beim Progeria Workshop 2007<\/strong><\/p>\n<\/td>\n<\/tr>\n<\/tbody>\n<\/table>\n<\/div>\n<div>\n<p><strong>Montagabend, 12. November bis Mittwochnachmittag, 14. November 2007.<\/strong><\/p>\n<p><strong>Ort: Colonnade Hotel, Boston, MA<\/strong><\/p>\n<\/div>\n<div>\n<div>\n<p>Mit fast 100 Teilnehmern und 30 Postern war der Workshop ein weiteres erfolgreiches Treffen von Wissenschaftlern und Klinikern, deren Arbeit dieses schnell wachsende Forschungsgebiet weiterhin ma\u00dfgeblich beeinflusst und die B\u00fchne f\u00fcr die n\u00e4chste Runde des Fortschritts bei der Behandlung und Heilung von Progerie bereitet.<\/p>\n<p>Zu den Rednern z\u00e4hlten f\u00fchrende Wissenschaftler auf den Gebieten Herzkrankheiten, Altern, Genetik und Laminopathien.<\/p>\n<p>Jeder der <a href=\"https:\/\/www.progeriaresearch.org\/de\/scientific_meetings\/\" target=\"_blank\" rel=\"noopener noreferrer\">vier vorherige Progeria-Workshops<\/a> hat die Entwicklung der Progerieforschung tiefgreifend beeinflusst und dazu beigetragen, die Progerieforschung von einer Position geringer wissenschaftlicher Anerkennung zu einem dynamischen Forschungsfeld zu machen, das neue Wege zur Erforschung der Mechanismen des Alterns und von Herz-Kreislauf-Erkrankungen bietet. Fr\u00fchere Workshops boten eine kollegiale Atmosph\u00e4re und f\u00f6rderten den Austausch von Ideen w\u00e4hrend der offenen Diskussionsrunden, was zu zahlreichen Kooperationen f\u00fchrte. Diese Atmosph\u00e4re wurde auch im Workshop 2007 weiter gepflegt. Es gab auch die M\u00f6glichkeit, von Familien zu h\u00f6ren, die mit Progerie leben, und sie kennenzulernen.<\/p>\n<\/div>\n<div>\n<div style=\"width: 135px\" class=\"wp-caption alignnone\"><img loading=\"lazy\" decoding=\"async\" src=\"https:\/\/www.progeriaresearch.org\/assets\/images\/events_images\/Collins.jpg\" alt=\"\" width=\"125\" height=\"203\" align=\"middle\" \/><p class=\"wp-caption-text\">\u201eDie Tiefe und Breite der Daten, die heute generiert und besprochen werden, ist wirklich atemberaubend.\u201c Francis Collins, MD, PhD, Direktor des National Human Genome Research Institute, das das menschliche Genom kartierte, Workshop-Sprecher und Mitentdecker des Progerie-Gens.<\/p><\/div>\n<\/div>\n<div><\/div>\n<\/div>\n<div><strong>B<\/strong><strong>Werkstatt <\/strong><strong>Koordinatoren<\/strong><strong>: Dr. Leslie Gordon, Dr. Christine Harling-Berg und Dr. Frank Rothman<\/strong><\/div>\n<div><strong>Workshop-Beratungsgremium<\/strong><strong>: Dr. Robert Goldman, Dr. George Martin, Dr. Susan Michaelis, Dr. Tom Misteli und Dr. Huber Warner<\/strong>.<\/div>\n<div>\n<div style=\"width: 410px\" class=\"wp-caption alignnone\"><img loading=\"lazy\" decoding=\"async\" src=\"https:\/\/www.progeriaresearch.org\/assets\/images\/events_images\/Research-Grantees.jpg\" alt=\"\" width=\"400\" height=\"132\" \/><p class=\"wp-caption-text\">Fast alle fr\u00fcheren und aktuellen PRF-Forschungsstipendiaten nahmen an der diesj\u00e4hrigen Tagung teil.<\/p><\/div>\n<\/div>\n<div><\/div>\n<div><strong>Haupt-S<\/strong><strong>Sitzung T<\/strong><strong>Themen:<\/strong><\/div>\n<ol>\n<li><strong>Herz-Kreislauf-Erkrankungen:<\/strong> Die Vortr\u00e4ge von Dr. Marie Gerhard-Herman (Harvard, Boston), Elizabeth Nabel und Francis Collins (NIH, Bethesda) konzentrierten sich auf die Charakterisierung von Herzerkrankungen bei Kindern mit Progerie und in Mausmodellen von Progerie. In den Pr\u00e4sentationen wurde Progerie mit Herz-Kreislauf-Erkrankungen in der alternden Bev\u00f6lkerung verglichen. Dr. Nabel pr\u00e4sentierte Daten aus der laufenden Analyse der NIH-Naturgeschichtestudie, Dr. Collins zeigte spannende neue Daten \u00fcber die Auswirkungen der FTI-Medikamentenbehandlung bei Progerie-M\u00e4usen.<\/li>\n<li>\n<div><strong>Altern:<\/strong> Dr. Karima Djabali (Columbia U., New York) untersuchte Beweise daf\u00fcr, dass das Progeria-Protein \u201eProgerin\u201c nicht nur bei Kindern mit Progeria vorkommt, sondern auch in menschlichen Zellen und Geweben der alternden Bev\u00f6lkerung ohne Progeria. Dr. Yue Zou, E. Tennessee State U., konzentrierte sich auf den Vergleich zwischen Zellsignalisierung und Zellzyklus bei alternden und Progeria-Zellen. Beide Pr\u00e4sentationen unterstreichen, dass wir die Zellalterung besser verstehen k\u00f6nnen, indem wir Progeria studieren.<\/div>\n<\/li>\n<li>\n<div><strong>Laminopathien<\/strong>: Das f\u00fcr Progerie verantwortliche Gen hei\u00dft \u201eLamin\u201c, und Krankheiten, die auf diesem Gen beruhen, hei\u00dfen Laminopathien. Dr. Joanna Bridger (Brunel U., England) und Dr. Jan Lammerding (Harvard, Boston) haben gezeigt, wie die Untersuchung jeder Laminopathie wertvolle Informationen \u00fcber all diese Krankheiten liefert, indem sie Studien \u00fcber Progerie- und Laminopathie-Zellanomalien mit normalen Zelleigenschaften verglichen.<\/div>\n<\/li>\n<li>\n<div><strong>Laminbiologie und Kernmembranproteine:<\/strong> Pr\u00e4sentationen von Dr. Robert Goldman (Northwestern U., Chicago), Dr. Lucio Comai (U. Southern Cal., LA), Dr. Michael Sinensky (East Tennessee State U.) und Dr. Bryce Paschal (U. Virginia Med. School) konzentrierten sich auf verschiedene Aspekte der Biochemie der normalen und abnormalen Proteinverarbeitung in nicht erkrankten Zust\u00e4nden und bei Progerie. Studien zeigen, dass es mehrere Punkte entlang der Verarbeitungswege gibt, die uns zu Behandlungen oder einer Heilung f\u00fcr Progerie f\u00fchren k\u00f6nnen. Das Studium sowohl normaler als auch abnormaler Wege ist f\u00fcr diese Ziele von wesentlicher Bedeutung.<\/div>\n<\/li>\n<li>\n<div><strong>Knochen-, endokrine, extrazellul\u00e4re Matrix- und dermatologische Studien zu Progerie:<\/strong>\u00a0\u00a0Dr. Catherine Gordon (Kinderkrankenhaus, Boston) Der nat\u00fcrliche Verlauf von Progerie wurde mit Krankheiten wie Osteoporose, Insulinresistenz und Sklerodermie verglichen. Die Daten wurden aus Basisergebnissen von Studien abgeleitet, die am Boston Children&#039;s Hospital durchgef\u00fchrt wurden, sowie aus klinischen Diagrammanalysen aus der Medical &amp; Research Database des PRF. und Dr. Stephen Young (UCLA, Los Angeles) pr\u00e4sentierten Studien zum Fettabbau bei Progerie.<\/div>\n<\/li>\n<li>\n<div>\n<p><strong>Behandlungsstrategien:<\/strong><br \/>\n<strong>A)<\/strong>\u00a0\u00a0Eine Pr\u00e4sentation des Designs und der Begr\u00fcndung der laufenden klinischen Studie unter Verwendung eines <strong>Farnesyltransferase-Hemmer<\/strong> von seinem PI, Dr. Mark Kieran, und die Ergebnisse der Behandlung mit FTI bei anderen Krankheitsprozessen wurden diskutiert. Folgestudien zur Verbesserung der Krankheit nach der FTI-Behandlung von Progeria-Mausmodellen wurden ebenfalls von Dr. Francis Collins vorgestellt.<\/p>\n<div>\n<p><strong>b) Auswirkungen des Stammzellenersatzes:<\/strong> Mehrere neuere Studien haben vorgeschlagen, dass das Versagen bei der Aufrechterhaltung der Gewebehom\u00f6ostase im Zuge der erh\u00f6hten Zelltodrate bei Progerie ein wichtiger Faktor f\u00fcr das Fortschreiten der Krankheit sein k\u00f6nnte und dass die Wiederauff\u00fcllung mesenchymaler Stammzellen diese Defekte \u00fcberwinden k\u00f6nnte. Dr. Irina Conboy (U. California, Berkeley) pr\u00e4sentierte Ergebnisse aus Progerie-spezifischen Studien und die Auswirkungen des Stammzellersatzes<\/p>\n<p><strong>C)<\/strong>\u00a0 <strong>Andere m\u00f6gliche Strategien <\/strong>zur zuk\u00fcnftigen Behandlung von Progerie wurden von Dr. Carlos Lopez Otin (Universit\u00e4t Oviedo, Spanien) vorgestellt, der neue Arzneimittelbehandlungen an einem Mausmodell von Progerie durchgef\u00fchrt hat, und von Dr. Tom Misteli (NIH), der mithilfe eines neu entwickelten Wirkstoff-Screenings auf Basis kleiner Molek\u00fcle nach neuen Arzneimittelbehandlungen f\u00fcr Progerie sucht.<\/p>\n<p><img loading=\"lazy\" decoding=\"async\" src=\"https:\/\/www.progeriaresearch.org\/assets\/images\/iconPDF.gif\" alt=\"\" width=\"34\" height=\"20\" align=\"absMiddle\" border=\"0\" hspace=\"3\" vspace=\"3\" \/><a href=\"https:\/\/www.progeriaresearch.org\/wp-content\/uploads\/2017\/05\/WORKSHOP-AGENDA-11-1-07.pdf\" target=\"_blank\" rel=\"noopener noreferrer\">klicken Sie hier<\/a> f\u00fcr ein PDF der <strong>Agenda<\/strong><\/p>\n<\/div>\n<\/div>\n<\/li>\n<\/ol>\n<ul>\n<li><a href=\"https:\/\/www.progeriaresearch.org\/de\/scientific-meetings\/\">Vergangene Treffen<\/a><\/li>\n<\/ul>","protected":false},"excerpt":{"rendered":"<p>The 2007 Progeria Research Foundation Workshop on Progeria Frank Rothman, Workshop co-organizer and member of PRF\u2019s Medical Research Committee, chairs a session. Meeting Dates and Times: Dr. Elizabeth Nabel, Director of the National Heart, Lung and Blood Institute, presenting at the 2007 Progeria Workshop Monday evening, November 12 through Wednesday afternoon, November 14, 2007. Location: [&hellip;]<\/p>","protected":false},"author":1,"featured_media":0,"parent":0,"menu_order":0,"comment_status":"closed","ping_status":"closed","template":"","meta":{"_et_pb_use_builder":"","_et_pb_old_content":"","_et_gb_content_width":"","footnotes":"","_links_to":"","_links_to_target":""},"class_list":["post-1888","page","type-page","status-publish","hentry"],"yoast_head":"<!-- This site is optimized with the Yoast SEO plugin v26.8 - https:\/\/yoast.com\/product\/yoast-seo-wordpress\/ -->\n<title>workshop 2007 | The Progeria Research Foundation<\/title>\n<meta name=\"robots\" content=\"index, follow, max-snippet:-1, max-image-preview:large, max-video-preview:-1\" \/>\n<link rel=\"canonical\" href=\"https:\/\/www.progeriaresearch.org\/de\/workshop-2007\/\" \/>\n<meta property=\"og:locale\" content=\"de_DE\" \/>\n<meta property=\"og:type\" content=\"article\" \/>\n<meta property=\"og:title\" content=\"workshop 2007 | The Progeria Research Foundation\" \/>\n<meta property=\"og:description\" content=\"The 2007 Progeria Research Foundation Workshop on Progeria Frank Rothman, Workshop co-organizer and member of PRF\u2019s Medical Research Committee, chairs a session. Meeting Dates and Times: Dr. Elizabeth Nabel, Director of the National Heart, Lung and Blood Institute, presenting at the 2007 Progeria Workshop Monday evening, November 12 through Wednesday afternoon, November 14, 2007. Location: [&hellip;]\" \/>\n<meta property=\"og:url\" content=\"https:\/\/www.progeriaresearch.org\/de\/workshop-2007\/\" \/>\n<meta property=\"og:site_name\" content=\"The Progeria Research Foundation\" \/>\n<meta property=\"article:publisher\" content=\"https:\/\/www.facebook.com\/ProgeriaResearch\/\" \/>\n<meta property=\"article:modified_time\" content=\"2023-09-22T14:30:36+00:00\" \/>\n<meta property=\"og:image\" content=\"https:\/\/www.progeriaresearch.org\/assets\/images\/events_images\/Rothman-flip2.jpg\" \/>\n<meta name=\"twitter:card\" content=\"summary_large_image\" \/>\n<meta name=\"twitter:site\" content=\"@Progeria\" \/>\n<meta name=\"twitter:label1\" content=\"Est. reading time\" \/>\n\t<meta name=\"twitter:data1\" content=\"5 Minuten\" \/>\n<script type=\"application\/ld+json\" class=\"yoast-schema-graph\">{\"@context\":\"https:\/\/schema.org\",\"@graph\":[{\"@type\":\"WebPage\",\"@id\":\"https:\/\/www.progeriaresearch.org\/de\/workshop-2007\/\",\"url\":\"https:\/\/www.progeriaresearch.org\/de\/workshop-2007\/\",\"name\":\"workshop 2007 | The Progeria Research Foundation\",\"isPartOf\":{\"@id\":\"https:\/\/www.progeriaresearch.org\/ta\/#website\"},\"primaryImageOfPage\":{\"@id\":\"https:\/\/www.progeriaresearch.org\/de\/workshop-2007\/#primaryimage\"},\"image\":{\"@id\":\"https:\/\/www.progeriaresearch.org\/de\/workshop-2007\/#primaryimage\"},\"thumbnailUrl\":\"https:\/\/www.progeriaresearch.org\/assets\/images\/events_images\/Rothman-flip2.jpg\",\"datePublished\":\"2017-05-09T20:02:54+00:00\",\"dateModified\":\"2023-09-22T14:30:36+00:00\",\"breadcrumb\":{\"@id\":\"https:\/\/www.progeriaresearch.org\/de\/workshop-2007\/#breadcrumb\"},\"inLanguage\":\"de\",\"potentialAction\":[{\"@type\":\"ReadAction\",\"target\":[\"https:\/\/www.progeriaresearch.org\/de\/workshop-2007\/\"]}]},{\"@type\":\"ImageObject\",\"inLanguage\":\"de\",\"@id\":\"https:\/\/www.progeriaresearch.org\/de\/workshop-2007\/#primaryimage\",\"url\":\"https:\/\/www.progeriaresearch.org\/assets\/images\/events_images\/Rothman-flip2.jpg\",\"contentUrl\":\"https:\/\/www.progeriaresearch.org\/assets\/images\/events_images\/Rothman-flip2.jpg\"},{\"@type\":\"BreadcrumbList\",\"@id\":\"https:\/\/www.progeriaresearch.org\/de\/workshop-2007\/#breadcrumb\",\"itemListElement\":[{\"@type\":\"ListItem\",\"position\":1,\"name\":\"Home\",\"item\":\"https:\/\/www.progeriaresearch.org\/\"},{\"@type\":\"ListItem\",\"position\":2,\"name\":\"Workshop 2007\"}]},{\"@type\":\"WebSite\",\"@id\":\"https:\/\/www.progeriaresearch.org\/ta\/#website\",\"url\":\"https:\/\/www.progeriaresearch.org\/ta\/\",\"name\":\"The Progeria Research Foundation\",\"description\":\"For the Children \u2665 For the Cure\",\"publisher\":{\"@id\":\"https:\/\/www.progeriaresearch.org\/ta\/#organization\"},\"potentialAction\":[{\"@type\":\"SearchAction\",\"target\":{\"@type\":\"EntryPoint\",\"urlTemplate\":\"https:\/\/www.progeriaresearch.org\/ta\/?s={search_term_string}\"},\"query-input\":{\"@type\":\"PropertyValueSpecification\",\"valueRequired\":true,\"valueName\":\"search_term_string\"}}],\"inLanguage\":\"de\"},{\"@type\":\"Organization\",\"@id\":\"https:\/\/www.progeriaresearch.org\/ta\/#organization\",\"name\":\"The Progeria Research Foundation\",\"url\":\"https:\/\/www.progeriaresearch.org\/ta\/\",\"logo\":{\"@type\":\"ImageObject\",\"inLanguage\":\"de\",\"@id\":\"https:\/\/www.progeriaresearch.org\/ta\/#\/schema\/logo\/image\/\",\"url\":\"https:\/\/www.progeriaresearch.org\/wp-content\/uploads\/2019\/05\/PRF_Logo_2019_optimized.png\",\"contentUrl\":\"https:\/\/www.progeriaresearch.org\/wp-content\/uploads\/2019\/05\/PRF_Logo_2019_optimized.png\",\"width\":300,\"height\":86,\"caption\":\"The Progeria Research Foundation\"},\"image\":{\"@id\":\"https:\/\/www.progeriaresearch.org\/ta\/#\/schema\/logo\/image\/\"},\"sameAs\":[\"https:\/\/www.facebook.com\/ProgeriaResearch\/\",\"https:\/\/x.com\/Progeria\",\"https:\/\/www.instagram.com\/progeriaresearch\/\"]}]}<\/script>\n<!-- \/ Yoast SEO plugin. -->","yoast_head_json":{"title":"workshop 2007 | The Progeria Research Foundation","robots":{"index":"index","follow":"follow","max-snippet":"max-snippet:-1","max-image-preview":"max-image-preview:large","max-video-preview":"max-video-preview:-1"},"canonical":"https:\/\/www.progeriaresearch.org\/de\/workshop-2007\/","og_locale":"de_DE","og_type":"article","og_title":"workshop 2007 | The Progeria Research Foundation","og_description":"The 2007 Progeria Research Foundation Workshop on Progeria Frank Rothman, Workshop co-organizer and member of PRF\u2019s Medical Research Committee, chairs a session. Meeting Dates and Times: Dr. Elizabeth Nabel, Director of the National Heart, Lung and Blood Institute, presenting at the 2007 Progeria Workshop Monday evening, November 12 through Wednesday afternoon, November 14, 2007. Location: [&hellip;]","og_url":"https:\/\/www.progeriaresearch.org\/de\/workshop-2007\/","og_site_name":"The Progeria Research Foundation","article_publisher":"https:\/\/www.facebook.com\/ProgeriaResearch\/","article_modified_time":"2023-09-22T14:30:36+00:00","og_image":[{"url":"https:\/\/www.progeriaresearch.org\/assets\/images\/events_images\/Rothman-flip2.jpg","type":"","width":"","height":""}],"twitter_card":"summary_large_image","twitter_site":"@Progeria","twitter_misc":{"Est. reading time":"5 Minuten"},"schema":{"@context":"https:\/\/schema.org","@graph":[{"@type":"WebPage","@id":"https:\/\/www.progeriaresearch.org\/de\/workshop-2007\/","url":"https:\/\/www.progeriaresearch.org\/de\/workshop-2007\/","name":"workshop 2007 | The Progeria Research Foundation","isPartOf":{"@id":"https:\/\/www.progeriaresearch.org\/ta\/#website"},"primaryImageOfPage":{"@id":"https:\/\/www.progeriaresearch.org\/de\/workshop-2007\/#primaryimage"},"image":{"@id":"https:\/\/www.progeriaresearch.org\/de\/workshop-2007\/#primaryimage"},"thumbnailUrl":"https:\/\/www.progeriaresearch.org\/assets\/images\/events_images\/Rothman-flip2.jpg","datePublished":"2017-05-09T20:02:54+00:00","dateModified":"2023-09-22T14:30:36+00:00","breadcrumb":{"@id":"https:\/\/www.progeriaresearch.org\/de\/workshop-2007\/#breadcrumb"},"inLanguage":"de","potentialAction":[{"@type":"ReadAction","target":["https:\/\/www.progeriaresearch.org\/de\/workshop-2007\/"]}]},{"@type":"ImageObject","inLanguage":"de","@id":"https:\/\/www.progeriaresearch.org\/de\/workshop-2007\/#primaryimage","url":"https:\/\/www.progeriaresearch.org\/assets\/images\/events_images\/Rothman-flip2.jpg","contentUrl":"https:\/\/www.progeriaresearch.org\/assets\/images\/events_images\/Rothman-flip2.jpg"},{"@type":"BreadcrumbList","@id":"https:\/\/www.progeriaresearch.org\/de\/workshop-2007\/#breadcrumb","itemListElement":[{"@type":"ListItem","position":1,"name":"Home","item":"https:\/\/www.progeriaresearch.org\/"},{"@type":"ListItem","position":2,"name":"Workshop 2007"}]},{"@type":"WebSite","@id":"https:\/\/www.progeriaresearch.org\/ta\/#website","url":"https:\/\/www.progeriaresearch.org\/ta\/","name":"Die Progeria Research Foundation","description":"F\u00fcr die Kinder \u2665 F\u00fcr die Heilung","publisher":{"@id":"https:\/\/www.progeriaresearch.org\/ta\/#organization"},"potentialAction":[{"@type":"SearchAction","target":{"@type":"EntryPoint","urlTemplate":"https:\/\/www.progeriaresearch.org\/ta\/?s={search_term_string}"},"query-input":{"@type":"PropertyValueSpecification","valueRequired":true,"valueName":"search_term_string"}}],"inLanguage":"de"},{"@type":"Organization","@id":"https:\/\/www.progeriaresearch.org\/ta\/#organization","name":"Die Progeria Research Foundation","url":"https:\/\/www.progeriaresearch.org\/ta\/","logo":{"@type":"ImageObject","inLanguage":"de","@id":"https:\/\/www.progeriaresearch.org\/ta\/#\/schema\/logo\/image\/","url":"https:\/\/www.progeriaresearch.org\/wp-content\/uploads\/2019\/05\/PRF_Logo_2019_optimized.png","contentUrl":"https:\/\/www.progeriaresearch.org\/wp-content\/uploads\/2019\/05\/PRF_Logo_2019_optimized.png","width":300,"height":86,"caption":"The Progeria Research Foundation"},"image":{"@id":"https:\/\/www.progeriaresearch.org\/ta\/#\/schema\/logo\/image\/"},"sameAs":["https:\/\/www.facebook.com\/ProgeriaResearch\/","https:\/\/x.com\/Progeria","https:\/\/www.instagram.com\/progeriaresearch\/"]}]}},"_links":{"self":[{"href":"https:\/\/www.progeriaresearch.org\/de\/wp-json\/wp\/v2\/pages\/1888","targetHints":{"allow":["GET"]}}],"collection":[{"href":"https:\/\/www.progeriaresearch.org\/de\/wp-json\/wp\/v2\/pages"}],"about":[{"href":"https:\/\/www.progeriaresearch.org\/de\/wp-json\/wp\/v2\/types\/page"}],"author":[{"embeddable":true,"href":"https:\/\/www.progeriaresearch.org\/de\/wp-json\/wp\/v2\/users\/1"}],"replies":[{"embeddable":true,"href":"https:\/\/www.progeriaresearch.org\/de\/wp-json\/wp\/v2\/comments?post=1888"}],"version-history":[{"count":0,"href":"https:\/\/www.progeriaresearch.org\/de\/wp-json\/wp\/v2\/pages\/1888\/revisions"}],"wp:attachment":[{"href":"https:\/\/www.progeriaresearch.org\/de\/wp-json\/wp\/v2\/media?parent=1888"}],"curies":[{"name":"wp","href":"https:\/\/api.w.org\/{rel}","templated":true}]}}