{"id":20098,"date":"2025-02-20T10:57:00","date_gmt":"2025-02-20T15:57:00","guid":{"rendered":"https:\/\/www.progeriaresearch.org\/?page_id=20098"},"modified":"2025-10-23T12:14:45","modified_gmt":"2025-10-23T16:14:45","slug":"poster-abstract","status":"publish","type":"page","link":"https:\/\/www.progeriaresearch.org\/de\/poster-abstract\/","title":{"rendered":"Poster Abstract"},"content":{"rendered":"<p>[et_pb_section fb_built=&#8221;1&#8243; fullwidth=&#8221;on&#8221; disabled_on=&#8221;off|off|off&#8221; _builder_version=&#8221;4.16&#8243; border_width_bottom=&#8221;55px&#8221; border_color_bottom=&#8221;#29327a&#8221; locked=&#8221;off&#8221; global_colors_info=&#8221;{}&#8221;][et_pb_fullwidth_image src=&#8221;https:\/\/www.progeriaresearch.org\/wp-content\/uploads\/2024\/09\/PRF_ScientificMeetingBanner_2025_Final.jpg&#8221; title_text=&#8221;PRF_ScientificMeetingBanner_2025_Final&#8221; _builder_version=&#8221;4.27.4&#8243; z_index_tablet=&#8221;500&#8243; global_colors_info=&#8221;{}&#8221;]<br \/>\n[\/et_pb_fullwidth_image][\/et_pb_section][et_pb_section fb_built=&#8221;1&#8243; use_custom_gutter=&#8221;on&#8221; gutter_width=&#8221;1&#8243; specialty=&#8221;on&#8221; padding_left_1=&#8221;35px&#8221; padding_left_2=&#8221;35px&#8221; padding_2_tablet=&#8221;|||0px&#8221; padding_2_phone=&#8221;|||0px&#8221; padding_2_last_edited=&#8221;on|desktop&#8221; module_class_1=&#8221;sidebar-secondary-nav&#8221; module_class=&#8221;handprint-bg&#8221; _builder_version=&#8221;4.16&#8243; background_image=&#8221;https:\/\/www.progeriaresearch.org\/wp-content\/uploads\/2019\/04\/blue-handprint-only.png&#8221; parallax=&#8221;on&#8221; parallax_method=&#8221;off&#8221; inner_width=&#8221;100%&#8221; inner_max_width=&#8221;100%&#8221; custom_margin=&#8221;-68px|||||&#8221; custom_padding=&#8221;0|0px|54px|0px|false|false&#8221; z_index_tablet=&#8221;500&#8243; border_width_top=&#8221;10px&#8221; border_color_top=&#8221;#8fd2ed&#8221; use_custom_width=&#8221;on&#8221; width_unit=&#8221;off&#8221; custom_width_percent=&#8221;100%&#8221; global_colors_info=&#8221;{}&#8221;][et_pb_column type=&#8221;1_4&#8243; _builder_version=&#8221;4.16&#8243; custom_padding=&#8221;|||&#8221; global_colors_info=&#8221;{}&#8221; custom_padding__hover=&#8221;|||&#8221;][et_pb_sidebar area=&#8221;et_pb_widget_area_32&#8243; disabled_on=&#8221;off|off|off&#8221; admin_label=&#8221;Workshop 2025&#8243; module_class=&#8221;subpage-sidebars&#8221; _builder_version=&#8221;4.24.0&#8243; animation_style=&#8221;fade&#8221; z_index_tablet=&#8221;500&#8243; border_width_right=&#8221;5px&#8221; locked=&#8221;off&#8221; global_colors_info=&#8221;{}&#8221;]<br \/>\n[\/et_pb_sidebar][\/et_pb_column][et_pb_column type=&#8221;3_4&#8243; specialty_columns=&#8221;3&#8243; _builder_version=&#8221;4.16&#8243; custom_padding=&#8221;|||&#8221; global_colors_info=&#8221;{}&#8221; custom_padding__hover=&#8221;|||&#8221;][et_pb_row_inner custom_padding_last_edited=&#8221;on|phone&#8221; _builder_version=&#8221;4.16&#8243; custom_padding=&#8221;39.4375px|35px|35px||false|false&#8221; custom_padding_tablet=&#8221;|35px||35px||true&#8221; custom_padding_phone=&#8221;&#8221; animation_direction=&#8221;top&#8221; global_colors_info=&#8221;{}&#8221;][et_pb_column_inner saved_specialty_column_type=&#8221;3_4&#8243; _builder_version=&#8221;4.16&#8243; custom_padding=&#8221;|||&#8221; global_colors_info=&#8221;{}&#8221; custom_padding__hover=&#8221;|||&#8221;][et_pb_text disabled_on=&#8221;off|off|off&#8221; admin_label=&#8221;Poster Submissions&#8221; _builder_version=&#8221;4.27.4&#8243; text_text_color=&#8221;#000000&#8243; header_font=&#8221;||on||||||&#8221; header_text_color=&#8221;#00b2e2&#8243; background_size=&#8221;initial&#8221; background_position=&#8221;top_left&#8221; background_repeat=&#8221;repeat&#8221; z_index_tablet=&#8221;500&#8243; global_colors_info=&#8221;{}&#8221;]<\/p>\n<h4>Postereinreichungen<span style=\"color: #ff0000;\"><\/span><\/h4>\n<p><b>Die Einreichungsfrist f\u00fcr Posterbeitr\u00e4ge zum Workshop 2025 ist abgelaufen. Bei Fragen zu Ihrer Einreichung wenden Sie sich bitte per E-Mail an uns. <a href=\"mailto:workshop@progeriareasearch.org\" title=\"mailto:workshop@progeriareasearch.org\" data-outlook-id=\"a62a1a02-b876-4e14-8167-6653f031ebfe\">workshop@progeriareasearch.org<\/a>.\u00a0<\/b><\/p>\n<p>[\/et_pb_text][et_pb_text disabled_on=&#8221;off|off|off&#8221; admin_label=&#8221;Session Information&#8221; _builder_version=&#8221;4.27.4&#8243; text_text_color=&#8221;#000000&#8243; header_font=&#8221;||on||||||&#8221; header_text_color=&#8221;#00b2e2&#8243; background_size=&#8221;initial&#8221; background_position=&#8221;top_left&#8221; background_repeat=&#8221;repeat&#8221; z_index_tablet=&#8221;500&#8243; global_colors_info=&#8221;{}&#8221;]<\/p>\n<h4><strong>Sitzungsinformationen<\/strong><span style=\"color: #ff0000;\"><\/span><\/h4>\n<p>Die Poster werden w\u00e4hrend des Workshops in einer formellen Postersession und einer Lightning Session pr\u00e4sentiert. Informationen zum Ausstellungsort werden noch bekannt gegeben. Posterpr\u00e4sentanten sollten sp\u00e4testens am Mittwoch, den 29.10.2025, um 15:30 Uhr im Hotel eintreffen, um ihr Poster aufzuh\u00e4ngen und die AV-Anlage zu \u00fcberpr\u00fcfen.<\/p>\n<p>Der <em>Blitzsitzung<\/em> findet am Mittwochabend am Er\u00f6ffnungsabend statt. Diese Sitzung ist f\u00fcr alle Poster-Pr\u00e4sentatoren eine Gelegenheit, eine kurze Einf\u00fchrung zu geben, um die Workshop-Teilnehmer schnell f\u00fcr Ihr Forschungsthema zu begeistern und zu motivieren. Sie soll eine unterhaltsame und spannende Zusammenfassung des jeweiligen Themas bieten, die zu einem weiteren Dialog im sp\u00e4teren Programm anregt. Jeder Poster-Pr\u00e4sentator reicht eine Folie ein und hat bis zu einer Minute Zeit, aufzustehen und die Tagungsteilnehmer zum Thema seines Posters zu motivieren, das am Donnerstag in der Posterhalle pr\u00e4sentiert wird. Die Folie kann jeden beliebigen Bestandteil der Forschung enthalten, vermeiden Sie es jedoch, einfach ein Foto Ihres gesamten Posters oder nur eine Titelfolie einzuf\u00fcgen. Dies ist eine gro\u00dfartige M\u00f6glichkeit, die Gruppe f\u00fcr Ihre fantastische Forschung zu begeistern. Sie k\u00f6nnen mit \u201eKommen Sie zu MEINEM Poster, weil \u2026\u201c beginnen oder mit einer anderen Art und Weise, die Ihnen erfrischend und unterhaltsam erscheint.<\/p>\n<p>Die formelle <em>Postersession<\/em> findet am Donnerstag von 19:00 bis 21:00 Uhr statt. Die Poster werden nummeriert. Poster mit geraden Nummern werden in der ersten Stunde, Poster mit ungeraden Nummern in der zweiten Stunde pr\u00e4sentiert. Diese Sitzung bietet die M\u00f6glichkeit zum Dialog und zu intensiven Diskussionen \u00fcber Ihre Forschung.<\/p>\n<p>Die Poster bleiben bis Freitagnachmittag 16:00 Uhr ausgestellt. Die Posterpr\u00e4sentanten sind daf\u00fcr verantwortlich, ihr Poster nach Abschluss des Workshops wieder zu entfernen.<\/p>\n<p>[\/et_pb_text][et_pb_text ol_position=&#8221;outside&#8221; ol_item_indent=&#8221;14px&#8221; disabled_on=&#8221;off|off|off&#8221; admin_label=&#8221;Submission Guidelines&#8221; _builder_version=&#8221;4.27.4&#8243; text_text_color=&#8221;#000000&#8243; header_font=&#8221;||on||||||&#8221; header_text_color=&#8221;#00b2e2&#8243; background_size=&#8221;initial&#8221; background_position=&#8221;top_left&#8221; background_repeat=&#8221;repeat&#8221; custom_padding=&#8221;||0px||false|false&#8221; z_index_tablet=&#8221;500&#8243; global_colors_info=&#8221;{}&#8221;]<\/p>\n<h4><strong>Richtlinien f\u00fcr die Einreichung<\/strong><\/h4>\n<h6><\/h6>\n<h6>Senden Sie das untenstehende Formular zur Pr\u00fcfung und Annahme an die Sitzung.<\/h6>\n<ol>\n<li style=\"list-style-type: none;\">\n<ol>\n<li>Alle Felder im \u00dcbermittlungsformular sind Pflichtfelder.<\/li>\n<li>Alle Abstracts m\u00fcssen in englischer Sprache verfasst sein (US-amerikanische oder britische Schreibweise ist zul\u00e4ssig).<\/li>\n<li>Der Posterpr\u00e4sentator ist f\u00fcr die Gestaltung, den Druck und den Transport seines eigenen Posters verantwortlich. Bitte drucken Sie Ihr Poster im Querformat mit einer maximalen Gr\u00f6\u00dfe von 48 x 36 Zoll.<\/li>\n<li>Poster-Pr\u00e4sentatoren sind f\u00fcr ihre Reise- und Registrierungsvereinbarungen selbst verantwortlich. Reisekostenerstattungen f\u00fcr Poster-Pr\u00e4sentatoren werden von PRF nicht gew\u00e4hrt. Die Anmeldung zur Tagung ist kostenlos und sollte vollst\u00e4ndig ausgef\u00fcllt werden. <a href=\"https:\/\/www.progeriaresearch.org\/de\/2025registration\/\">Hier<\/a>.<\/li>\n<li>Die folgenden Informationen sollten auf dem Poster enthalten sein:\n<ul>\n<li style=\"list-style-type: none;\">\n<ul>\n<li style=\"list-style-type: none;\">\n<ul>\n<li>Titel<\/li>\n<li>Autor + Co-Autoren<\/li>\n<li>Hintergrund<\/li>\n<li>Ziele<\/li>\n<li>Methoden<\/li>\n<li>Ergebnisse<\/li>\n<li>Diskussion<\/li>\n<li>Abschluss<\/li>\n<li>Verweise<\/li>\n<li>Offenlegung finanzieller Interessen<\/li>\n<\/ul>\n<\/li>\n<\/ul>\n<\/li>\n<\/ul>\n<\/li>\n<li>Die Einreichung der Abstracts muss bis Mittwoch, den 8. Oktober 2025 erfolgen und die Autoren erhalten bis Freitag, den 10. Oktober 2025 eine Benachrichtigung \u00fcber die Annahme.<\/li>\n<\/ol>\n<\/li>\n<\/ol>\n<p>[\/et_pb_text][et_pb_dcgd_gravity_divi_module dc_dgfcm_form_id=&#8221;18&#8243; _builder_version=&#8221;4.27.4&#8243; _module_preset=&#8221;default&#8221; global_colors_info=&#8221;{}&#8221; disabled_on=&#8221;on|on|on&#8221; disabled=&#8221;on&#8221;][\/et_pb_dcgd_gravity_divi_module][\/et_pb_column_inner][\/et_pb_row_inner][\/et_pb_column][\/et_pb_section][et_pb_section fb_built=&#8221;1&#8243; module_class=&#8221;footer&#8221; _builder_version=&#8221;4.21.0&#8243; background_color=&#8221;#29327a&#8221; custom_margin=&#8221;-2px|||||&#8221; custom_padding=&#8221;0|0px|0|0px|false|false&#8221; z_index_tablet=&#8221;500&#8243; border_width_top=&#8221;12px&#8221; border_color_top=&#8221;#00b2e2&#8243; global_module=&#8221;133&#8243; locked=&#8221;off&#8221; global_colors_info=&#8221;{}&#8221;][et_pb_row column_structure=&#8221;1_4,1_4,1_2&#8243; make_equal=&#8221;on&#8221; module_class=&#8221; et_pb_row_fullwidth&#8221; _builder_version=&#8221;4.16&#8243; width=&#8221;89%&#8221; width_tablet=&#8221;80%&#8221; width_phone=&#8221;&#8221; width_last_edited=&#8221;on|desktop&#8221; max_width=&#8221;89%&#8221; max_width_tablet=&#8221;80%&#8221; max_width_phone=&#8221;&#8221; max_width_last_edited=&#8221;on|desktop&#8221; z_index_tablet=&#8221;500&#8243; make_fullwidth=&#8221;on&#8221; width_unit=&#8221;off&#8221; custom_width_percent=&#8221;100%&#8221; global_colors_info=&#8221;{}&#8221;][et_pb_column type=&#8221;1_4&#8243; _builder_version=&#8221;4.16&#8243; custom_padding=&#8221;|||&#8221; global_colors_info=&#8221;{}&#8221; custom_padding__hover=&#8221;|||&#8221;][et_pb_cta button_url=&#8221;https:\/\/lp.constantcontactpages.com\/sl\/88gWWwz&#8221; button_text=&#8221;Sign Up Now&#8221; admin_label=&#8221;Sign Up for Updates&#8221; module_class=&#8221;sign-btn&#8221; _builder_version=&#8221;4.27.4&#8243; header_font_size=&#8221;25px&#8221; background_color=&#8221;#29327a&#8221; animation_style=&#8221;slide&#8221; animation_direction=&#8221;left&#8221; animation_intensity_slide=&#8221;25%&#8221; link_option_url=&#8221;https:\/\/lp.constantcontactpages.com\/sl\/88gWWwz&#8221; header_font_size_tablet=&#8221;&#8221; header_font_size_phone=&#8221;30px&#8221; header_font_size_last_edited=&#8221;on|desktop&#8221; z_index_tablet=&#8221;500&#8243; border_radii=&#8221;on|25px|25px|25px|25px&#8221; global_colors_info=&#8221;{}&#8221; button_bg_color__hover_enabled=&#8221;on&#8221; button_bg_color__hover=&#8221;#8fd2ed&#8221; button_border_color__hover_enabled=&#8221;on&#8221;]<\/p>\n<h2>Melden Sie sich an<\/h2>\n<h2>f\u00fcr unsere<\/h2>\n<h2>Neuigkeiten!<\/h2>\n<p>[\/et_pb_cta][\/et_pb_column][et_pb_column type=\u201d1_4\u2033 _builder_version=\u201d4.16\u2033 custom_padding=\u201d|||\u201d global_colors_info=\u201d{}\u201d custom_padding__hover=\u201d|||\u201d][et_pb_cta button_url=\u201dhttps:\/\/progeriaresearch.donorsupport.co\/-\/XZHJVWZR\u201d button_text=\u201dJetzt spenden\u201d admin_label=\u201dGemeinsam werden wir die Heilung finden!\u201d module_class=\u201dsign-btn\u201d _builder_version=\u201d4.16\u2033 header_font_size=\u201d25px\u201d background_color=\u201d#29327a\u201d animation_style=\u201dslide\u201d animation_direction=\u201dleft\u201d animation_intensity_slide=\u201d25%\u201d header_font_size_tablet=\u201d\u201d header_font_size_phone=\u201d30px\u201d header_font_size_last_edited=\u201don|desktop\u201d body_font_size_tablet=\u201d\u201d body_font_size_phone=\u201d\u201d body_font_size_last_edited=\u201don|desktop\u201d z_index_tablet=\u201d500\u2033 border_radii=\u201don|25px|25px|25px|25px\u201d global_colors_info=\u201d{}\u201d button_bg_color__hover_enabled=\u201don\u201d button_bg_color__hover=\u201d#8fd2ed\u201d button_border_color__hover_enabled=\u201dein\u201d]<\/p>\n<h2>Gemeinsam<\/h2>\n<h2><em>WILLE<\/em><\/h2>\n<h2>Finde die Heilung!<\/h2>\n<p>[\/et_pb_cta][\/et_pb_column][et_pb_column type=\u201d1_2\u2033 _builder_version=\u201d4.16\u2033 custom_padding=\u201d|||\u201d global_colors_info=\u201d{}\u201d custom_padding__hover=\u201d|||\u201d][et_pb_image src=\u201dhttps:\/\/www.progeriaresearch.org\/wp-content\/uploads\/2025\/05\/2025-strip-for-website-footer-no-years.png\u201d title_text=\u201d2025-Streifen f\u00fcr Website-Fu\u00dfzeile ohne Jahresangaben\u201d _builder_version=\u201d4.27.4\u2033 _module_preset=\u201ddefault\u201d custom_margin=\u201d35px||||false|false\u201d global_colors_info=\u201d{}\u201d][\/et_pb_image][\/et_pb_column][\/et_pb_row][\/et_pb_section]<\/p>","protected":false},"excerpt":{"rendered":"<p>Poster Submissions Poster submissions for the 2025 Workshop are now closed. If you have questions about your submission, please email workshop@progeriareasearch.org.\u00a0Session Information Posters will be presented in a formal Poster Session and in a Lightning Session format during the Workshop. Poster display location information TBA. Poster presenters should plan to arrive at the hotel no [&hellip;]<\/p>","protected":false},"author":2,"featured_media":0,"parent":0,"menu_order":0,"comment_status":"closed","ping_status":"closed","template":"","meta":{"_et_pb_use_builder":"on","_et_pb_old_content":"","_et_gb_content_width":"","footnotes":"","_links_to":"","_links_to_target":""},"class_list":["post-20098","page","type-page","status-publish","hentry"],"yoast_head":"<!-- This site is optimized with the Yoast SEO plugin v26.8 - https:\/\/yoast.com\/product\/yoast-seo-wordpress\/ -->\n<title>Poster Abstract - The Progeria Research Foundation<\/title>\n<meta name=\"robots\" content=\"index, follow, max-snippet:-1, max-image-preview:large, max-video-preview:-1\" \/>\n<link rel=\"canonical\" href=\"https:\/\/www.progeriaresearch.org\/de\/poster-abstract\/\" \/>\n<meta property=\"og:locale\" content=\"de_DE\" \/>\n<meta property=\"og:type\" content=\"article\" \/>\n<meta property=\"og:title\" content=\"Poster Abstract - The Progeria Research Foundation\" \/>\n<meta property=\"og:description\" content=\"Poster Submissions Poster submissions for the 2025 Workshop are now closed. If you have questions about your submission, please email workshop@progeriareasearch.org.\u00a0Session Information Posters will be presented in a formal Poster Session and in a Lightning Session format during the Workshop. Poster display location information TBA. Poster presenters should plan to arrive at the hotel no [&hellip;]\" \/>\n<meta property=\"og:url\" content=\"https:\/\/www.progeriaresearch.org\/de\/poster-abstract\/\" \/>\n<meta property=\"og:site_name\" content=\"The Progeria Research Foundation\" \/>\n<meta property=\"article:publisher\" content=\"https:\/\/www.facebook.com\/ProgeriaResearch\/\" \/>\n<meta property=\"article:modified_time\" content=\"2025-10-23T16:14:45+00:00\" \/>\n<meta name=\"twitter:card\" content=\"summary_large_image\" \/>\n<meta name=\"twitter:site\" content=\"@Progeria\" \/>\n<meta name=\"twitter:label1\" content=\"Est. reading time\" \/>\n\t<meta name=\"twitter:data1\" content=\"3 Minuten\" \/>\n<script type=\"application\/ld+json\" class=\"yoast-schema-graph\">{\"@context\":\"https:\/\/schema.org\",\"@graph\":[{\"@type\":\"WebPage\",\"@id\":\"https:\/\/www.progeriaresearch.org\/poster-abstract\/\",\"url\":\"https:\/\/www.progeriaresearch.org\/poster-abstract\/\",\"name\":\"Poster Abstract - The Progeria Research Foundation\",\"isPartOf\":{\"@id\":\"https:\/\/www.progeriaresearch.org\/ta\/#website\"},\"datePublished\":\"2025-02-20T15:57:00+00:00\",\"dateModified\":\"2025-10-23T16:14:45+00:00\",\"breadcrumb\":{\"@id\":\"https:\/\/www.progeriaresearch.org\/poster-abstract\/#breadcrumb\"},\"inLanguage\":\"de\",\"potentialAction\":[{\"@type\":\"ReadAction\",\"target\":[\"https:\/\/www.progeriaresearch.org\/poster-abstract\/\"]}]},{\"@type\":\"BreadcrumbList\",\"@id\":\"https:\/\/www.progeriaresearch.org\/poster-abstract\/#breadcrumb\",\"itemListElement\":[{\"@type\":\"ListItem\",\"position\":1,\"name\":\"Home\",\"item\":\"https:\/\/www.progeriaresearch.org\/\"},{\"@type\":\"ListItem\",\"position\":2,\"name\":\"Poster Abstract\"}]},{\"@type\":\"WebSite\",\"@id\":\"https:\/\/www.progeriaresearch.org\/ta\/#website\",\"url\":\"https:\/\/www.progeriaresearch.org\/ta\/\",\"name\":\"The Progeria Research Foundation\",\"description\":\"For the Children \u2665 For the Cure\",\"publisher\":{\"@id\":\"https:\/\/www.progeriaresearch.org\/ta\/#organization\"},\"potentialAction\":[{\"@type\":\"SearchAction\",\"target\":{\"@type\":\"EntryPoint\",\"urlTemplate\":\"https:\/\/www.progeriaresearch.org\/ta\/?s={search_term_string}\"},\"query-input\":{\"@type\":\"PropertyValueSpecification\",\"valueRequired\":true,\"valueName\":\"search_term_string\"}}],\"inLanguage\":\"de\"},{\"@type\":\"Organization\",\"@id\":\"https:\/\/www.progeriaresearch.org\/ta\/#organization\",\"name\":\"The Progeria Research Foundation\",\"url\":\"https:\/\/www.progeriaresearch.org\/ta\/\",\"logo\":{\"@type\":\"ImageObject\",\"inLanguage\":\"de\",\"@id\":\"https:\/\/www.progeriaresearch.org\/ta\/#\/schema\/logo\/image\/\",\"url\":\"https:\/\/www.progeriaresearch.org\/wp-content\/uploads\/2019\/05\/PRF_Logo_2019_optimized.png\",\"contentUrl\":\"https:\/\/www.progeriaresearch.org\/wp-content\/uploads\/2019\/05\/PRF_Logo_2019_optimized.png\",\"width\":300,\"height\":86,\"caption\":\"The Progeria Research Foundation\"},\"image\":{\"@id\":\"https:\/\/www.progeriaresearch.org\/ta\/#\/schema\/logo\/image\/\"},\"sameAs\":[\"https:\/\/www.facebook.com\/ProgeriaResearch\/\",\"https:\/\/x.com\/Progeria\",\"https:\/\/www.instagram.com\/progeriaresearch\/\"]}]}<\/script>\n<!-- \/ Yoast SEO plugin. -->","yoast_head_json":{"title":"Poster Abstract - The Progeria Research Foundation","robots":{"index":"index","follow":"follow","max-snippet":"max-snippet:-1","max-image-preview":"max-image-preview:large","max-video-preview":"max-video-preview:-1"},"canonical":"https:\/\/www.progeriaresearch.org\/de\/poster-abstract\/","og_locale":"de_DE","og_type":"article","og_title":"Poster Abstract - The Progeria Research Foundation","og_description":"Poster Submissions Poster submissions for the 2025 Workshop are now closed. If you have questions about your submission, please email workshop@progeriareasearch.org.\u00a0Session Information Posters will be presented in a formal Poster Session and in a Lightning Session format during the Workshop. Poster display location information TBA. Poster presenters should plan to arrive at the hotel no [&hellip;]","og_url":"https:\/\/www.progeriaresearch.org\/de\/poster-abstract\/","og_site_name":"The Progeria Research Foundation","article_publisher":"https:\/\/www.facebook.com\/ProgeriaResearch\/","article_modified_time":"2025-10-23T16:14:45+00:00","twitter_card":"summary_large_image","twitter_site":"@Progeria","twitter_misc":{"Est. reading time":"3 Minuten"},"schema":{"@context":"https:\/\/schema.org","@graph":[{"@type":"WebPage","@id":"https:\/\/www.progeriaresearch.org\/poster-abstract\/","url":"https:\/\/www.progeriaresearch.org\/poster-abstract\/","name":"Poster Abstract - The Progeria Research Foundation","isPartOf":{"@id":"https:\/\/www.progeriaresearch.org\/ta\/#website"},"datePublished":"2025-02-20T15:57:00+00:00","dateModified":"2025-10-23T16:14:45+00:00","breadcrumb":{"@id":"https:\/\/www.progeriaresearch.org\/poster-abstract\/#breadcrumb"},"inLanguage":"de","potentialAction":[{"@type":"ReadAction","target":["https:\/\/www.progeriaresearch.org\/poster-abstract\/"]}]},{"@type":"BreadcrumbList","@id":"https:\/\/www.progeriaresearch.org\/poster-abstract\/#breadcrumb","itemListElement":[{"@type":"ListItem","position":1,"name":"Home","item":"https:\/\/www.progeriaresearch.org\/"},{"@type":"ListItem","position":2,"name":"Poster Abstract"}]},{"@type":"WebSite","@id":"https:\/\/www.progeriaresearch.org\/ta\/#website","url":"https:\/\/www.progeriaresearch.org\/ta\/","name":"Die Progeria Research Foundation","description":"F\u00fcr die Kinder \u2665 F\u00fcr die Heilung","publisher":{"@id":"https:\/\/www.progeriaresearch.org\/ta\/#organization"},"potentialAction":[{"@type":"SearchAction","target":{"@type":"EntryPoint","urlTemplate":"https:\/\/www.progeriaresearch.org\/ta\/?s={search_term_string}"},"query-input":{"@type":"PropertyValueSpecification","valueRequired":true,"valueName":"search_term_string"}}],"inLanguage":"de"},{"@type":"Organization","@id":"https:\/\/www.progeriaresearch.org\/ta\/#organization","name":"Die Progeria Research Foundation","url":"https:\/\/www.progeriaresearch.org\/ta\/","logo":{"@type":"ImageObject","inLanguage":"de","@id":"https:\/\/www.progeriaresearch.org\/ta\/#\/schema\/logo\/image\/","url":"https:\/\/www.progeriaresearch.org\/wp-content\/uploads\/2019\/05\/PRF_Logo_2019_optimized.png","contentUrl":"https:\/\/www.progeriaresearch.org\/wp-content\/uploads\/2019\/05\/PRF_Logo_2019_optimized.png","width":300,"height":86,"caption":"The Progeria Research Foundation"},"image":{"@id":"https:\/\/www.progeriaresearch.org\/ta\/#\/schema\/logo\/image\/"},"sameAs":["https:\/\/www.facebook.com\/ProgeriaResearch\/","https:\/\/x.com\/Progeria","https:\/\/www.instagram.com\/progeriaresearch\/"]}]}},"_links":{"self":[{"href":"https:\/\/www.progeriaresearch.org\/de\/wp-json\/wp\/v2\/pages\/20098","targetHints":{"allow":["GET"]}}],"collection":[{"href":"https:\/\/www.progeriaresearch.org\/de\/wp-json\/wp\/v2\/pages"}],"about":[{"href":"https:\/\/www.progeriaresearch.org\/de\/wp-json\/wp\/v2\/types\/page"}],"author":[{"embeddable":true,"href":"https:\/\/www.progeriaresearch.org\/de\/wp-json\/wp\/v2\/users\/2"}],"replies":[{"embeddable":true,"href":"https:\/\/www.progeriaresearch.org\/de\/wp-json\/wp\/v2\/comments?post=20098"}],"version-history":[{"count":0,"href":"https:\/\/www.progeriaresearch.org\/de\/wp-json\/wp\/v2\/pages\/20098\/revisions"}],"wp:attachment":[{"href":"https:\/\/www.progeriaresearch.org\/de\/wp-json\/wp\/v2\/media?parent=20098"}],"curies":[{"name":"wp","href":"https:\/\/api.w.org\/{rel}","templated":true}]}}