{"id":4747,"date":"2016-12-22T13:36:43","date_gmt":"2016-12-22T13:36:43","guid":{"rendered":"https:\/\/www.progeriaresearch.org\/?page_id=520"},"modified":"2025-05-02T13:11:22","modified_gmt":"2025-05-02T17:11:22","slug":"parents-and-doctors","status":"publish","type":"page","link":"https:\/\/www.progeriaresearch.org\/de\/parents-and-doctors\/","title":{"rendered":"Eltern &amp; \u00c4rzte"},"content":{"rendered":"<p>[et_pb_section fb_built=\u201d1\u2033 fullwidth=\u201don\u201d disabled_on=\u201doff|off|off\u201d _builder_version=\u201d4.16\u2033 border_width_bottom=\u201d55px\u201d border_color_bottom=\u201d#29327a\u201d locked=\u201doff\u201d global_colors_info=\u201d{}\u201d][et_pb_fullwidth_header _builder_version=\u201d4.16\u2033 title_font=\u201d||||||||\u201d title_font_size=\u201d55\u2033 background_color=\u201d#29327a\u201d background_image=\u201dhttps:\/\/www.progeriaresearch.org\/wp-content\/uploads\/2019\/05\/parents-doctors-header-v4.jpg\u201d custom_padding=\u201d9vw||9vw||true\u201d custom_padding_tablet=\u201d\u201d custom_padding_phone=\u201d|56px||\u201d custom_padding_last_edited=\u201dauf|Desktop\u201d title_font_size_tablet=\u201d45px\u201d title_font_size_phone=\u201d40px\u201d title_font_size_last_edited=\u201dauf|Telefon\u201d z_index_tablet=\u201d500\u2033 custom_css_main_element=\u201dHintergrundposition: Mitte 18% !important;\u201d global_colors_info=\u201d{}\u201d]<\/p>\n<h1>Eltern &amp;<\/h1>\n<h1>\u00c4rzte<\/h1>\n<p>&nbsp;<\/p>\n<p>[\/et_pb_fullwidth_header][\/et_pb_section][et_pb_section fb_built=\u201d1\u2033 use_custom_gutter=\u201don\u201d gutter_width=\u201d1\u2033 specialty=\u201don\u201d padding_left_1=\u201d35px\u201d padding_left_2=\u201d35px\u201d padding_2_tablet=\u201d|||0px\u201d padding_2_phone=\u201d|||0px\u201d padding_2_last_edited=\u201don|desktop\u201d module_class_1=\u201dsidebar-secondary-nav\u201d module_class=\u201dhandprint-bg\u201d _builder_version=\u201d4.16\u2033 background_image=\u201dhttps:\/\/www.progeriaresearch.org\/wp-content\/uploads\/2019\/04\/blue-handprint-only.png\u201d parallax=\u201don\u201d parallax_method=\u201doff\u201d inner_width=\u201d100%\u201d inner_max_width=\u201d100%\u201d custom_padding=\u201d0|0px|54px|0px|false|false\u201d z_index_tablet=\u201d500\u2033 border_width_top=\u201d10px\u201d border_color_top=\u201d#8fd2ed\u201d use_custom_width=\u201dan\u201d width_unit=\u201daus\u201d custom_width_percent=\u201d100%\u201d global_colors_info=\u201d{}\u201d][et_pb_column type=\u201d1_4\u2033 _builder_version=\u201d4.16\u2033 custom_padding=\u201d|||\u201d global_colors_info=\u201d{}\u201d custom_padding__hover=\u201d|||\u201d][et_pb_sidebar area=\u201det_pb_widget_area_4\u2033 disabled_on=\u201dan|an|aus\u201d module_class=\u201dUnterseiten-Seitenleisten\u201d _builder_version=\u201d4.16\u2033 animation_style=\u201dverblassen\u201d z_index_tablet=\u201d500\u2033 border_width_right=\u201d5px\u201d gesperrt=\u201daus\u201d global_colors_info=\u201d{}\u201d]<\/p>\n<p>[\/et_pb_sidebar][\/et_pb_column][et_pb_column Typ=\u201d3_4\u2033 Spezialspalten=\u201d3\u2033 _builder_version=\u201d4.16\u2033 benutzerdefinierte_Padding=\u201d|||\u201d global_colors_info=\u201d{}\u201d benutzerdefinierte_Padding__hover=\u201d|||\u201d][et_pb_row_inner benutzerdefinierte_Padding_last_edited=\u201dam|Telefon\u201d deaktiviert_an=\u201dan|an|\u201d _builder_version=\u201d4.16\u2033 custom_padding=\u201d39.4375px|35px|35px||false|false\u201d custom_padding_tablet=\u201d|35px||35px||true\u201d custom_padding_phone=\u201d\u201d animation_direction=\u201doben\u201d z_index_tablet=\u201d500\u2033 global_colors_info=\u201d{}\u201d][et_pb_column_inner saved_specialty_column_type=\u201d3_4\u2033 _builder_version=\u201d4.16\u2033 custom_padding=\u201d|||\u201d global_colors_info=\u201d{}\u201d custom_padding__hover=\u201d|||\u201d][et_pb_text _builder_version=\u201d4.16\u2033 Hintergrundgr\u00f6\u00dfe=\u201dinitial\u201d Hintergrundposition=\u201doben_links\u201d Hintergrundwiederholung=\u201dwiederholen\u201d global_colors_info=\u201d{}\u201d]<\/p>\n<p><img loading=\"lazy\" decoding=\"async\" class=\"alignleft wp-image-526 size-full\" src=\"https:\/\/www.progeriaresearch.org\/wp-content\/uploads\/2016\/12\/Milagros-Jul07.jpg\" width=\"193\" height=\"164\" \/>Die Progeria Research Foundation wurde 1999 gegr\u00fcndet, weil es f\u00fcr Kinder mit Progerie kaum Forschungs- oder medizinische Informationen gab. Die PRF hat ein umfassendes Netzwerk forschungsbezogener Programme aufgebaut, um Fortschritte auf diesem Gebiet f\u00fcr alle Kinder mit der Diagnose Progerie aus aller Welt zu f\u00f6rdern. Damit hat sie sich als internationale Kraft etabliert, die die Progerieforschung und -aufkl\u00e4rung vorantreibt.<\/p>\n<p>Wir hoffen, dass diese Seiten Ihnen helfen werden, mehr \u00fcber Progeria zu erfahren und wie wir uns bem\u00fchen, Ihren Kindern und Ihrer Familie zu helfen. Bitte z\u00f6gern Sie nicht, <a href=\"mailto:info@progeriaresearch.org\">kontaktiere uns<\/a> bei Fragen. Wir sind hier, um Ihnen so gut wie m\u00f6glich zu helfen.<\/p>\n<p>[\/et_pb_text][\/et_pb_column_inner][\/et_pb_row_inner][et_pb_row_inner custom_padding_last_edited=\u201dan|telefon\u201d disabled_on=\u201daus|aus|an\u201d _builder_version=\u201d4.16\u2033 custom_padding=\u201d39.4375px|35px|35px||false|false\u201d custom_padding_tablet=\u201d|35px||35px||true\u201d custom_padding_phone=\u201d\u201d animation_direction=\u201doben\u201d z_index_tablet=\u201d500\u2033 global_colors_info=\u201d{}\u201d][et_pb_column_inner saved_specialty_column_type=\u201d3_4\u2033 _builder_version=\u201d4.16\u2033 custom_padding=\u201d|||\u201d global_colors_info=\u201d{}\u201d custom_padding__hover=\u201d|||\u201d][et_pb_image src=\u201dhttps:\/\/www.progeriaresearch.org\/wp-content\/uploads\/2016\/12\/Milagros-Jul07.jpg\u201d align_tablet=\u201dcenter\u201d align_phone=\u201dcenter\u201d align_last_edited=\u201don|desktop\u201d admin_label=\u201dBild (nur mobil)\u201d _builder_version=\u201d4.16\u2033 z_index_tablet=\u201d500\u2033 global_colors_info=\u201d{}\u201d][\/et_pb_image][et_pb_text admin_label=\u201dText (nur mobil)\u201d _builder_version=\u201d4.16\u2033 background_size=\u201dinitial\u201d background_position=\u201dtop_left\u201d background_repeat=\u201drepeat\u201d z_index_tablet=\u201d500\u2033 global_colors_info=\u201d{}\u201d]<\/p>\n<p>Die Progeria Research Foundation wurde 1999 gegr\u00fcndet, weil es f\u00fcr Kinder mit Progerie kaum Forschungs- oder medizinische Informationen gab. Die PRF hat ein umfassendes Netzwerk forschungsbezogener Bed\u00fcrfnisse aufgebaut, um Fortschritte auf diesem Gebiet f\u00fcr alle Kinder mit Progeriediagnose aus aller Welt zu f\u00f6rdern, und sich so als internationale Kraft etabliert, die die Progerieforschung und -aufkl\u00e4rung vorantreibt.<\/p>\n<p>Wir hoffen, dass diese Seiten Ihnen helfen werden, mehr \u00fcber Progeria zu erfahren und wie wir uns bem\u00fchen, Ihren Kindern und Ihrer Familie zu helfen. Bitte z\u00f6gern Sie nicht, <a href=\"mailto:info@progeriaresearch.org\">kontaktiere uns<\/a> bei Fragen. Wir sind hier, um Ihnen so gut wie m\u00f6glich zu helfen.<\/p>\n<p>[\/et_pb_text][\/et_pb_column_inner][\/et_pb_row_inner][\/et_pb_column][\/et_pb_section][et_pb_section fb_built=\u201d1\u2033 module_class=\u201dfooter\u201d _builder_version=\u201d4.21.0\u2033 background_color=\u201d#29327a\u201d custom_margin=\u201d-2px|||||\u201d custom_padding=\u201d0|0px|0|0px|false|false\u201d z_index_tablet=\u201d500\u2033 border_width_top=\u201d12px\u201d border_color_top=\u201d#00b2e2\u2033 global_module=\u201d133\u2033 locked=\u201doff\u201d global_colors_info=\u201d{}\u201d][et_pb_row column_structure=\u201d1_4,1_4,1_2\u2033 make_equal=\u201don\u201d module_class=\u201d et_pb_row_fullwidth\u201d _builder_version=\u201d4.16\u2033 width=\u201d89%\u201d width_tablet=\u201d80%\u201d width_phone=\u201d\u201d width_last_edited=\u201don|desktop\u201d max_width=\u201d89%\u201d max_width_tablet=\u201d80%\u201d max_width_phone=\u201d\u201d max_width_last_edited=\u201dauf|Desktop\u201d z_index_tablet=\u201d500\u2033 make_fullwidth=\u201dan\u201d width_unit=\u201daus\u201d custom_width_percent=\u201d100%\u201d global_colors_info=\u201d{}\u201d][et_pb_column type=\u201d1_4\u2033 _builder_version=\u201d4.16\u2033 custom_padding=\u201d|||\u201d global_colors_info=\u201d{}\u201d custom_padding__hover=\u201d|||\u201d][et_pb_cta button_url=\u201dhttps:\/\/lp.constantcontactpages.com\/sl\/88gWWwz\u201d button_text=\u201dJetzt anmelden\u201d admin_label=\u201dF\u00fcr Updates anmelden\u201d module_class=\u201dsign-btn\u201d _builder_version=\u201d4.27.4\u2033 header_font_size=\u201d25px\u201d background_color=\u201d#29327a\u201d animation_style=\u201dslide\u201d animation_direction=\u201dleft\u201d animation_intensity_slide=\u201d25%\u201d link_option_url=\u201dhttps:\/\/lp.constantcontactpages.com\/sl\/88gWWwz\u201d header_font_size_tablet=\u201d\u201d header_font_size_phone=\u201d30px\u201d header_font_size_last_edited=\u201dan|desktop\u201d z_index_tablet=\u201d500\u2033 border_radii=\u201dan|25px|25px|25px|25px\u201d global_colors_info=\u201d{}\u201d button_bg_color__hover_enabled=\u201dan\u201d button_bg_color__hover=\u201d#8fd2ed\u201d button_border_color__hover_enabled=\u201dan\u201d]<\/p>\n<h2>Melden Sie sich an<\/h2>\n<h2>f\u00fcr unsere<\/h2>\n<h2>Neuigkeiten!<\/h2>\n<p>[\/et_pb_cta][\/et_pb_column][et_pb_column type=\u201d1_4\u2033 _builder_version=\u201d4.16\u2033 custom_padding=\u201d|||\u201d global_colors_info=\u201d{}\u201d custom_padding__hover=\u201d|||\u201d][et_pb_cta button_url=\u201dhttps:\/\/progeriaresearch.donorsupport.co\/-\/XZHJVWZR\u201d button_text=\u201dJetzt spenden\u201d admin_label=\u201dGemeinsam werden wir die Heilung finden!\u201d module_class=\u201dsign-btn\u201d _builder_version=\u201d4.16\u2033 header_font_size=\u201d25px\u201d background_color=\u201d#29327a\u201d animation_style=\u201dslide\u201d animation_direction=\u201dleft\u201d animation_intensity_slide=\u201d25%\u201d header_font_size_tablet=\u201d\u201d header_font_size_phone=\u201d30px\u201d header_font_size_last_edited=\u201don|desktop\u201d body_font_size_tablet=\u201d\u201d body_font_size_phone=\u201d\u201d body_font_size_last_edited=\u201don|desktop\u201d z_index_tablet=\u201d500\u2033 border_radii=\u201don|25px|25px|25px|25px\u201d global_colors_info=\u201d{}\u201d button_bg_color__hover_enabled=\u201don\u201d button_bg_color__hover=\u201d#8fd2ed\u201d button_border_color__hover_enabled=\u201dein\u201d]<\/p>\n<h2>Gemeinsam<\/h2>\n<h2><em>WILLE<\/em><\/h2>\n<h2>Finde die Heilung!<\/h2>\n<p>[\/et_pb_cta][\/et_pb_column][et_pb_column type=&#8221;1_2&#8243; _builder_version=&#8221;4.16&#8243; custom_padding=&#8221;|||&#8221; global_colors_info=&#8221;{}&#8221; custom_padding__hover=&#8221;|||&#8221;][et_pb_image src=&#8221;https:\/\/www.progeriaresearch.org\/wp-content\/uploads\/2025\/05\/2025-strip-for-website-footer-1.png&#8221; title_text=&#8221;2025 strip for website footer&#8221; _builder_version=&#8221;4.27.4&#8243; _module_preset=&#8221;default&#8221; custom_margin=&#8221;35px||||false|false&#8221; hover_enabled=&#8221;0&#8243; global_colors_info=&#8221;{}&#8221; sticky_enabled=&#8221;0&#8243;][\/et_pb_image][\/et_pb_column][\/et_pb_row][\/et_pb_section]<\/p>","protected":false},"excerpt":{"rendered":"<p>[et_pb_section fb_built=\u201d1\u2033 fullwidth=\u201don\u201d disabled_on=\u201doff|off|off\u201d _builder_version=\u201d4.16\u2033 border_width_bottom=\u201d55px\u201d border_color_bottom=\u201d#29327a\u201d locked=\u201doff\u201d global_colors_info=\u201d{}\u201d][et_pb_fullwidth_header _builder_version=\u201d4.16\u2033 title_font=\u201d||||||||\u201d title_font_size=\u201d55\u2033 background_color=\u201d#29327a\u201d background_image=\u201dhttps:\/\/www.progeriaresearch.org\/wp-content\/uploads\/2019\/05\/parents-doctors-header-v4.jpg\u201d custom_padding=\u201d9vw||9vw||true\u201d custom_padding_tablet=\u201d\u201d custom_padding_phone=\u201d|56px||\u201d custom_padding_last_edited=\u201dauf|Desktop\u201d title_font_size_tablet=\u201d45px\u201d title_font_size_phone=\u201d40px\u201d title_font_size_last_edited=\u201dauf|Telefon\u201d z_index_tablet=\u201d500\u2033 custom_css_main_element=\u201dHintergrundposition: Mitte 18% !wichtig;\u201d global_colors_info=\u201d{}\u201d] Eltern &amp; \u00c4rzte [\/et_pb_fullwidth_header][\/et_pb_section][et_pb_section fb_built=\u201d1\u2033 use_custom_gutter=\u201don\u201d gutter_width=\u201d1\u2033 specialty=\u201don\u201d padding_left_1=\u201d35px\u201d padding_left_2=\u201d35px\u201d padding_2_tablet=\u201d|||0px\u201d padding_2_phone=\u201d|||0px\u201d padding_2_last_edited=\u201don|desktop\u201d module_class_1=\u201dsidebar-secondary-nav\u201d module_class=\u201dhandprint-bg\u201d _builder_version=\u201d4.16\u2033 background_image=\u201dhttps:\/\/www.progeriaresearch.org\/wp-content\/uploads\/2019\/04\/blue-handprint-only.png\u201d parallax=\u201don\u201d parallax_method=\u201daus\u201d innere_breite=\u201d100%\u201d innere_max_breite=\u201d100%\u201d benutzerdefinierte_padding=\u201d0|0px|54px|0px|false|false\u201d z_index_tablet=\u201d500\u2033 border_width_top=\u201d10px\u201d border_color_top=\u201d#8fd2ed\u201d use_custom_width=\u201dan\u201d width_unit=\u201daus\u201d [\u2026]<\/p>","protected":false},"author":1,"featured_media":0,"parent":0,"menu_order":0,"comment_status":"closed","ping_status":"closed","template":"","meta":{"_et_pb_use_builder":"on","_et_pb_old_content":"\t\t\t\t[vc_row][vc_column][vc_custom_heading text=\"Parents & Doctors\" font_container=\"tag:h1|text_align:center\" google_fonts=\"font_family:Open%20Sans%3A300%2C300italic%2Cregular%2Citalic%2C600%2C600italic%2C700%2C700italic%2C800%2C800italic|font_style:400%20regular%3A400%3Anormal\"][\/vc_column][\/vc_row][vc_row][vc_column][vc_column_text]<img class=\"alignleft wp-image-526 size-full\" src=\"https:\/\/www.progeriaresearch.org\/wp-content\/uploads\/2016\/12\/Milagros-Jul07.jpg\" width=\"193\" height=\"164\" \/>The Progeria Research Foundation was created in 1999 because there was almost no research or medical information for children with Progeria.\u00a0\u00a0PRF has created a comprehensive network of research-related needs to promote advances in the field, for all children diagnosed with Progeria from all over the world, firmly establishing itself as an international force driving Progeria research and education.\r\n\r\nWe hope these pages will help you to understand more about Progeria and how we are striving to help your children and family. \u00a0Please feel free to <a href=\"https:\/\/www.progeriaresearch.org\/contact_us.html\">contact us<\/a> with any questions. \u00a0\u00a0We are here to help you in any way we can.[\/vc_column_text][\/vc_column][\/vc_row]\t\t","_et_gb_content_width":"","footnotes":"","_links_to":"","_links_to_target":""},"class_list":["post-4747","page","type-page","status-publish","hentry"],"yoast_head":"<!-- This site is optimized with the Yoast SEO plugin v26.8 - https:\/\/yoast.com\/product\/yoast-seo-wordpress\/ -->\n<title>parents and doctors | The Progeria Research Foundation<\/title>\n<meta name=\"description\" content=\"Together, both Parents and Doctors have come together in bringing awareness of Progeria. Learn more how you all can help.\" \/>\n<meta name=\"robots\" content=\"index, follow, max-snippet:-1, max-image-preview:large, max-video-preview:-1\" \/>\n<link rel=\"canonical\" href=\"https:\/\/www.progeriaresearch.org\/de\/parents-and-doctors\/\" \/>\n<meta property=\"og:locale\" content=\"de_DE\" \/>\n<meta property=\"og:type\" content=\"article\" \/>\n<meta property=\"og:title\" content=\"parents and doctors | The Progeria Research Foundation\" \/>\n<meta property=\"og:description\" content=\"Together, both Parents and Doctors have come together in bringing awareness of Progeria. Learn more how you all can help.\" \/>\n<meta property=\"og:url\" content=\"https:\/\/www.progeriaresearch.org\/de\/parents-and-doctors\/\" \/>\n<meta property=\"og:site_name\" content=\"The Progeria Research Foundation\" \/>\n<meta property=\"article:publisher\" content=\"https:\/\/www.facebook.com\/ProgeriaResearch\/\" \/>\n<meta property=\"article:modified_time\" content=\"2025-05-02T17:11:22+00:00\" \/>\n<meta property=\"og:image\" content=\"https:\/\/www.progeriaresearch.org\/wp-content\/uploads\/2016\/12\/Milagros-Jul07.jpg\" \/>\n<meta name=\"twitter:card\" content=\"summary_large_image\" \/>\n<meta name=\"twitter:site\" content=\"@Progeria\" \/>\n<meta name=\"twitter:label1\" content=\"Est. reading time\" \/>\n\t<meta name=\"twitter:data1\" content=\"3 Minuten\" \/>\n<script type=\"application\/ld+json\" class=\"yoast-schema-graph\">{\"@context\":\"https:\/\/schema.org\",\"@graph\":[{\"@type\":\"WebPage\",\"@id\":\"https:\/\/www.progeriaresearch.org\/it\/parents-and-doctors\/\",\"url\":\"https:\/\/www.progeriaresearch.org\/it\/parents-and-doctors\/\",\"name\":\"parents and doctors | The Progeria Research Foundation\",\"isPartOf\":{\"@id\":\"https:\/\/www.progeriaresearch.org\/ta\/#website\"},\"primaryImageOfPage\":{\"@id\":\"https:\/\/www.progeriaresearch.org\/it\/parents-and-doctors\/#primaryimage\"},\"image\":{\"@id\":\"https:\/\/www.progeriaresearch.org\/it\/parents-and-doctors\/#primaryimage\"},\"thumbnailUrl\":\"https:\/\/www.progeriaresearch.org\/wp-content\/uploads\/2016\/12\/Milagros-Jul07.jpg\",\"datePublished\":\"2016-12-22T13:36:43+00:00\",\"dateModified\":\"2025-05-02T17:11:22+00:00\",\"description\":\"Together, both Parents and Doctors have come together in bringing awareness of Progeria. Learn more how you all can help.\",\"breadcrumb\":{\"@id\":\"https:\/\/www.progeriaresearch.org\/it\/parents-and-doctors\/#breadcrumb\"},\"inLanguage\":\"de\",\"potentialAction\":[{\"@type\":\"ReadAction\",\"target\":[\"https:\/\/www.progeriaresearch.org\/it\/parents-and-doctors\/\"]}]},{\"@type\":\"ImageObject\",\"inLanguage\":\"de\",\"@id\":\"https:\/\/www.progeriaresearch.org\/it\/parents-and-doctors\/#primaryimage\",\"url\":\"https:\/\/www.progeriaresearch.org\/wp-content\/uploads\/2016\/12\/Milagros-Jul07.jpg\",\"contentUrl\":\"https:\/\/www.progeriaresearch.org\/wp-content\/uploads\/2016\/12\/Milagros-Jul07.jpg\"},{\"@type\":\"BreadcrumbList\",\"@id\":\"https:\/\/www.progeriaresearch.org\/it\/parents-and-doctors\/#breadcrumb\",\"itemListElement\":[{\"@type\":\"ListItem\",\"position\":1,\"name\":\"Home\",\"item\":\"https:\/\/www.progeriaresearch.org\/\"},{\"@type\":\"ListItem\",\"position\":2,\"name\":\"Parents &#038; Doctors\"}]},{\"@type\":\"WebSite\",\"@id\":\"https:\/\/www.progeriaresearch.org\/ta\/#website\",\"url\":\"https:\/\/www.progeriaresearch.org\/ta\/\",\"name\":\"The Progeria Research Foundation\",\"description\":\"For the Children \u2665 For the Cure\",\"publisher\":{\"@id\":\"https:\/\/www.progeriaresearch.org\/ta\/#organization\"},\"potentialAction\":[{\"@type\":\"SearchAction\",\"target\":{\"@type\":\"EntryPoint\",\"urlTemplate\":\"https:\/\/www.progeriaresearch.org\/ta\/?s={search_term_string}\"},\"query-input\":{\"@type\":\"PropertyValueSpecification\",\"valueRequired\":true,\"valueName\":\"search_term_string\"}}],\"inLanguage\":\"de\"},{\"@type\":\"Organization\",\"@id\":\"https:\/\/www.progeriaresearch.org\/ta\/#organization\",\"name\":\"The Progeria Research Foundation\",\"url\":\"https:\/\/www.progeriaresearch.org\/ta\/\",\"logo\":{\"@type\":\"ImageObject\",\"inLanguage\":\"de\",\"@id\":\"https:\/\/www.progeriaresearch.org\/ta\/#\/schema\/logo\/image\/\",\"url\":\"https:\/\/www.progeriaresearch.org\/wp-content\/uploads\/2019\/05\/PRF_Logo_2019_optimized.png\",\"contentUrl\":\"https:\/\/www.progeriaresearch.org\/wp-content\/uploads\/2019\/05\/PRF_Logo_2019_optimized.png\",\"width\":300,\"height\":86,\"caption\":\"The Progeria Research Foundation\"},\"image\":{\"@id\":\"https:\/\/www.progeriaresearch.org\/ta\/#\/schema\/logo\/image\/\"},\"sameAs\":[\"https:\/\/www.facebook.com\/ProgeriaResearch\/\",\"https:\/\/x.com\/Progeria\",\"https:\/\/www.instagram.com\/progeriaresearch\/\"]}]}<\/script>\n<!-- \/ Yoast SEO plugin. -->","yoast_head_json":{"title":"parents and doctors | The Progeria Research Foundation","description":"Together, both Parents and Doctors have come together in bringing awareness of Progeria. Learn more how you all can help.","robots":{"index":"index","follow":"follow","max-snippet":"max-snippet:-1","max-image-preview":"max-image-preview:large","max-video-preview":"max-video-preview:-1"},"canonical":"https:\/\/www.progeriaresearch.org\/de\/parents-and-doctors\/","og_locale":"de_DE","og_type":"article","og_title":"parents and doctors | The Progeria Research Foundation","og_description":"Together, both Parents and Doctors have come together in bringing awareness of Progeria. Learn more how you all can help.","og_url":"https:\/\/www.progeriaresearch.org\/de\/parents-and-doctors\/","og_site_name":"The Progeria Research Foundation","article_publisher":"https:\/\/www.facebook.com\/ProgeriaResearch\/","article_modified_time":"2025-05-02T17:11:22+00:00","og_image":[{"url":"https:\/\/www.progeriaresearch.org\/wp-content\/uploads\/2016\/12\/Milagros-Jul07.jpg","type":"","width":"","height":""}],"twitter_card":"summary_large_image","twitter_site":"@Progeria","twitter_misc":{"Est. reading time":"3 Minuten"},"schema":{"@context":"https:\/\/schema.org","@graph":[{"@type":"WebPage","@id":"https:\/\/www.progeriaresearch.org\/it\/parents-and-doctors\/","url":"https:\/\/www.progeriaresearch.org\/it\/parents-and-doctors\/","name":"parents and doctors | The Progeria Research Foundation","isPartOf":{"@id":"https:\/\/www.progeriaresearch.org\/ta\/#website"},"primaryImageOfPage":{"@id":"https:\/\/www.progeriaresearch.org\/it\/parents-and-doctors\/#primaryimage"},"image":{"@id":"https:\/\/www.progeriaresearch.org\/it\/parents-and-doctors\/#primaryimage"},"thumbnailUrl":"https:\/\/www.progeriaresearch.org\/wp-content\/uploads\/2016\/12\/Milagros-Jul07.jpg","datePublished":"2016-12-22T13:36:43+00:00","dateModified":"2025-05-02T17:11:22+00:00","description":"Together, both Parents and Doctors have come together in bringing awareness of Progeria. Learn more how you all can help.","breadcrumb":{"@id":"https:\/\/www.progeriaresearch.org\/it\/parents-and-doctors\/#breadcrumb"},"inLanguage":"de","potentialAction":[{"@type":"ReadAction","target":["https:\/\/www.progeriaresearch.org\/it\/parents-and-doctors\/"]}]},{"@type":"ImageObject","inLanguage":"de","@id":"https:\/\/www.progeriaresearch.org\/it\/parents-and-doctors\/#primaryimage","url":"https:\/\/www.progeriaresearch.org\/wp-content\/uploads\/2016\/12\/Milagros-Jul07.jpg","contentUrl":"https:\/\/www.progeriaresearch.org\/wp-content\/uploads\/2016\/12\/Milagros-Jul07.jpg"},{"@type":"BreadcrumbList","@id":"https:\/\/www.progeriaresearch.org\/it\/parents-and-doctors\/#breadcrumb","itemListElement":[{"@type":"ListItem","position":1,"name":"Home","item":"https:\/\/www.progeriaresearch.org\/"},{"@type":"ListItem","position":2,"name":"Parents &#038; Doctors"}]},{"@type":"WebSite","@id":"https:\/\/www.progeriaresearch.org\/ta\/#website","url":"https:\/\/www.progeriaresearch.org\/ta\/","name":"Die Progeria Research Foundation","description":"F\u00fcr die Kinder \u2665 F\u00fcr die Heilung","publisher":{"@id":"https:\/\/www.progeriaresearch.org\/ta\/#organization"},"potentialAction":[{"@type":"SearchAction","target":{"@type":"EntryPoint","urlTemplate":"https:\/\/www.progeriaresearch.org\/ta\/?s={search_term_string}"},"query-input":{"@type":"PropertyValueSpecification","valueRequired":true,"valueName":"search_term_string"}}],"inLanguage":"de"},{"@type":"Organization","@id":"https:\/\/www.progeriaresearch.org\/ta\/#organization","name":"Die Progeria Research Foundation","url":"https:\/\/www.progeriaresearch.org\/ta\/","logo":{"@type":"ImageObject","inLanguage":"de","@id":"https:\/\/www.progeriaresearch.org\/ta\/#\/schema\/logo\/image\/","url":"https:\/\/www.progeriaresearch.org\/wp-content\/uploads\/2019\/05\/PRF_Logo_2019_optimized.png","contentUrl":"https:\/\/www.progeriaresearch.org\/wp-content\/uploads\/2019\/05\/PRF_Logo_2019_optimized.png","width":300,"height":86,"caption":"The Progeria Research Foundation"},"image":{"@id":"https:\/\/www.progeriaresearch.org\/ta\/#\/schema\/logo\/image\/"},"sameAs":["https:\/\/www.facebook.com\/ProgeriaResearch\/","https:\/\/x.com\/Progeria","https:\/\/www.instagram.com\/progeriaresearch\/"]}]}},"_links":{"self":[{"href":"https:\/\/www.progeriaresearch.org\/de\/wp-json\/wp\/v2\/pages\/4747","targetHints":{"allow":["GET"]}}],"collection":[{"href":"https:\/\/www.progeriaresearch.org\/de\/wp-json\/wp\/v2\/pages"}],"about":[{"href":"https:\/\/www.progeriaresearch.org\/de\/wp-json\/wp\/v2\/types\/page"}],"author":[{"embeddable":true,"href":"https:\/\/www.progeriaresearch.org\/de\/wp-json\/wp\/v2\/users\/1"}],"replies":[{"embeddable":true,"href":"https:\/\/www.progeriaresearch.org\/de\/wp-json\/wp\/v2\/comments?post=4747"}],"version-history":[{"count":0,"href":"https:\/\/www.progeriaresearch.org\/de\/wp-json\/wp\/v2\/pages\/4747\/revisions"}],"wp:attachment":[{"href":"https:\/\/www.progeriaresearch.org\/de\/wp-json\/wp\/v2\/media?parent=4747"}],"curies":[{"name":"wp","href":"https:\/\/api.w.org\/{rel}","templated":true}]}}