{"id":883,"date":"2017-02-26T22:03:05","date_gmt":"2017-02-26T22:03:05","guid":{"rendered":"https:\/\/www.progeriaresearch.org\/?page_id=883"},"modified":"2023-09-22T09:20:14","modified_gmt":"2023-09-22T13:20:14","slug":"our-people","status":"publish","type":"page","link":"https:\/\/www.progeriaresearch.org\/de\/our-people\/","title":{"rendered":"Unsere Mitarbeiter"},"content":{"rendered":"<p>[et_pb_section fb_built=\u201d1\u2033 fullwidth=\u201don\u201d disabled_on=\u201doff|off|off\u201d _builder_version=\u201d4.16\u2033 border_width_bottom=\u201d55px\u201d border_color_bottom=\u201d#29327a\u201d global_colors_info=\u201d{}\u201d][et_pb_fullwidth_header _builder_version=\u201d4.16\u2033 title_font_size=\u201d55\u2033 background_color=\u201d#29327a\u201d background_image=\u201dhttps:\/\/www.progeriaresearch.org\/wp-content\/uploads\/2019\/04\/About-Header.jpg\u201d background_position=\u201dcenter_left\u201d custom_padding=\u201d11.5vw||11.5vw||true\u201d custom_padding_tablet=\u201d\u201d custom_padding_phone=\u201d|56px||\u201d custom_padding_last_edited=\u201dauf|Desktop\u201d title_font_size_tablet=\u201d45px\u201d title_font_size_phone=\u201d40px\u201d title_font_size_last_edited=\u201dauf|Telefon\u201d z_index_tablet=\u201d500\u2033 custom_css_main_element=\u201dHintergrundposition: Mitte 18% !wichtig;\u201d global_colors_info=\u201d{}\u201d]<\/p>\n<h1>Unsere Mitarbeiter<\/h1>\n<p>[\/et_pb_fullwidth_header][\/et_pb_section][et_pb_section fb_built=\u201d1\u2033 use_custom_gutter=\u201don\u201d gutter_width=\u201d1\u2033 specialty=\u201don\u201d padding_left_1=\u201d35px\u201d padding_left_2=\u201d35px\u201d padding_2_tablet=\u201d|||0px\u201d padding_2_phone=\u201d|||0px\u201d padding_2_last_edited=\u201don|desktop\u201d module_class_1=\u201dsidebar-secondary-nav\u201d module_class=\u201dhandprint-bg\u201d _builder_version=\u201d4.16\u2033 background_image=\u201dhttps:\/\/www.progeriaresearch.org\/wp-content\/uploads\/2019\/04\/blue-handprint-only.png\u201d parallax=\u201don\u201d parallax_method=\u201doff\u201d inner_width=\u201d100%\u201d inner_max_width=\u201d100%\u201d custom_padding=\u201d0|0px|54px|0px|false|false\u201d z_index_tablet=\u201d500\u2033 border_width_top=\u201d10px\u201d border_color_top=\u201d#8fd2ed\u201d use_custom_width=\u201dan\u201d width_unit=\u201daus\u201d custom_width_percent=\u201d100%\u201d global_colors_info=\u201d{}\u201d][et_pb_column type=\u201d1_4\u2033 _builder_version=\u201d4.16\u2033 custom_padding=\u201d|||\u201d global_colors_info=\u201d{}\u201d custom_padding__hover=\u201d|||\u201d][et_pb_sidebar area=\u201det_pb_widget_area_17\u2033 disabled_on=\u201dan|an|aus\u201d module_class=\u201dUnterseiten-Seitenleisten\u201d _builder_version=\u201d4.16\u2033 animation_style=\u201dverblassen\u201d z_index_tablet=\u201d500\u2033 border_width_right=\u201d5px\u201d global_colors_info=\u201d{}\u201d]<br \/>\n[\/et_pb_sidebar][\/et_pb_column][et_pb_column Typ=\u201d3_4\u2033 Spezialspalten=\u201d3\u2033 _builder_version=\u201d4.16\u2033 benutzerdefiniertes_Padding=\u201d|||\u201d global_colors_info=\u201d{}\u201d custom_padding__hover=\u201d|||\u201d][et_pb_row_inner custom_padding_last_edited=\u201dam|Telefon\u201d _builder_version=\u201d4.16\u2033 custom_padding=\u201d39.4375px|35px|35px||false|false\u201d custom_padding_tablet=\u201d|35px||35px||true\u201d custom_padding_phone=\u201d\u201d animation_direction=\u201doben\u201d global_colors_info=\u201d{}\u201d][et_pb_column_inner saved_specialty_column_type=\u201d3_4\u2033 _builder_version=\u201d4.16\u2033 custom_padding=\u201d|||\u201d global_colors_info=\u201d{}\u201d custom_padding__hover=\u201d|||\u201d][et_pb_text _builder_version=\u201d4.16\u2033 background_size=\u201dinitial\u201d background_position=\u201doben_links\u201d background_repeat=\u201dwiederholen\u201d z_index_tablet=\u201d500\u2033 global_colors_info=\u201d{}\u201d]<\/p>\n<p>Als 1998 bei Sam, dem einzigen Kind der \u00c4rzte Leslie Gordon und Scott Berns, Progerie diagnostiziert wurde, begannen sie sofort, so viele Informationen wie m\u00f6glich \u00fcber die Krankheit zu sammeln. Sie stellten fest, dass nicht viel verf\u00fcgbar war: Es gab keine M\u00f6glichkeit, die Krankheit eindeutig zu testen, keine Finanzierung f\u00fcr die Progerieforschung und keine Organisation, die sich f\u00fcr Kinder mit Progerie einsetzte. Also versammelten sie 1999 Familie, Freunde und Kollegen um sich und gr\u00fcndeten die Progeria Research Foundation, um die Ursache, Behandlung und Heilung f\u00fcr Progerie zu finden.<\/p>\n<p>Seitdem haben sich Hunderte engagierter Freiwilliger dem PRF-Team angeschlossen, um die Progerieforschung in au\u00dfergew\u00f6hnlichem Tempo voranzubringen. Der Vorstand, der Beirat, die Ausschussmitglieder, die Unternehmensleitung, Anw\u00e4lte, Buchhalter, Grafikdesigner und PR-Vertreter von PRF widmen PRF ihre Zeit, Energie und Talente unentgeltlich, um sicherzustellen, dass weniger f\u00fcr Verwaltungskosten aufgewendet wird und mehr f\u00fcr die Aufkl\u00e4rung und die Suche nach einem Heilmittel f\u00fcr Progerie. Klicken Sie auf die Links auf der linken Seite, um mehr \u00fcber unsere Kerngruppe zu erfahren, und lesen Sie auch \u00fcber viele unserer anderen Helden. <a href=\"https:\/\/www.progeriaresearch.org\/de\/be-a-miracle-maker\/\">Die Wundert\u00e4ter von PRF<\/a>.<\/p>\n<p>[\/et_pb_text][\/et_pb_column_inner][\/et_pb_row_inner][\/et_pb_column][\/et_pb_section][et_pb_section fb_built=\u201d1\u2033 module_class=\u201dfooter\u201d _builder_version=\u201d4.21.0\u2033 background_color=\u201d#29327a\u201d custom_margin=\u201d-2px|||||\u201d custom_padding=\u201d0|0px|0|0px|false|false\u201d z_index_tablet=\u201d500\u2033 border_width_top=\u201d12px\u201d border_color_top=\u201d#00b2e2\u2033 global_module=\u201d133\u2033 gesperrt=\u201daus\u201d global_colors_info=\u201d{}\u201d][et_pb_row column_structure=\u201d1_4,1_4,1_2\u2033 make_equal=\u201dan\u201d module_class=\u201d et_pb_row_fullwidth\u201d _builder_version=\u201d4.16\u2033 width=\u201d89%\u201d width_tablet=\u201d80%\u201d width_phone=\u201d\u201d width_last_edited=\u201dan|desktop\u201d max_width=\u201d89%\u201d max_width_tablet=\u201d80%\u201d max_width_phone=\u201d\u201d max_width_last_edited=\u201dan|desktop\u201d z_index_tablet=\u201d500\u2033 make_fullwidth=\u201dan\u201d width_unit=\u201daus\u201d custom_width_percent=\u201d100%\u201d global_colors_info=\u201d{}\u201d][et_pb_column type=\u201d1_4\u2033 _builder_version=\u201d4.16\u2033 custom_padding=\u201d|||\u201d global_colors_info=\u201d{}\u201d custom_padding__hover=\u201d|||\u201d][et_pb_cta button_url=\u201dhttps:\/\/www.progeriaresearch.org\/newsletter-signup\/\u201d button_text=\u201dJetzt anmelden\u201d admin_label=\u201dF\u00fcr Newsletter anmelden\u201d module_class=\u201dsign-btn\u201d _builder_version=\u201d4.16\u2033 header_font_size=\u201d25px\u201d background_color=\u201d#29327a\u201d animation_style=\u201dslide\u201d animation_direction=\u201dleft\u201d animation_intensity_slide=\u201d25%\u201d header_font_size_tablet=\u201d\u201d header_font_size_phone=\u201d30px\u201d header_font_size_last_edited=\u201don|desktop\u201d z_index_tablet=\u201d500\u2033 border_radii=\u201dan|25px|25px|25px|25px\u201d global_colors_info=\u201d{}\u201d button_bg_color__hover_enabled=\u201dan\u201d button_bg_color__hover=\u201d#8fd2ed\u201d button_border_color__hover_enabled=\u201dan\u201d]<\/p>\n<h2>Melden Sie sich an<\/h2>\n<h2>f\u00fcr unsere<\/h2>\n<h2>Newsletter!<\/h2>\n<p>[\/et_pb_cta][\/et_pb_column][et_pb_column type=\u201d1_4\u2033 _builder_version=\u201d4.16\u2033 custom_padding=\u201d|||\u201d global_colors_info=\u201d{}\u201d custom_padding__hover=\u201d|||\u201d][et_pb_cta button_url=\u201dhttps:\/\/progeriaresearch.donorsupport.co\/-\/XZHJVWZR\u201d button_text=\u201dJetzt spenden\u201d admin_label=\u201dGemeinsam werden wir die Heilung finden!\u201d module_class=\u201dsign-btn\u201d _builder_version=\u201d4.16\u2033 header_font_size=\u201d25px\u201d background_color=\u201d#29327a\u201d animation_style=\u201dslide\u201d animation_direction=\u201dleft\u201d animation_intensity_slide=\u201d25%\u201d header_font_size_tablet=\u201d\u201d header_font_size_phone=\u201d30px\u201d header_font_size_last_edited=\u201don|desktop\u201d body_font_size_tablet=\u201d\u201d body_font_size_phone=\u201d\u201d body_font_size_last_edited=\u201don|desktop\u201d z_index_tablet=\u201d500\u2033 border_radii=\u201don|25px|25px|25px|25px\u201d global_colors_info=\u201d{}\u201d button_bg_color__hover_enabled=\u201don\u201d button_bg_color__hover=\u201d#8fd2ed\u201d button_border_color__hover_enabled=\u201dein\u201d]<\/p>\n<h2>Gemeinsam<\/h2>\n<h2><em>WILLE<\/em><\/h2>\n<h2>Finde die Heilung!<\/h2>\n<p>[\/et_pb_cta][\/et_pb_column][et_pb_column Typ=\u201d1_2\u2033 _builder_version=\u201d4.16\u2033 custom_padding=\u201d|||\u201d global_colors_info=\u201d{}\u201d custom_padding__hover=\u201d|||\u201d][et_pb_image src=\u201dhttps:\/\/www.progeriaresearch.org\/wp-content\/uploads\/2023\/06\/2023-footer-strip-5.png\u201d title_text=\u201d2023 Fu\u00dfzeilenstreifen 5\u2033 _builder_version=\u201d4.21.0\u2033 _module_preset=\u201ddefault\u201d custom_margin=\u201d35px||||false|false\u201d global_colors_info=\u201d{}\u201d][\/et_pb_image][\/et_pb_column][\/et_pb_row][\/et_pb_section]<\/p>","protected":false},"excerpt":{"rendered":"<p>[et_pb_section fb_built=\u201d1\u2033 fullwidth=\u201don\u201d disabled_on=\u201doff|off|off\u201d _builder_version=\u201d4.16\u2033 border_width_bottom=\u201d55px\u201d border_color_bottom=\u201d#29327a\u201d global_colors_info=\u201d{}\u201d][et_pb_fullwidth_header _builder_version=\u201d4.16\u2033 title_font_size=\u201d55\u2033 background_color=\u201d#29327a\u201d background_image=\u201dhttps:\/\/www.progeriaresearch.org\/wp-content\/uploads\/2019\/04\/About-Header.jpg\u201d background_position=\u201dcenter_left\u201d custom_padding=\u201d11.5vw||11.5vw||true\u201d custom_padding_tablet=\u201d\u201d custom_padding_phone=\u201d|56px||\u201d custom_padding_last_edited=\u201dauf|Desktop\u201d title_font_size_tablet=\u201d45px\u201d title_font_size_phone=\u201d40px\u201d title_font_size_last_edited=\u201dauf|Telefon\u201d z_index_tablet=\u201d500\u2033 custom_css_main_element=\u201dHintergrundposition: Mitte 18% !wichtig;\u201d global_colors_info=\u201d{}\u201d] Unsere Leute [\/et_pb_fullwidth_header][\/et_pb_section][et_pb_section fb_built=\u201d1\u2033 use_custom_gutter=\u201don\u201d gutter_width=\u201d1\u2033 specialty=\u201don\u201d padding_left_1=\u201d35px\u201d padding_left_2=\u201d35px\u201d padding_2_tablet=\u201d|||0px\u201d padding_2_phone=\u201d|||0px\u201d padding_2_last_edited=\u201don|desktop\u201d module_class_1=\u201dsidebar-secondary-nav\u201d module_class=\u201dhandprint-bg\u201d _builder_version=\u201d4.16\u2033 background_image=\u201dhttps:\/\/www.progeriaresearch.org\/wp-content\/uploads\/2019\/04\/blue-handprint-only.png\u201d parallax=\u201don\u201d parallax_method=\u201daus\u201d inner_width=\u201d100%\u201d inner_max_width=\u201d100%\u201d custom_padding=\u201d0|0px|54px|0px|false|false\u201d z_index_tablet=\u201d500\u2033 border_width_top=\u201d10px\u201d border_color_top=\u201d#8fd2ed\u201d use_custom_width=\u201dan\u201d width_unit=\u201daus\u201d custom_width_percent=\u201d100%\u201d global_colors_info=\u201d{}\u201d][et_pb_column type=\u201d1_4\u2033 [\u2026]<\/p>","protected":false},"author":1,"featured_media":0,"parent":0,"menu_order":0,"comment_status":"closed","ping_status":"closed","template":"","meta":{"_et_pb_use_builder":"on","_et_pb_old_content":"[vc_row][vc_column][vc_custom_heading text=\"Our People\" font_container=\"tag:h1|text_align:center\" use_theme_fonts=\"yes\"][vc_separator][vc_column_text]When Drs. Leslie Gordon and Scott Berns\u2019 only child Sam was diagnosed with Progeria in 1998, they immediately began to collect as much information as they could find on the disease. They discovered that there wasn\u2019t much available: there was no way to definitively test for the disease, no funding for Progeria research, and no organization advocating for children with Progeria. So in 1999, they gathered family, friends and colleagues and established The Progeria Research Foundation to find the cause, treatment and cure for Progeria.\r\n\r\nSince then, hundreds of dedicated volunteers have joined the PRF team to help advance the field of Progeria research at an extraordinary rate. PRF\u2019s Board of Directors, Board of Advisors, Committee members, Corporate Officers, lawyers, accountants, graphic designers and public relations representatives all devote their time, energy and talents to PRF for free to ensure less is spent on administrative costs and more on raising awareness and finding a cure for Progeria.Click on the links to the left to read more about our core group, and also read about many of our other heroes, <a href=\"https:\/\/www.progeriaresearch.org\/be-a-miracle-maker\/\">PRF\u2019s Miracle Makers<\/a>.[\/vc_column_text][\/vc_column][\/vc_row]","_et_gb_content_width":"","footnotes":"","_links_to":"","_links_to_target":""},"class_list":["post-883","page","type-page","status-publish","hentry"],"yoast_head":"<!-- This site is optimized with the Yoast SEO plugin v26.8 - https:\/\/yoast.com\/product\/yoast-seo-wordpress\/ -->\n<title>People | The Progeria Research Foundation<\/title>\n<meta name=\"description\" content=\"Learn about our people and how the Progeria Research Foundation became established!\" \/>\n<meta name=\"robots\" content=\"index, follow, max-snippet:-1, max-image-preview:large, max-video-preview:-1\" \/>\n<link rel=\"canonical\" href=\"https:\/\/www.progeriaresearch.org\/de\/our-people\/\" \/>\n<meta property=\"og:locale\" content=\"de_DE\" \/>\n<meta property=\"og:type\" content=\"article\" \/>\n<meta property=\"og:title\" content=\"People | The Progeria Research Foundation\" \/>\n<meta property=\"og:description\" content=\"Learn about our people and how the Progeria Research Foundation became established!\" \/>\n<meta property=\"og:url\" content=\"https:\/\/www.progeriaresearch.org\/de\/our-people\/\" \/>\n<meta property=\"og:site_name\" content=\"The Progeria Research Foundation\" \/>\n<meta property=\"article:publisher\" content=\"https:\/\/www.facebook.com\/ProgeriaResearch\/\" \/>\n<meta property=\"article:modified_time\" content=\"2023-09-22T13:20:14+00:00\" \/>\n<meta name=\"twitter:card\" content=\"summary_large_image\" \/>\n<meta name=\"twitter:site\" content=\"@Progeria\" \/>\n<meta name=\"twitter:label1\" content=\"Est. reading time\" \/>\n\t<meta name=\"twitter:data1\" content=\"3 Minuten\" \/>\n<script type=\"application\/ld+json\" class=\"yoast-schema-graph\">{\"@context\":\"https:\/\/schema.org\",\"@graph\":[{\"@type\":\"WebPage\",\"@id\":\"https:\/\/www.progeriaresearch.org\/mr\/our-people\/\",\"url\":\"https:\/\/www.progeriaresearch.org\/mr\/our-people\/\",\"name\":\"People | The Progeria Research Foundation\",\"isPartOf\":{\"@id\":\"https:\/\/www.progeriaresearch.org\/ta\/#website\"},\"datePublished\":\"2017-02-26T22:03:05+00:00\",\"dateModified\":\"2023-09-22T13:20:14+00:00\",\"description\":\"Learn about our people and how the Progeria Research Foundation became established!\",\"breadcrumb\":{\"@id\":\"https:\/\/www.progeriaresearch.org\/mr\/our-people\/#breadcrumb\"},\"inLanguage\":\"de\",\"potentialAction\":[{\"@type\":\"ReadAction\",\"target\":[\"https:\/\/www.progeriaresearch.org\/mr\/our-people\/\"]}]},{\"@type\":\"BreadcrumbList\",\"@id\":\"https:\/\/www.progeriaresearch.org\/mr\/our-people\/#breadcrumb\",\"itemListElement\":[{\"@type\":\"ListItem\",\"position\":1,\"name\":\"Home\",\"item\":\"https:\/\/www.progeriaresearch.org\/\"},{\"@type\":\"ListItem\",\"position\":2,\"name\":\"Our People\"}]},{\"@type\":\"WebSite\",\"@id\":\"https:\/\/www.progeriaresearch.org\/ta\/#website\",\"url\":\"https:\/\/www.progeriaresearch.org\/ta\/\",\"name\":\"The Progeria Research Foundation\",\"description\":\"For the Children \u2665 For the Cure\",\"publisher\":{\"@id\":\"https:\/\/www.progeriaresearch.org\/ta\/#organization\"},\"potentialAction\":[{\"@type\":\"SearchAction\",\"target\":{\"@type\":\"EntryPoint\",\"urlTemplate\":\"https:\/\/www.progeriaresearch.org\/ta\/?s={search_term_string}\"},\"query-input\":{\"@type\":\"PropertyValueSpecification\",\"valueRequired\":true,\"valueName\":\"search_term_string\"}}],\"inLanguage\":\"de\"},{\"@type\":\"Organization\",\"@id\":\"https:\/\/www.progeriaresearch.org\/ta\/#organization\",\"name\":\"The Progeria Research Foundation\",\"url\":\"https:\/\/www.progeriaresearch.org\/ta\/\",\"logo\":{\"@type\":\"ImageObject\",\"inLanguage\":\"de\",\"@id\":\"https:\/\/www.progeriaresearch.org\/ta\/#\/schema\/logo\/image\/\",\"url\":\"https:\/\/www.progeriaresearch.org\/wp-content\/uploads\/2019\/05\/PRF_Logo_2019_optimized.png\",\"contentUrl\":\"https:\/\/www.progeriaresearch.org\/wp-content\/uploads\/2019\/05\/PRF_Logo_2019_optimized.png\",\"width\":300,\"height\":86,\"caption\":\"The Progeria Research Foundation\"},\"image\":{\"@id\":\"https:\/\/www.progeriaresearch.org\/ta\/#\/schema\/logo\/image\/\"},\"sameAs\":[\"https:\/\/www.facebook.com\/ProgeriaResearch\/\",\"https:\/\/x.com\/Progeria\",\"https:\/\/www.instagram.com\/progeriaresearch\/\"]}]}<\/script>\n<!-- \/ Yoast SEO plugin. -->","yoast_head_json":{"title":"People | The Progeria Research Foundation","description":"Learn about our people and how the Progeria Research Foundation became established!","robots":{"index":"index","follow":"follow","max-snippet":"max-snippet:-1","max-image-preview":"max-image-preview:large","max-video-preview":"max-video-preview:-1"},"canonical":"https:\/\/www.progeriaresearch.org\/de\/our-people\/","og_locale":"de_DE","og_type":"article","og_title":"People | The Progeria Research Foundation","og_description":"Learn about our people and how the Progeria Research Foundation became established!","og_url":"https:\/\/www.progeriaresearch.org\/de\/our-people\/","og_site_name":"The Progeria Research Foundation","article_publisher":"https:\/\/www.facebook.com\/ProgeriaResearch\/","article_modified_time":"2023-09-22T13:20:14+00:00","twitter_card":"summary_large_image","twitter_site":"@Progeria","twitter_misc":{"Est. reading time":"3 Minuten"},"schema":{"@context":"https:\/\/schema.org","@graph":[{"@type":"WebPage","@id":"https:\/\/www.progeriaresearch.org\/mr\/our-people\/","url":"https:\/\/www.progeriaresearch.org\/mr\/our-people\/","name":"People | The Progeria Research Foundation","isPartOf":{"@id":"https:\/\/www.progeriaresearch.org\/ta\/#website"},"datePublished":"2017-02-26T22:03:05+00:00","dateModified":"2023-09-22T13:20:14+00:00","description":"Learn about our people and how the Progeria Research Foundation became established!","breadcrumb":{"@id":"https:\/\/www.progeriaresearch.org\/mr\/our-people\/#breadcrumb"},"inLanguage":"de","potentialAction":[{"@type":"ReadAction","target":["https:\/\/www.progeriaresearch.org\/mr\/our-people\/"]}]},{"@type":"BreadcrumbList","@id":"https:\/\/www.progeriaresearch.org\/mr\/our-people\/#breadcrumb","itemListElement":[{"@type":"ListItem","position":1,"name":"Home","item":"https:\/\/www.progeriaresearch.org\/"},{"@type":"ListItem","position":2,"name":"Our People"}]},{"@type":"WebSite","@id":"https:\/\/www.progeriaresearch.org\/ta\/#website","url":"https:\/\/www.progeriaresearch.org\/ta\/","name":"Die Progeria Research Foundation","description":"F\u00fcr die Kinder \u2665 F\u00fcr die Heilung","publisher":{"@id":"https:\/\/www.progeriaresearch.org\/ta\/#organization"},"potentialAction":[{"@type":"SearchAction","target":{"@type":"EntryPoint","urlTemplate":"https:\/\/www.progeriaresearch.org\/ta\/?s={search_term_string}"},"query-input":{"@type":"PropertyValueSpecification","valueRequired":true,"valueName":"search_term_string"}}],"inLanguage":"de"},{"@type":"Organization","@id":"https:\/\/www.progeriaresearch.org\/ta\/#organization","name":"Die Progeria Research Foundation","url":"https:\/\/www.progeriaresearch.org\/ta\/","logo":{"@type":"ImageObject","inLanguage":"de","@id":"https:\/\/www.progeriaresearch.org\/ta\/#\/schema\/logo\/image\/","url":"https:\/\/www.progeriaresearch.org\/wp-content\/uploads\/2019\/05\/PRF_Logo_2019_optimized.png","contentUrl":"https:\/\/www.progeriaresearch.org\/wp-content\/uploads\/2019\/05\/PRF_Logo_2019_optimized.png","width":300,"height":86,"caption":"The Progeria Research Foundation"},"image":{"@id":"https:\/\/www.progeriaresearch.org\/ta\/#\/schema\/logo\/image\/"},"sameAs":["https:\/\/www.facebook.com\/ProgeriaResearch\/","https:\/\/x.com\/Progeria","https:\/\/www.instagram.com\/progeriaresearch\/"]}]}},"_links":{"self":[{"href":"https:\/\/www.progeriaresearch.org\/de\/wp-json\/wp\/v2\/pages\/883","targetHints":{"allow":["GET"]}}],"collection":[{"href":"https:\/\/www.progeriaresearch.org\/de\/wp-json\/wp\/v2\/pages"}],"about":[{"href":"https:\/\/www.progeriaresearch.org\/de\/wp-json\/wp\/v2\/types\/page"}],"author":[{"embeddable":true,"href":"https:\/\/www.progeriaresearch.org\/de\/wp-json\/wp\/v2\/users\/1"}],"replies":[{"embeddable":true,"href":"https:\/\/www.progeriaresearch.org\/de\/wp-json\/wp\/v2\/comments?post=883"}],"version-history":[{"count":0,"href":"https:\/\/www.progeriaresearch.org\/de\/wp-json\/wp\/v2\/pages\/883\/revisions"}],"wp:attachment":[{"href":"https:\/\/www.progeriaresearch.org\/de\/wp-json\/wp\/v2\/media?parent=883"}],"curies":[{"name":"wp","href":"https:\/\/api.w.org\/{rel}","templated":true}]}}