{"id":9181,"date":"2019-12-24T19:32:53","date_gmt":"2019-12-24T19:32:53","guid":{"rendered":"https:\/\/www.progeriaresearch.org\/?page_id=9181"},"modified":"2024-04-22T09:35:55","modified_gmt":"2024-04-22T13:35:55","slug":"international-registry-2","status":"publish","type":"page","link":"https:\/\/www.progeriaresearch.org\/de\/international-registry-2\/","title":{"rendered":"Internationales Registrierungsprogramm"},"content":{"rendered":"<p>[et_pb_section fb_built=\u201d1\u2033 fullwidth=\u201don\u201d disabled_on=\u201doff|off|off\u201d _builder_version=\u201d4.16\u2033 border_width_bottom=\u201d55px\u201d border_color_bottom=\u201d#29327a\u201d locked=\u201doff\u201d collapsed=\u201don\u201d global_colors_info=\u201d{}\u201d][et_pb_fullwidth_header _builder_version=\u201d4.24.0\u2033 title_font=\u201d||||||||\u201d title_font_size=\u201d55\u2033 background_color=\u201d#29327a\u201d background_image=\u201dhttps:\/\/www.progeriaresearch.org\/wp-content\/uploads\/2020\/12\/Prachi.jpg\u201d background_position=\u201dcenter_left\u201d custom_padding=\u201d9vw||9vw||true\u201d custom_padding_tablet=\u201d\u201d custom_padding_phone=\u201d|56px||\u201d custom_padding_last_edited=\u201don|desktop\u201d title_font_size_tablet=\u201d45px\u201d title_font_size_phone=\u201d40px\u201d title_font_size_last_edited=\u201don|phone\u201d z_index_tablet=\u201d500\u2033 custom_css_main_element=\u201dHintergrundposition: Mitte 18% !important;\u201d global_colors_info=\u201d{}\u201d]<\/p>\n<h1 style=\"text-align: right;\"><span style=\"color: #000080;\"><span>Die PRF <\/span><\/span><\/h1>\n<h1 style=\"text-align: right;\"><span style=\"color: #000080;\"><span>Internationales <\/span><\/span><\/h1>\n<h1 style=\"text-align: right;\"><span style=\"color: #000080;\"><span>Progerie-Patient <\/span><\/span><\/h1>\n<h1 style=\"text-align: right;\"><span style=\"color: #000080;\"><span>Registrierung<\/span><\/span><span style=\"color: #000080;\"><\/span><\/h1>\n<p><span style=\"color: #000080;\"><span><\/span><\/span><\/p>\n<p>&nbsp;<\/p>\n<p>[\/et_pb_fullwidth_header][\/et_pb_section][et_pb_section fb_built=\u201d1\u2033 use_custom_gutter=\u201don\u201d gutter_width=\u201d1\u2033 specialty=\u201don\u201d padding_left_1=\u201d35px\u201d padding_left_2=\u201d35px\u201d padding_2_tablet=\u201d|||0px\u201d padding_2_phone=\u201d|||0px\u201d padding_2_last_edited=\u201don|desktop\u201d module_class_1=\u201dsidebar-secondary-nav\u201d module_class=\u201dhandprint-bg\u201d _builder_version=\u201d4.16\u2033 background_image=\u201dhttps:\/\/www.progeriaresearch.org\/wp-content\/uploads\/2019\/04\/blue-handprint-only.png\u201d parallax=\u201don\u201d parallax_method=\u201doff\u201d inner_width=\u201d100%\u201d inner_max_width=\u201d100%\u201d custom_padding=\u201d0|0px|54px|0px|false|false\u201d z_index_tablet=\u201d500\u2033 border_width_top=\u201d10px\u201d border_color_top=\u201d#8fd2ed\u201d use_custom_width=\u201dan\u201d width_unit=\u201daus\u201d custom_width_percent=\u201d100%\u201d global_colors_info=\u201d{}\u201d][et_pb_column type=\u201d1_4\u2033 _builder_version=\u201d4.16\u2033 custom_padding=\u201d|||\u201d global_colors_info=\u201d{}\u201d custom_padding__hover=\u201d|||\u201d][et_pb_sidebar area=\u201det_pb_widget_area_1\u2033 disabled_on=\u201don|on|off\u201d admin_label=\u201dScience Sidebar\u201d module_class=\u201dsubpage-sidebars\u201d _builder_version=\u201d4.16\u2033 animation_style=\u201dfade\u201d z_index_tablet=\u201d500\u2033 header_text_shadow_horizontal_length_tablet=\u201d0px\u201d header_text_shadow_vertical_length_tablet=\u201d0px\u201d header_text_shadow_blur_strength_tablet=\u201d1px\u201d body_text_shadow_horizontal_length_tablet=\u201d0px\u201d body_text_shadow_vertical_length_tablet=\u201d0px\u201d body_text_shadow_blur_strength_tablet=\u201d1px\u201d border_width_right=\u201d5px\u201d border_width_right_tablet=\u201d5px\u201d border_width_right_phone=\u201d5px\u201d box_shadow_horizontal_tablet=\u201d0px\u201d box_shadow_vertical_tablet=\u201d0px\u201d box_shadow_blur_tablet=\u201d40px\u201d box_shadow_spread_tablet=\u201d0px\u201d text_shadow_horizontal_length_tablet=\u201d0px\u201d text_shadow_vertical_length_tablet=\u201d0px\u201d text_shadow_blur_strength_tablet=\u201d1px\u201d gesperrt=\u201daus\u201d global_colors_info=\u201d{}\u201d]<br \/>\n[\/et_pb_sidebar][\/et_pb_column][et_pb_column Typ=\u201d3_4\u2033 Spezialspalten=\u201d3\u2033 _builder_version=\u201d4.16\u2033 benutzerdefinierte_Padding=\u201d|||\u201d global_colors_info=\u201d{}\u201d benutzerdefinierte_Padding__hover=\u201d|||\u201d][et_pb_row_inner benutzerdefinierte_Padding_last_edited=\u201dam|Telefon\u201d deaktiviert_an=\u201dan|an|\u201d _builder_version=\u201d4.16\u2033 custom_padding=\u201d39.4375px|35px|0px||false|false\u201d custom_padding_tablet=\u201d|35px||35px||true\u201d custom_padding_phone=\u201d\u201d animation_direction=\u201doben\u201d z_index_tablet=\u201d500\u2033 global_colors_info=\u201d{}\u201d][et_pb_column_inner saved_specialty_column_type=\u201d3_4\u2033 _builder_version=\u201d4.16\u2033 custom_padding=\u201d|||\u201d global_colors_info=\u201d{}\u201d custom_padding__hover=\u201d|||\u201d][et_pb_text admin_label=\u201dSEITENEINF\u00dcHRUNG FORSCHUNGSPROGRAMME\u201d _builder_version=\u201d4.24.3\u2033 background_size=\u201dinitial\u201d background_position=\u201dtop_left\u201d background_repeat=\u201drepeat\u201d hover_enabled=\u201d0\u2033 z_index_tablet=\u201d500\u2033 box_shadow_horizontal_tablet=\u201d0px\u201d box_shadow_vertical_tablet=\u201d0px\u201d box_shadow_blur_tablet=\u201d40px\u201d box_shadow_spread_tablet=\u201d0px\u201d global_colors_info=\u201d{}\u201d sticky_enabled=\u201d0\u2033]<\/p>\n<p style=\"font-weight: 400;\">Die Progeria Research Foundation ist die globale Ressource f\u00fcr Progerieforschung und -aufkl\u00e4rung. Progerie ist eine \u00e4u\u00dferst seltene Erkrankung. Um die Pathologie und den nat\u00fcrlichen Verlauf des Syndroms besser zu verstehen, haben wir ein internationales Registrierungsprogramm eingerichtet.<\/p>\n<p style=\"font-weight: 400;\">Das Register stellt Ressourcen f\u00fcr die Erforschung von Progerie bereit und pflegt eine zentrale Datenbank zu Kindern mit Progerie aus der ganzen Welt. Gleichzeitig dient es dazu, den Ideenaustausch zwischen Forschern zu verbessern und eine schnelle Verbreitung neuer Informationen zu gew\u00e4hrleisten, die den Patienten und ihren Familien von Nutzen sein k\u00f6nnen.<\/p>\n<p style=\"font-weight: 400;\">Das Register kann in Situationen wie der Arzneimittelentwicklung durch Regierungsbeh\u00f6rden wie die US-amerikanische Food and Drug Administration gepr\u00fcft werden.<\/p>\n<p style=\"font-weight: 400;\"><strong>Wir sind Ihnen f\u00fcr Ihre Mitarbeit bei der Registrierung und beim Einbringen von Informationen \u00fcber Kinder mit Progerie in das Register sehr dankbar. Wenn Sie Eltern, \u00c4rzte oder andere Vertreter eines Kindes mit Progerie sind, f\u00fcllen Sie bitte ein Registrierungsformular aus und senden Sie es an<span>\u00a0<\/span><a href=\"mailto:info@progeriaresearch.org\">info@progeriaresearch.org<\/a>.<\/strong><\/p>\n<p style=\"font-weight: 400;\">Vielen Dank im Voraus f\u00fcr die Teilnahme an <span>Das internationale Progerie-Patientenregister der PRF<\/span>.<\/p>\n<p>[\/et_pb_text][\/et_pb_column_inner][\/et_pb_row_inner][et_pb_row_inner column_structure=\u201d1_2,1_2\u2033 _builder_version=\u201d4.16\u2033 _module_preset=\u201ddefault\u201d global_colors_info=\u201d{}\u201d][et_pb_column_inner type=\u201d1_2\u2033 saved_specialty_column_type=\u201d3_4\u2033 _builder_version=\u201d4.16\u2033 _module_preset=\u201ddefault\u201d global_colors_info=\u201d{}\u201d][et_pb_button button_url=\u201dhttps:\/\/www.progeriaresearch.org\/wp-content\/uploads\/2024\/04\/PRF-Registry-Form-English-v.March-2024.docx\u201d button_text=\u201dEnglisches Registrierungsformular\u201d button_alignment=\u201dcenter\u201d admin_label=\u201dEnglisches Registrierungsformular\u201d _builder_version=\u201d4.24.3\u2033 background_layout=\u201ddark\u201d custom_margin=\u201d||20px||false|false\u201d custom_padding=\u201d|25px||23px|false|false\u201d hover_enabled=\u201d0\u2033 global_colors_info=\u201d{}\u201d sticky_enabled=\u201d0\u2033][\/et_pb_button][et_pb_button button_url=\u201dhttps:\/\/www.progeriaresearch.org\/wp-content\/uploads\/2023\/01\/Arabic-PRF-Registry-Form-Aug-2021.docx\u201d button_text=\u201dArabisches Registrierungsformular\u201d button_alignment=\u201dcenter\u201d admin_label=\u201dArabisches Registrierungsformular\u201d _builder_version=\u201d4.19.4\u2033 background_layout=\u201ddark\u201d custom_margin=\u201d||20px||false|false\u201d global_colors_info=\u201d{}\u201d][\/et_pb_button][et_pb_button button_url=\u201dhttps:\/\/www.progeriaresearch.org\/wp-content\/uploads\/2022\/01\/PRF-Registry-Form-Chinese-2021.docx\u201d button_text=\u201dChinesisches Registrierungsformular\u201d button_alignment=\u201dcenter\u201d admin_label=\u201dChinesisches Registrierungsformular\u201d _builder_version=\u201d4.16\u2033 background_layout=\u201ddark\u201d custom_margin=\u201d||20px||false|false\u201d global_colors_info=\u201d{}\u201d][\/et_pb_button][et_pb_button button_url=\u201dhttps:\/\/www.progeriaresearch.org\/wp-content\/uploads\/2022\/01\/PRF-Registry-Form-Dutch-2021.docx\u201d button_text=\u201dNiederl\u00e4ndisches Registrierungsformular\u201d button_alignment=\u201dcenter\u201d admin_label=\u201dNiederl\u00e4ndisches Registrierungsformular\u201d _builder_version=\u201d4.17.3\u2033 background_layout=\u201ddark\u201d custom_margin=\u201d||20px||false|false\u201d custom_padding=\u201d|29px||28px|false|false\u201d global_colors_info=\u201d{}\u201d][\/et_pb_button][et_pb_button button_url=\u201dhttps:\/\/www.progeriaresearch.org\/wp-content\/uploads\/2024\/01\/PRF-Registry-Form-French-2021.docx\u201d button_text=\u201dFranz\u00f6sisches Registrierungsformular\u201d button_alignment=\u201dcenter\u201d admin_label=\u201dFranz\u00f6sisches Registrierungsformular\u201d _builder_version=\u201d4.23.1\u2033 background_layout=\u201ddark\u201d custom_margin=\u201d||20px||false|false\u201d custom_padding=\u201d|32px||30px|false|false\u201d global_colors_info=\u201d{}\u201d][\/et_pb_button][\/et_pb_column_inner][et_pb_column_inner type=\u201d1_2\u2033 saved_specialty_column_type=\u201d3_4\u2033 _builder_version=\u201d4.16\u2033 _module_preset=\u201ddefault\u201d global_colors_info=\u201d{}\u201d][et_pb_button button_url=\u201dhttps:\/\/www.progeriaresearch.org\/wp-content\/uploads\/2022\/01\/PRF-Registry-Form-Hindi-2021.docx\u201d button_text=\u201dHindi-Registrierungsformular\u201d button_alignment=\u201dleft\u201d admin_label=\u201dHindi-Registrierungsformular\u201d _builder_version=\u201d4.23.1\u2033 background_layout=\u201ddark\u201d custom_margin=\u201d||20px||false|false\u201d custom_padding=\u201d|32px||30px|false|false\u201d global_colors_info=\u201d{}\u201d][\/et_pb_button][et_pb_button button_url=\u201dhttps:\/\/www.progeriaresearch.org\/wp-content\/uploads\/2022\/04\/ITALIAN-PRF-REGISTRY-FORM-V-Aug-2021.docx\u201d button_text=\u201d Italienisches Registrierungsformular \u201d button_alignment=\u201dleft\u201d admin_label=\u201dRussisches Registrierungsformular\u201d _builder_version=\u201d4.17.3\u2033 background_layout=\u201ddark\u201d custom_margin=\u201d||20px||false|false\u201d custom_padding=\u201d|33px|||false|false\u201d global_colors_info=\u201d{}\u201d][\/et_pb_button][et_pb_button button_url=\u201dhttps:\/\/www.progeriaresearch.org\/wp-content\/uploads\/2023\/10\/PRF-Registry-Form-Russian-2023.doc\u201d button_text=\u201dRussisches Registrierungsformular\u201d button_alignment=\u201dleft\u201d admin_label=\u201dRussisches Registrierungsformular\u201d _builder_version=\u201d4.22.1\u2033 background_layout=\u201ddark\u201d custom_margin=\u201d||20px||false|false\u201d global_colors_info=\u201d{}\u201d][\/et_pb_button][et_pb_button button_url=\u201dhttps:\/\/www.progeriaresearch.org\/wp-content\/uploads\/2022\/01\/PRF-Registry-Form-Spanish-2021.docx\u201d button_text=\u201dSpanisches Registrierungsformular\u201d button_alignment=\u201dleft\u201d admin_label=\u201dSpanisches Registrierungsformular\u201d _builder_version=\u201d4.16\u2033 background_layout=\u201ddark\u201d custom_margin=\u201d||20px||false|false\u201d global_colors_info=\u201d{}\u201d][\/et_pb_button][et_pb_button button_url=\u201dhttps:\/\/www.progeriaresearch.org\/wp-content\/uploads\/2022\/01\/PRF-Registry-Form-Turkish-2021.docx\u201d button_text=\u201dT\u00fcrkisches Registrierungsformular\u201d button_alignment=\u201dleft\u201d admin_label=\u201dT\u00fcrkisches Registrierungsformular\u201d _builder_version=\u201d4.17.3\u2033 background_layout=\u201ddark\u201d custom_margin=\u201d||20px||false|false\u201d custom_padding=\u201d|24px|||false|false\u201d global_colors_info=\u201d{}\u201d][\/et_pb_button][\/et_pb_column_inner][\/et_pb_row_inner][\/et_pb_column][\/et_pb_section][et_pb_section fb_built=\u201d1\u2033 module_class=\u201dfooter\u201d _builder_version=\u201d4.21.0\u2033 Hintergrundfarbe=\u201d#29327a\u201d benutzerdefinierter Rand=\u201d-2px|||||\u201d custom_padding=\u201d0|0px|0|0px|false|false\u201d z_index_tablet=\u201d500\u2033 border_width_top=\u201d12px\u201d border_color_top=\u201d#00b2e2\u2033 global_module=\u201d133\u2033 gesperrt=\u201daus\u201d global_colors_info=\u201d{}\u201d][et_pb_row column_structure=\u201d1_4,1_4,1_2\u2033 make_equal=\u201dan\u201d module_class=\u201d et_pb_row_fullwidth\u201d _builder_version=\u201d4.16\u2033 width=\u201d89%\u201d width_tablet=\u201d80%\u201d width_phone=\u201d\u201d width_last_edited=\u201dan|desktop\u201d max_width=\u201d89%\u201d max_width_tablet=\u201d80%\u201d max_width_phone=\u201d\u201d max_width_last_edited=\u201dan|desktop\u201d z_index_tablet=\u201d500\u2033 make_fullwidth=\u201dan\u201d width_unit=\u201daus\u201d custom_width_percent=\u201d100%\u201d global_colors_info=\u201d{}\u201d][et_pb_column type=\u201d1_4\u2033 _builder_version=\u201d4.16\u2033 custom_padding=\u201d|||\u201d global_colors_info=\u201d{}\u201d custom_padding__hover=\u201d|||\u201d][et_pb_cta button_url=\u201dhttps:\/\/www.progeriaresearch.org\/newsletter-signup\/\u201d button_text=\u201dJetzt anmelden\u201d admin_label=\u201dF\u00fcr Newsletter anmelden\u201d module_class=\u201dsign-btn\u201d _builder_version=\u201d4.16\u2033 header_font_size=\u201d25px\u201d background_color=\u201d#29327a\u201d animation_style=\u201dslide\u201d animation_direction=\u201dleft\u201d animation_intensity_slide=\u201d25%\u201d header_font_size_tablet=\u201d\u201d header_font_size_phone=\u201d30px\u201d header_font_size_last_edited=\u201don|desktop\u201d z_index_tablet=\u201d500\u2033 border_radii=\u201dan|25px|25px|25px|25px\u201d global_colors_info=\u201d{}\u201d button_bg_color__hover_enabled=\u201dan\u201d button_bg_color__hover=\u201d#8fd2ed\u201d button_border_color__hover_enabled=\u201dan\u201d]<\/p>\n<h2>Melden Sie sich an<\/h2>\n<h2>f\u00fcr unsere<\/h2>\n<h2>Newsletter!<\/h2>\n<p>[\/et_pb_cta][\/et_pb_column][et_pb_column type=\u201d1_4\u2033 _builder_version=\u201d4.16\u2033 custom_padding=\u201d|||\u201d global_colors_info=\u201d{}\u201d custom_padding__hover=\u201d|||\u201d][et_pb_cta button_url=\u201dhttps:\/\/progeriaresearch.donorsupport.co\/-\/XZHJVWZR\u201d button_text=\u201dJetzt spenden\u201d admin_label=\u201dGemeinsam werden wir die Heilung finden!\u201d module_class=\u201dsign-btn\u201d _builder_version=\u201d4.16\u2033 header_font_size=\u201d25px\u201d background_color=\u201d#29327a\u201d animation_style=\u201dslide\u201d animation_direction=\u201dleft\u201d animation_intensity_slide=\u201d25%\u201d header_font_size_tablet=\u201d\u201d header_font_size_phone=\u201d30px\u201d header_font_size_last_edited=\u201don|desktop\u201d body_font_size_tablet=\u201d\u201d body_font_size_phone=\u201d\u201d body_font_size_last_edited=\u201don|desktop\u201d z_index_tablet=\u201d500\u2033 border_radii=\u201don|25px|25px|25px|25px\u201d global_colors_info=\u201d{}\u201d button_bg_color__hover_enabled=\u201don\u201d button_bg_color__hover=\u201d#8fd2ed\u201d button_border_color__hover_enabled=\u201dein\u201d]<\/p>\n<h2>Gemeinsam<\/h2>\n<h2><em>WILLE<\/em><\/h2>\n<h2>Finde die Heilung!<\/h2>\n<p>[\/et_pb_cta][\/et_pb_column][et_pb_column Typ=\u201d1_2\u2033 _builder_version=\u201d4.16\u2033 custom_padding=\u201d|||\u201d global_colors_info=\u201d{}\u201d custom_padding__hover=\u201d|||\u201d][et_pb_image src=\u201dhttps:\/\/www.progeriaresearch.org\/wp-content\/uploads\/2024\/02\/2024-strip-footer-strip-.png\u201d title_text=\u201d2024 Fu\u00dfzeilenstreifen\u201d _builder_version=\u201d4.24.0\u2033 _module_preset=\u201ddefault\u201d custom_margin=\u201d35px||||false|false\u201d global_colors_info=\u201d{}\u201d][\/et_pb_image][\/et_pb_column][\/et_pb_row][\/et_pb_section]<\/p>","protected":false},"excerpt":{"rendered":"<p>Das internationale Progerie-Patientenregister der PRF Die Progeria Research Foundation ist die globale Ressource f\u00fcr Progerieforschung und -aufkl\u00e4rung. Progerie ist eine extrem seltene Erkrankung. Um die Pathologie und den nat\u00fcrlichen Verlauf des Syndroms besser zu verstehen, haben wir ein internationales Registrierungsprogramm eingerichtet. Das Register stellt Ressourcen f\u00fcr die Erforschung von Progerie bereit und pflegt [\u2026]<\/p>","protected":false},"author":2,"featured_media":0,"parent":0,"menu_order":0,"comment_status":"closed","ping_status":"closed","template":"","meta":{"_et_pb_use_builder":"on","_et_pb_old_content":"","_et_gb_content_width":"","footnotes":"","_links_to":"","_links_to_target":""},"class_list":["post-9181","page","type-page","status-publish","hentry"],"yoast_head":"<!-- This site is optimized with the Yoast SEO plugin v26.8 - https:\/\/yoast.com\/product\/yoast-seo-wordpress\/ -->\n<title>International registry | The Progeria Research Foundation<\/title>\n<meta name=\"robots\" content=\"index, follow, max-snippet:-1, max-image-preview:large, max-video-preview:-1\" \/>\n<link rel=\"canonical\" href=\"https:\/\/www.progeriaresearch.org\/de\/international-registry-2\/\" \/>\n<meta property=\"og:locale\" content=\"de_DE\" \/>\n<meta property=\"og:type\" content=\"article\" \/>\n<meta property=\"og:title\" content=\"International registry | The Progeria Research Foundation\" \/>\n<meta property=\"og:description\" content=\"The PRF International Progeria Patient Registry &nbsp; The Progeria Research Foundation is the global resource for Progeria research and education. Progeria is an ultra-rare condition. In order to better understand the pathology and natural course of the syndrome, we established an International Registry Program. The Registry provides resources for the study of Progeria and maintains [&hellip;]\" \/>\n<meta property=\"og:url\" content=\"https:\/\/www.progeriaresearch.org\/de\/international-registry-2\/\" \/>\n<meta property=\"og:site_name\" content=\"The Progeria Research Foundation\" \/>\n<meta property=\"article:publisher\" content=\"https:\/\/www.facebook.com\/ProgeriaResearch\/\" \/>\n<meta property=\"article:modified_time\" content=\"2024-04-22T13:35:55+00:00\" \/>\n<meta name=\"twitter:card\" content=\"summary_large_image\" \/>\n<meta name=\"twitter:site\" content=\"@Progeria\" \/>\n<meta name=\"twitter:label1\" content=\"Est. reading time\" \/>\n\t<meta name=\"twitter:data1\" content=\"3 Minuten\" \/>\n<script type=\"application\/ld+json\" class=\"yoast-schema-graph\">{\"@context\":\"https:\/\/schema.org\",\"@graph\":[{\"@type\":\"WebPage\",\"@id\":\"https:\/\/www.progeriaresearch.org\/it\/international-registry-2\/\",\"url\":\"https:\/\/www.progeriaresearch.org\/it\/international-registry-2\/\",\"name\":\"International registry | The Progeria Research Foundation\",\"isPartOf\":{\"@id\":\"https:\/\/www.progeriaresearch.org\/ta\/#website\"},\"datePublished\":\"2019-12-24T19:32:53+00:00\",\"dateModified\":\"2024-04-22T13:35:55+00:00\",\"breadcrumb\":{\"@id\":\"https:\/\/www.progeriaresearch.org\/it\/international-registry-2\/#breadcrumb\"},\"inLanguage\":\"de\",\"potentialAction\":[{\"@type\":\"ReadAction\",\"target\":[\"https:\/\/www.progeriaresearch.org\/it\/international-registry-2\/\"]}]},{\"@type\":\"BreadcrumbList\",\"@id\":\"https:\/\/www.progeriaresearch.org\/it\/international-registry-2\/#breadcrumb\",\"itemListElement\":[{\"@type\":\"ListItem\",\"position\":1,\"name\":\"Home\",\"item\":\"https:\/\/www.progeriaresearch.org\/\"},{\"@type\":\"ListItem\",\"position\":2,\"name\":\"International Registry Program\"}]},{\"@type\":\"WebSite\",\"@id\":\"https:\/\/www.progeriaresearch.org\/ta\/#website\",\"url\":\"https:\/\/www.progeriaresearch.org\/ta\/\",\"name\":\"The Progeria Research Foundation\",\"description\":\"For the Children \u2665 For the Cure\",\"publisher\":{\"@id\":\"https:\/\/www.progeriaresearch.org\/ta\/#organization\"},\"potentialAction\":[{\"@type\":\"SearchAction\",\"target\":{\"@type\":\"EntryPoint\",\"urlTemplate\":\"https:\/\/www.progeriaresearch.org\/ta\/?s={search_term_string}\"},\"query-input\":{\"@type\":\"PropertyValueSpecification\",\"valueRequired\":true,\"valueName\":\"search_term_string\"}}],\"inLanguage\":\"de\"},{\"@type\":\"Organization\",\"@id\":\"https:\/\/www.progeriaresearch.org\/ta\/#organization\",\"name\":\"The Progeria Research Foundation\",\"url\":\"https:\/\/www.progeriaresearch.org\/ta\/\",\"logo\":{\"@type\":\"ImageObject\",\"inLanguage\":\"de\",\"@id\":\"https:\/\/www.progeriaresearch.org\/ta\/#\/schema\/logo\/image\/\",\"url\":\"https:\/\/www.progeriaresearch.org\/wp-content\/uploads\/2019\/05\/PRF_Logo_2019_optimized.png\",\"contentUrl\":\"https:\/\/www.progeriaresearch.org\/wp-content\/uploads\/2019\/05\/PRF_Logo_2019_optimized.png\",\"width\":300,\"height\":86,\"caption\":\"The Progeria Research Foundation\"},\"image\":{\"@id\":\"https:\/\/www.progeriaresearch.org\/ta\/#\/schema\/logo\/image\/\"},\"sameAs\":[\"https:\/\/www.facebook.com\/ProgeriaResearch\/\",\"https:\/\/x.com\/Progeria\",\"https:\/\/www.instagram.com\/progeriaresearch\/\"]}]}<\/script>\n<!-- \/ Yoast SEO plugin. -->","yoast_head_json":{"title":"International registry | The Progeria Research Foundation","robots":{"index":"index","follow":"follow","max-snippet":"max-snippet:-1","max-image-preview":"max-image-preview:large","max-video-preview":"max-video-preview:-1"},"canonical":"https:\/\/www.progeriaresearch.org\/de\/international-registry-2\/","og_locale":"de_DE","og_type":"article","og_title":"International registry | The Progeria Research Foundation","og_description":"The PRF International Progeria Patient Registry &nbsp; The Progeria Research Foundation is the global resource for Progeria research and education. Progeria is an ultra-rare condition. In order to better understand the pathology and natural course of the syndrome, we established an International Registry Program. The Registry provides resources for the study of Progeria and maintains [&hellip;]","og_url":"https:\/\/www.progeriaresearch.org\/de\/international-registry-2\/","og_site_name":"The Progeria Research Foundation","article_publisher":"https:\/\/www.facebook.com\/ProgeriaResearch\/","article_modified_time":"2024-04-22T13:35:55+00:00","twitter_card":"summary_large_image","twitter_site":"@Progeria","twitter_misc":{"Est. reading time":"3 Minuten"},"schema":{"@context":"https:\/\/schema.org","@graph":[{"@type":"WebPage","@id":"https:\/\/www.progeriaresearch.org\/it\/international-registry-2\/","url":"https:\/\/www.progeriaresearch.org\/it\/international-registry-2\/","name":"International registry | The Progeria Research Foundation","isPartOf":{"@id":"https:\/\/www.progeriaresearch.org\/ta\/#website"},"datePublished":"2019-12-24T19:32:53+00:00","dateModified":"2024-04-22T13:35:55+00:00","breadcrumb":{"@id":"https:\/\/www.progeriaresearch.org\/it\/international-registry-2\/#breadcrumb"},"inLanguage":"de","potentialAction":[{"@type":"ReadAction","target":["https:\/\/www.progeriaresearch.org\/it\/international-registry-2\/"]}]},{"@type":"BreadcrumbList","@id":"https:\/\/www.progeriaresearch.org\/it\/international-registry-2\/#breadcrumb","itemListElement":[{"@type":"ListItem","position":1,"name":"Home","item":"https:\/\/www.progeriaresearch.org\/"},{"@type":"ListItem","position":2,"name":"International Registry Program"}]},{"@type":"WebSite","@id":"https:\/\/www.progeriaresearch.org\/ta\/#website","url":"https:\/\/www.progeriaresearch.org\/ta\/","name":"Die Progeria Research Foundation","description":"F\u00fcr die Kinder \u2665 F\u00fcr die Heilung","publisher":{"@id":"https:\/\/www.progeriaresearch.org\/ta\/#organization"},"potentialAction":[{"@type":"SearchAction","target":{"@type":"EntryPoint","urlTemplate":"https:\/\/www.progeriaresearch.org\/ta\/?s={search_term_string}"},"query-input":{"@type":"PropertyValueSpecification","valueRequired":true,"valueName":"search_term_string"}}],"inLanguage":"de"},{"@type":"Organization","@id":"https:\/\/www.progeriaresearch.org\/ta\/#organization","name":"Die Progeria Research Foundation","url":"https:\/\/www.progeriaresearch.org\/ta\/","logo":{"@type":"ImageObject","inLanguage":"de","@id":"https:\/\/www.progeriaresearch.org\/ta\/#\/schema\/logo\/image\/","url":"https:\/\/www.progeriaresearch.org\/wp-content\/uploads\/2019\/05\/PRF_Logo_2019_optimized.png","contentUrl":"https:\/\/www.progeriaresearch.org\/wp-content\/uploads\/2019\/05\/PRF_Logo_2019_optimized.png","width":300,"height":86,"caption":"The Progeria Research Foundation"},"image":{"@id":"https:\/\/www.progeriaresearch.org\/ta\/#\/schema\/logo\/image\/"},"sameAs":["https:\/\/www.facebook.com\/ProgeriaResearch\/","https:\/\/x.com\/Progeria","https:\/\/www.instagram.com\/progeriaresearch\/"]}]}},"_links":{"self":[{"href":"https:\/\/www.progeriaresearch.org\/de\/wp-json\/wp\/v2\/pages\/9181","targetHints":{"allow":["GET"]}}],"collection":[{"href":"https:\/\/www.progeriaresearch.org\/de\/wp-json\/wp\/v2\/pages"}],"about":[{"href":"https:\/\/www.progeriaresearch.org\/de\/wp-json\/wp\/v2\/types\/page"}],"author":[{"embeddable":true,"href":"https:\/\/www.progeriaresearch.org\/de\/wp-json\/wp\/v2\/users\/2"}],"replies":[{"embeddable":true,"href":"https:\/\/www.progeriaresearch.org\/de\/wp-json\/wp\/v2\/comments?post=9181"}],"version-history":[{"count":0,"href":"https:\/\/www.progeriaresearch.org\/de\/wp-json\/wp\/v2\/pages\/9181\/revisions"}],"wp:attachment":[{"href":"https:\/\/www.progeriaresearch.org\/de\/wp-json\/wp\/v2\/media?parent=9181"}],"curies":[{"name":"wp","href":"https:\/\/api.w.org\/{rel}","templated":true}]}}