{"id":1002,"date":"2017-02-27T21:18:17","date_gmt":"2017-02-27T21:18:17","guid":{"rendered":"https:\/\/www.progeriaresearch.org\/?page_id=1002"},"modified":"2026-03-17T10:30:00","modified_gmt":"2026-03-17T14:30:00","slug":"ordering-information","status":"publish","type":"page","link":"https:\/\/www.progeriaresearch.org\/es\/ordering-information\/","title":{"rendered":"Informaci\u00f3n de pedidos"},"content":{"rendered":"<p>[et_pb_section fb_built=\u201d1\u2033 fullwidth=\u201don\u201d deshabilitado_encendido=\u201dapagado|apagado|apagado\u201d _builder_version=\u201d4.16\u2033 border_width_bottom=\u201d55px\u201d border_color_bottom=\u201d#29327a\u201d bloqueado=\u201dapagado\u201d global_colors_info=\u201d{}\u201d][et_pb_fullwidth_header _builder_version=\u201d4.16\u2033 t\u00edtulo_fuente=\u201d||||||||\u201d t\u00edtulo_font_size=\u201d55\u2033 color_de_fondo=\u201d#29327a\u201d imagen_de_fondo=\u201dhttps:\/\/www.progeriaresearch.org\/wp-content\/uploads\/2020\/12\/Alexandra_1920x687.jpg\u201d posici\u00f3n_de_fondo=\u201dcentro_izquierda\u201d relleno_personalizado=\u201d9vw||9vw||verdadero\u201d relleno_personalizado_tableta=\u201d\u201d relleno_personalizado_tel\u00e9fono=\u201d|56px||\u201d relleno_personalizado_\u00faltima_edici\u00f3n=\u201den|escritorio\u201d t\u00edtulo_font_size_tableta=\u201d45px\u201d t\u00edtulo_font_size_tel\u00e9fono=\u201d40px\u201d t\u00edtulo_font_size_\u00faltima_edici\u00f3n=\u201den|tel\u00e9fono\u201d z_index_tableta=\u201d500\u2033 elemento_principal_css_personalizado=\u201dposici\u00f3n_de_fondo: centro 18% !importante;\u201d informaci\u00f3n_global_colores=\u201d{}\u201d]<\/p>\n<h1>Realizar pedidos<\/h1>\n<h1>Informaci\u00f3n<\/h1>\n<p>&nbsp;<\/p>\n<p>[\/et_pb_fullwidth_header][\/et_pb_section][et_pb_section fb_built=\u201d1\u2033 use_custom_gutter=\u201don\u201d gutter_width=\u201d1\u2033 specialist=\u201don\u201d padding_left_1=\u201d35px\u201d padding_left_2=\u201d35px\u201d padding_2_tablet=\u201d|||0px\u201d padding_2_phone=\u201d\u201d padding_2_last_edited=\u201don|desktop\u201d module_class_1=\u201dbarra lateral-navegaci\u00f3n-secundaria\u201d module_class=\u201dhuella-de-mano-bg\u201d _builder_version=\u201d4.16\u2033 background_image=\u201dhttps:\/\/www.progeriaresearch.org\/wp-content\/uploads\/2019\/04\/huella-de-mano-azul-solamente.png\u201d parallax=\u201don\u201d parallax_method=\u201doff\u201d ancho_interior=\u201d100%\u201d ancho_m\u00e1ximo_interior=\u201d100%\u201d relleno_personalizado=\u201d0|0px|54px|0px|falso|falso\u201d z_index_tablet=\u201d500\u2033 ancho_borde_superior=\u201d10px\u201d color_border_superior=\u201d#8fd2ed\u201d uso_ancho_personalizado=\u201dactivado\u201d unidad_ancho=\u201ddesactivado\u201d porcentaje_ancho_personalizado=\u201d100%\u201d informaci\u00f3n_colores_globales=\u201d{}\u201d][et_pb_column tipo=\u201d1_4\u2033 _builder_version=\u201d4.16\u2033 relleno_personalizado=\u201d|||\u201d global_colors_info=\u201d{}\u201d custom_padding__hover=\u201d|||\u201d][et_pb_sidebar area=\u201det_pb_widget_area_14\u2033 deshabilitado_en=\u201dencendido|encendido|apagado\u201d admin_label=\u201dBarra lateral de celdas\u201d module_class=\u201dbarras laterales de subp\u00e1ginas\u201d _builder_version=\u201d4.16\u2033 animation_style=\u201ddesvanecerse\u201d z_index_tablet=\u201d500\u2033 border_width_right=\u201d5px\u201d bloqueado=\u201dapagado\u201d global_colors_info=\u201d{}\u201d]<br \/>\n[\/et_pb_sidebar][\/et_pb_column][et_pb_column tipo=\u201d3_4\u2033 columnas_especialidades=\u201d3\u2033 _builder_version=\u201d4.16\u2033 relleno_personalizado=\u201d|||\u201d informaci\u00f3n_global_colores=\u201d{}\u201d relleno_personalizado__hover=\u201d|||\u201d][et_pb_row_inner estructura_columna=\u201d1_2,1_2\u2033 _builder_version=\u201d4.16\u2033 relleno_personalizado=\u201d||35px|||\u201d informaci\u00f3n_global_colores=\u201d{}\u201d][et_pb_column_inner tipo=\u201d1_2\u2033 columna_especialidades_guardadas tipo=\u201d3_4\u2033 _builder_version=\u201d4.16\u2033 relleno_personalizado=\u201d|||\u201d global_colors_info=\u201d{}\u201d custom_padding__hover=\u201d|||\u201d][et_pb_text admin_label=\u201dcosto\u201d _builder_version=\u201d4.21.0\u2033 custom_padding=\u201d|8px||0px|false|false\u201d global_colors_info=\u201d{}\u201d]<\/p>\n<p>El costo de cada l\u00ednea celular de fibroblastos o linfoblastos es de $150.00<\/p>\n<p>El costo de cada l\u00ednea celular de fibroblastos inmortalizados es $150.00<\/p>\n<p>El costo de cada l\u00ednea de c\u00e9lulas iPSC es de $500. Tenga en cuenta que las l\u00edneas de c\u00e9lulas iPSC se env\u00edan desde el Instituto de Investigaci\u00f3n del Hospital de Ottawa (OHRI). El OHRI facturar\u00e1 directamente al investigador.<\/p>\n<p>[\/et_pb_text][\/et_pb_column_inner][et_pb_column_inner type=&#8221;1_2&#8243; saved_specialty_column_type=&#8221;3_4&#8243; _builder_version=&#8221;4.16&#8243; custom_padding=&#8221;|||&#8221; global_colors_info=&#8221;{}&#8221; custom_padding__hover=&#8221;|||&#8221;][et_pb_text admin_label=&#8221;pdfs&#8221; _builder_version=&#8221;4.27.5&#8243; custom_padding=&#8221;|||6px|false|false&#8221; hover_enabled=&#8221;0&#8243; global_colors_info=&#8221;{}&#8221; sticky_enabled=&#8221;0&#8243;]<\/p>\n<p><a href=\"https:\/\/www.progeriaresearch.org\/wp-content\/uploads\/2025\/02\/Application-and-Agreement-For-Non-government-Institutions-October-2024.pdf\" rel=\"attachment wp-att-11236\">Solicitud y Convenio para Instituciones No Gubernamentales<\/a><\/p>\n<p><a href=\"https:\/\/www.progeriaresearch.org\/wp-content\/uploads\/2026\/03\/MTA-for-non-Govt-Institutions-March-2026.pdf\" rel=\"attachment noopener wp-att-15568\" target=\"_blank\">Acuerdo de Transferencia de Material para Instituciones No Gubernamentales<\/a><\/p>\n<p>[\/et_pb_text][\/et_pb_column_inner][\/et_pb_row_inner][et_pb_row_inner custom_padding_last_edited=&#8221;on|phone&#8221; _builder_version=&#8221;4.16&#8243; custom_padding=&#8221;0px|35px|0|0px|false|false&#8221; custom_padding_tablet=&#8221;|35px||35px||true&#8221; custom_padding_phone=&#8221;&#8221; animation_direction=&#8221;top&#8221; border_width_top=&#8221;10px&#8221; border_color_top=&#8221;#8fd2ed&#8221; global_colors_info=&#8221;{}&#8221;][et_pb_column_inner saved_specialty_column_type=&#8221;3_4&#8243; _builder_version=&#8221;4.16&#8243; custom_padding=&#8221;|||&#8221; global_colors_info=&#8221;{}&#8221; custom_padding__hover=&#8221;|||&#8221;][et_pb_text _builder_version=&#8221;4.27.2&#8243; background_size=&#8221;initial&#8221; background_position=&#8221;top_left&#8221; background_repeat=&#8221;repeat&#8221; custom_margin=&#8221;-2px|||||&#8221; custom_padding=&#8221;25px|||||&#8221; global_colors_info=&#8221;{}&#8221;]<\/p>\n<p><a href=\"https:\/\/www.progeriaresearch.org\/wp-content\/uploads\/2019\/02\/MTA-for-Non-Govt-Institutions-February-2019.pdf\"><\/a><\/p>\n<p>En 2014, el PRF instituy\u00f3 una pol\u00edtica de <strong>Sin cambios en nuestra MTA<\/strong>Este es el resultado de 12 a\u00f1os de acuerdos contractuales con 70 equipos de investigaci\u00f3n que trabajan en instituciones de 14 pa\u00edses. PRF y sus asesores legales han tenido en cuenta las cuestiones que han surgido durante ese per\u00edodo y han editado el acuerdo en consecuencia, dando como resultado lo que consideramos t\u00e9rminos justos y razonables.<\/p>\n<p>Para instituciones del gobierno federal de EE. UU. o si tiene preguntas,\u00a0<span style=\"color: #000000;\">Por favor p\u00f3ngase en contacto<\/span> Wendy Norris en <a href=\"mailto:wnorris@brownhealth.org\" title=\"mailto:wnorris@brownhealth.org\" data-outlook-id=\"6ae643af-3829-46f7-8b6a-2ef767034802\">wnorris@brownhealth.org<\/a>\u00a0o\u00a0<a href=\"tel:(401)%20274-1122\" target=\"_blank\" rel=\"noopener noreferrer\">401<wbr \/>-274-1122 x 48063<\/a>.<\/p>\n<p>Para todas las publicaciones resultantes del uso de muestras biol\u00f3gicas del Banco de C\u00e9lulas y Tejidos de la PRF, solicitamos a los investigadores que utilicen la siguiente informaci\u00f3n en la secci\u00f3n de materiales y m\u00e9todos (no simplemente en los agradecimientos). Esta redacci\u00f3n puede variar ligeramente, dependiendo de los materiales que se hayan suministrado para la investigaci\u00f3n.<\/p>\n<p>\u201cC\u00e9lulas y cultivo celular; las l\u00edneas celulares de fibroblastos d\u00e9rmicos primarios humanos se obtuvieron del banco de c\u00e9lulas y tejidos de la Fundaci\u00f3n para la Investigaci\u00f3n de la Progeria (PRF). Las l\u00edneas celulares HGPS fueron XXX, XXX, XXX; las l\u00edneas de control fueron XXX, XXX, XXX\u201d.<\/p>\n<p>[\/et_pb_text][\/et_pb_column_inner][\/et_pb_row_inner][\/et_pb_column][\/et_pb_section][et_pb_section fb_built=\u201d1\u2033 module_class=\u201dfooter\u201d _builder_version=\u201d4.21.0\u2033 background_color=\u201d#29327a\u201d custom_margin=\u201d-2px|||||\u201d Relleno personalizado = 0 | 0 px | 0 | 0 px | falso | falso. \u00cdndice z de la tableta = 500. Ancho del borde superior = 12 px. Color del borde superior = #00b2e2. M\u00f3dulo global = 133. Bloqueado = desactivado. Informaci\u00f3n global de colores = {}. ][Et_pb_row Estructura de columna = 1_4, 1_4, 1_2. Igualdad = activada. Clase del m\u00f3dulo = et_pb_row Ancho completo. Versi\u00f3n del generador = 4.16. Ancho = 89%. Ancho de la tableta = 80%. Tel\u00e9fono = \u00faltima edici\u00f3n = activada. Escritorio. Ancho m\u00e1ximo = 89%. Ancho m\u00e1ximo de la tableta = 80%. max_width_phone=\u201d\u201d max_width_last_edited=\u201don|desktop\u201d z_index_tablet=\u201d500\u2033 make_fullwidth=\u201don\u201d width_unit=\u201doff\u201d custom_width_percent=\u201d100%\u201d global_colors_info=\u201d{}\u201d][et_pb_column type=\u201d1_4\u2033 _builder_version=\u201d4.16\u2033 custom_padding=\u201d|||\u201d Informaci\u00f3n global de colores = &quot;{}&quot; Relleno personalizado _hover = &quot;|||&quot;][et_pb_cta URL del bot\u00f3n = &quot;https:\/\/lp.constantcontactpages.com\/sl\/88gWWwz&quot; Texto del bot\u00f3n = &quot;Reg\u00edstrate ahora&quot; Etiqueta de administrador = &quot;Suscr\u00edbete para recibir actualizaciones&quot; Clase del m\u00f3dulo = &quot;sign-btn&quot; Versi\u00f3n del constructor = &quot;4.27.4&quot; Tama\u00f1o de fuente del encabezado = &quot;25px&quot; Color de fondo = &quot;#29327a&quot; Estilo de animaci\u00f3n = &quot;diapositiva&quot; Direcci\u00f3n de la animaci\u00f3n = &quot;izquierda&quot; Intensidad de la animaci\u00f3n = &quot;25%&quot; URL de la opci\u00f3n del enlace = &quot;https:\/\/lp.constantcontactpages.com\/sl\/88gWWwz&quot; Tama\u00f1o de fuente del encabezado para tableta = &quot;Tama\u00f1o de fuente del encabezado para tel\u00e9fono = &quot;30px&quot; tama\u00f1o de fuente del encabezado, \u00faltima edici\u00f3n = \u00abactivado | escritorio\u00bb \u00edndice z de la tableta = \u00ab500\u00bb radio del borde = \u00abactivado | 25 px | 25 px | 25 px\u00bb informaci\u00f3n de colores globales = \u00ab{}\u00bb color de fondo del bot\u00f3n __hover habilitado = \u00abactivado\u00bb color de fondo del bot\u00f3n __hover = \u00ab#8fd2ed\u00bb color del borde del bot\u00f3n __hover habilitado = \u00abactivado\u00bb]<\/p>\n<h2>Inscribirse<\/h2>\n<h2>Para nuestro<\/h2>\n<h2>\u00a1Actualizaciones!<\/h2>\n<p>[\/et_pb_cta][\/et_pb_column][et_pb_column type=\u201d1_4\u2033 _builder_version=\u201d4.16\u2033 custom_padding=\u201d|||\u201d global_colors_info=\u201d{}\u201d custom_padding__hover=\u201d|||\u201d][et_pb_cta button_url=\u201dhttps:\/\/progeriaresearch.donorsupport.co\/-\/XZHJVWZR\u201d button_text=\u201dDonar ahora\u201d admin_label=\u201d\u00a1Juntos encontraremos la cura!\u201d module_class=\u201dsign-btn\u201d _builder_version=\u201d4.16\u2033 header_font_size=\u201d25px\u201d background_color=\u201d#29327a\u201d animation_style=\u201dslide\u201d animation_direction=\u201dleft\u201d animation_intensity_slide=\u201d25%\u201d header_font_size_tablet=\u201d\u201d header_font_size_phone=\u201d30px\u201d header_font_size_last_edited=\u201don|desktop\u201d body_font_size_tablet=\u201d\u201d body_font_size_phone=\u201d\u201d body_font_size_last_edited=\u201don|desktop\u201d z_index_tablet=\u201d500\u2033 border_radii=\u201don|25px|25px|25px|25px\u201d global_colors_info=\u201d{}\u201d button_bg_color__hover_enabled=\u201don\u201d bot\u00f3n_bg_color__hover=\u201d#8fd2ed\u201d bot\u00f3n_border_color__hover_enabled=\u201don\u201d]<\/p>\n<h2>Juntos, nosotros<\/h2>\n<h2><em>VOLUNTAD<\/em><\/h2>\n<h2>\u00a1Encuentra la cura!<\/h2>\n<p>[\/et_pb_cta][\/et_pb_column][et_pb_column type=&#8221;1_2&#8243; _builder_version=&#8221;4.16&#8243; custom_padding=&#8221;|||&#8221; global_colors_info=&#8221;{}&#8221; custom_padding__hover=&#8221;|||&#8221;][et_pb_image src=&#8221;https:\/\/www.progeriaresearch.org\/wp-content\/uploads\/2026\/03\/2026-footer-image-copy.png&#8221; title_text=&#8221;2026 footer image copy&#8221; _builder_version=&#8221;4.27.5&#8243; _module_preset=&#8221;default&#8221; custom_margin=&#8221;35px||||false|false&#8221; global_colors_info=&#8221;{}&#8221;][\/et_pb_image][\/et_pb_column][\/et_pb_row][\/et_pb_section]<\/p>","protected":false},"excerpt":{"rendered":"<p>[et_pb_section fb_built=\u201d1\u2033 fullwidth=\u201don\u201d deshabilitado_encendido=\u201dapagado|apagado|apagado\u201d _builder_version=\u201d4.16\u2033 border_width_bottom=\u201d55px\u201d border_color_bottom=\u201d#29327a\u201d bloqueado=\u201dapagado\u201d global_colors_info=\u201d{}\u201d][et_pb_fullwidth_header _builder_version=\u201d4.16\u2033 t\u00edtulo_fuente=\u201d||||||||\u201d t\u00edtulo_font_size=\u201d55\u2033 color_de_fondo=\u201d#29327a\u201d imagen_de_fondo=\u201dhttps:\/\/www.progeriaresearch.org\/wp-content\/uploads\/2020\/12\/Alexandra_1920x687.jpg\u201d posici\u00f3n_de_fondo=\u201dcentro_izquierda\u201d relleno_personalizado=\u201d9vw||9vw||verdadero\u201d relleno_personalizado_tableta=\u201d\u201d relleno_personalizado_tel\u00e9fono=\u201d|56px||\u201d relleno_personalizado_\u00faltima_edici\u00f3n=\u201den|escritorio\u201d t\u00edtulo_font_size_tableta=\u201d45px\u201d t\u00edtulo_font_size_tel\u00e9fono=\u201d40px\u201d t\u00edtulo_font_size_\u00faltima_edici\u00f3n=\u201den|tel\u00e9fono\u201d z_index_tableta=\u201d500\u2033 elemento_principal_css_personalizado=\u201dposici\u00f3n_de_fondo: centro 18% !importante;\u201d global_colors_info=\u201d{}\u201d] Informaci\u00f3n para pedidos [\/et_pb_fullwidth_header][\/et_pb_section][et_pb_section fb_built=\u201d1\u2033 use_custom_gutter=\u201don\u201d gutter_width=\u201d1\u2033 specialist=\u201don\u201d padding_left_1=\u201d35px\u201d padding_left_2=\u201d35px\u201d padding_2_tablet=\u201d|||0px\u201d padding_2_phone=\u201d\u201d padding_2_last_edited=\u201don|desktop\u201d module_class_1=\u201dsidebar-secondary-nav\u201d module_class=\u201dhandprint-bg\u201d _builder_version=\u201d4.16\u2033 background_image=\u201dhttps:\/\/www.progeriaresearch.org\/wp-content\/uploads\/2019\/04\/blue-handprint-only.png\u201d parallax=\u201don\u201d m\u00e9todo_de_paralaje=\u201ddesactivado\u201d ancho_interior=\u201d100%\u201d ancho_m\u00e1ximo_interior=\u201d100%\u201d relleno_personalizado=\u201d0|0px|54px|0px|falso|falso\u201d \u00edndice_z_tablet=\u201d500\u2033 ancho_borde_superior=\u201d10px\u201d color_border_superior=\u201d#8fd2ed\u201d uso_ancho_personalizado=\u201dactivado\u201d unidad_ancho=\u201ddesactivado\u201d [\u2026]<\/p>","protected":false},"author":1,"featured_media":0,"parent":0,"menu_order":0,"comment_status":"closed","ping_status":"closed","template":"","meta":{"_et_pb_use_builder":"on","_et_pb_old_content":"\t\t\t\t[vc_row][vc_column][vc_custom_heading text=\"Ordering Information\" font_container=\"tag:h1|text_align:center\" use_theme_fonts=\"yes\"][vc_column_text]Cost of each fibroblast or lymphoblast cell line is $80.50\r\n\r\nCost of each Immortalized Fibroblast Cell Line is $80.50\r\n\r\nCost of each iPSC line is $100.00\r\n\r\n<a href=\"https:\/\/www.progeriaresearch.org\/assets\/files\/Bank%20App%20and%20Agreement%20Gov't%20June2010%20(4).DOC\" target=\"_blank\" rel=\"noopener noreferrer\">\r\n<\/a><img class=\"alignnone size-full wp-image-1469\" src=\"https:\/\/www.progeriaresearch.org\/wp-content\/uploads\/2017\/04\/iconPDF.gif\" alt=\"\" width=\"34\" height=\"20\" \/> <a href=\"https:\/\/www.progeriaresearch.org\/wp-content\/uploads\/2019\/02\/Application-and-Agreement-For-Non-government-Institutions-February-2019.pdf\">Application and Agreement for Non-government Institutions<\/a>\r\n\r\n<img src=\"https:\/\/www.progeriaresearch.org\/assets\/images\/iconPDF.gif\" \/> <a href=\"https:\/\/www.progeriaresearch.org\/wp-content\/uploads\/2019\/02\/MTA-for-Non-Govt-Institutions-February-2019.pdf\">Material Transfer Agreement for Non-government Institutions<\/a>\r\n\r\nIn 2014, PRF instituted a policy of <strong>no changes to our MTA<\/strong>. This is the result of 12 years of contractual arrangements with 70 research teams working at institutions in 14 countries. PRF and its counsel have taken into consideration the issues that have arisen in that time period and edited the agreement accordingly, resulting in what we feel are fair and reasonable terms.\r\n\r\nFor U.S. Federal Government Institutions or questions,\u00a0<span style=\"color: #000000;\">please contact<\/span>\u00a0Wendy Norris at\u00a0<span style=\"color: #ff0000;\"><a href=\"mailto:wnorris@lifespan.org\" target=\"_blank\" rel=\"noopener noreferrer\">wnorris@lifespan.org<\/a><\/span>\u00a0or\u00a0<a href=\"tel:(401)%20274-1122\" target=\"_blank\" rel=\"noopener noreferrer\">401<wbr \/>-274-1122 x 48063<\/a>.\r\n\r\nFor all publications resulting from the use of biological samples from the PRF Cell and Tissue Bank, we ask researchers to please use the following information within the materials and methods section (not simply the acknowledgments).\u00a0 This wording may vary slightly, depending on which materials were supplied for the research.\r\n\r\n\u201cCells and Cell Culture;\u00a0Human primary dermal fibroblast cell lines were obtained from The Progeria Research Foundation (PRF) Cell and Tissue Bank.\u00a0 The HGPS cell lines were XXX, XXX, XXX; the control lines were XXX, XXX, XXX.\u201d[\/vc_column_text][\/vc_column][\/vc_row]\t\t","_et_gb_content_width":"","footnotes":"","_links_to":"","_links_to_target":""},"class_list":["post-1002","page","type-page","status-publish","hentry"],"yoast_head":"<!-- This site is optimized with the Yoast SEO plugin v26.8 - https:\/\/yoast.com\/product\/yoast-seo-wordpress\/ -->\n<title>Ordering | The Progeria Research Foundation<\/title>\n<meta name=\"description\" content=\"In 2014, PRF instituted a policy of no changes to our MTA. For ordering information, please contact us at info@progeriaresearch.org.\" \/>\n<meta name=\"robots\" content=\"index, follow, max-snippet:-1, max-image-preview:large, max-video-preview:-1\" \/>\n<link rel=\"canonical\" href=\"https:\/\/www.progeriaresearch.org\/es\/ordering-information\/\" \/>\n<meta property=\"og:locale\" content=\"es_ES\" \/>\n<meta property=\"og:type\" content=\"article\" \/>\n<meta property=\"og:title\" content=\"Ordering | The Progeria Research Foundation\" \/>\n<meta property=\"og:description\" content=\"In 2014, PRF instituted a policy of no changes to our MTA. For ordering information, please contact us at info@progeriaresearch.org.\" \/>\n<meta property=\"og:url\" content=\"https:\/\/www.progeriaresearch.org\/es\/ordering-information\/\" \/>\n<meta property=\"og:site_name\" content=\"The Progeria Research Foundation\" \/>\n<meta property=\"article:publisher\" content=\"https:\/\/www.facebook.com\/ProgeriaResearch\/\" \/>\n<meta property=\"article:modified_time\" content=\"2026-03-17T14:30:00+00:00\" \/>\n<meta name=\"twitter:card\" content=\"summary_large_image\" \/>\n<meta name=\"twitter:site\" content=\"@Progeria\" \/>\n<meta name=\"twitter:label1\" content=\"Est. reading time\" \/>\n\t<meta name=\"twitter:data1\" content=\"3 minutos\" \/>\n<script type=\"application\/ld+json\" class=\"yoast-schema-graph\">{\"@context\":\"https:\/\/schema.org\",\"@graph\":[{\"@type\":\"WebPage\",\"@id\":\"https:\/\/www.progeriaresearch.org\/ordering-information\/\",\"url\":\"https:\/\/www.progeriaresearch.org\/ordering-information\/\",\"name\":\"Ordering | The Progeria Research Foundation\",\"isPartOf\":{\"@id\":\"https:\/\/www.progeriaresearch.org\/ta\/#website\"},\"datePublished\":\"2017-02-27T21:18:17+00:00\",\"dateModified\":\"2026-03-17T14:30:00+00:00\",\"description\":\"In 2014, PRF instituted a policy of no changes to our MTA. For ordering information, please contact us at info@progeriaresearch.org.\",\"breadcrumb\":{\"@id\":\"https:\/\/www.progeriaresearch.org\/ordering-information\/#breadcrumb\"},\"inLanguage\":\"es\",\"potentialAction\":[{\"@type\":\"ReadAction\",\"target\":[\"https:\/\/www.progeriaresearch.org\/ordering-information\/\"]}]},{\"@type\":\"BreadcrumbList\",\"@id\":\"https:\/\/www.progeriaresearch.org\/ordering-information\/#breadcrumb\",\"itemListElement\":[{\"@type\":\"ListItem\",\"position\":1,\"name\":\"Home\",\"item\":\"https:\/\/www.progeriaresearch.org\/\"},{\"@type\":\"ListItem\",\"position\":2,\"name\":\"Ordering Information\"}]},{\"@type\":\"WebSite\",\"@id\":\"https:\/\/www.progeriaresearch.org\/ta\/#website\",\"url\":\"https:\/\/www.progeriaresearch.org\/ta\/\",\"name\":\"The Progeria Research Foundation\",\"description\":\"For the Children \u2665 For the Cure\",\"publisher\":{\"@id\":\"https:\/\/www.progeriaresearch.org\/ta\/#organization\"},\"potentialAction\":[{\"@type\":\"SearchAction\",\"target\":{\"@type\":\"EntryPoint\",\"urlTemplate\":\"https:\/\/www.progeriaresearch.org\/ta\/?s={search_term_string}\"},\"query-input\":{\"@type\":\"PropertyValueSpecification\",\"valueRequired\":true,\"valueName\":\"search_term_string\"}}],\"inLanguage\":\"es\"},{\"@type\":\"Organization\",\"@id\":\"https:\/\/www.progeriaresearch.org\/ta\/#organization\",\"name\":\"The Progeria Research Foundation\",\"url\":\"https:\/\/www.progeriaresearch.org\/ta\/\",\"logo\":{\"@type\":\"ImageObject\",\"inLanguage\":\"es\",\"@id\":\"https:\/\/www.progeriaresearch.org\/ta\/#\/schema\/logo\/image\/\",\"url\":\"https:\/\/www.progeriaresearch.org\/wp-content\/uploads\/2019\/05\/PRF_Logo_2019_optimized.png\",\"contentUrl\":\"https:\/\/www.progeriaresearch.org\/wp-content\/uploads\/2019\/05\/PRF_Logo_2019_optimized.png\",\"width\":300,\"height\":86,\"caption\":\"The Progeria Research Foundation\"},\"image\":{\"@id\":\"https:\/\/www.progeriaresearch.org\/ta\/#\/schema\/logo\/image\/\"},\"sameAs\":[\"https:\/\/www.facebook.com\/ProgeriaResearch\/\",\"https:\/\/x.com\/Progeria\",\"https:\/\/www.instagram.com\/progeriaresearch\/\"]}]}<\/script>\n<!-- \/ Yoast SEO plugin. -->","yoast_head_json":{"title":"Ordering | The Progeria Research Foundation","description":"In 2014, PRF instituted a policy of no changes to our MTA. For ordering information, please contact us at info@progeriaresearch.org.","robots":{"index":"index","follow":"follow","max-snippet":"max-snippet:-1","max-image-preview":"max-image-preview:large","max-video-preview":"max-video-preview:-1"},"canonical":"https:\/\/www.progeriaresearch.org\/es\/ordering-information\/","og_locale":"es_ES","og_type":"article","og_title":"Ordering | The Progeria Research Foundation","og_description":"In 2014, PRF instituted a policy of no changes to our MTA. For ordering information, please contact us at info@progeriaresearch.org.","og_url":"https:\/\/www.progeriaresearch.org\/es\/ordering-information\/","og_site_name":"The Progeria Research Foundation","article_publisher":"https:\/\/www.facebook.com\/ProgeriaResearch\/","article_modified_time":"2026-03-17T14:30:00+00:00","twitter_card":"summary_large_image","twitter_site":"@Progeria","twitter_misc":{"Est. reading time":"3 minutos"},"schema":{"@context":"https:\/\/schema.org","@graph":[{"@type":"WebPage","@id":"https:\/\/www.progeriaresearch.org\/ordering-information\/","url":"https:\/\/www.progeriaresearch.org\/ordering-information\/","name":"Ordering | The Progeria Research Foundation","isPartOf":{"@id":"https:\/\/www.progeriaresearch.org\/ta\/#website"},"datePublished":"2017-02-27T21:18:17+00:00","dateModified":"2026-03-17T14:30:00+00:00","description":"In 2014, PRF instituted a policy of no changes to our MTA. For ordering information, please contact us at info@progeriaresearch.org.","breadcrumb":{"@id":"https:\/\/www.progeriaresearch.org\/ordering-information\/#breadcrumb"},"inLanguage":"es","potentialAction":[{"@type":"ReadAction","target":["https:\/\/www.progeriaresearch.org\/ordering-information\/"]}]},{"@type":"BreadcrumbList","@id":"https:\/\/www.progeriaresearch.org\/ordering-information\/#breadcrumb","itemListElement":[{"@type":"ListItem","position":1,"name":"Home","item":"https:\/\/www.progeriaresearch.org\/"},{"@type":"ListItem","position":2,"name":"Ordering Information"}]},{"@type":"WebSite","@id":"https:\/\/www.progeriaresearch.org\/ta\/#website","url":"https:\/\/www.progeriaresearch.org\/ta\/","name":"La Fundaci\u00f3n para la Investigaci\u00f3n de la Progeria","description":"Por los ni\u00f1os \u2665 Por la cura","publisher":{"@id":"https:\/\/www.progeriaresearch.org\/ta\/#organization"},"potentialAction":[{"@type":"SearchAction","target":{"@type":"EntryPoint","urlTemplate":"https:\/\/www.progeriaresearch.org\/ta\/?s={search_term_string}"},"query-input":{"@type":"PropertyValueSpecification","valueRequired":true,"valueName":"search_term_string"}}],"inLanguage":"es"},{"@type":"Organization","@id":"https:\/\/www.progeriaresearch.org\/ta\/#organization","name":"La Fundaci\u00f3n para la Investigaci\u00f3n de la Progeria","url":"https:\/\/www.progeriaresearch.org\/ta\/","logo":{"@type":"ImageObject","inLanguage":"es","@id":"https:\/\/www.progeriaresearch.org\/ta\/#\/schema\/logo\/image\/","url":"https:\/\/www.progeriaresearch.org\/wp-content\/uploads\/2019\/05\/PRF_Logo_2019_optimized.png","contentUrl":"https:\/\/www.progeriaresearch.org\/wp-content\/uploads\/2019\/05\/PRF_Logo_2019_optimized.png","width":300,"height":86,"caption":"The Progeria Research Foundation"},"image":{"@id":"https:\/\/www.progeriaresearch.org\/ta\/#\/schema\/logo\/image\/"},"sameAs":["https:\/\/www.facebook.com\/ProgeriaResearch\/","https:\/\/x.com\/Progeria","https:\/\/www.instagram.com\/progeriaresearch\/"]}]}},"_links":{"self":[{"href":"https:\/\/www.progeriaresearch.org\/es\/wp-json\/wp\/v2\/pages\/1002","targetHints":{"allow":["GET"]}}],"collection":[{"href":"https:\/\/www.progeriaresearch.org\/es\/wp-json\/wp\/v2\/pages"}],"about":[{"href":"https:\/\/www.progeriaresearch.org\/es\/wp-json\/wp\/v2\/types\/page"}],"author":[{"embeddable":true,"href":"https:\/\/www.progeriaresearch.org\/es\/wp-json\/wp\/v2\/users\/1"}],"replies":[{"embeddable":true,"href":"https:\/\/www.progeriaresearch.org\/es\/wp-json\/wp\/v2\/comments?post=1002"}],"version-history":[{"count":1,"href":"https:\/\/www.progeriaresearch.org\/es\/wp-json\/wp\/v2\/pages\/1002\/revisions"}],"predecessor-version":[{"id":21458,"href":"https:\/\/www.progeriaresearch.org\/es\/wp-json\/wp\/v2\/pages\/1002\/revisions\/21458"}],"wp:attachment":[{"href":"https:\/\/www.progeriaresearch.org\/es\/wp-json\/wp\/v2\/media?parent=1002"}],"curies":[{"name":"gracias","href":"https:\/\/api.w.org\/{rel}","templated":true}]}}