{"id":12574,"date":"2021-04-02T10:05:00","date_gmt":"2021-04-02T14:05:00","guid":{"rendered":"https:\/\/www.progeriaresearch.org\/?page_id=12574"},"modified":"2026-02-19T16:30:28","modified_gmt":"2026-02-19T21:30:28","slug":"2021-events","status":"publish","type":"page","link":"https:\/\/www.progeriaresearch.org\/es\/2021-events\/","title":{"rendered":"Eventos 2021"},"content":{"rendered":"<p>[et_pb_section fb_built=&#8221;1&#8243; fullwidth=&#8221;on&#8221; disabled_on=&#8221;off|off|off&#8221; _builder_version=&#8221;4.16&#8243; border_width_bottom=&#8221;55px&#8221; border_color_bottom=&#8221;#29327a&#8221; locked=&#8221;off&#8221; global_colors_info=&#8221;{}&#8221;][et_pb_fullwidth_header _builder_version=&#8221;4.16&#8243; title_font=&#8221;||||||||&#8221; title_font_size=&#8221;55&#8243; background_color=&#8221;#29327a&#8221; background_image=&#8221;https:\/\/www.progeriaresearch.org\/wp-content\/uploads\/2019\/04\/running-header.jpg&#8221; background_position=&#8221;center_right&#8221; custom_padding=&#8221;11.5vw||11.5vw||true&#8221; custom_padding_tablet=&#8221;&#8221; custom_padding_phone=&#8221;|56px||&#8221; custom_padding_last_edited=&#8221;on|desktop&#8221; title_font_size_tablet=&#8221;45px&#8221; title_font_size_phone=&#8221;40px&#8221; title_font_size_last_edited=&#8221;on|phone&#8221; z_index_tablet=&#8221;500&#8243; custom_css_main_element=&#8221;background-position: center 18% !important;&#8221; locked=&#8221;off&#8221; global_colors_info=&#8221;{}&#8221;]<\/p>\n<h1>Eventos 2021<\/h1>\n<p>[\/et_pb_fullwidth_header][\/et_pb_section][et_pb_section fb_built=\u201d1\u2033 use_custom_gutter=\u201don\u201d gutter_width=\u201d1\u2033 specialist=\u201don\u201d custom_padding_last_edited=\u201don|phone\u201d padding_bottom_3=\u201d0px\u201d padding_left_1=\u201d35px\u201d padding_left_2=\u201d35px\u201d padding_2_tablet=\u201d|||0px\u201d padding_2_phone=\u201d|||0px\u201d padding_2_last_edited=\u201don|desktop\u201d module_class_1=\u201dbarra lateral-navegaci\u00f3n-secundaria\u201d module_class=\u201dhuella-de-mano-fondo\u201d _builder_version=\u201d4.16\u2033 background_image=\u201dhttps:\/\/www.progeriaresearch.org\/wp-content\/uploads\/2019\/04\/blue-handprint-only.png\u201d parallax=\u201dactivado\u201d parallax_method=\u201ddesactivado\u201d inner_width=\u201d100%\u201d inner_max_width=\u201d100%\u201d custom_padding=\u201d0|0px|54px|0px|false|false\u201d custom_padding_tablet=\u201d||0px\u201d custom_padding_phone=\u201d||0px\u201d z_index_tablet=\u201d500\u2033 border_width_top=\u201d10px\u201d border_color_top=\u201d#8fd2ed\u201d use_custom_width=\u201dactivado\u201d width_unit=\u201ddesactivado\u201d custom_width_percent=\u201d100%\u201d global_colors_info=\u201d{}\u201d][et_pb_column tipo=\u201d1_4\u2033 _builder_version=\u201d4.16\u2033 relleno_personalizado=\u201d|||\u201d informaci\u00f3n_global_colores=\u201d{}\u201d relleno_personalizado__hover=\u201d|||\u201d][\u00e1rea_de_barra_lateral_et_pb=\u201d\u00e1rea_de_widget_et_pb_6\u2033 deshabilitado_en=\u201dactivado|activado|desactivado\u201d clase_m\u00f3dulo=\u201dbarras_laterales_de_subp\u00e1gina\u201d _builder_version=\u201d4.16\u2033 estilo_de_animaci\u00f3n=\u201ddesvanecimiento\u201d z_index_tablet=\u201d500\u2033 ancho_borde_derecho=\u201d5px\u201d bloqueado=\u201ddesactivado\u201d informaci\u00f3n_global_colores=\u201d{}\u201d]<br \/>\n[\/et_pb_sidebar][\/et_pb_column][et_pb_column type=&#8221;1_2&#8243; specialty_columns=&#8221;2&#8243; _builder_version=&#8221;4.16&#8243; custom_padding=&#8221;|||&#8221; global_colors_info=&#8221;{}&#8221; custom_padding__hover=&#8221;|||&#8221;][et_pb_row_inner _builder_version=&#8221;4.16&#8243; custom_padding=&#8221;|35px||35px|false|true&#8221; global_colors_info=&#8221;{}&#8221;][et_pb_column_inner saved_specialty_column_type=&#8221;1_2&#8243; _builder_version=&#8221;4.16&#8243; custom_padding=&#8221;|||&#8221; global_colors_info=&#8221;{}&#8221; custom_padding__hover=&#8221;|||&#8221;][et_pb_text admin_label=&#8221;2021 past events&#8221; _builder_version=&#8221;4.16&#8243; link_text_color=&#8221;#29327a&#8221; z_index_tablet=&#8221;500&#8243; box_shadow_horizontal_tablet=&#8221;0px&#8221; box_shadow_vertical_tablet=&#8221;0px&#8221; box_shadow_blur_tablet=&#8221;40px&#8221; box_shadow_spread_tablet=&#8221;0px&#8221; global_colors_info=&#8221;{}&#8221;]<\/p>\n<ul>\n<li><a href=\"https:\/\/www.facebook.com\/events\/449179826716224\"><strong><strong>30 de noviembre de 2021: <\/strong><\/strong><\/a>Martes de donaciones 2021<\/li>\n<li><a href=\"https:\/\/www.facebook.com\/Deallaney-Hudson-Honorary-King-Mackerel-Tournament-543697342507309\"><strong><strong>12 de noviembre de 2021: <\/strong><\/strong><\/a>Sexto torneo anual honorario de caballa real Deallaney Hudson<\/li>\n<li><a href=\"https:\/\/interland3.donorperfect.net\/weblink\/WebLink.aspx?name=E13407&amp;id=130\"><strong>12 de noviembre de 2021:<\/strong><\/a>11.\u00ba evento anual Make a Splash<a href=\"https:\/\/interland3.donorperfect.net\/weblink\/WebLink.aspx?name=E13407&amp;id=130\"><strong><\/strong><\/a><\/li>\n<li><strong><strong><a href=\"https:\/\/www.progeriaresearch.org\/es\/20thrfr\/\" target=\"_blank\" rel=\"noopener\">18 de septiembre de 2021<\/a>:<\/strong><\/strong>20\u00aa Carrera Internacional Anual de Investigaci\u00f3n<strong><\/strong><\/li>\n<li><a href=\"https:\/\/raceroster.com\/events\/2021\/31634\/the-2021-asics-falmouth-road-race\/pledge\/team\/304692\"><strong>15 de agosto de 2021:<\/strong><\/a> El equipo PRF participa en la carrera de carretera de Falmouth<\/li>\n<li><a href=\"https:\/\/www.progeriaresearch.org\/es\/2021\/06\/01\/prfs-onepossible-campaign-kicks-off\/\"><strong>1 de junio de 2021:<\/strong><\/a> ONEpossible \u00a1Las semillas de la investigaci\u00f3n florecer\u00e1n y se convertir\u00e1n en la CURA!<\/li>\n<li><strong><a href=\"https:\/\/www.progeriaresearch.org\/es\/2021cure-cup-classic-golf-tournament\/\">17 de mayo de 2021, Ipswich Country Club, Ipswich, MA<\/a>: <\/strong>Torneo de golf cl\u00e1sico PRF Cure Cup<\/li>\n<li><strong><a href=\"https:\/\/secure.frontstream.com\/mfm-roadrally\">15 de mayo de 2021, Flat Rock, Michigan<\/a>:<\/strong> Rally de millas por milagros<\/li>\n<li><a href=\"https:\/\/www.progeriaresearch.org\/es\/meghans-march-madness-2021\/\"><strong>Marzo de 2021:<\/strong><\/a> Gracias por celebrar el cumplea\u00f1os n\u00famero 20 de Meghan con nosotros y recaudar una incre\u00edble suma de $$20,000 en su honor.<\/li>\n<\/ul>\n<p>[\/et_pb_text][\/et_pb_column_inner][\/et_pb_row_inner][\/et_pb_column][et_pb_column type=&#8221;1_4&#8243; _builder_version=&#8221;4.16&#8243; custom_padding=&#8221;|||&#8221; global_colors_info=&#8221;{}&#8221; custom_padding__hover=&#8221;|||&#8221;][et_pb_text _builder_version=&#8221;4.16&#8243; background_color=&#8221;#f7f7f7&#8243; custom_padding=&#8221;32px||15px&#8221; animation_direction=&#8221;top&#8221; global_colors_info=&#8221;{}&#8221;]<\/p>\n<h1 style=\"text-align: center;\">Eventos pasados<\/h1>\n<p>[\/et_pb_text][et_pb_blurb title=&#8221;2026 Events&#8221; url=&#8221;https:\/\/www.progeriaresearch.org\/2026-events\/&#8221; use_icon=&#8221;on&#8221; font_icon=&#8221;&#x34;||divi||400&#8243; icon_placement=&#8221;left&#8221; image_icon_width=&#8221;23px&#8221; admin_label=&#8221;2026&#8243; _builder_version=&#8221;4.27.5&#8243; background_color=&#8221;#f7f7f7&#8243; custom_padding=&#8221;10px|||50px|false|false&#8221; animation_direction=&#8221;top&#8221; hover_enabled=&#8221;0&#8243; icon_font_size=&#8221;23px&#8221; locked=&#8221;off&#8221; global_colors_info=&#8221;{}&#8221; sticky_enabled=&#8221;0&#8243;][\/et_pb_blurb][et_pb_blurb title=&#8221;2025 Events&#8221; url=&#8221;https:\/\/www.progeriaresearch.org\/2025-events\/&#8221; use_icon=&#8221;on&#8221; font_icon=&#8221;&#x34;||divi||400&#8243; icon_placement=&#8221;left&#8221; image_icon_width=&#8221;23px&#8221; admin_label=&#8221;2025&#8243; _builder_version=&#8221;4.27.4&#8243; background_color=&#8221;#f7f7f7&#8243; custom_padding=&#8221;10px|||50px|false|false&#8221; animation_direction=&#8221;top&#8221; icon_font_size=&#8221;23px&#8221; locked=&#8221;off&#8221; global_colors_info=&#8221;{}&#8221;][\/et_pb_blurb][et_pb_blurb title=&#8221;2024 Events&#8221; url=&#8221;https:\/\/www.progeriaresearch.org\/2024-events\/&#8221; use_icon=&#8221;on&#8221; font_icon=&#8221;&#x34;||divi||400&#8243; icon_placement=&#8221;left&#8221; image_icon_width=&#8221;23px&#8221; _builder_version=&#8221;4.24.3&#8243; background_color=&#8221;#f7f7f7&#8243; custom_padding=&#8221;10px|||50px|false|false&#8221; animation_direction=&#8221;top&#8221; icon_font_size=&#8221;23px&#8221; global_colors_info=&#8221;{}&#8221;][\/et_pb_blurb][et_pb_blurb title=&#8221;2023 Events&#8221; url=&#8221;https:\/\/www.progeriaresearch.org\/2023-events\/&#8221; use_icon=&#8221;on&#8221; font_icon=&#8221;&#x34;||divi||400&#8243; icon_placement=&#8221;left&#8221; image_icon_width=&#8221;23px&#8221; _builder_version=&#8221;4.19.5&#8243; background_color=&#8221;#f7f7f7&#8243; custom_padding=&#8221;10px|||50px|false|false&#8221; animation_direction=&#8221;top&#8221; icon_font_size=&#8221;23px&#8221; global_colors_info=&#8221;{}&#8221;][\/et_pb_blurb][et_pb_blurb title=&#8221;2022 Events&#8221; url=&#8221;https:\/\/www.progeriaresearch.org\/2022-events\/&#8221; use_icon=&#8221;on&#8221; font_icon=&#8221;&#x34;||divi||400&#8243; icon_placement=&#8221;left&#8221; image_icon_width=&#8221;23px&#8221; _builder_version=&#8221;4.16&#8243; background_color=&#8221;#f7f7f7&#8243; custom_padding=&#8221;10px|||50px|false|false&#8221; animation_direction=&#8221;top&#8221; icon_font_size=&#8221;23px&#8221; global_colors_info=&#8221;{}&#8221;][\/et_pb_blurb][et_pb_blurb title=&#8221;2021 Events&#8221; url=&#8221;https:\/\/www.progeriaresearch.org\/2021-events\/&#8221; use_icon=&#8221;on&#8221; font_icon=&#8221;&#x34;||divi||400&#8243; icon_placement=&#8221;left&#8221; image_icon_width=&#8221;23px&#8221; _builder_version=&#8221;4.16&#8243; background_color=&#8221;#f7f7f7&#8243; custom_padding=&#8221;10px|||50px|false|false&#8221; animation_direction=&#8221;top&#8221; icon_font_size=&#8221;23px&#8221; global_colors_info=&#8221;{}&#8221;][\/et_pb_blurb][et_pb_blurb title=&#8221;2020 Events&#8221; url=&#8221;https:\/\/www.progeriaresearch.org\/2020-events\/&#8221; use_icon=&#8221;on&#8221; font_icon=&#8221;&#x34;||divi||400&#8243; icon_placement=&#8221;left&#8221; image_icon_width=&#8221;23px&#8221; _builder_version=&#8221;4.16&#8243; background_color=&#8221;#f7f7f7&#8243; custom_padding=&#8221;10px|||50px|false|false&#8221; animation_direction=&#8221;top&#8221; icon_font_size=&#8221;23px&#8221; global_colors_info=&#8221;{}&#8221;][\/et_pb_blurb][et_pb_blurb title=&#8221;2019 Events&#8221; url=&#8221;https:\/\/www.progeriaresearch.org\/2019-events\/&#8221; use_icon=&#8221;on&#8221; font_icon=&#8221;&#x34;||divi||400&#8243; icon_placement=&#8221;left&#8221; image_icon_width=&#8221;23px&#8221; _builder_version=&#8221;4.16&#8243; background_color=&#8221;#f7f7f7&#8243; custom_padding=&#8221;10px|||50px|false|false&#8221; animation_direction=&#8221;top&#8221; icon_font_size=&#8221;23px&#8221; global_colors_info=&#8221;{}&#8221;][\/et_pb_blurb][\/et_pb_column][\/et_pb_section][et_pb_section fb_built=&#8221;1&#8243; module_class=&#8221;footer&#8221; _builder_version=&#8221;4.21.0&#8243; background_color=&#8221;#29327a&#8221; custom_margin=&#8221;-2px|||||&#8221; custom_padding=&#8221;0|0px|0|0px|false|false&#8221; z_index_tablet=&#8221;500&#8243; border_width_top=&#8221;12px&#8221; border_color_top=&#8221;#00b2e2&#8243; global_module=&#8221;133&#8243; locked=&#8221;off&#8221; global_colors_info=&#8221;{}&#8221;][et_pb_row column_structure=&#8221;1_4,1_4,1_2&#8243; make_equal=&#8221;on&#8221; module_class=&#8221; et_pb_row_fullwidth&#8221; _builder_version=&#8221;4.16&#8243; width=&#8221;89%&#8221; width_tablet=&#8221;80%&#8221; width_phone=&#8221;&#8221; width_last_edited=&#8221;on|desktop&#8221; max_width=&#8221;89%&#8221; max_width_tablet=&#8221;80%&#8221; max_width_phone=&#8221;&#8221; max_width_last_edited=&#8221;on|desktop&#8221; z_index_tablet=&#8221;500&#8243; make_fullwidth=&#8221;on&#8221; width_unit=&#8221;off&#8221; custom_width_percent=&#8221;100%&#8221; global_colors_info=&#8221;{}&#8221;][et_pb_column type=&#8221;1_4&#8243; _builder_version=&#8221;4.16&#8243; custom_padding=&#8221;|||&#8221; global_colors_info=&#8221;{}&#8221; custom_padding__hover=&#8221;|||&#8221;][et_pb_cta button_url=&#8221;https:\/\/lp.constantcontactpages.com\/sl\/88gWWwz&#8221; button_text=&#8221;Sign Up Now&#8221; admin_label=&#8221;Sign Up for Updates&#8221; module_class=&#8221;sign-btn&#8221; _builder_version=&#8221;4.27.4&#8243; header_font_size=&#8221;25px&#8221; background_color=&#8221;#29327a&#8221; animation_style=&#8221;slide&#8221; animation_direction=&#8221;left&#8221; animation_intensity_slide=&#8221;25%&#8221; link_option_url=&#8221;https:\/\/lp.constantcontactpages.com\/sl\/88gWWwz&#8221; header_font_size_tablet=&#8221;&#8221; header_font_size_phone=&#8221;30px&#8221; header_font_size_last_edited=&#8221;on|desktop&#8221; z_index_tablet=&#8221;500&#8243; border_radii=&#8221;on|25px|25px|25px|25px&#8221; global_colors_info=&#8221;{}&#8221; button_bg_color__hover_enabled=&#8221;on&#8221; button_bg_color__hover=&#8221;#8fd2ed&#8221; button_border_color__hover_enabled=&#8221;on&#8221;]<\/p>\n<h2>Inscribirse<\/h2>\n<h2>Para nuestro<\/h2>\n<h2>\u00a1Actualizaciones!<\/h2>\n<p>[\/et_pb_cta][\/et_pb_column][et_pb_column type=\u201d1_4\u2033 _builder_version=\u201d4.16\u2033 custom_padding=\u201d|||\u201d global_colors_info=\u201d{}\u201d custom_padding__hover=\u201d|||\u201d][et_pb_cta button_url=\u201dhttps:\/\/progeriaresearch.donorsupport.co\/-\/XZHJVWZR\u201d button_text=\u201dDonar ahora\u201d admin_label=\u201d\u00a1Juntos encontraremos la cura!\u201d module_class=\u201dsign-btn\u201d _builder_version=\u201d4.16\u2033 header_font_size=\u201d25px\u201d background_color=\u201d#29327a\u201d animation_style=\u201dslide\u201d animation_direction=\u201dleft\u201d animation_intensity_slide=\u201d25%\u201d header_font_size_tablet=\u201d\u201d header_font_size_phone=\u201d30px\u201d header_font_size_last_edited=\u201don|desktop\u201d body_font_size_tablet=\u201d\u201d body_font_size_phone=\u201d\u201d body_font_size_last_edited=\u201don|desktop\u201d z_index_tablet=\u201d500\u2033 border_radii=\u201don|25px|25px|25px|25px\u201d global_colors_info=\u201d{}\u201d button_bg_color__hover_enabled=\u201don\u201d bot\u00f3n_bg_color__hover=\u201d#8fd2ed\u201d bot\u00f3n_border_color__hover_enabled=\u201don\u201d]<\/p>\n<h2>Juntos, nosotros<\/h2>\n<h2><em>VOLUNTAD<\/em><\/h2>\n<h2>\u00a1Encuentra la cura!<\/h2>\n<p>[\/et_pb_cta][\/et_pb_column][et_pb_column tipo=\u201d1_2\u2033 _builder_version=\u201d4.16\u2033 relleno_personalizado=\u201d|||\u201d Informaci\u00f3n global de colores = &quot;{}&quot; relleno_personalizado__hover = &quot;|||&quot;][et_pb_image src = &quot;https:\/\/www.progeriaresearch.org\/wp-content\/uploads\/2025\/05\/2025-strip-for-website-footer-no-years.png&quot; t\u00edtulo = &quot;Franja 2025 para pie de p\u00e1gina web sin a\u00f1os&quot; _builder_version = &quot;4.27.4&quot; _module_preset = &quot;predeterminado&quot; margen_personalizado = &quot;35px||||falso|falso] Informaci\u00f3n global de colores = &quot;{}&quot;][\/et_pb_image][\/et_pb_column][\/et_pb_row][\/et_pb_section]<\/p>","protected":false},"excerpt":{"rendered":"<p>2021 Events November 30, 2021: GivingTuesday 2021 November 12, 2021: 6th Annual Deallaney Hudson Honorary King Mackerel Tournament November 12, 2021:11th Annual Make a Splash Event Sept. 18, 2021:20th Annual International Race for Research August 15, 2021: Team PRF Runs the Falmouth Road Race June 1, 2021: ONEpossible The seeds of research will bloom into [&hellip;]<\/p>","protected":false},"author":2,"featured_media":0,"parent":0,"menu_order":0,"comment_status":"closed","ping_status":"closed","template":"","meta":{"_et_pb_use_builder":"on","_et_pb_old_content":"","_et_gb_content_width":"","footnotes":"","_links_to":"","_links_to_target":""},"class_list":["post-12574","page","type-page","status-publish","hentry"],"yoast_head":"<!-- This site is optimized with the Yoast SEO plugin v26.8 - https:\/\/yoast.com\/product\/yoast-seo-wordpress\/ -->\n<title>2021 events | The Progeria Research Foundation<\/title>\n<meta name=\"robots\" content=\"index, follow, max-snippet:-1, max-image-preview:large, max-video-preview:-1\" \/>\n<link rel=\"canonical\" href=\"https:\/\/www.progeriaresearch.org\/es\/2021-events\/\" \/>\n<meta property=\"og:locale\" content=\"es_ES\" \/>\n<meta property=\"og:type\" content=\"article\" \/>\n<meta property=\"og:title\" content=\"2021 events | The Progeria Research Foundation\" \/>\n<meta property=\"og:description\" content=\"2021 Events November 30, 2021: GivingTuesday 2021 November 12, 2021: 6th Annual Deallaney Hudson Honorary King Mackerel Tournament November 12, 2021:11th Annual Make a Splash Event Sept. 18, 2021:20th Annual International Race for Research August 15, 2021: Team PRF Runs the Falmouth Road Race June 1, 2021: ONEpossible The seeds of research will bloom into [&hellip;]\" \/>\n<meta property=\"og:url\" content=\"https:\/\/www.progeriaresearch.org\/es\/2021-events\/\" \/>\n<meta property=\"og:site_name\" content=\"The Progeria Research Foundation\" \/>\n<meta property=\"article:publisher\" content=\"https:\/\/www.facebook.com\/ProgeriaResearch\/\" \/>\n<meta property=\"article:modified_time\" content=\"2026-02-19T21:30:28+00:00\" \/>\n<meta name=\"twitter:card\" content=\"summary_large_image\" \/>\n<meta name=\"twitter:site\" content=\"@Progeria\" \/>\n<meta name=\"twitter:label1\" content=\"Est. reading time\" \/>\n\t<meta name=\"twitter:data1\" content=\"1 minuto\" \/>\n<script type=\"application\/ld+json\" class=\"yoast-schema-graph\">{\"@context\":\"https:\/\/schema.org\",\"@graph\":[{\"@type\":\"WebPage\",\"@id\":\"https:\/\/www.progeriaresearch.org\/ko\/2021-events\/\",\"url\":\"https:\/\/www.progeriaresearch.org\/ko\/2021-events\/\",\"name\":\"2021 events | The Progeria Research Foundation\",\"isPartOf\":{\"@id\":\"https:\/\/www.progeriaresearch.org\/ta\/#website\"},\"datePublished\":\"2021-04-02T14:05:00+00:00\",\"dateModified\":\"2026-02-19T21:30:28+00:00\",\"breadcrumb\":{\"@id\":\"https:\/\/www.progeriaresearch.org\/ko\/2021-events\/#breadcrumb\"},\"inLanguage\":\"es\",\"potentialAction\":[{\"@type\":\"ReadAction\",\"target\":[\"https:\/\/www.progeriaresearch.org\/ko\/2021-events\/\"]}]},{\"@type\":\"BreadcrumbList\",\"@id\":\"https:\/\/www.progeriaresearch.org\/ko\/2021-events\/#breadcrumb\",\"itemListElement\":[{\"@type\":\"ListItem\",\"position\":1,\"name\":\"Home\",\"item\":\"https:\/\/www.progeriaresearch.org\/\"},{\"@type\":\"ListItem\",\"position\":2,\"name\":\"2021 Events\"}]},{\"@type\":\"WebSite\",\"@id\":\"https:\/\/www.progeriaresearch.org\/ta\/#website\",\"url\":\"https:\/\/www.progeriaresearch.org\/ta\/\",\"name\":\"The Progeria Research Foundation\",\"description\":\"For the Children \u2665 For the Cure\",\"publisher\":{\"@id\":\"https:\/\/www.progeriaresearch.org\/ta\/#organization\"},\"potentialAction\":[{\"@type\":\"SearchAction\",\"target\":{\"@type\":\"EntryPoint\",\"urlTemplate\":\"https:\/\/www.progeriaresearch.org\/ta\/?s={search_term_string}\"},\"query-input\":{\"@type\":\"PropertyValueSpecification\",\"valueRequired\":true,\"valueName\":\"search_term_string\"}}],\"inLanguage\":\"es\"},{\"@type\":\"Organization\",\"@id\":\"https:\/\/www.progeriaresearch.org\/ta\/#organization\",\"name\":\"The Progeria Research Foundation\",\"url\":\"https:\/\/www.progeriaresearch.org\/ta\/\",\"logo\":{\"@type\":\"ImageObject\",\"inLanguage\":\"es\",\"@id\":\"https:\/\/www.progeriaresearch.org\/ta\/#\/schema\/logo\/image\/\",\"url\":\"https:\/\/www.progeriaresearch.org\/wp-content\/uploads\/2019\/05\/PRF_Logo_2019_optimized.png\",\"contentUrl\":\"https:\/\/www.progeriaresearch.org\/wp-content\/uploads\/2019\/05\/PRF_Logo_2019_optimized.png\",\"width\":300,\"height\":86,\"caption\":\"The Progeria Research Foundation\"},\"image\":{\"@id\":\"https:\/\/www.progeriaresearch.org\/ta\/#\/schema\/logo\/image\/\"},\"sameAs\":[\"https:\/\/www.facebook.com\/ProgeriaResearch\/\",\"https:\/\/x.com\/Progeria\",\"https:\/\/www.instagram.com\/progeriaresearch\/\"]}]}<\/script>\n<!-- \/ Yoast SEO plugin. -->","yoast_head_json":{"title":"2021 events | The Progeria Research Foundation","robots":{"index":"index","follow":"follow","max-snippet":"max-snippet:-1","max-image-preview":"max-image-preview:large","max-video-preview":"max-video-preview:-1"},"canonical":"https:\/\/www.progeriaresearch.org\/es\/2021-events\/","og_locale":"es_ES","og_type":"article","og_title":"2021 events | The Progeria Research Foundation","og_description":"2021 Events November 30, 2021: GivingTuesday 2021 November 12, 2021: 6th Annual Deallaney Hudson Honorary King Mackerel Tournament November 12, 2021:11th Annual Make a Splash Event Sept. 18, 2021:20th Annual International Race for Research August 15, 2021: Team PRF Runs the Falmouth Road Race June 1, 2021: ONEpossible The seeds of research will bloom into [&hellip;]","og_url":"https:\/\/www.progeriaresearch.org\/es\/2021-events\/","og_site_name":"The Progeria Research Foundation","article_publisher":"https:\/\/www.facebook.com\/ProgeriaResearch\/","article_modified_time":"2026-02-19T21:30:28+00:00","twitter_card":"summary_large_image","twitter_site":"@Progeria","twitter_misc":{"Est. reading time":"1 minuto"},"schema":{"@context":"https:\/\/schema.org","@graph":[{"@type":"WebPage","@id":"https:\/\/www.progeriaresearch.org\/ko\/2021-events\/","url":"https:\/\/www.progeriaresearch.org\/ko\/2021-events\/","name":"2021 events | The Progeria Research Foundation","isPartOf":{"@id":"https:\/\/www.progeriaresearch.org\/ta\/#website"},"datePublished":"2021-04-02T14:05:00+00:00","dateModified":"2026-02-19T21:30:28+00:00","breadcrumb":{"@id":"https:\/\/www.progeriaresearch.org\/ko\/2021-events\/#breadcrumb"},"inLanguage":"es","potentialAction":[{"@type":"ReadAction","target":["https:\/\/www.progeriaresearch.org\/ko\/2021-events\/"]}]},{"@type":"BreadcrumbList","@id":"https:\/\/www.progeriaresearch.org\/ko\/2021-events\/#breadcrumb","itemListElement":[{"@type":"ListItem","position":1,"name":"Home","item":"https:\/\/www.progeriaresearch.org\/"},{"@type":"ListItem","position":2,"name":"2021 Events"}]},{"@type":"WebSite","@id":"https:\/\/www.progeriaresearch.org\/ta\/#website","url":"https:\/\/www.progeriaresearch.org\/ta\/","name":"La Fundaci\u00f3n para la Investigaci\u00f3n de la Progeria","description":"Por los ni\u00f1os \u2665 Por la cura","publisher":{"@id":"https:\/\/www.progeriaresearch.org\/ta\/#organization"},"potentialAction":[{"@type":"SearchAction","target":{"@type":"EntryPoint","urlTemplate":"https:\/\/www.progeriaresearch.org\/ta\/?s={search_term_string}"},"query-input":{"@type":"PropertyValueSpecification","valueRequired":true,"valueName":"search_term_string"}}],"inLanguage":"es"},{"@type":"Organization","@id":"https:\/\/www.progeriaresearch.org\/ta\/#organization","name":"La Fundaci\u00f3n para la Investigaci\u00f3n de la Progeria","url":"https:\/\/www.progeriaresearch.org\/ta\/","logo":{"@type":"ImageObject","inLanguage":"es","@id":"https:\/\/www.progeriaresearch.org\/ta\/#\/schema\/logo\/image\/","url":"https:\/\/www.progeriaresearch.org\/wp-content\/uploads\/2019\/05\/PRF_Logo_2019_optimized.png","contentUrl":"https:\/\/www.progeriaresearch.org\/wp-content\/uploads\/2019\/05\/PRF_Logo_2019_optimized.png","width":300,"height":86,"caption":"The Progeria Research Foundation"},"image":{"@id":"https:\/\/www.progeriaresearch.org\/ta\/#\/schema\/logo\/image\/"},"sameAs":["https:\/\/www.facebook.com\/ProgeriaResearch\/","https:\/\/x.com\/Progeria","https:\/\/www.instagram.com\/progeriaresearch\/"]}]}},"_links":{"self":[{"href":"https:\/\/www.progeriaresearch.org\/es\/wp-json\/wp\/v2\/pages\/12574","targetHints":{"allow":["GET"]}}],"collection":[{"href":"https:\/\/www.progeriaresearch.org\/es\/wp-json\/wp\/v2\/pages"}],"about":[{"href":"https:\/\/www.progeriaresearch.org\/es\/wp-json\/wp\/v2\/types\/page"}],"author":[{"embeddable":true,"href":"https:\/\/www.progeriaresearch.org\/es\/wp-json\/wp\/v2\/users\/2"}],"replies":[{"embeddable":true,"href":"https:\/\/www.progeriaresearch.org\/es\/wp-json\/wp\/v2\/comments?post=12574"}],"version-history":[{"count":1,"href":"https:\/\/www.progeriaresearch.org\/es\/wp-json\/wp\/v2\/pages\/12574\/revisions"}],"predecessor-version":[{"id":21374,"href":"https:\/\/www.progeriaresearch.org\/es\/wp-json\/wp\/v2\/pages\/12574\/revisions\/21374"}],"wp:attachment":[{"href":"https:\/\/www.progeriaresearch.org\/es\/wp-json\/wp\/v2\/media?parent=12574"}],"curies":[{"name":"gracias","href":"https:\/\/api.w.org\/{rel}","templated":true}]}}