{"id":1631,"date":"2017-04-28T22:37:45","date_gmt":"2017-04-28T22:37:45","guid":{"rendered":"https:\/\/www.progeriaresearch.org\/?page_id=1631"},"modified":"2024-03-13T09:39:18","modified_gmt":"2024-03-13T13:39:18","slug":"matching-gift","status":"publish","type":"page","link":"https:\/\/www.progeriaresearch.org\/es\/matching-gift\/","title":{"rendered":"Buscador de regalos compatibles"},"content":{"rendered":"<p>[et_pb_section fb_built=\u201d1\u2033 fullwidth=\u201don\u201d deshabilitado_encendido=\u201dapagado|apagado|apagado\u201d _builder_version=\u201d4.16\u2033 border_width_bottom=\u201d55px\u201d border_color_bottom=\u201d#29327a\u201d bloqueado=\u201dapagado\u201d global_colors_info=\u201d{}\u201d][et_pb_fullwidth_header _builder_version=\u201d4.16\u2033 tama\u00f1o_de_fuente_t\u00edtulo=\u201d55\u2033 color_de_fondo=\u201d#29327a\u201d imagen_de_fondo=\u201dhttps:\/\/www.progeriaresearch.org\/wp-content\/uploads\/2019\/04\/Encabezado-Invol\u00facrate.jpg\u201d posici\u00f3n_de_fondo=\u201dcentro_derecha\u201d padding_personalizado=\u201d9vw||9vw||verdadero\u201d padding_personalizado_tablet=\u201d\u201d padding_personalizado_tel\u00e9fono=\u201d|56px||\u201d padding_personalizado_\u00faltima_edici\u00f3n=\u201den|escritorio\u201d tama\u00f1o_fuente_t\u00edtulo_tableta=\u201d45px\u201d tama\u00f1o_fuente_t\u00edtulo_tel\u00e9fono=\u201d40px\u201d tama\u00f1o_fuente_\u00faltima_edici\u00f3n=\u201den|tel\u00e9fono\u201d z_index_tableta=\u201d500\u2033 elemento_principal_css_personalizado=\u201dposici\u00f3n_fondo: derecha 18% !importante;\u201d informaci\u00f3n_colores_global=\u201d{}\u201d]<\/p>\n<h1>Pareo<\/h1>\n<h1>Buscador de regalos<\/h1>\n<p>[\/et_pb_fullwidth_header][\/et_pb_section][et_pb_section fb_built=\u201d1\u2033 use_custom_gutter=\u201don\u201d gutter_width=\u201d1\u2033 specialist=\u201don\u201d padding_left_1=\u201d35px\u201d padding_left_2=\u201d35px\u201d padding_2_tablet=\u201d|||0px\u201d padding_2_phone=\u201d|||0px\u201d padding_2_last_edited=\u201don|desktop\u201d module_class_1=\u201dbarra lateral-navegaci\u00f3n-secundaria\u201d module_class=\u201dhuella-de-mano-bg\u201d _builder_version=\u201d4.16\u2033 background_image=\u201dhttps:\/\/www.progeriaresearch.org\/wp-content\/uploads\/2019\/04\/huella-de-mano-azul-solamente.png\u201d parallax=\u201don\u201d parallax_method=\u201doff\u201d ancho_interior=\u201d100%\u201d ancho_m\u00e1ximo_interior=\u201d100%\u201d relleno_personalizado=\u201d0|0px|54px|0px|falso|falso\u201d z_index_tablet=\u201d500\u2033 ancho_borde_superior=\u201d10px\u201d color_border_superior=\u201d#8fd2ed\u201d uso_ancho_personalizado=\u201dactivado\u201d unidad_ancho=\u201ddesactivado\u201d porcentaje_ancho_personalizado=\u201d100%\u201d informaci\u00f3n_colores_globales=\u201d{}\u201d][et_pb_column tipo=\u201d1_4\u2033 _builder_version=\u201d4.16\u2033 relleno_personalizado=\u201d|||\u201d global_colors_info=\u201d{}\u201d custom_padding__hover=\u201d|||\u201d][et_pb_sidebar area=\u201det_pb_widget_area_5\u2033 deshabilitado_en=\u201dencendido|encendido|apagado\u201d module_class=\u201dsubpage-sidebars\u201d _builder_version=\u201d4.16\u2033 animation_style=\u201ddesvanecimiento\u201d z_index_tablet=\u201d500\u2033 border_width_right=\u201d5px\u201d bloqueado=\u201dapagado\u201d global_colors_info=\u201d{}\u201d]<br \/>\n[\/et_pb_sidebar][\/et_pb_column][et_pb_column tipo=\u201d3_4\u2033 columnas_especializadas=\u201d3\u2033 _builder_version=\u201d4.16\u2033 relleno_personalizado=\u201d|||\u201d informaci\u00f3n_de_colores_globales=\u201d{}\u201d relleno_personalizado__hover=\u201d|||\u201d][et_pb_row_inner _builder_version=\u201d4.16\u2033 color_de_fondo=\u201d#00b2e2\u2033 margen_personalizado=\u201d41px||\u201d margen_personalizado_tablet=\u201d0px||\u201d margen_personalizado_tel\u00e9fono=\u201d\u201d margen_personalizado_\u00faltima_edici\u00f3n=\u201dactivado|tel\u00e9fono\u201d relleno_personalizado=\u201d39,4375px|20px|0|20px|falso|verdadero\u201d estilo_animaci\u00f3n=\u201ddiapositiva\u201d direcci\u00f3n_animaci\u00f3n=\u201dsuperior\u201d intensidad_animaci\u00f3n_diapositiva=\u201d25%\u201d estilo_sombra_cuadrado=\u201dpreestablecido1\u2033 desenfoque_sombra_cuadrado=\u201d38px\u201d propagaci\u00f3n_sombra_cuadrado=\u201d-12px\u201d informaci\u00f3n_colores_globales=\u201d{}\u201d][et_pb_column_inner tipo_columna_especialidad_guardada=\u201d3_4\u2033 _builder_version=\u201d4,16\u2033 relleno_personalizado=\u201d|||\u201d global_colors_info=\u201d{}\u201d custom_padding__hover=\u201d|||\u201d][et_pb_text _builder_version=\u201d4.21.0\u2033 fuente_texto=\u201d||||||||\u201d fuente_encabezado=\u201d|||||||||\u201d alineacion_texto_encabezado=\u201dcentro\u201d color_texto_encabezado=\u201d#ffffff\u201d fuente_encabezado_2=\u201d|||||||||\u201d header_2_text_align=\u201dcenter\u201d header_2_line_height=\u201d1.2em\u201d text_orientation=\u201dcenter\u201d background_layout=\u201ddark\u201d custom_margin=\u201d||35px\u201d animation_style=\u201dfade\u201d header_font_size_tablet=\u201d\u201d header_font_size_phone=\u201d30px\u201d header_font_size_last_edited=\u201don|desktop\u201d header_2_font_size_tablet=\u201d\u201d header_2_font_size_phone=\u201d25px\u201d header_2_font_size_last_edited=\u201don|tablet\u201d z_index_tablet=\u201d500\u2033 global_colors_info=\u201d{}\u201d]<\/p>\n<h3>\u00a1Descubre si tu empresa igualar\u00e1 tu donaci\u00f3n y DUPLICAR\u00c1 tu donaci\u00f3n!<\/h3>\n<p>[\/et_pb_text][\/et_pb_column_inner][\/et_pb_row_inner][et_pb_row_inner admin_label=\u201dFila\u201d _builder_version=\u201d4.16\u2033 z_index_tablet=\u201d500\u2033 global_colors_info=\u201d{}\u201d][et_pb_column_inner tipo_columna_especial_guardada=\u201d3_4\u2033 _builder_version=\u201d4.16\u2033 relleno_personalizado=\u201d|||\u201d informaci\u00f3n_de_colores_global=\u201d{}\u201d relleno_personalizado__hover=\u201d|||\u201d][et_pb_text _builder_version=\u201d4.16\u2033 z_index_tablet=\u201d500\u2033 informaci\u00f3n_de_colores_global=\u201d{}\u201d]<\/p>\n<p><span style=\"font-weight: 400;\">Muchas empresas ofrecen programas de donaciones equivalentes para reconocer a sus empleados que apoyan a organizaciones ben\u00e9ficas.<\/span><\/p>\n<p><span style=\"font-weight: 400;\">Para saber si su empresa igualar\u00e1 las donaciones a The Progeria Research Foundation, utilice el Buscador de donaciones equivalentes a continuaci\u00f3n, ingrese el nombre de su empleador en el campo de b\u00fasqueda y haga clic en su nombre para saber c\u00f3mo aprovecharlo.<\/span><\/p>\n<p><span style=\"font-weight: 400;\">Si tiene alguna pregunta sobre el Buscador de donaciones equivalentes, env\u00ede un correo electr\u00f3nico a <\/span><a href=\"mailto: donations@progeriaresearch.org\"><span style=\"font-weight: 400;\">donaciones@progeriaresearch.org<\/span><\/a><span style=\"font-weight: 400;\"> o llamar <a href=\"tel: 978-535-2594\">(978) 535-2594<\/a>.<\/span><\/p>\n<p><span style=\"font-weight: 400;\">PRF es una organizaci\u00f3n ben\u00e9fica registrada 501(c)(3). Puede solicitar una copia de nuestra carta del IRS. Nuestra informaci\u00f3n financiera est\u00e1 disponible p\u00fablicamente en este sitio web.<\/span><\/p>\n<p>[\/et_pb_text][et_pb_code _builder_version=\u201d4.24.0\u2033 custom_margin=\u201d35px|||\u201d hover_enabled=\u201d0\u2033 z_index_tablet=\u201d500\u2033 global_colors_info=\u201d{}\u201d sticky_enabled=\u201d0\u2033]<script>var DDCONF = { API_KEY: \"OWNlNDc4MGQtNDEx\" };<\/script>\n                <div id=\"dd-container\"><\/div>[\/et_pb_code][\/et_pb_column_inner][\/et_pb_row_inner][\/et_pb_column][\/et_pb_section][et_pb_section fb_built=\u201d1\u2033 clase_m\u00f3dulo=\u201dpie de p\u00e1gina\u201d _builder_version=\u201d4.21.0\u2033 color_de_fondo=\u201d#29327a\u201d margen_personalizado=\u201d-2px|||||\u201d padding_personalizado=\u201d0|0px|0|0px|falso|falso\u201d z_index_tablet=\u201d500\u2033 border_width_top=\u201d12px\u201d border_color_top=\u201d#00b2e2\u2033 global_module=\u201d133\u2033 bloqueado=\u201ddesactivado\u201d global_colors_info=\u201d{}\u201d][et_pb_row estructura_columna=\u201d1_4,1_4,1_2\u2033 make_equal=\u201dactivado\u201d module_class=\u201det_pb_row_fullwidth\u201d _builder_version=\u201d4.16\u2033 ancho=\u201d89%\u201d ancho_tablet=\u201d80%\u201d ancho_tel\u00e9fono=\u201d\u201d ancho_\u00faltima_edici\u00f3n=\u201dactivado|escritorio\u201d ancho_m\u00e1ximo=\u201d89%\u201d ancho_m\u00e1ximo_tablet=\u201d80%\u201d max_width_phone=\u201d\u201d max_width_last_edited=\u201don|desktop\u201d z_index_tablet=\u201d500\u2033 make_fullwidth=\u201don\u201d width_unit=\u201doff\u201d custom_width_percent=\u201d100%\u201d global_colors_info=\u201d{}\u201d][et_pb_column type=\u201d1_4\u2033 _builder_version=\u201d4.16\u2033 custom_padding=\u201d|||\u201d global_colors_info=\u201d{}\u201d custom_padding__hover=\u201d|||\u201d][et_pb_cta button_url=\u201dhttps:\/\/www.progeriaresearch.org\/newsletter-signup\/\u201d button_text=\u201dReg\u00edstrese ahora\u201d admin_label=\u201dSuscr\u00edbase al bolet\u00edn informativo\u201d module_class=\u201dsign-btn\u201d _builder_version=\u201d4.16\u2033 header_font_size=\u201d25px\u201d background_color=\u201d#29327a\u201d animation_style=\u201dslide\u201d animation_direction=\u201dleft\u201d animation_intensity_slide=\u201d25%\u201d header_font_size_tablet=\u201d\u201d header_font_size_phone=\u201d30px\u201d header_font_size_last_edited=\u201don|desktop\u201d z_index_tablet=\u201d500\u2033 radio_borde=\u201dactivado|25px|25px|25px|25px\u201d informaci\u00f3n_colores_global=\u201d{}\u201d color_bot\u00f3n_fondo__hover_habilitado=\u201dactivado\u201d color_bot\u00f3n_fondo__hover=\u201d#8fd2ed\u201d color_borde_bot\u00f3n__hover_habilitado=\u201dactivado\u201d]<\/p>\n<h2>Inscribirse<\/h2>\n<h2>Para nuestro<\/h2>\n<h2>\u00a1Hoja informativa!<\/h2>\n<p>[\/et_pb_cta][\/et_pb_column][et_pb_column type=\u201d1_4\u2033 _builder_version=\u201d4.16\u2033 custom_padding=\u201d|||\u201d global_colors_info=\u201d{}\u201d custom_padding__hover=\u201d|||\u201d][et_pb_cta button_url=\u201dhttps:\/\/progeriaresearch.donorsupport.co\/-\/XZHJVWZR\u201d button_text=\u201dDonar ahora\u201d admin_label=\u201d\u00a1Juntos encontraremos la cura!\u201d module_class=\u201dsign-btn\u201d _builder_version=\u201d4.16\u2033 header_font_size=\u201d25px\u201d background_color=\u201d#29327a\u201d animation_style=\u201dslide\u201d animation_direction=\u201dleft\u201d animation_intensity_slide=\u201d25%\u201d header_font_size_tablet=\u201d\u201d header_font_size_phone=\u201d30px\u201d header_font_size_last_edited=\u201don|desktop\u201d body_font_size_tablet=\u201d\u201d body_font_size_phone=\u201d\u201d body_font_size_last_edited=\u201don|desktop\u201d z_index_tablet=\u201d500\u2033 border_radii=\u201don|25px|25px|25px|25px\u201d global_colors_info=\u201d{}\u201d button_bg_color__hover_enabled=\u201don\u201d bot\u00f3n_bg_color__hover=\u201d#8fd2ed\u201d bot\u00f3n_border_color__hover_enabled=\u201don\u201d]<\/p>\n<h2>Juntos, nosotros<\/h2>\n<h2><em>VOLUNTAD<\/em><\/h2>\n<h2>\u00a1Encuentra la cura!<\/h2>\n<p>[\/et_pb_cta][\/et_pb_column][et_pb_column tipo=\u201d1_2\u2033 _builder_version=\u201d4.16\u2033 relleno_personalizado=\u201d|||\u201d global_colors_info=\u201d{}\u201d custom_padding__hover=\u201d|||\u201d][et_pb_image src=\u201dhttps:\/\/www.progeriaresearch.org\/wp-content\/uploads\/2024\/02\/2024-strip-footer-strip-.png\u201d title_text=\u201dFranja de pie de p\u00e1gina de 2024\u201d _builder_version=\u201d4.24.0\u2033 _module_preset=\u201ddefault\u201d custom_margin=\u201d35px||||false|false\u201d global_colors_info=\u201d{}\u201d][\/et_pb_image][\/et_pb_column][\/et_pb_row][\/et_pb_section]<\/p>","protected":false},"excerpt":{"rendered":"<p>Verifique si su empresa igualar\u00e1 su donaci\u00f3n y DUPLICAR\u00c1 su donaci\u00f3n utilizando nuestro Buscador de donaciones equivalentes.\t\t\t\t\t\t<\/p>","protected":false},"author":2,"featured_media":12039,"parent":0,"menu_order":0,"comment_status":"closed","ping_status":"closed","template":"","meta":{"_et_pb_use_builder":"on","_et_pb_old_content":"\t\t\t\t[vc_row][vc_column][vc_custom_heading text=\"Matching Gift Finder\" font_container=\"tag:h1|text_align:center\" use_theme_fonts=\"yes\"][vc_column_text]See if your company will match your gift and DOUBLE your donation!\r\n\r\n<script>var DDCONF = { API_KEY: \"OWNlNDc4MGQtNDEx\" };<\/script> <script src=\"https:\/\/doublethedonation.com\/api\/js\/ddplugin.js\"><\/script>\r\n<div id=\"dd-container\">\r\n<div class=\"well\"><center><a href=\"https:\/\/doublethedonation.com\/matching-grant-resources\/matching-gift-basics\/\">Matching Gift<\/a> and <a href=\"https:\/\/doublethedonation.com\/matching-grant-resources\/volunteer-grant-basics\/\">Volunteer Grant<\/a> information provided by\r\n<a href=\"https:\/\/doublethedonation.com\"><img src=\"https:\/\/doublethedonation.com\/api\/img\/powered-by.png\" alt=\"Powered by Double the Donation\" \/><\/a><\/center><\/div>\r\n<\/div>\r\n[\/vc_column_text][\/vc_column][\/vc_row]\t\t","_et_gb_content_width":"","footnotes":"","_links_to":"","_links_to_target":""},"class_list":["post-1631","page","type-page","status-publish","has-post-thumbnail","hentry"],"yoast_head":"<!-- This site is optimized with the Yoast SEO plugin v26.8 - https:\/\/yoast.com\/product\/yoast-seo-wordpress\/ -->\n<title>Matching Gift Finder | The Progeria Research Foundation<\/title>\n<meta name=\"description\" content=\"Check to see if your company will match your gift and DOUBLE your donation using our Matching Gift Finder.\" \/>\n<meta name=\"robots\" content=\"index, follow, max-snippet:-1, max-image-preview:large, max-video-preview:-1\" \/>\n<link rel=\"canonical\" href=\"https:\/\/www.progeriaresearch.org\/es\/matching-gift\/\" \/>\n<meta property=\"og:locale\" content=\"es_ES\" \/>\n<meta property=\"og:type\" content=\"article\" \/>\n<meta property=\"og:title\" content=\"Matching Gift Finder | The Progeria Research Foundation\" \/>\n<meta property=\"og:description\" content=\"Check to see if your company will match your gift and DOUBLE your donation using our Matching Gift Finder.\" \/>\n<meta property=\"og:url\" content=\"https:\/\/www.progeriaresearch.org\/es\/matching-gift\/\" \/>\n<meta property=\"og:site_name\" content=\"The Progeria Research Foundation\" \/>\n<meta property=\"article:publisher\" content=\"https:\/\/www.facebook.com\/ProgeriaResearch\/\" \/>\n<meta property=\"article:modified_time\" content=\"2024-03-13T13:39:18+00:00\" \/>\n<meta property=\"og:image\" content=\"https:\/\/www.progeriaresearch.org\/wp-content\/uploads\/2021\/01\/matching-gift-finder-image.jpg\" \/>\n\t<meta property=\"og:image:width\" content=\"2000\" \/>\n\t<meta property=\"og:image:height\" content=\"1600\" \/>\n\t<meta property=\"og:image:type\" content=\"image\/jpeg\" \/>\n<meta name=\"twitter:card\" content=\"summary_large_image\" \/>\n<meta name=\"twitter:title\" content=\"Matching Gift Finder | The Progeria Research Foundation\" \/>\n<meta name=\"twitter:description\" content=\"Check to see if your company will match your gift and DOUBLE your donation using our Matching Gift Finder.\" \/>\n<meta name=\"twitter:image\" content=\"https:\/\/www.progeriaresearch.org\/wp-content\/uploads\/2021\/01\/matching-gift-finder-image.jpg\" \/>\n<meta name=\"twitter:site\" content=\"@Progeria\" \/>\n<meta name=\"twitter:label1\" content=\"Est. reading time\" \/>\n\t<meta name=\"twitter:data1\" content=\"2 minutos\" \/>\n<script type=\"application\/ld+json\" class=\"yoast-schema-graph\">{\"@context\":\"https:\/\/schema.org\",\"@graph\":[{\"@type\":\"WebPage\",\"@id\":\"https:\/\/www.progeriaresearch.org\/it\/matching-gift\/\",\"url\":\"https:\/\/www.progeriaresearch.org\/it\/matching-gift\/\",\"name\":\"Matching Gift Finder | The Progeria Research Foundation\",\"isPartOf\":{\"@id\":\"https:\/\/www.progeriaresearch.org\/ta\/#website\"},\"primaryImageOfPage\":{\"@id\":\"https:\/\/www.progeriaresearch.org\/it\/matching-gift\/#primaryimage\"},\"image\":{\"@id\":\"https:\/\/www.progeriaresearch.org\/it\/matching-gift\/#primaryimage\"},\"thumbnailUrl\":\"https:\/\/www.progeriaresearch.org\/wp-content\/uploads\/2021\/01\/matching-gift-finder-image.jpg\",\"datePublished\":\"2017-04-28T22:37:45+00:00\",\"dateModified\":\"2024-03-13T13:39:18+00:00\",\"description\":\"Check to see if your company will match your gift and DOUBLE your donation using our Matching Gift Finder.\",\"breadcrumb\":{\"@id\":\"https:\/\/www.progeriaresearch.org\/it\/matching-gift\/#breadcrumb\"},\"inLanguage\":\"es\",\"potentialAction\":[{\"@type\":\"ReadAction\",\"target\":[\"https:\/\/www.progeriaresearch.org\/it\/matching-gift\/\"]}]},{\"@type\":\"ImageObject\",\"inLanguage\":\"es\",\"@id\":\"https:\/\/www.progeriaresearch.org\/it\/matching-gift\/#primaryimage\",\"url\":\"https:\/\/www.progeriaresearch.org\/wp-content\/uploads\/2021\/01\/matching-gift-finder-image.jpg\",\"contentUrl\":\"https:\/\/www.progeriaresearch.org\/wp-content\/uploads\/2021\/01\/matching-gift-finder-image.jpg\",\"width\":2000,\"height\":1600,\"caption\":\"Matching Gift Finder Facebook image\"},{\"@type\":\"BreadcrumbList\",\"@id\":\"https:\/\/www.progeriaresearch.org\/it\/matching-gift\/#breadcrumb\",\"itemListElement\":[{\"@type\":\"ListItem\",\"position\":1,\"name\":\"Home\",\"item\":\"https:\/\/www.progeriaresearch.org\/\"},{\"@type\":\"ListItem\",\"position\":2,\"name\":\"Matching Gift Finder\"}]},{\"@type\":\"WebSite\",\"@id\":\"https:\/\/www.progeriaresearch.org\/ta\/#website\",\"url\":\"https:\/\/www.progeriaresearch.org\/ta\/\",\"name\":\"The Progeria Research Foundation\",\"description\":\"For the Children \u2665 For the Cure\",\"publisher\":{\"@id\":\"https:\/\/www.progeriaresearch.org\/ta\/#organization\"},\"potentialAction\":[{\"@type\":\"SearchAction\",\"target\":{\"@type\":\"EntryPoint\",\"urlTemplate\":\"https:\/\/www.progeriaresearch.org\/ta\/?s={search_term_string}\"},\"query-input\":{\"@type\":\"PropertyValueSpecification\",\"valueRequired\":true,\"valueName\":\"search_term_string\"}}],\"inLanguage\":\"es\"},{\"@type\":\"Organization\",\"@id\":\"https:\/\/www.progeriaresearch.org\/ta\/#organization\",\"name\":\"The Progeria Research Foundation\",\"url\":\"https:\/\/www.progeriaresearch.org\/ta\/\",\"logo\":{\"@type\":\"ImageObject\",\"inLanguage\":\"es\",\"@id\":\"https:\/\/www.progeriaresearch.org\/ta\/#\/schema\/logo\/image\/\",\"url\":\"https:\/\/www.progeriaresearch.org\/wp-content\/uploads\/2019\/05\/PRF_Logo_2019_optimized.png\",\"contentUrl\":\"https:\/\/www.progeriaresearch.org\/wp-content\/uploads\/2019\/05\/PRF_Logo_2019_optimized.png\",\"width\":300,\"height\":86,\"caption\":\"The Progeria Research Foundation\"},\"image\":{\"@id\":\"https:\/\/www.progeriaresearch.org\/ta\/#\/schema\/logo\/image\/\"},\"sameAs\":[\"https:\/\/www.facebook.com\/ProgeriaResearch\/\",\"https:\/\/x.com\/Progeria\",\"https:\/\/www.instagram.com\/progeriaresearch\/\"]}]}<\/script>\n<!-- \/ Yoast SEO plugin. -->","yoast_head_json":{"title":"Buscador de donaciones equivalentes | Fundaci\u00f3n para la Investigaci\u00f3n de la Progeria","description":"Verifique si su empresa igualar\u00e1 su donaci\u00f3n y DUPLICAR\u00c1 su donaci\u00f3n utilizando nuestro Buscador de donaciones equivalentes.","robots":{"index":"index","follow":"follow","max-snippet":"max-snippet:-1","max-image-preview":"max-image-preview:large","max-video-preview":"max-video-preview:-1"},"canonical":"https:\/\/www.progeriaresearch.org\/es\/matching-gift\/","og_locale":"es_ES","og_type":"article","og_title":"Matching Gift Finder | The Progeria Research Foundation","og_description":"Check to see if your company will match your gift and DOUBLE your donation using our Matching Gift Finder.","og_url":"https:\/\/www.progeriaresearch.org\/es\/matching-gift\/","og_site_name":"The Progeria Research Foundation","article_publisher":"https:\/\/www.facebook.com\/ProgeriaResearch\/","article_modified_time":"2024-03-13T13:39:18+00:00","og_image":[{"width":2000,"height":1600,"url":"https:\/\/www.progeriaresearch.org\/wp-content\/uploads\/2021\/01\/matching-gift-finder-image.jpg","type":"image\/jpeg"}],"twitter_card":"summary_large_image","twitter_title":"Matching Gift Finder | The Progeria Research Foundation","twitter_description":"Check to see if your company will match your gift and DOUBLE your donation using our Matching Gift Finder.","twitter_image":"https:\/\/www.progeriaresearch.org\/wp-content\/uploads\/2021\/01\/matching-gift-finder-image.jpg","twitter_site":"@Progeria","twitter_misc":{"Est. reading time":"2 minutos"},"schema":{"@context":"https:\/\/schema.org","@graph":[{"@type":"WebPage","@id":"https:\/\/www.progeriaresearch.org\/it\/matching-gift\/","url":"https:\/\/www.progeriaresearch.org\/it\/matching-gift\/","name":"Buscador de donaciones equivalentes | Fundaci\u00f3n para la Investigaci\u00f3n de la Progeria","isPartOf":{"@id":"https:\/\/www.progeriaresearch.org\/ta\/#website"},"primaryImageOfPage":{"@id":"https:\/\/www.progeriaresearch.org\/it\/matching-gift\/#primaryimage"},"image":{"@id":"https:\/\/www.progeriaresearch.org\/it\/matching-gift\/#primaryimage"},"thumbnailUrl":"https:\/\/www.progeriaresearch.org\/wp-content\/uploads\/2021\/01\/matching-gift-finder-image.jpg","datePublished":"2017-04-28T22:37:45+00:00","dateModified":"2024-03-13T13:39:18+00:00","description":"Verifique si su empresa igualar\u00e1 su donaci\u00f3n y DUPLICAR\u00c1 su donaci\u00f3n utilizando nuestro Buscador de donaciones equivalentes.","breadcrumb":{"@id":"https:\/\/www.progeriaresearch.org\/it\/matching-gift\/#breadcrumb"},"inLanguage":"es","potentialAction":[{"@type":"ReadAction","target":["https:\/\/www.progeriaresearch.org\/it\/matching-gift\/"]}]},{"@type":"ImageObject","inLanguage":"es","@id":"https:\/\/www.progeriaresearch.org\/it\/matching-gift\/#primaryimage","url":"https:\/\/www.progeriaresearch.org\/wp-content\/uploads\/2021\/01\/matching-gift-finder-image.jpg","contentUrl":"https:\/\/www.progeriaresearch.org\/wp-content\/uploads\/2021\/01\/matching-gift-finder-image.jpg","width":2000,"height":1600,"caption":"Matching Gift Finder Facebook image"},{"@type":"BreadcrumbList","@id":"https:\/\/www.progeriaresearch.org\/it\/matching-gift\/#breadcrumb","itemListElement":[{"@type":"ListItem","position":1,"name":"Home","item":"https:\/\/www.progeriaresearch.org\/"},{"@type":"ListItem","position":2,"name":"Matching Gift Finder"}]},{"@type":"WebSite","@id":"https:\/\/www.progeriaresearch.org\/ta\/#website","url":"https:\/\/www.progeriaresearch.org\/ta\/","name":"La Fundaci\u00f3n para la Investigaci\u00f3n de la Progeria","description":"Por los ni\u00f1os \u2665 Por la cura","publisher":{"@id":"https:\/\/www.progeriaresearch.org\/ta\/#organization"},"potentialAction":[{"@type":"SearchAction","target":{"@type":"EntryPoint","urlTemplate":"https:\/\/www.progeriaresearch.org\/ta\/?s={search_term_string}"},"query-input":{"@type":"PropertyValueSpecification","valueRequired":true,"valueName":"search_term_string"}}],"inLanguage":"es"},{"@type":"Organization","@id":"https:\/\/www.progeriaresearch.org\/ta\/#organization","name":"La Fundaci\u00f3n para la Investigaci\u00f3n de la Progeria","url":"https:\/\/www.progeriaresearch.org\/ta\/","logo":{"@type":"ImageObject","inLanguage":"es","@id":"https:\/\/www.progeriaresearch.org\/ta\/#\/schema\/logo\/image\/","url":"https:\/\/www.progeriaresearch.org\/wp-content\/uploads\/2019\/05\/PRF_Logo_2019_optimized.png","contentUrl":"https:\/\/www.progeriaresearch.org\/wp-content\/uploads\/2019\/05\/PRF_Logo_2019_optimized.png","width":300,"height":86,"caption":"The Progeria Research Foundation"},"image":{"@id":"https:\/\/www.progeriaresearch.org\/ta\/#\/schema\/logo\/image\/"},"sameAs":["https:\/\/www.facebook.com\/ProgeriaResearch\/","https:\/\/x.com\/Progeria","https:\/\/www.instagram.com\/progeriaresearch\/"]}]}},"_links":{"self":[{"href":"https:\/\/www.progeriaresearch.org\/es\/wp-json\/wp\/v2\/pages\/1631","targetHints":{"allow":["GET"]}}],"collection":[{"href":"https:\/\/www.progeriaresearch.org\/es\/wp-json\/wp\/v2\/pages"}],"about":[{"href":"https:\/\/www.progeriaresearch.org\/es\/wp-json\/wp\/v2\/types\/page"}],"author":[{"embeddable":true,"href":"https:\/\/www.progeriaresearch.org\/es\/wp-json\/wp\/v2\/users\/2"}],"replies":[{"embeddable":true,"href":"https:\/\/www.progeriaresearch.org\/es\/wp-json\/wp\/v2\/comments?post=1631"}],"version-history":[{"count":0,"href":"https:\/\/www.progeriaresearch.org\/es\/wp-json\/wp\/v2\/pages\/1631\/revisions"}],"wp:featuredmedia":[{"embeddable":true,"href":"https:\/\/www.progeriaresearch.org\/es\/wp-json\/wp\/v2\/media\/12039"}],"wp:attachment":[{"href":"https:\/\/www.progeriaresearch.org\/es\/wp-json\/wp\/v2\/media?parent=1631"}],"curies":[{"name":"gracias","href":"https:\/\/api.w.org\/{rel}","templated":true}]}}