{"id":1877,"date":"2017-05-09T19:46:56","date_gmt":"2017-05-09T19:46:56","guid":{"rendered":"https:\/\/www.progeriaresearch.org\/?page_id=1877"},"modified":"2023-09-22T10:32:49","modified_gmt":"2023-09-22T14:32:49","slug":"workshop-2012","status":"publish","type":"page","link":"https:\/\/www.progeriaresearch.org\/es\/workshop-2012\/","title":{"rendered":"Taller 2012"},"content":{"rendered":"<p><b>Reuni\u00f3n internacional de subespecialidades: \u201cNuevas fronteras en la investigaci\u00f3n de la progeria\u201d<\/b><\/p>\n<p>En enero de 2012, la PRF convoc\u00f3 una reuni\u00f3n especializada de investigadores de alto nivel que actualmente no reciben financiaci\u00f3n de la PRF y que son nuevos en el campo de la progeria o que a\u00fan no trabajan en \u00e9l. Dise\u00f1ada por el Comit\u00e9 de Investigaci\u00f3n M\u00e9dica de la PRF, el objetivo de esta reuni\u00f3n de dos d\u00edas, altamente interactiva, fue estimular y ampliar la investigaci\u00f3n mediante la participaci\u00f3n de investigadores calificados para llenar los \u201cvac\u00edos\u201d esenciales en el campo actual. Agradecemos a los participantes por aceptar esta oportunidad para intercambiar ideas sobre c\u00f3mo abordar importantes preguntas sin respuesta para salvar a los ni\u00f1os con progeria.<\/p>\n<p><img loading=\"lazy\" decoding=\"async\" src=\"https:\/\/web.archive.org\/web\/20170215194831im_\/https:\/\/www.progeriaresearch.org\/assets\/images\/medical_images\/group-2.jpg\" width=\"500\" height=\"160\" \/><\/p>\n<p><strong>De izquierda a derecha: Brian Schreiber, MD, vicepresidente de asuntos m\u00e9dicos, <\/strong>Productos farmac\u00e9uticos Sigma-Tau, Maryland<br \/>\n<b>Doctor Ronald Kahn<\/b>Investigador principal, Centro de Diabetes de Harvard y Joslin, Boston, MA<br \/>\n<strong>Andrei Gudkov, PhD, DSci, Director y <\/strong>Director cient\u00edfico, Cleveland BioLab, Buffalo, Nueva York<br \/>\n<b>Valerie M. Weaver, doctora en filosof\u00eda<\/b>, Prof. Cirug\u00eda, Director de Terap\u00e9utica, Universidad de California, San Francisco, CA<br \/>\n<b>*Tom Glover, Doctor en Filosof\u00eda<\/b>, Profesor de Gen\u00e9tica Humana, Universidad de Michigan<br \/>\n<b>Dr. Adrian R. Krainer<\/b>, Presidente, C\u00e1ncer y Biolog\u00eda Molecular, Laboratorio Cold Spring Harbor, Nueva York<br \/>\n<b>*Judy Campisi, Doctora en Filosof\u00eda<\/b>, Cient\u00edfico s\u00e9nior, Laboratorio Nacional Lawrence Berkeley, California<br \/>\n<b>*Ted Brown, doctor en medicina y doctor en filosof\u00eda<\/b>, Director, Instituto Estatal de Nueva York para la Investigaci\u00f3n B\u00e1sica en Discapacidades del Desarrollo<br \/>\n<b>*Leslie Gordon, doctora en medicina y doctora en filosof\u00eda<\/b>, Director M\u00e9dico, PRF, Universidad Brown. Universidad de Harvard.<br \/>\n<b>*Bryan Toole, doctor en filosof\u00eda<\/b>, Profesor de Biolog\u00eda Celular y Anatom\u00eda, Universidad M\u00e9dica de Carolina del Sur<br \/>\n<b>*Doctora Christine Harling-Berg<\/b>, Marr\u00f3n U.<br \/>\n<b>Walter Cabri<\/b><b>, DCh<\/b>, I+D Qu\u00edmica, Director de Desarrollo Anal\u00edtico, Sigma Tau, Roma, Italia<br \/>\n<b>Vicente Andr\u00e9s Garc\u00eda<\/b>, <b>Doctor en Filosof\u00eda<\/b>, Centro Nacional de Investigaciones Cardiovasculares, Madrid, Espa\u00f1a<br \/>\n<b>*Frank Rothman, Doctor en Filosof\u00eda<\/b>, Profesor Em\u00e9rito, Universidad Brown.<br \/>\n<b>*Tom Misteli, Doctor en Filosof\u00eda<\/b>Investigador principal del Instituto Nacional del C\u00e1ncer<br \/>\n<b>Jamal Tazi, Doctor en Filosof\u00eda<\/b>,<b> <\/b>Profesor, Centre Nationale de Recherche Scientifique, Montpellier, Francia<br \/>\n<b>*M\u00e9dica Monica Kleinman<\/b>Cuidados cr\u00edticos y anestesia, Boston Children&#039;s Hospital, Harvard<br \/>\n(no se muestra \u2013<b> Jeffrey Chamberlain<\/b><b>, Doctorado<\/b>, PI Departamento de Neurolog\u00eda, Universidad de Washington, Seattle, WA y Director, Centro de Investigaci\u00f3n Cooperativa de Distrofia Muscular Senador Paul D. Wellstone.<\/p>\n<p><b>*Miembro del Comit\u00e9 de Investigaci\u00f3n M\u00e9dica de PRF<\/b><\/p>\n<ul>\n<li><a href=\"https:\/\/www.progeriaresearch.org\/es\/scientific-meetings\/\">Reuniones pasadas<\/a><\/li>\n<\/ul>","protected":false},"excerpt":{"rendered":"<p>International Sub-specialty Meeting \u2013 \u201cNew Frontiers In Progeria Research\u201d In January 2012, PRF convened a specialized meeting of high level researchers not currently funded by PRF, and either new to the field of Progeria or not yet working in it.\u00a0 Designed by the PRF Medical Research Committee, the goal of this 2-day, highly interactive meeting [&hellip;]<\/p>","protected":false},"author":1,"featured_media":0,"parent":0,"menu_order":0,"comment_status":"closed","ping_status":"closed","template":"","meta":{"_et_pb_use_builder":"","_et_pb_old_content":"","_et_gb_content_width":"","footnotes":"","_links_to":"","_links_to_target":""},"class_list":["post-1877","page","type-page","status-publish","hentry"],"yoast_head":"<!-- This site is optimized with the Yoast SEO plugin v26.8 - https:\/\/yoast.com\/product\/yoast-seo-wordpress\/ -->\n<title>workshop 2012 | The Progeria Research Foundation<\/title>\n<meta name=\"robots\" content=\"index, follow, max-snippet:-1, max-image-preview:large, max-video-preview:-1\" \/>\n<link rel=\"canonical\" href=\"https:\/\/www.progeriaresearch.org\/es\/workshop-2012\/\" \/>\n<meta property=\"og:locale\" content=\"es_ES\" \/>\n<meta property=\"og:type\" content=\"article\" \/>\n<meta property=\"og:title\" content=\"workshop 2012 | The Progeria Research Foundation\" \/>\n<meta property=\"og:description\" content=\"International Sub-specialty Meeting \u2013 \u201cNew Frontiers In Progeria Research\u201d In January 2012, PRF convened a specialized meeting of high level researchers not currently funded by PRF, and either new to the field of Progeria or not yet working in it.\u00a0 Designed by the PRF Medical Research Committee, the goal of this 2-day, highly interactive meeting [&hellip;]\" \/>\n<meta property=\"og:url\" content=\"https:\/\/www.progeriaresearch.org\/es\/workshop-2012\/\" \/>\n<meta property=\"og:site_name\" content=\"The Progeria Research Foundation\" \/>\n<meta property=\"article:publisher\" content=\"https:\/\/www.facebook.com\/ProgeriaResearch\/\" \/>\n<meta property=\"article:modified_time\" content=\"2023-09-22T14:32:49+00:00\" \/>\n<meta property=\"og:image\" content=\"https:\/\/web.archive.org\/web\/20170215194831im_\/https:\/\/www.progeriaresearch.org\/assets\/images\/medical_images\/group-2.jpg\" \/>\n<meta name=\"twitter:card\" content=\"summary_large_image\" \/>\n<meta name=\"twitter:site\" content=\"@Progeria\" \/>\n<meta name=\"twitter:label1\" content=\"Est. reading time\" \/>\n\t<meta name=\"twitter:data1\" content=\"2 minutos\" \/>\n<script type=\"application\/ld+json\" class=\"yoast-schema-graph\">{\"@context\":\"https:\/\/schema.org\",\"@graph\":[{\"@type\":\"WebPage\",\"@id\":\"https:\/\/www.progeriaresearch.org\/he\/workshop-2012\/\",\"url\":\"https:\/\/www.progeriaresearch.org\/he\/workshop-2012\/\",\"name\":\"workshop 2012 | The Progeria Research Foundation\",\"isPartOf\":{\"@id\":\"https:\/\/www.progeriaresearch.org\/ta\/#website\"},\"primaryImageOfPage\":{\"@id\":\"https:\/\/www.progeriaresearch.org\/he\/workshop-2012\/#primaryimage\"},\"image\":{\"@id\":\"https:\/\/www.progeriaresearch.org\/he\/workshop-2012\/#primaryimage\"},\"thumbnailUrl\":\"https:\/\/web.archive.org\/web\/20170215194831im_\/https:\/\/www.progeriaresearch.org\/assets\/images\/medical_images\/group-2.jpg\",\"datePublished\":\"2017-05-09T19:46:56+00:00\",\"dateModified\":\"2023-09-22T14:32:49+00:00\",\"breadcrumb\":{\"@id\":\"https:\/\/www.progeriaresearch.org\/he\/workshop-2012\/#breadcrumb\"},\"inLanguage\":\"es\",\"potentialAction\":[{\"@type\":\"ReadAction\",\"target\":[\"https:\/\/www.progeriaresearch.org\/he\/workshop-2012\/\"]}]},{\"@type\":\"ImageObject\",\"inLanguage\":\"es\",\"@id\":\"https:\/\/www.progeriaresearch.org\/he\/workshop-2012\/#primaryimage\",\"url\":\"https:\/\/web.archive.org\/web\/20170215194831im_\/https:\/\/www.progeriaresearch.org\/assets\/images\/medical_images\/group-2.jpg\",\"contentUrl\":\"https:\/\/web.archive.org\/web\/20170215194831im_\/https:\/\/www.progeriaresearch.org\/assets\/images\/medical_images\/group-2.jpg\"},{\"@type\":\"BreadcrumbList\",\"@id\":\"https:\/\/www.progeriaresearch.org\/he\/workshop-2012\/#breadcrumb\",\"itemListElement\":[{\"@type\":\"ListItem\",\"position\":1,\"name\":\"Home\",\"item\":\"https:\/\/www.progeriaresearch.org\/\"},{\"@type\":\"ListItem\",\"position\":2,\"name\":\"Workshop 2012\"}]},{\"@type\":\"WebSite\",\"@id\":\"https:\/\/www.progeriaresearch.org\/ta\/#website\",\"url\":\"https:\/\/www.progeriaresearch.org\/ta\/\",\"name\":\"The Progeria Research Foundation\",\"description\":\"For the Children \u2665 For the Cure\",\"publisher\":{\"@id\":\"https:\/\/www.progeriaresearch.org\/ta\/#organization\"},\"potentialAction\":[{\"@type\":\"SearchAction\",\"target\":{\"@type\":\"EntryPoint\",\"urlTemplate\":\"https:\/\/www.progeriaresearch.org\/ta\/?s={search_term_string}\"},\"query-input\":{\"@type\":\"PropertyValueSpecification\",\"valueRequired\":true,\"valueName\":\"search_term_string\"}}],\"inLanguage\":\"es\"},{\"@type\":\"Organization\",\"@id\":\"https:\/\/www.progeriaresearch.org\/ta\/#organization\",\"name\":\"The Progeria Research Foundation\",\"url\":\"https:\/\/www.progeriaresearch.org\/ta\/\",\"logo\":{\"@type\":\"ImageObject\",\"inLanguage\":\"es\",\"@id\":\"https:\/\/www.progeriaresearch.org\/ta\/#\/schema\/logo\/image\/\",\"url\":\"https:\/\/www.progeriaresearch.org\/wp-content\/uploads\/2019\/05\/PRF_Logo_2019_optimized.png\",\"contentUrl\":\"https:\/\/www.progeriaresearch.org\/wp-content\/uploads\/2019\/05\/PRF_Logo_2019_optimized.png\",\"width\":300,\"height\":86,\"caption\":\"The Progeria Research Foundation\"},\"image\":{\"@id\":\"https:\/\/www.progeriaresearch.org\/ta\/#\/schema\/logo\/image\/\"},\"sameAs\":[\"https:\/\/www.facebook.com\/ProgeriaResearch\/\",\"https:\/\/x.com\/Progeria\",\"https:\/\/www.instagram.com\/progeriaresearch\/\"]}]}<\/script>\n<!-- \/ Yoast SEO plugin. -->","yoast_head_json":{"title":"workshop 2012 | The Progeria Research Foundation","robots":{"index":"index","follow":"follow","max-snippet":"max-snippet:-1","max-image-preview":"max-image-preview:large","max-video-preview":"max-video-preview:-1"},"canonical":"https:\/\/www.progeriaresearch.org\/es\/workshop-2012\/","og_locale":"es_ES","og_type":"article","og_title":"workshop 2012 | The Progeria Research Foundation","og_description":"International Sub-specialty Meeting \u2013 \u201cNew Frontiers In Progeria Research\u201d In January 2012, PRF convened a specialized meeting of high level researchers not currently funded by PRF, and either new to the field of Progeria or not yet working in it.\u00a0 Designed by the PRF Medical Research Committee, the goal of this 2-day, highly interactive meeting [&hellip;]","og_url":"https:\/\/www.progeriaresearch.org\/es\/workshop-2012\/","og_site_name":"The Progeria Research Foundation","article_publisher":"https:\/\/www.facebook.com\/ProgeriaResearch\/","article_modified_time":"2023-09-22T14:32:49+00:00","og_image":[{"url":"https:\/\/web.archive.org\/web\/20170215194831im_\/https:\/\/www.progeriaresearch.org\/assets\/images\/medical_images\/group-2.jpg","type":"","width":"","height":""}],"twitter_card":"summary_large_image","twitter_site":"@Progeria","twitter_misc":{"Est. reading time":"2 minutos"},"schema":{"@context":"https:\/\/schema.org","@graph":[{"@type":"WebPage","@id":"https:\/\/www.progeriaresearch.org\/he\/workshop-2012\/","url":"https:\/\/www.progeriaresearch.org\/he\/workshop-2012\/","name":"workshop 2012 | The Progeria Research Foundation","isPartOf":{"@id":"https:\/\/www.progeriaresearch.org\/ta\/#website"},"primaryImageOfPage":{"@id":"https:\/\/www.progeriaresearch.org\/he\/workshop-2012\/#primaryimage"},"image":{"@id":"https:\/\/www.progeriaresearch.org\/he\/workshop-2012\/#primaryimage"},"thumbnailUrl":"https:\/\/web.archive.org\/web\/20170215194831im_\/https:\/\/www.progeriaresearch.org\/assets\/images\/medical_images\/group-2.jpg","datePublished":"2017-05-09T19:46:56+00:00","dateModified":"2023-09-22T14:32:49+00:00","breadcrumb":{"@id":"https:\/\/www.progeriaresearch.org\/he\/workshop-2012\/#breadcrumb"},"inLanguage":"es","potentialAction":[{"@type":"ReadAction","target":["https:\/\/www.progeriaresearch.org\/he\/workshop-2012\/"]}]},{"@type":"ImageObject","inLanguage":"es","@id":"https:\/\/www.progeriaresearch.org\/he\/workshop-2012\/#primaryimage","url":"https:\/\/web.archive.org\/web\/20170215194831im_\/https:\/\/www.progeriaresearch.org\/assets\/images\/medical_images\/group-2.jpg","contentUrl":"https:\/\/web.archive.org\/web\/20170215194831im_\/https:\/\/www.progeriaresearch.org\/assets\/images\/medical_images\/group-2.jpg"},{"@type":"BreadcrumbList","@id":"https:\/\/www.progeriaresearch.org\/he\/workshop-2012\/#breadcrumb","itemListElement":[{"@type":"ListItem","position":1,"name":"Home","item":"https:\/\/www.progeriaresearch.org\/"},{"@type":"ListItem","position":2,"name":"Workshop 2012"}]},{"@type":"WebSite","@id":"https:\/\/www.progeriaresearch.org\/ta\/#website","url":"https:\/\/www.progeriaresearch.org\/ta\/","name":"La Fundaci\u00f3n para la Investigaci\u00f3n de la Progeria","description":"Por los ni\u00f1os \u2665 Por la cura","publisher":{"@id":"https:\/\/www.progeriaresearch.org\/ta\/#organization"},"potentialAction":[{"@type":"SearchAction","target":{"@type":"EntryPoint","urlTemplate":"https:\/\/www.progeriaresearch.org\/ta\/?s={search_term_string}"},"query-input":{"@type":"PropertyValueSpecification","valueRequired":true,"valueName":"search_term_string"}}],"inLanguage":"es"},{"@type":"Organization","@id":"https:\/\/www.progeriaresearch.org\/ta\/#organization","name":"La Fundaci\u00f3n para la Investigaci\u00f3n de la Progeria","url":"https:\/\/www.progeriaresearch.org\/ta\/","logo":{"@type":"ImageObject","inLanguage":"es","@id":"https:\/\/www.progeriaresearch.org\/ta\/#\/schema\/logo\/image\/","url":"https:\/\/www.progeriaresearch.org\/wp-content\/uploads\/2019\/05\/PRF_Logo_2019_optimized.png","contentUrl":"https:\/\/www.progeriaresearch.org\/wp-content\/uploads\/2019\/05\/PRF_Logo_2019_optimized.png","width":300,"height":86,"caption":"The Progeria Research Foundation"},"image":{"@id":"https:\/\/www.progeriaresearch.org\/ta\/#\/schema\/logo\/image\/"},"sameAs":["https:\/\/www.facebook.com\/ProgeriaResearch\/","https:\/\/x.com\/Progeria","https:\/\/www.instagram.com\/progeriaresearch\/"]}]}},"_links":{"self":[{"href":"https:\/\/www.progeriaresearch.org\/es\/wp-json\/wp\/v2\/pages\/1877","targetHints":{"allow":["GET"]}}],"collection":[{"href":"https:\/\/www.progeriaresearch.org\/es\/wp-json\/wp\/v2\/pages"}],"about":[{"href":"https:\/\/www.progeriaresearch.org\/es\/wp-json\/wp\/v2\/types\/page"}],"author":[{"embeddable":true,"href":"https:\/\/www.progeriaresearch.org\/es\/wp-json\/wp\/v2\/users\/1"}],"replies":[{"embeddable":true,"href":"https:\/\/www.progeriaresearch.org\/es\/wp-json\/wp\/v2\/comments?post=1877"}],"version-history":[{"count":0,"href":"https:\/\/www.progeriaresearch.org\/es\/wp-json\/wp\/v2\/pages\/1877\/revisions"}],"wp:attachment":[{"href":"https:\/\/www.progeriaresearch.org\/es\/wp-json\/wp\/v2\/media?parent=1877"}],"curies":[{"name":"gracias","href":"https:\/\/api.w.org\/{rel}","templated":true}]}}