{"id":20426,"date":"2025-05-13T12:53:15","date_gmt":"2025-05-13T16:53:15","guid":{"rendered":"https:\/\/www.progeriaresearch.org\/?page_id=20426"},"modified":"2025-05-16T08:43:28","modified_gmt":"2025-05-16T12:43:28","slug":"research-grants","status":"publish","type":"page","link":"https:\/\/www.progeriaresearch.org\/es\/research-grants\/","title":{"rendered":"Becas de investigaci\u00f3n"},"content":{"rendered":"<p>[et_pb_section fb_built=&#8221;1&#8243; fullwidth=&#8221;on&#8221; disabled_on=&#8221;off|off|off&#8221; _builder_version=&#8221;4.16&#8243; border_width_bottom=&#8221;55px&#8221; border_color_bottom=&#8221;#29327a&#8221; locked=&#8221;off&#8221; global_colors_info=&#8221;{}&#8221;][et_pb_fullwidth_header _builder_version=&#8221;4.27.4&#8243; title_font=&#8221;||||||||&#8221; title_font_size=&#8221;55&#8243; background_color=&#8221;#29327a&#8221; background_image=&#8221;https:\/\/www.progeriaresearch.org\/wp-content\/uploads\/2020\/12\/Alexandra_1920x687.jpg&#8221; background_position=&#8221;center_left&#8221; custom_padding=&#8221;9vw||9vw||true&#8221; custom_padding_tablet=&#8221;&#8221; custom_padding_phone=&#8221;|56px||&#8221; custom_padding_last_edited=&#8221;on|desktop&#8221; title_font_size_tablet=&#8221;45px&#8221; title_font_size_phone=&#8221;40px&#8221; title_font_size_last_edited=&#8221;on|phone&#8221; z_index_tablet=&#8221;500&#8243; custom_css_main_element=&#8221;background-position: center 18% !important;&#8221; global_colors_info=&#8221;{}&#8221;]<\/p>\n<h1>Investigaci\u00f3n<\/h1>\n<h1>Subvenciones<\/h1>\n<p>[\/et_pb_fullwidth_header][\/et_pb_section][et_pb_section fb_built=&#8221;1&#8243; use_custom_gutter=&#8221;on&#8221; gutter_width=&#8221;1&#8243; specialty=&#8221;on&#8221; padding_left_1=&#8221;35px&#8221; padding_left_2=&#8221;35px&#8221; padding_2_tablet=&#8221;|||0px&#8221; padding_2_phone=&#8221;|||0px&#8221; padding_2_last_edited=&#8221;on|desktop&#8221; module_class_1=&#8221;sidebar-secondary-nav&#8221; module_class=&#8221;handprint-bg&#8221; _builder_version=&#8221;4.16&#8243; background_image=&#8221;https:\/\/www.progeriaresearch.org\/wp-content\/uploads\/2019\/04\/blue-handprint-only.png&#8221; parallax=&#8221;on&#8221; parallax_method=&#8221;off&#8221; inner_width=&#8221;100%&#8221; inner_max_width=&#8221;100%&#8221; custom_padding=&#8221;0|0px|54px|0px|false|false&#8221; z_index_tablet=&#8221;500&#8243; border_width_top=&#8221;10px&#8221; border_color_top=&#8221;#8fd2ed&#8221; use_custom_width=&#8221;on&#8221; width_unit=&#8221;off&#8221; custom_width_percent=&#8221;100%&#8221; global_colors_info=&#8221;{}&#8221;][et_pb_column type=&#8221;1_4&#8243; _builder_version=&#8221;4.16&#8243; custom_padding=&#8221;|||&#8221; global_colors_info=&#8221;{}&#8221; custom_padding__hover=&#8221;|||&#8221;][et_pb_sidebar area=&#8221;et_pb_widget_area_1&#8243; disabled_on=&#8221;on|on|off&#8221; module_class=&#8221;subpage-sidebars&#8221; _builder_version=&#8221;4.27.4&#8243; animation_style=&#8221;fade&#8221; z_index_tablet=&#8221;500&#8243; border_width_right=&#8221;5px&#8221; locked=&#8221;off&#8221; global_colors_info=&#8221;{}&#8221;][\/et_pb_sidebar][\/et_pb_column][et_pb_column type=&#8221;3_4&#8243; specialty_columns=&#8221;3&#8243; _builder_version=&#8221;4.16&#8243; custom_padding=&#8221;|||&#8221; global_colors_info=&#8221;{}&#8221; custom_padding__hover=&#8221;|||&#8221;][et_pb_row_inner custom_padding_last_edited=&#8221;on|phone&#8221; _builder_version=&#8221;4.16&#8243; custom_padding=&#8221;39.4375px|35px|4px||false|false&#8221; custom_padding_tablet=&#8221;|35px||35px||true&#8221; custom_padding_phone=&#8221;&#8221; animation_direction=&#8221;top&#8221; global_colors_info=&#8221;{}&#8221;][et_pb_column_inner saved_specialty_column_type=&#8221;3_4&#8243; _builder_version=&#8221;4.16&#8243; custom_padding=&#8221;|||&#8221; global_colors_info=&#8221;{}&#8221; custom_padding__hover=&#8221;|||&#8221;][et_pb_text _builder_version=&#8221;4.27.4&#8243; background_size=&#8221;initial&#8221; background_position=&#8221;top_left&#8221; background_repeat=&#8221;repeat&#8221; hover_enabled=&#8221;0&#8243; global_colors_info=&#8221;{}&#8221; sticky_enabled=&#8221;0&#8243;]<\/p>\n<p><strong>Diciembre de 2024: Actualizaciones de la estructura de subvenciones de investigaci\u00f3n del PRF<\/strong><\/p>\n<p>En la Cumbre del Comit\u00e9 de Investigaci\u00f3n M\u00e9dica (MRC) de PRF de diciembre de 2024, el liderazgo de PRF y el MRC implementaron cambios en su proceso de otorgamiento de subvenciones.<\/p>\n<p><strong><u>Fondo<\/u><\/strong><br \/>En el a\u00f1o 2000, la Fundaci\u00f3n para la Investigaci\u00f3n de la Progeria (PRF) form\u00f3 su Comit\u00e9 de Investigaci\u00f3n M\u00e9dica voluntario, un grupo de cient\u00edficos brillantes y dedicados que se reun\u00edan peri\u00f3dicamente para revisar solicitudes de financiaci\u00f3n de todo el mundo. A lo largo de 24 a\u00f1os, el Comit\u00e9 de Investigaci\u00f3n M\u00e9dica de la PRF aprob\u00f3 la financiaci\u00f3n de 85 subvenciones por un total de m\u00e1s de 1 mill\u00f3n de libras esterlinas (1,4 millones de d\u00f3lares estadounidenses) para investigaciones relacionadas con la progeria en 18 estados de EE. UU. y 14 pa\u00edses.<\/p>\n<p>Puedes leer m\u00e1s <a href=\"https:\/\/www.progeriaresearch.org\/es\/grants-funded\/\">aqu\u00ed<\/a> Sobre las becas que hemos financiado desde 1999 y fichas biol\u00f3gicas de los investigadores.<\/p>\n<p>Cuando se cre\u00f3 PRF, no exist\u00eda causa, tratamiento ni cura para los ni\u00f1os con progeria, y pr\u00e1cticamente no exist\u00eda financiaci\u00f3n para la investigaci\u00f3n que apoyara la exploraci\u00f3n de la progeria por parte de la comunidad cient\u00edfica. Con el apoyo program\u00e1tico de PRF, este campo se ha transformado. Hemos pasado de un promedio de dos publicaciones al a\u00f1o a m\u00e1s de 130 al a\u00f1o, la mitad de las cuales son financiadas, total o parcialmente, por PRF. Hemos descubierto la causa, tenemos nuestra primera terapia aprobada por las autoridades sanitarias, hemos descubierto que la prote\u00edna progerina, causante de la enfermedad, no solo causa la progeria, sino que tambi\u00e9n influye en la aterosclerosis y el envejecimiento en general, y nuestros investigadores han realizado innumerables descubrimientos que constituyen la base de nuestro avance constante hacia nuevos tratamientos y la cura de la progeria.<\/p>\n<p>Cada cierto tiempo, el Comit\u00e9 de Investigaci\u00f3n M\u00e9dica de la PRF celebra una Cumbre del Programa de Becas. Su objetivo es actualizar el programa de becas de investigaci\u00f3n de la PRF para que mantenga su m\u00e1xima eficacia. Los cambios se basan en los avances en el campo, la tecnolog\u00eda y otros factores relevantes.<\/p>\n<p><strong><u>Nueva pol\u00edtica de subvenciones del PRF<br \/><\/u><\/strong>En la reuni\u00f3n cumbre del MRC de PRF en 2024, el liderazgo de PRF y el MRC implementaron un cambio en la estrategia de subvenciones de la siguiente manera:<\/p>\n<p>La convocatoria bianual de solicitudes ha sido sustituida por dos tipos de v\u00edas de subvenci\u00f3n:<\/p>\n<ol>\n<li>Una v\u00eda proactiva donde PRF identifica una necesidad y busca los laboratorios m\u00e1s adecuados para llevar a cabo la investigaci\u00f3n que satisfar\u00e1 esa necesidad; y<\/li>\n<li>Una v\u00eda impulsada por los investigadores donde PRF considerar\u00e1 proyectos de investigaci\u00f3n basados en comunicaciones iniciadas por el investigador que incluyan un breve resumen, a trav\u00e9s de <a href=\"mailto:researchgrants@progeriaresearch.org\" title=\"mailto:researchgrants@progeriaresearch.org\" data-outlook-id=\"4d6169ab-7ed2-4452-98f3-5faec11d2a78\">subvenciones de investigaci\u00f3n@progeriaresearch.org<\/a><strong>.<\/strong> No hay fecha l\u00edmite para estas comunicaciones, y las propuestas completas se reciben solo por invitaci\u00f3n. PRF reclutar\u00e1 expertos en la materia para revisar la propuesta de investigaci\u00f3n completa.<\/li>\n<\/ol>\n<p>Estamos incre\u00edblemente agradecidos con nuestros voluntarios del Comit\u00e9 de Investigaci\u00f3n M\u00e9dica que ayudaron a avanzar la trayectoria de la investigaci\u00f3n de la progeria de una manera tan significativa.<\/p>\n<p>[\/et_pb_text][\/et_pb_column_inner][\/et_pb_row_inner][et_pb_row_inner _builder_version=&#8221;4.27.4&#8243; _module_preset=&#8221;default&#8221; custom_padding=&#8221;22px|||||&#8221; global_colors_info=&#8221;{}&#8221;][et_pb_column_inner saved_specialty_column_type=&#8221;3_4&#8243; _builder_version=&#8221;4.27.4&#8243; _module_preset=&#8221;default&#8221; global_colors_info=&#8221;{}&#8221;][et_pb_text _builder_version=&#8221;4.27.4&#8243; _module_preset=&#8221;default&#8221; custom_margin=&#8221;||17px|||&#8221; global_colors_info=&#8221;{}&#8221;]<\/p>\n<p style=\"text-align: center;\"><img loading=\"lazy\" decoding=\"async\" src=\"https:\/\/www.progeriaresearch.org\/wp-content\/uploads\/2025\/05\/MRC-committee-1024x546.jpg\" width=\"643\" height=\"343\" alt=\"\" class=\"wp-image-20434 aligncenter size-large\" \/><b>En la imagen de arriba, de izquierda a derecha, se encuentran: <\/b><span>Dr. W. Robert Bishop<\/span><b>, <\/b><span>Thomas Glover, PhD, Vicente Andr\u00e9s Garc\u00eda, PhD, Leslie Gordon, MD, PhD,<br \/><\/span><span>Christine Harling-Berg, PhD, Bryan P. Toole, PhD (MRC <\/span><b>Presidente), <\/b><span>Maria Eriksson, PhD, y W. Ted Brown, MD, PhD<\/span><\/p>\n<p>[\/et_pb_text][et_pb_text _builder_version=&#8221;4.27.4&#8243; _module_preset=&#8221;default&#8221; global_colors_info=&#8221;{}&#8221;]<\/p>\n<p style=\"text-align: center;\"><img loading=\"lazy\" decoding=\"async\" src=\"https:\/\/www.progeriaresearch.org\/wp-content\/uploads\/2025\/05\/KleinmanSam07Moses.jpg\" width=\"548\" height=\"300\" alt=\"\" class=\"wp-image-20481 aligncenter size-full\" srcset=\"https:\/\/www.progeriaresearch.org\/wp-content\/uploads\/2025\/05\/KleinmanSam07Moses.jpg 548w, https:\/\/www.progeriaresearch.org\/wp-content\/uploads\/2025\/05\/KleinmanSam07Moses-480x263.jpg 480w\" sizes=\"(min-width: 0px) and (max-width: 480px) 480px, (min-width: 481px) 548px, 100vw\" \/><span><strong>No aparece en la imagen de arriba a la izquierda-derecha<\/strong>: Monica Kleinman, MD (vista aqu\u00ed con Sam Berns en 2007) y Marsha Moses, MD, PhD<\/span><\/p>\n<p>[\/et_pb_text][et_pb_text _builder_version=&#8221;4.27.4&#8243; _module_preset=&#8221;default&#8221; global_colors_info=&#8221;{}&#8221;]<\/p>\n<p><strong><u>\u00a1\u00danase a nosotros por favor!<br \/><\/u><\/strong>PRF organiza talleres cient\u00edficos semestrales, donde la comunidad de investigaci\u00f3n se re\u00fane para compartir datos, colaborar y estimular la pr\u00f3xima ola de progreso hacia la cura. <strong><em>Invitamos a todos los investigadores y m\u00e9dicos involucrados o interesados en impulsar la investigaci\u00f3n de la progeria hacia nuevos tratamientos y la cura a asistir a nuestro pr\u00f3ximo Taller Cient\u00edfico, programado para octubre de 2025 en Cambridge, MA.<\/em><\/strong>. <a href=\"https:\/\/www.progeriaresearch.org\/es\/2025registration\/\"><strong>Reg\u00edstrate aqu\u00ed.\u00a0<\/strong><\/a><\/p>\n<p>[\/et_pb_text][\/et_pb_column_inner][\/et_pb_row_inner][\/et_pb_column][\/et_pb_section][et_pb_section fb_built=\u201d1\u2033 module_class=\u201dfooter\u201d _builder_version=\u201d4.21.0\u2033 background_color=\u201d#29327a\u201d custom_margin=\u201d-2px|||||\u201d Relleno personalizado = 0 | 0 px | 0 | 0 px | falso | falso. \u00cdndice z de la tableta = 500. Ancho del borde superior = 12 px. Color del borde superior = #00b2e2. M\u00f3dulo global = 133. Bloqueado = desactivado. Informaci\u00f3n global de colores = {}. ][Et_pb_row Estructura de columna = 1_4, 1_4, 1_2. Igualdad = activada. Clase del m\u00f3dulo = et_pb_row Ancho completo. Versi\u00f3n del generador = 4.16. Ancho = 89%. Ancho de la tableta = 80%. Tel\u00e9fono = \u00faltima edici\u00f3n = activada. Escritorio. Ancho m\u00e1ximo = 89%. Ancho m\u00e1ximo de la tableta = 80%. max_width_phone=\u201d\u201d max_width_last_edited=\u201don|desktop\u201d z_index_tablet=\u201d500\u2033 make_fullwidth=\u201don\u201d width_unit=\u201doff\u201d custom_width_percent=\u201d100%\u201d global_colors_info=\u201d{}\u201d][et_pb_column type=\u201d1_4\u2033 _builder_version=\u201d4.16\u2033 custom_padding=\u201d|||\u201d Informaci\u00f3n global de colores = &quot;{}&quot; Relleno personalizado _hover = &quot;|||&quot;][et_pb_cta URL del bot\u00f3n = &quot;https:\/\/lp.constantcontactpages.com\/sl\/88gWWwz&quot; Texto del bot\u00f3n = &quot;Reg\u00edstrate ahora&quot; Etiqueta de administrador = &quot;Suscr\u00edbete para recibir actualizaciones&quot; Clase del m\u00f3dulo = &quot;sign-btn&quot; Versi\u00f3n del constructor = &quot;4.27.4&quot; Tama\u00f1o de fuente del encabezado = &quot;25px&quot; Color de fondo = &quot;#29327a&quot; Estilo de animaci\u00f3n = &quot;diapositiva&quot; Direcci\u00f3n de la animaci\u00f3n = &quot;izquierda&quot; Intensidad de la animaci\u00f3n = &quot;25%&quot; URL de la opci\u00f3n del enlace = &quot;https:\/\/lp.constantcontactpages.com\/sl\/88gWWwz&quot; Tama\u00f1o de fuente del encabezado para tableta = &quot;Tama\u00f1o de fuente del encabezado para tel\u00e9fono = &quot;30px&quot; tama\u00f1o de fuente del encabezado, \u00faltima edici\u00f3n = \u00abactivado | escritorio\u00bb \u00edndice z de la tableta = \u00ab500\u00bb radio del borde = \u00abactivado | 25 px | 25 px | 25 px\u00bb informaci\u00f3n de colores globales = \u00ab{}\u00bb color de fondo del bot\u00f3n __hover habilitado = \u00abactivado\u00bb color de fondo del bot\u00f3n __hover = \u00ab#8fd2ed\u00bb color del borde del bot\u00f3n __hover habilitado = \u00abactivado\u00bb]<\/p>\n<h2>Inscribirse<\/h2>\n<h2>Para nuestro<\/h2>\n<h2>\u00a1Actualizaciones!<\/h2>\n<p>[\/et_pb_cta][\/et_pb_column][et_pb_column type=\u201d1_4\u2033 _builder_version=\u201d4.16\u2033 custom_padding=\u201d|||\u201d global_colors_info=\u201d{}\u201d custom_padding__hover=\u201d|||\u201d][et_pb_cta button_url=\u201dhttps:\/\/progeriaresearch.donorsupport.co\/-\/XZHJVWZR\u201d button_text=\u201dDonar ahora\u201d admin_label=\u201d\u00a1Juntos encontraremos la cura!\u201d module_class=\u201dsign-btn\u201d _builder_version=\u201d4.16\u2033 header_font_size=\u201d25px\u201d background_color=\u201d#29327a\u201d animation_style=\u201dslide\u201d animation_direction=\u201dleft\u201d animation_intensity_slide=\u201d25%\u201d header_font_size_tablet=\u201d\u201d header_font_size_phone=\u201d30px\u201d header_font_size_last_edited=\u201don|desktop\u201d body_font_size_tablet=\u201d\u201d body_font_size_phone=\u201d\u201d body_font_size_last_edited=\u201don|desktop\u201d z_index_tablet=\u201d500\u2033 border_radii=\u201don|25px|25px|25px|25px\u201d global_colors_info=\u201d{}\u201d button_bg_color__hover_enabled=\u201don\u201d bot\u00f3n_bg_color__hover=\u201d#8fd2ed\u201d bot\u00f3n_border_color__hover_enabled=\u201don\u201d]<\/p>\n<h2>Juntos, nosotros<\/h2>\n<h2><em>VOLUNTAD<\/em><\/h2>\n<h2>\u00a1Encuentra la cura!<\/h2>\n<p>[\/et_pb_cta][\/et_pb_column][et_pb_column tipo=\u201d1_2\u2033 _builder_version=\u201d4.16\u2033 relleno_personalizado=\u201d|||\u201d Informaci\u00f3n global de colores = &quot;{}&quot; relleno_personalizado__hover = &quot;|||&quot;][et_pb_image src = &quot;https:\/\/www.progeriaresearch.org\/wp-content\/uploads\/2025\/05\/2025-strip-for-website-footer-no-years.png&quot; t\u00edtulo = &quot;Franja 2025 para pie de p\u00e1gina web sin a\u00f1os&quot; _builder_version = &quot;4.27.4&quot; _module_preset = &quot;predeterminado&quot; margen_personalizado = &quot;35px||||falso|falso] Informaci\u00f3n global de colores = &quot;{}&quot;][\/et_pb_image][\/et_pb_column][\/et_pb_row][\/et_pb_section]<\/p>","protected":false},"excerpt":{"rendered":"<p>Subvenciones de Investigaci\u00f3n - Diciembre de 2024: Actualizaciones a la Estructura de Subvenciones de Investigaci\u00f3n de la PRF. En la Cumbre del Comit\u00e9 de Investigaci\u00f3n M\u00e9dica (MRC) de la PRF de diciembre de 2024, la direcci\u00f3n de la PRF y el MRC implementaron cambios en su proceso de subvenciones. Antecedentes: En el a\u00f1o 2000, la Fundaci\u00f3n para la Investigaci\u00f3n de la Progeria (PRF) form\u00f3 su Comit\u00e9 de Investigaci\u00f3n M\u00e9dica voluntario, un grupo de cient\u00edficos brillantes y dedicados que se reun\u00edan peri\u00f3dicamente para revisar [\u2026]<\/p>","protected":false},"author":2,"featured_media":0,"parent":0,"menu_order":0,"comment_status":"closed","ping_status":"closed","template":"","meta":{"_et_pb_use_builder":"on","_et_pb_old_content":"","_et_gb_content_width":"","footnotes":"","_links_to":"","_links_to_target":""},"class_list":["post-20426","page","type-page","status-publish","hentry"],"yoast_head":"<!-- This site is optimized with the Yoast SEO plugin v26.8 - https:\/\/yoast.com\/product\/yoast-seo-wordpress\/ -->\n<title>Research Grants | The Progeria Research Foundation<\/title>\n<meta name=\"robots\" content=\"index, follow, max-snippet:-1, max-image-preview:large, max-video-preview:-1\" \/>\n<link rel=\"canonical\" href=\"https:\/\/www.progeriaresearch.org\/es\/research-grants\/\" \/>\n<meta property=\"og:locale\" content=\"es_ES\" \/>\n<meta property=\"og:type\" content=\"article\" \/>\n<meta property=\"og:title\" content=\"Research Grants | The Progeria Research Foundation\" \/>\n<meta property=\"og:description\" content=\"Research GrantsDecember 2024: Updates to PRF\u2019s Research Granting Structure At PRF\u2019s December 2024 Medical Research Committee (MRC) Summit, PRF leadership and the MRC implemented changes to its granting process. BackgroundIn 2000, The Progeria Research Foundation (PRF) formed its volunteer Medical Research Committee - a group of brilliant and dedicated scientists who regularly met to review [&hellip;]\" \/>\n<meta property=\"og:url\" content=\"https:\/\/www.progeriaresearch.org\/es\/research-grants\/\" \/>\n<meta property=\"og:site_name\" content=\"The Progeria Research Foundation\" \/>\n<meta property=\"article:publisher\" content=\"https:\/\/www.facebook.com\/ProgeriaResearch\/\" \/>\n<meta property=\"article:modified_time\" content=\"2025-05-16T12:43:28+00:00\" \/>\n<meta property=\"og:image\" content=\"https:\/\/www.progeriaresearch.org\/wp-content\/uploads\/2025\/05\/MRC-committee-1024x546.jpg\" \/>\n<meta name=\"twitter:card\" content=\"summary_large_image\" \/>\n<meta name=\"twitter:site\" content=\"@Progeria\" \/>\n<meta name=\"twitter:label1\" content=\"Est. reading time\" \/>\n\t<meta name=\"twitter:data1\" content=\"3 minutos\" \/>\n<script type=\"application\/ld+json\" class=\"yoast-schema-graph\">{\"@context\":\"https:\/\/schema.org\",\"@graph\":[{\"@type\":\"WebPage\",\"@id\":\"https:\/\/www.progeriaresearch.org\/ru\/research-grants\/\",\"url\":\"https:\/\/www.progeriaresearch.org\/ru\/research-grants\/\",\"name\":\"Research Grants | The Progeria Research Foundation\",\"isPartOf\":{\"@id\":\"https:\/\/www.progeriaresearch.org\/ta\/#website\"},\"primaryImageOfPage\":{\"@id\":\"https:\/\/www.progeriaresearch.org\/ru\/research-grants\/#primaryimage\"},\"image\":{\"@id\":\"https:\/\/www.progeriaresearch.org\/ru\/research-grants\/#primaryimage\"},\"thumbnailUrl\":\"https:\/\/www.progeriaresearch.org\/wp-content\/uploads\/2025\/05\/MRC-committee-1024x546.jpg\",\"datePublished\":\"2025-05-13T16:53:15+00:00\",\"dateModified\":\"2025-05-16T12:43:28+00:00\",\"breadcrumb\":{\"@id\":\"https:\/\/www.progeriaresearch.org\/ru\/research-grants\/#breadcrumb\"},\"inLanguage\":\"es\",\"potentialAction\":[{\"@type\":\"ReadAction\",\"target\":[\"https:\/\/www.progeriaresearch.org\/ru\/research-grants\/\"]}]},{\"@type\":\"ImageObject\",\"inLanguage\":\"es\",\"@id\":\"https:\/\/www.progeriaresearch.org\/ru\/research-grants\/#primaryimage\",\"url\":\"https:\/\/www.progeriaresearch.org\/wp-content\/uploads\/2025\/05\/MRC-committee-1024x546.jpg\",\"contentUrl\":\"https:\/\/www.progeriaresearch.org\/wp-content\/uploads\/2025\/05\/MRC-committee-1024x546.jpg\"},{\"@type\":\"BreadcrumbList\",\"@id\":\"https:\/\/www.progeriaresearch.org\/ru\/research-grants\/#breadcrumb\",\"itemListElement\":[{\"@type\":\"ListItem\",\"position\":1,\"name\":\"Home\",\"item\":\"https:\/\/www.progeriaresearch.org\/\"},{\"@type\":\"ListItem\",\"position\":2,\"name\":\"Research Grants\"}]},{\"@type\":\"WebSite\",\"@id\":\"https:\/\/www.progeriaresearch.org\/ta\/#website\",\"url\":\"https:\/\/www.progeriaresearch.org\/ta\/\",\"name\":\"The Progeria Research Foundation\",\"description\":\"For the Children \u2665 For the Cure\",\"publisher\":{\"@id\":\"https:\/\/www.progeriaresearch.org\/ta\/#organization\"},\"potentialAction\":[{\"@type\":\"SearchAction\",\"target\":{\"@type\":\"EntryPoint\",\"urlTemplate\":\"https:\/\/www.progeriaresearch.org\/ta\/?s={search_term_string}\"},\"query-input\":{\"@type\":\"PropertyValueSpecification\",\"valueRequired\":true,\"valueName\":\"search_term_string\"}}],\"inLanguage\":\"es\"},{\"@type\":\"Organization\",\"@id\":\"https:\/\/www.progeriaresearch.org\/ta\/#organization\",\"name\":\"The Progeria Research Foundation\",\"url\":\"https:\/\/www.progeriaresearch.org\/ta\/\",\"logo\":{\"@type\":\"ImageObject\",\"inLanguage\":\"es\",\"@id\":\"https:\/\/www.progeriaresearch.org\/ta\/#\/schema\/logo\/image\/\",\"url\":\"https:\/\/www.progeriaresearch.org\/wp-content\/uploads\/2019\/05\/PRF_Logo_2019_optimized.png\",\"contentUrl\":\"https:\/\/www.progeriaresearch.org\/wp-content\/uploads\/2019\/05\/PRF_Logo_2019_optimized.png\",\"width\":300,\"height\":86,\"caption\":\"The Progeria Research Foundation\"},\"image\":{\"@id\":\"https:\/\/www.progeriaresearch.org\/ta\/#\/schema\/logo\/image\/\"},\"sameAs\":[\"https:\/\/www.facebook.com\/ProgeriaResearch\/\",\"https:\/\/x.com\/Progeria\",\"https:\/\/www.instagram.com\/progeriaresearch\/\"]}]}<\/script>\n<!-- \/ Yoast SEO plugin. -->","yoast_head_json":{"title":"Research Grants | The Progeria Research Foundation","robots":{"index":"index","follow":"follow","max-snippet":"max-snippet:-1","max-image-preview":"max-image-preview:large","max-video-preview":"max-video-preview:-1"},"canonical":"https:\/\/www.progeriaresearch.org\/es\/research-grants\/","og_locale":"es_ES","og_type":"article","og_title":"Research Grants | The Progeria Research Foundation","og_description":"Research GrantsDecember 2024: Updates to PRF\u2019s Research Granting Structure At PRF\u2019s December 2024 Medical Research Committee (MRC) Summit, PRF leadership and the MRC implemented changes to its granting process. BackgroundIn 2000, The Progeria Research Foundation (PRF) formed its volunteer Medical Research Committee - a group of brilliant and dedicated scientists who regularly met to review [&hellip;]","og_url":"https:\/\/www.progeriaresearch.org\/es\/research-grants\/","og_site_name":"The Progeria Research Foundation","article_publisher":"https:\/\/www.facebook.com\/ProgeriaResearch\/","article_modified_time":"2025-05-16T12:43:28+00:00","og_image":[{"url":"https:\/\/www.progeriaresearch.org\/wp-content\/uploads\/2025\/05\/MRC-committee-1024x546.jpg","type":"","width":"","height":""}],"twitter_card":"summary_large_image","twitter_site":"@Progeria","twitter_misc":{"Est. reading time":"3 minutos"},"schema":{"@context":"https:\/\/schema.org","@graph":[{"@type":"WebPage","@id":"https:\/\/www.progeriaresearch.org\/ru\/research-grants\/","url":"https:\/\/www.progeriaresearch.org\/ru\/research-grants\/","name":"Research Grants | The Progeria Research Foundation","isPartOf":{"@id":"https:\/\/www.progeriaresearch.org\/ta\/#website"},"primaryImageOfPage":{"@id":"https:\/\/www.progeriaresearch.org\/ru\/research-grants\/#primaryimage"},"image":{"@id":"https:\/\/www.progeriaresearch.org\/ru\/research-grants\/#primaryimage"},"thumbnailUrl":"https:\/\/www.progeriaresearch.org\/wp-content\/uploads\/2025\/05\/MRC-committee-1024x546.jpg","datePublished":"2025-05-13T16:53:15+00:00","dateModified":"2025-05-16T12:43:28+00:00","breadcrumb":{"@id":"https:\/\/www.progeriaresearch.org\/ru\/research-grants\/#breadcrumb"},"inLanguage":"es","potentialAction":[{"@type":"ReadAction","target":["https:\/\/www.progeriaresearch.org\/ru\/research-grants\/"]}]},{"@type":"ImageObject","inLanguage":"es","@id":"https:\/\/www.progeriaresearch.org\/ru\/research-grants\/#primaryimage","url":"https:\/\/www.progeriaresearch.org\/wp-content\/uploads\/2025\/05\/MRC-committee-1024x546.jpg","contentUrl":"https:\/\/www.progeriaresearch.org\/wp-content\/uploads\/2025\/05\/MRC-committee-1024x546.jpg"},{"@type":"BreadcrumbList","@id":"https:\/\/www.progeriaresearch.org\/ru\/research-grants\/#breadcrumb","itemListElement":[{"@type":"ListItem","position":1,"name":"Home","item":"https:\/\/www.progeriaresearch.org\/"},{"@type":"ListItem","position":2,"name":"Research Grants"}]},{"@type":"WebSite","@id":"https:\/\/www.progeriaresearch.org\/ta\/#website","url":"https:\/\/www.progeriaresearch.org\/ta\/","name":"La Fundaci\u00f3n para la Investigaci\u00f3n de la Progeria","description":"Por los ni\u00f1os \u2665 Por la cura","publisher":{"@id":"https:\/\/www.progeriaresearch.org\/ta\/#organization"},"potentialAction":[{"@type":"SearchAction","target":{"@type":"EntryPoint","urlTemplate":"https:\/\/www.progeriaresearch.org\/ta\/?s={search_term_string}"},"query-input":{"@type":"PropertyValueSpecification","valueRequired":true,"valueName":"search_term_string"}}],"inLanguage":"es"},{"@type":"Organization","@id":"https:\/\/www.progeriaresearch.org\/ta\/#organization","name":"La Fundaci\u00f3n para la Investigaci\u00f3n de la Progeria","url":"https:\/\/www.progeriaresearch.org\/ta\/","logo":{"@type":"ImageObject","inLanguage":"es","@id":"https:\/\/www.progeriaresearch.org\/ta\/#\/schema\/logo\/image\/","url":"https:\/\/www.progeriaresearch.org\/wp-content\/uploads\/2019\/05\/PRF_Logo_2019_optimized.png","contentUrl":"https:\/\/www.progeriaresearch.org\/wp-content\/uploads\/2019\/05\/PRF_Logo_2019_optimized.png","width":300,"height":86,"caption":"The Progeria Research Foundation"},"image":{"@id":"https:\/\/www.progeriaresearch.org\/ta\/#\/schema\/logo\/image\/"},"sameAs":["https:\/\/www.facebook.com\/ProgeriaResearch\/","https:\/\/x.com\/Progeria","https:\/\/www.instagram.com\/progeriaresearch\/"]}]}},"_links":{"self":[{"href":"https:\/\/www.progeriaresearch.org\/es\/wp-json\/wp\/v2\/pages\/20426","targetHints":{"allow":["GET"]}}],"collection":[{"href":"https:\/\/www.progeriaresearch.org\/es\/wp-json\/wp\/v2\/pages"}],"about":[{"href":"https:\/\/www.progeriaresearch.org\/es\/wp-json\/wp\/v2\/types\/page"}],"author":[{"embeddable":true,"href":"https:\/\/www.progeriaresearch.org\/es\/wp-json\/wp\/v2\/users\/2"}],"replies":[{"embeddable":true,"href":"https:\/\/www.progeriaresearch.org\/es\/wp-json\/wp\/v2\/comments?post=20426"}],"version-history":[{"count":0,"href":"https:\/\/www.progeriaresearch.org\/es\/wp-json\/wp\/v2\/pages\/20426\/revisions"}],"wp:attachment":[{"href":"https:\/\/www.progeriaresearch.org\/es\/wp-json\/wp\/v2\/media?parent=20426"}],"curies":[{"name":"gracias","href":"https:\/\/api.w.org\/{rel}","templated":true}]}}