{"id":20459,"date":"2025-05-13T14:07:44","date_gmt":"2025-05-13T18:07:44","guid":{"rendered":"https:\/\/www.progeriaresearch.org\/?page_id=20459"},"modified":"2026-02-03T09:13:37","modified_gmt":"2026-02-03T14:13:37","slug":"workshop-2025-sponsors","status":"publish","type":"page","link":"https:\/\/www.progeriaresearch.org\/es\/workshop-2025-sponsors\/","title":{"rendered":"Patrocinadores del Taller 2025"},"content":{"rendered":"<p>[et_pb_section fb_built=\u201d1\u2033 fullwidth=\u201don\u201d disabled_on=\u201doff|off|off\u201d _builder_version=\u201d4.16\u2033 border_width_bottom=\u201d55px\u201d border_color_bottom=\u201d#29327a\u201d locking=\u201doff\u201d global_colors_info=\u201d{}\u201d][et_pb_fullwidth_image src=\u201dhttps:\/\/www.progeriaresearch.org\/wp-content\/uploads\/2024\/09\/PRF_ScientificMeetingBanner_2025_Final.jpg\u201d title_text=\u201dPRF_ScientificMeetingBanner_2025_Final\u201d _builder_version=\u201d4.27.4\u2033 z_index_tablet=\u201d500\u2033 global_colors_info=\u201d{}\u201d]<br \/>\n[\/et_pb_fullwidth_image][\/et_pb_section][et_pb_section fb_built=\u201d1\u2033 use_custom_gutter=\u201don\u201d gutter_width=\u201d1\u2033 specialty=\u201don\u201d padding_left_1=\u201d35px\u201d padding_left_2=\u201d35px\u201d padding_2_tablet=\u201d|||0px\u201d padding_2_phone=\u201d|||0px\u201d padding_2_last_edited=\u201don|desktop\u201d module_class_1=\u201dsidebar-secondary-nav\u201d module_class=\u201dhandprint-bg\u201d _builder_version=\u201d4.16\u2033 background_image=\u201dhttps:\/\/www.progeriaresearch.org\/wp-content\/uploads\/2019\/04\/blue-handprint-only.png\u201d parallax=\u201don\u201d parallax_method=\u201doff\u201d ancho_interior=\u201d100%\u201d ancho_m\u00e1ximo_interior=\u201d100%\u201d margen_personalizado=\u201d-68px|||||\u201d relleno_personalizado=\u201d0|0px|54px|0px|falso|falso\u201d z_index_tablet=\u201d500\u2033 ancho_borde_superior=\u201d10px\u201d color_border_superior=\u201d#8fd2ed\u201d uso_ancho_personalizado=\u201dactivado\u201d unidad_ancho=\u201ddesactivado\u201d porcentaje_ancho_personalizado=\u201d100%\u201d informaci\u00f3n_colores_globales=\u201d{}\u201d][et_pb_column tipo=\u201d1_4\u2033 _builder_version=\u201d4.16\u2033 relleno_personalizado=\u201d|||\u201d Informaci\u00f3n global de colores = &quot;{}&quot; relleno_personalizado__hover = &quot;|||&quot;] [\u00c1rea de la barra lateral de et_pb = &quot;\u00c1rea del widget de et_pb_32&quot; desactivada = &quot;desactivada&quot; etiqueta_administradora = &quot;Taller 2025&quot; clase_m\u00f3dulo = &quot;barras laterales de subp\u00e1gina&quot; versi\u00f3n_compilador = &quot;4.24.0&quot; estilo_animaci\u00f3n = &quot;desvanecimiento&quot; \u00edndice_z_tableta = &quot;500&quot; ancho_border_derecho = &quot;5px&quot; bloqueado = &quot;desactivado&quot; Informaci\u00f3n global de colores = &quot;{}&quot;]<br \/>\n[\/et_pb_sidebar][\/et_pb_column][et_pb_column type=&#8221;3_4&#8243; specialty_columns=&#8221;3&#8243; _builder_version=&#8221;4.16&#8243; custom_padding=&#8221;|||&#8221; global_colors_info=&#8221;{}&#8221; custom_padding__hover=&#8221;|||&#8221;][et_pb_row_inner _builder_version=&#8221;4.27.4&#8243; _module_preset=&#8221;default&#8221; custom_padding=&#8221;||2px|||&#8221; global_colors_info=&#8221;{}&#8221;][et_pb_column_inner saved_specialty_column_type=&#8221;3_4&#8243; _builder_version=&#8221;4.27.4&#8243; _module_preset=&#8221;default&#8221; global_colors_info=&#8221;{}&#8221;][et_pb_text _builder_version=&#8221;4.27.4&#8243; _module_preset=&#8221;default&#8221; global_colors_info=&#8221;{}&#8221;]<\/p>\n<h3 style=\"text-align: center;\">Patrocinadores presentadores<\/h3>\n<p>[\/et_pb_text][\/et_pb_column_inner][\/et_pb_row_inner][et_pb_row_inner column_structure=&#8221;1_2,1_2&#8243; _builder_version=&#8221;4.27.4&#8243; _module_preset=&#8221;default&#8221; custom_margin=&#8221;1px|||||&#8221; hover_enabled=&#8221;0&#8243; global_colors_info=&#8221;{}&#8221; sticky_enabled=&#8221;0&#8243;][et_pb_column_inner type=&#8221;1_2&#8243; saved_specialty_column_type=&#8221;3_4&#8243; _builder_version=&#8221;4.27.4&#8243; _module_preset=&#8221;default&#8221; global_colors_info=&#8221;{}&#8221;][et_pb_text admin_label=&#8221;AIProSab&#8221; _builder_version=&#8221;4.27.4&#8243; _module_preset=&#8221;default&#8221; custom_padding=&#8221;||16px||false|false&#8221; link_option_url=&#8221;https:\/\/www.aiprosab.org\/&#8221; global_colors_info=&#8221;{}&#8221;]<\/p>\n<p><a href=\"https:\/\/www.aiprosab.org\/\"><img loading=\"lazy\" decoding=\"async\" class=\"wp-image-20462 aligncenter size-large\" src=\"https:\/\/www.progeriaresearch.org\/wp-content\/uploads\/2025\/05\/APS-ONLUS-LOGO-1024x372.png\" alt=\"\" width=\"1024\" height=\"372\" \/><\/a><\/p>\n<p>[\/et_pb_text][et_pb_text admin_label=\u201dSentynl\u201d _builder_version=\u201d4.27.4\u2033 _module_preset=\u201ddefault\u201d link_option_url=\u201dhttps:\/\/sentynl.com\/\u201d global_colors_info=\u201d{}\u201d]<\/p>\n<h3 style=\"text-align: center;\">Patrocinador Oro<\/h3>\n<p>&nbsp;<\/p>\n<p><a href=\"https:\/\/sentynl.com\/\"><img loading=\"lazy\" decoding=\"async\" src=\"https:\/\/www.progeriaresearch.org\/wp-content\/uploads\/2025\/07\/sentynl_logo_color_large-1024x189.jpg\" width=\"867\" height=\"160\" alt=\"\" class=\"wp-image-20694 aligncenter size-large\" \/><\/a><\/p>\n<p>[\/et_pb_text][\/et_pb_column_inner][et_pb_column_inner type=&#8221;1_2&#8243; saved_specialty_column_type=&#8221;3_4&#8243; _builder_version=&#8221;4.27.4&#8243; _module_preset=&#8221;default&#8221; global_colors_info=&#8221;{}&#8221;][et_pb_text admin_label=&#8221;NIH&#8221; _builder_version=&#8221;4.27.5&#8243; _module_preset=&#8221;default&#8221; link_option_url=&#8221;https:\/\/www.nia.nih.gov\/&#8221; hover_enabled=&#8221;0&#8243; global_colors_info=&#8221;{}&#8221; custom_margin=&#8221;|30px||0px|false|false&#8221; sticky_enabled=&#8221;0&#8243;]<\/p>\n<p>&nbsp;<\/p>\n<p><a href=\"https:\/\/www.nia.nih.gov\/\"><img loading=\"lazy\" decoding=\"async\" class=\"wp-image-20994 aligncenter size-full\" src=\"https:\/\/www.progeriaresearch.org\/wp-content\/uploads\/2025\/09\/NIH_NIA_Master_Logo_2Color_8c3db02c789aac09497d19c3bbf7ce48.png\" alt=\"\" width=\"528\" height=\"139\" srcset=\"https:\/\/www.progeriaresearch.org\/wp-content\/uploads\/2025\/09\/NIH_NIA_Master_Logo_2Color_8c3db02c789aac09497d19c3bbf7ce48.png 528w, https:\/\/www.progeriaresearch.org\/wp-content\/uploads\/2025\/09\/NIH_NIA_Master_Logo_2Color_8c3db02c789aac09497d19c3bbf7ce48-480x126.png 480w\" sizes=\"(min-width: 0px) and (max-width: 480px) 480px, (min-width: 481px) 528px, 100vw\" \/><\/a><\/p>\n<p>&nbsp;<\/p>\n<p>[\/et_pb_text][et_pb_text admin_label=\u201dAlexandra Peraut\u201d _builder_version=\u201d4.27.4\u2033 _module_preset=\u201ddefault\u201d global_colors_info=\u201d{}\u201d]<\/p>\n<h3 style=\"text-align: center;\">Patrocinador Plata<\/h3>\n<p><a href=\"https:\/\/www.asociacionprogeria.com\/\"><img loading=\"lazy\" decoding=\"async\" class=\"wp-image-20463 aligncenter\" src=\"https:\/\/www.progeriaresearch.org\/wp-content\/uploads\/2025\/05\/Asociacion-Progeria-Alexandra-Perautlogo-1.png\" alt=\"\" width=\"332\" height=\"351\" \/><\/a><\/p>\n<p>[\/et_pb_text][\/et_pb_column_inner][\/et_pb_row_inner][\/et_pb_column][\/et_pb_section][et_pb_section fb_built=\u201d1\u2033 module_class=\u201dfooter\u201d _builder_version=\u201d4.21.0\u2033 background_color=\u201d#29327a\u201d custom_margin=\u201d-2px|||||\u201d Relleno personalizado = 0 | 0 px | 0 | 0 px | falso | falso. \u00cdndice z de la tableta = 500. Ancho del borde superior = 12 px. Color del borde superior = #00b2e2. M\u00f3dulo global = 133. Bloqueado = desactivado. Informaci\u00f3n global de colores = {}. ][Et_pb_row Estructura de columna = 1_4, 1_4, 1_2. Igualdad = activada. Clase del m\u00f3dulo = et_pb_row Ancho completo. Versi\u00f3n del generador = 4.16. Ancho = 89%. Ancho de la tableta = 80%. Tel\u00e9fono = \u00faltima edici\u00f3n = activada. Escritorio. Ancho m\u00e1ximo = 89%. Ancho m\u00e1ximo de la tableta = 80%. max_width_phone=\u201d\u201d max_width_last_edited=\u201don|desktop\u201d z_index_tablet=\u201d500\u2033 make_fullwidth=\u201don\u201d width_unit=\u201doff\u201d custom_width_percent=\u201d100%\u201d global_colors_info=\u201d{}\u201d][et_pb_column type=\u201d1_4\u2033 _builder_version=\u201d4.16\u2033 custom_padding=\u201d|||\u201d Informaci\u00f3n global de colores = &quot;{}&quot; Relleno personalizado _hover = &quot;|||&quot;][et_pb_cta URL del bot\u00f3n = &quot;https:\/\/lp.constantcontactpages.com\/sl\/88gWWwz&quot; Texto del bot\u00f3n = &quot;Reg\u00edstrate ahora&quot; Etiqueta de administrador = &quot;Suscr\u00edbete para recibir actualizaciones&quot; Clase del m\u00f3dulo = &quot;sign-btn&quot; Versi\u00f3n del constructor = &quot;4.27.4&quot; Tama\u00f1o de fuente del encabezado = &quot;25px&quot; Color de fondo = &quot;#29327a&quot; Estilo de animaci\u00f3n = &quot;diapositiva&quot; Direcci\u00f3n de la animaci\u00f3n = &quot;izquierda&quot; Intensidad de la animaci\u00f3n = &quot;25%&quot; URL de la opci\u00f3n del enlace = &quot;https:\/\/lp.constantcontactpages.com\/sl\/88gWWwz&quot; Tama\u00f1o de fuente del encabezado para tableta = &quot;Tama\u00f1o de fuente del encabezado para tel\u00e9fono = &quot;30px&quot; tama\u00f1o de fuente del encabezado, \u00faltima edici\u00f3n = \u00abactivado | escritorio\u00bb \u00edndice z de la tableta = \u00ab500\u00bb radio del borde = \u00abactivado | 25 px | 25 px | 25 px\u00bb informaci\u00f3n de colores globales = \u00ab{}\u00bb color de fondo del bot\u00f3n __hover habilitado = \u00abactivado\u00bb color de fondo del bot\u00f3n __hover = \u00ab#8fd2ed\u00bb color del borde del bot\u00f3n __hover habilitado = \u00abactivado\u00bb]<\/p>\n<h2>Inscribirse<\/h2>\n<h2>Para nuestro<\/h2>\n<h2>\u00a1Actualizaciones!<\/h2>\n<p>[\/et_pb_cta][\/et_pb_column][et_pb_column type=\u201d1_4\u2033 _builder_version=\u201d4.16\u2033 custom_padding=\u201d|||\u201d global_colors_info=\u201d{}\u201d custom_padding__hover=\u201d|||\u201d][et_pb_cta button_url=\u201dhttps:\/\/progeriaresearch.donorsupport.co\/-\/XZHJVWZR\u201d button_text=\u201dDonar ahora\u201d admin_label=\u201d\u00a1Juntos encontraremos la cura!\u201d module_class=\u201dsign-btn\u201d _builder_version=\u201d4.16\u2033 header_font_size=\u201d25px\u201d background_color=\u201d#29327a\u201d animation_style=\u201dslide\u201d animation_direction=\u201dleft\u201d animation_intensity_slide=\u201d25%\u201d header_font_size_tablet=\u201d\u201d header_font_size_phone=\u201d30px\u201d header_font_size_last_edited=\u201don|desktop\u201d body_font_size_tablet=\u201d\u201d body_font_size_phone=\u201d\u201d body_font_size_last_edited=\u201don|desktop\u201d z_index_tablet=\u201d500\u2033 border_radii=\u201don|25px|25px|25px|25px\u201d global_colors_info=\u201d{}\u201d button_bg_color__hover_enabled=\u201don\u201d bot\u00f3n_bg_color__hover=\u201d#8fd2ed\u201d bot\u00f3n_border_color__hover_enabled=\u201don\u201d]<\/p>\n<h2>Juntos, nosotros<\/h2>\n<h2><em>VOLUNTAD<\/em><\/h2>\n<h2>\u00a1Encuentra la cura!<\/h2>\n<p>[\/et_pb_cta][\/et_pb_column][et_pb_column tipo=\u201d1_2\u2033 _builder_version=\u201d4.16\u2033 relleno_personalizado=\u201d|||\u201d Informaci\u00f3n global de colores = &quot;{}&quot; relleno_personalizado__hover = &quot;|||&quot;][et_pb_image src = &quot;https:\/\/www.progeriaresearch.org\/wp-content\/uploads\/2025\/05\/2025-strip-for-website-footer-no-years.png&quot; t\u00edtulo = &quot;Franja 2025 para pie de p\u00e1gina web sin a\u00f1os&quot; _builder_version = &quot;4.27.4&quot; _module_preset = &quot;predeterminado&quot; margen_personalizado = &quot;35px||||falso|falso] Informaci\u00f3n global de colores = &quot;{}&quot;][\/et_pb_image][\/et_pb_column][\/et_pb_row][\/et_pb_section]<\/p>","protected":false},"excerpt":{"rendered":"<p>Presenting SponsorsGold Sponsor &nbsp; &nbsp; &nbsp;Silver Sponsor Sign Up for Our Updates!Together, we WILL find the cure!<\/p>","protected":false},"author":2,"featured_media":0,"parent":0,"menu_order":0,"comment_status":"closed","ping_status":"closed","template":"","meta":{"_et_pb_use_builder":"on","_et_pb_old_content":"","_et_gb_content_width":"","footnotes":"","_links_to":"","_links_to_target":""},"class_list":["post-20459","page","type-page","status-publish","hentry"],"yoast_head":"<!-- This site is optimized with the Yoast SEO plugin v26.8 - https:\/\/yoast.com\/product\/yoast-seo-wordpress\/ -->\n<title>Workshop 2025 Sponsors | The Progeria Research Foundation<\/title>\n<meta name=\"robots\" content=\"index, follow, max-snippet:-1, max-image-preview:large, max-video-preview:-1\" \/>\n<link rel=\"canonical\" href=\"https:\/\/www.progeriaresearch.org\/es\/workshop-2025-sponsors\/\" \/>\n<meta property=\"og:locale\" content=\"es_ES\" \/>\n<meta property=\"og:type\" content=\"article\" \/>\n<meta property=\"og:title\" content=\"Workshop 2025 Sponsors | The Progeria Research Foundation\" \/>\n<meta property=\"og:description\" content=\"Presenting SponsorsGold Sponsor &nbsp; &nbsp; &nbsp;Silver Sponsor Sign Up for Our Updates!Together, we WILL find the cure!\" \/>\n<meta property=\"og:url\" content=\"https:\/\/www.progeriaresearch.org\/es\/workshop-2025-sponsors\/\" \/>\n<meta property=\"og:site_name\" content=\"The Progeria Research Foundation\" \/>\n<meta property=\"article:publisher\" content=\"https:\/\/www.facebook.com\/ProgeriaResearch\/\" \/>\n<meta property=\"article:modified_time\" content=\"2026-02-03T14:13:37+00:00\" \/>\n<meta property=\"og:image\" content=\"https:\/\/www.progeriaresearch.org\/wp-content\/uploads\/2025\/05\/APS-ONLUS-LOGO-1024x372.png\" \/>\n<meta name=\"twitter:card\" content=\"summary_large_image\" \/>\n<meta name=\"twitter:site\" content=\"@Progeria\" \/>\n<meta name=\"twitter:label1\" content=\"Est. reading time\" \/>\n\t<meta name=\"twitter:data1\" content=\"2 minutos\" \/>\n<script type=\"application\/ld+json\" class=\"yoast-schema-graph\">{\"@context\":\"https:\/\/schema.org\",\"@graph\":[{\"@type\":\"WebPage\",\"@id\":\"https:\/\/www.progeriaresearch.org\/ps\/workshop-2025-sponsors\/\",\"url\":\"https:\/\/www.progeriaresearch.org\/ps\/workshop-2025-sponsors\/\",\"name\":\"Workshop 2025 Sponsors | The Progeria Research Foundation\",\"isPartOf\":{\"@id\":\"https:\/\/www.progeriaresearch.org\/ta\/#website\"},\"primaryImageOfPage\":{\"@id\":\"https:\/\/www.progeriaresearch.org\/ps\/workshop-2025-sponsors\/#primaryimage\"},\"image\":{\"@id\":\"https:\/\/www.progeriaresearch.org\/ps\/workshop-2025-sponsors\/#primaryimage\"},\"thumbnailUrl\":\"https:\/\/www.progeriaresearch.org\/wp-content\/uploads\/2025\/05\/APS-ONLUS-LOGO-1024x372.png\",\"datePublished\":\"2025-05-13T18:07:44+00:00\",\"dateModified\":\"2026-02-03T14:13:37+00:00\",\"breadcrumb\":{\"@id\":\"https:\/\/www.progeriaresearch.org\/ps\/workshop-2025-sponsors\/#breadcrumb\"},\"inLanguage\":\"es\",\"potentialAction\":[{\"@type\":\"ReadAction\",\"target\":[\"https:\/\/www.progeriaresearch.org\/ps\/workshop-2025-sponsors\/\"]}]},{\"@type\":\"ImageObject\",\"inLanguage\":\"es\",\"@id\":\"https:\/\/www.progeriaresearch.org\/ps\/workshop-2025-sponsors\/#primaryimage\",\"url\":\"https:\/\/www.progeriaresearch.org\/wp-content\/uploads\/2025\/05\/APS-ONLUS-LOGO-1024x372.png\",\"contentUrl\":\"https:\/\/www.progeriaresearch.org\/wp-content\/uploads\/2025\/05\/APS-ONLUS-LOGO-1024x372.png\"},{\"@type\":\"BreadcrumbList\",\"@id\":\"https:\/\/www.progeriaresearch.org\/ps\/workshop-2025-sponsors\/#breadcrumb\",\"itemListElement\":[{\"@type\":\"ListItem\",\"position\":1,\"name\":\"Home\",\"item\":\"https:\/\/www.progeriaresearch.org\/\"},{\"@type\":\"ListItem\",\"position\":2,\"name\":\"Workshop 2025 Sponsors\"}]},{\"@type\":\"WebSite\",\"@id\":\"https:\/\/www.progeriaresearch.org\/ta\/#website\",\"url\":\"https:\/\/www.progeriaresearch.org\/ta\/\",\"name\":\"The Progeria Research Foundation\",\"description\":\"For the Children \u2665 For the Cure\",\"publisher\":{\"@id\":\"https:\/\/www.progeriaresearch.org\/ta\/#organization\"},\"potentialAction\":[{\"@type\":\"SearchAction\",\"target\":{\"@type\":\"EntryPoint\",\"urlTemplate\":\"https:\/\/www.progeriaresearch.org\/ta\/?s={search_term_string}\"},\"query-input\":{\"@type\":\"PropertyValueSpecification\",\"valueRequired\":true,\"valueName\":\"search_term_string\"}}],\"inLanguage\":\"es\"},{\"@type\":\"Organization\",\"@id\":\"https:\/\/www.progeriaresearch.org\/ta\/#organization\",\"name\":\"The Progeria Research Foundation\",\"url\":\"https:\/\/www.progeriaresearch.org\/ta\/\",\"logo\":{\"@type\":\"ImageObject\",\"inLanguage\":\"es\",\"@id\":\"https:\/\/www.progeriaresearch.org\/ta\/#\/schema\/logo\/image\/\",\"url\":\"https:\/\/www.progeriaresearch.org\/wp-content\/uploads\/2019\/05\/PRF_Logo_2019_optimized.png\",\"contentUrl\":\"https:\/\/www.progeriaresearch.org\/wp-content\/uploads\/2019\/05\/PRF_Logo_2019_optimized.png\",\"width\":300,\"height\":86,\"caption\":\"The Progeria Research Foundation\"},\"image\":{\"@id\":\"https:\/\/www.progeriaresearch.org\/ta\/#\/schema\/logo\/image\/\"},\"sameAs\":[\"https:\/\/www.facebook.com\/ProgeriaResearch\/\",\"https:\/\/x.com\/Progeria\",\"https:\/\/www.instagram.com\/progeriaresearch\/\"]}]}<\/script>\n<!-- \/ Yoast SEO plugin. -->","yoast_head_json":{"title":"Workshop 2025 Sponsors | The Progeria Research Foundation","robots":{"index":"index","follow":"follow","max-snippet":"max-snippet:-1","max-image-preview":"max-image-preview:large","max-video-preview":"max-video-preview:-1"},"canonical":"https:\/\/www.progeriaresearch.org\/es\/workshop-2025-sponsors\/","og_locale":"es_ES","og_type":"article","og_title":"Workshop 2025 Sponsors | The Progeria Research Foundation","og_description":"Presenting SponsorsGold Sponsor &nbsp; &nbsp; &nbsp;Silver Sponsor Sign Up for Our Updates!Together, we WILL find the cure!","og_url":"https:\/\/www.progeriaresearch.org\/es\/workshop-2025-sponsors\/","og_site_name":"The Progeria Research Foundation","article_publisher":"https:\/\/www.facebook.com\/ProgeriaResearch\/","article_modified_time":"2026-02-03T14:13:37+00:00","og_image":[{"url":"https:\/\/www.progeriaresearch.org\/wp-content\/uploads\/2025\/05\/APS-ONLUS-LOGO-1024x372.png","type":"","width":"","height":""}],"twitter_card":"summary_large_image","twitter_site":"@Progeria","twitter_misc":{"Est. reading time":"2 minutos"},"schema":{"@context":"https:\/\/schema.org","@graph":[{"@type":"WebPage","@id":"https:\/\/www.progeriaresearch.org\/ps\/workshop-2025-sponsors\/","url":"https:\/\/www.progeriaresearch.org\/ps\/workshop-2025-sponsors\/","name":"Workshop 2025 Sponsors | The Progeria Research Foundation","isPartOf":{"@id":"https:\/\/www.progeriaresearch.org\/ta\/#website"},"primaryImageOfPage":{"@id":"https:\/\/www.progeriaresearch.org\/ps\/workshop-2025-sponsors\/#primaryimage"},"image":{"@id":"https:\/\/www.progeriaresearch.org\/ps\/workshop-2025-sponsors\/#primaryimage"},"thumbnailUrl":"https:\/\/www.progeriaresearch.org\/wp-content\/uploads\/2025\/05\/APS-ONLUS-LOGO-1024x372.png","datePublished":"2025-05-13T18:07:44+00:00","dateModified":"2026-02-03T14:13:37+00:00","breadcrumb":{"@id":"https:\/\/www.progeriaresearch.org\/ps\/workshop-2025-sponsors\/#breadcrumb"},"inLanguage":"es","potentialAction":[{"@type":"ReadAction","target":["https:\/\/www.progeriaresearch.org\/ps\/workshop-2025-sponsors\/"]}]},{"@type":"ImageObject","inLanguage":"es","@id":"https:\/\/www.progeriaresearch.org\/ps\/workshop-2025-sponsors\/#primaryimage","url":"https:\/\/www.progeriaresearch.org\/wp-content\/uploads\/2025\/05\/APS-ONLUS-LOGO-1024x372.png","contentUrl":"https:\/\/www.progeriaresearch.org\/wp-content\/uploads\/2025\/05\/APS-ONLUS-LOGO-1024x372.png"},{"@type":"BreadcrumbList","@id":"https:\/\/www.progeriaresearch.org\/ps\/workshop-2025-sponsors\/#breadcrumb","itemListElement":[{"@type":"ListItem","position":1,"name":"Home","item":"https:\/\/www.progeriaresearch.org\/"},{"@type":"ListItem","position":2,"name":"Workshop 2025 Sponsors"}]},{"@type":"WebSite","@id":"https:\/\/www.progeriaresearch.org\/ta\/#website","url":"https:\/\/www.progeriaresearch.org\/ta\/","name":"La Fundaci\u00f3n para la Investigaci\u00f3n de la Progeria","description":"Por los ni\u00f1os \u2665 Por la cura","publisher":{"@id":"https:\/\/www.progeriaresearch.org\/ta\/#organization"},"potentialAction":[{"@type":"SearchAction","target":{"@type":"EntryPoint","urlTemplate":"https:\/\/www.progeriaresearch.org\/ta\/?s={search_term_string}"},"query-input":{"@type":"PropertyValueSpecification","valueRequired":true,"valueName":"search_term_string"}}],"inLanguage":"es"},{"@type":"Organization","@id":"https:\/\/www.progeriaresearch.org\/ta\/#organization","name":"La Fundaci\u00f3n para la Investigaci\u00f3n de la Progeria","url":"https:\/\/www.progeriaresearch.org\/ta\/","logo":{"@type":"ImageObject","inLanguage":"es","@id":"https:\/\/www.progeriaresearch.org\/ta\/#\/schema\/logo\/image\/","url":"https:\/\/www.progeriaresearch.org\/wp-content\/uploads\/2019\/05\/PRF_Logo_2019_optimized.png","contentUrl":"https:\/\/www.progeriaresearch.org\/wp-content\/uploads\/2019\/05\/PRF_Logo_2019_optimized.png","width":300,"height":86,"caption":"The Progeria Research Foundation"},"image":{"@id":"https:\/\/www.progeriaresearch.org\/ta\/#\/schema\/logo\/image\/"},"sameAs":["https:\/\/www.facebook.com\/ProgeriaResearch\/","https:\/\/x.com\/Progeria","https:\/\/www.instagram.com\/progeriaresearch\/"]}]}},"_links":{"self":[{"href":"https:\/\/www.progeriaresearch.org\/es\/wp-json\/wp\/v2\/pages\/20459","targetHints":{"allow":["GET"]}}],"collection":[{"href":"https:\/\/www.progeriaresearch.org\/es\/wp-json\/wp\/v2\/pages"}],"about":[{"href":"https:\/\/www.progeriaresearch.org\/es\/wp-json\/wp\/v2\/types\/page"}],"author":[{"embeddable":true,"href":"https:\/\/www.progeriaresearch.org\/es\/wp-json\/wp\/v2\/users\/2"}],"replies":[{"embeddable":true,"href":"https:\/\/www.progeriaresearch.org\/es\/wp-json\/wp\/v2\/comments?post=20459"}],"version-history":[{"count":0,"href":"https:\/\/www.progeriaresearch.org\/es\/wp-json\/wp\/v2\/pages\/20459\/revisions"}],"wp:attachment":[{"href":"https:\/\/www.progeriaresearch.org\/es\/wp-json\/wp\/v2\/media?parent=20459"}],"curies":[{"name":"gracias","href":"https:\/\/api.w.org\/{rel}","templated":true}]}}