{"id":2441,"date":"2017-06-19T20:10:57","date_gmt":"2017-06-19T20:10:57","guid":{"rendered":"https:\/\/www.progeriaresearch.org\/?page_id=2441"},"modified":"2019-04-30T13:54:24","modified_gmt":"2019-04-30T13:54:24","slug":"april-1-2011-another-full-house-at-prfs-6th-annual-poker-for-progeria-tournament","status":"publish","type":"page","link":"https:\/\/www.progeriaresearch.org\/es\/april-1-2011-another-full-house-at-prfs-6th-annual-poker-for-progeria-tournament\/","title":{"rendered":"1 de abril de 2011: Otro lleno total en el sexto torneo anual de p\u00f3quer para la progeria de PRF"},"content":{"rendered":"<p>El viernes 1 de abril en el Azorean Hall en Peabody, MA, los jugadores se presentaron en <strong>espadas<\/strong> para participar en el tan esperado Torneo de Texas Hold &#039;Em a beneficio de la PRF. Todos estaban entusiasmados. <strong>as alto <\/strong>Al comenzar la noche, los art\u00edculos de la subasta silenciosa se vendieron a precios muy altos, ya que los compradores... <strong>todo dentro<\/strong> en sus pujas. Mientras se jugaban las \u00faltimas manos, el <strong>enjuagar<\/strong> La emoci\u00f3n se reflejaba en los rostros de todos. No hubo manos perdedoras en este torneo. Puedes <strong>apuesta<\/strong> \u00a1Todos lo pasaron genial!<\/p>\n<p><strong>Gracias a todos los jugadores, patrocinadores y voluntarios. \u00a1Nos vemos el a\u00f1o que viene!<\/strong><\/p>\n<table border=\"0\" cellpadding=\"3\" align=\"center\">\n<tbody>\n<tr>\n<td><img loading=\"lazy\" decoding=\"async\" src=\"https:\/\/web.archive.org\/web\/20151016171314im_\/https:\/\/www.progeriaresearch.org\/assets\/images\/events_images\/Sam-Brian-Poker-2011.jpg\" alt=\"\" width=\"250\" height=\"172\" \/><br \/>\n<strong>Patrocinador principal, Brian McHugh de Cranney<\/strong><br \/>\n<strong>Las empresas y Sam redoblaron sus esfuerzos.<\/strong><br \/>\n<strong>La mesa de Black Jack.<\/strong><\/td>\n<td><\/td>\n<td><img loading=\"lazy\" decoding=\"async\" src=\"https:\/\/web.archive.org\/web\/20151016171314im_\/https:\/\/www.progeriaresearch.org\/assets\/images\/events_images\/Poker-tables-2011.jpg\" alt=\"\" width=\"300\" height=\"172\" \/><\/td>\n<\/tr>\n<\/tbody>\n<\/table>","protected":false},"excerpt":{"rendered":"<p>On Friday, April 1st at the Azorean Hall in Peabody, MA, players showed up in spades to participate in the much anticipated Texas Hold &#8216;Em Tournament to benefit PRF. Everyone was feeling ace high as the evening started. Silent auction items sold for top dollar as buyers went all in on their bids. As the [&hellip;]<\/p>","protected":false},"author":1,"featured_media":0,"parent":0,"menu_order":0,"comment_status":"closed","ping_status":"closed","template":"","meta":{"_et_pb_use_builder":"","_et_pb_old_content":"","_et_gb_content_width":"","footnotes":"","_links_to":"","_links_to_target":""},"class_list":["post-2441","page","type-page","status-publish","hentry"],"yoast_head":"<!-- This site is optimized with the Yoast SEO plugin v26.8 - https:\/\/yoast.com\/product\/yoast-seo-wordpress\/ -->\n<title>April 1, 2011: Another FULL HOUSE at PRF\u2019s 6th Annual Poker for Progeria Tournament - The Progeria Research Foundation<\/title>\n<meta name=\"robots\" content=\"index, follow, max-snippet:-1, max-image-preview:large, max-video-preview:-1\" \/>\n<link rel=\"canonical\" href=\"https:\/\/www.progeriaresearch.org\/es\/april-1-2011-another-full-house-at-prfs-6th-annual-poker-for-progeria-tournament\/\" \/>\n<meta property=\"og:locale\" content=\"es_ES\" \/>\n<meta property=\"og:type\" content=\"article\" \/>\n<meta property=\"og:title\" content=\"April 1, 2011: Another FULL HOUSE at PRF\u2019s 6th Annual Poker for Progeria Tournament - The Progeria Research Foundation\" \/>\n<meta property=\"og:description\" content=\"On Friday, April 1st at the Azorean Hall in Peabody, MA, players showed up in spades to participate in the much anticipated Texas Hold &#8216;Em Tournament to benefit PRF. Everyone was feeling ace high as the evening started. Silent auction items sold for top dollar as buyers went all in on their bids. As the [&hellip;]\" \/>\n<meta property=\"og:url\" content=\"https:\/\/www.progeriaresearch.org\/es\/april-1-2011-another-full-house-at-prfs-6th-annual-poker-for-progeria-tournament\/\" \/>\n<meta property=\"og:site_name\" content=\"The Progeria Research Foundation\" \/>\n<meta property=\"article:publisher\" content=\"https:\/\/www.facebook.com\/ProgeriaResearch\/\" \/>\n<meta property=\"article:modified_time\" content=\"2019-04-30T13:54:24+00:00\" \/>\n<meta property=\"og:image\" content=\"https:\/\/web.archive.org\/web\/20151016171314im_\/https:\/\/www.progeriaresearch.org\/assets\/images\/events_images\/Sam-Brian-Poker-2011.jpg\" \/>\n<meta name=\"twitter:card\" content=\"summary_large_image\" \/>\n<meta name=\"twitter:site\" content=\"@Progeria\" \/>\n<meta name=\"twitter:label1\" content=\"Est. reading time\" \/>\n\t<meta name=\"twitter:data1\" content=\"1 minuto\" \/>\n<script type=\"application\/ld+json\" class=\"yoast-schema-graph\">{\"@context\":\"https:\/\/schema.org\",\"@graph\":[{\"@type\":\"WebPage\",\"@id\":\"https:\/\/www.progeriaresearch.org\/zh\/april-1-2011-another-full-house-at-prfs-6th-annual-poker-for-progeria-tournament\/\",\"url\":\"https:\/\/www.progeriaresearch.org\/zh\/april-1-2011-another-full-house-at-prfs-6th-annual-poker-for-progeria-tournament\/\",\"name\":\"April 1, 2011: Another FULL HOUSE at PRF\u2019s 6th Annual Poker for Progeria Tournament - The Progeria Research Foundation\",\"isPartOf\":{\"@id\":\"https:\/\/www.progeriaresearch.org\/ta\/#website\"},\"primaryImageOfPage\":{\"@id\":\"https:\/\/www.progeriaresearch.org\/zh\/april-1-2011-another-full-house-at-prfs-6th-annual-poker-for-progeria-tournament\/#primaryimage\"},\"image\":{\"@id\":\"https:\/\/www.progeriaresearch.org\/zh\/april-1-2011-another-full-house-at-prfs-6th-annual-poker-for-progeria-tournament\/#primaryimage\"},\"thumbnailUrl\":\"https:\/\/web.archive.org\/web\/20151016171314im_\/https:\/\/www.progeriaresearch.org\/assets\/images\/events_images\/Sam-Brian-Poker-2011.jpg\",\"datePublished\":\"2017-06-19T20:10:57+00:00\",\"dateModified\":\"2019-04-30T13:54:24+00:00\",\"breadcrumb\":{\"@id\":\"https:\/\/www.progeriaresearch.org\/zh\/april-1-2011-another-full-house-at-prfs-6th-annual-poker-for-progeria-tournament\/#breadcrumb\"},\"inLanguage\":\"es\",\"potentialAction\":[{\"@type\":\"ReadAction\",\"target\":[\"https:\/\/www.progeriaresearch.org\/zh\/april-1-2011-another-full-house-at-prfs-6th-annual-poker-for-progeria-tournament\/\"]}]},{\"@type\":\"ImageObject\",\"inLanguage\":\"es\",\"@id\":\"https:\/\/www.progeriaresearch.org\/zh\/april-1-2011-another-full-house-at-prfs-6th-annual-poker-for-progeria-tournament\/#primaryimage\",\"url\":\"https:\/\/web.archive.org\/web\/20151016171314im_\/https:\/\/www.progeriaresearch.org\/assets\/images\/events_images\/Sam-Brian-Poker-2011.jpg\",\"contentUrl\":\"https:\/\/web.archive.org\/web\/20151016171314im_\/https:\/\/www.progeriaresearch.org\/assets\/images\/events_images\/Sam-Brian-Poker-2011.jpg\"},{\"@type\":\"BreadcrumbList\",\"@id\":\"https:\/\/www.progeriaresearch.org\/zh\/april-1-2011-another-full-house-at-prfs-6th-annual-poker-for-progeria-tournament\/#breadcrumb\",\"itemListElement\":[{\"@type\":\"ListItem\",\"position\":1,\"name\":\"Home\",\"item\":\"https:\/\/www.progeriaresearch.org\/\"},{\"@type\":\"ListItem\",\"position\":2,\"name\":\"April 1, 2011: Another FULL HOUSE at PRF\u2019s 6th Annual Poker for Progeria Tournament\"}]},{\"@type\":\"WebSite\",\"@id\":\"https:\/\/www.progeriaresearch.org\/ta\/#website\",\"url\":\"https:\/\/www.progeriaresearch.org\/ta\/\",\"name\":\"The Progeria Research Foundation\",\"description\":\"For the Children \u2665 For the Cure\",\"publisher\":{\"@id\":\"https:\/\/www.progeriaresearch.org\/ta\/#organization\"},\"potentialAction\":[{\"@type\":\"SearchAction\",\"target\":{\"@type\":\"EntryPoint\",\"urlTemplate\":\"https:\/\/www.progeriaresearch.org\/ta\/?s={search_term_string}\"},\"query-input\":{\"@type\":\"PropertyValueSpecification\",\"valueRequired\":true,\"valueName\":\"search_term_string\"}}],\"inLanguage\":\"es\"},{\"@type\":\"Organization\",\"@id\":\"https:\/\/www.progeriaresearch.org\/ta\/#organization\",\"name\":\"The Progeria Research Foundation\",\"url\":\"https:\/\/www.progeriaresearch.org\/ta\/\",\"logo\":{\"@type\":\"ImageObject\",\"inLanguage\":\"es\",\"@id\":\"https:\/\/www.progeriaresearch.org\/ta\/#\/schema\/logo\/image\/\",\"url\":\"https:\/\/www.progeriaresearch.org\/wp-content\/uploads\/2019\/05\/PRF_Logo_2019_optimized.png\",\"contentUrl\":\"https:\/\/www.progeriaresearch.org\/wp-content\/uploads\/2019\/05\/PRF_Logo_2019_optimized.png\",\"width\":300,\"height\":86,\"caption\":\"The Progeria Research Foundation\"},\"image\":{\"@id\":\"https:\/\/www.progeriaresearch.org\/ta\/#\/schema\/logo\/image\/\"},\"sameAs\":[\"https:\/\/www.facebook.com\/ProgeriaResearch\/\",\"https:\/\/x.com\/Progeria\",\"https:\/\/www.instagram.com\/progeriaresearch\/\"]}]}<\/script>\n<!-- \/ Yoast SEO plugin. -->","yoast_head_json":{"title":"April 1, 2011: Another FULL HOUSE at PRF\u2019s 6th Annual Poker for Progeria Tournament - The Progeria Research Foundation","robots":{"index":"index","follow":"follow","max-snippet":"max-snippet:-1","max-image-preview":"max-image-preview:large","max-video-preview":"max-video-preview:-1"},"canonical":"https:\/\/www.progeriaresearch.org\/es\/april-1-2011-another-full-house-at-prfs-6th-annual-poker-for-progeria-tournament\/","og_locale":"es_ES","og_type":"article","og_title":"April 1, 2011: Another FULL HOUSE at PRF\u2019s 6th Annual Poker for Progeria Tournament - The Progeria Research Foundation","og_description":"On Friday, April 1st at the Azorean Hall in Peabody, MA, players showed up in spades to participate in the much anticipated Texas Hold &#8216;Em Tournament to benefit PRF. Everyone was feeling ace high as the evening started. Silent auction items sold for top dollar as buyers went all in on their bids. As the [&hellip;]","og_url":"https:\/\/www.progeriaresearch.org\/es\/april-1-2011-another-full-house-at-prfs-6th-annual-poker-for-progeria-tournament\/","og_site_name":"The Progeria Research Foundation","article_publisher":"https:\/\/www.facebook.com\/ProgeriaResearch\/","article_modified_time":"2019-04-30T13:54:24+00:00","og_image":[{"url":"https:\/\/web.archive.org\/web\/20151016171314im_\/https:\/\/www.progeriaresearch.org\/assets\/images\/events_images\/Sam-Brian-Poker-2011.jpg","type":"","width":"","height":""}],"twitter_card":"summary_large_image","twitter_site":"@Progeria","twitter_misc":{"Est. reading time":"1 minuto"},"schema":{"@context":"https:\/\/schema.org","@graph":[{"@type":"WebPage","@id":"https:\/\/www.progeriaresearch.org\/zh\/april-1-2011-another-full-house-at-prfs-6th-annual-poker-for-progeria-tournament\/","url":"https:\/\/www.progeriaresearch.org\/zh\/april-1-2011-another-full-house-at-prfs-6th-annual-poker-for-progeria-tournament\/","name":"April 1, 2011: Another FULL HOUSE at PRF\u2019s 6th Annual Poker for Progeria Tournament - The Progeria Research Foundation","isPartOf":{"@id":"https:\/\/www.progeriaresearch.org\/ta\/#website"},"primaryImageOfPage":{"@id":"https:\/\/www.progeriaresearch.org\/zh\/april-1-2011-another-full-house-at-prfs-6th-annual-poker-for-progeria-tournament\/#primaryimage"},"image":{"@id":"https:\/\/www.progeriaresearch.org\/zh\/april-1-2011-another-full-house-at-prfs-6th-annual-poker-for-progeria-tournament\/#primaryimage"},"thumbnailUrl":"https:\/\/web.archive.org\/web\/20151016171314im_\/https:\/\/www.progeriaresearch.org\/assets\/images\/events_images\/Sam-Brian-Poker-2011.jpg","datePublished":"2017-06-19T20:10:57+00:00","dateModified":"2019-04-30T13:54:24+00:00","breadcrumb":{"@id":"https:\/\/www.progeriaresearch.org\/zh\/april-1-2011-another-full-house-at-prfs-6th-annual-poker-for-progeria-tournament\/#breadcrumb"},"inLanguage":"es","potentialAction":[{"@type":"ReadAction","target":["https:\/\/www.progeriaresearch.org\/zh\/april-1-2011-another-full-house-at-prfs-6th-annual-poker-for-progeria-tournament\/"]}]},{"@type":"ImageObject","inLanguage":"es","@id":"https:\/\/www.progeriaresearch.org\/zh\/april-1-2011-another-full-house-at-prfs-6th-annual-poker-for-progeria-tournament\/#primaryimage","url":"https:\/\/web.archive.org\/web\/20151016171314im_\/https:\/\/www.progeriaresearch.org\/assets\/images\/events_images\/Sam-Brian-Poker-2011.jpg","contentUrl":"https:\/\/web.archive.org\/web\/20151016171314im_\/https:\/\/www.progeriaresearch.org\/assets\/images\/events_images\/Sam-Brian-Poker-2011.jpg"},{"@type":"BreadcrumbList","@id":"https:\/\/www.progeriaresearch.org\/zh\/april-1-2011-another-full-house-at-prfs-6th-annual-poker-for-progeria-tournament\/#breadcrumb","itemListElement":[{"@type":"ListItem","position":1,"name":"Home","item":"https:\/\/www.progeriaresearch.org\/"},{"@type":"ListItem","position":2,"name":"April 1, 2011: Another FULL HOUSE at PRF\u2019s 6th Annual Poker for Progeria Tournament"}]},{"@type":"WebSite","@id":"https:\/\/www.progeriaresearch.org\/ta\/#website","url":"https:\/\/www.progeriaresearch.org\/ta\/","name":"La Fundaci\u00f3n para la Investigaci\u00f3n de la Progeria","description":"Por los ni\u00f1os \u2665 Por la cura","publisher":{"@id":"https:\/\/www.progeriaresearch.org\/ta\/#organization"},"potentialAction":[{"@type":"SearchAction","target":{"@type":"EntryPoint","urlTemplate":"https:\/\/www.progeriaresearch.org\/ta\/?s={search_term_string}"},"query-input":{"@type":"PropertyValueSpecification","valueRequired":true,"valueName":"search_term_string"}}],"inLanguage":"es"},{"@type":"Organization","@id":"https:\/\/www.progeriaresearch.org\/ta\/#organization","name":"La Fundaci\u00f3n para la Investigaci\u00f3n de la Progeria","url":"https:\/\/www.progeriaresearch.org\/ta\/","logo":{"@type":"ImageObject","inLanguage":"es","@id":"https:\/\/www.progeriaresearch.org\/ta\/#\/schema\/logo\/image\/","url":"https:\/\/www.progeriaresearch.org\/wp-content\/uploads\/2019\/05\/PRF_Logo_2019_optimized.png","contentUrl":"https:\/\/www.progeriaresearch.org\/wp-content\/uploads\/2019\/05\/PRF_Logo_2019_optimized.png","width":300,"height":86,"caption":"The Progeria Research Foundation"},"image":{"@id":"https:\/\/www.progeriaresearch.org\/ta\/#\/schema\/logo\/image\/"},"sameAs":["https:\/\/www.facebook.com\/ProgeriaResearch\/","https:\/\/x.com\/Progeria","https:\/\/www.instagram.com\/progeriaresearch\/"]}]}},"_links":{"self":[{"href":"https:\/\/www.progeriaresearch.org\/es\/wp-json\/wp\/v2\/pages\/2441","targetHints":{"allow":["GET"]}}],"collection":[{"href":"https:\/\/www.progeriaresearch.org\/es\/wp-json\/wp\/v2\/pages"}],"about":[{"href":"https:\/\/www.progeriaresearch.org\/es\/wp-json\/wp\/v2\/types\/page"}],"author":[{"embeddable":true,"href":"https:\/\/www.progeriaresearch.org\/es\/wp-json\/wp\/v2\/users\/1"}],"replies":[{"embeddable":true,"href":"https:\/\/www.progeriaresearch.org\/es\/wp-json\/wp\/v2\/comments?post=2441"}],"version-history":[{"count":0,"href":"https:\/\/www.progeriaresearch.org\/es\/wp-json\/wp\/v2\/pages\/2441\/revisions"}],"wp:attachment":[{"href":"https:\/\/www.progeriaresearch.org\/es\/wp-json\/wp\/v2\/media?parent=2441"}],"curies":[{"name":"gracias","href":"https:\/\/api.w.org\/{rel}","templated":true}]}}