{"id":805,"date":"2017-02-26T19:32:32","date_gmt":"2017-02-26T19:32:32","guid":{"rendered":"https:\/\/www.progeriaresearch.org\/?page_id=805"},"modified":"2026-02-05T14:31:18","modified_gmt":"2026-02-05T19:31:18","slug":"scientific-publications","status":"publish","type":"page","link":"https:\/\/www.progeriaresearch.org\/es\/scientific-publications\/","title":{"rendered":"Publicaciones cient\u00edficas"},"content":{"rendered":"<p>[et_pb_section fb_built=\u201d1\u2033 fullwidth=\u201don\u201d deshabilitado_encendido=\u201dapagado|apagado|apagado\u201d _builder_version=\u201d4.16\u2033 border_width_bottom=\u201d55px\u201d border_color_bottom=\u201d#29327a\u201d global_colors_info=\u201d{}\u201d][et_pb_fullwidth_header _builder_version=\u201d4.16\u2033 tama\u00f1o_de_fuente_t\u00edtulo=\u201d55\u2033 color_de_fondo=\u201d#29327a\u201d imagen_de_fondo=\u201dhttps:\/\/www.progeriaresearch.org\/wp-content\/uploads\/2019\/04\/Acerca-del-encabezado.jpg\u201d posici\u00f3n_de_fondo=\u201dcentro_izquierda\u201d relleno_personalizado=\u201d9vw||9vw||verdadero\u201d relleno_personalizado_tablet=\u201d\u201d padding_personalizado_tel\u00e9fono=\u201d|56px||\u201d padding_personalizado_\u00faltima_edici\u00f3n=\u201den|escritorio\u201d tama\u00f1o_fuente_t\u00edtulo_tableta=\u201d45px\u201d tama\u00f1o_fuente_t\u00edtulo_tel\u00e9fono=\u201d40px\u201d tama\u00f1o_fuente_t\u00edtulo_\u00faltima_edici\u00f3n=\u201den|tel\u00e9fono\u201d z_index_tableta=\u201d500\u2033 elemento_principal_css_personalizado=\u201dposici\u00f3n_fondo: centro 18% !importante;\u201d informaci\u00f3n_colores_global=\u201d{}\u201d]<\/p>\n<h1>Publicaciones cient\u00edficas<\/h1>\n<p>[\/et_pb_fullwidth_header][\/et_pb_section][et_pb_section fb_built=&#8221;1&#8243; use_custom_gutter=&#8221;on&#8221; gutter_width=&#8221;1&#8243; specialty=&#8221;on&#8221; padding_left_1=&#8221;35px&#8221; padding_left_2=&#8221;35px&#8221; padding_2_tablet=&#8221;|||0px&#8221; padding_2_phone=&#8221;|||0px&#8221; padding_2_last_edited=&#8221;on|desktop&#8221; module_class_1=&#8221;sidebar-secondary-nav&#8221; module_class=&#8221;handprint-bg&#8221; _builder_version=&#8221;4.16&#8243; background_image=&#8221;https:\/\/www.progeriaresearch.org\/wp-content\/uploads\/2019\/04\/blue-handprint-only.png&#8221; parallax=&#8221;on&#8221; parallax_method=&#8221;off&#8221; inner_width=&#8221;100%&#8221; inner_max_width=&#8221;100%&#8221; custom_padding=&#8221;0|0px|54px|0px|false|false&#8221; z_index_tablet=&#8221;500&#8243; border_width_top=&#8221;10px&#8221; border_color_top=&#8221;#8fd2ed&#8221; use_custom_width=&#8221;on&#8221; width_unit=&#8221;off&#8221; custom_width_percent=&#8221;100%&#8221; global_colors_info=&#8221;{}&#8221;][et_pb_column type=&#8221;1_4&#8243; _builder_version=&#8221;4.16&#8243; custom_padding=&#8221;|||&#8221; global_colors_info=&#8221;{}&#8221; custom_padding__hover=&#8221;|||&#8221;][et_pb_sidebar area=&#8221;et_pb_widget_area_34&#8243; disabled_on=&#8221;on|on|off&#8221; module_class=&#8221;subpage-sidebars&#8221; _builder_version=&#8221;4.27.4&#8243; animation_style=&#8221;fade&#8221; z_index_tablet=&#8221;500&#8243; border_width_right=&#8221;5px&#8221; global_colors_info=&#8221;{}&#8221;]<br \/>\n[\/et_pb_sidebar][\/et_pb_column][et_pb_column tipo=\u201d3_4\u2033 columnas_especialidades=\u201d3\u2033 _builder_version=\u201d4.16\u2033 relleno_personalizado=\u201d|||\u201d informaci\u00f3n_de_colores_globales=\u201d{}\u201d relleno_personalizado__hover=\u201d|||\u201d][et_pb_row_inner _builder_version=\u201d4.16\u2033 color_de_fondo=\u201d#00b2e2\u2033 margen_personalizado=\u201d41px||\u201d margen_personalizado_tablet=\u201d0px||\u201d margen_personalizado_tel\u00e9fono=\u201d\u201d margen_personalizado_\u00faltima_edici\u00f3n=\u201dactivado|tel\u00e9fono\u201d relleno_personalizado=\u201d39,4375px|20px|35px|20px|falso|verdadero\u201d estilo_animaci\u00f3n=\u201ddiapositiva\u201d direcci\u00f3n_animaci\u00f3n=\u201dsuperior\u201d intensidad_animaci\u00f3n_diapositiva=\u201d25%\u201d \u00edndice_z_tableta=\u201d500\u2033 color_borde_inferior=\u201d#8fd2ed\u201d estilo_sombra_cuadrado=\u201dpreestablecido1\u2033 desenfoque_sombra_cuadrado=\u201d38px\u201d propagaci\u00f3n_sombra_cuadrado=\u201d-12px\u201d informaci\u00f3n_colores_globales=\u201d{}\u201d][et_pb_column_inner tipo_columna_especialidad_guardada=\u201d3_4\u2033 _builder_version=\u201d4,16\u2033 relleno_personalizado=\u201d|||\u201d global_colors_info=\u201d{}\u201d custom_padding__hover=\u201d|||\u201d][et_pb_text _builder_version=\u201d4.16\u2033 text_font=\u201d||||||||\u201d header_font=\u201d||||||||\u00bb background_layout=\u201doscuro\u201d global_colors_info=\u201d{}\u201d]<\/p>\n<h2 style=\"text-align: center;\"><strong>La financiaci\u00f3n de la investigaci\u00f3n es la clave del \u00e9xito. \u00a1Cada nuevo hallazgo nos acerca a la cura!<\/strong><\/h2>\n<p>[\/et_pb_text][\/et_pb_column_inner][\/et_pb_row_inner][et_pb_row_inner custom_padding_last_edited=&#8221;on|phone&#8221; _builder_version=&#8221;4.16&#8243; custom_padding=&#8221;39.4375px|35px|35px||false|false&#8221; custom_padding_tablet=&#8221;|35px||35px||true&#8221; custom_padding_phone=&#8221;&#8221; animation_direction=&#8221;top&#8221; global_colors_info=&#8221;{}&#8221;][et_pb_column_inner saved_specialty_column_type=&#8221;3_4&#8243; _builder_version=&#8221;4.16&#8243; custom_padding=&#8221;|||&#8221; global_colors_info=&#8221;{}&#8221; custom_padding__hover=&#8221;|||&#8221;][et_pb_text _builder_version=&#8221;4.27.4&#8243; background_size=&#8221;initial&#8221; background_position=&#8221;top_left&#8221; background_repeat=&#8221;repeat&#8221; global_colors_info=&#8221;{}&#8221;]<\/p>\n<p>Uno de los principales objetivos de la PRF es promover la concienciaci\u00f3n sobre los avances que se est\u00e1n realizando en el campo de la investigaci\u00f3n de la progeria. El inter\u00e9s ha florecido desde el descubrimiento del gen, ya que cada vez m\u00e1s cient\u00edficos de alto nivel producen datos que ayudar\u00e1n a comprender mejor la progeria y desarrollar tratamientos. El n\u00famero de publicaciones sigue aumentando, muchas de las cuales reconocen el apoyo de la PRF a las subvenciones, los bancos de c\u00e9lulas o las bases de datos, y se publican en revistas cient\u00edficas reconocidas y respetadas que leen investigadores de todo el mundo.<em>\u00a0<\/em><\/p>\n<p><em>Entre 1950 y 2002, se publicaron un promedio de 14 publicaciones anuales sobre progeria, la mayor\u00eda de las cuales eran informes de casos o revisiones. Desde el descubrimiento del gen en 2003, el n\u00famero de publicaciones ha aumentado significativamente, y hoy en d\u00eda se publican m\u00e1s de 100 estudios cient\u00edficos sobre progeria cada a\u00f1o. Nos preguntamos si existe alguna otra enfermedad en la historia de la ciencia que haya generado este tipo de inter\u00e9s y progreso con tanta rapidez, y tenemos grandes esperanzas de que esto se traduzca en m\u00e1s tratamientos y curas, la misi\u00f3n de PRF, en un futuro pr\u00f3ximo.<\/em>\u00a0<\/p>\n<p>[\/et_pb_text][et_pb_text _builder_version=&#8221;4.27.4&#8243; _module_preset=&#8221;default&#8221; custom_margin=&#8221;-22px||9px|||&#8221; global_colors_info=&#8221;{}&#8221;]<\/p>\n<h6>Para ver la lista completa de publicaciones que han utilizado los programas de The Progeria Research Foundation, visite <a href=\"https:\/\/www.progeriaresearch.org\/es\/prfprp\/\" target=\"_blank\" rel=\"noopener noreferrer\">Publicaciones relacionadas con el programa PRF.<\/a><\/h6>\n<p>[\/et_pb_text][et_pb_button button_url=&#8221;https:\/\/www.progeriaresearch.org\/prp\/&#8221; url_new_window=&#8221;on&#8221; button_text=&#8221;Click Here&#8221; admin_label=&#8221;PRP&#8221; _builder_version=&#8221;4.27.4&#8243; _module_preset=&#8221;default&#8221; button_text_color=&#8221;#FFFFFF&#8221; button_bg_color=&#8221;#00B2E2&#8243; button_border_color=&#8221;#00B2E2&#8243; background_layout=&#8221;dark&#8221; global_colors_info=&#8221;{}&#8221;][\/et_pb_button][et_pb_text _builder_version=&#8221;4.27.4&#8243; _module_preset=&#8221;default&#8221; custom_margin=&#8221;-5px||14px|||&#8221; global_colors_info=&#8221;{}&#8221;]<\/p>\n<h6>Para acceder a los aspectos m\u00e1s destacados de las noticias y publicaciones fundamentales relacionadas con la investigaci\u00f3n sobre la progeria, visite \u201c<a href=\"https:\/\/www.progeriaresearch.org\/es\/whats-new-in-progeria-research\/\">\u00bfQu\u00e9 hay de nuevo en la investigaci\u00f3n sobre la progeria?<\/a>&quot;.<\/h6>\n<p>[\/et_pb_text][et_pb_button button_url=&#8221;https:\/\/www.progeriaresearch.org\/whats-new-in-progeria-research\/&#8221; url_new_window=&#8221;on&#8221; button_text=&#8221;What&#8217;s New in Progeria Research&#8221; admin_label=&#8221;Whats New&#8221; _builder_version=&#8221;4.27.4&#8243; _module_preset=&#8221;default&#8221; button_text_color=&#8221;#FFFFFF&#8221; button_bg_color=&#8221;#00B2E2&#8243; button_border_color=&#8221;#00B2E2&#8243; background_layout=&#8221;dark&#8221; global_colors_info=&#8221;{}&#8221;][\/et_pb_button][et_pb_image src=&#8221;https:\/\/www.progeriaresearch.org\/wp-content\/uploads\/2026\/02\/HGPS-yearly-publications-2-5-26-scaled.jpg&#8221; title_text=&#8221;HGPS yearly publications 2-5-26&#8243; align=&#8221;center&#8221; admin_label=&#8221;graph&#8221; _builder_version=&#8221;4.27.5&#8243; _module_preset=&#8221;default&#8221; min_height=&#8221;343px&#8221; hover_enabled=&#8221;0&#8243; global_colors_info=&#8221;{}&#8221; sticky_enabled=&#8221;0&#8243;][\/et_pb_image][\/et_pb_column_inner][\/et_pb_row_inner][\/et_pb_column][\/et_pb_section][et_pb_section fb_built=&#8221;1&#8243; module_class=&#8221;footer&#8221; _builder_version=&#8221;4.21.0&#8243; background_color=&#8221;#29327a&#8221; custom_margin=&#8221;-2px|||||&#8221; custom_padding=&#8221;0|0px|0|0px|false|false&#8221; z_index_tablet=&#8221;500&#8243; border_width_top=&#8221;12px&#8221; border_color_top=&#8221;#00b2e2&#8243; global_module=&#8221;133&#8243; locked=&#8221;off&#8221; global_colors_info=&#8221;{}&#8221;][et_pb_row column_structure=&#8221;1_4,1_4,1_2&#8243; make_equal=&#8221;on&#8221; module_class=&#8221; et_pb_row_fullwidth&#8221; _builder_version=&#8221;4.16&#8243; width=&#8221;89%&#8221; width_tablet=&#8221;80%&#8221; width_phone=&#8221;&#8221; width_last_edited=&#8221;on|desktop&#8221; max_width=&#8221;89%&#8221; max_width_tablet=&#8221;80%&#8221; max_width_phone=&#8221;&#8221; max_width_last_edited=&#8221;on|desktop&#8221; z_index_tablet=&#8221;500&#8243; make_fullwidth=&#8221;on&#8221; width_unit=&#8221;off&#8221; custom_width_percent=&#8221;100%&#8221; global_colors_info=&#8221;{}&#8221;][et_pb_column type=&#8221;1_4&#8243; _builder_version=&#8221;4.16&#8243; custom_padding=&#8221;|||&#8221; global_colors_info=&#8221;{}&#8221; custom_padding__hover=&#8221;|||&#8221;][et_pb_cta button_url=&#8221;https:\/\/lp.constantcontactpages.com\/sl\/88gWWwz&#8221; button_text=&#8221;Sign Up Now&#8221; admin_label=&#8221;Sign Up for Updates&#8221; module_class=&#8221;sign-btn&#8221; _builder_version=&#8221;4.27.4&#8243; header_font_size=&#8221;25px&#8221; background_color=&#8221;#29327a&#8221; animation_style=&#8221;slide&#8221; animation_direction=&#8221;left&#8221; animation_intensity_slide=&#8221;25%&#8221; link_option_url=&#8221;https:\/\/lp.constantcontactpages.com\/sl\/88gWWwz&#8221; header_font_size_tablet=&#8221;&#8221; header_font_size_phone=&#8221;30px&#8221; header_font_size_last_edited=&#8221;on|desktop&#8221; z_index_tablet=&#8221;500&#8243; border_radii=&#8221;on|25px|25px|25px|25px&#8221; global_colors_info=&#8221;{}&#8221; button_bg_color__hover_enabled=&#8221;on&#8221; button_bg_color__hover=&#8221;#8fd2ed&#8221; button_border_color__hover_enabled=&#8221;on&#8221;]<\/p>\n<h2>Inscribirse<\/h2>\n<h2>Para nuestro<\/h2>\n<h2>\u00a1Actualizaciones!<\/h2>\n<p>[\/et_pb_cta][\/et_pb_column][et_pb_column type=\u201d1_4\u2033 _builder_version=\u201d4.16\u2033 custom_padding=\u201d|||\u201d global_colors_info=\u201d{}\u201d custom_padding__hover=\u201d|||\u201d][et_pb_cta button_url=\u201dhttps:\/\/progeriaresearch.donorsupport.co\/-\/XZHJVWZR\u201d button_text=\u201dDonar ahora\u201d admin_label=\u201d\u00a1Juntos encontraremos la cura!\u201d module_class=\u201dsign-btn\u201d _builder_version=\u201d4.16\u2033 header_font_size=\u201d25px\u201d background_color=\u201d#29327a\u201d animation_style=\u201dslide\u201d animation_direction=\u201dleft\u201d animation_intensity_slide=\u201d25%\u201d header_font_size_tablet=\u201d\u201d header_font_size_phone=\u201d30px\u201d header_font_size_last_edited=\u201don|desktop\u201d body_font_size_tablet=\u201d\u201d body_font_size_phone=\u201d\u201d body_font_size_last_edited=\u201don|desktop\u201d z_index_tablet=\u201d500\u2033 border_radii=\u201don|25px|25px|25px|25px\u201d global_colors_info=\u201d{}\u201d button_bg_color__hover_enabled=\u201don\u201d bot\u00f3n_bg_color__hover=\u201d#8fd2ed\u201d bot\u00f3n_border_color__hover_enabled=\u201don\u201d]<\/p>\n<h2>Juntos, nosotros<\/h2>\n<h2><em>VOLUNTAD<\/em><\/h2>\n<h2>\u00a1Encuentra la cura!<\/h2>\n<p>[\/et_pb_cta][\/et_pb_column][et_pb_column tipo=\u201d1_2\u2033 _builder_version=\u201d4.16\u2033 relleno_personalizado=\u201d|||\u201d Informaci\u00f3n global de colores = &quot;{}&quot; relleno_personalizado__hover = &quot;|||&quot;][et_pb_image src = &quot;https:\/\/www.progeriaresearch.org\/wp-content\/uploads\/2025\/05\/2025-strip-for-website-footer-no-years.png&quot; t\u00edtulo = &quot;Franja 2025 para pie de p\u00e1gina web sin a\u00f1os&quot; _builder_version = &quot;4.27.4&quot; _module_preset = &quot;predeterminado&quot; margen_personalizado = &quot;35px||||falso|falso] Informaci\u00f3n global de colores = &quot;{}&quot;][\/et_pb_image][\/et_pb_column][\/et_pb_row][\/et_pb_section]<\/p>","protected":false},"excerpt":{"rendered":"<p>[et_pb_section fb_built=\u201d1\u2033 fullwidth=\u201don\u201d deshabilitado_encendido=\u201dapagado|apagado|apagado\u201d _builder_version=\u201d4.16\u2033 border_width_bottom=\u201d55px\u201d border_color_bottom=\u201d#29327a\u201d global_colors_info=\u201d{}\u201d][et_pb_fullwidth_header _builder_version=\u201d4.16\u2033 tama\u00f1o_de_fuente_t\u00edtulo=\u201d55\u2033 color_de_fondo=\u201d#29327a\u201d imagen_de_fondo=\u201dhttps:\/\/www.progeriaresearch.org\/wp-content\/uploads\/2019\/04\/Acerca-del-encabezado.jpg\u201d posici\u00f3n_de_fondo=\u201dcentro_izquierda\u201d relleno_personalizado=\u201d9vw||9vw||verdadero\u201d relleno_personalizado_tablet=\u201d\u201d padding_tel\u00e9fono personalizado=\u201d|56px||\u201d padding_\u00faltima_edici\u00f3n=\u201den|escritorio\u201d tama\u00f1o_fuente_t\u00edtulo_tableta=\u201d45px\u201d tama\u00f1o_fuente_t\u00edtulo_tel\u00e9fono=\u201d40px\u201d tama\u00f1o_fuente_\u00faltima_edici\u00f3n=\u201den|tel\u00e9fono\u201d z_index_tableta=\u201d500\u2033 elemento_principal_css_personalizado=\u201dposici\u00f3n-de-fondo: centro 18% !importante;\u201d global_colors_info=\u201d{}\u201d] Publicaciones cient\u00edficas [\/et_pb_fullwidth_header][\/et_pb_section][et_pb_section fb_built=\u201d1\u2033 use_custom_gutter=\u201don\u201d gutter_width=\u201d1\u2033 specialist=\u201don\u201d padding_left_1=\u201d35px\u201d padding_left_2=\u201d35px\u201d padding_2_tablet=\u201d|||0px\u201d padding_2_phone=\u201d|||0px\u201d padding_2_last_edited=\u201don|desktop\u201d module_class_1=\u201dsidebar-secondary-nav\u201d module_class=\u201dhandprint-bg\u201d _builder_version=\u201d4.16\u2033 background_image=\u201dhttps:\/\/www.progeriaresearch.org\/wp-content\/uploads\/2019\/04\/blue-handprint-only.png\u201d paralaje=\u201dactivado\u201d m\u00e9todo_paralaje=\u201ddesactivado\u201d ancho_interior=\u201d100%\u201d ancho_m\u00e1ximo_interior=\u201d100%\u201d relleno_personalizado=\u201d0|0px|54px|0px|falso|falso\u201d z_index_tablet=\u201d500\u2033 ancho_borde_superior=\u201d10px\u201d color_border_superior=\u201d#8fd2ed\u201d uso_ancho_personalizado=\u201dactivado\u201d unidad_ancho=\u201ddesactivado\u201d porcentaje_ancho_personalizado=\u201d100%\u201d informaci\u00f3n_colores_global=\u201d{}\u201d][et_pb_column tipo=\u201d1_4\u2033 [\u2026]<\/p>","protected":false},"author":1,"featured_media":0,"parent":0,"menu_order":0,"comment_status":"closed","ping_status":"closed","template":"","meta":{"_et_pb_use_builder":"on","_et_pb_old_content":"\t\t\t\t[vc_row][vc_column][vc_custom_heading text=\"Scientific Publications\" font_container=\"tag:h1|text_align:center\" use_theme_fonts=\"yes\"][vc_column_text]<strong>Funding research is the key to success. Every new research finding brings us closer to a cure!<\/strong>\r\n\r\nA major goal of PRF is to promote awareness about the progress being made in the field of Progeria research. Interest has flourished since the gene discovery, as more and more high-level scientists produce data that will help better understand Progeria and develop treatments. The number of publications continues to rise, many of which acknowledge PRF grant, cell bank or database support, and are published in well-known, respected scientific journals read by researchers worldwide.\r\n\r\n<img class=\"alignright\" src=\"https:\/\/www.progeriaresearch.org\/assets\/images\/medical_images\/pub-chart-through-2014.jpg\" width=\"550\" height=\"425\" \/>\r\n\r\n<em>From 1950-2002, there were 104 peer review publications on Progeria: an average of 2 per year. From 2003-2014, 549 articles were published: an average of 46 per year. Thus the average annual increase since 2003, the year the Progeria gene was discovered, is 2,234%! We wonder if there is any other disease field in the history of science that has been able to generate this kind of interest and progress so quickly, and have great hopes this will translate into treatments and cure, the mission of PRF, in the near future.<\/em>\r\n\r\nThere are now hundreds of articles on Progeria and Progeria-related subjects such as lamins. We suggest you search <a href=\"https:\/\/www.ncbi.nlm.nih.gov\/pubmed\/\" target=\"_blank\" rel=\"noopener noreferrer\">PubMed<\/a> to find the specific topic(s) you are looking for.\r\n\r\nFor the latest and most pivotal Progeria research-related publications throughout PRF\u2019s existence, please visit our <a href=\"https:\/\/www.progeriaresearch.org\/whats-new-in-progeria-research\/\" target=\"_blank\" rel=\"noopener noreferrer\">What\u2019s News in Progeria Research?<\/a> section.[\/vc_column_text][vc_column_text][\/vc_column_text][\/vc_column][\/vc_row]\t\t","_et_gb_content_width":"","footnotes":"","_links_to":"","_links_to_target":""},"class_list":["post-805","page","type-page","status-publish","hentry"],"yoast_head":"<!-- This site is optimized with the Yoast SEO plugin v26.8 - https:\/\/yoast.com\/product\/yoast-seo-wordpress\/ -->\n<title>scientific publications | The Progeria Research Foundation<\/title>\n<meta name=\"description\" content=\"A major goal of PRF is to promote awareness about the progress being made in the field of Progeria research through scientific publications.\" \/>\n<meta name=\"robots\" content=\"index, follow, max-snippet:-1, max-image-preview:large, max-video-preview:-1\" \/>\n<link rel=\"canonical\" href=\"https:\/\/www.progeriaresearch.org\/es\/scientific-publications\/\" \/>\n<meta property=\"og:locale\" content=\"es_ES\" \/>\n<meta property=\"og:type\" content=\"article\" \/>\n<meta property=\"og:title\" content=\"scientific publications | The Progeria Research Foundation\" \/>\n<meta property=\"og:description\" content=\"A major goal of PRF is to promote awareness about the progress being made in the field of Progeria research through scientific publications.\" \/>\n<meta property=\"og:url\" content=\"https:\/\/www.progeriaresearch.org\/es\/scientific-publications\/\" \/>\n<meta property=\"og:site_name\" content=\"The Progeria Research Foundation\" \/>\n<meta property=\"article:publisher\" content=\"https:\/\/www.facebook.com\/ProgeriaResearch\/\" \/>\n<meta property=\"article:modified_time\" content=\"2026-02-05T19:31:18+00:00\" \/>\n<meta name=\"twitter:card\" content=\"summary_large_image\" \/>\n<meta name=\"twitter:site\" content=\"@Progeria\" \/>\n<meta name=\"twitter:label1\" content=\"Est. reading time\" \/>\n\t<meta name=\"twitter:data1\" content=\"2 minutos\" \/>\n<script type=\"application\/ld+json\" class=\"yoast-schema-graph\">{\"@context\":\"https:\/\/schema.org\",\"@graph\":[{\"@type\":\"WebPage\",\"@id\":\"https:\/\/www.progeriaresearch.org\/zh\/scientific-publications\/\",\"url\":\"https:\/\/www.progeriaresearch.org\/zh\/scientific-publications\/\",\"name\":\"scientific publications | The Progeria Research Foundation\",\"isPartOf\":{\"@id\":\"https:\/\/www.progeriaresearch.org\/ta\/#website\"},\"datePublished\":\"2017-02-26T19:32:32+00:00\",\"dateModified\":\"2026-02-05T19:31:18+00:00\",\"description\":\"A major goal of PRF is to promote awareness about the progress being made in the field of Progeria research through scientific publications.\",\"breadcrumb\":{\"@id\":\"https:\/\/www.progeriaresearch.org\/zh\/scientific-publications\/#breadcrumb\"},\"inLanguage\":\"es\",\"potentialAction\":[{\"@type\":\"ReadAction\",\"target\":[\"https:\/\/www.progeriaresearch.org\/zh\/scientific-publications\/\"]}]},{\"@type\":\"BreadcrumbList\",\"@id\":\"https:\/\/www.progeriaresearch.org\/zh\/scientific-publications\/#breadcrumb\",\"itemListElement\":[{\"@type\":\"ListItem\",\"position\":1,\"name\":\"Home\",\"item\":\"https:\/\/www.progeriaresearch.org\/\"},{\"@type\":\"ListItem\",\"position\":2,\"name\":\"Scientific Publications\"}]},{\"@type\":\"WebSite\",\"@id\":\"https:\/\/www.progeriaresearch.org\/ta\/#website\",\"url\":\"https:\/\/www.progeriaresearch.org\/ta\/\",\"name\":\"The Progeria Research Foundation\",\"description\":\"For the Children \u2665 For the Cure\",\"publisher\":{\"@id\":\"https:\/\/www.progeriaresearch.org\/ta\/#organization\"},\"potentialAction\":[{\"@type\":\"SearchAction\",\"target\":{\"@type\":\"EntryPoint\",\"urlTemplate\":\"https:\/\/www.progeriaresearch.org\/ta\/?s={search_term_string}\"},\"query-input\":{\"@type\":\"PropertyValueSpecification\",\"valueRequired\":true,\"valueName\":\"search_term_string\"}}],\"inLanguage\":\"es\"},{\"@type\":\"Organization\",\"@id\":\"https:\/\/www.progeriaresearch.org\/ta\/#organization\",\"name\":\"The Progeria Research Foundation\",\"url\":\"https:\/\/www.progeriaresearch.org\/ta\/\",\"logo\":{\"@type\":\"ImageObject\",\"inLanguage\":\"es\",\"@id\":\"https:\/\/www.progeriaresearch.org\/ta\/#\/schema\/logo\/image\/\",\"url\":\"https:\/\/www.progeriaresearch.org\/wp-content\/uploads\/2019\/05\/PRF_Logo_2019_optimized.png\",\"contentUrl\":\"https:\/\/www.progeriaresearch.org\/wp-content\/uploads\/2019\/05\/PRF_Logo_2019_optimized.png\",\"width\":300,\"height\":86,\"caption\":\"The Progeria Research Foundation\"},\"image\":{\"@id\":\"https:\/\/www.progeriaresearch.org\/ta\/#\/schema\/logo\/image\/\"},\"sameAs\":[\"https:\/\/www.facebook.com\/ProgeriaResearch\/\",\"https:\/\/x.com\/Progeria\",\"https:\/\/www.instagram.com\/progeriaresearch\/\"]}]}<\/script>\n<!-- \/ Yoast SEO plugin. -->","yoast_head_json":{"title":"scientific publications | The Progeria Research Foundation","description":"A major goal of PRF is to promote awareness about the progress being made in the field of Progeria research through scientific publications.","robots":{"index":"index","follow":"follow","max-snippet":"max-snippet:-1","max-image-preview":"max-image-preview:large","max-video-preview":"max-video-preview:-1"},"canonical":"https:\/\/www.progeriaresearch.org\/es\/scientific-publications\/","og_locale":"es_ES","og_type":"article","og_title":"scientific publications | The Progeria Research Foundation","og_description":"A major goal of PRF is to promote awareness about the progress being made in the field of Progeria research through scientific publications.","og_url":"https:\/\/www.progeriaresearch.org\/es\/scientific-publications\/","og_site_name":"The Progeria Research Foundation","article_publisher":"https:\/\/www.facebook.com\/ProgeriaResearch\/","article_modified_time":"2026-02-05T19:31:18+00:00","twitter_card":"summary_large_image","twitter_site":"@Progeria","twitter_misc":{"Est. reading time":"2 minutos"},"schema":{"@context":"https:\/\/schema.org","@graph":[{"@type":"WebPage","@id":"https:\/\/www.progeriaresearch.org\/zh\/scientific-publications\/","url":"https:\/\/www.progeriaresearch.org\/zh\/scientific-publications\/","name":"scientific publications | The Progeria Research Foundation","isPartOf":{"@id":"https:\/\/www.progeriaresearch.org\/ta\/#website"},"datePublished":"2017-02-26T19:32:32+00:00","dateModified":"2026-02-05T19:31:18+00:00","description":"A major goal of PRF is to promote awareness about the progress being made in the field of Progeria research through scientific publications.","breadcrumb":{"@id":"https:\/\/www.progeriaresearch.org\/zh\/scientific-publications\/#breadcrumb"},"inLanguage":"es","potentialAction":[{"@type":"ReadAction","target":["https:\/\/www.progeriaresearch.org\/zh\/scientific-publications\/"]}]},{"@type":"BreadcrumbList","@id":"https:\/\/www.progeriaresearch.org\/zh\/scientific-publications\/#breadcrumb","itemListElement":[{"@type":"ListItem","position":1,"name":"Home","item":"https:\/\/www.progeriaresearch.org\/"},{"@type":"ListItem","position":2,"name":"Scientific Publications"}]},{"@type":"WebSite","@id":"https:\/\/www.progeriaresearch.org\/ta\/#website","url":"https:\/\/www.progeriaresearch.org\/ta\/","name":"La Fundaci\u00f3n para la Investigaci\u00f3n de la Progeria","description":"Por los ni\u00f1os \u2665 Por la cura","publisher":{"@id":"https:\/\/www.progeriaresearch.org\/ta\/#organization"},"potentialAction":[{"@type":"SearchAction","target":{"@type":"EntryPoint","urlTemplate":"https:\/\/www.progeriaresearch.org\/ta\/?s={search_term_string}"},"query-input":{"@type":"PropertyValueSpecification","valueRequired":true,"valueName":"search_term_string"}}],"inLanguage":"es"},{"@type":"Organization","@id":"https:\/\/www.progeriaresearch.org\/ta\/#organization","name":"La Fundaci\u00f3n para la Investigaci\u00f3n de la Progeria","url":"https:\/\/www.progeriaresearch.org\/ta\/","logo":{"@type":"ImageObject","inLanguage":"es","@id":"https:\/\/www.progeriaresearch.org\/ta\/#\/schema\/logo\/image\/","url":"https:\/\/www.progeriaresearch.org\/wp-content\/uploads\/2019\/05\/PRF_Logo_2019_optimized.png","contentUrl":"https:\/\/www.progeriaresearch.org\/wp-content\/uploads\/2019\/05\/PRF_Logo_2019_optimized.png","width":300,"height":86,"caption":"The Progeria Research Foundation"},"image":{"@id":"https:\/\/www.progeriaresearch.org\/ta\/#\/schema\/logo\/image\/"},"sameAs":["https:\/\/www.facebook.com\/ProgeriaResearch\/","https:\/\/x.com\/Progeria","https:\/\/www.instagram.com\/progeriaresearch\/"]}]}},"_links":{"self":[{"href":"https:\/\/www.progeriaresearch.org\/es\/wp-json\/wp\/v2\/pages\/805","targetHints":{"allow":["GET"]}}],"collection":[{"href":"https:\/\/www.progeriaresearch.org\/es\/wp-json\/wp\/v2\/pages"}],"about":[{"href":"https:\/\/www.progeriaresearch.org\/es\/wp-json\/wp\/v2\/types\/page"}],"author":[{"embeddable":true,"href":"https:\/\/www.progeriaresearch.org\/es\/wp-json\/wp\/v2\/users\/1"}],"replies":[{"embeddable":true,"href":"https:\/\/www.progeriaresearch.org\/es\/wp-json\/wp\/v2\/comments?post=805"}],"version-history":[{"count":0,"href":"https:\/\/www.progeriaresearch.org\/es\/wp-json\/wp\/v2\/pages\/805\/revisions"}],"wp:attachment":[{"href":"https:\/\/www.progeriaresearch.org\/es\/wp-json\/wp\/v2\/media?parent=805"}],"curies":[{"name":"gracias","href":"https:\/\/api.w.org\/{rel}","templated":true}]}}