{"id":17383,"date":"2023-08-23T14:51:49","date_gmt":"2023-08-23T18:51:49","guid":{"rendered":"https:\/\/www.progeriaresearch.org\/?page_id=17383"},"modified":"2025-11-25T18:53:47","modified_gmt":"2025-11-25T23:53:47","slug":"contact-us","status":"publish","type":"page","link":"https:\/\/www.progeriaresearch.org\/fr\/contact-us\/","title":{"rendered":"Contactez-nous"},"content":{"rendered":"<p>[et_pb_section fb_built=\u201d1\u2033 fullwidth=\u201don\u201d disabled_on=\u201doff|off|off\u201d _builder_version=\u201d4.16\u2033 border_width_bottom=\u201d55px\u201d border_color_bottom=\u201d#29327a\u201d locked=\u201doff\u201d global_colors_info=\u201d{}\u201d][et_pb_fullwidth_header _builder_version=\u201d4.22.1\u2033 title_font=\u201d|700||||||||\u201d title_font_size=\u201d74px\u201d background_color=\u201d#29327a\u201d background_image=\u201dhttps:\/\/www.progeriaresearch.org\/wp-content\/uploads\/2023\/06\/header-Mio-Map-1-Dec-2017.jpg\u201d background_position=\u201dcenter_right\u201d min_height=\u201d363px\u201d custom_margin=\u201d||-14px|||\u201d custom_padding=\u201d0vw||3vw||false|false\u201d custom_padding_tablet=\u201d\u201d custom_padding_phone=\u201d|56px||\u201d custom_padding_last_edited=\u201dsur|bureau\u201d title_font_size_tablet=\u201d45px\u201d title_font_size_phone=\u201d40px\u201d title_font_size_last_edited=\u201dsur|t\u00e9l\u00e9phone\u201d z_index_tablet=\u201d500\u2033 custom_css_main_element=\u201dbackground-position: right !important;\u201d title_text_shadow_style=\u201dpreset5\u2033 title_text_shadow_color=\u201d#00B2E2\u2033 global_colors_info=\u201d{}\u201d]<\/p>\n<h1><\/h1>\n<h1><\/h1>\n<h1><\/h1>\n<h1><b><\/b><\/h1>\n<h1><b><\/b><\/h1>\n<h1><b><\/b><\/h1>\n<h1><b><\/b><\/h1>\n<h1><b><\/b><\/h1>\n<h1><b>Contactez-nous<\/b><\/h1>\n<p>[\/et_pb_fullwidth_header][\/et_pb_section][et_pb_section fb_built=\u201d1\u2033 use_custom_gutter=\u201don\u201d gutter_width=\u201d1\u2033 specialty=\u201don\u201d padding_left_1=\u201d35px\u201d padding_left_2=\u201d35px\u201d padding_2_tablet=\u201d|||0px\u201d padding_2_phone=\u201d\u201d padding_2_last_edited=\u201don|desktop\u201d module_class=\u201dempreinte-de-main-orange-bg\u201d _builder_version=\u201d4.16\u2033 background_image=\u201dhttps:\/\/www.progeriaresearch.org\/wp-content\/uploads\/2019\/04\/empreinte-de-main-orange.png\u201d parallax=\u201don\u201d parallax_method=\u201doff\u201d inner_width=\u201d100%\u201d inner_max_width=\u201d100%\u201d custom_padding=\u201d0|0px|54px|0px|false|false\u201d z_index_tablet=\u201d500\u2033 border_width_top=\u201d10px\u201d border_color_top=\u201d#8fd2ed\u201d use_custom_width=\u201don\u201d width_unit=\u201doff\u201d custom_width_percent=\u201d100%\u201d global_colors_info=\u201d{}\u201d][et_pb_column type=\u201d1_4\u2033 _builder_version=\u201d4.16\u2033 custom_padding=\u201d|||\u201d global_colors_info=\u201d{}\u201d custom_padding__hover=\u201d|||\u201d][et_pb_sidebar area=\u201det_pb_widget_area_9\u2033 disabled_on=\u201don|on|on\u201d module_class=\u201dsubpage-sidebars\u201d _builder_version=\u201d4.16\u2033 animation_style=\u201dfade\u201d z_index_tablet=\u201d500\u2033 border_width_right=\u201d5px\u201d disabled=\u201don\u201d locked=\u201doff\u201d global_colors_info=\u201d{}\u201d][\/et_pb_sidebar][et_pb_blurb title=\u201dLa Fondation de recherche sur la prog\u00e9ria\u201d admin_label=\u201dR\u00e9sum\u00e9\u201d _builder_version=\u201d4.16\u2033 header_level=\u201dh3\u2033 header_font=\u201d||||||||\u201d custom_margin=\u201d10px||15px\u201d custom_padding=\u201d5px||\u201d global_colors_info=\u201d{}\u201d][\/et_pb_blurb][et_pb_blurb title=\u201dE-mail\u201d use_icon=\u201don\u201d font_icon=\u201d\ue076||divi||400\u2033 icon_color=\u201d#00b2e2\u2033 icon_placement=\u201dleft\u201d image_icon_width=\u201d24px\u201d admin_label=\u201de-mail\u201d _builder_version=\u201d4.16\u2033 body_text_color=\u201d#00b2e2\u2033 custom_margin=\u201d10px||15px\u201d icon_font_size=\u201d24px\u201d global_colors_info=\u201d{}\u201d]<\/p>\n<p><a class=\"a\" href=\"mailto:info@progeriaresearch.org\">info@progeriaresearch.org<\/a><\/p>\n<p>[\/et_pb_blurb][et_pb_blurb title=\u201dNum\u00e9ro de t\u00e9l\u00e9phone\u201d use_icon=\u201don\u201d font_icon=\u201d\ue090||divi||400\u2033 icon_color=\u201d#00b2e2\u2033 icon_placement=\u201dleft\u201d image_icon_width=\u201d24px\u201d admin_label=\u201dt\u00e9l\u00e9phone\u201d _builder_version=\u201d4.16\u2033 header_font=\u201d||||||||\u201d body_font=\u201d||||||||\u201d body_text_color=\u201d#00b2e2\u2033 custom_margin=\u201d10px||15px\u201d icon_font_size=\u201d24px\u201d global_colors_info=\u201d{}\u201d]<\/p>\n<p>(978) 535-2594<\/p>\n<p>[\/et_pb_blurb][et_pb_blurb title=\u201dFax\u201d use_icon=\u201don\u201d font_icon=\u201d\ue0fa||divi||400\u2033 icon_color=\u201d#00b2e2\u2033 icon_placement=\u201dleft\u201d image_icon_width=\u201d24px\u201d admin_label=\u201dfax\u201d _builder_version=\u201d4.16\u2033 header_font=\u201d||||||||\u201d body_font=\u201d||||||||\u201d body_text_color=\u201d#00b2e2\u2033 custom_margin=\u201d10px||15px\u201d icon_font_size=\u201d24px\u201d global_colors_info=\u201d{}\u201d]<\/p>\n<p>(978) 535-5849<\/p>\n<p>[\/et_pb_blurb][et_pb_blurb title=\u201dAdresse\u201d use_icon=\u201don\u201d font_icon=\u201d\ue081||divi||400\u2033 icon_color=\u201d#00b2e2\u2033 icon_placement=\u201dleft\u201d image_icon_width=\u201d24px\u201d admin_label=\u201dadresse\u201d _builder_version=\u201d4.16\u2033 header_font=\u201d||||||||\u201d body_font=\u201d||||||||\u201d body_text_color=\u201d#00b2e2\u2033 custom_margin=\u201d10px||15px\u201d icon_font_size=\u201d24px\u201d global_colors_info=\u201d{}\u201d]<\/p>\n<p>Case postale 3453<br \/>Peabody, Massachusetts 01961-3453<\/p>\n<p>[\/et_pb_blurb][et_pb_blurb title=\u201dPour les livraisons Fed Ex ou autres :\u201d use_icon=\u201don\u201d font_icon=\u201d\ue088||divi||400\u2033 icon_color=\u201d#00b2e2\u2033 icon_placement=\u201dleft\u201d image_icon_width=\u201d24px\u201d admin_label=\u201dfedex\u201d _builder_version=\u201d4.16\u2033 header_font=\u201d||||||||\u201d body_font=\u201d||||||||\u201d body_text_color=\u201d#00b2e2\u2033 custom_margin=\u201d10px||15px\u201d icon_font_size=\u201d24px\u201d global_colors_info=\u201d{}\u201d]<\/p>\n<p>200, rue Lake, unit\u00e9 102<br \/>Peabody, MA 01960<\/p>\n<p>[et_pb_blurb][et_pb_blurb title=&quot;Demandes m\u00e9dias&quot; use_icon=&quot;on&quot; font_icon=&quot;l||divi||400&quot; icon_color=&quot;#00b2e2&quot; icon_placement=&quot;left&quot; image_icon_width=&quot;24px&quot; admin_label=&quot;media&quot; _builder_version=&quot;4.27.4&quot; header_font=&quot;||||||||&quot; body_font=&quot;||||||||&quot; body_text_color=&quot;#00b2e2&quot; custom_margin=&quot;10px||15px&quot; hover_enabled=&quot;0&quot; icon_font_size=&quot;24px&quot; global_colors_info=&quot;{}&quot; sticky_enabled=&quot;0&quot;]<\/p>\n<p><span style=\"font-weight: 400;\">Tracy Lessor, directrice de la communication<\/span><br \/><a href=\"mailto:Tlessor@progeriaresearch.org\">Tlessor@progeriaresearch.org<\/a><br \/><a href=\"tel:9785352594\">978-535-2594<\/a><\/p>\n<p>[\/et_pb_blurb][\/et_pb_column][et_pb_column type=\u201d3_4\u2033 specialty_columns=\u201d3\u2033 _builder_version=\u201d4.16\u2033 custom_padding=\u201d|||\u201d global_colors_info=\u201d{}\u201d custom_padding__hover=\u201d|||\u201d][et_pb_row_inner custom_padding_last_edited=\u201don|desktop\u201d padding_left_right_link_1=\u201dtrue\u201d padding_left_right_link_2=\u201dtrue\u201d _builder_version=\u201d4.16\u2033 custom_margin=\u201d35px||\u201d custom_padding=&quot;0|0px|0|0px|false|false&quot; custom_padding_tablet=&quot;0px|35px|0px|35px&quot; custom_padding_phone=&quot;0px||0px&quot; animation_direction=&quot;right&quot; z_index_tablet=&quot;500&quot; global_colors_info=&quot;{}&quot;][et_pb_column_inner saved_specialty_column_type=&quot;3_4&quot; _builder_version=&quot;4.16&quot; custom_padding=&quot;|20px||&quot; custom_padding_tablet=\u201d|0px||0px\u201d custom_padding_phone=\u201d||30px\u201d custom_padding_last_edited=\u201don|desktop\u201d global_colors_info=\u201d{}\u201d custom_padding__hover=\u201d|||\u201d][et_pb_button button_url=\u201dhttps:\/\/www.progeriaresearch.org\/contact-us-general\/\u201d button_text=\u201dContactez-nous pour toute question d&#039;ordre g\u00e9n\u00e9ral\u201d admin_label=\u201drenseignements g\u00e9n\u00e9raux\u201d _builder_version=\u201d4.21.0\u2033 _module_preset=\u201ddefault\u201d button_text_color=\u201d#FFFFFF\u201d button_bg_color=\u201d#FA9405\u2033 button_border_color=\u201d#FA9405\u2033 button_font=\u201d|700|||||||\u201d custom_margin=\u201d50px||50px||false|false\u201d global_colors_info=\u201d{}\u201d][\/et_pb_button][et_pb_button button_url=\u201dhttps:\/\/www.progeriaresearch.org\/assistance-request-2\/\u201d button_text=\u201dDemander de l&#039;aide pour une personne atteinte de prog\u00e9ria\u201d admin_label=\u201dDemander de l&#039;aide pour une personne atteinte de prog\u00e9ria\u201d _builder_version=\u201d4.22.1\u2033 _module_preset=\u201ddefault\u201d button_text_color=\u201d#FFFFFF\u201d button_bg_color=\u201d#FA9405\u2033 button_border_color=\u201d#FA9405\u2033 button_font=\u201d|700|||||||\u201d global_colors_info=&quot;{}&quot;][\/et_pb_button][\/et_pb_column_inner][\/et_pb_row_inner][\/et_pb_column][\/et_pb_section][et_pb_section fb_built=&quot;1&quot; module_class=&quot;footer&quot; _builder_version=&quot;4.21.0&quot; background_color=&quot;#29327a&quot; custom_margin=&quot;-2px|||||&quot; custom_padding=\u201d0|0px|0|0px|false|false\u201d z_index_tablet=\u201d500\u2033 border_width_top=\u201d12px\u201d border_color_top=\u201d#00b2e2\u2033 global_module=\u201d133\u2033 locked=\u201doff\u201d global_colors_info=\u201d{}\u201d][et_pb_row column_structure=\u201d1_4,1_4,1_2\u2033 make_equal=\u201don\u201d module_class=\u201d et_pb_row_fullwidth\u201d _builder_version=\u201d4.16\u2033 width=\u201d89%\u201d width_tablet=\u201d80%\u201d width_phone=\u201d\u201d width_last_edited=\u201don|desktop\u201d max_width=\u201d89%\u201d max_width_tablet=\u201d80%\u201d max_width_phone=&quot;&quot; max_width_last_edited=&quot;on|desktop&quot; z_index_tablet=&quot;500&quot; make_fullwidth=&quot;on&quot; width_unit=&quot;off&quot; custom_width_percent=&quot;100%&quot; global_colors_info=&quot;{}&quot;][et_pb_column type=&quot;1_4&quot; _builder_version=&quot;4.16&quot; custom_padding=&quot;|||&quot; global_colors_info=\u201d{}\u201d custom_padding__hover=\u201d|||\u201d][et_pb_cta button_url=\u201dhttps:\/\/lp.constantcontactpages.com\/sl\/88gWWwz\u201d button_text=\u201dInscrivez-vous maintenant\u201d admin_label=\u201dS&#039;inscrire aux mises \u00e0 jour\u201d module_class=\u201dsign-btn\u201d _builder_version=\u201d4.27.4\u2033 header_font_size=\u201d25px\u201d background_color=\u201d#29327a\u201d animation_style=\u201dslide\u201d animation_direction=\u201dleft\u201d animation_intensity_slide=\u201d25%\u201d link_option_url=\u201dhttps:\/\/lp.constantcontactpages.com\/sl\/88gWWwz\u201d header_font_size_tablet=\u201d\u201d header_font_size_phone=\u201d30px\u201d taille_police_en-t\u00eate_derni\u00e8re_modification=\u201don|desktop\u201d z_index_tablet=\u201d500\u2033 rayon_bordure=\u201don|25px|25px|25px|25px\u201d info_couleurs_globales=\u201d{}\u201d couleur_fond_bouton__survol_activ\u00e9e=\u201don\u201d couleur_fond_bouton__survol=\u201d#8fd2ed\u201d couleur_bordure_bouton__survol_activ\u00e9e=\u201don\u201d]<\/p>\n<h2>S&#039;inscrire<\/h2>\n<h2>pour notre<\/h2>\n<h2>Mises \u00e0 jour\u00a0!<\/h2>\n<p>[\/et_pb_cta][\/et_pb_column][et_pb_column type=\u201d1_4\u2033 _builder_version=\u201d4.16\u2033 custom_padding=\u201d|||\u201d global_colors_info=\u201d{}\u201d custom_padding__hover=\u201d|||\u201d][et_pb_cta button_url=\u201dhttps:\/\/progeriaresearch.donorsupport.co\/-\/XZHJVWZR\u201d button_text=\u201dFaites un don maintenant\u201d admin_label=\u201dEnsemble, nous trouverons le rem\u00e8de !\u201d module_class=\u201dsign-btn\u201d _builder_version=\u201d4.16\u2033 header_font_size=\u201d25px\u201d background_color=\u201d#29327a\u201d animation_style=\u201dslide\u201d animation_direction=\u201dleft\u201d animation_intensity_slide=\u201d25%\u201d header_font_size_tablet=\u201d\u201d header_font_size_phone=\u201d30px\u201d header_font_size_last_edited=\u201don|desktop\u201d body_font_size_tablet=\u201d\u201d body_font_size_phone=\u201d\u201d body_font_size_last_edited=\u201don|desktop\u201d z_index_tablet=\u201d500\u2033 border_radii=\u201don|25px|25px|25px|25px\u201d global_colors_info=\u201d{}\u201d button_bg_color__hover_enabled=\u201don\u201d bouton_bg_color__hover=\u201d#8fd2ed\u201d bouton_border_color__hover_enabled=\u201don\u201d]<\/p>\n<h2>Ensemble, nous<\/h2>\n<h2><em>VOLONT\u00c9<\/em><\/h2>\n<h2>trouve le rem\u00e8de !<\/h2>\n<p>[\/et_pb_cta][\/et_pb_column][et_pb_column type=\u201d1_2\u2033 _builder_version=\u201d4.16\u2033 custom_padding=\u201d|||\u201d global_colors_info=\u201d{}\u201d custom_padding__hover=\u201d|||\u201d][et_pb_image src=\u201dhttps:\/\/www.progeriaresearch.org\/wp-content\/uploads\/2025\/05\/2025-strip-for-website-footer-no-years.png\u201d title_text=\u201dBande 2025 pour pied de page de site web sans ann\u00e9es\u201d _builder_version=\u201d4.27.4\u2033 _module_preset=\u201ddefault\u201d custom_margin=\u201d35px||||false|false\u201d global_colors_info=\u201d{}\u201d][\/et_pb_image][\/et_pb_column][\/et_pb_row][\/et_pb_section]<\/p>","protected":false},"excerpt":{"rendered":"<p>Contact Usinfo@progeriaresearch.org(978) 535-2594(978) 535-5849P.O. Box 3453Peabody, MA 01961-3453200 Lake Street, Unit 102Peabody, MA 01960Tracy Lessor, Director of CommunicationsTlessor@progeriaresearch.org978-535-2594Sign Up for Our Updates!Together, we WILL find the cure!<\/p>","protected":false},"author":2,"featured_media":0,"parent":0,"menu_order":0,"comment_status":"closed","ping_status":"closed","template":"","meta":{"_et_pb_use_builder":"on","_et_pb_old_content":"","_et_gb_content_width":"","footnotes":"","_links_to":"","_links_to_target":""},"class_list":["post-17383","page","type-page","status-publish","hentry"],"yoast_head":"<!-- This site is optimized with the Yoast SEO plugin v26.8 - https:\/\/yoast.com\/product\/yoast-seo-wordpress\/ -->\n<title>Contact us | The Progeria Research Foundation<\/title>\n<meta name=\"robots\" content=\"index, follow, max-snippet:-1, max-image-preview:large, max-video-preview:-1\" \/>\n<link rel=\"canonical\" href=\"https:\/\/www.progeriaresearch.org\/fr\/contact-us\/\" \/>\n<meta property=\"og:locale\" content=\"fr_FR\" \/>\n<meta property=\"og:type\" content=\"article\" \/>\n<meta property=\"og:title\" content=\"Contact us | The Progeria Research Foundation\" \/>\n<meta property=\"og:description\" content=\"Contact Usinfo@progeriaresearch.org(978) 535-2594(978) 535-5849P.O. Box 3453Peabody, MA 01961-3453200 Lake Street, Unit 102Peabody, MA 01960Tracy Lessor, Director of CommunicationsTlessor@progeriaresearch.org978-535-2594Sign Up for Our Updates!Together, we WILL find the cure!\" \/>\n<meta property=\"og:url\" content=\"https:\/\/www.progeriaresearch.org\/fr\/contact-us\/\" \/>\n<meta property=\"og:site_name\" content=\"The Progeria Research Foundation\" \/>\n<meta property=\"article:publisher\" content=\"https:\/\/www.facebook.com\/ProgeriaResearch\/\" \/>\n<meta property=\"article:modified_time\" content=\"2025-11-25T23:53:47+00:00\" \/>\n<meta name=\"twitter:card\" content=\"summary_large_image\" \/>\n<meta name=\"twitter:site\" content=\"@Progeria\" \/>\n<meta name=\"twitter:label1\" content=\"Est. reading time\" \/>\n\t<meta name=\"twitter:data1\" content=\"2 minutes\" \/>\n<script type=\"application\/ld+json\" class=\"yoast-schema-graph\">{\"@context\":\"https:\/\/schema.org\",\"@graph\":[{\"@type\":\"WebPage\",\"@id\":\"https:\/\/www.progeriaresearch.org\/hi\/contact-us\/\",\"url\":\"https:\/\/www.progeriaresearch.org\/hi\/contact-us\/\",\"name\":\"Contact us | The Progeria Research Foundation\",\"isPartOf\":{\"@id\":\"https:\/\/www.progeriaresearch.org\/ta\/#website\"},\"datePublished\":\"2023-08-23T18:51:49+00:00\",\"dateModified\":\"2025-11-25T23:53:47+00:00\",\"breadcrumb\":{\"@id\":\"https:\/\/www.progeriaresearch.org\/hi\/contact-us\/#breadcrumb\"},\"inLanguage\":\"fr-FR\",\"potentialAction\":[{\"@type\":\"ReadAction\",\"target\":[\"https:\/\/www.progeriaresearch.org\/hi\/contact-us\/\"]}]},{\"@type\":\"BreadcrumbList\",\"@id\":\"https:\/\/www.progeriaresearch.org\/hi\/contact-us\/#breadcrumb\",\"itemListElement\":[{\"@type\":\"ListItem\",\"position\":1,\"name\":\"Home\",\"item\":\"https:\/\/www.progeriaresearch.org\/\"},{\"@type\":\"ListItem\",\"position\":2,\"name\":\"Contact Us\"}]},{\"@type\":\"WebSite\",\"@id\":\"https:\/\/www.progeriaresearch.org\/ta\/#website\",\"url\":\"https:\/\/www.progeriaresearch.org\/ta\/\",\"name\":\"The Progeria Research Foundation\",\"description\":\"For the Children \u2665 For the Cure\",\"publisher\":{\"@id\":\"https:\/\/www.progeriaresearch.org\/ta\/#organization\"},\"potentialAction\":[{\"@type\":\"SearchAction\",\"target\":{\"@type\":\"EntryPoint\",\"urlTemplate\":\"https:\/\/www.progeriaresearch.org\/ta\/?s={search_term_string}\"},\"query-input\":{\"@type\":\"PropertyValueSpecification\",\"valueRequired\":true,\"valueName\":\"search_term_string\"}}],\"inLanguage\":\"fr-FR\"},{\"@type\":\"Organization\",\"@id\":\"https:\/\/www.progeriaresearch.org\/ta\/#organization\",\"name\":\"The Progeria Research Foundation\",\"url\":\"https:\/\/www.progeriaresearch.org\/ta\/\",\"logo\":{\"@type\":\"ImageObject\",\"inLanguage\":\"fr-FR\",\"@id\":\"https:\/\/www.progeriaresearch.org\/ta\/#\/schema\/logo\/image\/\",\"url\":\"https:\/\/www.progeriaresearch.org\/wp-content\/uploads\/2019\/05\/PRF_Logo_2019_optimized.png\",\"contentUrl\":\"https:\/\/www.progeriaresearch.org\/wp-content\/uploads\/2019\/05\/PRF_Logo_2019_optimized.png\",\"width\":300,\"height\":86,\"caption\":\"The Progeria Research Foundation\"},\"image\":{\"@id\":\"https:\/\/www.progeriaresearch.org\/ta\/#\/schema\/logo\/image\/\"},\"sameAs\":[\"https:\/\/www.facebook.com\/ProgeriaResearch\/\",\"https:\/\/x.com\/Progeria\",\"https:\/\/www.instagram.com\/progeriaresearch\/\"]}]}<\/script>\n<!-- \/ Yoast SEO plugin. -->","yoast_head_json":{"title":"Contact us | The Progeria Research Foundation","robots":{"index":"index","follow":"follow","max-snippet":"max-snippet:-1","max-image-preview":"max-image-preview:large","max-video-preview":"max-video-preview:-1"},"canonical":"https:\/\/www.progeriaresearch.org\/fr\/contact-us\/","og_locale":"fr_FR","og_type":"article","og_title":"Contact us | The Progeria Research Foundation","og_description":"Contact Usinfo@progeriaresearch.org(978) 535-2594(978) 535-5849P.O. Box 3453Peabody, MA 01961-3453200 Lake Street, Unit 102Peabody, MA 01960Tracy Lessor, Director of CommunicationsTlessor@progeriaresearch.org978-535-2594Sign Up for Our Updates!Together, we WILL find the cure!","og_url":"https:\/\/www.progeriaresearch.org\/fr\/contact-us\/","og_site_name":"The Progeria Research Foundation","article_publisher":"https:\/\/www.facebook.com\/ProgeriaResearch\/","article_modified_time":"2025-11-25T23:53:47+00:00","twitter_card":"summary_large_image","twitter_site":"@Progeria","twitter_misc":{"Est. reading time":"2 minutes"},"schema":{"@context":"https:\/\/schema.org","@graph":[{"@type":"WebPage","@id":"https:\/\/www.progeriaresearch.org\/hi\/contact-us\/","url":"https:\/\/www.progeriaresearch.org\/hi\/contact-us\/","name":"Contact us | The Progeria Research Foundation","isPartOf":{"@id":"https:\/\/www.progeriaresearch.org\/ta\/#website"},"datePublished":"2023-08-23T18:51:49+00:00","dateModified":"2025-11-25T23:53:47+00:00","breadcrumb":{"@id":"https:\/\/www.progeriaresearch.org\/hi\/contact-us\/#breadcrumb"},"inLanguage":"fr-FR","potentialAction":[{"@type":"ReadAction","target":["https:\/\/www.progeriaresearch.org\/hi\/contact-us\/"]}]},{"@type":"BreadcrumbList","@id":"https:\/\/www.progeriaresearch.org\/hi\/contact-us\/#breadcrumb","itemListElement":[{"@type":"ListItem","position":1,"name":"Home","item":"https:\/\/www.progeriaresearch.org\/"},{"@type":"ListItem","position":2,"name":"Contact Us"}]},{"@type":"WebSite","@id":"https:\/\/www.progeriaresearch.org\/ta\/#website","url":"https:\/\/www.progeriaresearch.org\/ta\/","name":"La Fondation de recherche sur la prog\u00e9ria","description":"Pour les enfants \u2665 Pour la gu\u00e9rison","publisher":{"@id":"https:\/\/www.progeriaresearch.org\/ta\/#organization"},"potentialAction":[{"@type":"SearchAction","target":{"@type":"EntryPoint","urlTemplate":"https:\/\/www.progeriaresearch.org\/ta\/?s={search_term_string}"},"query-input":{"@type":"PropertyValueSpecification","valueRequired":true,"valueName":"search_term_string"}}],"inLanguage":"fr-FR"},{"@type":"Organization","@id":"https:\/\/www.progeriaresearch.org\/ta\/#organization","name":"La Fondation de recherche sur la prog\u00e9ria","url":"https:\/\/www.progeriaresearch.org\/ta\/","logo":{"@type":"ImageObject","inLanguage":"fr-FR","@id":"https:\/\/www.progeriaresearch.org\/ta\/#\/schema\/logo\/image\/","url":"https:\/\/www.progeriaresearch.org\/wp-content\/uploads\/2019\/05\/PRF_Logo_2019_optimized.png","contentUrl":"https:\/\/www.progeriaresearch.org\/wp-content\/uploads\/2019\/05\/PRF_Logo_2019_optimized.png","width":300,"height":86,"caption":"The Progeria Research Foundation"},"image":{"@id":"https:\/\/www.progeriaresearch.org\/ta\/#\/schema\/logo\/image\/"},"sameAs":["https:\/\/www.facebook.com\/ProgeriaResearch\/","https:\/\/x.com\/Progeria","https:\/\/www.instagram.com\/progeriaresearch\/"]}]}},"_links":{"self":[{"href":"https:\/\/www.progeriaresearch.org\/fr\/wp-json\/wp\/v2\/pages\/17383","targetHints":{"allow":["GET"]}}],"collection":[{"href":"https:\/\/www.progeriaresearch.org\/fr\/wp-json\/wp\/v2\/pages"}],"about":[{"href":"https:\/\/www.progeriaresearch.org\/fr\/wp-json\/wp\/v2\/types\/page"}],"author":[{"embeddable":true,"href":"https:\/\/www.progeriaresearch.org\/fr\/wp-json\/wp\/v2\/users\/2"}],"replies":[{"embeddable":true,"href":"https:\/\/www.progeriaresearch.org\/fr\/wp-json\/wp\/v2\/comments?post=17383"}],"version-history":[{"count":0,"href":"https:\/\/www.progeriaresearch.org\/fr\/wp-json\/wp\/v2\/pages\/17383\/revisions"}],"wp:attachment":[{"href":"https:\/\/www.progeriaresearch.org\/fr\/wp-json\/wp\/v2\/media?parent=17383"}],"curies":[{"name":"wp","href":"https:\/\/api.w.org\/{rel}","templated":true}]}}