{"id":1798,"date":"2017-05-02T23:32:43","date_gmt":"2017-05-02T23:32:43","guid":{"rendered":"https:\/\/www.progeriaresearch.org\/?page_id=1798"},"modified":"2023-09-21T11:48:04","modified_gmt":"2023-09-21T15:48:04","slug":"buy-share-the-dvd","status":"publish","type":"page","link":"https:\/\/www.progeriaresearch.org\/fr\/buy-share-the-dvd\/","title":{"rendered":"Achetez et partagez le DVD"},"content":{"rendered":"<p>[et_pb_section fb_built=\u201d1\u2033 fullwidth=\u201don\u201d disabled_on=\u201doff|off|off\u201d _builder_version=\u201d4.16\u2033 custom_padding=\u201d0px|0px|0px|0|false|false\u201d border_width_bottom=\u201d55px\u201d border_color_bottom=\u201d#29327a\u201d locked=\u201doff\u201d global_colors_info=\u201d{}\u201d][et_pb_fullwidth_header background_overlay_color=\u201drgba(0,0,0,0)\u201d _builder_version=\u201d4.19.4\u2033 title_font=\u201d||||||||\u201d title_font_size=\u201d55\u2033 background_color=\u201d#29327a\u201d background_image=\u201dhttps:\/\/www.progeriaresearch.org\/wp-content\/uploads\/2019\/04\/bubbles-header.jpg\u201d background_position=\u201dbottom_right\u201d custom_padding=\u201d9vw||9vw||true\u201d custom_padding_tablet=\u201d\u201d custom_padding_phone=\u201d|56px||\u201d custom_padding_last_edited=\u201don|desktop\u201d title_font_size_tablet=\u201d45px\u201d title_font_size_phone=\u201d40px\u201d title_font_size_last_edited=\u201don|phone\u201d z_index_tablet=\u201d500\u2033 custom_css_main_element=\u201dbackground-position: center !important;\u201d global_colors_info=\u201d{}\u201d]<\/p>\n<h1>Regarder le film en streaming<\/h1>\n<p>&nbsp;<\/p>\n<p>[\/et_pb_fullwidth_header][\/et_pb_section][et_pb_section fb_built=\u201d1\u2033 use_custom_gutter=\u201don\u201d gutter_width=\u201d1\u2033 specialty=\u201don\u201d padding_left_1=\u201d35px\u201d padding_left_2=\u201d35px\u201d padding_2_tablet=\u201d|||0px\u201d padding_2_phone=\u201d|||0px\u201d padding_2_last_edited=\u201don|desktop\u201d module_class_1=\u201dsidebar-secondary-nav\u201d module_class=\u201dempreinte-de-la-main-bg\u201d _builder_version=\u201d4.16\u2033 background_image=\u201dhttps:\/\/www.progeriaresearch.org\/wp-content\/uploads\/2019\/04\/empreinte-de-la-main-bleue-uniquement.png\u201d parallax=\u201don\u201d parallax_method=\u201doff\u201d inner_width=\u201d100%\u201d inner_max_width=\u201d100%\u201d custom_padding=\u201d0|0px|54px|0px|false|false\u201d z_index_tablet=\u201d500\u2033 border_width_top=\u201d10px\u201d border_color_top=\u201d#8fd2ed\u201d use_custom_width=\u201don\u201d width_unit=\u201doff\u201d custom_width_percent=\u201d100%\u201d global_colors_info=\u201d{}\u201d][et_pb_column type=\u201d1_4\u2033 _builder_version=\u201d4.16\u2033 custom_padding=\u201d|||\u201d global_colors_info=\u201d{}\u201d custom_padding__hover=\u201d|||\u201d][et_pb_sidebar area=\u201det_pb_widget_area_13\u2033 disabled_on=\u201don|on|off\u201d module_class=\u201dsubpage-sidebars\u201d _builder_version=\u201d4.16\u2033 animation_style=\u201dfade\u201d z_index_tablet=\u201d500\u2033 border_width_right=\u201d5px\u201d locked=\u201doff\u201d global_colors_info=\u201d{}\u201d]<br \/>\n[\/et_pb_sidebar][\/et_pb_column][et_pb_column type=\u201d3_4\u2033 specialty_columns=\u201d3\u2033 _builder_version=\u201d4.16\u2033 custom_padding=\u201d|||\u201d global_colors_info=\u201d{}\u201d custom_padding__hover=\u201d|||\u201d][et_pb_row_inner custom_padding_last_edited=\u201don|desktop\u201d padding_left_right_link_1=\u201dfalse\u201d padding_left_right_link_2=\u201dtrue\u201d _builder_version=\u201d4.16\u2033 custom_padding=\u201d39.0156px|35px|0px|0px\u201d custom_padding_tablet=\u201d35px|35px||35px\u201d custom_padding_phone=\u201d35px||0px\u201d animation_direction=\u201ddroite\u201d z_index_tablet=\u201d500\u2033 global_colors_info=\u201d{}\u201d][et_pb_column_inner saved_specialty_column_type=\u201d3_4\u2033 _builder_version=\u201d4.16\u2033 custom_padding=\u201d|||\u201d custom_padding_tablet=\u201d|0px||0px\u201d custom_padding_phone=\u201d\u201d custom_padding_last_edited=\u201don|desktop\u201d global_colors_info=\u201d{}\u201d custom_padding__hover=\u201d|||\u201d][et_pb_text _builder_version=\u201d4.19.4\u2033 background_size=\u201dinitial\u201d background_position=\u201dtop_left\u201d background_repeat=\u201dr\u00e9p\u00e9ter\u201d global_colors_info=\u201d{}\u201d]<\/p>\n<p><img loading=\"lazy\" decoding=\"async\" src=\"https:\/\/www.progeriaresearch.org\/wp-content\/uploads\/2023\/01\/DVD-cover-photo.jpg\" width=\"219\" height=\"313\" alt=\"\" class=\"wp-image-16402 alignleft size-full\" \/><\/p>\n<p style=\"font-weight: 400;\">\n<p style=\"font-weight: 400;\">Rejoignez les millions de personnes qui ont vu Sam et ses parents (les cofondateurs de PRF), les Drs. Leslie Gordon et Scott Berns, dans ce documentaire captivant sur l&#039;amour, la vie et l&#039;espoir pour les enfants atteints de prog\u00e9ria. Puis partagez l&#039;amour en parlant de ce film inspirant \u00e0 votre famille et \u00e0 vos amis !<\/p>\n<p style=\"font-weight: 400;\"><em>La vie selon Sam<\/em>\u00a0est maintenant diffus\u00e9 sur\u00a0<a href=\"https:\/\/play.hbomax.com\/page\/urn:hbo:page:GVU3XggSMLlFvjSoJAYBq:type:feature?source=googleHBOMAX&amp;action=play\">HBO Max <\/a>et\u00a0<a href=\"https:\/\/www.amazon.com\/Life-According-Sam-Sean-Fine\/dp\/B00JDBN04K\">Amazon Prime<\/a>\u00a0.<\/p>\n<div id=\"sidebar\" class=\"sidebar\">\n<div id=\"nav_menu-3\" class=\"fusion-slidingbar-widget-column widget widget_nav_menu\">\n<div class=\"menu-lats-container\"><\/div>\n<\/div>\n<\/div>\n<p>[\/et_pb_text][\/et_pb_column_inner][\/et_pb_row_inner][\/et_pb_column][\/et_pb_section][et_pb_section fb_built=\u201d1\u2033 module_class=\u201dfooter\u201d _builder_version=\u201d4.21.0\u2033 background_color=\u201d#29327a\u201d custom_margin=\u201d-2px|||||\u201d custom_padding=\u201d0|0px|0|0px|false|false\u201d z_index_tablet=\u201d500\u2033 border_width_top=\u201d12px\u201d border_color_top=\u201d#00b2e2\u2033 global_module=\u201d133\u2033 locked=\u201doff\u201d global_colors_info=\u201d{}\u201d][et_pb_row column_structure=\u201d1_4,1_4,1_2\u2033 make_equal=\u201don\u201d module_class=\u201d et_pb_row_fullwidth\u201d _builder_version=\u201d4.16\u2033 width=\u201d89%\u201d width_tablet=\u201d80%\u201d width_phone=\u201d\u201d width_last_edited=\u201don|desktop\u201d max_width=\u201d89%\u201d max_width_tablet=\u201d80%\u201d max_width_phone=\u201d\u201d max_width_last_edited=\u201don|desktop\u201d z_index_tablet=\u201d500\u2033 make_fullwidth=\u201don\u201d width_unit=\u201doff\u201d custom_width_percent=\u201d100%\u201d global_colors_info=\u201d{}\u201d][et_pb_column type=\u201d1_4\u2033 _builder_version=\u201d4.16\u2033 custom_padding=\u201d|||\u201d global_colors_info=\u201d{}\u201d custom_padding__hover=\u201d|||\u201d][et_pb_cta button_url=\u201dhttps:\/\/www.progeriaresearch.org\/newsletter-signup\/\u201d button_text=\u201dInscrivez-vous maintenant\u201d admin_label=\u201dInscrivez-vous \u00e0 la newsletter\u201d module_class=\u201dsign-btn\u201d _builder_version=\u201d4.16\u2033 header_font_size=\u201d25px\u201d background_color=\u201d#29327a\u201d animation_style=\u201dslide\u201d animation_direction=\u201dleft\u201d animation_intensity_slide=\u201d25%\u201d header_font_size_tablet=\u201d\u201d header_font_size_phone=\u201d30px\u201d header_font_size_last_edited=\u201don|desktop\u201d z_index_tablet=\u201d500\u2033 border_radii=\u201dactiv\u00e9|25px|25px|25px|25px\u201d global_colors_info=\u201d{}\u201d button_bg_color__hover_enabled=\u201dactiv\u00e9\u201d button_bg_color__hover=\u201d#8fd2ed\u201d button_border_color__hover_enabled=\u201dactiv\u00e9\u201d]<\/p>\n<h2>S&#039;inscrire<\/h2>\n<h2>pour notre<\/h2>\n<h2>Bulletin!<\/h2>\n<p>[\/et_pb_cta][\/et_pb_column][et_pb_column type=\u201d1_4\u2033 _builder_version=\u201d4.16\u2033 custom_padding=\u201d|||\u201d global_colors_info=\u201d{}\u201d custom_padding__hover=\u201d|||\u201d][et_pb_cta button_url=\u201dhttps:\/\/progeriaresearch.donorsupport.co\/-\/XZHJVWZR\u201d button_text=\u201dFaites un don maintenant\u201d admin_label=\u201dEnsemble, nous trouverons le rem\u00e8de !\u201d module_class=\u201dsign-btn\u201d _builder_version=\u201d4.16\u2033 header_font_size=\u201d25px\u201d background_color=\u201d#29327a\u201d animation_style=\u201dslide\u201d animation_direction=\u201dleft\u201d animation_intensity_slide=\u201d25%\u201d header_font_size_tablet=\u201d\u201d header_font_size_phone=\u201d30px\u201d header_font_size_last_edited=\u201don|desktop\u201d body_font_size_tablet=\u201d\u201d body_font_size_phone=\u201d\u201d body_font_size_last_edited=\u201don|desktop\u201d z_index_tablet=\u201d500\u2033 border_radii=\u201don|25px|25px|25px|25px\u201d global_colors_info=\u201d{}\u201d button_bg_color__hover_enabled=\u201don\u201d bouton_bg_color__hover=\u201d#8fd2ed\u201d bouton_border_color__hover_enabled=\u201don\u201d]<\/p>\n<h2>Ensemble, nous<\/h2>\n<h2><em>VOLONT\u00c9<\/em><\/h2>\n<h2>trouve le rem\u00e8de !<\/h2>\n<p>[\/et_pb_cta][\/et_pb_column][et_pb_column type=\u201d1_2\u2033 _builder_version=\u201d4.16\u2033 custom_padding=\u201d|||\u201d global_colors_info=\u201d{}\u201d custom_padding__hover=\u201d|||\u201d][et_pb_image src=\u201dhttps:\/\/www.progeriaresearch.org\/wp-content\/uploads\/2023\/06\/2023-footer-strip-5.png\u201d title_text=\u201d2023 footer strip 5\u2033 _builder_version=\u201d4.21.0\u2033 _module_preset=\u201ddefault\u201d custom_margin=\u201d35px||||false|false\u201d global_colors_info=\u201d{}\u201d][\/et_pb_image][\/et_pb_column][\/et_pb_row][\/et_pb_section]<\/p>","protected":false},"excerpt":{"rendered":"<p>[et_pb_section fb_built=\u201d1\u2033 fullwidth=\u201don\u201d disabled_on=\u201doff|off|off\u201d _builder_version=\u201d4.16\u2033 custom_padding=\u201d0px|0px|0px|0|false|false\u201d border_width_bottom=\u201d55px\u201d border_color_bottom=\u201d#29327a\u201d locked=\u201doff\u201d global_colors_info=\u201d{}\u201d][et_pb_fullwidth_header background_overlay_color=\u201drgba(0,0,0,0)\u201d _builder_version=\u201d4.19.4\u2033 title_font=\u201d||||||||\u201d title_font_size=\u201d55\u2033 background_color=\u201d#29327a\u201d background_image=\u201dhttps:\/\/www.progeriaresearch.org\/wp-content\/uploads\/2019\/04\/bubbles-header.jpg\u201d background_position=\u201dbottom_right\u201d custom_padding=\u201d9vw||9vw||true\u201d custom_padding_tablet=\u201d\u201d custom_padding_phone=\u201d|56px||\u201d custom_padding_last_edited=\u201dsur|bureau\u201d title_font_size_tablet=\u201d45px\u201d title_font_size_phone=\u201d40px\u201d title_font_size_last_edited=\u201dsur|t\u00e9l\u00e9phone\u201d z_index_tablet=\u201d500\u2033 custom_css_main_element=\u201dbackground-position: center !important;\u201d global_colors_info=\u201d{}\u201d] Regardez le film en streaming [\/et_pb_fullwidth_header][\/et_pb_section][et_pb_section fb_built=\u201d1\u2033 use_custom_gutter=\u201don\u201d gutter_width=\u201d1\u2033 specialty=\u201don\u201d padding_left_1=\u201d35px\u201d padding_left_2=\u201d35px\u201d padding_2_tablet=\u201d|||0px\u201d padding_2_phone=\u201d|||0px\u201d padding_2_last_edited=\u201don|desktop\u201d module_class_1=\u201dsidebar-secondary-nav\u201d module_class=\u201dhandprint-bg\u201d _builder_version=\u201d4.16\u2033 background_image=\u201dhttps:\/\/www.progeriaresearch.org\/wp-content\/uploads\/2019\/04\/blue-handprint-only.png\u201d parallax=\u201don\u201d parallax_method=\u201doff\u201d inner_width=\u201d100%\u201d inner_max_width=\u201d100%\u201d custom_padding=\u201d0|0px|54px|0px|false|false\u201d z_index_tablet=\u201d500\u2033 border_width_top=\u201d10px\u201d border_color_top=\u201d#8fd2ed\u201d [\u2026]<\/p>","protected":false},"author":1,"featured_media":0,"parent":0,"menu_order":0,"comment_status":"closed","ping_status":"closed","template":"","meta":{"_et_pb_use_builder":"on","_et_pb_old_content":"\t\t\t\t[vc_row][vc_column][vc_custom_heading source=\"post_title\" font_container=\"tag:h1|text_align:center\" use_theme_fonts=\"yes\"][vc_column_text]If you were unable to catch\u00a0<em>Life According to Sam<\/em>\u00a0at a festival or on HBO, it is now available at any time ON DEMAND and by purchasing the DVD.\r\n\r\n<img class=\"alignleft\" src=\"https:\/\/www.progeriaresearch.org\/assets\/images\/meet_kids_images\/life-according-to-sam-dvd_281(1).jpg\" width=\"194\" height=\"250\" \/>\r\n\r\nJoin millions who have seen Sam and his parents (PRF co-founders) Leslie and Scott in this riveting documentary about love, life and hope for children with Progeria.\u00a0 Then share this inspiring film with your family and friends!\u00a0 LATS is available ON DEMAND and by purchasing\u00a0the DVD directly from the\u00a0<a href=\"https:\/\/store.hbo.com\/detail.php?p=546129&SESSID=e7c169cae575e7da507c7b9b2b69bb2e&v=hbo\">HBO Store*<\/a>\u00a0.\r\n\r\nThe DVD also includes Sam\u2019s TedX talk and a heartwarming message from Sam and his friend Dave Matthews.\r\n\r\n*While PRF does not receive financial support from DVD sales, we are thrilled that awareness of Progeria and PRF's work is spread through this viewing opportunity.[\/vc_column_text][\/vc_column][\/vc_row]\t\t","_et_gb_content_width":"","footnotes":"","_links_to":"","_links_to_target":""},"class_list":["post-1798","page","type-page","status-publish","hentry"],"yoast_head":"<!-- This site is optimized with the Yoast SEO plugin v26.8 - https:\/\/yoast.com\/product\/yoast-seo-wordpress\/ -->\n<title>DVD | The Progeria Research Foundation<\/title>\n<meta name=\"description\" content=\"Buy &amp; Share the DVD of Life According to Sam and is now available on Amazon Prime and available for purchase at BarnesandNoble.com.\" \/>\n<meta name=\"robots\" content=\"index, follow, max-snippet:-1, max-image-preview:large, max-video-preview:-1\" \/>\n<link rel=\"canonical\" href=\"https:\/\/www.progeriaresearch.org\/fr\/buy-share-the-dvd\/\" \/>\n<meta property=\"og:locale\" content=\"fr_FR\" \/>\n<meta property=\"og:type\" content=\"article\" \/>\n<meta property=\"og:title\" content=\"DVD | The Progeria Research Foundation\" \/>\n<meta property=\"og:description\" content=\"Buy &amp; Share the DVD of Life According to Sam and is now available on Amazon Prime and available for purchase at BarnesandNoble.com.\" \/>\n<meta property=\"og:url\" content=\"https:\/\/www.progeriaresearch.org\/fr\/buy-share-the-dvd\/\" \/>\n<meta property=\"og:site_name\" content=\"The Progeria Research Foundation\" \/>\n<meta property=\"article:publisher\" content=\"https:\/\/www.facebook.com\/ProgeriaResearch\/\" \/>\n<meta property=\"article:modified_time\" content=\"2023-09-21T15:48:04+00:00\" \/>\n<meta property=\"og:image\" content=\"https:\/\/www.progeriaresearch.org\/wp-content\/uploads\/2023\/01\/DVD-cover-photo.jpg\" \/>\n<meta name=\"twitter:card\" content=\"summary_large_image\" \/>\n<meta name=\"twitter:site\" content=\"@Progeria\" \/>\n<meta name=\"twitter:label1\" content=\"Est. reading time\" \/>\n\t<meta name=\"twitter:data1\" content=\"2 minutes\" \/>\n<script type=\"application\/ld+json\" class=\"yoast-schema-graph\">{\"@context\":\"https:\/\/schema.org\",\"@graph\":[{\"@type\":\"WebPage\",\"@id\":\"https:\/\/www.progeriaresearch.org\/nl\/buy-share-the-dvd\/\",\"url\":\"https:\/\/www.progeriaresearch.org\/nl\/buy-share-the-dvd\/\",\"name\":\"DVD | The Progeria Research Foundation\",\"isPartOf\":{\"@id\":\"https:\/\/www.progeriaresearch.org\/ta\/#website\"},\"primaryImageOfPage\":{\"@id\":\"https:\/\/www.progeriaresearch.org\/nl\/buy-share-the-dvd\/#primaryimage\"},\"image\":{\"@id\":\"https:\/\/www.progeriaresearch.org\/nl\/buy-share-the-dvd\/#primaryimage\"},\"thumbnailUrl\":\"https:\/\/www.progeriaresearch.org\/wp-content\/uploads\/2023\/01\/DVD-cover-photo.jpg\",\"datePublished\":\"2017-05-02T23:32:43+00:00\",\"dateModified\":\"2023-09-21T15:48:04+00:00\",\"description\":\"Buy & Share the DVD of Life According to Sam and is now available on Amazon Prime and available for purchase at BarnesandNoble.com.\",\"breadcrumb\":{\"@id\":\"https:\/\/www.progeriaresearch.org\/nl\/buy-share-the-dvd\/#breadcrumb\"},\"inLanguage\":\"fr-FR\",\"potentialAction\":[{\"@type\":\"ReadAction\",\"target\":[\"https:\/\/www.progeriaresearch.org\/nl\/buy-share-the-dvd\/\"]}]},{\"@type\":\"ImageObject\",\"inLanguage\":\"fr-FR\",\"@id\":\"https:\/\/www.progeriaresearch.org\/nl\/buy-share-the-dvd\/#primaryimage\",\"url\":\"https:\/\/www.progeriaresearch.org\/wp-content\/uploads\/2023\/01\/DVD-cover-photo.jpg\",\"contentUrl\":\"https:\/\/www.progeriaresearch.org\/wp-content\/uploads\/2023\/01\/DVD-cover-photo.jpg\"},{\"@type\":\"BreadcrumbList\",\"@id\":\"https:\/\/www.progeriaresearch.org\/nl\/buy-share-the-dvd\/#breadcrumb\",\"itemListElement\":[{\"@type\":\"ListItem\",\"position\":1,\"name\":\"Home\",\"item\":\"https:\/\/www.progeriaresearch.org\/\"},{\"@type\":\"ListItem\",\"position\":2,\"name\":\"Buy &#038; Share the DVD\"}]},{\"@type\":\"WebSite\",\"@id\":\"https:\/\/www.progeriaresearch.org\/ta\/#website\",\"url\":\"https:\/\/www.progeriaresearch.org\/ta\/\",\"name\":\"The Progeria Research Foundation\",\"description\":\"For the Children \u2665 For the Cure\",\"publisher\":{\"@id\":\"https:\/\/www.progeriaresearch.org\/ta\/#organization\"},\"potentialAction\":[{\"@type\":\"SearchAction\",\"target\":{\"@type\":\"EntryPoint\",\"urlTemplate\":\"https:\/\/www.progeriaresearch.org\/ta\/?s={search_term_string}\"},\"query-input\":{\"@type\":\"PropertyValueSpecification\",\"valueRequired\":true,\"valueName\":\"search_term_string\"}}],\"inLanguage\":\"fr-FR\"},{\"@type\":\"Organization\",\"@id\":\"https:\/\/www.progeriaresearch.org\/ta\/#organization\",\"name\":\"The Progeria Research Foundation\",\"url\":\"https:\/\/www.progeriaresearch.org\/ta\/\",\"logo\":{\"@type\":\"ImageObject\",\"inLanguage\":\"fr-FR\",\"@id\":\"https:\/\/www.progeriaresearch.org\/ta\/#\/schema\/logo\/image\/\",\"url\":\"https:\/\/www.progeriaresearch.org\/wp-content\/uploads\/2019\/05\/PRF_Logo_2019_optimized.png\",\"contentUrl\":\"https:\/\/www.progeriaresearch.org\/wp-content\/uploads\/2019\/05\/PRF_Logo_2019_optimized.png\",\"width\":300,\"height\":86,\"caption\":\"The Progeria Research Foundation\"},\"image\":{\"@id\":\"https:\/\/www.progeriaresearch.org\/ta\/#\/schema\/logo\/image\/\"},\"sameAs\":[\"https:\/\/www.facebook.com\/ProgeriaResearch\/\",\"https:\/\/x.com\/Progeria\",\"https:\/\/www.instagram.com\/progeriaresearch\/\"]}]}<\/script>\n<!-- \/ Yoast SEO plugin. -->","yoast_head_json":{"title":"DVD | The Progeria Research Foundation","description":"Buy & Share the DVD of Life According to Sam and is now available on Amazon Prime and available for purchase at BarnesandNoble.com.","robots":{"index":"index","follow":"follow","max-snippet":"max-snippet:-1","max-image-preview":"max-image-preview:large","max-video-preview":"max-video-preview:-1"},"canonical":"https:\/\/www.progeriaresearch.org\/fr\/buy-share-the-dvd\/","og_locale":"fr_FR","og_type":"article","og_title":"DVD | The Progeria Research Foundation","og_description":"Buy & Share the DVD of Life According to Sam and is now available on Amazon Prime and available for purchase at BarnesandNoble.com.","og_url":"https:\/\/www.progeriaresearch.org\/fr\/buy-share-the-dvd\/","og_site_name":"The Progeria Research Foundation","article_publisher":"https:\/\/www.facebook.com\/ProgeriaResearch\/","article_modified_time":"2023-09-21T15:48:04+00:00","og_image":[{"url":"https:\/\/www.progeriaresearch.org\/wp-content\/uploads\/2023\/01\/DVD-cover-photo.jpg","type":"","width":"","height":""}],"twitter_card":"summary_large_image","twitter_site":"@Progeria","twitter_misc":{"Est. reading time":"2 minutes"},"schema":{"@context":"https:\/\/schema.org","@graph":[{"@type":"WebPage","@id":"https:\/\/www.progeriaresearch.org\/nl\/buy-share-the-dvd\/","url":"https:\/\/www.progeriaresearch.org\/nl\/buy-share-the-dvd\/","name":"DVD | The Progeria Research Foundation","isPartOf":{"@id":"https:\/\/www.progeriaresearch.org\/ta\/#website"},"primaryImageOfPage":{"@id":"https:\/\/www.progeriaresearch.org\/nl\/buy-share-the-dvd\/#primaryimage"},"image":{"@id":"https:\/\/www.progeriaresearch.org\/nl\/buy-share-the-dvd\/#primaryimage"},"thumbnailUrl":"https:\/\/www.progeriaresearch.org\/wp-content\/uploads\/2023\/01\/DVD-cover-photo.jpg","datePublished":"2017-05-02T23:32:43+00:00","dateModified":"2023-09-21T15:48:04+00:00","description":"Buy & Share the DVD of Life According to Sam and is now available on Amazon Prime and available for purchase at BarnesandNoble.com.","breadcrumb":{"@id":"https:\/\/www.progeriaresearch.org\/nl\/buy-share-the-dvd\/#breadcrumb"},"inLanguage":"fr-FR","potentialAction":[{"@type":"ReadAction","target":["https:\/\/www.progeriaresearch.org\/nl\/buy-share-the-dvd\/"]}]},{"@type":"ImageObject","inLanguage":"fr-FR","@id":"https:\/\/www.progeriaresearch.org\/nl\/buy-share-the-dvd\/#primaryimage","url":"https:\/\/www.progeriaresearch.org\/wp-content\/uploads\/2023\/01\/DVD-cover-photo.jpg","contentUrl":"https:\/\/www.progeriaresearch.org\/wp-content\/uploads\/2023\/01\/DVD-cover-photo.jpg"},{"@type":"BreadcrumbList","@id":"https:\/\/www.progeriaresearch.org\/nl\/buy-share-the-dvd\/#breadcrumb","itemListElement":[{"@type":"ListItem","position":1,"name":"Home","item":"https:\/\/www.progeriaresearch.org\/"},{"@type":"ListItem","position":2,"name":"Buy &#038; Share the DVD"}]},{"@type":"WebSite","@id":"https:\/\/www.progeriaresearch.org\/ta\/#website","url":"https:\/\/www.progeriaresearch.org\/ta\/","name":"La Fondation de recherche sur la prog\u00e9ria","description":"Pour les enfants \u2665 Pour la gu\u00e9rison","publisher":{"@id":"https:\/\/www.progeriaresearch.org\/ta\/#organization"},"potentialAction":[{"@type":"SearchAction","target":{"@type":"EntryPoint","urlTemplate":"https:\/\/www.progeriaresearch.org\/ta\/?s={search_term_string}"},"query-input":{"@type":"PropertyValueSpecification","valueRequired":true,"valueName":"search_term_string"}}],"inLanguage":"fr-FR"},{"@type":"Organization","@id":"https:\/\/www.progeriaresearch.org\/ta\/#organization","name":"La Fondation de recherche sur la prog\u00e9ria","url":"https:\/\/www.progeriaresearch.org\/ta\/","logo":{"@type":"ImageObject","inLanguage":"fr-FR","@id":"https:\/\/www.progeriaresearch.org\/ta\/#\/schema\/logo\/image\/","url":"https:\/\/www.progeriaresearch.org\/wp-content\/uploads\/2019\/05\/PRF_Logo_2019_optimized.png","contentUrl":"https:\/\/www.progeriaresearch.org\/wp-content\/uploads\/2019\/05\/PRF_Logo_2019_optimized.png","width":300,"height":86,"caption":"The Progeria Research Foundation"},"image":{"@id":"https:\/\/www.progeriaresearch.org\/ta\/#\/schema\/logo\/image\/"},"sameAs":["https:\/\/www.facebook.com\/ProgeriaResearch\/","https:\/\/x.com\/Progeria","https:\/\/www.instagram.com\/progeriaresearch\/"]}]}},"_links":{"self":[{"href":"https:\/\/www.progeriaresearch.org\/fr\/wp-json\/wp\/v2\/pages\/1798","targetHints":{"allow":["GET"]}}],"collection":[{"href":"https:\/\/www.progeriaresearch.org\/fr\/wp-json\/wp\/v2\/pages"}],"about":[{"href":"https:\/\/www.progeriaresearch.org\/fr\/wp-json\/wp\/v2\/types\/page"}],"author":[{"embeddable":true,"href":"https:\/\/www.progeriaresearch.org\/fr\/wp-json\/wp\/v2\/users\/1"}],"replies":[{"embeddable":true,"href":"https:\/\/www.progeriaresearch.org\/fr\/wp-json\/wp\/v2\/comments?post=1798"}],"version-history":[{"count":0,"href":"https:\/\/www.progeriaresearch.org\/fr\/wp-json\/wp\/v2\/pages\/1798\/revisions"}],"wp:attachment":[{"href":"https:\/\/www.progeriaresearch.org\/fr\/wp-json\/wp\/v2\/media?parent=1798"}],"curies":[{"name":"wp","href":"https:\/\/api.w.org\/{rel}","templated":true}]}}