{"id":1897,"date":"2017-05-09T20:16:35","date_gmt":"2017-05-09T20:16:35","guid":{"rendered":"https:\/\/www.progeriaresearch.org\/?page_id=1897"},"modified":"2023-09-21T12:39:51","modified_gmt":"2023-09-21T16:39:51","slug":"2005-intl-workshop","status":"publish","type":"page","link":"https:\/\/www.progeriaresearch.org\/fr\/2005-intl-workshop\/","title":{"rendered":"Atelier international 2005"},"content":{"rendered":"<h1><strong>L&#039;ATELIER INTERNATIONAL PRF 2005 UN SUCC\u00c8S \u00c9TONNANT<\/strong><\/h1>\n<p>90 scientifiques de 9 pays se sont r\u00e9unis pendant 3 jours \u00e0 Boston, dans le Massachusetts, pr\u00e9parant le terrain pour la prochaine s\u00e9rie de progr\u00e8s dans la traduction des recherches en laboratoire sur la prog\u00e9ria en traitement.<\/p>\n<p><a href=\"https:\/\/www.progeriaresearch.org\/fr\/assets\/files\/pdf\/ProgeriaInternational%20WorkshopSummary2005%20FINAL.pdf\/\" target=\"_blank\" rel=\"noopener noreferrer\">Cliquez ici pour un r\u00e9sum\u00e9 de l&#039;atelier.<\/a><\/p>\n<p>L&#039;atelier 2005 sur la prog\u00e9ria s&#039;est tenu du 3 au 5 novembre \u00e0 l&#039;h\u00f4tel Seaport de Boston. L&#039;atelier avait pour objectif de promouvoir les discussions scientifiques dans des cadres formels et informels. En plus des pr\u00e9sentations formelles, les \u00e9l\u00e9ments nouveaux de cet atelier comprenaient une s\u00e9ance d&#039;affiches et la possibilit\u00e9 de rencontrer des enfants et des familles vivant avec la prog\u00e9ria. La r\u00e9union a \u00e9t\u00e9 un succ\u00e8s formidable, avec des collaborations form\u00e9es, des donn\u00e9es partag\u00e9es sur une vari\u00e9t\u00e9 de sujets et de nouvelles id\u00e9es mises sur la table. La table ronde des parents d&#039;enfants atteints de prog\u00e9ria a \u00e9t\u00e9 particuli\u00e8rement marquante.<\/p>\n<p align=\"center\"><img loading=\"lazy\" decoding=\"async\" src=\"https:\/\/www.progeriaresearch.org\/assets\/images\/medical_images\/workshop-all2.jpg\" alt=\"\" width=\"400\" height=\"136\" \/><\/p>\n<p align=\"left\"><strong>\u00a0<\/strong>\u00a0\u00a0<strong>Cet atelier est soutenu en partie par la Fondation m\u00e9dicale Ellison <\/strong><br \/>\n<img decoding=\"async\" src=\"https:\/\/www.progeriaresearch.org\/assets\/images\/medical_images\/crane-with-namesm.jpg\" alt=\"The Ellison Medical Foundation\" border=\"0\" \/><\/p>\n<table border=\"0\" cellspacing=\"1\" cellpadding=\"1\">\n<tbody>\n<tr>\n<td><img decoding=\"async\" src=\"https:\/\/www.progeriaresearch.org\/assets\/images\/medical_images\/Celgene-Logo.jpg\" alt=\"Celgene Logo\" align=\"left\" border=\"0\" \/><\/td>\n<td><img decoding=\"async\" src=\"https:\/\/www.progeriaresearch.org\/assets\/images\/medical_images\/ORD-logosm.gif\" alt=\"OFRD\" align=\"left\" border=\"0\" \/><\/td>\n<\/tr>\n<\/tbody>\n<\/table>\n<p align=\"left\"><strong>Et l&#039;Institut national du c\u0153ur, des poumons et du sang des Instituts nationaux de la sant\u00e9<br \/>\n<img decoding=\"async\" src=\"https:\/\/www.progeriaresearch.org\/assets\/images\/medical_images\/NHLBI-LOGO-(NEW).gif\" alt=\"NHLBI Logo\" border=\"0\" \/><\/strong><\/p>\n<p>&nbsp;<\/p>\n<p align=\"left\"><img loading=\"lazy\" decoding=\"async\" src=\"https:\/\/www.progeriaresearch.org\/assets\/images\/iconMSWord.gif\" alt=\"\" width=\"28\" height=\"28\" align=\"left\" border=\"0\" \/><a href=\"https:\/\/www.progeriaresearch.org\/fr\/assets\/files\/Agenda%20Oct19.doc\/\">Programme des conf\u00e9rences<\/a><\/p>\n<ul>\n<li><a href=\"https:\/\/www.progeriaresearch.org\/fr\/scientific-meetings\/\">R\u00e9unions pass\u00e9es<\/a><\/li>\n<\/ul>","protected":false},"excerpt":{"rendered":"<p>L&#039;ATELIER INTERNATIONAL 2005 DE LA PRF : UN SUCC\u00c8S EXCEPTIONNEL. 90 scientifiques de 9 pays se sont r\u00e9unis pendant 3 jours \u00e0 Boston, dans le Massachusetts, pr\u00e9parant le terrain pour la prochaine s\u00e9rie de progr\u00e8s dans la traduction des r\u00e9sultats de la recherche sur la prog\u00e9ria en traitements. Cliquez ici pour un r\u00e9sum\u00e9 de l&#039;atelier. L&#039;atelier 2005 sur la prog\u00e9ria s&#039;est tenu du 3 au 5 novembre \u00e0 [\u2026]<\/p>","protected":false},"author":1,"featured_media":0,"parent":0,"menu_order":0,"comment_status":"closed","ping_status":"closed","template":"","meta":{"_et_pb_use_builder":"","_et_pb_old_content":"","_et_gb_content_width":"","footnotes":"","_links_to":"","_links_to_target":""},"class_list":["post-1897","page","type-page","status-publish","hentry"],"yoast_head":"<!-- This site is optimized with the Yoast SEO plugin v26.8 - https:\/\/yoast.com\/product\/yoast-seo-wordpress\/ -->\n<title>2005 workshop | The Progeria Research Foundation<\/title>\n<meta name=\"robots\" content=\"index, follow, max-snippet:-1, max-image-preview:large, max-video-preview:-1\" \/>\n<link rel=\"canonical\" href=\"https:\/\/www.progeriaresearch.org\/fr\/2005-intl-workshop\/\" \/>\n<meta property=\"og:locale\" content=\"fr_FR\" \/>\n<meta property=\"og:type\" content=\"article\" \/>\n<meta property=\"og:title\" content=\"2005 workshop | The Progeria Research Foundation\" \/>\n<meta property=\"og:description\" content=\"PRF&#8217;S INTERNATIONAL WORKSHOP 2005 AN ASTOUNDING SUCCESS 90 Scientists from 9 countries joined together for 3 days in Boston, Massachusetts, setting the stage for the next round of progress in translating bench research on Progeria into treatment. Click here for a summary of the workshop. The 2005 Workshop on Progeria was held November 3-5 at [&hellip;]\" \/>\n<meta property=\"og:url\" content=\"https:\/\/www.progeriaresearch.org\/fr\/2005-intl-workshop\/\" \/>\n<meta property=\"og:site_name\" content=\"The Progeria Research Foundation\" \/>\n<meta property=\"article:publisher\" content=\"https:\/\/www.facebook.com\/ProgeriaResearch\/\" \/>\n<meta property=\"article:modified_time\" content=\"2023-09-21T16:39:51+00:00\" \/>\n<meta property=\"og:image\" content=\"https:\/\/www.progeriaresearch.org\/assets\/images\/medical_images\/workshop-all2.jpg\" \/>\n<meta name=\"twitter:card\" content=\"summary_large_image\" \/>\n<meta name=\"twitter:site\" content=\"@Progeria\" \/>\n<meta name=\"twitter:label1\" content=\"Est. reading time\" \/>\n\t<meta name=\"twitter:data1\" content=\"2 minutes\" \/>\n<script type=\"application\/ld+json\" class=\"yoast-schema-graph\">{\"@context\":\"https:\/\/schema.org\",\"@graph\":[{\"@type\":\"WebPage\",\"@id\":\"https:\/\/www.progeriaresearch.org\/mr\/2005-intl-workshop\/\",\"url\":\"https:\/\/www.progeriaresearch.org\/mr\/2005-intl-workshop\/\",\"name\":\"2005 workshop | The Progeria Research Foundation\",\"isPartOf\":{\"@id\":\"https:\/\/www.progeriaresearch.org\/ta\/#website\"},\"primaryImageOfPage\":{\"@id\":\"https:\/\/www.progeriaresearch.org\/mr\/2005-intl-workshop\/#primaryimage\"},\"image\":{\"@id\":\"https:\/\/www.progeriaresearch.org\/mr\/2005-intl-workshop\/#primaryimage\"},\"thumbnailUrl\":\"https:\/\/www.progeriaresearch.org\/assets\/images\/medical_images\/workshop-all2.jpg\",\"datePublished\":\"2017-05-09T20:16:35+00:00\",\"dateModified\":\"2023-09-21T16:39:51+00:00\",\"breadcrumb\":{\"@id\":\"https:\/\/www.progeriaresearch.org\/mr\/2005-intl-workshop\/#breadcrumb\"},\"inLanguage\":\"fr-FR\",\"potentialAction\":[{\"@type\":\"ReadAction\",\"target\":[\"https:\/\/www.progeriaresearch.org\/mr\/2005-intl-workshop\/\"]}]},{\"@type\":\"ImageObject\",\"inLanguage\":\"fr-FR\",\"@id\":\"https:\/\/www.progeriaresearch.org\/mr\/2005-intl-workshop\/#primaryimage\",\"url\":\"https:\/\/www.progeriaresearch.org\/assets\/images\/medical_images\/workshop-all2.jpg\",\"contentUrl\":\"https:\/\/www.progeriaresearch.org\/assets\/images\/medical_images\/workshop-all2.jpg\"},{\"@type\":\"BreadcrumbList\",\"@id\":\"https:\/\/www.progeriaresearch.org\/mr\/2005-intl-workshop\/#breadcrumb\",\"itemListElement\":[{\"@type\":\"ListItem\",\"position\":1,\"name\":\"Home\",\"item\":\"https:\/\/www.progeriaresearch.org\/\"},{\"@type\":\"ListItem\",\"position\":2,\"name\":\"2005 Int&#8217;l Workshop\"}]},{\"@type\":\"WebSite\",\"@id\":\"https:\/\/www.progeriaresearch.org\/ta\/#website\",\"url\":\"https:\/\/www.progeriaresearch.org\/ta\/\",\"name\":\"The Progeria Research Foundation\",\"description\":\"For the Children \u2665 For the Cure\",\"publisher\":{\"@id\":\"https:\/\/www.progeriaresearch.org\/ta\/#organization\"},\"potentialAction\":[{\"@type\":\"SearchAction\",\"target\":{\"@type\":\"EntryPoint\",\"urlTemplate\":\"https:\/\/www.progeriaresearch.org\/ta\/?s={search_term_string}\"},\"query-input\":{\"@type\":\"PropertyValueSpecification\",\"valueRequired\":true,\"valueName\":\"search_term_string\"}}],\"inLanguage\":\"fr-FR\"},{\"@type\":\"Organization\",\"@id\":\"https:\/\/www.progeriaresearch.org\/ta\/#organization\",\"name\":\"The Progeria Research Foundation\",\"url\":\"https:\/\/www.progeriaresearch.org\/ta\/\",\"logo\":{\"@type\":\"ImageObject\",\"inLanguage\":\"fr-FR\",\"@id\":\"https:\/\/www.progeriaresearch.org\/ta\/#\/schema\/logo\/image\/\",\"url\":\"https:\/\/www.progeriaresearch.org\/wp-content\/uploads\/2019\/05\/PRF_Logo_2019_optimized.png\",\"contentUrl\":\"https:\/\/www.progeriaresearch.org\/wp-content\/uploads\/2019\/05\/PRF_Logo_2019_optimized.png\",\"width\":300,\"height\":86,\"caption\":\"The Progeria Research Foundation\"},\"image\":{\"@id\":\"https:\/\/www.progeriaresearch.org\/ta\/#\/schema\/logo\/image\/\"},\"sameAs\":[\"https:\/\/www.facebook.com\/ProgeriaResearch\/\",\"https:\/\/x.com\/Progeria\",\"https:\/\/www.instagram.com\/progeriaresearch\/\"]}]}<\/script>\n<!-- \/ Yoast SEO plugin. -->","yoast_head_json":{"title":"Atelier 2005 | Fondation de recherche sur la prog\u00e9ria","robots":{"index":"index","follow":"follow","max-snippet":"max-snippet:-1","max-image-preview":"max-image-preview:large","max-video-preview":"max-video-preview:-1"},"canonical":"https:\/\/www.progeriaresearch.org\/fr\/2005-intl-workshop\/","og_locale":"fr_FR","og_type":"article","og_title":"2005 workshop | The Progeria Research Foundation","og_description":"PRF&#8217;S INTERNATIONAL WORKSHOP 2005 AN ASTOUNDING SUCCESS 90 Scientists from 9 countries joined together for 3 days in Boston, Massachusetts, setting the stage for the next round of progress in translating bench research on Progeria into treatment. Click here for a summary of the workshop. The 2005 Workshop on Progeria was held November 3-5 at [&hellip;]","og_url":"https:\/\/www.progeriaresearch.org\/fr\/2005-intl-workshop\/","og_site_name":"The Progeria Research Foundation","article_publisher":"https:\/\/www.facebook.com\/ProgeriaResearch\/","article_modified_time":"2023-09-21T16:39:51+00:00","og_image":[{"url":"https:\/\/www.progeriaresearch.org\/assets\/images\/medical_images\/workshop-all2.jpg","type":"","width":"","height":""}],"twitter_card":"summary_large_image","twitter_site":"@Progeria","twitter_misc":{"Est. reading time":"2 minutes"},"schema":{"@context":"https:\/\/schema.org","@graph":[{"@type":"WebPage","@id":"https:\/\/www.progeriaresearch.org\/mr\/2005-intl-workshop\/","url":"https:\/\/www.progeriaresearch.org\/mr\/2005-intl-workshop\/","name":"Atelier 2005 | Fondation de recherche sur la prog\u00e9ria","isPartOf":{"@id":"https:\/\/www.progeriaresearch.org\/ta\/#website"},"primaryImageOfPage":{"@id":"https:\/\/www.progeriaresearch.org\/mr\/2005-intl-workshop\/#primaryimage"},"image":{"@id":"https:\/\/www.progeriaresearch.org\/mr\/2005-intl-workshop\/#primaryimage"},"thumbnailUrl":"https:\/\/www.progeriaresearch.org\/assets\/images\/medical_images\/workshop-all2.jpg","datePublished":"2017-05-09T20:16:35+00:00","dateModified":"2023-09-21T16:39:51+00:00","breadcrumb":{"@id":"https:\/\/www.progeriaresearch.org\/mr\/2005-intl-workshop\/#breadcrumb"},"inLanguage":"fr-FR","potentialAction":[{"@type":"ReadAction","target":["https:\/\/www.progeriaresearch.org\/mr\/2005-intl-workshop\/"]}]},{"@type":"ImageObject","inLanguage":"fr-FR","@id":"https:\/\/www.progeriaresearch.org\/mr\/2005-intl-workshop\/#primaryimage","url":"https:\/\/www.progeriaresearch.org\/assets\/images\/medical_images\/workshop-all2.jpg","contentUrl":"https:\/\/www.progeriaresearch.org\/assets\/images\/medical_images\/workshop-all2.jpg"},{"@type":"BreadcrumbList","@id":"https:\/\/www.progeriaresearch.org\/mr\/2005-intl-workshop\/#breadcrumb","itemListElement":[{"@type":"ListItem","position":1,"name":"Home","item":"https:\/\/www.progeriaresearch.org\/"},{"@type":"ListItem","position":2,"name":"2005 Int&#8217;l Workshop"}]},{"@type":"WebSite","@id":"https:\/\/www.progeriaresearch.org\/ta\/#website","url":"https:\/\/www.progeriaresearch.org\/ta\/","name":"La Fondation de recherche sur la prog\u00e9ria","description":"Pour les enfants \u2665 Pour la gu\u00e9rison","publisher":{"@id":"https:\/\/www.progeriaresearch.org\/ta\/#organization"},"potentialAction":[{"@type":"SearchAction","target":{"@type":"EntryPoint","urlTemplate":"https:\/\/www.progeriaresearch.org\/ta\/?s={search_term_string}"},"query-input":{"@type":"PropertyValueSpecification","valueRequired":true,"valueName":"search_term_string"}}],"inLanguage":"fr-FR"},{"@type":"Organization","@id":"https:\/\/www.progeriaresearch.org\/ta\/#organization","name":"La Fondation de recherche sur la prog\u00e9ria","url":"https:\/\/www.progeriaresearch.org\/ta\/","logo":{"@type":"ImageObject","inLanguage":"fr-FR","@id":"https:\/\/www.progeriaresearch.org\/ta\/#\/schema\/logo\/image\/","url":"https:\/\/www.progeriaresearch.org\/wp-content\/uploads\/2019\/05\/PRF_Logo_2019_optimized.png","contentUrl":"https:\/\/www.progeriaresearch.org\/wp-content\/uploads\/2019\/05\/PRF_Logo_2019_optimized.png","width":300,"height":86,"caption":"The Progeria Research Foundation"},"image":{"@id":"https:\/\/www.progeriaresearch.org\/ta\/#\/schema\/logo\/image\/"},"sameAs":["https:\/\/www.facebook.com\/ProgeriaResearch\/","https:\/\/x.com\/Progeria","https:\/\/www.instagram.com\/progeriaresearch\/"]}]}},"_links":{"self":[{"href":"https:\/\/www.progeriaresearch.org\/fr\/wp-json\/wp\/v2\/pages\/1897","targetHints":{"allow":["GET"]}}],"collection":[{"href":"https:\/\/www.progeriaresearch.org\/fr\/wp-json\/wp\/v2\/pages"}],"about":[{"href":"https:\/\/www.progeriaresearch.org\/fr\/wp-json\/wp\/v2\/types\/page"}],"author":[{"embeddable":true,"href":"https:\/\/www.progeriaresearch.org\/fr\/wp-json\/wp\/v2\/users\/1"}],"replies":[{"embeddable":true,"href":"https:\/\/www.progeriaresearch.org\/fr\/wp-json\/wp\/v2\/comments?post=1897"}],"version-history":[{"count":0,"href":"https:\/\/www.progeriaresearch.org\/fr\/wp-json\/wp\/v2\/pages\/1897\/revisions"}],"wp:attachment":[{"href":"https:\/\/www.progeriaresearch.org\/fr\/wp-json\/wp\/v2\/media?parent=1897"}],"curies":[{"name":"wp","href":"https:\/\/api.w.org\/{rel}","templated":true}]}}