{"id":20426,"date":"2025-05-13T12:53:15","date_gmt":"2025-05-13T16:53:15","guid":{"rendered":"https:\/\/www.progeriaresearch.org\/?page_id=20426"},"modified":"2025-05-16T08:43:28","modified_gmt":"2025-05-16T12:43:28","slug":"research-grants","status":"publish","type":"page","link":"https:\/\/www.progeriaresearch.org\/fr\/research-grants\/","title":{"rendered":"Bourses de recherche"},"content":{"rendered":"<p>[et_pb_section fb_built=\u201d1\u2033 fullwidth=\u201don\u201d disabled_on=\u201doff|off|off\u201d _builder_version=\u201d4.16\u2033 border_width_bottom=\u201d55px\u201d border_color_bottom=\u201d#29327a\u201d locked=\u201doff\u201d global_colors_info=\u201d{}\u201d][et_pb_fullwidth_header _builder_version=\u201d4.27.4\u2033 title_font=\u201d||||||||\u201d taille_police_titre=\u201d55\u2033 couleur_arri\u00e8re-plan=\u201d#29327a\u201d image_arri\u00e8re-plan=\u201dhttps:\/\/www.progeriaresearch.org\/wp-content\/uploads\/2020\/12\/Alexandra_1920x687.jpg\u201d position_arri\u00e8re-plan=\u201dcentre_gauche\u201d marge_personnalis\u00e9e=\u201d9vw||9vw||true\u201d marge_personnalis\u00e9e_tablette=\u201d\u201d marge_personnalis\u00e9e_t\u00e9l\u00e9phone=\u201d|56px||\u201d marge_personnalis\u00e9e_derni\u00e8re_modification=\u201dsur|ordinateur\u201d taille_police_titre_tablette=\u201d45px\u201d taille_police_titre_t\u00e9l\u00e9phone=\u201d40px\u201d taille_police_titre_derni\u00e8re_modification=\u201dsur|t\u00e9l\u00e9phone\u201d z_index_tablette=\u201d500\u2033 \u00e9l\u00e9ment_css_principal=\u201dposition_arri\u00e8re-plan: centre 18% !important;\u201d global_colors_info=&quot;{}&quot;]<\/p>\n<h1>Recherche<\/h1>\n<h1>Subventions<\/h1>\n<p>[et_pb_fullwidth_header][\/et_pb_section][et_pb_section fb_built=\u201d1\u2033 use_custom_gutter=\u201don\u201d gutter_width=\u201d1\u2033 specialty=\u201don\u201d padding_left_1=\u201d35px\u201d padding_left_2=\u201d35px\u201d padding_2_tablet=\u201d|||0px\u201d padding_2_phone=\u201d|||0px\u201d padding_2_last_edited=\u201don|desktop\u201d module_class_1=\u201dsidebar-secondary-nav\u201d module_class=\u201dhandprint-bg\u201d _builder_version=\u201d4.16\u2033 background_image=\u201dhttps:\/\/www.progeriaresearch.org\/wp-content\/uploads\/2019\/04\/blue-handprint-only.png\u201d parallax=\u201don\u201d parallax_method=\u201doff\u201d inner_width=&quot;100%&quot; inner_max_width=&quot;100%&quot; custom_padding=&quot;0|0px|54px|0px|false|false&quot; z_index_tablet=&quot;500&quot; border_width_top=&quot;10px&quot; border_color_top=&quot;#8fd2ed&quot; use_custom_width=&quot;on&quot; width_unit=&quot;off&quot; custom_width_percent=&quot;100%&quot; global_colors_info=&quot;{}&quot;][et_pb_column type=&quot;1_4&quot; _builder_version=&quot;4.16&quot; custom_padding=&quot;|||&quot; global_colors_info=\u201d{}\u201d custom_padding__hover=\u201d|||\u201d][et_pb_sidebar area=\u201det_pb_widget_area_1\u2033 disabled_on=\u201don|on|off\u201d module_class=\u201dsubpage-sidebars\u201d _builder_version=\u201d4.27.4\u2033 animation_style=\u201dfade\u201d z_index_tablet=\u201d500\u2033 border_width_right=\u201d5px\u201d locked=\u201doff\u201d global_colors_info=\u201d{}\u201d][\/et_pb_sidebar][\/et_pb_column][et_pb_column type=\u201d3_4\u2033 specialty_columns=\u201d3\u2033 _builder_version=\u201d4.16\u2033 custom_padding=\u201d|||\u201d global_colors_info=\u201d{}\u201d custom_padding__hover=\u201d|||\u201d][et_pb_row_inner custom_padding_last_edited=\u201don|phone\u201d _builder_version=\u201d4.16\u2033 custom_padding=\u201d39.4375px|35px|4px||false|false\u201d custom_padding_tablet=\u201d|35px||35px||true\u201d custom_padding_phone=\u201d\u201d animation_direction=\u201dtop\u201d global_colors_info=\u201d{}\u201d][et_pb_column_inner saved_specialty_column_type=\u201d3_4\u2033 _builder_version=\u201d4.16\u2033 custom_padding=\u201d|||\u201d global_colors_info=&quot;{}&quot; custom_padding__hover=&quot;|||&quot;][et_pb_text _builder_version=&quot;4.27.4&quot; background_size=&quot;initial&quot; background_position=&quot;top_left&quot; background_repeat=&quot;repeat&quot; hover_enabled=&quot;0&quot; global_colors_info=&quot;{}&quot; sticky_enabled=&quot;0&quot;]<\/p>\n<p><strong>D\u00e9cembre 2024\u00a0: Mises \u00e0 jour de la structure de financement de la recherche du PRF<\/strong><\/p>\n<p>Lors du sommet du Comit\u00e9 de recherche m\u00e9dicale (MRC) du PRF de d\u00e9cembre 2024, la direction du PRF et le MRC ont mis en \u0153uvre des changements dans son processus d&#039;octroi de subventions.<\/p>\n<p><strong><u>Arri\u00e8re-plan<\/u><\/strong><br \/>En 2000, la Fondation de recherche sur la prog\u00e9ria (PRF) a cr\u00e9\u00e9 son Comit\u00e9 de recherche m\u00e9dicale b\u00e9n\u00e9vole, un groupe de scientifiques brillants et d\u00e9vou\u00e9s qui se r\u00e9unissaient r\u00e9guli\u00e8rement pour examiner les demandes de financement du monde entier. En 24 ans, le Comit\u00e9 de recherche m\u00e9dicale de la PRF a approuv\u00e9 le financement de 85 subventions totalisant plus de 14 millions de livres sterling (1 million de livres sterling) pour des recherches sur la prog\u00e9ria men\u00e9es dans 18 \u00c9tats am\u00e9ricains et 14 pays.<\/p>\n<p>Vous pouvez en lire plus <a href=\"https:\/\/www.progeriaresearch.org\/fr\/grants-funded\/\">ici<\/a> sur les subventions que nous avons financ\u00e9es depuis 1999 et les croquis biologiques des chercheurs.<\/p>\n<p>Lors de la cr\u00e9ation du PRF, il n&#039;existait aucune cause, aucun traitement ni rem\u00e8de pour les enfants atteints de prog\u00e9ria, et les financements de recherche pour soutenir l&#039;exploration de la prog\u00e9ria par la communaut\u00e9 scientifique \u00e9taient quasiment inexistants. Gr\u00e2ce au soutien programmatique du PRF, ce domaine a connu une transformation. Nous sommes pass\u00e9s d&#039;une moyenne de deux publications par an \u00e0 plus de 130 par an, dont la moiti\u00e9 est financ\u00e9e, en tout ou en partie, par le PRF. Nous avons d\u00e9couvert la cause, nous disposons de notre premier traitement approuv\u00e9 par les autorit\u00e9s r\u00e9glementaires, nous avons d\u00e9couvert que la prog\u00e9rine, une prot\u00e9ine responsable de la maladie, non seulement cause la prog\u00e9ria, mais joue \u00e9galement un r\u00f4le dans l&#039;ath\u00e9roscl\u00e9rose et le vieillissement g\u00e9n\u00e9ral, et nos chercheurs ont fait d&#039;innombrables autres d\u00e9couvertes qui constituent la base de notre progression constante vers de nouveaux traitements et un rem\u00e8de contre la prog\u00e9ria.<\/p>\n<p>Tous les deux ou trois ans, le Comit\u00e9 de recherche m\u00e9dicale de la PRF organise un sommet sur le programme de subventions. Son objectif est de mettre \u00e0 jour le programme de subventions de recherche de la PRF afin d&#039;en optimiser l&#039;efficacit\u00e9. Les changements sont guid\u00e9s par les avanc\u00e9es du domaine, les technologies et\/ou d&#039;autres facteurs pertinents.<\/p>\n<p><strong><u>Nouvelle politique de subvention du PRF<br \/><\/u><\/strong>Lors du sommet du MRC du PRF en 2024, la direction du PRF et le MRC ont mis en \u0153uvre un changement dans la strat\u00e9gie de subvention comme suit :<\/p>\n<p>L&#039;appel \u00e0 candidatures semestriel a \u00e9t\u00e9 remplac\u00e9 par deux types de voies de subvention :<\/p>\n<ol>\n<li>Un parcours proactif o\u00f9 le PRF identifie un besoin et recherche les laboratoires les mieux adapt\u00e9s pour mener la recherche qui r\u00e9pondra \u00e0 ce besoin ; et<\/li>\n<li>Un parcours men\u00e9 par l&#039;investigateur o\u00f9 le PRF accueillera des projets de recherche bas\u00e9s sur des communications initi\u00e9es par l&#039;investigateur qui incluent un bref r\u00e9sum\u00e9, via <a href=\"mailto:researchgrants@progeriaresearch.org\" title=\"mailto:researchgrants@progeriaresearch.org\" data-outlook-id=\"4d6169ab-7ed2-4452-98f3-5faec11d2a78\">researchgrants@progeriaresearch.org<\/a><strong>.<\/strong> Il n&#039;y a pas de date limite pour ces communications, et les propositions compl\u00e8tes sont soumises sur invitation uniquement. Le PRF fera appel \u00e0 des experts pour examiner la proposition de recherche compl\u00e8te.<\/li>\n<\/ol>\n<p>Nous sommes extr\u00eamement reconnaissants envers les b\u00e9n\u00e9voles de notre comit\u00e9 de recherche m\u00e9dicale qui ont contribu\u00e9 \u00e0 faire avancer la trajectoire de la recherche sur la prog\u00e9ria de mani\u00e8re si significative.<\/p>\n<p>[\/et_pb_text][\/et_pb_column_inner][\/et_pb_row_inner][et_pb_row_inner _builder_version=\u201d4.27.4\u2033 _module_preset=\u201ddefault\u201d custom_padding=\u201d22px|||||\u201d global_colors_info=\u201d{}\u201d][et_pb_column_inner saved_specialty_column_type=\u201d3_4\u2033 _builder_version=\u201d4.27.4\u2033 _module_preset=\u201ddefault\u201d global_colors_info=\u201d{}\u201d][et_pb_text _builder_version=\u201d4.27.4\u2033 _module_preset=\u201ddefault\u201d custom_margin=\u201d||17px|||\u201d global_colors_info=\u201d{}\u201d]<\/p>\n<p style=\"text-align: center;\"><img loading=\"lazy\" decoding=\"async\" src=\"https:\/\/www.progeriaresearch.org\/wp-content\/uploads\/2025\/05\/MRC-committee-1024x546.jpg\" width=\"643\" height=\"343\" alt=\"\" class=\"wp-image-20434 aligncenter size-large\" \/><b>Sur la photo ci-dessus, de gauche \u00e0 droite, on voit : <\/b><span>W. Robert Bishop, Ph. D.<\/span><b>, <\/b><span>Thomas Glover, PhD, Vicente Andres Garcia, PhD, Leslie Gordon, MD, PhD,<br \/><\/span><span>Christine Harling-Berg, PhD, Bryan P. Toole, PhD (MRC <\/span><b>Pr\u00e9sident), <\/b><span>Maria Eriksson, PhD, et W. Ted Brown, MD, PhD<\/span><\/p>\n<p>[\/et_pb_text][et_pb_text _builder_version=\u201d4.27.4\u2033 _module_preset=\u201ddefault\u201d global_colors_info=\u201d{}\u201d]<\/p>\n<p style=\"text-align: center;\"><img loading=\"lazy\" decoding=\"async\" src=\"https:\/\/www.progeriaresearch.org\/wp-content\/uploads\/2025\/05\/KleinmanSam07Moses.jpg\" width=\"548\" height=\"300\" alt=\"\" class=\"wp-image-20481 aligncenter size-full\" srcset=\"https:\/\/www.progeriaresearch.org\/wp-content\/uploads\/2025\/05\/KleinmanSam07Moses.jpg 548w, https:\/\/www.progeriaresearch.org\/wp-content\/uploads\/2025\/05\/KleinmanSam07Moses-480x263.jpg 480w\" sizes=\"(min-width: 0px) and (max-width: 480px) 480px, (min-width: 481px) 548px, 100vw\" \/><span><strong>Non repr\u00e9sent\u00e9 ci-dessus de gauche \u00e0 droite<\/strong>: Monica Kleinman, MD (vue ici avec Sam Berns en 2007) et Marsha Moses, MD, PhD<\/span><\/p>\n<p>[\/et_pb_text][et_pb_text _builder_version=\u201d4.27.4\u2033 _module_preset=\u201ddefault\u201d global_colors_info=\u201d{}\u201d]<\/p>\n<p><strong><u>Rejoignez-nous !<br \/><\/u><\/strong>Le PRF organise des ateliers scientifiques biannuels, o\u00f9 la communaut\u00e9 de recherche se r\u00e9unit pour partager des donn\u00e9es, collaborer et stimuler la prochaine vague de progr\u00e8s vers la gu\u00e9rison. <strong><em>Nous encourageons tous les chercheurs et cliniciens impliqu\u00e9s ou int\u00e9ress\u00e9s par la recherche sur la prog\u00e9ria vers de nouveaux traitements et un rem\u00e8de \u00e0 assister \u00e0 notre prochain atelier scientifique, pr\u00e9vu en octobre 2025 \u00e0 Cambridge, MA.<\/em><\/strong>. <a href=\"https:\/\/www.progeriaresearch.org\/fr\/2025registration\/\"><strong>Inscrivez-vous ici.\u00a0<\/strong><\/a><\/p>\n<p>[\/et_pb_text][\/et_pb_column_inner][\/et_pb_row_inner][\/et_pb_column][\/et_pb_section][et_pb_section fb_built=\u201d1\u2033 module_class=\u201dfooter\u201d _builder_version=\u201d4.21.0\u2033 background_color=\u201d#29327a\u201d custom_margin=\u201d-2px|||||\u201d custom_padding=\u201d0|0px|0|0px|false|false\u201d z_index_tablet=\u201d500\u2033 border_width_top=\u201d12px\u201d border_color_top=\u201d#00b2e2\u2033 global_module=\u201d133\u2033 locked=\u201doff\u201d global_colors_info=\u201d{}\u201d][et_pb_row column_structure=\u201d1_4,1_4,1_2\u2033 make_equal=\u201don\u201d module_class=\u201d et_pb_row_fullwidth\u201d _builder_version=\u201d4.16\u2033 width=\u201d89%\u201d width_tablet=\u201d80%\u201d width_phone=\u201d\u201d width_last_edited=\u201don|desktop\u201d max_width=\u201d89%\u201d max_width_tablet=\u201d80%\u201d max_width_phone=\u201d\u201d max_width_last_edited=\u201don|desktop\u201d z_index_tablet=\u201d500\u2033 make_fullwidth=\u201don\u201d width_unit=\u201doff\u201d custom_width_percent=\u201d100%\u201d global_colors_info=\u201d{}\u201d][et_pb_column type=\u201d1_4\u2033 _builder_version=\u201d4.16\u2033 custom_padding=\u201d|||\u201d global_colors_info=\u201d{}\u201d custom_padding__hover=\u201d|||\u201d][et_pb_cta button_url=\u201dhttps:\/\/lp.constantcontactpages.com\/sl\/88gWWwz\u201d button_text=\u201dS&#039;inscrire maintenant\u201d admin_label=\u201dS&#039;inscrire aux mises \u00e0 jour\u201d module_class=\u201dsign-btn\u201d _builder_version=\u201d4.27.4\u2033 header_font_size=\u201d25px\u201d background_color=\u201d#29327a\u201d animation_style=\u201dslide\u201d animation_direction=\u201dleft\u201d animation_intensity_slide=\u201d25%\u201d link_option_url=\u201dhttps:\/\/lp.constantcontactpages.com\/sl\/88gWWwz\u201d header_font_size_tablet=\u201d\u201d header_font_size_phone=\u201d30px\u201d header_font_size_last_edited=\u201don|desktop\u201d z_index_tablet=\u201d500\u2033 border_radii=\u201don|25px|25px|25px|25px\u201d global_colors_info=\u201d{}\u201d button_bg_color__hover_enabled=\u201don\u201d button_bg_color__hover=\u201d#8fd2ed\u201d button_border_color__hover_enabled=\u201don\u201d]<\/p>\n<h2>S&#039;inscrire<\/h2>\n<h2>pour notre<\/h2>\n<h2>Mises \u00e0 jour\u00a0!<\/h2>\n<p>[\/et_pb_cta][\/et_pb_column][et_pb_column type=\u201d1_4\u2033 _builder_version=\u201d4.16\u2033 custom_padding=\u201d|||\u201d global_colors_info=\u201d{}\u201d custom_padding__hover=\u201d|||\u201d][et_pb_cta button_url=\u201dhttps:\/\/progeriaresearch.donorsupport.co\/-\/XZHJVWZR\u201d button_text=\u201dFaites un don maintenant\u201d admin_label=\u201dEnsemble, nous trouverons le rem\u00e8de !\u201d module_class=\u201dsign-btn\u201d _builder_version=\u201d4.16\u2033 header_font_size=\u201d25px\u201d background_color=\u201d#29327a\u201d animation_style=\u201dslide\u201d animation_direction=\u201dleft\u201d animation_intensity_slide=\u201d25%\u201d header_font_size_tablet=\u201d\u201d header_font_size_phone=\u201d30px\u201d header_font_size_last_edited=\u201don|desktop\u201d body_font_size_tablet=\u201d\u201d body_font_size_phone=\u201d\u201d body_font_size_last_edited=\u201don|desktop\u201d z_index_tablet=\u201d500\u2033 border_radii=\u201don|25px|25px|25px|25px\u201d global_colors_info=\u201d{}\u201d button_bg_color__hover_enabled=\u201don\u201d bouton_bg_color__hover=\u201d#8fd2ed\u201d bouton_border_color__hover_enabled=\u201don\u201d]<\/p>\n<h2>Ensemble, nous<\/h2>\n<h2><em>VOLONT\u00c9<\/em><\/h2>\n<h2>trouve le rem\u00e8de !<\/h2>\n<p>[\/et_pb_cta][\/et_pb_column][et_pb_column type=\u201d1_2\u2033 _builder_version=\u201d4.16\u2033 custom_padding=\u201d|||\u201d global_colors_info=\u201d{}\u201d custom_padding__hover=\u201d|||\u201d][et_pb_image src=\u201dhttps:\/\/www.progeriaresearch.org\/wp-content\/uploads\/2025\/05\/2025-strip-for-website-footer-no-years.png\u201d title_text=\u201dBande 2025 pour pied de page de site web sans ann\u00e9es\u201d _builder_version=\u201d4.27.4\u2033 _module_preset=\u201ddefault\u201d custom_margin=\u201d35px||||false|false\u201d global_colors_info=\u201d{}\u201d][\/et_pb_image][\/et_pb_column][\/et_pb_row][\/et_pb_section]<\/p>","protected":false},"excerpt":{"rendered":"<p>Bourses de recherche - D\u00e9cembre 2024\u00a0: Mises \u00e0 jour de la structure de financement de la recherche de la PRF. Lors du sommet du Comit\u00e9 de recherche m\u00e9dicale (CRM) de la PRF en d\u00e9cembre 2024, la direction de la PRF et le CRM ont apport\u00e9 des modifications \u00e0 son processus de financement. Contexte\u00a0: En 2000, la Fondation de recherche sur la prog\u00e9ria (PRF) a cr\u00e9\u00e9 son Comit\u00e9 de recherche m\u00e9dicale b\u00e9n\u00e9vole, un groupe de scientifiques brillants et d\u00e9vou\u00e9s qui se r\u00e9unissaient r\u00e9guli\u00e8rement pour examiner [\u2026]<\/p>","protected":false},"author":2,"featured_media":0,"parent":0,"menu_order":0,"comment_status":"closed","ping_status":"closed","template":"","meta":{"_et_pb_use_builder":"on","_et_pb_old_content":"","_et_gb_content_width":"","footnotes":"","_links_to":"","_links_to_target":""},"class_list":["post-20426","page","type-page","status-publish","hentry"],"yoast_head":"<!-- This site is optimized with the Yoast SEO plugin v26.8 - https:\/\/yoast.com\/product\/yoast-seo-wordpress\/ -->\n<title>Research Grants | The Progeria Research Foundation<\/title>\n<meta name=\"robots\" content=\"index, follow, max-snippet:-1, max-image-preview:large, max-video-preview:-1\" \/>\n<link rel=\"canonical\" href=\"https:\/\/www.progeriaresearch.org\/fr\/research-grants\/\" \/>\n<meta property=\"og:locale\" content=\"fr_FR\" \/>\n<meta property=\"og:type\" content=\"article\" \/>\n<meta property=\"og:title\" content=\"Research Grants | The Progeria Research Foundation\" \/>\n<meta property=\"og:description\" content=\"Research GrantsDecember 2024: Updates to PRF\u2019s Research Granting Structure At PRF\u2019s December 2024 Medical Research Committee (MRC) Summit, PRF leadership and the MRC implemented changes to its granting process. BackgroundIn 2000, The Progeria Research Foundation (PRF) formed its volunteer Medical Research Committee - a group of brilliant and dedicated scientists who regularly met to review [&hellip;]\" \/>\n<meta property=\"og:url\" content=\"https:\/\/www.progeriaresearch.org\/fr\/research-grants\/\" \/>\n<meta property=\"og:site_name\" content=\"The Progeria Research Foundation\" \/>\n<meta property=\"article:publisher\" content=\"https:\/\/www.facebook.com\/ProgeriaResearch\/\" \/>\n<meta property=\"article:modified_time\" content=\"2025-05-16T12:43:28+00:00\" \/>\n<meta property=\"og:image\" content=\"https:\/\/www.progeriaresearch.org\/wp-content\/uploads\/2025\/05\/MRC-committee-1024x546.jpg\" \/>\n<meta name=\"twitter:card\" content=\"summary_large_image\" \/>\n<meta name=\"twitter:site\" content=\"@Progeria\" \/>\n<meta name=\"twitter:label1\" content=\"Est. reading time\" \/>\n\t<meta name=\"twitter:data1\" content=\"3 minutes\" \/>\n<script type=\"application\/ld+json\" class=\"yoast-schema-graph\">{\"@context\":\"https:\/\/schema.org\",\"@graph\":[{\"@type\":\"WebPage\",\"@id\":\"https:\/\/www.progeriaresearch.org\/ru\/research-grants\/\",\"url\":\"https:\/\/www.progeriaresearch.org\/ru\/research-grants\/\",\"name\":\"Research Grants | The Progeria Research Foundation\",\"isPartOf\":{\"@id\":\"https:\/\/www.progeriaresearch.org\/ta\/#website\"},\"primaryImageOfPage\":{\"@id\":\"https:\/\/www.progeriaresearch.org\/ru\/research-grants\/#primaryimage\"},\"image\":{\"@id\":\"https:\/\/www.progeriaresearch.org\/ru\/research-grants\/#primaryimage\"},\"thumbnailUrl\":\"https:\/\/www.progeriaresearch.org\/wp-content\/uploads\/2025\/05\/MRC-committee-1024x546.jpg\",\"datePublished\":\"2025-05-13T16:53:15+00:00\",\"dateModified\":\"2025-05-16T12:43:28+00:00\",\"breadcrumb\":{\"@id\":\"https:\/\/www.progeriaresearch.org\/ru\/research-grants\/#breadcrumb\"},\"inLanguage\":\"fr-FR\",\"potentialAction\":[{\"@type\":\"ReadAction\",\"target\":[\"https:\/\/www.progeriaresearch.org\/ru\/research-grants\/\"]}]},{\"@type\":\"ImageObject\",\"inLanguage\":\"fr-FR\",\"@id\":\"https:\/\/www.progeriaresearch.org\/ru\/research-grants\/#primaryimage\",\"url\":\"https:\/\/www.progeriaresearch.org\/wp-content\/uploads\/2025\/05\/MRC-committee-1024x546.jpg\",\"contentUrl\":\"https:\/\/www.progeriaresearch.org\/wp-content\/uploads\/2025\/05\/MRC-committee-1024x546.jpg\"},{\"@type\":\"BreadcrumbList\",\"@id\":\"https:\/\/www.progeriaresearch.org\/ru\/research-grants\/#breadcrumb\",\"itemListElement\":[{\"@type\":\"ListItem\",\"position\":1,\"name\":\"Home\",\"item\":\"https:\/\/www.progeriaresearch.org\/\"},{\"@type\":\"ListItem\",\"position\":2,\"name\":\"Research Grants\"}]},{\"@type\":\"WebSite\",\"@id\":\"https:\/\/www.progeriaresearch.org\/ta\/#website\",\"url\":\"https:\/\/www.progeriaresearch.org\/ta\/\",\"name\":\"The Progeria Research Foundation\",\"description\":\"For the Children \u2665 For the Cure\",\"publisher\":{\"@id\":\"https:\/\/www.progeriaresearch.org\/ta\/#organization\"},\"potentialAction\":[{\"@type\":\"SearchAction\",\"target\":{\"@type\":\"EntryPoint\",\"urlTemplate\":\"https:\/\/www.progeriaresearch.org\/ta\/?s={search_term_string}\"},\"query-input\":{\"@type\":\"PropertyValueSpecification\",\"valueRequired\":true,\"valueName\":\"search_term_string\"}}],\"inLanguage\":\"fr-FR\"},{\"@type\":\"Organization\",\"@id\":\"https:\/\/www.progeriaresearch.org\/ta\/#organization\",\"name\":\"The Progeria Research Foundation\",\"url\":\"https:\/\/www.progeriaresearch.org\/ta\/\",\"logo\":{\"@type\":\"ImageObject\",\"inLanguage\":\"fr-FR\",\"@id\":\"https:\/\/www.progeriaresearch.org\/ta\/#\/schema\/logo\/image\/\",\"url\":\"https:\/\/www.progeriaresearch.org\/wp-content\/uploads\/2019\/05\/PRF_Logo_2019_optimized.png\",\"contentUrl\":\"https:\/\/www.progeriaresearch.org\/wp-content\/uploads\/2019\/05\/PRF_Logo_2019_optimized.png\",\"width\":300,\"height\":86,\"caption\":\"The Progeria Research Foundation\"},\"image\":{\"@id\":\"https:\/\/www.progeriaresearch.org\/ta\/#\/schema\/logo\/image\/\"},\"sameAs\":[\"https:\/\/www.facebook.com\/ProgeriaResearch\/\",\"https:\/\/x.com\/Progeria\",\"https:\/\/www.instagram.com\/progeriaresearch\/\"]}]}<\/script>\n<!-- \/ Yoast SEO plugin. -->","yoast_head_json":{"title":"Subventions de recherche | Fondation de recherche sur la prog\u00e9ria","robots":{"index":"index","follow":"follow","max-snippet":"max-snippet:-1","max-image-preview":"max-image-preview:large","max-video-preview":"max-video-preview:-1"},"canonical":"https:\/\/www.progeriaresearch.org\/fr\/research-grants\/","og_locale":"fr_FR","og_type":"article","og_title":"Research Grants | The Progeria Research Foundation","og_description":"Research GrantsDecember 2024: Updates to PRF\u2019s Research Granting Structure At PRF\u2019s December 2024 Medical Research Committee (MRC) Summit, PRF leadership and the MRC implemented changes to its granting process. BackgroundIn 2000, The Progeria Research Foundation (PRF) formed its volunteer Medical Research Committee - a group of brilliant and dedicated scientists who regularly met to review [&hellip;]","og_url":"https:\/\/www.progeriaresearch.org\/fr\/research-grants\/","og_site_name":"The Progeria Research Foundation","article_publisher":"https:\/\/www.facebook.com\/ProgeriaResearch\/","article_modified_time":"2025-05-16T12:43:28+00:00","og_image":[{"url":"https:\/\/www.progeriaresearch.org\/wp-content\/uploads\/2025\/05\/MRC-committee-1024x546.jpg","type":"","width":"","height":""}],"twitter_card":"summary_large_image","twitter_site":"@Progeria","twitter_misc":{"Est. reading time":"3 minutes"},"schema":{"@context":"https:\/\/schema.org","@graph":[{"@type":"WebPage","@id":"https:\/\/www.progeriaresearch.org\/ru\/research-grants\/","url":"https:\/\/www.progeriaresearch.org\/ru\/research-grants\/","name":"Subventions de recherche | Fondation de recherche sur la prog\u00e9ria","isPartOf":{"@id":"https:\/\/www.progeriaresearch.org\/ta\/#website"},"primaryImageOfPage":{"@id":"https:\/\/www.progeriaresearch.org\/ru\/research-grants\/#primaryimage"},"image":{"@id":"https:\/\/www.progeriaresearch.org\/ru\/research-grants\/#primaryimage"},"thumbnailUrl":"https:\/\/www.progeriaresearch.org\/wp-content\/uploads\/2025\/05\/MRC-committee-1024x546.jpg","datePublished":"2025-05-13T16:53:15+00:00","dateModified":"2025-05-16T12:43:28+00:00","breadcrumb":{"@id":"https:\/\/www.progeriaresearch.org\/ru\/research-grants\/#breadcrumb"},"inLanguage":"fr-FR","potentialAction":[{"@type":"ReadAction","target":["https:\/\/www.progeriaresearch.org\/ru\/research-grants\/"]}]},{"@type":"ImageObject","inLanguage":"fr-FR","@id":"https:\/\/www.progeriaresearch.org\/ru\/research-grants\/#primaryimage","url":"https:\/\/www.progeriaresearch.org\/wp-content\/uploads\/2025\/05\/MRC-committee-1024x546.jpg","contentUrl":"https:\/\/www.progeriaresearch.org\/wp-content\/uploads\/2025\/05\/MRC-committee-1024x546.jpg"},{"@type":"BreadcrumbList","@id":"https:\/\/www.progeriaresearch.org\/ru\/research-grants\/#breadcrumb","itemListElement":[{"@type":"ListItem","position":1,"name":"Home","item":"https:\/\/www.progeriaresearch.org\/"},{"@type":"ListItem","position":2,"name":"Research Grants"}]},{"@type":"WebSite","@id":"https:\/\/www.progeriaresearch.org\/ta\/#website","url":"https:\/\/www.progeriaresearch.org\/ta\/","name":"La Fondation de recherche sur la prog\u00e9ria","description":"Pour les enfants \u2665 Pour la gu\u00e9rison","publisher":{"@id":"https:\/\/www.progeriaresearch.org\/ta\/#organization"},"potentialAction":[{"@type":"SearchAction","target":{"@type":"EntryPoint","urlTemplate":"https:\/\/www.progeriaresearch.org\/ta\/?s={search_term_string}"},"query-input":{"@type":"PropertyValueSpecification","valueRequired":true,"valueName":"search_term_string"}}],"inLanguage":"fr-FR"},{"@type":"Organization","@id":"https:\/\/www.progeriaresearch.org\/ta\/#organization","name":"La Fondation de recherche sur la prog\u00e9ria","url":"https:\/\/www.progeriaresearch.org\/ta\/","logo":{"@type":"ImageObject","inLanguage":"fr-FR","@id":"https:\/\/www.progeriaresearch.org\/ta\/#\/schema\/logo\/image\/","url":"https:\/\/www.progeriaresearch.org\/wp-content\/uploads\/2019\/05\/PRF_Logo_2019_optimized.png","contentUrl":"https:\/\/www.progeriaresearch.org\/wp-content\/uploads\/2019\/05\/PRF_Logo_2019_optimized.png","width":300,"height":86,"caption":"The Progeria Research Foundation"},"image":{"@id":"https:\/\/www.progeriaresearch.org\/ta\/#\/schema\/logo\/image\/"},"sameAs":["https:\/\/www.facebook.com\/ProgeriaResearch\/","https:\/\/x.com\/Progeria","https:\/\/www.instagram.com\/progeriaresearch\/"]}]}},"_links":{"self":[{"href":"https:\/\/www.progeriaresearch.org\/fr\/wp-json\/wp\/v2\/pages\/20426","targetHints":{"allow":["GET"]}}],"collection":[{"href":"https:\/\/www.progeriaresearch.org\/fr\/wp-json\/wp\/v2\/pages"}],"about":[{"href":"https:\/\/www.progeriaresearch.org\/fr\/wp-json\/wp\/v2\/types\/page"}],"author":[{"embeddable":true,"href":"https:\/\/www.progeriaresearch.org\/fr\/wp-json\/wp\/v2\/users\/2"}],"replies":[{"embeddable":true,"href":"https:\/\/www.progeriaresearch.org\/fr\/wp-json\/wp\/v2\/comments?post=20426"}],"version-history":[{"count":0,"href":"https:\/\/www.progeriaresearch.org\/fr\/wp-json\/wp\/v2\/pages\/20426\/revisions"}],"wp:attachment":[{"href":"https:\/\/www.progeriaresearch.org\/fr\/wp-json\/wp\/v2\/media?parent=20426"}],"curies":[{"name":"wp","href":"https:\/\/api.w.org\/{rel}","templated":true}]}}