{"id":2475,"date":"2017-06-20T20:35:59","date_gmt":"2017-06-20T20:35:59","guid":{"rendered":"https:\/\/www.progeriaresearch.org\/?page_id=2475"},"modified":"2019-04-30T14:45:15","modified_gmt":"2019-04-30T14:45:15","slug":"september-18-2010-in-monroe-mi1st-annual-lindsay-ratcliffe-golf-outing-raises-nearly-7000","status":"publish","type":"page","link":"https:\/\/www.progeriaresearch.org\/fr\/september-18-2010-in-monroe-mi1st-annual-lindsay-ratcliffe-golf-outing-raises-nearly-7000\/","title":{"rendered":"18 septembre 2010 \u00e0 Monroe, MI : la premi\u00e8re sortie de golf annuelle de Lindsay Ratcliffe a permis de r\u00e9colter pr\u00e8s de $7 000 !"},"content":{"rendered":"<p><a href=\"https:\/\/www.progeriaresearch.org\/fr\/michigan-chapter\/\">Chapitre du Michigan<\/a><\/p>\n<p>La premi\u00e8re sortie golf annuelle Lindsay Ratcliffe, organis\u00e9e par la section Michigan de la PRF, a \u00e9t\u00e9 un franc succ\u00e8s ! Organis\u00e9e en l&#039;honneur de Lindsay Ratcliffe, 100 golfeurs ont profit\u00e9 d&#039;une journ\u00e9e sur le parcours en jouant dans un format amical de scramble \u00e0 quatre. Un public encore plus nombreux s&#039;est d\u00e9plac\u00e9 pour rejoindre Lindsay et sa famille lors du d\u00eener et de la tombola d&#039;apr\u00e8s-match.<\/p>\n<p>Un merci sp\u00e9cial \u00e0 l&#039;organisatrice Ellen Dulecki et aux sponsors Gold du chapitre du Michigan\u00a0: Expert Services, Buck&#039;s Oil, Title One, LLC et City Medical. Merci \u00e9galement \u00e0 tous les joueurs, donateurs et b\u00e9n\u00e9voles qui ont particip\u00e9 \u00e0 cet \u00e9v\u00e9nement inaugural exceptionnel.<span id=\"_plain_text_marker\">\u00a0<\/span><\/p>\n<table border=\"0\" cellpadding=\"4\" align=\"center\">\n<tbody>\n<tr>\n<td><img loading=\"lazy\" decoding=\"async\" src=\"https:\/\/web.archive.org\/web\/20170216034149im_\/https:\/\/www.progeriaresearch.org\/assets\/images\/events_images\/LindsayLinks.jpg\" alt=\"\" width=\"185\" height=\"241\" \/><strong><br \/>\nLindsay sur les liens<\/strong><\/td>\n<td><strong><img loading=\"lazy\" decoding=\"async\" src=\"https:\/\/web.archive.org\/web\/20170216034149im_\/https:\/\/www.progeriaresearch.org\/assets\/images\/events_images\/034.jpg\" alt=\"\" width=\"300\" height=\"225\" \/><br \/>\nJoe, Lindsay et Kristy Ratcliffe ont<br \/>\ns&#039;amuser en voiturette de golf<\/strong><\/td>\n<\/tr>\n<\/tbody>\n<\/table>\n<table border=\"0\">\n<tbody>\n<tr>\n<td><strong>Nos golfeurs sponsors Gold<\/strong><span id=\"_plain_text_marker\"><br \/>\n<\/span><\/td>\n<\/tr>\n<tr>\n<td><img loading=\"lazy\" decoding=\"async\" src=\"https:\/\/web.archive.org\/web\/20170216034149im_\/https:\/\/www.progeriaresearch.org\/assets\/images\/events_images\/048.jpg\" alt=\"\" width=\"300\" height=\"180\" \/><\/td>\n<\/tr>\n<tr>\n<td><img loading=\"lazy\" decoding=\"async\" src=\"https:\/\/web.archive.org\/web\/20170216034149im_\/https:\/\/www.progeriaresearch.org\/assets\/images\/events_images\/011.jpg\" alt=\"\" width=\"300\" height=\"189\" \/><\/td>\n<\/tr>\n<tr>\n<td><img loading=\"lazy\" decoding=\"async\" src=\"https:\/\/web.archive.org\/web\/20170216034149im_\/https:\/\/www.progeriaresearch.org\/assets\/images\/events_images\/023.jpg\" alt=\"\" width=\"300\" height=\"235\" \/><\/td>\n<\/tr>\n<\/tbody>\n<\/table>","protected":false},"excerpt":{"rendered":"<p>Michigan Chapter The 1st Annual Lindsay Ratcliffe Golf Outing organized by PRF&#8217;s Michigan Chapter was a rousing success! Held in honor of Lindsay Ratcliffe, 100 golfers enjoyed a day on the links as they played in a friendly, 4-person scramble format. Even more people came out to join Lindsay and her family at the post-golf [&hellip;]<\/p>","protected":false},"author":1,"featured_media":0,"parent":0,"menu_order":0,"comment_status":"closed","ping_status":"closed","template":"","meta":{"_et_pb_use_builder":"","_et_pb_old_content":"","_et_gb_content_width":"","footnotes":"","_links_to":"","_links_to_target":""},"class_list":["post-2475","page","type-page","status-publish","hentry"],"yoast_head":"<!-- This site is optimized with the Yoast SEO plugin v26.8 - https:\/\/yoast.com\/product\/yoast-seo-wordpress\/ -->\n<title>September 18, 2010 in Monroe, MI:1st Annual Lindsay Ratcliffe Golf Outing Raises Nearly $7,000! - The Progeria Research Foundation<\/title>\n<meta name=\"robots\" content=\"index, follow, max-snippet:-1, max-image-preview:large, max-video-preview:-1\" \/>\n<link rel=\"canonical\" href=\"https:\/\/www.progeriaresearch.org\/fr\/september-18-2010-in-monroe-mi1st-annual-lindsay-ratcliffe-golf-outing-raises-nearly-7000\/\" \/>\n<meta property=\"og:locale\" content=\"fr_FR\" \/>\n<meta property=\"og:type\" content=\"article\" \/>\n<meta property=\"og:title\" content=\"September 18, 2010 in Monroe, MI:1st Annual Lindsay Ratcliffe Golf Outing Raises Nearly $7,000! - The Progeria Research Foundation\" \/>\n<meta property=\"og:description\" content=\"Michigan Chapter The 1st Annual Lindsay Ratcliffe Golf Outing organized by PRF&#8217;s Michigan Chapter was a rousing success! Held in honor of Lindsay Ratcliffe, 100 golfers enjoyed a day on the links as they played in a friendly, 4-person scramble format. Even more people came out to join Lindsay and her family at the post-golf [&hellip;]\" \/>\n<meta property=\"og:url\" content=\"https:\/\/www.progeriaresearch.org\/fr\/september-18-2010-in-monroe-mi1st-annual-lindsay-ratcliffe-golf-outing-raises-nearly-7000\/\" \/>\n<meta property=\"og:site_name\" content=\"The Progeria Research Foundation\" \/>\n<meta property=\"article:publisher\" content=\"https:\/\/www.facebook.com\/ProgeriaResearch\/\" \/>\n<meta property=\"article:modified_time\" content=\"2019-04-30T14:45:15+00:00\" \/>\n<meta property=\"og:image\" content=\"https:\/\/web.archive.org\/web\/20170216034149im_\/https:\/\/www.progeriaresearch.org\/assets\/images\/events_images\/LindsayLinks.jpg\" \/>\n<meta name=\"twitter:card\" content=\"summary_large_image\" \/>\n<meta name=\"twitter:site\" content=\"@Progeria\" \/>\n<meta name=\"twitter:label1\" content=\"Est. reading time\" \/>\n\t<meta name=\"twitter:data1\" content=\"1 minute\" \/>\n<script type=\"application\/ld+json\" class=\"yoast-schema-graph\">{\"@context\":\"https:\/\/schema.org\",\"@graph\":[{\"@type\":\"WebPage\",\"@id\":\"https:\/\/www.progeriaresearch.org\/id\/september-18-2010-in-monroe-mi1st-annual-lindsay-ratcliffe-golf-outing-raises-nearly-7000\/\",\"url\":\"https:\/\/www.progeriaresearch.org\/id\/september-18-2010-in-monroe-mi1st-annual-lindsay-ratcliffe-golf-outing-raises-nearly-7000\/\",\"name\":\"September 18, 2010 in Monroe, MI:1st Annual Lindsay Ratcliffe Golf Outing Raises Nearly $7,000! - The Progeria Research Foundation\",\"isPartOf\":{\"@id\":\"https:\/\/www.progeriaresearch.org\/ta\/#website\"},\"primaryImageOfPage\":{\"@id\":\"https:\/\/www.progeriaresearch.org\/id\/september-18-2010-in-monroe-mi1st-annual-lindsay-ratcliffe-golf-outing-raises-nearly-7000\/#primaryimage\"},\"image\":{\"@id\":\"https:\/\/www.progeriaresearch.org\/id\/september-18-2010-in-monroe-mi1st-annual-lindsay-ratcliffe-golf-outing-raises-nearly-7000\/#primaryimage\"},\"thumbnailUrl\":\"https:\/\/web.archive.org\/web\/20170216034149im_\/https:\/\/www.progeriaresearch.org\/assets\/images\/events_images\/LindsayLinks.jpg\",\"datePublished\":\"2017-06-20T20:35:59+00:00\",\"dateModified\":\"2019-04-30T14:45:15+00:00\",\"breadcrumb\":{\"@id\":\"https:\/\/www.progeriaresearch.org\/id\/september-18-2010-in-monroe-mi1st-annual-lindsay-ratcliffe-golf-outing-raises-nearly-7000\/#breadcrumb\"},\"inLanguage\":\"fr-FR\",\"potentialAction\":[{\"@type\":\"ReadAction\",\"target\":[\"https:\/\/www.progeriaresearch.org\/id\/september-18-2010-in-monroe-mi1st-annual-lindsay-ratcliffe-golf-outing-raises-nearly-7000\/\"]}]},{\"@type\":\"ImageObject\",\"inLanguage\":\"fr-FR\",\"@id\":\"https:\/\/www.progeriaresearch.org\/id\/september-18-2010-in-monroe-mi1st-annual-lindsay-ratcliffe-golf-outing-raises-nearly-7000\/#primaryimage\",\"url\":\"https:\/\/web.archive.org\/web\/20170216034149im_\/https:\/\/www.progeriaresearch.org\/assets\/images\/events_images\/LindsayLinks.jpg\",\"contentUrl\":\"https:\/\/web.archive.org\/web\/20170216034149im_\/https:\/\/www.progeriaresearch.org\/assets\/images\/events_images\/LindsayLinks.jpg\"},{\"@type\":\"BreadcrumbList\",\"@id\":\"https:\/\/www.progeriaresearch.org\/id\/september-18-2010-in-monroe-mi1st-annual-lindsay-ratcliffe-golf-outing-raises-nearly-7000\/#breadcrumb\",\"itemListElement\":[{\"@type\":\"ListItem\",\"position\":1,\"name\":\"Home\",\"item\":\"https:\/\/www.progeriaresearch.org\/\"},{\"@type\":\"ListItem\",\"position\":2,\"name\":\"September 18, 2010 in Monroe, MI:1st Annual Lindsay Ratcliffe Golf Outing Raises Nearly $7,000!\"}]},{\"@type\":\"WebSite\",\"@id\":\"https:\/\/www.progeriaresearch.org\/ta\/#website\",\"url\":\"https:\/\/www.progeriaresearch.org\/ta\/\",\"name\":\"The Progeria Research Foundation\",\"description\":\"For the Children \u2665 For the Cure\",\"publisher\":{\"@id\":\"https:\/\/www.progeriaresearch.org\/ta\/#organization\"},\"potentialAction\":[{\"@type\":\"SearchAction\",\"target\":{\"@type\":\"EntryPoint\",\"urlTemplate\":\"https:\/\/www.progeriaresearch.org\/ta\/?s={search_term_string}\"},\"query-input\":{\"@type\":\"PropertyValueSpecification\",\"valueRequired\":true,\"valueName\":\"search_term_string\"}}],\"inLanguage\":\"fr-FR\"},{\"@type\":\"Organization\",\"@id\":\"https:\/\/www.progeriaresearch.org\/ta\/#organization\",\"name\":\"The Progeria Research Foundation\",\"url\":\"https:\/\/www.progeriaresearch.org\/ta\/\",\"logo\":{\"@type\":\"ImageObject\",\"inLanguage\":\"fr-FR\",\"@id\":\"https:\/\/www.progeriaresearch.org\/ta\/#\/schema\/logo\/image\/\",\"url\":\"https:\/\/www.progeriaresearch.org\/wp-content\/uploads\/2019\/05\/PRF_Logo_2019_optimized.png\",\"contentUrl\":\"https:\/\/www.progeriaresearch.org\/wp-content\/uploads\/2019\/05\/PRF_Logo_2019_optimized.png\",\"width\":300,\"height\":86,\"caption\":\"The Progeria Research Foundation\"},\"image\":{\"@id\":\"https:\/\/www.progeriaresearch.org\/ta\/#\/schema\/logo\/image\/\"},\"sameAs\":[\"https:\/\/www.facebook.com\/ProgeriaResearch\/\",\"https:\/\/x.com\/Progeria\",\"https:\/\/www.instagram.com\/progeriaresearch\/\"]}]}<\/script>\n<!-- \/ Yoast SEO plugin. -->","yoast_head_json":{"title":"September 18, 2010 in Monroe, MI:1st Annual Lindsay Ratcliffe Golf Outing Raises Nearly $7,000! - The Progeria Research Foundation","robots":{"index":"index","follow":"follow","max-snippet":"max-snippet:-1","max-image-preview":"max-image-preview:large","max-video-preview":"max-video-preview:-1"},"canonical":"https:\/\/www.progeriaresearch.org\/fr\/september-18-2010-in-monroe-mi1st-annual-lindsay-ratcliffe-golf-outing-raises-nearly-7000\/","og_locale":"fr_FR","og_type":"article","og_title":"September 18, 2010 in Monroe, MI:1st Annual Lindsay Ratcliffe Golf Outing Raises Nearly $7,000! - The Progeria Research Foundation","og_description":"Michigan Chapter The 1st Annual Lindsay Ratcliffe Golf Outing organized by PRF&#8217;s Michigan Chapter was a rousing success! Held in honor of Lindsay Ratcliffe, 100 golfers enjoyed a day on the links as they played in a friendly, 4-person scramble format. Even more people came out to join Lindsay and her family at the post-golf [&hellip;]","og_url":"https:\/\/www.progeriaresearch.org\/fr\/september-18-2010-in-monroe-mi1st-annual-lindsay-ratcliffe-golf-outing-raises-nearly-7000\/","og_site_name":"The Progeria Research Foundation","article_publisher":"https:\/\/www.facebook.com\/ProgeriaResearch\/","article_modified_time":"2019-04-30T14:45:15+00:00","og_image":[{"url":"https:\/\/web.archive.org\/web\/20170216034149im_\/https:\/\/www.progeriaresearch.org\/assets\/images\/events_images\/LindsayLinks.jpg","type":"","width":"","height":""}],"twitter_card":"summary_large_image","twitter_site":"@Progeria","twitter_misc":{"Est. reading time":"1 minute"},"schema":{"@context":"https:\/\/schema.org","@graph":[{"@type":"WebPage","@id":"https:\/\/www.progeriaresearch.org\/id\/september-18-2010-in-monroe-mi1st-annual-lindsay-ratcliffe-golf-outing-raises-nearly-7000\/","url":"https:\/\/www.progeriaresearch.org\/id\/september-18-2010-in-monroe-mi1st-annual-lindsay-ratcliffe-golf-outing-raises-nearly-7000\/","name":"September 18, 2010 in Monroe, MI:1st Annual Lindsay Ratcliffe Golf Outing Raises Nearly $7,000! - The Progeria Research Foundation","isPartOf":{"@id":"https:\/\/www.progeriaresearch.org\/ta\/#website"},"primaryImageOfPage":{"@id":"https:\/\/www.progeriaresearch.org\/id\/september-18-2010-in-monroe-mi1st-annual-lindsay-ratcliffe-golf-outing-raises-nearly-7000\/#primaryimage"},"image":{"@id":"https:\/\/www.progeriaresearch.org\/id\/september-18-2010-in-monroe-mi1st-annual-lindsay-ratcliffe-golf-outing-raises-nearly-7000\/#primaryimage"},"thumbnailUrl":"https:\/\/web.archive.org\/web\/20170216034149im_\/https:\/\/www.progeriaresearch.org\/assets\/images\/events_images\/LindsayLinks.jpg","datePublished":"2017-06-20T20:35:59+00:00","dateModified":"2019-04-30T14:45:15+00:00","breadcrumb":{"@id":"https:\/\/www.progeriaresearch.org\/id\/september-18-2010-in-monroe-mi1st-annual-lindsay-ratcliffe-golf-outing-raises-nearly-7000\/#breadcrumb"},"inLanguage":"fr-FR","potentialAction":[{"@type":"ReadAction","target":["https:\/\/www.progeriaresearch.org\/id\/september-18-2010-in-monroe-mi1st-annual-lindsay-ratcliffe-golf-outing-raises-nearly-7000\/"]}]},{"@type":"ImageObject","inLanguage":"fr-FR","@id":"https:\/\/www.progeriaresearch.org\/id\/september-18-2010-in-monroe-mi1st-annual-lindsay-ratcliffe-golf-outing-raises-nearly-7000\/#primaryimage","url":"https:\/\/web.archive.org\/web\/20170216034149im_\/https:\/\/www.progeriaresearch.org\/assets\/images\/events_images\/LindsayLinks.jpg","contentUrl":"https:\/\/web.archive.org\/web\/20170216034149im_\/https:\/\/www.progeriaresearch.org\/assets\/images\/events_images\/LindsayLinks.jpg"},{"@type":"BreadcrumbList","@id":"https:\/\/www.progeriaresearch.org\/id\/september-18-2010-in-monroe-mi1st-annual-lindsay-ratcliffe-golf-outing-raises-nearly-7000\/#breadcrumb","itemListElement":[{"@type":"ListItem","position":1,"name":"Home","item":"https:\/\/www.progeriaresearch.org\/"},{"@type":"ListItem","position":2,"name":"September 18, 2010 in Monroe, MI:1st Annual Lindsay Ratcliffe Golf Outing Raises Nearly $7,000!"}]},{"@type":"WebSite","@id":"https:\/\/www.progeriaresearch.org\/ta\/#website","url":"https:\/\/www.progeriaresearch.org\/ta\/","name":"La Fondation de recherche sur la prog\u00e9ria","description":"Pour les enfants \u2665 Pour la gu\u00e9rison","publisher":{"@id":"https:\/\/www.progeriaresearch.org\/ta\/#organization"},"potentialAction":[{"@type":"SearchAction","target":{"@type":"EntryPoint","urlTemplate":"https:\/\/www.progeriaresearch.org\/ta\/?s={search_term_string}"},"query-input":{"@type":"PropertyValueSpecification","valueRequired":true,"valueName":"search_term_string"}}],"inLanguage":"fr-FR"},{"@type":"Organization","@id":"https:\/\/www.progeriaresearch.org\/ta\/#organization","name":"La Fondation de recherche sur la prog\u00e9ria","url":"https:\/\/www.progeriaresearch.org\/ta\/","logo":{"@type":"ImageObject","inLanguage":"fr-FR","@id":"https:\/\/www.progeriaresearch.org\/ta\/#\/schema\/logo\/image\/","url":"https:\/\/www.progeriaresearch.org\/wp-content\/uploads\/2019\/05\/PRF_Logo_2019_optimized.png","contentUrl":"https:\/\/www.progeriaresearch.org\/wp-content\/uploads\/2019\/05\/PRF_Logo_2019_optimized.png","width":300,"height":86,"caption":"The Progeria Research Foundation"},"image":{"@id":"https:\/\/www.progeriaresearch.org\/ta\/#\/schema\/logo\/image\/"},"sameAs":["https:\/\/www.facebook.com\/ProgeriaResearch\/","https:\/\/x.com\/Progeria","https:\/\/www.instagram.com\/progeriaresearch\/"]}]}},"_links":{"self":[{"href":"https:\/\/www.progeriaresearch.org\/fr\/wp-json\/wp\/v2\/pages\/2475","targetHints":{"allow":["GET"]}}],"collection":[{"href":"https:\/\/www.progeriaresearch.org\/fr\/wp-json\/wp\/v2\/pages"}],"about":[{"href":"https:\/\/www.progeriaresearch.org\/fr\/wp-json\/wp\/v2\/types\/page"}],"author":[{"embeddable":true,"href":"https:\/\/www.progeriaresearch.org\/fr\/wp-json\/wp\/v2\/users\/1"}],"replies":[{"embeddable":true,"href":"https:\/\/www.progeriaresearch.org\/fr\/wp-json\/wp\/v2\/comments?post=2475"}],"version-history":[{"count":0,"href":"https:\/\/www.progeriaresearch.org\/fr\/wp-json\/wp\/v2\/pages\/2475\/revisions"}],"wp:attachment":[{"href":"https:\/\/www.progeriaresearch.org\/fr\/wp-json\/wp\/v2\/media?parent=2475"}],"curies":[{"name":"wp","href":"https:\/\/api.w.org\/{rel}","templated":true}]}}