{"id":4004,"date":"2018-04-25T00:03:37","date_gmt":"2018-04-25T00:03:37","guid":{"rendered":"https:\/\/www.progeriaresearch.org\/?page_id=4004"},"modified":"2023-09-21T12:15:37","modified_gmt":"2023-09-21T16:15:37","slug":"first-ever-demonstrate-survival-benefit-in-progeria","status":"publish","type":"page","link":"https:\/\/www.progeriaresearch.org\/fr\/first-ever-demonstrate-survival-benefit-in-progeria\/","title":{"rendered":"Premi\u00e8re th\u00e9rapie \u00e0 d\u00e9montrer un b\u00e9n\u00e9fice en termes de survie dans le cas de la prog\u00e9ria"},"content":{"rendered":"<p>24 avril 2018 : Une nouvelle \u00e9tude publi\u00e9e dans le Journal of the American Medical Association (JAMA) indique que le lonafarnib, un inhibiteur de la farn\u00e9syltransf\u00e9rase (FTI), a permis de prolonger la survie des enfants atteints de prog\u00e9ria. Des auteurs du Boston Children&#039;s Hospital et de l&#039;Universit\u00e9 Brown ont suivi plus de 250 enfants sur six continents pour d\u00e9montrer un lien entre le traitement au lonafarnib et la survie prolong\u00e9e.<\/p>\n<p><a href=\"https:\/\/jamanetwork.com\/journals\/jama\/article-abstract\/2679278?redirect=true&amp;appId=scweb\" target=\"_blank\" rel=\"noopener noreferrer\"><b>Cliquez ici pour lire le r\u00e9sum\u00e9 de l&#039;\u00e9tude<\/b><\/a><\/p>\n<p><strong>POUR LES M\u00c9DIAS :\u00a0 <\/strong><\/p>\n<ul>\n<li><strong><a href=\"https:\/\/www.progeriaresearch.org\/wp-content\/uploads\/2018\/04\/PRF-JAMA-Announcement_Press-Release-1.pdf\">communiqu\u00e9 de presse<\/a><\/strong><\/li>\n<li><strong><a href=\"https:\/\/www.progeriaresearch.org\/wp-content\/uploads\/2018\/04\/PRF-JAMA-Announcement-Infographic.pdf\">Infographie<\/a><\/strong><strong>\u00a0<\/strong><\/li>\n<li><a href=\"https:\/\/www.dropbox.com\/sh\/uuq64xv0w0kfrcf\/AAACRWWU4ZKezFTksabaimzba?dl=0\" target=\"_blank\" rel=\"noopener noreferrer\"><strong>Vid\u00e9o B-roll<\/strong><\/a><\/li>\n<\/ul>\n<p><strong>Les r\u00e9sultats de\u00a0<\/strong><a href=\"https:\/\/www.progeriaresearch.org\/fr\/clinical-trials\/\"><strong>l&#039;essai clinique de m\u00e9dicaments pour les enfants<\/strong><\/a><strong>\u00a0avec Progeria sont l\u00e0 et c&#039;est officiel !<\/strong>\u00a0 \u00a0L&#039;\u00e9tude utilisant le lonafarnib, un type d&#039;inhibiteur de la farn\u00e9syltransf\u00e9rase (FTI) d\u00e9velopp\u00e9 \u00e0 l&#039;origine pour traiter le cancer, soutient l&#039;allongement de la dur\u00e9e de vie des enfants atteints de Progeria. Dans l&#039;essai clinique, 27 enfants atteints de Progeria ont re\u00e7u du lonafarnib par voie orale deux fois par jour en monoth\u00e9rapie. Le groupe t\u00e9moin de cette \u00e9tude \u00e9tait compos\u00e9 d&#039;enfants atteints de Progeria ayant le m\u00eame \u00e2ge, le m\u00eame sexe et le m\u00eame continent de r\u00e9sidence que les patients trait\u00e9s, qui ne faisaient pas partie de l&#039;essai clinique et n&#039;ont donc pas re\u00e7u de lonafarnib. Les r\u00e9sultats ont d\u00e9montr\u00e9 que le traitement par le lonafarnib seul par rapport \u00e0 l&#039;absence de traitement \u00e9tait associ\u00e9 \u00e0 un taux de mortalit\u00e9 significativement plus faible (3,7% contre 33,3%) apr\u00e8s une m\u00e9diane de suivi de 2,2 ans. R\u00e9sultats de l&#039;\u00e9tude, qui a \u00e9t\u00e9 r\u00e9alis\u00e9e en 2011.\u00a0<strong>financ\u00e9 et coordonn\u00e9 par la Progeria Research Foundation<\/strong>, ont \u00e9t\u00e9 publi\u00e9s le 24 avril 2018 dans <em>Journal de l&#039;Association m\u00e9dicale am\u00e9ricaine.<\/em><\/p>\n<p><em>Gordon et al., Association entre le traitement par Lonafarnib et l&#039;absence de traitement et le taux de mortalit\u00e9 chez les patients atteints du syndrome de Hutchinson-Gilford-Progeria<\/em>, <em>JAMA, 24 avril 2018 Volume 319, num\u00e9ro 16<\/em><strong>Les r\u00e9sultats apportent un nouvel espoir et un nouvel optimisme<br \/>\n<\/strong>Les enfants se sont rendus au Boston Children&#039;s Hospital pour subir des tests m\u00e9dicaux complets et recevoir les m\u00e9dicaments de l&#039;\u00e9tude. Tous ont re\u00e7u du lonafarnib par voie orale, un FTI fourni par Merck &amp; Co. \u00ab Cette \u00e9tude publi\u00e9e dans le JAMA montre que nous pouvons commencer \u00e0 freiner le processus de vieillissement rapide des enfants atteints de prog\u00e9ria. Ces r\u00e9sultats apportent de nouvelles promesses et de l&#039;optimisme \u00e0 la communaut\u00e9 prog\u00e9ria \u00bb, a d\u00e9clar\u00e9 Leslie Gordon, MD, PhD, cofondatrice et directrice m\u00e9dicale de PRF, et auteure principale de l&#039;\u00e9tude.<\/p>\n<p>\u00ab Chez PRF, nous travaillons sans rel\u00e2che pour financer de nouvelles avanc\u00e9es scientifiques pour les enfants atteints de prog\u00e9ria. Cette \u00e9tude nous montre que les essais cliniques men\u00e9s aujourd&#039;hui sont notre meilleur espoir de sauver ces enfants \u00e0 l&#039;avenir. Sur la base des r\u00e9sultats prometteurs de cette \u00e9tude sur le lonafarnib, nous ressentons un sentiment d&#039;urgence plus fort que jamais. L&#039;\u00e9tape d&#039;aujourd&#039;hui marque un nouveau d\u00e9part pour ces enfants et leurs familles. Chaque jour et chaque instant comptent. L&#039;objectif de PRF est de trouver un rem\u00e8de contre la prog\u00e9ria et cette \u00e9tude nous fait franchir une \u00e9tape suppl\u00e9mentaire vers cet objectif \u00bb, a d\u00e9clar\u00e9 Meryl Fink, pr\u00e9sidente et directrice g\u00e9n\u00e9rale de PRF<\/p>\n<p><strong>Couverture m\u00e9diatique<\/strong><\/p>\n<p>Voici un \u00e9chantillon de la couverture m\u00e9diatique re\u00e7ue :<\/p>\n<ul>\n<li><strong>MedPage aujourd&#039;hui<br \/>\n<\/strong><a href=\"https:\/\/www.medpagetoday.com\/blogs\/themethodsman\/72505\" target=\"_blank\" rel=\"noopener noreferrer\"><em>Un m\u00e9dicament pourrait rendre la prog\u00e9ria plus facile \u00e0 g\u00e9rer <\/em><\/a><\/li>\n<li><strong>Boston Globe<\/strong><br \/>\n<a href=\"https:\/\/www.progeriaresearch.org\/wp-content\/uploads\/2018\/07\/The-Boston-Globe_A-pediatric-researcher-whose-son-died-of-progeria-sees-....pdf\" target=\"_blank\" rel=\"noopener noreferrer\"><em>Un chercheur en p\u00e9diatrie dont le fils est mort de la prog\u00e9ria voit un nouveau traitement prometteur<\/em> 24 avril 2018<\/a><\/li>\n<li><strong>Nouvelles de Brown<\/strong><br \/>\n<a href=\"https:\/\/news.brown.edu\/articles\/2018\/04\/progeria\" target=\"_blank\" rel=\"noopener noreferrer\"><em>Des recherches sugg\u00e8rent un traitement m\u00e9dicamenteux prometteur pour le vieillissement pr\u00e9matur\u00e9<\/em> 24 avril 2018<\/a><\/li>\n<\/ul>\n<p><em>\u00ab C\u2019est une histoire qui est inspirante \u00e0 bien des \u00e9gards. Elle a le potentiel de transformer la vie d\u2019un groupe d\u2019enfants tr\u00e8s sp\u00e9ciaux. Mais elle est aussi un exemple de m\u00e9thode scientifique efficace, o\u00f9 la rigueur scientifique et l\u2019application intelligente d\u2019un m\u00e9dicament existant se sont combin\u00e9es pour produire des r\u00e9sultats qui constituent de v\u00e9ritables avanc\u00e9es. \u00bb<\/em><\/p>\n<p><em>\u2013 F. Perry Wilson, docteur en m\u00e9decine et titulaire d\u2019une ma\u00eetrise en sciences de la vie et de la communication, Facult\u00e9 de m\u00e9decine de Yale, MedPage Today<\/em><\/p>\n<p><strong>Comment en sommes-nous arriv\u00e9s \u00e0 cette merveilleuse journ\u00e9e ?<\/strong><br \/>\nSuite \u00e0 la <a href=\"https:\/\/www.progeriaresearch.org\/fr\/identification-of-gene-gives-hope-to-children-with-progeria\/\" target=\"_blank\" rel=\"noopener noreferrer\">D\u00e9couverte de la mutation g\u00e9n\u00e9tique en 2003<\/a> qui cause la prog\u00e9ria, ont identifi\u00e9 des chercheurs financ\u00e9s par le PRF\u00a0<a href=\"https:\/\/www.progeriaresearch.org\/fr\/the-fti-drug\/\">FTI<\/a>\u00a0comme traitement m\u00e9dicamenteux potentiel. La mutation \u00e0 l&#039;origine de la prog\u00e9ria conduit \u00e0 la production de la prot\u00e9ine\u00a0<em>prog\u00e9rine<\/em>, qui endommage la fonction cellulaire. Une partie de l&#039;effet toxique de la prog\u00e9rine sur le corps est provoqu\u00e9e par une mol\u00e9cule appel\u00e9e \u00ab groupe farn\u00e9syle \u00bb, qui se fixe \u00e0 la prot\u00e9ine prog\u00e9rine et l&#039;aide \u00e0 endommager les cellules du corps. Les FTI agissent en bloquant la fixation du groupe farn\u00e9syle sur la prog\u00e9rine, r\u00e9duisant ainsi les dommages caus\u00e9s par la prog\u00e9rine.<\/p>\n<p><strong>Pour plus de d\u00e9tails sur l&#039;\u00e9tude,\u00a0<a href=\"https:\/\/www.progeriaresearch.org\/wp-content\/uploads\/2018\/04\/PRF-JAMA-Announcement_Press-Release-1.pdf\">Cliquez ici pour le communiqu\u00e9 de presse<\/a> <\/strong><\/p>\n<p><em>\u00ab D\u00e9montrer l\u2019efficacit\u00e9 des traitements chez cette petite population d\u2019enfants atteints de cette maladie rare et mortelle est un d\u00e9fi majeur. Je suis donc particuli\u00e8rement encourag\u00e9 par ces derni\u00e8res d\u00e9couvertes. \u00bb<\/em><\/p>\n<p><em>\u2013 Dr Francis Collins, directeur des National Institutes of Health<\/em><\/p>\n<p><strong>La prog\u00e9ria li\u00e9e au processus normal de vieillissement<\/strong><a href=\"https:\/\/web-beta.archive.org\/web\/20170128050324\/https:\/www.progeriaresearch.org\/whats_new_in_progeria_research.html#2\"><br \/>\n<\/a>Des recherches montrent que la prot\u00e9ine responsable de la prog\u00e9ria\u00a0<em>prog\u00e9rine<\/em>\u00a0Le diab\u00e8te de type 2 est \u00e9galement pr\u00e9sent dans la population g\u00e9n\u00e9rale et augmente avec l&#039;\u00e2ge. Les chercheurs pr\u00e9voient de continuer \u00e0 \u00e9tudier l&#039;effet des FTI, ce qui pourrait aider les scientifiques \u00e0 en savoir plus sur la maladie cardiovasculaire qui touche des millions de personnes, ainsi que sur le processus normal de vieillissement qui nous affecte tous.<\/p>\n<p><strong>Merci \u00e0 TOUS \u2013<\/strong>\u00a0<strong>Nous n&#039;aurions pas pu le faire sans vous !<\/strong><br \/>\nL\u2019une des principales raisons pour lesquelles nous avons obtenu ces r\u00e9sultats r\u00e9volutionnaires est le soutien consid\u00e9rable que nous ont apport\u00e9 nos fonds et autres formes de soutien, nous aidant ainsi \u00e0 nous rapprocher de notre objectif ultime : un rem\u00e8de contre la prog\u00e9ria.<\/p>","protected":false},"excerpt":{"rendered":"<p>April 24, 2018: A new study published in The Journal of the American Medical Association (JAMA) reports that lonafarnib, a farnesyltransferase inhibitor (FTI), helped extend survival in children with Progeria. Authors from Boston Children\u2019s Hospital and Brown University tracked more than 250 children from six continents to demonstrate a link between lonafarnib treatment and extended [&hellip;]<\/p>","protected":false},"author":2,"featured_media":0,"parent":0,"menu_order":0,"comment_status":"closed","ping_status":"closed","template":"","meta":{"_et_pb_use_builder":"","_et_pb_old_content":"","_et_gb_content_width":"","footnotes":"","_links_to":"","_links_to_target":""},"class_list":["post-4004","page","type-page","status-publish","hentry"],"yoast_head":"<!-- This site is optimized with the Yoast SEO plugin v26.8 - https:\/\/yoast.com\/product\/yoast-seo-wordpress\/ -->\n<title>First Ever | The Progeria Research Foundation<\/title>\n<meta name=\"robots\" content=\"index, follow, max-snippet:-1, max-image-preview:large, max-video-preview:-1\" \/>\n<link rel=\"canonical\" href=\"https:\/\/www.progeriaresearch.org\/fr\/first-ever-demonstrate-survival-benefit-in-progeria\/\" \/>\n<meta property=\"og:locale\" content=\"fr_FR\" \/>\n<meta property=\"og:type\" content=\"article\" \/>\n<meta property=\"og:title\" content=\"First Ever | The Progeria Research Foundation\" \/>\n<meta property=\"og:description\" content=\"April 24, 2018: A new study published in The Journal of the American Medical Association (JAMA) reports that lonafarnib, a farnesyltransferase inhibitor (FTI), helped extend survival in children with Progeria. Authors from Boston Children\u2019s Hospital and Brown University tracked more than 250 children from six continents to demonstrate a link between lonafarnib treatment and extended [&hellip;]\" \/>\n<meta property=\"og:url\" content=\"https:\/\/www.progeriaresearch.org\/fr\/first-ever-demonstrate-survival-benefit-in-progeria\/\" \/>\n<meta property=\"og:site_name\" content=\"The Progeria Research Foundation\" \/>\n<meta property=\"article:publisher\" content=\"https:\/\/www.facebook.com\/ProgeriaResearch\/\" \/>\n<meta property=\"article:modified_time\" content=\"2023-09-21T16:15:37+00:00\" \/>\n<meta name=\"twitter:card\" content=\"summary_large_image\" \/>\n<meta name=\"twitter:site\" content=\"@Progeria\" \/>\n<meta name=\"twitter:label1\" content=\"Est. reading time\" \/>\n\t<meta name=\"twitter:data1\" content=\"4 minutes\" \/>\n<script type=\"application\/ld+json\" class=\"yoast-schema-graph\">{\"@context\":\"https:\/\/schema.org\",\"@graph\":[{\"@type\":\"WebPage\",\"@id\":\"https:\/\/www.progeriaresearch.org\/first-ever-demonstrate-survival-benefit-in-progeria\/\",\"url\":\"https:\/\/www.progeriaresearch.org\/first-ever-demonstrate-survival-benefit-in-progeria\/\",\"name\":\"First Ever | The Progeria Research Foundation\",\"isPartOf\":{\"@id\":\"https:\/\/www.progeriaresearch.org\/ta\/#website\"},\"datePublished\":\"2018-04-25T00:03:37+00:00\",\"dateModified\":\"2023-09-21T16:15:37+00:00\",\"breadcrumb\":{\"@id\":\"https:\/\/www.progeriaresearch.org\/first-ever-demonstrate-survival-benefit-in-progeria\/#breadcrumb\"},\"inLanguage\":\"fr-FR\",\"potentialAction\":[{\"@type\":\"ReadAction\",\"target\":[\"https:\/\/www.progeriaresearch.org\/first-ever-demonstrate-survival-benefit-in-progeria\/\"]}]},{\"@type\":\"BreadcrumbList\",\"@id\":\"https:\/\/www.progeriaresearch.org\/first-ever-demonstrate-survival-benefit-in-progeria\/#breadcrumb\",\"itemListElement\":[{\"@type\":\"ListItem\",\"position\":1,\"name\":\"Home\",\"item\":\"https:\/\/www.progeriaresearch.org\/\"},{\"@type\":\"ListItem\",\"position\":2,\"name\":\"First-ever Therapy to Demonstrate Survival Benefit in Progeria\"}]},{\"@type\":\"WebSite\",\"@id\":\"https:\/\/www.progeriaresearch.org\/ta\/#website\",\"url\":\"https:\/\/www.progeriaresearch.org\/ta\/\",\"name\":\"The Progeria Research Foundation\",\"description\":\"For the Children \u2665 For the Cure\",\"publisher\":{\"@id\":\"https:\/\/www.progeriaresearch.org\/ta\/#organization\"},\"potentialAction\":[{\"@type\":\"SearchAction\",\"target\":{\"@type\":\"EntryPoint\",\"urlTemplate\":\"https:\/\/www.progeriaresearch.org\/ta\/?s={search_term_string}\"},\"query-input\":{\"@type\":\"PropertyValueSpecification\",\"valueRequired\":true,\"valueName\":\"search_term_string\"}}],\"inLanguage\":\"fr-FR\"},{\"@type\":\"Organization\",\"@id\":\"https:\/\/www.progeriaresearch.org\/ta\/#organization\",\"name\":\"The Progeria Research Foundation\",\"url\":\"https:\/\/www.progeriaresearch.org\/ta\/\",\"logo\":{\"@type\":\"ImageObject\",\"inLanguage\":\"fr-FR\",\"@id\":\"https:\/\/www.progeriaresearch.org\/ta\/#\/schema\/logo\/image\/\",\"url\":\"https:\/\/www.progeriaresearch.org\/wp-content\/uploads\/2019\/05\/PRF_Logo_2019_optimized.png\",\"contentUrl\":\"https:\/\/www.progeriaresearch.org\/wp-content\/uploads\/2019\/05\/PRF_Logo_2019_optimized.png\",\"width\":300,\"height\":86,\"caption\":\"The Progeria Research Foundation\"},\"image\":{\"@id\":\"https:\/\/www.progeriaresearch.org\/ta\/#\/schema\/logo\/image\/\"},\"sameAs\":[\"https:\/\/www.facebook.com\/ProgeriaResearch\/\",\"https:\/\/x.com\/Progeria\",\"https:\/\/www.instagram.com\/progeriaresearch\/\"]}]}<\/script>\n<!-- \/ Yoast SEO plugin. -->","yoast_head_json":{"title":"First Ever | The Progeria Research Foundation","robots":{"index":"index","follow":"follow","max-snippet":"max-snippet:-1","max-image-preview":"max-image-preview:large","max-video-preview":"max-video-preview:-1"},"canonical":"https:\/\/www.progeriaresearch.org\/fr\/first-ever-demonstrate-survival-benefit-in-progeria\/","og_locale":"fr_FR","og_type":"article","og_title":"First Ever | The Progeria Research Foundation","og_description":"April 24, 2018: A new study published in The Journal of the American Medical Association (JAMA) reports that lonafarnib, a farnesyltransferase inhibitor (FTI), helped extend survival in children with Progeria. Authors from Boston Children\u2019s Hospital and Brown University tracked more than 250 children from six continents to demonstrate a link between lonafarnib treatment and extended [&hellip;]","og_url":"https:\/\/www.progeriaresearch.org\/fr\/first-ever-demonstrate-survival-benefit-in-progeria\/","og_site_name":"The Progeria Research Foundation","article_publisher":"https:\/\/www.facebook.com\/ProgeriaResearch\/","article_modified_time":"2023-09-21T16:15:37+00:00","twitter_card":"summary_large_image","twitter_site":"@Progeria","twitter_misc":{"Est. reading time":"4 minutes"},"schema":{"@context":"https:\/\/schema.org","@graph":[{"@type":"WebPage","@id":"https:\/\/www.progeriaresearch.org\/first-ever-demonstrate-survival-benefit-in-progeria\/","url":"https:\/\/www.progeriaresearch.org\/first-ever-demonstrate-survival-benefit-in-progeria\/","name":"First Ever | The Progeria Research Foundation","isPartOf":{"@id":"https:\/\/www.progeriaresearch.org\/ta\/#website"},"datePublished":"2018-04-25T00:03:37+00:00","dateModified":"2023-09-21T16:15:37+00:00","breadcrumb":{"@id":"https:\/\/www.progeriaresearch.org\/first-ever-demonstrate-survival-benefit-in-progeria\/#breadcrumb"},"inLanguage":"fr-FR","potentialAction":[{"@type":"ReadAction","target":["https:\/\/www.progeriaresearch.org\/first-ever-demonstrate-survival-benefit-in-progeria\/"]}]},{"@type":"BreadcrumbList","@id":"https:\/\/www.progeriaresearch.org\/first-ever-demonstrate-survival-benefit-in-progeria\/#breadcrumb","itemListElement":[{"@type":"ListItem","position":1,"name":"Home","item":"https:\/\/www.progeriaresearch.org\/"},{"@type":"ListItem","position":2,"name":"First-ever Therapy to Demonstrate Survival Benefit in Progeria"}]},{"@type":"WebSite","@id":"https:\/\/www.progeriaresearch.org\/ta\/#website","url":"https:\/\/www.progeriaresearch.org\/ta\/","name":"La Fondation de recherche sur la prog\u00e9ria","description":"Pour les enfants \u2665 Pour la gu\u00e9rison","publisher":{"@id":"https:\/\/www.progeriaresearch.org\/ta\/#organization"},"potentialAction":[{"@type":"SearchAction","target":{"@type":"EntryPoint","urlTemplate":"https:\/\/www.progeriaresearch.org\/ta\/?s={search_term_string}"},"query-input":{"@type":"PropertyValueSpecification","valueRequired":true,"valueName":"search_term_string"}}],"inLanguage":"fr-FR"},{"@type":"Organization","@id":"https:\/\/www.progeriaresearch.org\/ta\/#organization","name":"La Fondation de recherche sur la prog\u00e9ria","url":"https:\/\/www.progeriaresearch.org\/ta\/","logo":{"@type":"ImageObject","inLanguage":"fr-FR","@id":"https:\/\/www.progeriaresearch.org\/ta\/#\/schema\/logo\/image\/","url":"https:\/\/www.progeriaresearch.org\/wp-content\/uploads\/2019\/05\/PRF_Logo_2019_optimized.png","contentUrl":"https:\/\/www.progeriaresearch.org\/wp-content\/uploads\/2019\/05\/PRF_Logo_2019_optimized.png","width":300,"height":86,"caption":"The Progeria Research Foundation"},"image":{"@id":"https:\/\/www.progeriaresearch.org\/ta\/#\/schema\/logo\/image\/"},"sameAs":["https:\/\/www.facebook.com\/ProgeriaResearch\/","https:\/\/x.com\/Progeria","https:\/\/www.instagram.com\/progeriaresearch\/"]}]}},"_links":{"self":[{"href":"https:\/\/www.progeriaresearch.org\/fr\/wp-json\/wp\/v2\/pages\/4004","targetHints":{"allow":["GET"]}}],"collection":[{"href":"https:\/\/www.progeriaresearch.org\/fr\/wp-json\/wp\/v2\/pages"}],"about":[{"href":"https:\/\/www.progeriaresearch.org\/fr\/wp-json\/wp\/v2\/types\/page"}],"author":[{"embeddable":true,"href":"https:\/\/www.progeriaresearch.org\/fr\/wp-json\/wp\/v2\/users\/2"}],"replies":[{"embeddable":true,"href":"https:\/\/www.progeriaresearch.org\/fr\/wp-json\/wp\/v2\/comments?post=4004"}],"version-history":[{"count":0,"href":"https:\/\/www.progeriaresearch.org\/fr\/wp-json\/wp\/v2\/pages\/4004\/revisions"}],"wp:attachment":[{"href":"https:\/\/www.progeriaresearch.org\/fr\/wp-json\/wp\/v2\/media?parent=4004"}],"curies":[{"name":"wp","href":"https:\/\/api.w.org\/{rel}","templated":true}]}}