{"id":1114,"date":"2017-03-07T22:05:04","date_gmt":"2017-03-07T22:05:04","guid":{"rendered":"https:\/\/www.progeriaresearch.org\/?page_id=1114"},"modified":"2023-09-21T12:35:46","modified_gmt":"2023-09-21T16:35:46","slug":"interview-with-john-tacket","status":"publish","type":"page","link":"https:\/\/www.progeriaresearch.org\/it\/interview-with-john-tacket\/","title":{"rendered":"Intervista con John Tacket"},"content":{"rendered":"<h1>John Tacket (1988 \u2013 2004): Primo ambasciatore dei giovani della Progeria Research Foundation<\/h1>\n<p><img loading=\"lazy\" decoding=\"async\" class=\"alignright\" src=\"https:\/\/www.progeriaresearch.org\/assets\/images\/meet_kids_images\/John-youth-ambassadorlg.jpg\" width=\"150\" height=\"165\" \/>Questa intervista \u00e8 stata realizzata nel 2001, quando John aveva 13 anni e mezzo. Voleva che gli altri bambini venissero a conoscenza della Progeria e che lui non era diverso dagli altri ragazzi della sua et\u00e0. John era un ragazzo straordinario, il cui coraggio e il cui meraviglioso senso dell&#039;umorismo continuano a ispirarci tutti.<\/p>\n<p><strong>In che tipo di attivit\u00e0 sei coinvolto?<\/strong>\u00a0<strong>Raccontaci della scuola.<\/strong> <em><br \/>\n<\/em>Sono all&#039;ottavo anno. Vado alla scuola pubblica e prendo l&#039;autobus tutti i giorni. \u00c8 &quot;piena&quot; di bambini! Mi piace un po&#039; la scuola: \u00e8 un sacco di lavoro, ma mi piace che ci siano i miei amici.<\/p>\n<p>Gioco a hockey su strada, suono la batteria, mio padre e io abbiamo una collezione di coltelli, faccio parte dei club di hockey su pista e di hockey su pista, e del club di atletica accademica, che organizza incontri per molte materie, come matematica, scienze e teatro. Voglio davvero imparare a pattinare sul ghiaccio per poter giocare a hockey su ghiaccio. Amo anche disegnare.<\/p>\n<p><strong>Cosa fai nel tuo tempo libero?<\/strong> <em><br \/>\n<\/em>Compiti, suonare la batteria, uscire con gli amici e guardare la TV. Il mio preferito \u00e8 Disney Channel.<\/p>\n<p><strong>Raccontaci una tua giornata tipo.<\/strong><br \/>\nMi sveglio alle 6:30, vado a scuola, poi faccio da babysitter a mia sorella di 9 anni dopo la scuola finch\u00e9 mia madre non torna dal lavoro. Guardo anche la TV e gioco con gli amici dopo la scuola e nei weekend.<\/p>\n<p><strong>Qual \u00e8 la cosa che preferisci fare?<\/strong> <em><br \/>\n<\/em>Suonare la batteria, giocare a hockey su strada e stare con la mia famiglia.<\/p>\n<p><strong>Qual \u00e8 la cosa che ti piace meno fare?<\/strong> <em><br \/>\n<\/em>Alzatevi per andare a scuola!<\/p>\n<p><strong>Da quanto tempo sai di essere affetto da Progeria?<\/strong> <em><br \/>\n<\/em>Finch\u00e9 riesco a ricordare.<\/p>\n<p><strong>Cosa rispondi a chi ti chiede perch\u00e9 hai un aspetto diverso?<\/strong><br \/>\nDico loro che ho una malattia chiamata Progeria.<\/p>\n<p><strong>Cosa fai o dici alle persone che ti fissano?<\/strong> <em><br \/>\n<\/em>Questo mi d\u00e0 molto fastidio. Preferirei che venissero a salutarmi e a chiedermi direttamente piuttosto che farmi fissare da lontano. Penso che sia maleducato fissare. A volte saluto i bambini e loro ricambiano il saluto.<\/p>\n<p><strong>Quali sono le tue pi\u00f9 grandi sfide fisiche?<\/strong> <em><br \/>\n<\/em>\u00c8 difficile giocare a basket: ho bisogno di una palla pi\u00f9 piccola e di un canestro pi\u00f9 corto, che ho a casa, quindi spesso i miei amici vengono a giocare a basket. A volte mi stanco, ma mi siedo per un paio di minuti e poi sono pronto per andare. Spesso sono i miei amici che vogliono riposare prima di me! Ho difficolt\u00e0 a trasportare molti libri, quindi esco dalle lezioni 5 minuti prima e vado al mio armadietto dopo ogni lezione per cambiare i libri per la lezione successiva.<\/p>\n<p><strong>Cosa vorresti che i bambini sapessero di te e degli altri bambini affetti da Progeria?<\/strong> <em><br \/>\n<\/em>Non siamo diversi, facciamo le stesse cose che fanno gli altri bambini. Non aver paura di parlare con noi.<\/p>\n<p><strong>Se fossi genitore di un bambino affetto da Progeria, cosa diresti a tuo figlio quando inizia a rendersi conto di avere un aspetto diverso?<\/strong> <em><br \/>\n<\/em>Direi di s\u00ec, sei diverso ma solo esteriormente. Puoi fare tutto quello che vuoi e non lasciare che nessuno ti dica diversamente. E direi loro di trattarci come qualsiasi bambino.<\/p>\n<p><strong>Se fossi genitore di un bambino affetto da Progeria, cosa gli diresti quando scoprir\u00e0 che potrebbe non vivere a lungo quanto gli altri?<\/strong><br \/>\nBe&#039;, nessuno sa veramente quanto a lungo vivr\u00e0, quindi non mi preoccupo.<\/p>\n<p><strong>Che consigli daresti ai bambini affetti da Progeria?<\/strong> <em><br \/>\n<\/em>Continuate cos\u00ec, seguite i vostri sogni. Il mio sogno \u00e8 diventare batterista da studio e agente pubblicitario.<\/p>\n<p><strong>C&#039;\u00e8 qualcos&#039;altro che vuoi dire a tutti coloro che stanno leggendo questo articolo?<\/strong> <em><br \/>\n<\/em>Siamo come tutti gli altri bambini, se abbiamo quattro anni; ci comportiamo come tali, e cos\u00ec via con l&#039;et\u00e0. Saluta la prossima persona che vedi con la Progeria o qualsiasi bambino che sembra diverso.<\/p>\n<p><strong>Avanti cos\u00ec, John! Sei il nostro pi\u00f9 grande eroe!<\/strong><\/p>","protected":false},"excerpt":{"rendered":"<p>John Tacket (1988 \u2013 2004): The Progeria Research Foundation\u2019s First Youth Ambassador This interview was taken in 2001 when John was 13 \u00bd years old.\u00a0 He wanted other kids to know about Progeria, and that he was really no different than other boys his age. John was an amazing young man, whose courage and wonderful [&hellip;]<\/p>","protected":false},"author":1,"featured_media":0,"parent":0,"menu_order":0,"comment_status":"closed","ping_status":"closed","template":"","meta":{"_et_pb_use_builder":"","_et_pb_old_content":"","_et_gb_content_width":"","footnotes":"","_links_to":"","_links_to_target":""},"class_list":["post-1114","page","type-page","status-publish","hentry"],"yoast_head":"<!-- This site is optimized with the Yoast SEO plugin v26.8 - https:\/\/yoast.com\/product\/yoast-seo-wordpress\/ -->\n<title>Interview | The Progeria Research Foundation<\/title>\n<meta name=\"robots\" content=\"index, follow, max-snippet:-1, max-image-preview:large, max-video-preview:-1\" \/>\n<link rel=\"canonical\" href=\"https:\/\/www.progeriaresearch.org\/it\/interview-with-john-tacket\/\" \/>\n<meta property=\"og:locale\" content=\"it_IT\" \/>\n<meta property=\"og:type\" content=\"article\" \/>\n<meta property=\"og:title\" content=\"Interview | The Progeria Research Foundation\" \/>\n<meta property=\"og:description\" content=\"John Tacket (1988 \u2013 2004): The Progeria Research Foundation\u2019s First Youth Ambassador This interview was taken in 2001 when John was 13 \u00bd years old.\u00a0 He wanted other kids to know about Progeria, and that he was really no different than other boys his age. John was an amazing young man, whose courage and wonderful [&hellip;]\" \/>\n<meta property=\"og:url\" content=\"https:\/\/www.progeriaresearch.org\/it\/interview-with-john-tacket\/\" \/>\n<meta property=\"og:site_name\" content=\"The Progeria Research Foundation\" \/>\n<meta property=\"article:publisher\" content=\"https:\/\/www.facebook.com\/ProgeriaResearch\/\" \/>\n<meta property=\"article:modified_time\" content=\"2023-09-21T16:35:46+00:00\" \/>\n<meta property=\"og:image\" content=\"https:\/\/www.progeriaresearch.org\/assets\/images\/meet_kids_images\/John-youth-ambassadorlg.jpg\" \/>\n<meta name=\"twitter:card\" content=\"summary_large_image\" \/>\n<meta name=\"twitter:site\" content=\"@Progeria\" \/>\n<meta name=\"twitter:label1\" content=\"Est. reading time\" \/>\n\t<meta name=\"twitter:data1\" content=\"4 minuti\" \/>\n<script type=\"application\/ld+json\" class=\"yoast-schema-graph\">{\"@context\":\"https:\/\/schema.org\",\"@graph\":[{\"@type\":\"WebPage\",\"@id\":\"https:\/\/www.progeriaresearch.org\/mr\/interview-with-john-tacket\/\",\"url\":\"https:\/\/www.progeriaresearch.org\/mr\/interview-with-john-tacket\/\",\"name\":\"Interview | The Progeria Research Foundation\",\"isPartOf\":{\"@id\":\"https:\/\/www.progeriaresearch.org\/ta\/#website\"},\"primaryImageOfPage\":{\"@id\":\"https:\/\/www.progeriaresearch.org\/mr\/interview-with-john-tacket\/#primaryimage\"},\"image\":{\"@id\":\"https:\/\/www.progeriaresearch.org\/mr\/interview-with-john-tacket\/#primaryimage\"},\"thumbnailUrl\":\"https:\/\/www.progeriaresearch.org\/assets\/images\/meet_kids_images\/John-youth-ambassadorlg.jpg\",\"datePublished\":\"2017-03-07T22:05:04+00:00\",\"dateModified\":\"2023-09-21T16:35:46+00:00\",\"breadcrumb\":{\"@id\":\"https:\/\/www.progeriaresearch.org\/mr\/interview-with-john-tacket\/#breadcrumb\"},\"inLanguage\":\"it-IT\",\"potentialAction\":[{\"@type\":\"ReadAction\",\"target\":[\"https:\/\/www.progeriaresearch.org\/mr\/interview-with-john-tacket\/\"]}]},{\"@type\":\"ImageObject\",\"inLanguage\":\"it-IT\",\"@id\":\"https:\/\/www.progeriaresearch.org\/mr\/interview-with-john-tacket\/#primaryimage\",\"url\":\"https:\/\/www.progeriaresearch.org\/assets\/images\/meet_kids_images\/John-youth-ambassadorlg.jpg\",\"contentUrl\":\"https:\/\/www.progeriaresearch.org\/assets\/images\/meet_kids_images\/John-youth-ambassadorlg.jpg\"},{\"@type\":\"BreadcrumbList\",\"@id\":\"https:\/\/www.progeriaresearch.org\/mr\/interview-with-john-tacket\/#breadcrumb\",\"itemListElement\":[{\"@type\":\"ListItem\",\"position\":1,\"name\":\"Home\",\"item\":\"https:\/\/www.progeriaresearch.org\/\"},{\"@type\":\"ListItem\",\"position\":2,\"name\":\"Interview with John Tacket\"}]},{\"@type\":\"WebSite\",\"@id\":\"https:\/\/www.progeriaresearch.org\/ta\/#website\",\"url\":\"https:\/\/www.progeriaresearch.org\/ta\/\",\"name\":\"The Progeria Research Foundation\",\"description\":\"For the Children \u2665 For the Cure\",\"publisher\":{\"@id\":\"https:\/\/www.progeriaresearch.org\/ta\/#organization\"},\"potentialAction\":[{\"@type\":\"SearchAction\",\"target\":{\"@type\":\"EntryPoint\",\"urlTemplate\":\"https:\/\/www.progeriaresearch.org\/ta\/?s={search_term_string}\"},\"query-input\":{\"@type\":\"PropertyValueSpecification\",\"valueRequired\":true,\"valueName\":\"search_term_string\"}}],\"inLanguage\":\"it-IT\"},{\"@type\":\"Organization\",\"@id\":\"https:\/\/www.progeriaresearch.org\/ta\/#organization\",\"name\":\"The Progeria Research Foundation\",\"url\":\"https:\/\/www.progeriaresearch.org\/ta\/\",\"logo\":{\"@type\":\"ImageObject\",\"inLanguage\":\"it-IT\",\"@id\":\"https:\/\/www.progeriaresearch.org\/ta\/#\/schema\/logo\/image\/\",\"url\":\"https:\/\/www.progeriaresearch.org\/wp-content\/uploads\/2019\/05\/PRF_Logo_2019_optimized.png\",\"contentUrl\":\"https:\/\/www.progeriaresearch.org\/wp-content\/uploads\/2019\/05\/PRF_Logo_2019_optimized.png\",\"width\":300,\"height\":86,\"caption\":\"The Progeria Research Foundation\"},\"image\":{\"@id\":\"https:\/\/www.progeriaresearch.org\/ta\/#\/schema\/logo\/image\/\"},\"sameAs\":[\"https:\/\/www.facebook.com\/ProgeriaResearch\/\",\"https:\/\/x.com\/Progeria\",\"https:\/\/www.instagram.com\/progeriaresearch\/\"]}]}<\/script>\n<!-- \/ Yoast SEO plugin. -->","yoast_head_json":{"title":"Interview | The Progeria Research Foundation","robots":{"index":"index","follow":"follow","max-snippet":"max-snippet:-1","max-image-preview":"max-image-preview:large","max-video-preview":"max-video-preview:-1"},"canonical":"https:\/\/www.progeriaresearch.org\/it\/interview-with-john-tacket\/","og_locale":"it_IT","og_type":"article","og_title":"Interview | The Progeria Research Foundation","og_description":"John Tacket (1988 \u2013 2004): The Progeria Research Foundation\u2019s First Youth Ambassador This interview was taken in 2001 when John was 13 \u00bd years old.\u00a0 He wanted other kids to know about Progeria, and that he was really no different than other boys his age. John was an amazing young man, whose courage and wonderful [&hellip;]","og_url":"https:\/\/www.progeriaresearch.org\/it\/interview-with-john-tacket\/","og_site_name":"The Progeria Research Foundation","article_publisher":"https:\/\/www.facebook.com\/ProgeriaResearch\/","article_modified_time":"2023-09-21T16:35:46+00:00","og_image":[{"url":"https:\/\/www.progeriaresearch.org\/assets\/images\/meet_kids_images\/John-youth-ambassadorlg.jpg","type":"","width":"","height":""}],"twitter_card":"summary_large_image","twitter_site":"@Progeria","twitter_misc":{"Est. reading time":"4 minuti"},"schema":{"@context":"https:\/\/schema.org","@graph":[{"@type":"WebPage","@id":"https:\/\/www.progeriaresearch.org\/mr\/interview-with-john-tacket\/","url":"https:\/\/www.progeriaresearch.org\/mr\/interview-with-john-tacket\/","name":"Interview | The Progeria Research Foundation","isPartOf":{"@id":"https:\/\/www.progeriaresearch.org\/ta\/#website"},"primaryImageOfPage":{"@id":"https:\/\/www.progeriaresearch.org\/mr\/interview-with-john-tacket\/#primaryimage"},"image":{"@id":"https:\/\/www.progeriaresearch.org\/mr\/interview-with-john-tacket\/#primaryimage"},"thumbnailUrl":"https:\/\/www.progeriaresearch.org\/assets\/images\/meet_kids_images\/John-youth-ambassadorlg.jpg","datePublished":"2017-03-07T22:05:04+00:00","dateModified":"2023-09-21T16:35:46+00:00","breadcrumb":{"@id":"https:\/\/www.progeriaresearch.org\/mr\/interview-with-john-tacket\/#breadcrumb"},"inLanguage":"it-IT","potentialAction":[{"@type":"ReadAction","target":["https:\/\/www.progeriaresearch.org\/mr\/interview-with-john-tacket\/"]}]},{"@type":"ImageObject","inLanguage":"it-IT","@id":"https:\/\/www.progeriaresearch.org\/mr\/interview-with-john-tacket\/#primaryimage","url":"https:\/\/www.progeriaresearch.org\/assets\/images\/meet_kids_images\/John-youth-ambassadorlg.jpg","contentUrl":"https:\/\/www.progeriaresearch.org\/assets\/images\/meet_kids_images\/John-youth-ambassadorlg.jpg"},{"@type":"BreadcrumbList","@id":"https:\/\/www.progeriaresearch.org\/mr\/interview-with-john-tacket\/#breadcrumb","itemListElement":[{"@type":"ListItem","position":1,"name":"Home","item":"https:\/\/www.progeriaresearch.org\/"},{"@type":"ListItem","position":2,"name":"Interview with John Tacket"}]},{"@type":"WebSite","@id":"https:\/\/www.progeriaresearch.org\/ta\/#website","url":"https:\/\/www.progeriaresearch.org\/ta\/","name":"Fondazione per la ricerca sulla progeria","description":"Per i bambini \u2665 Per la cura","publisher":{"@id":"https:\/\/www.progeriaresearch.org\/ta\/#organization"},"potentialAction":[{"@type":"SearchAction","target":{"@type":"EntryPoint","urlTemplate":"https:\/\/www.progeriaresearch.org\/ta\/?s={search_term_string}"},"query-input":{"@type":"PropertyValueSpecification","valueRequired":true,"valueName":"search_term_string"}}],"inLanguage":"it-IT"},{"@type":"Organization","@id":"https:\/\/www.progeriaresearch.org\/ta\/#organization","name":"Fondazione per la ricerca sulla progeria","url":"https:\/\/www.progeriaresearch.org\/ta\/","logo":{"@type":"ImageObject","inLanguage":"it-IT","@id":"https:\/\/www.progeriaresearch.org\/ta\/#\/schema\/logo\/image\/","url":"https:\/\/www.progeriaresearch.org\/wp-content\/uploads\/2019\/05\/PRF_Logo_2019_optimized.png","contentUrl":"https:\/\/www.progeriaresearch.org\/wp-content\/uploads\/2019\/05\/PRF_Logo_2019_optimized.png","width":300,"height":86,"caption":"The Progeria Research Foundation"},"image":{"@id":"https:\/\/www.progeriaresearch.org\/ta\/#\/schema\/logo\/image\/"},"sameAs":["https:\/\/www.facebook.com\/ProgeriaResearch\/","https:\/\/x.com\/Progeria","https:\/\/www.instagram.com\/progeriaresearch\/"]}]}},"_links":{"self":[{"href":"https:\/\/www.progeriaresearch.org\/it\/wp-json\/wp\/v2\/pages\/1114","targetHints":{"allow":["GET"]}}],"collection":[{"href":"https:\/\/www.progeriaresearch.org\/it\/wp-json\/wp\/v2\/pages"}],"about":[{"href":"https:\/\/www.progeriaresearch.org\/it\/wp-json\/wp\/v2\/types\/page"}],"author":[{"embeddable":true,"href":"https:\/\/www.progeriaresearch.org\/it\/wp-json\/wp\/v2\/users\/1"}],"replies":[{"embeddable":true,"href":"https:\/\/www.progeriaresearch.org\/it\/wp-json\/wp\/v2\/comments?post=1114"}],"version-history":[{"count":0,"href":"https:\/\/www.progeriaresearch.org\/it\/wp-json\/wp\/v2\/pages\/1114\/revisions"}],"wp:attachment":[{"href":"https:\/\/www.progeriaresearch.org\/it\/wp-json\/wp\/v2\/media?parent=1114"}],"curies":[{"name":"parola chiave","href":"https:\/\/api.w.org\/{rel}","templated":true}]}}