{"id":1900,"date":"2017-05-09T20:19:15","date_gmt":"2017-05-09T20:19:15","guid":{"rendered":"https:\/\/www.progeriaresearch.org\/?page_id=1900"},"modified":"2023-09-21T12:39:02","modified_gmt":"2023-09-21T16:39:02","slug":"2004-bone-marrow-transplant-scientific-meeting","status":"publish","type":"page","link":"https:\/\/www.progeriaresearch.org\/it\/2004-bone-marrow-transplant-scientific-meeting\/","title":{"rendered":"Riunione scientifica sul trapianto di midollo osseo del 2004"},"content":{"rendered":"<p><strong>Riunione scientifica sul trapianto di midollo osseo:<\/strong><\/p>\n<p><strong>Andare avanti esplorando potenziali trattamenti<\/strong><\/p>\n<div>\n<p><strong>25-26 aprile 2004 presso il National Institutes of Health di Bethesda, Maryland<\/strong><\/p>\n<\/div>\n<div>\n<p>La Progeria Research Foundation, in collaborazione con il National Human Genome Research Institute e il National Heart, Lung and Blood Institute, ha sponsorizzato un entusiasmante incontro: &quot;Esplorare il potenziale del trapianto di cellule staminali nella sindrome di Hutchinson-Gilford Progeria&quot;. Questo incontro ha riunito medici e scienziati con competenze in campi essenziali per una valutazione completa del potenziale delle strategie di trapianto di cellule staminali e midollo osseo per curare i bambini affetti da Progeria. Riunendo 22 esperti scientifici in vari campi essenziali per esplorare questa innovativa direzione di ricerca, questo terzo workshop co-sponsorizzato dalla PRF ha avuto successo nell&#039;affrontare questo argomento impegnativo. Ecco alcune informazioni di base su questo argomento e i risultati dell&#039;incontro:<\/p>\n<\/div>\n<p><strong>Cosa sono il midollo osseo e le cellule staminali?<\/strong><\/p>\n<p>Al centro delle nostre ossa, abbiamo il midollo che contiene cellule speciali note come cellule staminali. Le cellule staminali possono dividersi per formare altre cellule staminali, oppure possono maturare in tipi di cellule presenti in tutti gli organi del nostro corpo, come quelle che compongono i nostri vasi sanguigni.<\/p>\n<p><strong>Che cos&#039;\u00e8 il trapianto di midollo osseo?<\/strong><\/p>\n<p>Il trapianto di midollo osseo (BMT) \u00e8 una procedura in cui le cellule del midollo osseo di un bambino vengono sostituite con nuove cellule staminali del midollo osseo (un trapianto) da un donatore sano. Mentre il donatore ideale \u00e8 un gemello identico, i bambini affetti da Progeria potrebbero potenzialmente ricevere trapianti da un parente con una corrispondenza vicina alle proprie cellule, o anche da qualcuno che non \u00e8 imparentato.<\/p>\n<p><strong>Per il trattamento del cancro, i dottori usano radioterapia e chemioterapia prima del trapianto di midollo osseo. Potrebbero essere parte di questo trattamento per la Progeria?<\/strong><\/p>\n<p>Per il cancro, questo tipo di &quot;pretrattamento&quot; \u00e8 necessario per uccidere quante pi\u00f9 cellule cancerose possibile. Non abbiamo bisogno di sbarazzarci delle cellule di Progeria, quindi non ci aspetteremmo di usare lo stesso tipo di pretrattamento per il trapianto di midollo osseo nella Progeria. Tuttavia, ci sarebbe una forma pi\u00f9 blanda di pretrattamento per aiutare il bambino con Progeria a ricevere cellule dal donatore senza reagire contro di esse. Pertanto, c&#039;\u00e8 un certo rischio in questo tipo di trattamento. Ecco perch\u00e9 \u00e8 molto importante fare pi\u00f9 ricerche possibili prima di passare potenzialmente al trattamento nei bambini con Progeria.<\/p>\n<p><strong>Stiamo andando avanti con il trapianto di midollo osseo nei bambini con Progeria o lavoreremo prima su modelli animali? Ecco cosa hanno raccomandato gli esperti al nostro incontro:<\/strong><\/p>\n<p>Il primo passo per un trattamento sicuro ed efficace \u00e8 eseguire il trapianto di midollo osseo su animali, come i topi, creati per imitare il pi\u00f9 possibile il processo della malattia nella Progeria. Molti laboratori nella comunit\u00e0 scientifica stanno lavorando duramente per creare questi modelli animali (alcuni dei quali sono finanziati dalla PRF). Gli esperti che hanno partecipato a questo incontro hanno concordato che la PRF deve muoversi il pi\u00f9 rapidamente possibile per testare il trapianto di midollo osseo come trattamento nei topi con Progeria. Ci\u00f2 aiuter\u00e0 a rispondere a due domande chiave: 1) Questa procedura \u00e8 sicura? e 2) Il midollo osseo\/le cellule staminali andranno negli organi in cui sono pi\u00f9 necessarie (i vasi sanguigni, il cuore, i depositi di grasso, ecc.) per sostituire le cellule malate? Nei prossimi mesi, la PRF promuover\u00e0 la ricerca essenziale per comprendere se il trapianto di midollo osseo migliorer\u00e0 la vita dei bambini con Progeria. Questo workshop ha fornito un ottimo punto di partenza.<\/p>\n<p><strong>Programma del workshop e relatori<\/strong><\/p>\n<p><strong><em>Sessione uno: aspetti clinici e genetici dell&#039;HGPS<\/em><\/strong><\/p>\n<div>\n<p>Presidente: Leslie B. Gordon, MD, PhD<\/p>\n<\/div>\n<p><em>Panoramica clinica delle strategie di valutazione HGPS e longitudinale: come sapremo se i trattamenti migliorano la malattia?<\/em><\/p>\n<div>\n<p>Dott. Leslie Gordon, dottore in medicina e chirurgia<br \/>\nDirettore medico, The Progeria Research Foundation;<br \/>\nProfessore associato, Tufts University School of Medicine, Boston, MA;<br \/>\nProfessore associato di Pediatria, Facolt\u00e0 di Medicina dell&#039;Universit\u00e0, Brown University, Providence, RI<\/p>\n<\/div>\n<div>\n<p>Dott.ssa Elizabeth Nabel<br \/>\nDirettore scientifico della ricerca clinica e responsabile della ricerca vascolare<br \/>\nSezione di biologia, National Heart, Lung and Blood Institute (NHLBI), Bethesda, MD<\/p>\n<\/div>\n<p><em>Il difetto genetico HGPS e il suo significato: meccanismo putativo della malattia e caratteristiche della senescenza<\/em><\/p>\n<div>\n<p>Dott. Francis Collins, dottore in medicina e chirurgia<br \/>\nDirettore dell&#039;Istituto nazionale di ricerca sul genoma umano,<br \/>\nBethesda, MD<\/p>\n<p><strong><em>Sessione due: perch\u00e9 il trapianto di midollo osseo potrebbe funzionare per l&#039;HGPS? Imparare dal trapianto di midollo osseo in altre malattie<\/em><\/strong><\/p>\n<\/div>\n<div>\n<p>Presidente: Jennifer M. Puck, MD<br \/>\nRicercatore senior e capo, genetica e biologia molecolare<br \/>\nFiliale, Istituto nazionale di ricerca sul genoma umano, Bethesda, MD<\/p>\n<\/div>\n<p><em>Correzione metabolica dei disturbi della mucopolisaccaridosi mediante trapianto di midollo osseo e terapia genica<\/em><\/p>\n<div>\n<p>Chester B. Whitley, dottore in medicina, dottore di ricerca<br \/>\nProfessore, Centro di terapia genica, Dipartimento di pediatria e Professore,<br \/>\nIstituto di genetica umana, Universit\u00e0 del Minnesota, Minneapolis, MN<\/p>\n<\/div>\n<p><em>Strategie BMT nell&#039;osteogenesi imperfecta: sperimentazioni cliniche e lezioni apprese<\/em><\/p>\n<div>\n<p>Dott. Edwin Horwitz, dottore in medicina e chirurgia<br \/>\nMembro associato, Dipartimento di Ematologia-Oncologia,<br \/>\nDivisioni di trapianto di cellule staminali e sperimentale<br \/>\nEmatologia, St. Jude&#039;s Children&#039;s Research Hospital,<br \/>\nMemphis, TN<\/p>\n<\/div>\n<p><em>Esperienze di trapianto con malattie da accumulo che possono essere applicate a HGPS<\/em><\/p>\n<div>\n<p>Dott. William Krivit, dottore in medicina e chirurgia<br \/>\nProfessore emerito, Dipartimento di Pediatria, Universit\u00e0 di<br \/>\nMinnesota, Minneapolis, MN<\/p>\n<\/div>\n<p><strong><em>Sessione tre: Prove a favore\/contro il ripopolamento vascolare che porta al miglioramento clinico<\/em><\/strong><\/p>\n<p>Presidenti: Elizabeth Nabel, MD e Donald Orlic, PhD<br \/>\nRicercatore associato, Sezione di genetica e biologia molecolare,<br \/>\nNHLBI, Bethesda, MD<\/p>\n<p><em>Reclutamento delle cellule della parete vascolare e trapianto di midollo osseo: in che modo il trapianto pu\u00f2 influire sulle placche vascolari?<\/em><\/p>\n<div>\n<p>Dott. Richard Mitchell, dottore in medicina e chirurgia<br \/>\nProfessore associato di patologia, Harvard Medical School,<br \/>\nPatologo dello staff, Brigham &amp; Women&#039;s Hospital, Boston, MA<\/p>\n<\/div>\n<p><em>Potenziale di ripopolamento cardiovascolare con BMT nella Progeria: prove da studi su esseri umani e topi<\/em><\/p>\n<div>\n<p>Dott. Richard Cannon<br \/>\nDirettore clinico della Divisione di ricerca intramurale,<br \/>\nNHLBI, Bethesda, MD<\/p>\n<\/div>\n<p><em>Lo stato dei finanziamenti per la sindrome di Hutchinson-Gilford Progeria dal National Institute on Aging<\/em><\/p>\n<div>\n<p>Dott. Huber Warner<br \/>\nDirettore, Programma di biologia dell&#039;invecchiamento, Istituto nazionale sull&#039;invecchiamento,<br \/>\nIstituti nazionali di sanit\u00e0, Bethesda, MD<\/p>\n<\/div>\n<div>\n<p><strong><em>Sessione quattro: Complicazioni e valutazione dei rischi e dei benefici<\/em><\/strong><\/p>\n<p>Presidente:William A. Gahl, MD, PhD<br \/>\nDirettore clinico, Istituto nazionale per la ricerca sul genoma umano,<br \/>\nBethesda, MD<\/p>\n<\/div>\n<p><em>Rischi precoci e tardivi dei trapianti di cellule emopoietiche rispetto al controllo della malattia<\/em><\/p>\n<div>\n<p>Dott. Armand Keating<br \/>\nCapo dei servizi medici, professore Epstein e responsabile<br \/>\nDipartimento di Oncologia Medica ed Ematologia, Princess<br \/>\nMargaret Hospital\/Ontario Cancer Institute, Toronto, Ontario, Canada<\/p>\n<\/div>\n<p><em>Cosa possiamo imparare dai trapianti di cellule staminali per correggere altre malattie genetiche?<\/em><\/p>\n<div>\n<p>Dott. John Barrett<br \/>\nDirettore, Unit\u00e0 di trapianto di midollo osseo di ematologia<br \/>\nFiliale, NHLBI, Bethesda, MD<\/p>\n<\/div>\n<p><em>Trapianto di sangue del cordone ombelicale; risultati di studi precedenti e valutazione di questa strategia per la Progeria<\/em><\/p>\n<div>\n<p>Dott. John Wagner<br \/>\nDirettore Scientifico della Ricerca Clinica Sangue e Midollo<br \/>\nProgramma Trapianti, Dipartimento di Pediatria, Divisione di Ossa<br \/>\nTrapianto di midollo osseo, Facolt\u00e0 di Medicina dell&#039;Universit\u00e0 del Minnesota<br \/>\nMedicina, Minneapolis, MN<\/p>\n<\/div>\n<div>\n<p><em>Terapia genica per HGPS: strategie, obiettivi e tempistiche<\/em><\/p>\n<\/div>\n<div>\n<p>Dott.ssa Cynthia Dunbar<br \/>\nResponsabile della Sezione di Emopoiesi Molecolare,<br \/>\nSezione di ematologia, NHLBI, Bethesda, MD<\/p>\n<\/div>\n<div>\n<h1><strong>Partecipanti aggiuntivi al workshop BMT<\/strong><\/h1>\n<\/div>\n<div>Dott. Scott D. Berns, MPH, FAAP<br \/>\nVicepresidente, Programmi di Sezione, March of Dimes, White Plains, NY<\/div>\n<div>\n<p>Dott. Fabio Candotti<br \/>\nSezione di genetica e biologia molecolare, National Human<br \/>\nIstituto di ricerca sul genoma, Bethesda, MD<\/p>\n<\/div>\n<div>\n<p>Dott. Michael Erdos<br \/>\nScienziato dello staff nel laboratorio del dottor Francis Collins,<br \/>\nIstituto nazionale di ricerca sul genoma umano, Bethesda, MD<\/p>\n<\/div>\n<div>\n<p>Avvocato Audrey Gordon.<br \/>\nPresidente, Fondazione per la ricerca sulla Progeria<\/p>\n<\/div>\n<div>\n<p>Dott.ssa Monica Kleinman<br \/>\nAssociato Senior di Medicina di Terapia Intensiva,<br \/>\nUnit\u00e0 di Terapia Intensiva Medico-Chirurgica, Medicina<br \/>\nDirettore del programma di trasporto e associato in anestesia<br \/>\nOspedale pediatrico, Boston, MA<\/p>\n<\/div>\n<div><\/div>\n<div>\n<p>Dott. Felipe Sierra<br \/>\nResponsabile del portafoglio extramurale sulla struttura cellulare e<br \/>\nFunzione del programma di biologia dell&#039;invecchiamento presso l&#039;Universit\u00e0 Nazionale<br \/>\nIstituto sull&#039;invecchiamento, Bethesda, MD<\/p>\n<\/div>\n<div>\n<p>Dott. Lino Tessarollo<br \/>\nResponsabile del gruppo di sviluppo neurale e targeting genico<br \/>\nStruttura, Programma di genetica del cancro del topo<br \/>\nIstituto nazionale del cancro, Frederick, MD<\/p>\n<\/div>\n<div>\n<p>Dott. Ren\u00e9 Varga<br \/>\nCandidato post-dottorato nel laboratorio del Dott. Francis Collins<br \/>\nIstituto nazionale di ricerca sul genoma umano, Bethesda, MD<\/p>\n<\/div>\n<h1>Commenti dei partecipanti selezionati:<\/h1>\n<p>\u201c<em>Fu riunito un gruppo di esperti molto impressionante, e il<\/em><em> la qualit\u00e0 della discussione scientifica \u00e8 stata molto alta. Ho imparato molto sui pro e contro del trapianto di midollo osseo per altri disturbi genetici e su come quell&#039;esperienza potrebbe essere estrapolata alla sindrome di Hutchinson-Gilford Progeria.<\/em>\u201d<\/p>\n<p>Francis Collins, MD, PhD, Direttore del<br \/>\nIstituto nazionale di ricerca sul genoma umano<\/p>\n<p>\u201c<em>Mi \u00e8 piaciuto moltissimo partecipare a questo workshop.<\/em><em> Il punto di forza pi\u00f9 grande \u00e8 stato il fatto che il gruppo eterogeneo ci ha permesso di affrontare la maggior parte degli aspetti della Progeria in modo conciso e informativo. Le mie congratulazioni per aver messo insieme un gruppo cos\u00ec eccezionale.<\/em>\u201d<\/p>\n<div>\n<p>Dott. Edwin Horwitz, dottore in medicina e chirurgia<br \/>\nOspedale pediatrico di ricerca St. Jude<\/p>\n<\/div>\n<ul>\n<li><a href=\"https:\/\/www.progeriaresearch.org\/it\/scientific-meetings\/\">Incontri passati<\/a><\/li>\n<\/ul>","protected":false},"excerpt":{"rendered":"<p>Bone Marrow Transplant Scientific Meeting: Forging Ahead by Exploring Potential Treatments April 25-26, 2004 at the National Institutes of Health in Bethesda, Maryland The Progeria Research Foundation, in partnership with the National Human Genome Research Institute and the National Heart, Lung and Blood Institute, sponsored an exciting meeting: &#8220;Exploring the Potential for Stem Cell Transplantation [&hellip;]<\/p>","protected":false},"author":1,"featured_media":0,"parent":0,"menu_order":0,"comment_status":"closed","ping_status":"closed","template":"","meta":{"_et_pb_use_builder":"","_et_pb_old_content":"","_et_gb_content_width":"","footnotes":"","_links_to":"","_links_to_target":""},"class_list":["post-1900","page","type-page","status-publish","hentry"],"yoast_head":"<!-- This site is optimized with the Yoast SEO plugin v26.8 - https:\/\/yoast.com\/product\/yoast-seo-wordpress\/ -->\n<title>2004 meeting | The Progeria Research Foundation<\/title>\n<meta name=\"robots\" content=\"index, follow, max-snippet:-1, max-image-preview:large, max-video-preview:-1\" \/>\n<link rel=\"canonical\" href=\"https:\/\/www.progeriaresearch.org\/it\/2004-bone-marrow-transplant-scientific-meeting\/\" \/>\n<meta property=\"og:locale\" content=\"it_IT\" \/>\n<meta property=\"og:type\" content=\"article\" \/>\n<meta property=\"og:title\" content=\"2004 meeting | The Progeria Research Foundation\" \/>\n<meta property=\"og:description\" content=\"Bone Marrow Transplant Scientific Meeting: Forging Ahead by Exploring Potential Treatments April 25-26, 2004 at the National Institutes of Health in Bethesda, Maryland The Progeria Research Foundation, in partnership with the National Human Genome Research Institute and the National Heart, Lung and Blood Institute, sponsored an exciting meeting: &#8220;Exploring the Potential for Stem Cell Transplantation [&hellip;]\" \/>\n<meta property=\"og:url\" content=\"https:\/\/www.progeriaresearch.org\/it\/2004-bone-marrow-transplant-scientific-meeting\/\" \/>\n<meta property=\"og:site_name\" content=\"The Progeria Research Foundation\" \/>\n<meta property=\"article:publisher\" content=\"https:\/\/www.facebook.com\/ProgeriaResearch\/\" \/>\n<meta property=\"article:modified_time\" content=\"2023-09-21T16:39:02+00:00\" \/>\n<meta name=\"twitter:card\" content=\"summary_large_image\" \/>\n<meta name=\"twitter:site\" content=\"@Progeria\" \/>\n<meta name=\"twitter:label1\" content=\"Est. reading time\" \/>\n\t<meta name=\"twitter:data1\" content=\"6 minuti\" \/>\n<script type=\"application\/ld+json\" class=\"yoast-schema-graph\">{\"@context\":\"https:\/\/schema.org\",\"@graph\":[{\"@type\":\"WebPage\",\"@id\":\"https:\/\/www.progeriaresearch.org\/he\/2004-bone-marrow-transplant-scientific-meeting\/\",\"url\":\"https:\/\/www.progeriaresearch.org\/he\/2004-bone-marrow-transplant-scientific-meeting\/\",\"name\":\"2004 meeting | The Progeria Research Foundation\",\"isPartOf\":{\"@id\":\"https:\/\/www.progeriaresearch.org\/ta\/#website\"},\"datePublished\":\"2017-05-09T20:19:15+00:00\",\"dateModified\":\"2023-09-21T16:39:02+00:00\",\"breadcrumb\":{\"@id\":\"https:\/\/www.progeriaresearch.org\/he\/2004-bone-marrow-transplant-scientific-meeting\/#breadcrumb\"},\"inLanguage\":\"it-IT\",\"potentialAction\":[{\"@type\":\"ReadAction\",\"target\":[\"https:\/\/www.progeriaresearch.org\/he\/2004-bone-marrow-transplant-scientific-meeting\/\"]}]},{\"@type\":\"BreadcrumbList\",\"@id\":\"https:\/\/www.progeriaresearch.org\/he\/2004-bone-marrow-transplant-scientific-meeting\/#breadcrumb\",\"itemListElement\":[{\"@type\":\"ListItem\",\"position\":1,\"name\":\"Home\",\"item\":\"https:\/\/www.progeriaresearch.org\/\"},{\"@type\":\"ListItem\",\"position\":2,\"name\":\"2004 Bone Marrow Transplant Scientific Meeting\"}]},{\"@type\":\"WebSite\",\"@id\":\"https:\/\/www.progeriaresearch.org\/ta\/#website\",\"url\":\"https:\/\/www.progeriaresearch.org\/ta\/\",\"name\":\"The Progeria Research Foundation\",\"description\":\"For the Children \u2665 For the Cure\",\"publisher\":{\"@id\":\"https:\/\/www.progeriaresearch.org\/ta\/#organization\"},\"potentialAction\":[{\"@type\":\"SearchAction\",\"target\":{\"@type\":\"EntryPoint\",\"urlTemplate\":\"https:\/\/www.progeriaresearch.org\/ta\/?s={search_term_string}\"},\"query-input\":{\"@type\":\"PropertyValueSpecification\",\"valueRequired\":true,\"valueName\":\"search_term_string\"}}],\"inLanguage\":\"it-IT\"},{\"@type\":\"Organization\",\"@id\":\"https:\/\/www.progeriaresearch.org\/ta\/#organization\",\"name\":\"The Progeria Research Foundation\",\"url\":\"https:\/\/www.progeriaresearch.org\/ta\/\",\"logo\":{\"@type\":\"ImageObject\",\"inLanguage\":\"it-IT\",\"@id\":\"https:\/\/www.progeriaresearch.org\/ta\/#\/schema\/logo\/image\/\",\"url\":\"https:\/\/www.progeriaresearch.org\/wp-content\/uploads\/2019\/05\/PRF_Logo_2019_optimized.png\",\"contentUrl\":\"https:\/\/www.progeriaresearch.org\/wp-content\/uploads\/2019\/05\/PRF_Logo_2019_optimized.png\",\"width\":300,\"height\":86,\"caption\":\"The Progeria Research Foundation\"},\"image\":{\"@id\":\"https:\/\/www.progeriaresearch.org\/ta\/#\/schema\/logo\/image\/\"},\"sameAs\":[\"https:\/\/www.facebook.com\/ProgeriaResearch\/\",\"https:\/\/x.com\/Progeria\",\"https:\/\/www.instagram.com\/progeriaresearch\/\"]}]}<\/script>\n<!-- \/ Yoast SEO plugin. -->","yoast_head_json":{"title":"2004 meeting | The Progeria Research Foundation","robots":{"index":"index","follow":"follow","max-snippet":"max-snippet:-1","max-image-preview":"max-image-preview:large","max-video-preview":"max-video-preview:-1"},"canonical":"https:\/\/www.progeriaresearch.org\/it\/2004-bone-marrow-transplant-scientific-meeting\/","og_locale":"it_IT","og_type":"article","og_title":"2004 meeting | The Progeria Research Foundation","og_description":"Bone Marrow Transplant Scientific Meeting: Forging Ahead by Exploring Potential Treatments April 25-26, 2004 at the National Institutes of Health in Bethesda, Maryland The Progeria Research Foundation, in partnership with the National Human Genome Research Institute and the National Heart, Lung and Blood Institute, sponsored an exciting meeting: &#8220;Exploring the Potential for Stem Cell Transplantation [&hellip;]","og_url":"https:\/\/www.progeriaresearch.org\/it\/2004-bone-marrow-transplant-scientific-meeting\/","og_site_name":"The Progeria Research Foundation","article_publisher":"https:\/\/www.facebook.com\/ProgeriaResearch\/","article_modified_time":"2023-09-21T16:39:02+00:00","twitter_card":"summary_large_image","twitter_site":"@Progeria","twitter_misc":{"Est. reading time":"6 minuti"},"schema":{"@context":"https:\/\/schema.org","@graph":[{"@type":"WebPage","@id":"https:\/\/www.progeriaresearch.org\/he\/2004-bone-marrow-transplant-scientific-meeting\/","url":"https:\/\/www.progeriaresearch.org\/he\/2004-bone-marrow-transplant-scientific-meeting\/","name":"2004 meeting | The Progeria Research Foundation","isPartOf":{"@id":"https:\/\/www.progeriaresearch.org\/ta\/#website"},"datePublished":"2017-05-09T20:19:15+00:00","dateModified":"2023-09-21T16:39:02+00:00","breadcrumb":{"@id":"https:\/\/www.progeriaresearch.org\/he\/2004-bone-marrow-transplant-scientific-meeting\/#breadcrumb"},"inLanguage":"it-IT","potentialAction":[{"@type":"ReadAction","target":["https:\/\/www.progeriaresearch.org\/he\/2004-bone-marrow-transplant-scientific-meeting\/"]}]},{"@type":"BreadcrumbList","@id":"https:\/\/www.progeriaresearch.org\/he\/2004-bone-marrow-transplant-scientific-meeting\/#breadcrumb","itemListElement":[{"@type":"ListItem","position":1,"name":"Home","item":"https:\/\/www.progeriaresearch.org\/"},{"@type":"ListItem","position":2,"name":"2004 Bone Marrow Transplant Scientific Meeting"}]},{"@type":"WebSite","@id":"https:\/\/www.progeriaresearch.org\/ta\/#website","url":"https:\/\/www.progeriaresearch.org\/ta\/","name":"Fondazione per la ricerca sulla progeria","description":"Per i bambini \u2665 Per la cura","publisher":{"@id":"https:\/\/www.progeriaresearch.org\/ta\/#organization"},"potentialAction":[{"@type":"SearchAction","target":{"@type":"EntryPoint","urlTemplate":"https:\/\/www.progeriaresearch.org\/ta\/?s={search_term_string}"},"query-input":{"@type":"PropertyValueSpecification","valueRequired":true,"valueName":"search_term_string"}}],"inLanguage":"it-IT"},{"@type":"Organization","@id":"https:\/\/www.progeriaresearch.org\/ta\/#organization","name":"Fondazione per la ricerca sulla progeria","url":"https:\/\/www.progeriaresearch.org\/ta\/","logo":{"@type":"ImageObject","inLanguage":"it-IT","@id":"https:\/\/www.progeriaresearch.org\/ta\/#\/schema\/logo\/image\/","url":"https:\/\/www.progeriaresearch.org\/wp-content\/uploads\/2019\/05\/PRF_Logo_2019_optimized.png","contentUrl":"https:\/\/www.progeriaresearch.org\/wp-content\/uploads\/2019\/05\/PRF_Logo_2019_optimized.png","width":300,"height":86,"caption":"The Progeria Research Foundation"},"image":{"@id":"https:\/\/www.progeriaresearch.org\/ta\/#\/schema\/logo\/image\/"},"sameAs":["https:\/\/www.facebook.com\/ProgeriaResearch\/","https:\/\/x.com\/Progeria","https:\/\/www.instagram.com\/progeriaresearch\/"]}]}},"_links":{"self":[{"href":"https:\/\/www.progeriaresearch.org\/it\/wp-json\/wp\/v2\/pages\/1900","targetHints":{"allow":["GET"]}}],"collection":[{"href":"https:\/\/www.progeriaresearch.org\/it\/wp-json\/wp\/v2\/pages"}],"about":[{"href":"https:\/\/www.progeriaresearch.org\/it\/wp-json\/wp\/v2\/types\/page"}],"author":[{"embeddable":true,"href":"https:\/\/www.progeriaresearch.org\/it\/wp-json\/wp\/v2\/users\/1"}],"replies":[{"embeddable":true,"href":"https:\/\/www.progeriaresearch.org\/it\/wp-json\/wp\/v2\/comments?post=1900"}],"version-history":[{"count":0,"href":"https:\/\/www.progeriaresearch.org\/it\/wp-json\/wp\/v2\/pages\/1900\/revisions"}],"wp:attachment":[{"href":"https:\/\/www.progeriaresearch.org\/it\/wp-json\/wp\/v2\/media?parent=1900"}],"curies":[{"name":"parola chiave","href":"https:\/\/api.w.org\/{rel}","templated":true}]}}