{"id":869,"date":"2017-02-26T21:38:55","date_gmt":"2017-02-26T21:38:55","guid":{"rendered":"https:\/\/www.progeriaresearch.org\/?page_id=869"},"modified":"2023-09-21T12:23:32","modified_gmt":"2023-09-21T16:23:32","slug":"goodsearch-com-and-goodshop-com","status":"publish","type":"page","link":"https:\/\/www.progeriaresearch.org\/it\/goodsearch-com-and-goodshop-com\/","title":{"rendered":"Goodsearch.com e Goodshop.com"},"content":{"rendered":"<p><strong>Utilizzando goodsearch.com come motore di ricerca, i PENNIES possono arrivare fino a $1.000.000 per PRF!<\/strong><\/p>\n<p>Unisciti a Rose Budds di Adalia e fai di goodsearch.com il tuo motore di ricerca preferito. Goodsearch dona un centesimo per ricerca, ad associazioni benefiche come PRF. Il sito \u00e8 alimentato da Yahoo!, quindi otterrai gli stessi risultati di ricerca di qualit\u00e0 a cui sei abituato. <strong>Utilizzando <\/strong>goodsearch.com \u00e8 facile \u2013 <a href=\"https:\/\/www.goodsearch.com\/nonprofit\/progeria-research-foundation-prf.aspx\">clicca QUI per registrarti*<\/a> per PRF \u2013 ci vuole meno di un minuto!<\/p>\n<p>Inoltre, spargi la voce tra i tuoi amici, familiari e colleghi: se tutti i sostenitori di Adalia&#039;s Rose Budd e PRF da tutto il mondo usano goodsearch.com raccoglieremo i soldi necessari per arrivare alla cura pi\u00f9 velocemente, cos\u00ec potremo vincere questa corsa contro il tempo per Adalia e tutti i bambini con la Progeria. Una volta che ti sei registrato, twitta #PRFPenny e incoraggia gli altri a unirsi. Aggiorneremo questa pagina man mano che i centesimi inizieranno ad accumularsi!<\/p>\n<p>Nessuna donazione personale richiesta: tutti usano motori di ricerca, quindi tutto ci\u00f2 che ti chiediamo \u00e8 di usare goodsearch. \u00c8 una VITTORIA PER TUTTI!<\/p>\n<p>* Fai clic sul pulsante Inizia e quindi digita PRF o Progeria Research Foundation, segui le istruzioni e inizia a cercare e fare acquisti su goodsearch.com<\/p>\n<p><strong><img loading=\"lazy\" decoding=\"async\" class=\"alignleft\" src=\"https:\/\/www.progeriaresearch.org\/assets\/images\/donate_images\/Goodsearch-on-Comp-Zach%2C-Miles%2C-Cam--1.jpg\" width=\"200\" height=\"221\" \/><\/strong><\/p>\n<p>RACCOGLI FONDI PER PRF FACENDO SHOPPING ONLINE!: goodshop ha oltre 200.000 offerte, coupon e risparmi in posti come Amazon, Bed, Bath &amp; Beyond, Target, JC Penney e DSW. Ancora meglio, goodshop fa una donazione pari a % del tuo acquisto a PRF quando fai acquisti tramite esso, senza costi aggiuntivi per te! Assicurati solo di scegliere Progeria Research Foundation come causa che sostieni e ogni volta che fai acquisti (e risparmi!) in oltre 5.000 negozi, PRF riceve una donazione! Dai un&#039;occhiata online: <a href=\"https:\/\/www.goodsearch.com\/nonprofit\/progeria-research-foundation-prf.aspx\">GoodShop per la progeria<\/a><\/p>\n<p><img loading=\"lazy\" decoding=\"async\" class=\"aligncenter\" src=\"https:\/\/www.progeriaresearch.org\/assets\/images\/get_involved_images\/photo.JPG\" alt=\"Using GoodSearch.com\" width=\"524\" height=\"524\" \/><\/p>","protected":false},"excerpt":{"rendered":"<p>PENNIES can add up to $1,000,000 for PRF by using goodsearch.com for your search engine! Join Adalia\u2019s Rose Budds and make goodsearch.com your go-to search engine. Goodsearch donates a penny per search, to charities like PRF. The site is powered by Yahoo!, so you&#8217;ll get the same quality search results that you&#8217;re used to. Using [&hellip;]<\/p>","protected":false},"author":1,"featured_media":0,"parent":0,"menu_order":0,"comment_status":"closed","ping_status":"closed","template":"","meta":{"_et_pb_use_builder":"","_et_pb_old_content":"","_et_gb_content_width":"","footnotes":"","_links_to":"","_links_to_target":""},"class_list":["post-869","page","type-page","status-publish","hentry"],"yoast_head":"<!-- This site is optimized with the Yoast SEO plugin v26.8 - https:\/\/yoast.com\/product\/yoast-seo-wordpress\/ -->\n<title>Goodshop | The Progeria Research Foundation<\/title>\n<meta name=\"robots\" content=\"index, follow, max-snippet:-1, max-image-preview:large, max-video-preview:-1\" \/>\n<link rel=\"canonical\" href=\"https:\/\/www.progeriaresearch.org\/it\/goodsearch-com-and-goodshop-com\/\" \/>\n<meta property=\"og:locale\" content=\"it_IT\" \/>\n<meta property=\"og:type\" content=\"article\" \/>\n<meta property=\"og:title\" content=\"Goodshop | The Progeria Research Foundation\" \/>\n<meta property=\"og:description\" content=\"PENNIES can add up to $1,000,000 for PRF by using goodsearch.com for your search engine! Join Adalia\u2019s Rose Budds and make goodsearch.com your go-to search engine. Goodsearch donates a penny per search, to charities like PRF. The site is powered by Yahoo!, so you&#8217;ll get the same quality search results that you&#8217;re used to. Using [&hellip;]\" \/>\n<meta property=\"og:url\" content=\"https:\/\/www.progeriaresearch.org\/it\/goodsearch-com-and-goodshop-com\/\" \/>\n<meta property=\"og:site_name\" content=\"The Progeria Research Foundation\" \/>\n<meta property=\"article:publisher\" content=\"https:\/\/www.facebook.com\/ProgeriaResearch\/\" \/>\n<meta property=\"article:modified_time\" content=\"2023-09-21T16:23:32+00:00\" \/>\n<meta property=\"og:image\" content=\"https:\/\/www.progeriaresearch.org\/assets\/images\/donate_images\/Goodsearch-on-Comp-Zach%2C-Miles%2C-Cam--1.jpg\" \/>\n<meta name=\"twitter:card\" content=\"summary_large_image\" \/>\n<meta name=\"twitter:site\" content=\"@Progeria\" \/>\n<meta name=\"twitter:label1\" content=\"Est. reading time\" \/>\n\t<meta name=\"twitter:data1\" content=\"2 minuti\" \/>\n<script type=\"application\/ld+json\" class=\"yoast-schema-graph\">{\"@context\":\"https:\/\/schema.org\",\"@graph\":[{\"@type\":\"WebPage\",\"@id\":\"https:\/\/www.progeriaresearch.org\/es\/goodsearch-com-and-goodshop-com\/\",\"url\":\"https:\/\/www.progeriaresearch.org\/es\/goodsearch-com-and-goodshop-com\/\",\"name\":\"Goodshop | The Progeria Research Foundation\",\"isPartOf\":{\"@id\":\"https:\/\/www.progeriaresearch.org\/ta\/#website\"},\"primaryImageOfPage\":{\"@id\":\"https:\/\/www.progeriaresearch.org\/es\/goodsearch-com-and-goodshop-com\/#primaryimage\"},\"image\":{\"@id\":\"https:\/\/www.progeriaresearch.org\/es\/goodsearch-com-and-goodshop-com\/#primaryimage\"},\"thumbnailUrl\":\"https:\/\/www.progeriaresearch.org\/assets\/images\/donate_images\/Goodsearch-on-Comp-Zach%2C-Miles%2C-Cam--1.jpg\",\"datePublished\":\"2017-02-26T21:38:55+00:00\",\"dateModified\":\"2023-09-21T16:23:32+00:00\",\"breadcrumb\":{\"@id\":\"https:\/\/www.progeriaresearch.org\/es\/goodsearch-com-and-goodshop-com\/#breadcrumb\"},\"inLanguage\":\"it-IT\",\"potentialAction\":[{\"@type\":\"ReadAction\",\"target\":[\"https:\/\/www.progeriaresearch.org\/es\/goodsearch-com-and-goodshop-com\/\"]}]},{\"@type\":\"ImageObject\",\"inLanguage\":\"it-IT\",\"@id\":\"https:\/\/www.progeriaresearch.org\/es\/goodsearch-com-and-goodshop-com\/#primaryimage\",\"url\":\"https:\/\/www.progeriaresearch.org\/assets\/images\/donate_images\/Goodsearch-on-Comp-Zach%2C-Miles%2C-Cam--1.jpg\",\"contentUrl\":\"https:\/\/www.progeriaresearch.org\/assets\/images\/donate_images\/Goodsearch-on-Comp-Zach%2C-Miles%2C-Cam--1.jpg\"},{\"@type\":\"BreadcrumbList\",\"@id\":\"https:\/\/www.progeriaresearch.org\/es\/goodsearch-com-and-goodshop-com\/#breadcrumb\",\"itemListElement\":[{\"@type\":\"ListItem\",\"position\":1,\"name\":\"Home\",\"item\":\"https:\/\/www.progeriaresearch.org\/\"},{\"@type\":\"ListItem\",\"position\":2,\"name\":\"Goodsearch.com and Goodshop.com\"}]},{\"@type\":\"WebSite\",\"@id\":\"https:\/\/www.progeriaresearch.org\/ta\/#website\",\"url\":\"https:\/\/www.progeriaresearch.org\/ta\/\",\"name\":\"The Progeria Research Foundation\",\"description\":\"For the Children \u2665 For the Cure\",\"publisher\":{\"@id\":\"https:\/\/www.progeriaresearch.org\/ta\/#organization\"},\"potentialAction\":[{\"@type\":\"SearchAction\",\"target\":{\"@type\":\"EntryPoint\",\"urlTemplate\":\"https:\/\/www.progeriaresearch.org\/ta\/?s={search_term_string}\"},\"query-input\":{\"@type\":\"PropertyValueSpecification\",\"valueRequired\":true,\"valueName\":\"search_term_string\"}}],\"inLanguage\":\"it-IT\"},{\"@type\":\"Organization\",\"@id\":\"https:\/\/www.progeriaresearch.org\/ta\/#organization\",\"name\":\"The Progeria Research Foundation\",\"url\":\"https:\/\/www.progeriaresearch.org\/ta\/\",\"logo\":{\"@type\":\"ImageObject\",\"inLanguage\":\"it-IT\",\"@id\":\"https:\/\/www.progeriaresearch.org\/ta\/#\/schema\/logo\/image\/\",\"url\":\"https:\/\/www.progeriaresearch.org\/wp-content\/uploads\/2019\/05\/PRF_Logo_2019_optimized.png\",\"contentUrl\":\"https:\/\/www.progeriaresearch.org\/wp-content\/uploads\/2019\/05\/PRF_Logo_2019_optimized.png\",\"width\":300,\"height\":86,\"caption\":\"The Progeria Research Foundation\"},\"image\":{\"@id\":\"https:\/\/www.progeriaresearch.org\/ta\/#\/schema\/logo\/image\/\"},\"sameAs\":[\"https:\/\/www.facebook.com\/ProgeriaResearch\/\",\"https:\/\/x.com\/Progeria\",\"https:\/\/www.instagram.com\/progeriaresearch\/\"]}]}<\/script>\n<!-- \/ Yoast SEO plugin. -->","yoast_head_json":{"title":"Goodshop | The Progeria Research Foundation","robots":{"index":"index","follow":"follow","max-snippet":"max-snippet:-1","max-image-preview":"max-image-preview:large","max-video-preview":"max-video-preview:-1"},"canonical":"https:\/\/www.progeriaresearch.org\/it\/goodsearch-com-and-goodshop-com\/","og_locale":"it_IT","og_type":"article","og_title":"Goodshop | The Progeria Research Foundation","og_description":"PENNIES can add up to $1,000,000 for PRF by using goodsearch.com for your search engine! Join Adalia\u2019s Rose Budds and make goodsearch.com your go-to search engine. Goodsearch donates a penny per search, to charities like PRF. The site is powered by Yahoo!, so you&#8217;ll get the same quality search results that you&#8217;re used to. Using [&hellip;]","og_url":"https:\/\/www.progeriaresearch.org\/it\/goodsearch-com-and-goodshop-com\/","og_site_name":"The Progeria Research Foundation","article_publisher":"https:\/\/www.facebook.com\/ProgeriaResearch\/","article_modified_time":"2023-09-21T16:23:32+00:00","og_image":[{"url":"https:\/\/www.progeriaresearch.org\/assets\/images\/donate_images\/Goodsearch-on-Comp-Zach%2C-Miles%2C-Cam--1.jpg","type":"","width":"","height":""}],"twitter_card":"summary_large_image","twitter_site":"@Progeria","twitter_misc":{"Est. reading time":"2 minuti"},"schema":{"@context":"https:\/\/schema.org","@graph":[{"@type":"WebPage","@id":"https:\/\/www.progeriaresearch.org\/es\/goodsearch-com-and-goodshop-com\/","url":"https:\/\/www.progeriaresearch.org\/es\/goodsearch-com-and-goodshop-com\/","name":"Goodshop | The Progeria Research Foundation","isPartOf":{"@id":"https:\/\/www.progeriaresearch.org\/ta\/#website"},"primaryImageOfPage":{"@id":"https:\/\/www.progeriaresearch.org\/es\/goodsearch-com-and-goodshop-com\/#primaryimage"},"image":{"@id":"https:\/\/www.progeriaresearch.org\/es\/goodsearch-com-and-goodshop-com\/#primaryimage"},"thumbnailUrl":"https:\/\/www.progeriaresearch.org\/assets\/images\/donate_images\/Goodsearch-on-Comp-Zach%2C-Miles%2C-Cam--1.jpg","datePublished":"2017-02-26T21:38:55+00:00","dateModified":"2023-09-21T16:23:32+00:00","breadcrumb":{"@id":"https:\/\/www.progeriaresearch.org\/es\/goodsearch-com-and-goodshop-com\/#breadcrumb"},"inLanguage":"it-IT","potentialAction":[{"@type":"ReadAction","target":["https:\/\/www.progeriaresearch.org\/es\/goodsearch-com-and-goodshop-com\/"]}]},{"@type":"ImageObject","inLanguage":"it-IT","@id":"https:\/\/www.progeriaresearch.org\/es\/goodsearch-com-and-goodshop-com\/#primaryimage","url":"https:\/\/www.progeriaresearch.org\/assets\/images\/donate_images\/Goodsearch-on-Comp-Zach%2C-Miles%2C-Cam--1.jpg","contentUrl":"https:\/\/www.progeriaresearch.org\/assets\/images\/donate_images\/Goodsearch-on-Comp-Zach%2C-Miles%2C-Cam--1.jpg"},{"@type":"BreadcrumbList","@id":"https:\/\/www.progeriaresearch.org\/es\/goodsearch-com-and-goodshop-com\/#breadcrumb","itemListElement":[{"@type":"ListItem","position":1,"name":"Home","item":"https:\/\/www.progeriaresearch.org\/"},{"@type":"ListItem","position":2,"name":"Goodsearch.com and Goodshop.com"}]},{"@type":"WebSite","@id":"https:\/\/www.progeriaresearch.org\/ta\/#website","url":"https:\/\/www.progeriaresearch.org\/ta\/","name":"Fondazione per la ricerca sulla progeria","description":"Per i bambini \u2665 Per la cura","publisher":{"@id":"https:\/\/www.progeriaresearch.org\/ta\/#organization"},"potentialAction":[{"@type":"SearchAction","target":{"@type":"EntryPoint","urlTemplate":"https:\/\/www.progeriaresearch.org\/ta\/?s={search_term_string}"},"query-input":{"@type":"PropertyValueSpecification","valueRequired":true,"valueName":"search_term_string"}}],"inLanguage":"it-IT"},{"@type":"Organization","@id":"https:\/\/www.progeriaresearch.org\/ta\/#organization","name":"Fondazione per la ricerca sulla progeria","url":"https:\/\/www.progeriaresearch.org\/ta\/","logo":{"@type":"ImageObject","inLanguage":"it-IT","@id":"https:\/\/www.progeriaresearch.org\/ta\/#\/schema\/logo\/image\/","url":"https:\/\/www.progeriaresearch.org\/wp-content\/uploads\/2019\/05\/PRF_Logo_2019_optimized.png","contentUrl":"https:\/\/www.progeriaresearch.org\/wp-content\/uploads\/2019\/05\/PRF_Logo_2019_optimized.png","width":300,"height":86,"caption":"The Progeria Research Foundation"},"image":{"@id":"https:\/\/www.progeriaresearch.org\/ta\/#\/schema\/logo\/image\/"},"sameAs":["https:\/\/www.facebook.com\/ProgeriaResearch\/","https:\/\/x.com\/Progeria","https:\/\/www.instagram.com\/progeriaresearch\/"]}]}},"_links":{"self":[{"href":"https:\/\/www.progeriaresearch.org\/it\/wp-json\/wp\/v2\/pages\/869","targetHints":{"allow":["GET"]}}],"collection":[{"href":"https:\/\/www.progeriaresearch.org\/it\/wp-json\/wp\/v2\/pages"}],"about":[{"href":"https:\/\/www.progeriaresearch.org\/it\/wp-json\/wp\/v2\/types\/page"}],"author":[{"embeddable":true,"href":"https:\/\/www.progeriaresearch.org\/it\/wp-json\/wp\/v2\/users\/1"}],"replies":[{"embeddable":true,"href":"https:\/\/www.progeriaresearch.org\/it\/wp-json\/wp\/v2\/comments?post=869"}],"version-history":[{"count":0,"href":"https:\/\/www.progeriaresearch.org\/it\/wp-json\/wp\/v2\/pages\/869\/revisions"}],"wp:attachment":[{"href":"https:\/\/www.progeriaresearch.org\/it\/wp-json\/wp\/v2\/media?parent=869"}],"curies":[{"name":"parola chiave","href":"https:\/\/api.w.org\/{rel}","templated":true}]}}