{"id":15222,"date":"2022-08-04T12:05:00","date_gmt":"2022-08-04T16:05:00","guid":{"rendered":"https:\/\/www.progeriaresearch.org\/?page_id=15222"},"modified":"2023-09-21T12:20:07","modified_gmt":"2023-09-21T16:20:07","slug":"frrunionstrawevent","status":"publish","type":"page","link":"https:\/\/www.progeriaresearch.org\/pt\/frrunionstrawevent\/","title":{"rendered":"Evento de arrecada\u00e7\u00e3o de fundos para a equipe PRF Falmouth Road Race"},"content":{"rendered":"<p>[et_pb_section fb_built=&#8221;1&#8243; fullwidth=&#8221;on&#8221; disabled_on=&#8221;off|off|off&#8221; _builder_version=&#8221;4.16&#8243; background_size=&#8221;initial&#8221; min_height=&#8221;502px&#8221; custom_margin=&#8221;||0px||false|false&#8221; custom_padding=&#8221;0px||0px||false|false&#8221; border_width_bottom=&#8221;55px&#8221; border_color_bottom=&#8221;#29327a&#8221; locked=&#8221;off&#8221; global_colors_info=&#8221;{}&#8221;][et_pb_fullwidth_header text_orientation=&#8221;center&#8221; _builder_version=&#8221;4.17.6&#8243; title_font_size=&#8221;55&#8243; background_color=&#8221;#29327A&#8221; background_image=&#8221;https:\/\/www.progeriaresearch.org\/wp-content\/uploads\/2022\/08\/FFR-union-straw-1200-\u00d7-500-px.png&#8221; background_layout=&#8221;light&#8221; module_alignment=&#8221;center&#8221; min_height=&#8221;545px&#8221; custom_margin=&#8221;-4px||0px||false|false&#8221; custom_padding=&#8221;||||true|false&#8221; custom_padding_tablet=&#8221;&#8221; custom_padding_phone=&#8221;|56px||&#8221; custom_padding_last_edited=&#8221;on|desktop&#8221; title_font_size_tablet=&#8221;45px&#8221; title_font_size_phone=&#8221;40px&#8221; title_font_size_last_edited=&#8221;on|phone&#8221; z_index_tablet=&#8221;500&#8243; custom_css_main_element=&#8221;background-position: center 18% !important;&#8221; global_colors_info=&#8221;{}&#8221;]<\/p>\n<h1 style=\"text-align: left;\">\u00a0<\/h1>\n<p style=\"text-align: center;\">[\/et_pb_fullwidth_header][\/et_pb_section][et_pb_section fb_built=&#8221;1&#8243; use_custom_gutter=&#8221;on&#8221; gutter_width=&#8221;1&#8243; specialty=&#8221;on&#8221; padding_left_1=&#8221;35px&#8221; padding_left_2=&#8221;35px&#8221; padding_2_tablet=&#8221;|||0px&#8221; padding_2_phone=&#8221;&#8221; padding_2_last_edited=&#8221;on|desktop&#8221; module_class_1=&#8221;sidebar-secondary-nav&#8221; module_class=&#8221;handprint-bg&#8221; _builder_version=&#8221;4.16&#8243; background_image=&#8221;https:\/\/www.progeriaresearch.org\/wp-content\/uploads\/2019\/04\/blue-handprint-only.png&#8221; parallax=&#8221;on&#8221; parallax_method=&#8221;off&#8221; inner_width=&#8221;100%&#8221; inner_max_width=&#8221;100%&#8221; custom_padding=&#8221;0|0px|54px|0px|false|false&#8221; z_index_tablet=&#8221;500&#8243; border_width_top=&#8221;10px&#8221; border_color_top=&#8221;#8fd2ed&#8221; use_custom_width=&#8221;on&#8221; width_unit=&#8221;off&#8221; custom_width_percent=&#8221;100%&#8221; global_colors_info=&#8221;{}&#8221;][et_pb_column type=&#8221;1_4&#8243; _builder_version=&#8221;4.16&#8243; custom_padding=&#8221;|||&#8221; global_colors_info=&#8221;{}&#8221; custom_padding__hover=&#8221;|||&#8221;][et_pb_sidebar area=&#8221;et_pb_widget_area_8&#8243; disabled_on=&#8221;on|on|off&#8221; admin_label=&#8221;Fundraise Sidebar&#8221; module_class=&#8221;subpage-sidebars&#8221; _builder_version=&#8221;4.16&#8243; animation_style=&#8221;fade&#8221; z_index_tablet=&#8221;500&#8243; border_width_right=&#8221;5px&#8221; locked=&#8221;off&#8221; global_colors_info=&#8221;{}&#8221;][\/et_pb_sidebar][\/et_pb_column][et_pb_column type=&#8221;3_4&#8243; specialty_columns=&#8221;3&#8243; _builder_version=&#8221;4.16&#8243; custom_padding=&#8221;|||&#8221; global_colors_info=&#8221;{}&#8221; custom_padding__hover=&#8221;|||&#8221;][et_pb_row_inner _builder_version=&#8221;4.16&#8243; _module_preset=&#8221;default&#8221; custom_padding=&#8221;||3px|||&#8221; global_colors_info=&#8221;{}&#8221;][et_pb_column_inner saved_specialty_column_type=&#8221;3_4&#8243; _builder_version=&#8221;4.16&#8243; _module_preset=&#8221;default&#8221; global_colors_info=&#8221;{}&#8221;][et_pb_text admin_label=&#8221;Title&#8221; _builder_version=&#8221;4.17.6&#8243; custom_margin=&#8221;||12px|||&#8221; global_colors_info=&#8221;{}&#8221;]<\/p>\n<h2 style=\"text-align: center;\">\u00a0<\/h2>\n<h3 style=\"text-align: center;\"><span style=\"color: #b31919;\"><strong>Amigos de Massachusetts \u2013 junte-se a n\u00f3s em 10 de agosto<sup>o<\/sup>! <\/strong><\/span><\/h3>\n<p>[\/et_pb_text][et_pb_text _builder_version=&#8221;4.17.6&#8243; _module_preset=&#8221;default&#8221; text_font_size=&#8221;18px&#8221; custom_margin=&#8221;||10px|||&#8221; global_colors_info=&#8221;{}&#8221;]<\/p>\n<p><span style=\"color: #b31919;\"><strong><img loading=\"lazy\" decoding=\"async\" class=\"wp-image-15230 alignleft size-medium\" src=\"https:\/\/www.progeriaresearch.org\/wp-content\/uploads\/2022\/08\/Jeanezharette_cropped-with-caption-1-157x300.jpg\" alt=\"\" width=\"157\" height=\"300\" \/><\/strong><\/span>Esperamos que voc\u00ea venha festejar conosco e apoiar nossos corredores na reta final da arrecada\u00e7\u00e3o de fundos para a pr\u00f3xima corrida de 7 milhas.<\/p>\n<p>Os ingressos d\u00e3o acesso a um p\u00e1tio externo privativo com aperitivos, m\u00fasica, um leil\u00e3o incr\u00edvel, rifas e vendas de joias da Opulenza Designs.<\/p>\n<p><span style=\"color: #b31919;\"><u>DETALHES DO EVENTO:<\/u><\/span><\/p>\n<p>Quando: Quarta-feira, 10 de agosto, das 17h \u00e0s 21h<br \/>Onde: Union Straw Restaurant 8 Mechanic Street, Foxboro<br \/>Os anfitri\u00f5es incluem os corredores locais Paul Michienzie e Bobby Nadeau<br \/>Custo: $20 pp ou $50 para uma fam\u00edlia de at\u00e9 quatro pessoas<\/p>\n<p><span style=\"color: #b31919;\">COMPRAR INGRESSOS <a style=\"color: #b31919;\" href=\"https:\/\/r20.rs6.net\/tn.jsp?f=0016v-xDuflB65Eh4oY4OfcDvz5UJzLzBM3OX3XvoLeW-GnQHKPzX88bxRs28iGuWMZM3eVeMT_dIvDIYGaYkHomRshN2Gx4EYbYkaXbptZOLvtST4UP688Oi4r5BQyzSMCrdcogbitIkIup1KW4gfJ2tyQvReTchQ9RVfMfazaurivsU9EGR7IARu78p4IbdaEWyyLTB4rKzWdl5Kta2Ytk_05ICone89Q&amp;c=oo5bHmybeoyCElmYhHNn7RUfI1hsmCbACGCM5sChv7s9H4BQq0ao7Q==&amp;ch=gO6lT2JvpRlxsL1t-AmwufdqT1eWCZmzXCTZyCnHNpyj9T8QF_LXTg==\" target=\"_blank\" rel=\"noopener\"><u>AQUI<\/u><\/a>!<\/span><\/p>\n<p>**Quer voc\u00ea compare\u00e7a ao evento ou apenas v\u00e1 jantar, uma parte dos lucros de todas as vendas de COMIDA e BEBIDA no restaurante tamb\u00e9m ir\u00e1 para a PRF. Reservas s\u00e3o incentivadas e podem ser feitas <span style=\"color: #993300;\"><a style=\"color: #993300;\" href=\"https:\/\/www.unionstraw.com\/visit\" target=\"_blank\" rel=\"noopener\">AQUI<\/a><\/span><\/p>\n<p>[\/et_pb_text][et_pb_text _builder_version=&#8221;4.17.6&#8243; _module_preset=&#8221;default&#8221; text_font_size=&#8221;18px&#8221; global_colors_info=&#8221;{}&#8221;]<\/p>\n<p><span style=\"color: #993300;\"><u>VENDAS DE JOIAS POR OPULENZA DESIGNS:<\/u><\/span><\/p>\n<p><img loading=\"lazy\" decoding=\"async\" class=\"wp-image-15229 alignleft size-thumbnail\" src=\"https:\/\/www.progeriaresearch.org\/wp-content\/uploads\/2022\/08\/stretch-bracelets_cropped-1-150x150.jpg\" alt=\"\" width=\"150\" height=\"150\" \/>Apoie a PRF com estilo comprando esta linda joia de prata esterlina de qualidade de designer. 30% de todas as vendas de agora at\u00e9 <u>8\/24<\/u> ser\u00e1 doado \u00e0 PRF. Loja <span style=\"color: #993300;\"><a style=\"color: #993300;\" href=\"https:\/\/r20.rs6.net\/tn.jsp?f=0016v-xDuflB65Eh4oY4OfcDvz5UJzLzBM3OX3XvoLeW-GnQHKPzX88bxRs28iGuWMZmjRdH_EFcLEYAAxPWPT3Mt2J6JDzN0RAseYqj7s13la7eeduC9oJYR2BSRGW9xPNCzQxHdQA1_6FcTHRf0LgN4PiP63QEQDeuX650L9kDXIFzSwTQ-78_FhgnUY9_CXB&amp;c=oo5bHmybeoyCElmYhHNn7RUfI1hsmCbACGCM5sChv7s9H4BQq0ao7Q==&amp;ch=gO6lT2JvpRlxsL1t-AmwufdqT1eWCZmzXCTZyCnHNpyj9T8QF_LXTg==\">AQUI<\/a><\/span> ou no local e para navegar no cat\u00e1logo voc\u00ea pode ir <span style=\"color: #993300;\"><a style=\"color: #993300;\" href=\"https:\/\/r20.rs6.net\/tn.jsp?f=0016v-xDuflB65Eh4oY4OfcDvz5UJzLzBM3OX3XvoLeW-GnQHKPzX88b10Gt2sKW1TKES2tQo2K-lxJpNhjx8LZkBCgWLqGDfvZCSqV9AQwQI9FWRdDQAi9WRSgeU5-_4NGTRHgge4VvcMODH2nuuhiCLOFR0Ugi2UjH4Ht-MbJAcc=&amp;c=oo5bHmybeoyCElmYhHNn7RUfI1hsmCbACGCM5sChv7s9H4BQq0ao7Q==&amp;ch=gO6lT2JvpRlxsL1t-AmwufdqT1eWCZmzXCTZyCnHNpyj9T8QF_LXTg==\">AQUI<\/a><\/span>. A representante da Opulenza, Nancy Wilkes, estar\u00e1 dispon\u00edvel no dia 8\/10 para mostrar a cole\u00e7\u00e3o completa!<\/p>\n<p><span style=\"color: #993300;\"><u>MARAVILH\u00c3O DE COMPRAS DE JOIAS:<\/u><\/span><\/p>\n<p>Aproveite a chance e ganhe uma das duas maratonas de compras de joias de $500! Os ingressos custam $20 cada e apenas 100 ser\u00e3o vendidos. O vencedor ser\u00e1 anunciado na noite do evento e voc\u00ea n\u00e3o precisa estar presente para ganhar. Compre seus ingressos <span style=\"color: #993300;\"><a style=\"color: #993300;\" href=\"https:\/\/r20.rs6.net\/tn.jsp?f=0016v-xDuflB65Eh4oY4OfcDvz5UJzLzBM3OX3XvoLeW-GnQHKPzX88bxRs28iGuWMZM3eVeMT_dIvDIYGaYkHomRshN2Gx4EYbYkaXbptZOLvtST4UP688Oi4r5BQyzSMCrdcogbitIkIup1KW4gfJ2tyQvReTchQ9RVfMfazaurivsU9EGR7IARu78p4IbdaEWyyLTB4rKzWdl5Kta2Ytk_05ICone89Q&amp;c=oo5bHmybeoyCElmYhHNn7RUfI1hsmCbACGCM5sChv7s9H4BQq0ao7Q==&amp;ch=gO6lT2JvpRlxsL1t-AmwufdqT1eWCZmzXCTZyCnHNpyj9T8QF_LXTg==\">AQUI<\/a>. <\/span><\/p>\n<p>[\/et_pb_text][et_pb_text _builder_version=&#8221;4.17.6&#8243; _module_preset=&#8221;default&#8221; global_colors_info=&#8221;{}&#8221;]<\/p>\n<p><img loading=\"lazy\" decoding=\"async\" class=\"wp-image-15231 alignleft size-thumbnail\" style=\"float: right;\" src=\"https:\/\/www.progeriaresearch.org\/wp-content\/uploads\/2022\/08\/FRR-150x150.jpg\" alt=\"\" width=\"150\" height=\"150\" srcset=\"https:\/\/www.progeriaresearch.org\/wp-content\/uploads\/2022\/08\/FRR-150x150.jpg 150w, https:\/\/www.progeriaresearch.org\/wp-content\/uploads\/2022\/08\/FRR-381x382.jpg 381w\" sizes=\"(max-width: 150px) 100vw, 150px\" \/><\/p>\n<h4>\u00a0<\/h4>\n<h4 style=\"text-align: center;\"><span style=\"color: #993300;\"><a style=\"color: #993300;\" href=\"https:\/\/r20.rs6.net\/tn.jsp?f=0016v-xDuflB65Eh4oY4OfcDvz5UJzLzBM3OX3XvoLeW-GnQHKPzX88bxRs28iGuWMZM3eVeMT_dIvDIYGaYkHomRshN2Gx4EYbYkaXbptZOLvtST4UP688Oi4r5BQyzSMCrdcogbitIkIup1KW4gfJ2tyQvReTchQ9RVfMfazaurivsU9EGR7IARu78p4IbdaEWyyLTB4rKzWdl5Kta2Ytk_05ICone89Q&amp;c=oo5bHmybeoyCElmYhHNn7RUfI1hsmCbACGCM5sChv7s9H4BQq0ao7Q==&amp;ch=gO6lT2JvpRlxsL1t-AmwufdqT1eWCZmzXCTZyCnHNpyj9T8QF_LXTg==\"><strong>Por favor, junte-se a n\u00f3s!<\/strong><\/a><\/span><\/h4>\n<h4 style=\"text-align: center;\"><span style=\"color: #993300;\"><strong>Os lucros impulsionar\u00e3o pesquisas de ponta para encontrar uma cura para crian\u00e7as e jovens adultos <\/strong><strong>com Prog\u00e9ria.<\/strong><\/span><\/h4>\n<p>[\/et_pb_text][\/et_pb_column_inner][\/et_pb_row_inner][\/et_pb_column][\/et_pb_section][et_pb_section fb_built=\u201d1\u2033 module_class=\u201drodap\u00e9\u201d _builder_version=\u201d4.21.0\u2033 background_color=\u201d#29327a\u201d custom_margin=\u201d-2px|||||\u201d custom_padding=\u201d0|0px|0|0px|false|false\u201d z_index_tablet=\u201d500\u2033 border_width_top=\u201d12px\u201d border_color_top=\u201d#00b2e2\u2033 global_module=\u201d133\u2033 locked=\u201doff\u201d global_colors_info=\u201d{}\u201d][et_pb_row column_structure=\u201d1_4,1_4,1_2\u2033 make_equal=\u201don\u201d module_class=\u201d et_pb_row_fullwidth\u201d _builder_version=\u201d4.16\u2033 width=\u201d89%\u201d width_tablet=\u201d80%\u201d width_phone=\u201d\u201d width_last_edited=\u201don|desktop\u201d max_width=\u201d89%\u201d max_width_tablet=\u201d80%\u201d max_width_phone=\u201d\u201d max_width_last_edited=\u201don|desktop\u201d z_index_tablet=\u201d500\u2033 make_fullwidth=\u201don\u201d width_unit=\u201doff\u201d custom_width_percent=\u201d100%\u201d global_colors_info=\u201d{}\u201d][et_pb_column type=\u201d1_4\u2033 _builder_version=\u201d4.16\u2033 custom_padding=\u201d|||\u201d global_colors_info=\u201d{}\u201d custom_padding__hover=\u201d|||\u201d][et_pb_cta button_url=\u201dhttps:\/\/www.progeriaresearch.org\/newsletter-signup\/\u201d button_text=\u201dInscreva-se agora\u201d admin_label=\u201dInscreva-se para receber o boletim informativo\u201d module_class=\u201dsign-btn\u201d _builder_version=\u201d4.16\u2033 header_font_size=\u201d25px\u201d background_color=\u201d#29327a\u201d animation_style=\u201dslide\u201d animation_direction=\u201dleft\u201d animation_intensity_slide=\u201d25%\u201d header_font_size_tablet=\u201d\u201d header_font_size_phone=\u201d30px\u201d header_font_size_last_edited=\u201don|desktop\u201d z_index_tablet=\u201d500\u2033 border_radii=\u201dligado|25px|25px|25px|25px\u201d global_colors_info=\u201d{}\u201d button_bg_color__hover_enabled=\u201dligado\u201d button_bg_color__hover=\u201d#8fd2ed\u201d button_border_color__hover_enabled=\u201dligado\u201d]<\/p>\n<h2>Inscrever-se<\/h2>\n<h2>para o nosso<\/h2>\n<h2>Boletim informativo!<\/h2>\n<p>[\/et_pb_cta][\/et_pb_column][et_pb_column type=\u201d1_4\u2033 _builder_version=\u201d4.16\u2033 custom_padding=\u201d|||\u201d global_colors_info=\u201d{}\u201d custom_padding__hover=\u201d|||\u201d][et_pb_cta button_url=\u201dhttps:\/\/progeriaresearch.donorsupport.co\/-\/XZHJVWZR\u201d button_text=\u201dDoe agora\u201d admin_label=\u201dJuntos, encontraremos a cura!\u201d module_class=\u201dsign-btn\u201d _builder_version=\u201d4.16\u2033 header_font_size=\u201d25px\u201d background_color=\u201d#29327a\u201d animation_style=\u201dslide\u201d animation_direction=\u201dleft\u201d animation_intensity_slide=\u201d25%\u201d header_font_size_tablet=\u201d\u201d header_font_size_phone=\u201d30px\u201d header_font_size_last_edited=\u201don|desktop\u201d body_font_size_tablet=\u201d\u201d body_font_size_phone=\u201d\u201d body_font_size_last_edited=\u201don|desktop\u201d z_index_tablet=\u201d500\u2033 border_radii=\u201don|25px|25px|25px|25px\u201d global_colors_info=\u201d{}\u201d button_bg_color__hover_enabled=\u201don\u201d bot\u00e3o_bg_color__hover=\u201d#8fd2ed\u201d bot\u00e3o_border_color__hover_enabled=\u201don\u201d]<\/p>\n<h2>Juntos, n\u00f3s<\/h2>\n<h2><em>VAI<\/em><\/h2>\n<h2>encontre a cura!<\/h2>\n<p>[\/et_pb_cta][\/et_pb_column][et_pb_column tipo=\u201d1_2\u2033 _builder_version=\u201d4.16\u2033 preenchimento_personalizado=\u201d|||\u201d global_colors_info=\u201d{}\u201d custom_padding__hover=\u201d|||\u201d][et_pb_image src=\u201dhttps:\/\/www.progeriaresearch.org\/wp-content\/uploads\/2023\/06\/2023-footer-strip-5.png\u201d title_text=\u201dFaixa de rodap\u00e9 2023 5\u2033 _builder_version=\u201d4.21.0\u2033 _module_preset=\u201ddefault\u201d custom_margin=\u201d35px||||false|false\u201d global_colors_info=\u201d{}\u201d][\/et_pb_image][\/et_pb_column][\/et_pb_row][\/et_pb_section]<\/p>","protected":false},"excerpt":{"rendered":"<p>\u00a0 \u00a0 Massachusetts friends \u2013 join us on August 10th! We hope you&#8217;ll come party with us and support our runners on the home stretch of their fundraising for the upcoming 7-mile race. Tickets get you into a private outdoor patio area with appetizers, music, an awesome auction, raffles and jewelry sales by Opulenza Designs. [&hellip;]<\/p>","protected":false},"author":2,"featured_media":0,"parent":0,"menu_order":0,"comment_status":"closed","ping_status":"closed","template":"","meta":{"_et_pb_use_builder":"on","_et_pb_old_content":"","_et_gb_content_width":"","footnotes":"","_links_to":"","_links_to_target":""},"class_list":["post-15222","page","type-page","status-publish","hentry"],"yoast_head":"<!-- This site is optimized with the Yoast SEO plugin v26.8 - https:\/\/yoast.com\/product\/yoast-seo-wordpress\/ -->\n<title>FRR Event | The Progeria Research Foundation<\/title>\n<meta name=\"robots\" content=\"index, follow, max-snippet:-1, max-image-preview:large, max-video-preview:-1\" \/>\n<link rel=\"canonical\" href=\"https:\/\/www.progeriaresearch.org\/pt\/frrunionstrawevent\/\" \/>\n<meta property=\"og:locale\" content=\"pt_PT\" \/>\n<meta property=\"og:type\" content=\"article\" \/>\n<meta property=\"og:title\" content=\"FRR Event | The Progeria Research Foundation\" \/>\n<meta property=\"og:description\" content=\"\u00a0 \u00a0 Massachusetts friends \u2013 join us on August 10th! We hope you&#039;ll come party with us and support our runners on the home stretch of their fundraising for the upcoming 7-mile race. Tickets get you into a private outdoor patio area with appetizers, music, an awesome auction, raffles and jewelry sales by Opulenza Designs. [&hellip;]\" \/>\n<meta property=\"og:url\" content=\"https:\/\/www.progeriaresearch.org\/pt\/frrunionstrawevent\/\" \/>\n<meta property=\"og:site_name\" content=\"The Progeria Research Foundation\" \/>\n<meta property=\"article:publisher\" content=\"https:\/\/www.facebook.com\/ProgeriaResearch\/\" \/>\n<meta property=\"article:modified_time\" content=\"2023-09-21T16:20:07+00:00\" \/>\n<meta property=\"og:image\" content=\"https:\/\/www.progeriaresearch.org\/wp-content\/uploads\/2022\/08\/Jeanezharette_cropped-with-caption-1-157x300.jpg\" \/>\n<meta name=\"twitter:card\" content=\"summary_large_image\" \/>\n<meta name=\"twitter:site\" content=\"@Progeria\" \/>\n<meta name=\"twitter:label1\" content=\"Est. reading time\" \/>\n\t<meta name=\"twitter:data1\" content=\"3 minutos\" \/>\n<script type=\"application\/ld+json\" class=\"yoast-schema-graph\">{\"@context\":\"https:\/\/schema.org\",\"@graph\":[{\"@type\":\"WebPage\",\"@id\":\"https:\/\/www.progeriaresearch.org\/kn\/frrunionstrawevent\/\",\"url\":\"https:\/\/www.progeriaresearch.org\/kn\/frrunionstrawevent\/\",\"name\":\"FRR Event | The Progeria Research Foundation\",\"isPartOf\":{\"@id\":\"https:\/\/www.progeriaresearch.org\/ta\/#website\"},\"primaryImageOfPage\":{\"@id\":\"https:\/\/www.progeriaresearch.org\/kn\/frrunionstrawevent\/#primaryimage\"},\"image\":{\"@id\":\"https:\/\/www.progeriaresearch.org\/kn\/frrunionstrawevent\/#primaryimage\"},\"thumbnailUrl\":\"https:\/\/www.progeriaresearch.org\/wp-content\/uploads\/2022\/08\/Jeanezharette_cropped-with-caption-1-157x300.jpg\",\"datePublished\":\"2022-08-04T16:05:00+00:00\",\"dateModified\":\"2023-09-21T16:20:07+00:00\",\"breadcrumb\":{\"@id\":\"https:\/\/www.progeriaresearch.org\/kn\/frrunionstrawevent\/#breadcrumb\"},\"inLanguage\":\"pt-PT\",\"potentialAction\":[{\"@type\":\"ReadAction\",\"target\":[\"https:\/\/www.progeriaresearch.org\/kn\/frrunionstrawevent\/\"]}]},{\"@type\":\"ImageObject\",\"inLanguage\":\"pt-PT\",\"@id\":\"https:\/\/www.progeriaresearch.org\/kn\/frrunionstrawevent\/#primaryimage\",\"url\":\"https:\/\/www.progeriaresearch.org\/wp-content\/uploads\/2022\/08\/Jeanezharette_cropped-with-caption-1-157x300.jpg\",\"contentUrl\":\"https:\/\/www.progeriaresearch.org\/wp-content\/uploads\/2022\/08\/Jeanezharette_cropped-with-caption-1-157x300.jpg\"},{\"@type\":\"BreadcrumbList\",\"@id\":\"https:\/\/www.progeriaresearch.org\/kn\/frrunionstrawevent\/#breadcrumb\",\"itemListElement\":[{\"@type\":\"ListItem\",\"position\":1,\"name\":\"Home\",\"item\":\"https:\/\/www.progeriaresearch.org\/\"},{\"@type\":\"ListItem\",\"position\":2,\"name\":\"Fundraising event for the PRF Falmouth Road Race Team\"}]},{\"@type\":\"WebSite\",\"@id\":\"https:\/\/www.progeriaresearch.org\/ta\/#website\",\"url\":\"https:\/\/www.progeriaresearch.org\/ta\/\",\"name\":\"The Progeria Research Foundation\",\"description\":\"For the Children \u2665 For the Cure\",\"publisher\":{\"@id\":\"https:\/\/www.progeriaresearch.org\/ta\/#organization\"},\"potentialAction\":[{\"@type\":\"SearchAction\",\"target\":{\"@type\":\"EntryPoint\",\"urlTemplate\":\"https:\/\/www.progeriaresearch.org\/ta\/?s={search_term_string}\"},\"query-input\":{\"@type\":\"PropertyValueSpecification\",\"valueRequired\":true,\"valueName\":\"search_term_string\"}}],\"inLanguage\":\"pt-PT\"},{\"@type\":\"Organization\",\"@id\":\"https:\/\/www.progeriaresearch.org\/ta\/#organization\",\"name\":\"The Progeria Research Foundation\",\"url\":\"https:\/\/www.progeriaresearch.org\/ta\/\",\"logo\":{\"@type\":\"ImageObject\",\"inLanguage\":\"pt-PT\",\"@id\":\"https:\/\/www.progeriaresearch.org\/ta\/#\/schema\/logo\/image\/\",\"url\":\"https:\/\/www.progeriaresearch.org\/wp-content\/uploads\/2019\/05\/PRF_Logo_2019_optimized.png\",\"contentUrl\":\"https:\/\/www.progeriaresearch.org\/wp-content\/uploads\/2019\/05\/PRF_Logo_2019_optimized.png\",\"width\":300,\"height\":86,\"caption\":\"The Progeria Research Foundation\"},\"image\":{\"@id\":\"https:\/\/www.progeriaresearch.org\/ta\/#\/schema\/logo\/image\/\"},\"sameAs\":[\"https:\/\/www.facebook.com\/ProgeriaResearch\/\",\"https:\/\/x.com\/Progeria\",\"https:\/\/www.instagram.com\/progeriaresearch\/\"]}]}<\/script>\n<!-- \/ Yoast SEO plugin. -->","yoast_head_json":{"title":"FRR Event | The Progeria Research Foundation","robots":{"index":"index","follow":"follow","max-snippet":"max-snippet:-1","max-image-preview":"max-image-preview:large","max-video-preview":"max-video-preview:-1"},"canonical":"https:\/\/www.progeriaresearch.org\/pt\/frrunionstrawevent\/","og_locale":"pt_PT","og_type":"article","og_title":"FRR Event | The Progeria Research Foundation","og_description":"\u00a0 \u00a0 Massachusetts friends \u2013 join us on August 10th! We hope you'll come party with us and support our runners on the home stretch of their fundraising for the upcoming 7-mile race. Tickets get you into a private outdoor patio area with appetizers, music, an awesome auction, raffles and jewelry sales by Opulenza Designs. [&hellip;]","og_url":"https:\/\/www.progeriaresearch.org\/pt\/frrunionstrawevent\/","og_site_name":"The Progeria Research Foundation","article_publisher":"https:\/\/www.facebook.com\/ProgeriaResearch\/","article_modified_time":"2023-09-21T16:20:07+00:00","og_image":[{"url":"https:\/\/www.progeriaresearch.org\/wp-content\/uploads\/2022\/08\/Jeanezharette_cropped-with-caption-1-157x300.jpg","type":"","width":"","height":""}],"twitter_card":"summary_large_image","twitter_site":"@Progeria","twitter_misc":{"Est. reading time":"3 minutos"},"schema":{"@context":"https:\/\/schema.org","@graph":[{"@type":"WebPage","@id":"https:\/\/www.progeriaresearch.org\/kn\/frrunionstrawevent\/","url":"https:\/\/www.progeriaresearch.org\/kn\/frrunionstrawevent\/","name":"FRR Event | The Progeria Research Foundation","isPartOf":{"@id":"https:\/\/www.progeriaresearch.org\/ta\/#website"},"primaryImageOfPage":{"@id":"https:\/\/www.progeriaresearch.org\/kn\/frrunionstrawevent\/#primaryimage"},"image":{"@id":"https:\/\/www.progeriaresearch.org\/kn\/frrunionstrawevent\/#primaryimage"},"thumbnailUrl":"https:\/\/www.progeriaresearch.org\/wp-content\/uploads\/2022\/08\/Jeanezharette_cropped-with-caption-1-157x300.jpg","datePublished":"2022-08-04T16:05:00+00:00","dateModified":"2023-09-21T16:20:07+00:00","breadcrumb":{"@id":"https:\/\/www.progeriaresearch.org\/kn\/frrunionstrawevent\/#breadcrumb"},"inLanguage":"pt-PT","potentialAction":[{"@type":"ReadAction","target":["https:\/\/www.progeriaresearch.org\/kn\/frrunionstrawevent\/"]}]},{"@type":"ImageObject","inLanguage":"pt-PT","@id":"https:\/\/www.progeriaresearch.org\/kn\/frrunionstrawevent\/#primaryimage","url":"https:\/\/www.progeriaresearch.org\/wp-content\/uploads\/2022\/08\/Jeanezharette_cropped-with-caption-1-157x300.jpg","contentUrl":"https:\/\/www.progeriaresearch.org\/wp-content\/uploads\/2022\/08\/Jeanezharette_cropped-with-caption-1-157x300.jpg"},{"@type":"BreadcrumbList","@id":"https:\/\/www.progeriaresearch.org\/kn\/frrunionstrawevent\/#breadcrumb","itemListElement":[{"@type":"ListItem","position":1,"name":"Home","item":"https:\/\/www.progeriaresearch.org\/"},{"@type":"ListItem","position":2,"name":"Fundraising event for the PRF Falmouth Road Race Team"}]},{"@type":"WebSite","@id":"https:\/\/www.progeriaresearch.org\/ta\/#website","url":"https:\/\/www.progeriaresearch.org\/ta\/","name":"Funda\u00e7\u00e3o de Pesquisa Progeria","description":"Pelas Crian\u00e7as \u2665 Pela Cura","publisher":{"@id":"https:\/\/www.progeriaresearch.org\/ta\/#organization"},"potentialAction":[{"@type":"SearchAction","target":{"@type":"EntryPoint","urlTemplate":"https:\/\/www.progeriaresearch.org\/ta\/?s={search_term_string}"},"query-input":{"@type":"PropertyValueSpecification","valueRequired":true,"valueName":"search_term_string"}}],"inLanguage":"pt-PT"},{"@type":"Organization","@id":"https:\/\/www.progeriaresearch.org\/ta\/#organization","name":"Funda\u00e7\u00e3o de Pesquisa Progeria","url":"https:\/\/www.progeriaresearch.org\/ta\/","logo":{"@type":"ImageObject","inLanguage":"pt-PT","@id":"https:\/\/www.progeriaresearch.org\/ta\/#\/schema\/logo\/image\/","url":"https:\/\/www.progeriaresearch.org\/wp-content\/uploads\/2019\/05\/PRF_Logo_2019_optimized.png","contentUrl":"https:\/\/www.progeriaresearch.org\/wp-content\/uploads\/2019\/05\/PRF_Logo_2019_optimized.png","width":300,"height":86,"caption":"The Progeria Research Foundation"},"image":{"@id":"https:\/\/www.progeriaresearch.org\/ta\/#\/schema\/logo\/image\/"},"sameAs":["https:\/\/www.facebook.com\/ProgeriaResearch\/","https:\/\/x.com\/Progeria","https:\/\/www.instagram.com\/progeriaresearch\/"]}]}},"_links":{"self":[{"href":"https:\/\/www.progeriaresearch.org\/pt\/wp-json\/wp\/v2\/pages\/15222","targetHints":{"allow":["GET"]}}],"collection":[{"href":"https:\/\/www.progeriaresearch.org\/pt\/wp-json\/wp\/v2\/pages"}],"about":[{"href":"https:\/\/www.progeriaresearch.org\/pt\/wp-json\/wp\/v2\/types\/page"}],"author":[{"embeddable":true,"href":"https:\/\/www.progeriaresearch.org\/pt\/wp-json\/wp\/v2\/users\/2"}],"replies":[{"embeddable":true,"href":"https:\/\/www.progeriaresearch.org\/pt\/wp-json\/wp\/v2\/comments?post=15222"}],"version-history":[{"count":0,"href":"https:\/\/www.progeriaresearch.org\/pt\/wp-json\/wp\/v2\/pages\/15222\/revisions"}],"wp:attachment":[{"href":"https:\/\/www.progeriaresearch.org\/pt\/wp-json\/wp\/v2\/media?parent=15222"}],"curies":[{"name":"wp","href":"https:\/\/api.w.org\/{rel}","templated":true}]}}