{"id":15937,"date":"2022-11-10T10:36:21","date_gmt":"2022-11-10T15:36:21","guid":{"rendered":"https:\/\/www.progeriaresearch.org\/?page_id=15937"},"modified":"2026-03-19T11:25:09","modified_gmt":"2026-03-19T15:25:09","slug":"employment","status":"publish","type":"page","link":"https:\/\/www.progeriaresearch.org\/pt\/employment\/","title":{"rendered":"Emprego na PRF"},"content":{"rendered":"<p>[et_pb_section fb_built=&#8221;1&#8243; fullwidth=&#8221;on&#8221; disabled_on=&#8221;off|off|off&#8221; _builder_version=&#8221;4.16&#8243; border_width_bottom=&#8221;55px&#8221; border_color_bottom=&#8221;#29327a&#8221; locked=&#8221;off&#8221; global_colors_info=&#8221;{}&#8221;][et_pb_fullwidth_header _builder_version=&#8221;4.27.5&#8243; title_font=&#8221;||||||||&#8221; title_font_size=&#8221;55&#8243; background_color=&#8221;#29327a&#8221; background_image=&#8221;https:\/\/www.progeriaresearch.org\/wp-content\/uploads\/2025\/11\/3-Employment-header-2025.jpg&#8221; background_size=&#8221;contain&#8221; min_height=&#8221;428.2px&#8221; custom_margin=&#8221;||-12px||false|false&#8221; custom_padding=&#8221;3vw||3vw||true|&#8221; custom_padding_tablet=&#8221;&#8221; custom_padding_phone=&#8221;|56px||&#8221; custom_padding_last_edited=&#8221;on|desktop&#8221; title_font_size_tablet=&#8221;45px&#8221; title_font_size_phone=&#8221;40px&#8221; title_font_size_last_edited=&#8221;on|phone&#8221; z_index_tablet=&#8221;500&#8243; custom_css_main_element=&#8221;background-position: right 18% !important;&#8221; global_colors_info=&#8221;{}&#8221;]<\/p>\n<h1><\/h1>\n<h1 style=\"text-align: left;\"><\/h1>\n<p>&nbsp;<\/p>\n<p>[\/et_pb_fullwidth_header][\/et_pb_section][et_pb_section fb_built=\u201d1\u2033 use_custom_gutter=\u201don\u201d gutter_width=\u201d1\u2033 specialty=\u201don\u201d padding_left_1=\u201d35px\u201d padding_left_2=\u201d35px\u201d padding_2_tablet=\u201d|||0px\u201d padding_2_phone=\u201d|||0px\u201d padding_2_last_edited=\u201don|desktop\u201d module_class_1=\u201dsidebar-secondary-nav\u201d module_class=\u201dhandprint-bg\u201d _builder_version=\u201d4.16\u2033 background_image=\u201dhttps:\/\/www.progeriaresearch.org\/wp-content\/uploads\/2019\/04\/blue-handprint-only.png\u201d parallax=\u201don\u201d parallax_method=\u201doff\u201d largura_interna=\u201d100%\u201d largura_m\u00e1xima_interna=\u201d100%\u201d margem_personalizada=\u201d-43px|||||\u201d preenchimento_personalizado=\u201d0|0px|50px|0px|falso|falso\u201d z_index_tablet=\u201d500\u2033 largura_da_borda_superior=\u201d10px\u201d cor_da_borda_superior=\u201d#8fd2ed\u201d use_largura_personalizada=\u201dligado\u201d unidade_largura=\u201ddesligado\u201d largura_personalizada_percentual=\u201d100%\u201d informa\u00e7\u00f5es_de_cores_globais=\u201d{}\u201d][coluna_et_pb tipo=\u201d1_4\u2033 vers\u00e3o_do_construtor=\u201d4.16\u2033 preenchimento_personalizado=\u201d|||\u201d global_colors_info=\u201d{}\u201d custom_padding__hover=\u201d|||\u201d][et_pb_sidebar area=\u201det_pb_widget_area_16\u2033 disabled_on=\u201don|on|off\u201d module_class=\u201dsubpage-sidebars\u201d _builder_version=\u201d4.21.0\u2033 animation_style=\u201dfade\u201d z_index_tablet=\u201d500\u2033 border_width_right=\u201d5px\u201d locked=\u201doff\u201d global_colors_info=\u201d{}\u201d]<\/p>\n<p>[\/et_pb_sidebar][\/et_pb_column][et_pb_column type=\u201d3_4\u2033 specialty_columns=\u201d3\u2033 _builder_version=\u201d4.16\u2033 custom_padding=\u201d|||\u201d global_colors_info=\u201d{}\u201d custom_padding__hover=\u201d|||\u201d][et_pb_row_inner _builder_version=\u201d4.16\u2033 background_color=\u201d#00b2e2\u2033 custom_margin=\u201d41px||\u201d custom_margin_tablet=\u201d0px||\u201d custom_margin_phone=\u201d\u201d custom_margin_last_edited=\u201don|phone\u201d custom_padding=\u201d39.4375px|20px|35px|20px|false|true\u201d animation_style=\u201dslide\u201d animation_direction=\u201dtop\u201d animation_intensity_slide=\u201d25%\u201d box_shadow_style=\u201dpreset1\u2033 box_shadow_blur=\u201d38px\u201d box_shadow_spread=\u201d-12px\u201d global_colors_info=\u201d{}\u201d][et_pb_column_inner saved_specialty_column_type=\u201d3_4\u2033 _builder_version=\u201d4.16\u2033 custom_padding=\u201d|||\u201d global_colors_info=\u201d{}\u201d custom_padding__hover=\u201d|||\u201d][et_pb_text _builder_version=\u201d4.19.5\u2033 text_font=\u201d||||||||\u201d header_font=\u201d||||||||\u201d header_2_font=\u201d||||||||\u201d header_2_line_height=\u201d1.2em\u201d header_3_font=\u201d||||||||\u201d header_4_font=\u201d||||||||\u201d background_layout=\u201ddark\u201d custom_margin=\u201d||\u201d custom_padding=\u201d|35px||\u201d custom_padding_tablet=\u201d|50px||50px||true\u201d custom_padding_phone=\u201d\u201d custom_padding_last_edited=\u201dno|desktop\u201d header_font_size_tablet=\u201d\u201d header_font_size_phone=\u201d\u201d header_font_size_last_edited=\u201dno|desktop\u201d header_2_font_size_tablet=\u201d25px\u201d header_2_font_size_phone=\u201d25px\u201d header_2_font_size_last_edited=\u201dno|tablet\u201d header_4_font_size_tablet=\u201d\u201d header_4_font_size_phone=\u201d19px\u201d header_4_font_size_last_edited=\u201dno|telefone\u201d header_4_line_height_tablet=\u201d\u201d header_4_line_height_phone=\u201d1.2em\u201d header_4_line_height_last_edited=\u201dno|telefone\u201d z_index_tablet=\u201d500\u2033 informa\u00e7\u00f5es_de_cores_globais=\u201d{}\u201d]<\/p>\n<h2 style=\"text-align: center;\">O trabalho da Progeria Research Foundation n\u00e3o seria poss\u00edvel sem todos que participam para nos ajudar a cumprir nossa miss\u00e3o.<\/h2>\n<p>[\/et_pb_text][\/et_pb_column_inner][\/et_pb_row_inner][et_pb_row_inner _builder_version=\u201d4.16\u2033 custom_margin=\u201d||-44px|||\u201d custom_padding=\u201d50px|35px|35px|35px|false|true\u201d animation_style=\u201dslide\u201d animation_direction=\u201dtop\u201d animation_intensity_slide=\u201d25%\u201d global_colors_info=\u201d{}\u201d][et_pb_column_inner saved_specialty_column_type=\u201d3_4\u2033 _builder_version=\u201d4.16\u2033 custom_padding=\u201d|||\u201d global_colors_info=\u201d{}\u201d custom_padding__hover=\u201d|||\u201d][et_pb_text admin_label=\u201dEmprego na PRF\u201d _builder_version=\u201d4.27.4\u2033 _module_preset=\u201ddefault\u201d global_colors_info=\u201d{}\u201d]<\/p>\n<h1><strong>Emprego na PRF<\/strong><\/h1>\n<p><img loading=\"lazy\" decoding=\"async\" src=\"https:\/\/www.progeriaresearch.org\/wp-content\/uploads\/2025\/10\/emppagecollage-1024x819.jpg\" width=\"399\" height=\"319\" alt=\"\" class=\"wp-image-21172 alignright size-large\" \/><\/p>\n<p>A equipe da PRF \u00e9 composta por 14 funcion\u00e1rios dedicados, colaborativos e industriosos que contribuem com diversos conjuntos de habilidades e hist\u00f3ricos em apoio \u00e0 nossa miss\u00e3o. Os membros da equipe colaboram pessoalmente e virtualmente, \u00e0 medida que expandimos nossa equipe de funcion\u00e1rios no escrit\u00f3rio, h\u00edbridos e remotos.<\/p>\n<p>A equipe da PRF tem a oportunidade de interagir com nossos generosos doadores, fam\u00edlias que atendemos, cl\u00ednicos e\/ou pesquisadores l\u00edderes na \u00e1rea de Progeria. O trabalho na PRF \u00e9 r\u00e1pido e din\u00e2mico. \u00c0 medida que a PRF continua a crescer, estamos buscando candidatos criativos, experientes e apaixonados para se juntar \u00e0 nossa equipe.<\/p>\n<p>Junte-se a n\u00f3s para alcan\u00e7ar <a href=\"https:\/\/www.progeriaresearch.org\/pt\/about-us\/\">nossa miss\u00e3o e exemplificando a PRF <strong>valores fundamentais<\/strong><\/a>, enquanto fazemos a diferen\u00e7a na vida de crian\u00e7as e jovens adultos que vivem com Prog\u00e9ria ao redor do mundo!<\/p>\n<p><strong>Conhe\u00e7a os atuais membros da nossa equipe <a href=\"https:\/\/www.progeriaresearch.org\/pt\/leadership-and-staff\/\">aqui<\/a>.<\/strong><\/p>\n<p>[\/et_pb_text][et_pb_text disabled_on=&#8221;on|on|on&#8221; admin_label=&#8221;open positions&#8221; _builder_version=&#8221;4.19.5&#8243; _module_preset=&#8221;default&#8221; custom_margin=&#8221;||27px|||&#8221; disabled=&#8221;on&#8221; global_colors_info=&#8221;{}&#8221;]<\/p>\n<p>&nbsp;<\/p>\n<h3><strong>Posi\u00e7\u00f5es abertas<\/strong><\/h3>\n<p>[\/et_pb_text][et_pb_text admin_label=&#8221;open positions&#8221; _builder_version=&#8221;4.27.5&#8243; _module_preset=&#8221;default&#8221; custom_margin=&#8221;||27px|||&#8221; hover_enabled=&#8221;0&#8243; global_colors_info=&#8221;{}&#8221; sticky_enabled=&#8221;0&#8243;]<\/p>\n<h3><strong>N\u00e3o h\u00e1 vagas dispon\u00edveis no momento.<\/strong><\/h3>\n<p>Agradecemos o seu interesse em fazer parte da nossa equipe. Embora n\u00e3o tenhamos vagas em aberto no momento, agradecemos sinceramente o seu interesse e convidamos voc\u00ea a voltar a consultar esta p\u00e1gina para futuras oportunidades.<\/p>\n<p>[\/et_pb_text][et_pb_button button_url=&#8221;https:\/\/prf.bamboohr.com\/careers\/27&#8243; url_new_window=&#8221;on&#8221; button_text=&#8221;Office Manager \/ Administrative Assistant: Full-time, in-office position&#8221; disabled_on=&#8221;on|on|on&#8221; admin_label=&#8221;Office Manager \/ Executive Assistant &#8221; _builder_version=&#8221;4.27.5&#8243; _module_preset=&#8221;default&#8221; button_text_color=&#8221;#FFFFFF&#8221; background_layout=&#8221;dark&#8221; custom_margin=&#8221;25px||7px||false|false&#8221; custom_padding=&#8221;7px||7px||false|false&#8221; disabled=&#8221;on&#8221; global_colors_info=&#8221;{}&#8221;][\/et_pb_button][et_pb_button button_url=&#8221;https:\/\/prf.bamboohr.com\/careers\/29&#8243; url_new_window=&#8221;on&#8221; button_text=&#8221;Major Gift Officer: Full-time, Hybrid position&#8221; disabled_on=&#8221;on|on|on&#8221; admin_label=&#8221;Major Gift Officer: Hybrid position&#8221; _builder_version=&#8221;4.27.5&#8243; _module_preset=&#8221;default&#8221; button_text_color=&#8221;#FFFFFF&#8221; background_layout=&#8221;dark&#8221; custom_margin=&#8221;14px||7px||false|false&#8221; custom_padding=&#8221;7px||7px||false|false&#8221; disabled=&#8221;on&#8221; global_colors_info=&#8221;{}&#8221;][\/et_pb_button][et_pb_text admin_label=&#8221;Nondiscrimination Policy&#8221; _builder_version=&#8221;4.27.5&#8243; _module_preset=&#8221;default&#8221; custom_margin=&#8221;50px||||false|false&#8221; hover_enabled=&#8221;0&#8243; global_colors_info=&#8221;{}&#8221; sticky_enabled=&#8221;0&#8243;]<\/p>\n<h3><strong>Pol\u00edtica de N\u00e3o Discrimina\u00e7\u00e3o<\/strong><\/h3>\n<p>A estrutura de membros volunt\u00e1rios e a equipe da PRF, e todos os programas e atividades da The Progeria Research Foundation s\u00e3o projetados e conduzidos sem distin\u00e7\u00e3o de ra\u00e7a, religi\u00e3o, nacionalidade, sexo, idade, defici\u00eancia ou outros crit\u00e9rios n\u00e3o merit\u00f3rios.<\/p>\n<p>[\/et_pb_text][et_pb_text admin_label=\u201dTY\u201d _builder_version=\u201d4.24.0\u2033 text_font=\u201d||||||||\u201d header_font=\u201d||||||||\u201d header_4_font=\u201d||||||||\u201d header_4_line_height=\u201d1.2em\u201d header_4_font_size_tablet=\u201d\u201d header_4_font_size_phone=\u201d20px\u201d header_4_font_size_last_edited=\u201don|phone\u201d global_colors_info=\u201d{}\u201d]<\/p>\n<h4 style=\"text-align: center;\"><strong><span style=\"color: #00b2e2;\"><\/span><\/strong><\/h4>\n<h4 style=\"text-align: center;\"><strong><span style=\"color: #00b2e2;\"><\/span><\/strong><\/h4>\n<h4 style=\"text-align: center;\"><strong><span style=\"color: #00b2e2;\"><\/span><\/strong><\/h4>\n<h4 style=\"text-align: center;\"><strong><span style=\"color: #00b2e2;\">OBRIGADO<\/span>\u00a0<\/strong>por fazer a diferen\u00e7a na vida de crian\u00e7as e jovens adultos com Prog\u00e9ria.<\/h4>\n<p>[\/et_pb_text][\/et_pb_column_inner][\/et_pb_row_inner][\/et_pb_column][\/et_pb_section][et_pb_section fb_built=\u201d1\u2033 module_class=\u201dfooter\u201d _builder_version=\u201d4.21.0\u2033 background_color=\u201d#29327a\u201d custom_margin=\u201d-2px|||||\u201d custom_padding=\u201d0|0px|0|0px|false|false\u201d z_index_tablet=\u201d500\u2033 border_width_top=\u201d12px\u201d border_color_top=\u201d#00b2e2\u2033 global_module=\u201d133\u2033 locked=\u201doff\u201d global_colors_info=\u201d{}\u201d][et_pb_row column_structure=\u201d1_4,1_4,1_2\u2033 make_equal=\u201don\u201d module_class=\u201d et_pb_row_fullwidth\u201d _builder_version=\u201d4.16\u2033 width=\u201d89%\u201d width_tablet=\u201d80%\u201d width_phone=\u201d\u201d width_last_edited=\u201don|desktop\u201d max_width=\u201d89%\u201d max_width_tablet=\u201d80%\u201d max_width_phone=\u201d\u201d max_width_last_edited=\u201don|desktop\u201d z_index_tablet=\u201d500\u2033 make_fullwidth=\u201don\u201d width_unit=\u201doff\u201d custom_width_percent=\u201d100%\u201d global_colors_info=\u201d{}\u201d][et_pb_column type=\u201d1_4\u2033 _builder_version=\u201d4.16\u2033 custom_padding=\u201d|||\u201d global_colors_info=\u201d{}\u201d custom_padding__hover=\u201d|||\u201d][et_pb_cta button_url=\u201dhttps:\/\/lp.constantcontactpages.com\/sl\/88gWWwz\u201d button_text=\u201dInscreva-se agora\u201d admin_label=\u201dInscreva-se para receber atualiza\u00e7\u00f5es\u201d module_class=\u201dsign-btn\u201d _builder_version=\u201d4.27.4\u2033 header_font_size=\u201d25px\u201d background_color=\u201d#29327a\u201d animation_style=\u201dslide\u201d animation_direction=\u201dleft\u201d animation_intensity_slide=\u201d25%\u201d link_option_url=\u201dhttps:\/\/lp.constantcontactpages.com\/sl\/88gWWwz\u201d header_font_size_tablet=\u201d\u201d header_font_size_phone=\u201d30px\u201d header_font_size_last_edited=\u201dem|\u00e1rea de trabalho\u201d z_index_tablet=\u201d500\u2033 border_radii=\u201dem|25px|25px|25px|25px\u201d global_colors_info=\u201d{}\u201d button_bg_color__hover_enabled=\u201dem\u201d button_bg_color__hover=\u201d#8fd2ed\u201d button_border_color__hover_enabled=\u201dem\u201d]<\/p>\n<h2>Inscrever-se<\/h2>\n<h2>para o nosso<\/h2>\n<h2>Atualiza\u00e7\u00f5es!<\/h2>\n<p>[\/et_pb_cta][\/et_pb_column][et_pb_column type=\u201d1_4\u2033 _builder_version=\u201d4.16\u2033 custom_padding=\u201d|||\u201d global_colors_info=\u201d{}\u201d custom_padding__hover=\u201d|||\u201d][et_pb_cta button_url=\u201dhttps:\/\/progeriaresearch.donorsupport.co\/-\/XZHJVWZR\u201d button_text=\u201dDoe agora\u201d admin_label=\u201dJuntos, encontraremos a cura!\u201d module_class=\u201dsign-btn\u201d _builder_version=\u201d4.16\u2033 header_font_size=\u201d25px\u201d background_color=\u201d#29327a\u201d animation_style=\u201dslide\u201d animation_direction=\u201dleft\u201d animation_intensity_slide=\u201d25%\u201d header_font_size_tablet=\u201d\u201d header_font_size_phone=\u201d30px\u201d header_font_size_last_edited=\u201don|desktop\u201d body_font_size_tablet=\u201d\u201d body_font_size_phone=\u201d\u201d body_font_size_last_edited=\u201don|desktop\u201d z_index_tablet=\u201d500\u2033 border_radii=\u201don|25px|25px|25px|25px\u201d global_colors_info=\u201d{}\u201d button_bg_color__hover_enabled=\u201don\u201d bot\u00e3o_bg_color__hover=\u201d#8fd2ed\u201d bot\u00e3o_border_color__hover_enabled=\u201don\u201d]<\/p>\n<h2>Juntos, n\u00f3s<\/h2>\n<h2><em>VAI<\/em><\/h2>\n<h2>encontre a cura!<\/h2>\n<p>[\/et_pb_cta][\/et_pb_column][et_pb_column type=&#8221;1_2&#8243; _builder_version=&#8221;4.16&#8243; custom_padding=&#8221;|||&#8221; global_colors_info=&#8221;{}&#8221; custom_padding__hover=&#8221;|||&#8221;][et_pb_image src=&#8221;https:\/\/www.progeriaresearch.org\/wp-content\/uploads\/2026\/03\/2026-footer-image-copy.png&#8221; title_text=&#8221;2026 footer image copy&#8221; _builder_version=&#8221;4.27.5&#8243; _module_preset=&#8221;default&#8221; custom_margin=&#8221;35px||||false|false&#8221; global_colors_info=&#8221;{}&#8221;][\/et_pb_image][\/et_pb_column][\/et_pb_row][\/et_pb_section]<\/p>","protected":false},"excerpt":{"rendered":"<p>&nbsp; O trabalho da Progeria Research Foundation n\u00e3o seria poss\u00edvel sem todos que participam para nos ajudar a atingir nossa miss\u00e3o. Emprego na PRF A equipe da PRF \u00e9 composta por 14 funcion\u00e1rios dedicados, colaborativos e industriosos que contribuem com diversos conjuntos de habilidades e hist\u00f3ricos em apoio \u00e0 nossa miss\u00e3o. Os membros da equipe colaboram tanto pessoalmente quanto virtualmente, como n\u00f3s [\u2026]<\/p>","protected":false},"author":2,"featured_media":15942,"parent":0,"menu_order":0,"comment_status":"closed","ping_status":"closed","template":"","meta":{"_et_pb_use_builder":"on","_et_pb_old_content":"","_et_gb_content_width":"","footnotes":"","_links_to":"","_links_to_target":""},"class_list":["post-15937","page","type-page","status-publish","has-post-thumbnail","hentry"],"yoast_head":"<!-- This site is optimized with the Yoast SEO plugin v26.8 - https:\/\/yoast.com\/product\/yoast-seo-wordpress\/ -->\n<title>Employment | The Progeria Research Foundation<\/title>\n<meta name=\"robots\" content=\"index, follow, max-snippet:-1, max-image-preview:large, max-video-preview:-1\" \/>\n<link rel=\"canonical\" href=\"https:\/\/www.progeriaresearch.org\/pt\/employment\/\" \/>\n<meta property=\"og:locale\" content=\"pt_PT\" \/>\n<meta property=\"og:type\" content=\"article\" \/>\n<meta property=\"og:title\" content=\"Employment | The Progeria Research Foundation\" \/>\n<meta property=\"og:description\" content=\"&nbsp; The Progeria Research Foundation\u2019s work would not be possible without everyone who participates in helping us achieve our mission.Employment at PRF The PRF team is comprised of 14 dedicated, collaborative, and industrious employees who contribute diverse skillsets and backgrounds in support of our mission. Staff members collaborate both in person and virtually, as we [&hellip;]\" \/>\n<meta property=\"og:url\" content=\"https:\/\/www.progeriaresearch.org\/pt\/employment\/\" \/>\n<meta property=\"og:site_name\" content=\"The Progeria Research Foundation\" \/>\n<meta property=\"article:publisher\" content=\"https:\/\/www.facebook.com\/ProgeriaResearch\/\" \/>\n<meta property=\"article:modified_time\" content=\"2026-03-19T15:25:09+00:00\" \/>\n<meta property=\"og:image\" content=\"https:\/\/www.progeriaresearch.org\/wp-content\/uploads\/2022\/11\/kidswithAudrey.2-scaled.jpg\" \/>\n\t<meta property=\"og:image:width\" content=\"2560\" \/>\n\t<meta property=\"og:image:height\" content=\"2065\" \/>\n\t<meta property=\"og:image:type\" content=\"image\/jpeg\" \/>\n<meta name=\"twitter:card\" content=\"summary_large_image\" \/>\n<meta name=\"twitter:site\" content=\"@Progeria\" \/>\n<meta name=\"twitter:label1\" content=\"Est. reading time\" \/>\n\t<meta name=\"twitter:data1\" content=\"2 minutos\" \/>\n<script type=\"application\/ld+json\" class=\"yoast-schema-graph\">{\"@context\":\"https:\/\/schema.org\",\"@graph\":[{\"@type\":\"WebPage\",\"@id\":\"https:\/\/www.progeriaresearch.org\/employment\/\",\"url\":\"https:\/\/www.progeriaresearch.org\/employment\/\",\"name\":\"Employment | The Progeria Research Foundation\",\"isPartOf\":{\"@id\":\"https:\/\/www.progeriaresearch.org\/ta\/#website\"},\"primaryImageOfPage\":{\"@id\":\"https:\/\/www.progeriaresearch.org\/employment\/#primaryimage\"},\"image\":{\"@id\":\"https:\/\/www.progeriaresearch.org\/employment\/#primaryimage\"},\"thumbnailUrl\":\"https:\/\/www.progeriaresearch.org\/wp-content\/uploads\/2022\/11\/kidswithAudrey.2-scaled.jpg\",\"datePublished\":\"2022-11-10T15:36:21+00:00\",\"dateModified\":\"2026-03-19T15:25:09+00:00\",\"breadcrumb\":{\"@id\":\"https:\/\/www.progeriaresearch.org\/employment\/#breadcrumb\"},\"inLanguage\":\"pt-PT\",\"potentialAction\":[{\"@type\":\"ReadAction\",\"target\":[\"https:\/\/www.progeriaresearch.org\/employment\/\"]}]},{\"@type\":\"ImageObject\",\"inLanguage\":\"pt-PT\",\"@id\":\"https:\/\/www.progeriaresearch.org\/employment\/#primaryimage\",\"url\":\"https:\/\/www.progeriaresearch.org\/wp-content\/uploads\/2022\/11\/kidswithAudrey.2-scaled.jpg\",\"contentUrl\":\"https:\/\/www.progeriaresearch.org\/wp-content\/uploads\/2022\/11\/kidswithAudrey.2-scaled.jpg\",\"width\":2560,\"height\":2065},{\"@type\":\"BreadcrumbList\",\"@id\":\"https:\/\/www.progeriaresearch.org\/employment\/#breadcrumb\",\"itemListElement\":[{\"@type\":\"ListItem\",\"position\":1,\"name\":\"Home\",\"item\":\"https:\/\/www.progeriaresearch.org\/\"},{\"@type\":\"ListItem\",\"position\":2,\"name\":\"Employment at PRF\"}]},{\"@type\":\"WebSite\",\"@id\":\"https:\/\/www.progeriaresearch.org\/ta\/#website\",\"url\":\"https:\/\/www.progeriaresearch.org\/ta\/\",\"name\":\"The Progeria Research Foundation\",\"description\":\"For the Children \u2665 For the Cure\",\"publisher\":{\"@id\":\"https:\/\/www.progeriaresearch.org\/ta\/#organization\"},\"potentialAction\":[{\"@type\":\"SearchAction\",\"target\":{\"@type\":\"EntryPoint\",\"urlTemplate\":\"https:\/\/www.progeriaresearch.org\/ta\/?s={search_term_string}\"},\"query-input\":{\"@type\":\"PropertyValueSpecification\",\"valueRequired\":true,\"valueName\":\"search_term_string\"}}],\"inLanguage\":\"pt-PT\"},{\"@type\":\"Organization\",\"@id\":\"https:\/\/www.progeriaresearch.org\/ta\/#organization\",\"name\":\"The Progeria Research Foundation\",\"url\":\"https:\/\/www.progeriaresearch.org\/ta\/\",\"logo\":{\"@type\":\"ImageObject\",\"inLanguage\":\"pt-PT\",\"@id\":\"https:\/\/www.progeriaresearch.org\/ta\/#\/schema\/logo\/image\/\",\"url\":\"https:\/\/www.progeriaresearch.org\/wp-content\/uploads\/2019\/05\/PRF_Logo_2019_optimized.png\",\"contentUrl\":\"https:\/\/www.progeriaresearch.org\/wp-content\/uploads\/2019\/05\/PRF_Logo_2019_optimized.png\",\"width\":300,\"height\":86,\"caption\":\"The Progeria Research Foundation\"},\"image\":{\"@id\":\"https:\/\/www.progeriaresearch.org\/ta\/#\/schema\/logo\/image\/\"},\"sameAs\":[\"https:\/\/www.facebook.com\/ProgeriaResearch\/\",\"https:\/\/x.com\/Progeria\",\"https:\/\/www.instagram.com\/progeriaresearch\/\"]}]}<\/script>\n<!-- \/ Yoast SEO plugin. -->","yoast_head_json":{"title":"Emprego | Funda\u00e7\u00e3o de Pesquisa sobre Progeria","robots":{"index":"index","follow":"follow","max-snippet":"max-snippet:-1","max-image-preview":"max-image-preview:large","max-video-preview":"max-video-preview:-1"},"canonical":"https:\/\/www.progeriaresearch.org\/pt\/employment\/","og_locale":"pt_PT","og_type":"article","og_title":"Employment | The Progeria Research Foundation","og_description":"&nbsp; The Progeria Research Foundation\u2019s work would not be possible without everyone who participates in helping us achieve our mission.Employment at PRF The PRF team is comprised of 14 dedicated, collaborative, and industrious employees who contribute diverse skillsets and backgrounds in support of our mission. Staff members collaborate both in person and virtually, as we [&hellip;]","og_url":"https:\/\/www.progeriaresearch.org\/pt\/employment\/","og_site_name":"The Progeria Research Foundation","article_publisher":"https:\/\/www.facebook.com\/ProgeriaResearch\/","article_modified_time":"2026-03-19T15:25:09+00:00","og_image":[{"width":2560,"height":2065,"url":"https:\/\/www.progeriaresearch.org\/wp-content\/uploads\/2022\/11\/kidswithAudrey.2-scaled.jpg","type":"image\/jpeg"}],"twitter_card":"summary_large_image","twitter_site":"@Progeria","twitter_misc":{"Est. reading time":"2 minutos"},"schema":{"@context":"https:\/\/schema.org","@graph":[{"@type":"WebPage","@id":"https:\/\/www.progeriaresearch.org\/employment\/","url":"https:\/\/www.progeriaresearch.org\/employment\/","name":"Emprego | Funda\u00e7\u00e3o de Pesquisa sobre Progeria","isPartOf":{"@id":"https:\/\/www.progeriaresearch.org\/ta\/#website"},"primaryImageOfPage":{"@id":"https:\/\/www.progeriaresearch.org\/employment\/#primaryimage"},"image":{"@id":"https:\/\/www.progeriaresearch.org\/employment\/#primaryimage"},"thumbnailUrl":"https:\/\/www.progeriaresearch.org\/wp-content\/uploads\/2022\/11\/kidswithAudrey.2-scaled.jpg","datePublished":"2022-11-10T15:36:21+00:00","dateModified":"2026-03-19T15:25:09+00:00","breadcrumb":{"@id":"https:\/\/www.progeriaresearch.org\/employment\/#breadcrumb"},"inLanguage":"pt-PT","potentialAction":[{"@type":"ReadAction","target":["https:\/\/www.progeriaresearch.org\/employment\/"]}]},{"@type":"ImageObject","inLanguage":"pt-PT","@id":"https:\/\/www.progeriaresearch.org\/employment\/#primaryimage","url":"https:\/\/www.progeriaresearch.org\/wp-content\/uploads\/2022\/11\/kidswithAudrey.2-scaled.jpg","contentUrl":"https:\/\/www.progeriaresearch.org\/wp-content\/uploads\/2022\/11\/kidswithAudrey.2-scaled.jpg","width":2560,"height":2065},{"@type":"BreadcrumbList","@id":"https:\/\/www.progeriaresearch.org\/employment\/#breadcrumb","itemListElement":[{"@type":"ListItem","position":1,"name":"Home","item":"https:\/\/www.progeriaresearch.org\/"},{"@type":"ListItem","position":2,"name":"Employment at PRF"}]},{"@type":"WebSite","@id":"https:\/\/www.progeriaresearch.org\/ta\/#website","url":"https:\/\/www.progeriaresearch.org\/ta\/","name":"Funda\u00e7\u00e3o de Pesquisa Progeria","description":"Pelas Crian\u00e7as \u2665 Pela Cura","publisher":{"@id":"https:\/\/www.progeriaresearch.org\/ta\/#organization"},"potentialAction":[{"@type":"SearchAction","target":{"@type":"EntryPoint","urlTemplate":"https:\/\/www.progeriaresearch.org\/ta\/?s={search_term_string}"},"query-input":{"@type":"PropertyValueSpecification","valueRequired":true,"valueName":"search_term_string"}}],"inLanguage":"pt-PT"},{"@type":"Organization","@id":"https:\/\/www.progeriaresearch.org\/ta\/#organization","name":"Funda\u00e7\u00e3o de Pesquisa Progeria","url":"https:\/\/www.progeriaresearch.org\/ta\/","logo":{"@type":"ImageObject","inLanguage":"pt-PT","@id":"https:\/\/www.progeriaresearch.org\/ta\/#\/schema\/logo\/image\/","url":"https:\/\/www.progeriaresearch.org\/wp-content\/uploads\/2019\/05\/PRF_Logo_2019_optimized.png","contentUrl":"https:\/\/www.progeriaresearch.org\/wp-content\/uploads\/2019\/05\/PRF_Logo_2019_optimized.png","width":300,"height":86,"caption":"The Progeria Research Foundation"},"image":{"@id":"https:\/\/www.progeriaresearch.org\/ta\/#\/schema\/logo\/image\/"},"sameAs":["https:\/\/www.facebook.com\/ProgeriaResearch\/","https:\/\/x.com\/Progeria","https:\/\/www.instagram.com\/progeriaresearch\/"]}]}},"_links":{"self":[{"href":"https:\/\/www.progeriaresearch.org\/pt\/wp-json\/wp\/v2\/pages\/15937","targetHints":{"allow":["GET"]}}],"collection":[{"href":"https:\/\/www.progeriaresearch.org\/pt\/wp-json\/wp\/v2\/pages"}],"about":[{"href":"https:\/\/www.progeriaresearch.org\/pt\/wp-json\/wp\/v2\/types\/page"}],"author":[{"embeddable":true,"href":"https:\/\/www.progeriaresearch.org\/pt\/wp-json\/wp\/v2\/users\/2"}],"replies":[{"embeddable":true,"href":"https:\/\/www.progeriaresearch.org\/pt\/wp-json\/wp\/v2\/comments?post=15937"}],"version-history":[{"count":4,"href":"https:\/\/www.progeriaresearch.org\/pt\/wp-json\/wp\/v2\/pages\/15937\/revisions"}],"predecessor-version":[{"id":21470,"href":"https:\/\/www.progeriaresearch.org\/pt\/wp-json\/wp\/v2\/pages\/15937\/revisions\/21470"}],"wp:featuredmedia":[{"embeddable":true,"href":"https:\/\/www.progeriaresearch.org\/pt\/wp-json\/wp\/v2\/media\/15942"}],"wp:attachment":[{"href":"https:\/\/www.progeriaresearch.org\/pt\/wp-json\/wp\/v2\/media?parent=15937"}],"curies":[{"name":"wp","href":"https:\/\/api.w.org\/{rel}","templated":true}]}}