{"id":1631,"date":"2017-04-28T22:37:45","date_gmt":"2017-04-28T22:37:45","guid":{"rendered":"https:\/\/www.progeriaresearch.org\/?page_id=1631"},"modified":"2024-03-13T09:39:18","modified_gmt":"2024-03-13T13:39:18","slug":"matching-gift","status":"publish","type":"page","link":"https:\/\/www.progeriaresearch.org\/pt\/matching-gift\/","title":{"rendered":"Localizador de presentes correspondentes"},"content":{"rendered":"<p>[et_pb_section fb_built=\u201d1\u2033 fullwidth=\u201don\u201d disabled_on=\u201doff|off|off\u201d _builder_version=\u201d4.16\u2033 border_width_bottom=\u201d55px\u201d border_color_bottom=\u201d#29327a\u201d locked=\u201doff\u201d global_colors_info=\u201d{}\u201d][et_pb_fullwidth_header _builder_version=\u201d4.16\u2033 title_font_size=\u201d55\u2033 background_color=\u201d#29327a\u201d background_image=\u201dhttps:\/\/www.progeriaresearch.org\/wp-content\/uploads\/2019\/04\/Get-Involved-Header.jpg\u201d background_position=\u201dcenter_right\u201d custom_padding=\u201d9vw||9vw||true\u201d custom_padding_tablet=\u201d\u201d custom_padding_phone=\u201d|56px||\u201d custom_padding_last_edited=\u201dno|desktop\u201d title_font_size_tablet=\u201d45px\u201d title_font_size_phone=\u201d40px\u201d title_font_size_last_edited=\u201dno|telefone\u201d z_index_tablet=\u201d500\u2033 custom_css_main_element=\u201dposi\u00e7\u00e3o de fundo: direita 18% !importante;\u201d global_colors_info=\u201d{}\u201d]<\/p>\n<h1>Correspond\u00eancia<\/h1>\n<h1>Localizador de presentes<\/h1>\n<p>[\/et_pb_fullwidth_header][\/et_pb_section][et_pb_section fb_built=\u201d1\u2033 use_custom_gutter=\u201don\u201d gutter_width=\u201d1\u2033 specialty=\u201don\u201d padding_left_1=\u201d35px\u201d padding_left_2=\u201d35px\u201d padding_2_tablet=\u201d|||0px\u201d padding_2_phone=\u201d|||0px\u201d padding_2_last_edited=\u201don|desktop\u201d module_class_1=\u201dsidebar-secondary-nav\u201d module_class=\u201dhandprint-bg\u201d _builder_version=\u201d4.16\u2033 background_image=\u201dhttps:\/\/www.progeriaresearch.org\/wp-content\/uploads\/2019\/04\/blue-handprint-only.png\u201d parallax=\u201don\u201d parallax_method=\u201doff\u201d largura_interna=\u201d100%\u201d largura_m\u00e1xima_interna=\u201d100%\u201d preenchimento_personalizado=\u201d0|0px|54px|0px|falso|falso\u201d z_index_tablet=\u201d500\u2033 largura_da_borda_superior=\u201d10px\u201d cor_da_borda_superior=\u201d#8fd2ed\u201d use_largura_personalizada=\u201dligado\u201d largura_unit=\u201ddesligado\u201d largura_personalizada_percent=\u201d100%\u201d informa\u00e7\u00f5es_de_cores_globais=\u201d{}\u201d][coluna_et_pb tipo=\u201d1_4\u2033 _builder_version=\u201d4.16\u2033 preenchimento_personalizado=\u201d|||\u201d global_colors_info=\u201d{}\u201d custom_padding__hover=\u201d|||\u201d][et_pb_sidebar area=\u201det_pb_widget_area_5\u2033 disabled_on=\u201don|on|off\u201d module_class=\u201dsubpage-sidebars\u201d _builder_version=\u201d4.16\u2033 animation_style=\u201dfade\u201d z_index_tablet=\u201d500\u2033 border_width_right=\u201d5px\u201d locked=\u201doff\u201d global_colors_info=\u201d{}\u201d]<br \/>\n[\/et_pb_sidebar][\/et_pb_column][et_pb_column type=\u201d3_4\u2033 specialty_columns=\u201d3\u2033 _builder_version=\u201d4.16\u2033 custom_padding=\u201d|||\u201d global_colors_info=\u201d{}\u201d custom_padding__hover=\u201d|||\u201d][et_pb_row_inner _builder_version=\u201d4.16\u2033 background_color=\u201d#00b2e2\u2033 custom_margin=\u201d41px||\u201d custom_margin_tablet=\u201d0px||\u201d custom_margin_phone=\u201d\u201d custom_margin_last_edited=\u201don|phone\u201d custom_padding=\u201d39.4375px|20px|0|20px|false|true\u201d animation_style=\u201dslide\u201d animation_direction=\u201dtop\u201d animation_intensity_slide=\u201d25%\u201d box_shadow_style=\u201dpreset1\u2033 box_shadow_blur=\u201d38px\u201d box_shadow_spread=\u201d-12px\u201d global_colors_info=\u201d{}\u201d][et_pb_column_inner saved_specialty_column_type=\u201d3_4\u2033 _builder_version=\u201d4.16\u2033 custom_padding=\u201d|||\u201d global_colors_info=\u201d{}\u201d custom_padding__hover=\u201d|||\u201d][et_pb_text _builder_version=\u201d4.21.0\u2033 text_font=\u201d||||||||\u201d header_font=\u201d||||||||\u201d header_text_align=\u201dcenter\u201d header_text_color=\u201d#ffffff\u201d header_2_font=\u201d||||||||\u201d header_2_text_align=\u201dcentro\u201d header_2_line_height=\u201d1.2em\u201d text_orientation=\u201dcentro\u201d background_layout=\u201descuro\u201d custom_margin=\u201d||35px\u201d animation_style=\u201dfade\u201d header_font_size_tablet=\u201d\u201d header_font_size_phone=\u201d30px\u201d header_font_size_last_edited=\u201dno|computador\u201d header_2_font_size_tablet=\u201d\u201d header_2_font_size_phone=\u201d25px\u201d header_2_font_size_last_edited=\u201dno|computador\u201d z_index_tablet=\u201d500\u2033 global_colors_info=\u201d{}\u201d]<\/p>\n<h3>Veja se sua empresa igualar\u00e1 sua doa\u00e7\u00e3o e DOBRAR\u00c1 sua doa\u00e7\u00e3o!<\/h3>\n<p>[\/et_pb_text][\/et_pb_column_inner][\/et_pb_row_inner][et_pb_row_inner admin_label=\u201dLinha\u201d _builder_version=\u201d4.16\u2033 z_index_tablet=\u201d500\u2033 global_colors_info=\u201d{}\u201d][et_pb_column_inner saved_specialty_column_type=\u201d3_4\u2033 _builder_version=\u201d4.16\u2033 custom_padding=\u201d|||\u201d global_colors_info=\u201d{}\u201d custom_padding__hover=\u201d|||\u201d][et_pb_text _builder_version=\u201d4.16\u2033 z_index_tablet=\u201d500\u2033 global_colors_info=\u201d{}\u201d]<\/p>\n<p><span style=\"font-weight: 400;\">Muitas empresas oferecem programas de doa\u00e7\u00f5es equivalentes para reconhecer seus funcion\u00e1rios que apoiam organiza\u00e7\u00f5es de caridade.<\/span><\/p>\n<p><span style=\"font-weight: 400;\">Para descobrir se sua empresa igualar\u00e1 doa\u00e7\u00f5es \u00e0 The Progeria Research Foundation, use o Matching Gift Finder abaixo, digite o nome do seu empregador no campo de pesquisa e clique no nome dele para saber como aproveitar.<\/span><\/p>\n<p><span style=\"font-weight: 400;\">Se voc\u00ea tiver alguma d\u00favida sobre o Matching Gift Finder, envie um e-mail para <\/span><a href=\"mailto: donations@progeriaresearch.org\"><span style=\"font-weight: 400;\">doa\u00e7\u00f5es@progeriaresearch.org<\/span><\/a><span style=\"font-weight: 400;\"> ou ligue <a href=\"tel: 978-535-2594\">(978) 535-2594<\/a>.<\/span><\/p>\n<p><span style=\"font-weight: 400;\">A PRF \u00e9 uma institui\u00e7\u00e3o de caridade registrada 501(c)(3). Uma c\u00f3pia da nossa Carta do IRS est\u00e1 dispon\u00edvel mediante solicita\u00e7\u00e3o. Nossas informa\u00e7\u00f5es financeiras est\u00e3o dispon\u00edveis publicamente neste site.<\/span><\/p>\n<p>[\/et_pb_text][et_pb_code _builder_version=\u201d4.24.0\u2033 margem_personalizada=\u201d35px|||\u201d hover_enabled=\u201d0\u2033 z_index_tablet=\u201d500\u2033 global_colors_info=\u201d{}\u201d sticky_enabled=\u201d0\u2033]<script>var DDCONF = { API_KEY: \"OWNlNDc4MGQtNDEx\" };<\/script>\n                <div id=\"dd-container\"><\/div>[\/et_pb_code][\/et_pb_column_inner][\/et_pb_row_inner][\/et_pb_column][\/et_pb_section][et_pb_section fb_built=\u201d1\u2033 module_class=\u201drodap\u00e9\u201d _builder_version=\u201d4.21.0\u2033 background_color=\u201d#29327a\u201d custom_margin=\u201d-2px|||||\u201d custom_padding=\u201d0|0px|0|0px|false|false\u201d z_index_tablet=\u201d500\u2033 border_width_top=\u201d12px\u201d border_color_top=\u201d#00b2e2\u2033 global_module=\u201d133\u2033 locked=\u201doff\u201d global_colors_info=\u201d{}\u201d][et_pb_row column_structure=\u201d1_4,1_4,1_2\u2033 make_equal=\u201don\u201d module_class=\u201d et_pb_row_fullwidth\u201d _builder_version=\u201d4.16\u2033 width=\u201d89%\u201d width_tablet=\u201d80%\u201d width_phone=\u201d\u201d width_last_edited=\u201don|desktop\u201d max_width=\u201d89%\u201d max_width_tablet=\u201d80%\u201d max_width_phone=\u201d\u201d max_width_last_edited=\u201don|desktop\u201d z_index_tablet=\u201d500\u2033 make_fullwidth=\u201don\u201d width_unit=\u201doff\u201d custom_width_percent=\u201d100%\u201d global_colors_info=\u201d{}\u201d][et_pb_column type=\u201d1_4\u2033 _builder_version=\u201d4.16\u2033 custom_padding=\u201d|||\u201d global_colors_info=\u201d{}\u201d custom_padding__hover=\u201d|||\u201d][et_pb_cta button_url=\u201dhttps:\/\/www.progeriaresearch.org\/newsletter-signup\/\u201d button_text=\u201dInscreva-se agora\u201d admin_label=\u201dInscreva-se para receber o boletim informativo\u201d module_class=\u201dsign-btn\u201d _builder_version=\u201d4.16\u2033 header_font_size=\u201d25px\u201d background_color=\u201d#29327a\u201d animation_style=\u201dslide\u201d animation_direction=\u201dleft\u201d animation_intensity_slide=\u201d25%\u201d header_font_size_tablet=\u201d\u201d header_font_size_phone=\u201d30px\u201d header_font_size_last_edited=\u201don|desktop\u201d z_index_tablet=\u201d500\u2033 border_radii=\u201dligado|25px|25px|25px|25px\u201d global_colors_info=\u201d{}\u201d button_bg_color__hover_enabled=\u201dligado\u201d button_bg_color__hover=\u201d#8fd2ed\u201d button_border_color__hover_enabled=\u201dligado\u201d]<\/p>\n<h2>Inscrever-se<\/h2>\n<h2>para o nosso<\/h2>\n<h2>Boletim informativo!<\/h2>\n<p>[\/et_pb_cta][\/et_pb_column][et_pb_column type=\u201d1_4\u2033 _builder_version=\u201d4.16\u2033 custom_padding=\u201d|||\u201d global_colors_info=\u201d{}\u201d custom_padding__hover=\u201d|||\u201d][et_pb_cta button_url=\u201dhttps:\/\/progeriaresearch.donorsupport.co\/-\/XZHJVWZR\u201d button_text=\u201dDoe agora\u201d admin_label=\u201dJuntos, encontraremos a cura!\u201d module_class=\u201dsign-btn\u201d _builder_version=\u201d4.16\u2033 header_font_size=\u201d25px\u201d background_color=\u201d#29327a\u201d animation_style=\u201dslide\u201d animation_direction=\u201dleft\u201d animation_intensity_slide=\u201d25%\u201d header_font_size_tablet=\u201d\u201d header_font_size_phone=\u201d30px\u201d header_font_size_last_edited=\u201don|desktop\u201d body_font_size_tablet=\u201d\u201d body_font_size_phone=\u201d\u201d body_font_size_last_edited=\u201don|desktop\u201d z_index_tablet=\u201d500\u2033 border_radii=\u201don|25px|25px|25px|25px\u201d global_colors_info=\u201d{}\u201d button_bg_color__hover_enabled=\u201don\u201d bot\u00e3o_bg_color__hover=\u201d#8fd2ed\u201d bot\u00e3o_border_color__hover_enabled=\u201don\u201d]<\/p>\n<h2>Juntos, n\u00f3s<\/h2>\n<h2><em>VAI<\/em><\/h2>\n<h2>encontre a cura!<\/h2>\n<p>[\/et_pb_cta][\/et_pb_column][et_pb_column tipo=\u201d1_2\u2033 _builder_version=\u201d4.16\u2033 preenchimento_personalizado=\u201d|||\u201d global_colors_info=\u201d{}\u201d custom_padding__hover=\u201d|||\u201d][et_pb_image src=\u201dhttps:\/\/www.progeriaresearch.org\/wp-content\/uploads\/2024\/02\/2024-strip-footer-strip-.png\u201d title_text=\u201d2024 faixa de rodap\u00e9\u201d _builder_version=\u201d4.24.0\u2033 _module_preset=\u201ddefault\u201d custom_margin=\u201d35px||||false|false\u201d global_colors_info=\u201d{}\u201d][\/et_pb_image][\/et_pb_column][\/et_pb_row][\/et_pb_section]<\/p>","protected":false},"excerpt":{"rendered":"<p>Verifique se sua empresa igualar\u00e1 sua doa\u00e7\u00e3o e DOBRAR\u00c1 sua doa\u00e7\u00e3o usando nosso Localizador de Doa\u00e7\u00f5es Equivalentes.\t\t\t\t\t\t<\/p>","protected":false},"author":2,"featured_media":12039,"parent":0,"menu_order":0,"comment_status":"closed","ping_status":"closed","template":"","meta":{"_et_pb_use_builder":"on","_et_pb_old_content":"\t\t\t\t[vc_row][vc_column][vc_custom_heading text=\"Matching Gift Finder\" font_container=\"tag:h1|text_align:center\" use_theme_fonts=\"yes\"][vc_column_text]See if your company will match your gift and DOUBLE your donation!\r\n\r\n<script>var DDCONF = { API_KEY: \"OWNlNDc4MGQtNDEx\" };<\/script> <script src=\"https:\/\/doublethedonation.com\/api\/js\/ddplugin.js\"><\/script>\r\n<div id=\"dd-container\">\r\n<div class=\"well\"><center><a href=\"https:\/\/doublethedonation.com\/matching-grant-resources\/matching-gift-basics\/\">Matching Gift<\/a> and <a href=\"https:\/\/doublethedonation.com\/matching-grant-resources\/volunteer-grant-basics\/\">Volunteer Grant<\/a> information provided by\r\n<a href=\"https:\/\/doublethedonation.com\"><img src=\"https:\/\/doublethedonation.com\/api\/img\/powered-by.png\" alt=\"Powered by Double the Donation\" \/><\/a><\/center><\/div>\r\n<\/div>\r\n[\/vc_column_text][\/vc_column][\/vc_row]\t\t","_et_gb_content_width":"","footnotes":"","_links_to":"","_links_to_target":""},"class_list":["post-1631","page","type-page","status-publish","has-post-thumbnail","hentry"],"yoast_head":"<!-- This site is optimized with the Yoast SEO plugin v26.8 - https:\/\/yoast.com\/product\/yoast-seo-wordpress\/ -->\n<title>Matching Gift Finder | The Progeria Research Foundation<\/title>\n<meta name=\"description\" content=\"Check to see if your company will match your gift and DOUBLE your donation using our Matching Gift Finder.\" \/>\n<meta name=\"robots\" content=\"index, follow, max-snippet:-1, max-image-preview:large, max-video-preview:-1\" \/>\n<link rel=\"canonical\" href=\"https:\/\/www.progeriaresearch.org\/pt\/matching-gift\/\" \/>\n<meta property=\"og:locale\" content=\"pt_PT\" \/>\n<meta property=\"og:type\" content=\"article\" \/>\n<meta property=\"og:title\" content=\"Matching Gift Finder | The Progeria Research Foundation\" \/>\n<meta property=\"og:description\" content=\"Check to see if your company will match your gift and DOUBLE your donation using our Matching Gift Finder.\" \/>\n<meta property=\"og:url\" content=\"https:\/\/www.progeriaresearch.org\/pt\/matching-gift\/\" \/>\n<meta property=\"og:site_name\" content=\"The Progeria Research Foundation\" \/>\n<meta property=\"article:publisher\" content=\"https:\/\/www.facebook.com\/ProgeriaResearch\/\" \/>\n<meta property=\"article:modified_time\" content=\"2024-03-13T13:39:18+00:00\" \/>\n<meta property=\"og:image\" content=\"https:\/\/www.progeriaresearch.org\/wp-content\/uploads\/2021\/01\/matching-gift-finder-image.jpg\" \/>\n\t<meta property=\"og:image:width\" content=\"2000\" \/>\n\t<meta property=\"og:image:height\" content=\"1600\" \/>\n\t<meta property=\"og:image:type\" content=\"image\/jpeg\" \/>\n<meta name=\"twitter:card\" content=\"summary_large_image\" \/>\n<meta name=\"twitter:title\" content=\"Matching Gift Finder | The Progeria Research Foundation\" \/>\n<meta name=\"twitter:description\" content=\"Check to see if your company will match your gift and DOUBLE your donation using our Matching Gift Finder.\" \/>\n<meta name=\"twitter:image\" content=\"https:\/\/www.progeriaresearch.org\/wp-content\/uploads\/2021\/01\/matching-gift-finder-image.jpg\" \/>\n<meta name=\"twitter:site\" content=\"@Progeria\" \/>\n<meta name=\"twitter:label1\" content=\"Est. reading time\" \/>\n\t<meta name=\"twitter:data1\" content=\"2 minutos\" \/>\n<script type=\"application\/ld+json\" class=\"yoast-schema-graph\">{\"@context\":\"https:\/\/schema.org\",\"@graph\":[{\"@type\":\"WebPage\",\"@id\":\"https:\/\/www.progeriaresearch.org\/it\/matching-gift\/\",\"url\":\"https:\/\/www.progeriaresearch.org\/it\/matching-gift\/\",\"name\":\"Matching Gift Finder | The Progeria Research Foundation\",\"isPartOf\":{\"@id\":\"https:\/\/www.progeriaresearch.org\/ta\/#website\"},\"primaryImageOfPage\":{\"@id\":\"https:\/\/www.progeriaresearch.org\/it\/matching-gift\/#primaryimage\"},\"image\":{\"@id\":\"https:\/\/www.progeriaresearch.org\/it\/matching-gift\/#primaryimage\"},\"thumbnailUrl\":\"https:\/\/www.progeriaresearch.org\/wp-content\/uploads\/2021\/01\/matching-gift-finder-image.jpg\",\"datePublished\":\"2017-04-28T22:37:45+00:00\",\"dateModified\":\"2024-03-13T13:39:18+00:00\",\"description\":\"Check to see if your company will match your gift and DOUBLE your donation using our Matching Gift Finder.\",\"breadcrumb\":{\"@id\":\"https:\/\/www.progeriaresearch.org\/it\/matching-gift\/#breadcrumb\"},\"inLanguage\":\"pt-PT\",\"potentialAction\":[{\"@type\":\"ReadAction\",\"target\":[\"https:\/\/www.progeriaresearch.org\/it\/matching-gift\/\"]}]},{\"@type\":\"ImageObject\",\"inLanguage\":\"pt-PT\",\"@id\":\"https:\/\/www.progeriaresearch.org\/it\/matching-gift\/#primaryimage\",\"url\":\"https:\/\/www.progeriaresearch.org\/wp-content\/uploads\/2021\/01\/matching-gift-finder-image.jpg\",\"contentUrl\":\"https:\/\/www.progeriaresearch.org\/wp-content\/uploads\/2021\/01\/matching-gift-finder-image.jpg\",\"width\":2000,\"height\":1600,\"caption\":\"Matching Gift Finder Facebook image\"},{\"@type\":\"BreadcrumbList\",\"@id\":\"https:\/\/www.progeriaresearch.org\/it\/matching-gift\/#breadcrumb\",\"itemListElement\":[{\"@type\":\"ListItem\",\"position\":1,\"name\":\"Home\",\"item\":\"https:\/\/www.progeriaresearch.org\/\"},{\"@type\":\"ListItem\",\"position\":2,\"name\":\"Matching Gift Finder\"}]},{\"@type\":\"WebSite\",\"@id\":\"https:\/\/www.progeriaresearch.org\/ta\/#website\",\"url\":\"https:\/\/www.progeriaresearch.org\/ta\/\",\"name\":\"The Progeria Research Foundation\",\"description\":\"For the Children \u2665 For the Cure\",\"publisher\":{\"@id\":\"https:\/\/www.progeriaresearch.org\/ta\/#organization\"},\"potentialAction\":[{\"@type\":\"SearchAction\",\"target\":{\"@type\":\"EntryPoint\",\"urlTemplate\":\"https:\/\/www.progeriaresearch.org\/ta\/?s={search_term_string}\"},\"query-input\":{\"@type\":\"PropertyValueSpecification\",\"valueRequired\":true,\"valueName\":\"search_term_string\"}}],\"inLanguage\":\"pt-PT\"},{\"@type\":\"Organization\",\"@id\":\"https:\/\/www.progeriaresearch.org\/ta\/#organization\",\"name\":\"The Progeria Research Foundation\",\"url\":\"https:\/\/www.progeriaresearch.org\/ta\/\",\"logo\":{\"@type\":\"ImageObject\",\"inLanguage\":\"pt-PT\",\"@id\":\"https:\/\/www.progeriaresearch.org\/ta\/#\/schema\/logo\/image\/\",\"url\":\"https:\/\/www.progeriaresearch.org\/wp-content\/uploads\/2019\/05\/PRF_Logo_2019_optimized.png\",\"contentUrl\":\"https:\/\/www.progeriaresearch.org\/wp-content\/uploads\/2019\/05\/PRF_Logo_2019_optimized.png\",\"width\":300,\"height\":86,\"caption\":\"The Progeria Research Foundation\"},\"image\":{\"@id\":\"https:\/\/www.progeriaresearch.org\/ta\/#\/schema\/logo\/image\/\"},\"sameAs\":[\"https:\/\/www.facebook.com\/ProgeriaResearch\/\",\"https:\/\/x.com\/Progeria\",\"https:\/\/www.instagram.com\/progeriaresearch\/\"]}]}<\/script>\n<!-- \/ Yoast SEO plugin. -->","yoast_head_json":{"title":"Matching Gift Finder | The Progeria Research Foundation","description":"Verifique se sua empresa igualar\u00e1 sua doa\u00e7\u00e3o e DOBRAR\u00c1 sua doa\u00e7\u00e3o usando nosso Localizador de Doa\u00e7\u00f5es Equivalentes.","robots":{"index":"index","follow":"follow","max-snippet":"max-snippet:-1","max-image-preview":"max-image-preview:large","max-video-preview":"max-video-preview:-1"},"canonical":"https:\/\/www.progeriaresearch.org\/pt\/matching-gift\/","og_locale":"pt_PT","og_type":"article","og_title":"Matching Gift Finder | The Progeria Research Foundation","og_description":"Check to see if your company will match your gift and DOUBLE your donation using our Matching Gift Finder.","og_url":"https:\/\/www.progeriaresearch.org\/pt\/matching-gift\/","og_site_name":"The Progeria Research Foundation","article_publisher":"https:\/\/www.facebook.com\/ProgeriaResearch\/","article_modified_time":"2024-03-13T13:39:18+00:00","og_image":[{"width":2000,"height":1600,"url":"https:\/\/www.progeriaresearch.org\/wp-content\/uploads\/2021\/01\/matching-gift-finder-image.jpg","type":"image\/jpeg"}],"twitter_card":"summary_large_image","twitter_title":"Matching Gift Finder | The Progeria Research Foundation","twitter_description":"Check to see if your company will match your gift and DOUBLE your donation using our Matching Gift Finder.","twitter_image":"https:\/\/www.progeriaresearch.org\/wp-content\/uploads\/2021\/01\/matching-gift-finder-image.jpg","twitter_site":"@Progeria","twitter_misc":{"Est. reading time":"2 minutos"},"schema":{"@context":"https:\/\/schema.org","@graph":[{"@type":"WebPage","@id":"https:\/\/www.progeriaresearch.org\/it\/matching-gift\/","url":"https:\/\/www.progeriaresearch.org\/it\/matching-gift\/","name":"Matching Gift Finder | The Progeria Research Foundation","isPartOf":{"@id":"https:\/\/www.progeriaresearch.org\/ta\/#website"},"primaryImageOfPage":{"@id":"https:\/\/www.progeriaresearch.org\/it\/matching-gift\/#primaryimage"},"image":{"@id":"https:\/\/www.progeriaresearch.org\/it\/matching-gift\/#primaryimage"},"thumbnailUrl":"https:\/\/www.progeriaresearch.org\/wp-content\/uploads\/2021\/01\/matching-gift-finder-image.jpg","datePublished":"2017-04-28T22:37:45+00:00","dateModified":"2024-03-13T13:39:18+00:00","description":"Verifique se sua empresa igualar\u00e1 sua doa\u00e7\u00e3o e DOBRAR\u00c1 sua doa\u00e7\u00e3o usando nosso Localizador de Doa\u00e7\u00f5es Equivalentes.","breadcrumb":{"@id":"https:\/\/www.progeriaresearch.org\/it\/matching-gift\/#breadcrumb"},"inLanguage":"pt-PT","potentialAction":[{"@type":"ReadAction","target":["https:\/\/www.progeriaresearch.org\/it\/matching-gift\/"]}]},{"@type":"ImageObject","inLanguage":"pt-PT","@id":"https:\/\/www.progeriaresearch.org\/it\/matching-gift\/#primaryimage","url":"https:\/\/www.progeriaresearch.org\/wp-content\/uploads\/2021\/01\/matching-gift-finder-image.jpg","contentUrl":"https:\/\/www.progeriaresearch.org\/wp-content\/uploads\/2021\/01\/matching-gift-finder-image.jpg","width":2000,"height":1600,"caption":"Matching Gift Finder Facebook image"},{"@type":"BreadcrumbList","@id":"https:\/\/www.progeriaresearch.org\/it\/matching-gift\/#breadcrumb","itemListElement":[{"@type":"ListItem","position":1,"name":"Home","item":"https:\/\/www.progeriaresearch.org\/"},{"@type":"ListItem","position":2,"name":"Matching Gift Finder"}]},{"@type":"WebSite","@id":"https:\/\/www.progeriaresearch.org\/ta\/#website","url":"https:\/\/www.progeriaresearch.org\/ta\/","name":"Funda\u00e7\u00e3o de Pesquisa Progeria","description":"Pelas Crian\u00e7as \u2665 Pela Cura","publisher":{"@id":"https:\/\/www.progeriaresearch.org\/ta\/#organization"},"potentialAction":[{"@type":"SearchAction","target":{"@type":"EntryPoint","urlTemplate":"https:\/\/www.progeriaresearch.org\/ta\/?s={search_term_string}"},"query-input":{"@type":"PropertyValueSpecification","valueRequired":true,"valueName":"search_term_string"}}],"inLanguage":"pt-PT"},{"@type":"Organization","@id":"https:\/\/www.progeriaresearch.org\/ta\/#organization","name":"Funda\u00e7\u00e3o de Pesquisa Progeria","url":"https:\/\/www.progeriaresearch.org\/ta\/","logo":{"@type":"ImageObject","inLanguage":"pt-PT","@id":"https:\/\/www.progeriaresearch.org\/ta\/#\/schema\/logo\/image\/","url":"https:\/\/www.progeriaresearch.org\/wp-content\/uploads\/2019\/05\/PRF_Logo_2019_optimized.png","contentUrl":"https:\/\/www.progeriaresearch.org\/wp-content\/uploads\/2019\/05\/PRF_Logo_2019_optimized.png","width":300,"height":86,"caption":"The Progeria Research Foundation"},"image":{"@id":"https:\/\/www.progeriaresearch.org\/ta\/#\/schema\/logo\/image\/"},"sameAs":["https:\/\/www.facebook.com\/ProgeriaResearch\/","https:\/\/x.com\/Progeria","https:\/\/www.instagram.com\/progeriaresearch\/"]}]}},"_links":{"self":[{"href":"https:\/\/www.progeriaresearch.org\/pt\/wp-json\/wp\/v2\/pages\/1631","targetHints":{"allow":["GET"]}}],"collection":[{"href":"https:\/\/www.progeriaresearch.org\/pt\/wp-json\/wp\/v2\/pages"}],"about":[{"href":"https:\/\/www.progeriaresearch.org\/pt\/wp-json\/wp\/v2\/types\/page"}],"author":[{"embeddable":true,"href":"https:\/\/www.progeriaresearch.org\/pt\/wp-json\/wp\/v2\/users\/2"}],"replies":[{"embeddable":true,"href":"https:\/\/www.progeriaresearch.org\/pt\/wp-json\/wp\/v2\/comments?post=1631"}],"version-history":[{"count":0,"href":"https:\/\/www.progeriaresearch.org\/pt\/wp-json\/wp\/v2\/pages\/1631\/revisions"}],"wp:featuredmedia":[{"embeddable":true,"href":"https:\/\/www.progeriaresearch.org\/pt\/wp-json\/wp\/v2\/media\/12039"}],"wp:attachment":[{"href":"https:\/\/www.progeriaresearch.org\/pt\/wp-json\/wp\/v2\/media?parent=1631"}],"curies":[{"name":"wp","href":"https:\/\/api.w.org\/{rel}","templated":true}]}}