{"id":18639,"date":"2024-04-16T15:52:21","date_gmt":"2024-04-16T19:52:21","guid":{"rendered":"https:\/\/www.progeriaresearch.org\/?page_id=18639"},"modified":"2026-02-19T16:23:56","modified_gmt":"2026-02-19T21:23:56","slug":"2024-events","status":"publish","type":"page","link":"https:\/\/www.progeriaresearch.org\/pt\/2024-events\/","title":{"rendered":"Eventos 2024"},"content":{"rendered":"<p>[et_pb_section fb_built=\u201d1\u2033 fullwidth=\u201don\u201d disabled_on=\u201doff|off|off\u201d _builder_version=\u201d4.16\u2033 border_width_bottom=\u201d55px\u201d border_color_bottom=\u201d#29327a\u201d locked=\u201doff\u201d global_colors_info=\u201d{}\u201d][et_pb_fullwidth_header _builder_version=\u201d4.24.3\u2033 title_font=\u201d||||||||\u201d tamanho_da_fonte_do_t\u00edtulo=\u201d55\u2033 cor_de_fundo=\u201d#29327a\u201d imagem_de_fundo=\u201dhttps:\/\/www.progeriaresearch.org\/wp-content\/uploads\/2019\/04\/running-header.jpg\u201d posi\u00e7\u00e3o_de_fundo=\u201dcentro_\u00e0_direita\u201d espa\u00e7amento_personalizado=\u201d11.5vw||11.5vw||true\u201d espa\u00e7amento_personalizado_tablet=\u201d\u201d espa\u00e7amento_personalizado_celular=\u201d|56px||\u201d espa\u00e7amento_personalizado_\u00faltima_edi\u00e7\u00e3o=\u201dativado|desktop\u201d tamanho_da_fonte_do_t\u00edtulo_tablet=\u201d45px\u201d tamanho_da_fonte_do_t\u00edtulo_celular=\u201d40px\u201d tamanho_da_fonte_do_t\u00edtulo_\u00faltima_edi\u00e7\u00e3o=\u201dativado|celular\u201d \u00edndice_z_tablet=\u201d500\u2033 css_personalizado_elemento_principal=\u201dposi\u00e7\u00e3o_de_fundo: centro 18% !important;\u201d bloqueado=\u201ddesativado\u201d global_colors_info=\u201d{}\u201d]<\/p>\n<h1>Eventos 2024<\/h1>\n<p>[\/et_pb_fullwidth_header][\/et_pb_section][et_pb_section fb_built=\u201d1\u2033 use_custom_gutter=\u201don\u201d gutter_width=\u201d1\u2033 specialty=\u201don\u201d custom_padding_last_edited=\u201don|telefone\u201d padding_bottom_3=\u201d0px\u201d padding_left_1=\u201d35px\u201d padding_left_2=\u201d35px\u201d padding_2_tablet=\u201d|||0px\u201d padding_2_phone=\u201d|||0px\u201d padding_2_last_edited=\u201don|desktop\u201d module_class_1=\u201dsidebar-secondary-nav\u201d module_class=\u201dhandprint-bg\u201d _builder_version=\u201d4.16\u2033 background_image=\u201dhttps:\/\/www.progeriaresearch.org\/wp-content\/uploads\/2019\/04\/blue-handprint-only.png\u201d parallax=\u201don\u201d parallax_method=\u201doff\u201d inner_width=\u201d100%\u201d inner_max_width=\u201d100%\u201d custom_padding=\u201d0|0px|54px|0px|false|false\u201d custom_padding_tablet=\u201d||0px\u201d custom_padding_phone=\u201d||0px\u201d z_index_tablet=\u201d500\u2033 border_width_top=\u201d10px\u201d border_color_top=\u201d#8fd2ed\u201d use_custom_width=\u201don\u201d width_unit=\u201doff\u201d custom_width_percent=\u201d100%\u201d global_colors_info=\u201d{}\u201d][et_pb_column tipo=\u201d1_4\u2033 _builder_version=\u201d4.16\u2033 custom_padding=\u201d|||\u201d global_colors_info=\u201d{}\u201d custom_padding__hover=\u201d|||\u201d][et_pb_sidebar area=\u201det_pb_widget_area_6\u2033 disabled_on=\u201don|on|off\u201d module_class=\u201dsubpage-sidebars\u201d _builder_version=\u201d4.16\u2033 animation_style=\u201dfade\u201d z_index_tablet=\u201d500\u2033 border_width_right=\u201d5px\u201d locked=\u201doff\u201d global_colors_info=\u201d{}\u201d]<br \/>\n[\/et_pb_sidebar][\/et_pb_column][et_pb_column type=\u201d1_2\u2033 specialty_columns=\u201d2\u2033 _builder_version=\u201d4.16\u2033 custom_padding=\u201d|||\u201d global_colors_info=\u201d{}\u201d custom_padding__hover=\u201d|||\u201d][et_pb_row_inner _builder_version=\u201d4.16\u2033 custom_padding=\u201d|35px||35px|false|true\u201d global_colors_info=\u201d{}\u201d][et_pb_column_inner saved_specialty_column_type=\u201d1_2\u2033 _builder_version=\u201d4.16\u2033 custom_padding=\u201d|||\u201d global_colors_info=\u201d{}\u201d custom_padding__hover=\u201d|||\u201d][et_pb_text admin_label=\u201dEventos passados de 2024\u201d _builder_version=\u201d4.27.4\u2033 link_text_color=\u201d#29327a\u201d z_index_tablet=\u201d500\u2033 box_shadow_horizontal_tablet=\u201d0px\u201d box_shadow_vertical_tablet=\u201d0px\u201d box_shadow_blur_tablet=\u201d40px\u201d box_shadow_spread_tablet=\u201d0px\u201d global_colors_info=\u201d{}\u201d]<\/p>\n<p>&nbsp;<\/p>\n<ul>\n<li><strong><a href=\"https:\/\/www.progeriaresearch.org\/pt\/23rd-rfr\/\">14 de setembro de 2024, Peabody, MA<\/a>: <\/strong>23\u00aa Corrida Internacional Anual de Pesquisa da PRF<\/li>\n<li><a href=\"https:\/\/raceroster.com\/events\/2024\/83188\/the-2024-asics-falmouth-road-race\/pledge\/team\/608727\"><strong>18 de agosto de 2024, Falmouth, MA:<\/strong> <\/a>A equipe PRF corre a corrida de rua de Falmouth<\/li>\n<li><strong><a href=\"https:\/\/www.progeriaresearch.org\/pt\/onepossible-2024\/\">1 de junho a 15 de julho de 2024<\/a>: <\/strong>Campanha de meio de ano ONEpossible 2024<\/li>\n<li><strong><a href=\"https:\/\/www.progeriaresearch.org\/pt\/night-of-wonder-2024\/\">20 de abril de 2024<\/a>: <\/strong>Noite de Gala das Maravilhas: Renaissance Boston Waterfront Hotel, Boston, MA<\/li>\n<li><a href=\"https:\/\/www.progeriaresearch.org\/pt\/boston-marathon-2024\/\" target=\"_blank\" rel=\"noopener\"><strong>15 de abril de 2024:<\/strong>\u00a0Equipe PRF Maratona de Boston!<\/a><br \/>A PRF tem orgulho de fazer parte do 128\u00ba Programa Oficial de Caridade da Maratona de Boston Bank of America\u00ae da Boston Athletic Association.<\/li>\n<\/ul>\n<p>[\/et_pb_text][\/et_pb_column_inner][\/et_pb_row_inner][\/et_pb_column][et_pb_column type=\u201d1_4\u2033 _builder_version=\u201d4.16\u2033 custom_padding=\u201d|||\u201d global_colors_info=\u201d{}\u201d custom_padding__hover=\u201d|||\u201d][et_pb_text _builder_version=\u201d4.24.3\u2033 background_color=\u201d#f7f7f7\u2033 custom_padding=\u201d32px||15px\u201d animation_direction=\u201dtop\u201d global_colors_info=\u201d{}\u201d]<\/p>\n<h1 style=\"text-align: center;\">Eventos Passados<\/h1>\n<p>[et_pb_text][et_pb_blurb title=\u201dEventos de 2026\u201d url=\u201dhttps:\/\/www.progeriaresearch.org\/2026-events\/\u201d use_icon=\u201don\u201d font_icon=\u201d4||divi||400\u2033 icon_placement=\u201dleft\u201d image_icon_width=\u201d23px\u201d admin_label=\u201dEventos de 2026\u201d _builder_version=\u201d4.27.5\u2033 background_color=\u201d#f7f7f7\u2033 custom_padding=\u201d10px|||50px|false|false\u201d animation_direction=\u201dtop\u201d hover_enabled=\u201d0\u2033 icon_font_size=\u201d23px\u201d global_colors_info=\u201d{}\u201d sticky_enabled=\u201d0\u2033][\/et_pb_blurb][et_pb_blurb [et_pb_blurb title=\u201dEventos de 2025\u201d url=\u201dhttps:\/\/www.progeriaresearch.org\/2025-events\/\u201d use_icon=\u201don\u201d font_icon=\u201d4||divi||400\u2033 icon_placement=\u201dleft\u201d image_icon_width=\u201d23px\u201d admin_label=\u201d2025\u2033 _builder_version=\u201d4.27.5\u2033 background_color=\u201d#f7f7f7\u2033 custom_padding=\u201d10px|||50px|false|false\u201d animation_direction=\u201dtop\u201d hover_enabled=\u201d0\u2033 icon_font_size=\u201d23px\u201d locked=\u201doff\u201d global_colors_info=\u201d{}\u201d sticky_enabled=\u201d0\u2033][\/et_pb_blurb][et_pb_blurb title=\u201dEventos de 2024\u201d url=\u201dhttps:\/\/www.progeriaresearch.org\/2024-events\/\u201d use_icon=\u201don\u201d font_icon=\u201d4||divi||400\u2033 icon_placement=\u201dleft\u201d image_icon_width=\u201d23px\u201d _builder_version=\u201d4.27.5\u2033 background_color=\u201d#f7f7f7\u2033 custom_padding=\u201d10px|||50px|false|false\u201d animation_direction=\u201dtop\u201d hover_enabled=\u201d0\u2033 icon_font_size=\u201d23px\u201d global_colors_info=\u201d{}\u201d admin_label=\u201d2024\u2033 sticky_enabled=\u201d0\u2033][\/et_pb_blurb][et_pb_blurb title=\u201dEventos de 2023\u201d url=\u201dhttps:\/\/www.progeriaresearch.org\/2023-events\/\u201d use_icon=\u201don\u201d font_icon=\u201d4||divi||400\u2033 icon_placement=\u201dleft\u201d image_icon_width=\u201d23px\u201d _builder_version=\u201d4.27.5\u2033 background_color=\u201d#f7f7f7\u2033 custom_padding=\u201d10px|||50px|false|false\u201d animation_direction=\u201dtop\u201d hover_enabled=\u201d0\u2033 icon_font_size=\u201d23px\u201d global_colors_info=\u201d{}\u201d admin_label=\u201d2023\u2033 sticky_enabled=\u201d0\u2033][\/et_pb_blurb][et_pb_blurb title=\u201dEventos de 2022\u201d url=\u201dhttps:\/\/www.progeriaresearch.org\/2022-events\/\u201d use_icon=\u201don\u201d font_icon=\u201d4||divi||400\u2033 icon_placement=\u201dleft\u201d image_icon_width=\u201d23px\u201d _builder_version=\u201d4.27.5\u2033 background_color=\u201d#f7f7f7\u2033 custom_padding=\u201d10px|||50px|false|false\u201d animation_direction=\u201dtop\u201d hover_enabled=\u201d0\u2033 icon_font_size=\u201d23px\u201d global_colors_info=\u201d{}\u201d admin_label=\u201d2022\u2033 sticky_enabled=\u201d0\u2033][\/et_pb_blurb][et_pb_blurb title=\u201dEventos de 2021\u201d url=\u201dhttps:\/\/www.progeriaresearch.org\/2021-events\/\u201d use_icon=\u201don\u201d font_icon=\u201d4||divi||400\u2033 icon_placement=\u201dleft\u201d image_icon_width=\u201d23px\u201d _builder_version=\u201d4.27.5\u2033 background_color=\u201d#f7f7f7\u2033 custom_padding=\u201d10px|||50px|false|false\u201d animation_direction=\u201dtop\u201d hover_enabled=\u201d0\u2033 icon_font_size=\u201d23px\u201d global_colors_info=\u201d{}\u201d admin_label=\u201d2021\u2033 sticky_enabled=\u201d0\u2033][\/et_pb_blurb][et_pb_blurb title=\u201dEventos de 2020\u201d url=\u201dhttps:\/\/www.progeriaresearch.org\/2020-events\/\u201d use_icon=\u201don\u201d font_icon=\u201d4||divi||400\u2033 icon_placement=\u201dleft\u201d image_icon_width=\u201d23px\u201d _builder_version=\u201d4.27.5\u2033 background_color=\u201d#f7f7f7\u2033 custom_padding=\u201d10px|||50px|false|false\u201d animation_direction=\u201dtop\u201d hover_enabled=\u201d0\u2033 icon_font_size=\u201d23px\u201d global_colors_info=\u201d{}\u201d admin_label=\u201d2020\u2033 sticky_enabled=\u201d0\u2033][\/et_pb_blurb][et_pb_blurb title=\u201dEventos de 2019\u201d url=\u201dhttps:\/\/www.progeriaresearch.org\/2019-events\/\u201d use_icon=\u201don\u201d font_icon=\u201d4||divi||400\u2033 icon_placement=\u201dleft\u201d image_icon_width=\u201d23px\u201d _builder_version=\u201d4.16\u2033 background_color=\u201d#f7f7f7\u2033 custom_padding=\u201d10px|||50px|false|false\u201d animation_direction=\u201dtop\u201d icon_font_size=\u201d23px\u201d global_colors_info=\u201d{}\u201d][\/et_pb_blurb][\/et_pb_column][\/et_pb_section][et_pb_section fb_built=\u201d1\u2033 module_class=\u201dfooter\u201d _builder_version=\u201d4.21.0\u2033 background_color=\u201d#29327a\u201d margem_personalizada=\u201d-2px|||||\u201d custom_padding=\u201d0|0px|0|0px|false|false\u201d z_index_tablet=\u201d500\u2033 border_width_top=\u201d12px\u201d border_color_top=\u201d#00b2e2\u2033 global_module=\u201d133\u2033 locked=\u201doff\u201d global_colors_info=\u201d{}\u201d][et_pb_row column_structure=\u201d1_4,1_4,1_2\u2033 make_equal=\u201don\u201d module_class=\u201d et_pb_row_fullwidth\u201d _builder_version=\u201d4.16\u2033 width=\u201d89%\u201d width_tablet=\u201d80%\u201d width_phone=\u201d\u201d width_last_edited=\u201don|desktop\u201d max_width=\u201d89%\u201d max_width_tablet=\u201d80%\u201d max_width_phone=\u201d\u201d max_width_last_edited=\u201don|desktop\u201d z_index_tablet=\u201d500\u2033 make_fullwidth=\u201don\u201d width_unit=\u201doff\u201d custom_width_percent=\u201d100%\u201d global_colors_info=\u201d{}\u201d][et_pb_column type=\u201d1_4\u2033 _builder_version=\u201d4.16\u2033 custom_padding=\u201d|||\u201d global_colors_info=\u201d{}\u201d custom_padding__hover=\u201d|||\u201d][et_pb_cta button_url=\u201dhttps:\/\/lp.constantcontactpages.com\/sl\/88gWWwz\u201d button_text=\u201dCadastre-se agora\u201d admin_label=\u201dInscreva-se para receber atualiza\u00e7\u00f5es\u201d module_class=\u201dsign-btn\u201d _builder_version=\u201d4.27.4\u2033 header_font_size=\u201d25px\u201d background_color=\u201d#29327a\u201d animation_style=\u201dslide\u201d animation_direction=\u201dleft\u201d animation_intensity_slide=\u201d25%\u201d link_option_url=\u201dhttps:\/\/lp.constantcontactpages.com\/sl\/88gWWwz\u201d header_font_size_tablet=\u201d\u201d header_font_size_phone=\u201d30px\u201d header_font_size_last_edited=\u201don|desktop\u201d z_index_tablet=\u201d500\u2033 border_radii=\u201don|25px|25px|25px|25px\u201d global_colors_info=\u201d{}\u201d button_bg_color__hover_enabled=\u201don\u201d button_bg_color__hover=\u201d#8fd2ed\u201d button_border_color__hover_enabled=\u201don\u201d]<\/p>\n<h2>Inscrever-se<\/h2>\n<h2>para o nosso<\/h2>\n<h2>Atualiza\u00e7\u00f5es!<\/h2>\n<p>[\/et_pb_cta][\/et_pb_column][et_pb_column type=\u201d1_4\u2033 _builder_version=\u201d4.16\u2033 custom_padding=\u201d|||\u201d global_colors_info=\u201d{}\u201d custom_padding__hover=\u201d|||\u201d][et_pb_cta button_url=\u201dhttps:\/\/progeriaresearch.donorsupport.co\/-\/XZHJVWZR\u201d button_text=\u201dDoe agora\u201d admin_label=\u201dJuntos, encontraremos a cura!\u201d module_class=\u201dsign-btn\u201d _builder_version=\u201d4.16\u2033 header_font_size=\u201d25px\u201d background_color=\u201d#29327a\u201d animation_style=\u201dslide\u201d animation_direction=\u201dleft\u201d animation_intensity_slide=\u201d25%\u201d header_font_size_tablet=\u201d\u201d header_font_size_phone=\u201d30px\u201d header_font_size_last_edited=\u201don|desktop\u201d body_font_size_tablet=\u201d\u201d body_font_size_phone=\u201d\u201d body_font_size_last_edited=\u201don|desktop\u201d z_index_tablet=\u201d500\u2033 border_radii=\u201don|25px|25px|25px|25px\u201d global_colors_info=\u201d{}\u201d button_bg_color__hover_enabled=\u201don\u201d bot\u00e3o_bg_color__hover=\u201d#8fd2ed\u201d bot\u00e3o_border_color__hover_enabled=\u201don\u201d]<\/p>\n<h2>Juntos, n\u00f3s<\/h2>\n<h2><em>VAI<\/em><\/h2>\n<h2>encontre a cura!<\/h2>\n<p>[\/et_pb_cta][\/et_pb_column][et_pb_column tipo=\u201d1_2\u2033 _builder_version=\u201d4.16\u2033 custom_padding=\u201d|||\u201d global_colors_info=\u201d{}\u201d custom_padding__hover=\u201d|||\u201d][et_pb_image src=\u201dhttps:\/\/www.progeriaresearch.org\/wp-content\/uploads\/2025\/05\/2025-strip-for-website-footer-no-years.png\u201d title_text=\u201dFaixa de rodap\u00e9 de site de 2025 sem anos\u201d _builder_version=\u201d4.27.4\u2033 _module_preset=\u201ddefault\u201d custom_margin=\u201d35px||||false|false\u201d global_colors_info=\u201d{}\u201d][\/et_pb_image][\/et_pb_column][\/et_pb_row][\/et_pb_section]<\/p>","protected":false},"excerpt":{"rendered":"<p>Eventos de 2024 14 de setembro de 2024, Peabody, MA: 23\u00aa Corrida Internacional Anual da PRF para Pesquisa 18 de agosto de 2024, Falmouth, MA: A Equipe PRF participa da Corrida de Rua de Falmouth 1\u00ba de junho a 15 de julho de 2024: Campanha de Meio de Ano ONEpossible 2024 20 de abril de 2024: Gala Noite de Maravilhas: Renaissance Boston Waterfront Hotel, Boston, MA 15 de abril de 2024: Equipe PRF Boston [\u2026]<\/p>","protected":false},"author":2,"featured_media":0,"parent":0,"menu_order":0,"comment_status":"closed","ping_status":"closed","template":"","meta":{"_et_pb_use_builder":"on","_et_pb_old_content":"","_et_gb_content_width":"","footnotes":"","_links_to":"","_links_to_target":""},"class_list":["post-18639","page","type-page","status-publish","hentry"],"yoast_head":"<!-- This site is optimized with the Yoast SEO plugin v26.8 - https:\/\/yoast.com\/product\/yoast-seo-wordpress\/ -->\n<title>2024 Events | The Progeria Research Foundation<\/title>\n<meta name=\"robots\" content=\"index, follow, max-snippet:-1, max-image-preview:large, max-video-preview:-1\" \/>\n<link rel=\"canonical\" href=\"https:\/\/www.progeriaresearch.org\/pt\/2024-events\/\" \/>\n<meta property=\"og:locale\" content=\"pt_PT\" \/>\n<meta property=\"og:type\" content=\"article\" \/>\n<meta property=\"og:title\" content=\"2024 Events | The Progeria Research Foundation\" \/>\n<meta property=\"og:description\" content=\"2024 Events &nbsp; September 14, 2024, Peabody, MA: PRF\u2019s 23rd Annual International Race for Research August 18, 2024, Falmouth, MA: Team PRF Runs the Falmouth Road Race June 1- July 15, 2024: ONEpossible 2024 Mid-Year Campaign April 20, 2024: Night of Wonder Gala:\u00a0 , Renaissance Boston Waterfront Hotel, Boston, MA April 15, 2024:\u00a0Team PRF Boston [&hellip;]\" \/>\n<meta property=\"og:url\" content=\"https:\/\/www.progeriaresearch.org\/pt\/2024-events\/\" \/>\n<meta property=\"og:site_name\" content=\"The Progeria Research Foundation\" \/>\n<meta property=\"article:publisher\" content=\"https:\/\/www.facebook.com\/ProgeriaResearch\/\" \/>\n<meta property=\"article:modified_time\" content=\"2026-02-19T21:23:56+00:00\" \/>\n<meta name=\"twitter:card\" content=\"summary_large_image\" \/>\n<meta name=\"twitter:site\" content=\"@Progeria\" \/>\n<meta name=\"twitter:label1\" content=\"Est. reading time\" \/>\n\t<meta name=\"twitter:data1\" content=\"1 minuto\" \/>\n<script type=\"application\/ld+json\" class=\"yoast-schema-graph\">{\"@context\":\"https:\/\/schema.org\",\"@graph\":[{\"@type\":\"WebPage\",\"@id\":\"https:\/\/www.progeriaresearch.org\/fr\/2024-events\/\",\"url\":\"https:\/\/www.progeriaresearch.org\/fr\/2024-events\/\",\"name\":\"2024 Events | The Progeria Research Foundation\",\"isPartOf\":{\"@id\":\"https:\/\/www.progeriaresearch.org\/ta\/#website\"},\"datePublished\":\"2024-04-16T19:52:21+00:00\",\"dateModified\":\"2026-02-19T21:23:56+00:00\",\"breadcrumb\":{\"@id\":\"https:\/\/www.progeriaresearch.org\/fr\/2024-events\/#breadcrumb\"},\"inLanguage\":\"pt-PT\",\"potentialAction\":[{\"@type\":\"ReadAction\",\"target\":[\"https:\/\/www.progeriaresearch.org\/fr\/2024-events\/\"]}]},{\"@type\":\"BreadcrumbList\",\"@id\":\"https:\/\/www.progeriaresearch.org\/fr\/2024-events\/#breadcrumb\",\"itemListElement\":[{\"@type\":\"ListItem\",\"position\":1,\"name\":\"Home\",\"item\":\"https:\/\/www.progeriaresearch.org\/\"},{\"@type\":\"ListItem\",\"position\":2,\"name\":\"2024 Events\"}]},{\"@type\":\"WebSite\",\"@id\":\"https:\/\/www.progeriaresearch.org\/ta\/#website\",\"url\":\"https:\/\/www.progeriaresearch.org\/ta\/\",\"name\":\"The Progeria Research Foundation\",\"description\":\"For the Children \u2665 For the Cure\",\"publisher\":{\"@id\":\"https:\/\/www.progeriaresearch.org\/ta\/#organization\"},\"potentialAction\":[{\"@type\":\"SearchAction\",\"target\":{\"@type\":\"EntryPoint\",\"urlTemplate\":\"https:\/\/www.progeriaresearch.org\/ta\/?s={search_term_string}\"},\"query-input\":{\"@type\":\"PropertyValueSpecification\",\"valueRequired\":true,\"valueName\":\"search_term_string\"}}],\"inLanguage\":\"pt-PT\"},{\"@type\":\"Organization\",\"@id\":\"https:\/\/www.progeriaresearch.org\/ta\/#organization\",\"name\":\"The Progeria Research Foundation\",\"url\":\"https:\/\/www.progeriaresearch.org\/ta\/\",\"logo\":{\"@type\":\"ImageObject\",\"inLanguage\":\"pt-PT\",\"@id\":\"https:\/\/www.progeriaresearch.org\/ta\/#\/schema\/logo\/image\/\",\"url\":\"https:\/\/www.progeriaresearch.org\/wp-content\/uploads\/2019\/05\/PRF_Logo_2019_optimized.png\",\"contentUrl\":\"https:\/\/www.progeriaresearch.org\/wp-content\/uploads\/2019\/05\/PRF_Logo_2019_optimized.png\",\"width\":300,\"height\":86,\"caption\":\"The Progeria Research Foundation\"},\"image\":{\"@id\":\"https:\/\/www.progeriaresearch.org\/ta\/#\/schema\/logo\/image\/\"},\"sameAs\":[\"https:\/\/www.facebook.com\/ProgeriaResearch\/\",\"https:\/\/x.com\/Progeria\",\"https:\/\/www.instagram.com\/progeriaresearch\/\"]}]}<\/script>\n<!-- \/ Yoast SEO plugin. -->","yoast_head_json":{"title":"Eventos de 2024 | Funda\u00e7\u00e3o de Pesquisa sobre Progeria","robots":{"index":"index","follow":"follow","max-snippet":"max-snippet:-1","max-image-preview":"max-image-preview:large","max-video-preview":"max-video-preview:-1"},"canonical":"https:\/\/www.progeriaresearch.org\/pt\/2024-events\/","og_locale":"pt_PT","og_type":"article","og_title":"2024 Events | The Progeria Research Foundation","og_description":"2024 Events &nbsp; September 14, 2024, Peabody, MA: PRF\u2019s 23rd Annual International Race for Research August 18, 2024, Falmouth, MA: Team PRF Runs the Falmouth Road Race June 1- July 15, 2024: ONEpossible 2024 Mid-Year Campaign April 20, 2024: Night of Wonder Gala:\u00a0 , Renaissance Boston Waterfront Hotel, Boston, MA April 15, 2024:\u00a0Team PRF Boston [&hellip;]","og_url":"https:\/\/www.progeriaresearch.org\/pt\/2024-events\/","og_site_name":"The Progeria Research Foundation","article_publisher":"https:\/\/www.facebook.com\/ProgeriaResearch\/","article_modified_time":"2026-02-19T21:23:56+00:00","twitter_card":"summary_large_image","twitter_site":"@Progeria","twitter_misc":{"Est. reading time":"1 minuto"},"schema":{"@context":"https:\/\/schema.org","@graph":[{"@type":"WebPage","@id":"https:\/\/www.progeriaresearch.org\/fr\/2024-events\/","url":"https:\/\/www.progeriaresearch.org\/fr\/2024-events\/","name":"Eventos de 2024 | Funda\u00e7\u00e3o de Pesquisa sobre Progeria","isPartOf":{"@id":"https:\/\/www.progeriaresearch.org\/ta\/#website"},"datePublished":"2024-04-16T19:52:21+00:00","dateModified":"2026-02-19T21:23:56+00:00","breadcrumb":{"@id":"https:\/\/www.progeriaresearch.org\/fr\/2024-events\/#breadcrumb"},"inLanguage":"pt-PT","potentialAction":[{"@type":"ReadAction","target":["https:\/\/www.progeriaresearch.org\/fr\/2024-events\/"]}]},{"@type":"BreadcrumbList","@id":"https:\/\/www.progeriaresearch.org\/fr\/2024-events\/#breadcrumb","itemListElement":[{"@type":"ListItem","position":1,"name":"Home","item":"https:\/\/www.progeriaresearch.org\/"},{"@type":"ListItem","position":2,"name":"2024 Events"}]},{"@type":"WebSite","@id":"https:\/\/www.progeriaresearch.org\/ta\/#website","url":"https:\/\/www.progeriaresearch.org\/ta\/","name":"Funda\u00e7\u00e3o de Pesquisa Progeria","description":"Pelas Crian\u00e7as \u2665 Pela Cura","publisher":{"@id":"https:\/\/www.progeriaresearch.org\/ta\/#organization"},"potentialAction":[{"@type":"SearchAction","target":{"@type":"EntryPoint","urlTemplate":"https:\/\/www.progeriaresearch.org\/ta\/?s={search_term_string}"},"query-input":{"@type":"PropertyValueSpecification","valueRequired":true,"valueName":"search_term_string"}}],"inLanguage":"pt-PT"},{"@type":"Organization","@id":"https:\/\/www.progeriaresearch.org\/ta\/#organization","name":"Funda\u00e7\u00e3o de Pesquisa Progeria","url":"https:\/\/www.progeriaresearch.org\/ta\/","logo":{"@type":"ImageObject","inLanguage":"pt-PT","@id":"https:\/\/www.progeriaresearch.org\/ta\/#\/schema\/logo\/image\/","url":"https:\/\/www.progeriaresearch.org\/wp-content\/uploads\/2019\/05\/PRF_Logo_2019_optimized.png","contentUrl":"https:\/\/www.progeriaresearch.org\/wp-content\/uploads\/2019\/05\/PRF_Logo_2019_optimized.png","width":300,"height":86,"caption":"The Progeria Research Foundation"},"image":{"@id":"https:\/\/www.progeriaresearch.org\/ta\/#\/schema\/logo\/image\/"},"sameAs":["https:\/\/www.facebook.com\/ProgeriaResearch\/","https:\/\/x.com\/Progeria","https:\/\/www.instagram.com\/progeriaresearch\/"]}]}},"_links":{"self":[{"href":"https:\/\/www.progeriaresearch.org\/pt\/wp-json\/wp\/v2\/pages\/18639","targetHints":{"allow":["GET"]}}],"collection":[{"href":"https:\/\/www.progeriaresearch.org\/pt\/wp-json\/wp\/v2\/pages"}],"about":[{"href":"https:\/\/www.progeriaresearch.org\/pt\/wp-json\/wp\/v2\/types\/page"}],"author":[{"embeddable":true,"href":"https:\/\/www.progeriaresearch.org\/pt\/wp-json\/wp\/v2\/users\/2"}],"replies":[{"embeddable":true,"href":"https:\/\/www.progeriaresearch.org\/pt\/wp-json\/wp\/v2\/comments?post=18639"}],"version-history":[{"count":3,"href":"https:\/\/www.progeriaresearch.org\/pt\/wp-json\/wp\/v2\/pages\/18639\/revisions"}],"predecessor-version":[{"id":21370,"href":"https:\/\/www.progeriaresearch.org\/pt\/wp-json\/wp\/v2\/pages\/18639\/revisions\/21370"}],"wp:attachment":[{"href":"https:\/\/www.progeriaresearch.org\/pt\/wp-json\/wp\/v2\/media?parent=18639"}],"curies":[{"name":"wp","href":"https:\/\/api.w.org\/{rel}","templated":true}]}}