{"id":1874,"date":"2017-05-09T19:43:49","date_gmt":"2017-05-09T19:43:49","guid":{"rendered":"https:\/\/www.progeriaresearch.org\/?page_id=1874"},"modified":"2023-09-22T10:33:19","modified_gmt":"2023-09-22T14:33:19","slug":"workshop-2013","status":"publish","type":"page","link":"https:\/\/www.progeriaresearch.org\/pt\/workshop-2013\/","title":{"rendered":"Oficina 2013"},"content":{"rendered":"<p>Um n\u00famero recorde de cl\u00ednicos e pesquisadores se reuniu do mundo todo para compartilhar os dados mais recentes e preparar o cen\u00e1rio para esfor\u00e7os futuros que nos levem aos tratamentos e \u00e0 cura.<\/p>\n<p><img loading=\"lazy\" decoding=\"async\" class=\"alignnone size-medium wp-image-1875\" src=\"https:\/\/www.progeriaresearch.org\/wp-content\/uploads\/2017\/05\/PRF-workshop-announcement-1-240x300.jpg\" alt=\"\" width=\"240\" height=\"300\" srcset=\"https:\/\/www.progeriaresearch.org\/wp-content\/uploads\/2017\/05\/PRF-workshop-announcement-1-240x300.jpg 240w, https:\/\/www.progeriaresearch.org\/wp-content\/uploads\/2017\/05\/PRF-workshop-announcement-1.jpg 588w\" sizes=\"(max-width: 240px) 100vw, 240px\" \/><\/p>\n<ul>\n<li><a href=\"https:\/\/www.progeriaresearch.org\/pt\/scientific-meetings\/\">Reuni\u00f5es Passadas<\/a><\/li>\n<\/ul>","protected":false},"excerpt":{"rendered":"<p>A record number of clinicians and researchers gathered from all over the world to share the latest data, and set the stage for future efforts to get us to treatments and the cure. Past Meetings<\/p>","protected":false},"author":1,"featured_media":0,"parent":0,"menu_order":0,"comment_status":"closed","ping_status":"closed","template":"","meta":{"_et_pb_use_builder":"","_et_pb_old_content":"","_et_gb_content_width":"","footnotes":"","_links_to":"","_links_to_target":""},"class_list":["post-1874","page","type-page","status-publish","hentry"],"yoast_head":"<!-- This site is optimized with the Yoast SEO plugin v26.8 - https:\/\/yoast.com\/product\/yoast-seo-wordpress\/ -->\n<title>workshop 2013 | The Progeria Research Foundation<\/title>\n<meta name=\"robots\" content=\"index, follow, max-snippet:-1, max-image-preview:large, max-video-preview:-1\" \/>\n<link rel=\"canonical\" href=\"https:\/\/www.progeriaresearch.org\/pt\/workshop-2013\/\" \/>\n<meta property=\"og:locale\" content=\"pt_PT\" \/>\n<meta property=\"og:type\" content=\"article\" \/>\n<meta property=\"og:title\" content=\"workshop 2013 | The Progeria Research Foundation\" \/>\n<meta property=\"og:description\" content=\"A record number of clinicians and researchers gathered from all over the world to share the latest data, and set the stage for future efforts to get us to treatments and the cure. Past Meetings\" \/>\n<meta property=\"og:url\" content=\"https:\/\/www.progeriaresearch.org\/pt\/workshop-2013\/\" \/>\n<meta property=\"og:site_name\" content=\"The Progeria Research Foundation\" \/>\n<meta property=\"article:publisher\" content=\"https:\/\/www.facebook.com\/ProgeriaResearch\/\" \/>\n<meta property=\"article:modified_time\" content=\"2023-09-22T14:33:19+00:00\" \/>\n<meta property=\"og:image\" content=\"https:\/\/www.progeriaresearch.org\/wp-content\/uploads\/2017\/05\/PRF-workshop-announcement-1-240x300.jpg\" \/>\n<meta name=\"twitter:card\" content=\"summary_large_image\" \/>\n<meta name=\"twitter:site\" content=\"@Progeria\" \/>\n<meta name=\"twitter:label1\" content=\"Est. reading time\" \/>\n\t<meta name=\"twitter:data1\" content=\"1 minuto\" \/>\n<script type=\"application\/ld+json\" class=\"yoast-schema-graph\">{\"@context\":\"https:\/\/schema.org\",\"@graph\":[{\"@type\":\"WebPage\",\"@id\":\"https:\/\/www.progeriaresearch.org\/it\/workshop-2013\/\",\"url\":\"https:\/\/www.progeriaresearch.org\/it\/workshop-2013\/\",\"name\":\"workshop 2013 | The Progeria Research Foundation\",\"isPartOf\":{\"@id\":\"https:\/\/www.progeriaresearch.org\/ta\/#website\"},\"primaryImageOfPage\":{\"@id\":\"https:\/\/www.progeriaresearch.org\/it\/workshop-2013\/#primaryimage\"},\"image\":{\"@id\":\"https:\/\/www.progeriaresearch.org\/it\/workshop-2013\/#primaryimage\"},\"thumbnailUrl\":\"https:\/\/www.progeriaresearch.org\/wp-content\/uploads\/2017\/05\/PRF-workshop-announcement-1-240x300.jpg\",\"datePublished\":\"2017-05-09T19:43:49+00:00\",\"dateModified\":\"2023-09-22T14:33:19+00:00\",\"breadcrumb\":{\"@id\":\"https:\/\/www.progeriaresearch.org\/it\/workshop-2013\/#breadcrumb\"},\"inLanguage\":\"pt-PT\",\"potentialAction\":[{\"@type\":\"ReadAction\",\"target\":[\"https:\/\/www.progeriaresearch.org\/it\/workshop-2013\/\"]}]},{\"@type\":\"ImageObject\",\"inLanguage\":\"pt-PT\",\"@id\":\"https:\/\/www.progeriaresearch.org\/it\/workshop-2013\/#primaryimage\",\"url\":\"https:\/\/www.progeriaresearch.org\/wp-content\/uploads\/2017\/05\/PRF-workshop-announcement-1-240x300.jpg\",\"contentUrl\":\"https:\/\/www.progeriaresearch.org\/wp-content\/uploads\/2017\/05\/PRF-workshop-announcement-1-240x300.jpg\"},{\"@type\":\"BreadcrumbList\",\"@id\":\"https:\/\/www.progeriaresearch.org\/it\/workshop-2013\/#breadcrumb\",\"itemListElement\":[{\"@type\":\"ListItem\",\"position\":1,\"name\":\"Home\",\"item\":\"https:\/\/www.progeriaresearch.org\/\"},{\"@type\":\"ListItem\",\"position\":2,\"name\":\"Workshop 2013\"}]},{\"@type\":\"WebSite\",\"@id\":\"https:\/\/www.progeriaresearch.org\/ta\/#website\",\"url\":\"https:\/\/www.progeriaresearch.org\/ta\/\",\"name\":\"The Progeria Research Foundation\",\"description\":\"For the Children \u2665 For the Cure\",\"publisher\":{\"@id\":\"https:\/\/www.progeriaresearch.org\/ta\/#organization\"},\"potentialAction\":[{\"@type\":\"SearchAction\",\"target\":{\"@type\":\"EntryPoint\",\"urlTemplate\":\"https:\/\/www.progeriaresearch.org\/ta\/?s={search_term_string}\"},\"query-input\":{\"@type\":\"PropertyValueSpecification\",\"valueRequired\":true,\"valueName\":\"search_term_string\"}}],\"inLanguage\":\"pt-PT\"},{\"@type\":\"Organization\",\"@id\":\"https:\/\/www.progeriaresearch.org\/ta\/#organization\",\"name\":\"The Progeria Research Foundation\",\"url\":\"https:\/\/www.progeriaresearch.org\/ta\/\",\"logo\":{\"@type\":\"ImageObject\",\"inLanguage\":\"pt-PT\",\"@id\":\"https:\/\/www.progeriaresearch.org\/ta\/#\/schema\/logo\/image\/\",\"url\":\"https:\/\/www.progeriaresearch.org\/wp-content\/uploads\/2019\/05\/PRF_Logo_2019_optimized.png\",\"contentUrl\":\"https:\/\/www.progeriaresearch.org\/wp-content\/uploads\/2019\/05\/PRF_Logo_2019_optimized.png\",\"width\":300,\"height\":86,\"caption\":\"The Progeria Research Foundation\"},\"image\":{\"@id\":\"https:\/\/www.progeriaresearch.org\/ta\/#\/schema\/logo\/image\/\"},\"sameAs\":[\"https:\/\/www.facebook.com\/ProgeriaResearch\/\",\"https:\/\/x.com\/Progeria\",\"https:\/\/www.instagram.com\/progeriaresearch\/\"]}]}<\/script>\n<!-- \/ Yoast SEO plugin. -->","yoast_head_json":{"title":"workshop 2013 | The Progeria Research Foundation","robots":{"index":"index","follow":"follow","max-snippet":"max-snippet:-1","max-image-preview":"max-image-preview:large","max-video-preview":"max-video-preview:-1"},"canonical":"https:\/\/www.progeriaresearch.org\/pt\/workshop-2013\/","og_locale":"pt_PT","og_type":"article","og_title":"workshop 2013 | The Progeria Research Foundation","og_description":"A record number of clinicians and researchers gathered from all over the world to share the latest data, and set the stage for future efforts to get us to treatments and the cure. Past Meetings","og_url":"https:\/\/www.progeriaresearch.org\/pt\/workshop-2013\/","og_site_name":"The Progeria Research Foundation","article_publisher":"https:\/\/www.facebook.com\/ProgeriaResearch\/","article_modified_time":"2023-09-22T14:33:19+00:00","og_image":[{"url":"https:\/\/www.progeriaresearch.org\/wp-content\/uploads\/2017\/05\/PRF-workshop-announcement-1-240x300.jpg","type":"","width":"","height":""}],"twitter_card":"summary_large_image","twitter_site":"@Progeria","twitter_misc":{"Est. reading time":"1 minuto"},"schema":{"@context":"https:\/\/schema.org","@graph":[{"@type":"WebPage","@id":"https:\/\/www.progeriaresearch.org\/it\/workshop-2013\/","url":"https:\/\/www.progeriaresearch.org\/it\/workshop-2013\/","name":"workshop 2013 | The Progeria Research Foundation","isPartOf":{"@id":"https:\/\/www.progeriaresearch.org\/ta\/#website"},"primaryImageOfPage":{"@id":"https:\/\/www.progeriaresearch.org\/it\/workshop-2013\/#primaryimage"},"image":{"@id":"https:\/\/www.progeriaresearch.org\/it\/workshop-2013\/#primaryimage"},"thumbnailUrl":"https:\/\/www.progeriaresearch.org\/wp-content\/uploads\/2017\/05\/PRF-workshop-announcement-1-240x300.jpg","datePublished":"2017-05-09T19:43:49+00:00","dateModified":"2023-09-22T14:33:19+00:00","breadcrumb":{"@id":"https:\/\/www.progeriaresearch.org\/it\/workshop-2013\/#breadcrumb"},"inLanguage":"pt-PT","potentialAction":[{"@type":"ReadAction","target":["https:\/\/www.progeriaresearch.org\/it\/workshop-2013\/"]}]},{"@type":"ImageObject","inLanguage":"pt-PT","@id":"https:\/\/www.progeriaresearch.org\/it\/workshop-2013\/#primaryimage","url":"https:\/\/www.progeriaresearch.org\/wp-content\/uploads\/2017\/05\/PRF-workshop-announcement-1-240x300.jpg","contentUrl":"https:\/\/www.progeriaresearch.org\/wp-content\/uploads\/2017\/05\/PRF-workshop-announcement-1-240x300.jpg"},{"@type":"BreadcrumbList","@id":"https:\/\/www.progeriaresearch.org\/it\/workshop-2013\/#breadcrumb","itemListElement":[{"@type":"ListItem","position":1,"name":"Home","item":"https:\/\/www.progeriaresearch.org\/"},{"@type":"ListItem","position":2,"name":"Workshop 2013"}]},{"@type":"WebSite","@id":"https:\/\/www.progeriaresearch.org\/ta\/#website","url":"https:\/\/www.progeriaresearch.org\/ta\/","name":"Funda\u00e7\u00e3o de Pesquisa Progeria","description":"Pelas Crian\u00e7as \u2665 Pela Cura","publisher":{"@id":"https:\/\/www.progeriaresearch.org\/ta\/#organization"},"potentialAction":[{"@type":"SearchAction","target":{"@type":"EntryPoint","urlTemplate":"https:\/\/www.progeriaresearch.org\/ta\/?s={search_term_string}"},"query-input":{"@type":"PropertyValueSpecification","valueRequired":true,"valueName":"search_term_string"}}],"inLanguage":"pt-PT"},{"@type":"Organization","@id":"https:\/\/www.progeriaresearch.org\/ta\/#organization","name":"Funda\u00e7\u00e3o de Pesquisa Progeria","url":"https:\/\/www.progeriaresearch.org\/ta\/","logo":{"@type":"ImageObject","inLanguage":"pt-PT","@id":"https:\/\/www.progeriaresearch.org\/ta\/#\/schema\/logo\/image\/","url":"https:\/\/www.progeriaresearch.org\/wp-content\/uploads\/2019\/05\/PRF_Logo_2019_optimized.png","contentUrl":"https:\/\/www.progeriaresearch.org\/wp-content\/uploads\/2019\/05\/PRF_Logo_2019_optimized.png","width":300,"height":86,"caption":"The Progeria Research Foundation"},"image":{"@id":"https:\/\/www.progeriaresearch.org\/ta\/#\/schema\/logo\/image\/"},"sameAs":["https:\/\/www.facebook.com\/ProgeriaResearch\/","https:\/\/x.com\/Progeria","https:\/\/www.instagram.com\/progeriaresearch\/"]}]}},"_links":{"self":[{"href":"https:\/\/www.progeriaresearch.org\/pt\/wp-json\/wp\/v2\/pages\/1874","targetHints":{"allow":["GET"]}}],"collection":[{"href":"https:\/\/www.progeriaresearch.org\/pt\/wp-json\/wp\/v2\/pages"}],"about":[{"href":"https:\/\/www.progeriaresearch.org\/pt\/wp-json\/wp\/v2\/types\/page"}],"author":[{"embeddable":true,"href":"https:\/\/www.progeriaresearch.org\/pt\/wp-json\/wp\/v2\/users\/1"}],"replies":[{"embeddable":true,"href":"https:\/\/www.progeriaresearch.org\/pt\/wp-json\/wp\/v2\/comments?post=1874"}],"version-history":[{"count":0,"href":"https:\/\/www.progeriaresearch.org\/pt\/wp-json\/wp\/v2\/pages\/1874\/revisions"}],"wp:attachment":[{"href":"https:\/\/www.progeriaresearch.org\/pt\/wp-json\/wp\/v2\/media?parent=1874"}],"curies":[{"name":"wp","href":"https:\/\/api.w.org\/{rel}","templated":true}]}}