{"id":20098,"date":"2025-02-20T10:57:00","date_gmt":"2025-02-20T15:57:00","guid":{"rendered":"https:\/\/www.progeriaresearch.org\/?page_id=20098"},"modified":"2025-10-23T12:14:45","modified_gmt":"2025-10-23T16:14:45","slug":"poster-abstract","status":"publish","type":"page","link":"https:\/\/www.progeriaresearch.org\/pt\/poster-abstract\/","title":{"rendered":"Resumo do p\u00f4ster"},"content":{"rendered":"<p>[et_pb_section fb_built=\u201d1\u2033 fullwidth=\u201don\u201d disabled_on=\u201doff|off|off\u201d _builder_version=\u201d4.16\u2033 border_width_bottom=\u201d55px\u201d border_color_bottom=\u201d#29327a\u201d locked=\u201doff\u201d global_colors_info=\u201d{}\u201d][et_pb_fullwidth_image src=\u201dhttps:\/\/www.progeriaresearch.org\/wp-content\/uploads\/2024\/09\/PRF_ScientificMeetingBanner_2025_Final.jpg\u201d title_text=\u201dPRF_ScientificMeetingBanner_2025_Final\u201d _builder_version=\u201d4.27.4\u2033 z_index_tablet=\u201d500\u2033 global_colors_info=\u201d{}\u201d]<br \/>\n[\/et_pb_fullwidth_image][\/et_pb_section][et_pb_section fb_built=\u201d1\u2033 use_custom_gutter=\u201don\u201d gutter_width=\u201d1\u2033 specialty=\u201don\u201d padding_left_1=\u201d35px\u201d padding_left_2=\u201d35px\u201d padding_2_tablet=\u201d|||0px\u201d padding_2_phone=\u201d|||0px\u201d padding_2_last_edited=\u201don|desktop\u201d module_class_1=\u201dsidebar-secondary-nav\u201d module_class=\u201dhandprint-bg\u201d _builder_version=\u201d4.16\u2033 background_image=\u201dhttps:\/\/www.progeriaresearch.org\/wp-content\/uploads\/2019\/04\/blue-handprint-only.png\u201d parallax=\u201don\u201d parallax_method=\u201doff\u201d inner_width=\u201d100%\u201d inner_max_width=\u201d100%\u201d custom_margin=\u201d-68px|||||\u201d custom_padding=\u201d0|0px|54px|0px|false|false\u201d z_index_tablet=\u201d500\u2033 border_width_top=\u201d10px\u201d border_color_top=\u201d#8fd2ed\u201d use_custom_width=\u201don\u201d width_unit=\u201doff\u201d custom_width_percent=\u201d100%\u201d global_colors_info=\u201d{}\u201d][et_pb_column type=\u201d1_4\u2033 _builder_version=\u201d4.16\u2033 custom_padding=\u201d|||\u201d global_colors_info=\u201d{}\u201d custom_padding__hover=\u201d|||\u201d][et_pb_sidebar area=\u201det_pb_widget_area_32\u2033 disabled_on=\u201doff|off|off\u201d admin_label=\u201dWorkshop 2025\u2033 module_class=\u201dsubpage-sidebars\u201d _builder_version=\u201d4.24.0\u2033 animation_style=\u201dfade\u201d z_index_tablet=\u201d500\u2033 border_width_right=\u201d5px\u201d locked=\u201doff\u201d global_colors_info=\u201d{}\u201d]<br \/>\n[\/et_pb_sidebar][\/et_pb_column][et_pb_column type=&#8221;3_4&#8243; specialty_columns=&#8221;3&#8243; _builder_version=&#8221;4.16&#8243; custom_padding=&#8221;|||&#8221; global_colors_info=&#8221;{}&#8221; custom_padding__hover=&#8221;|||&#8221;][et_pb_row_inner custom_padding_last_edited=&#8221;on|phone&#8221; _builder_version=&#8221;4.16&#8243; custom_padding=&#8221;39.4375px|35px|35px||false|false&#8221; custom_padding_tablet=&#8221;|35px||35px||true&#8221; custom_padding_phone=&#8221;&#8221; animation_direction=&#8221;top&#8221; global_colors_info=&#8221;{}&#8221;][et_pb_column_inner saved_specialty_column_type=&#8221;3_4&#8243; _builder_version=&#8221;4.16&#8243; custom_padding=&#8221;|||&#8221; global_colors_info=&#8221;{}&#8221; custom_padding__hover=&#8221;|||&#8221;][et_pb_text disabled_on=&#8221;off|off|off&#8221; admin_label=&#8221;Poster Submissions&#8221; _builder_version=&#8221;4.27.4&#8243; text_text_color=&#8221;#000000&#8243; header_font=&#8221;||on||||||&#8221; header_text_color=&#8221;#00b2e2&#8243; background_size=&#8221;initial&#8221; background_position=&#8221;top_left&#8221; background_repeat=&#8221;repeat&#8221; z_index_tablet=&#8221;500&#8243; global_colors_info=&#8221;{}&#8221;]<\/p>\n<h4>Envio de p\u00f4steres<span style=\"color: #ff0000;\"><\/span><\/h4>\n<p><b>O prazo para submiss\u00e3o de p\u00f4steres para o Workshop de 2025 j\u00e1 foi encerrado. Caso tenha alguma d\u00favida sobre sua submiss\u00e3o, entre em contato por e-mail. <a href=\"mailto:workshop@progeriareasearch.org\" title=\"mailto:workshop@progeriareasearch.org\" data-outlook-id=\"a62a1a02-b876-4e14-8167-6653f031ebfe\">workshop@progeriareasearch.org<\/a>.\u00a0<\/b><\/p>\n<p>[\/et_pb_text][et_pb_text disabled_on=&#8221;off|off|off&#8221; admin_label=&#8221;Session Information&#8221; _builder_version=&#8221;4.27.4&#8243; text_text_color=&#8221;#000000&#8243; header_font=&#8221;||on||||||&#8221; header_text_color=&#8221;#00b2e2&#8243; background_size=&#8221;initial&#8221; background_position=&#8221;top_left&#8221; background_repeat=&#8221;repeat&#8221; z_index_tablet=&#8221;500&#8243; global_colors_info=&#8221;{}&#8221;]<\/p>\n<h4><strong>Informa\u00e7\u00f5es da sess\u00e3o<\/strong><span style=\"color: #ff0000;\"><\/span><\/h4>\n<p>Os p\u00f4steres ser\u00e3o apresentados em uma Sess\u00e3o de P\u00f4steres formal e em um formato de Sess\u00e3o Rel\u00e2mpago durante o Workshop. Informa\u00e7\u00f5es sobre o local de exibi\u00e7\u00e3o dos p\u00f4steres ser\u00e3o anunciadas. Os apresentadores dos p\u00f4steres devem planejar chegar ao hotel at\u00e9 as 15h30 na quarta-feira, 29\/10\/25 para pendurar seus p\u00f4steres e verificar a configura\u00e7\u00e3o AV.<\/p>\n<p>O <em>Sess\u00e3o Rel\u00e2mpago<\/em> acontecer\u00e1 durante a noite de abertura na quarta-feira. Esta sess\u00e3o \u00e9 uma oportunidade para todos os apresentadores de p\u00f4steres fazerem uma introdu\u00e7\u00e3o &#039;teaser&#039; para envolver e energizar rapidamente os participantes do workshop sobre o t\u00f3pico de sua pesquisa. O objetivo \u00e9 fornecer um resumo divertido e emocionante do t\u00f3pico de cada apresentador que incentive mais di\u00e1logos posteriormente no programa. Cada apresentador de p\u00f4ster enviar\u00e1 um \u00fanico slide e ter\u00e1 at\u00e9 um minuto para se levantar e motivar os participantes da reuni\u00e3o sobre o t\u00f3pico de seu p\u00f4ster, que ser\u00e1 apresentado no sal\u00e3o de p\u00f4steres na quinta-feira. O slide pode incluir qualquer componente da pesquisa, mas evite simplesmente incluir uma foto de todo o seu p\u00f4ster ou simplesmente um slide de t\u00edtulo. Esta \u00e9 uma \u00f3tima maneira de envolver o grupo em sua pesquisa fant\u00e1stica. Voc\u00ea pode come\u00e7ar com &quot;Venha para o MEU p\u00f4ster porque...&quot;, ou qualquer maneira que voc\u00ea ache que ser\u00e1 nova e divertida.<\/p>\n<p>O formal <em>Sess\u00e3o de p\u00f4steres<\/em> acontecer\u00e1 das 19h \u00e0s 21h na quinta-feira. Os p\u00f4steres ser\u00e3o numerados. Os p\u00f4steres pares ser\u00e3o apresentados na primeira hora e os \u00edmpares ser\u00e3o apresentados na segunda hora. Esta sess\u00e3o \u00e9 uma oportunidade para di\u00e1logo e discuss\u00f5es profundas sobre sua pesquisa.<\/p>\n<p>Os p\u00f4steres permanecer\u00e3o em exposi\u00e7\u00e3o at\u00e9 sexta-feira \u00e0 tarde, \u00e0s 4:00 PM. Os apresentadores dos p\u00f4steres s\u00e3o respons\u00e1veis por remover seus p\u00f4steres ao t\u00e9rmino do Workshop.<\/p>\n<p>[\/et_pb_text][et_pb_text ol_position=&#8221;outside&#8221; ol_item_indent=&#8221;14px&#8221; disabled_on=&#8221;off|off|off&#8221; admin_label=&#8221;Submission Guidelines&#8221; _builder_version=&#8221;4.27.4&#8243; text_text_color=&#8221;#000000&#8243; header_font=&#8221;||on||||||&#8221; header_text_color=&#8221;#00b2e2&#8243; background_size=&#8221;initial&#8221; background_position=&#8221;top_left&#8221; background_repeat=&#8221;repeat&#8221; custom_padding=&#8221;||0px||false|false&#8221; z_index_tablet=&#8221;500&#8243; global_colors_info=&#8221;{}&#8221;]<\/p>\n<h4><strong>Diretrizes de submiss\u00e3o<\/strong><\/h4>\n<h6><\/h6>\n<h6>Envie o formul\u00e1rio abaixo para considera\u00e7\u00e3o e aceita\u00e7\u00e3o na reuni\u00e3o.<\/h6>\n<ol>\n<li style=\"list-style-type: none;\">\n<ol>\n<li>Todos os campos do formul\u00e1rio de envio s\u00e3o obrigat\u00f3rios.<\/li>\n<li>Todos os resumos devem ser escritos em ingl\u00eas (ortografia dos EUA ou do Reino Unido \u00e9 aceit\u00e1vel).<\/li>\n<li>O apresentador do p\u00f4ster \u00e9 respons\u00e1vel por projetar, imprimir e transportar seu pr\u00f3prio p\u00f4ster. Imprima seu p\u00f4ster na orienta\u00e7\u00e3o paisagem em um tamanho m\u00e1ximo de 48\u201d x 36\u201d.<\/li>\n<li>Os apresentadores de p\u00f4steres s\u00e3o respons\u00e1veis por seus pr\u00f3prios arranjos de viagem e registro. O reembolso de viagem n\u00e3o est\u00e1 dispon\u00edvel na PRF para apresentadores de p\u00f4steres. O registro da reuni\u00e3o \u00e9 gratuito e deve ser conclu\u00eddo <a href=\"https:\/\/www.progeriaresearch.org\/pt\/2025registration\/\">aqui<\/a>.<\/li>\n<li>As seguintes informa\u00e7\u00f5es devem ser inclu\u00eddas no p\u00f4ster:\n<ul>\n<li style=\"list-style-type: none;\">\n<ul>\n<li style=\"list-style-type: none;\">\n<ul>\n<li>T\u00edtulo<\/li>\n<li>Autor + Co-autores<\/li>\n<li>Fundo<\/li>\n<li>Objetivos<\/li>\n<li>M\u00e9todos<\/li>\n<li>Resultados<\/li>\n<li>Discuss\u00e3o<\/li>\n<li>Conclus\u00e3o<\/li>\n<li>Refer\u00eancias<\/li>\n<li>Divulga\u00e7\u00e3o de interesses financeiros<\/li>\n<\/ul>\n<\/li>\n<\/ul>\n<\/li>\n<\/ul>\n<\/li>\n<li>O envio dos resumos deve ser feito at\u00e9 quarta-feira, 8 de outubro de 2025, e os autores receber\u00e3o a notifica\u00e7\u00e3o de aceita\u00e7\u00e3o at\u00e9 sexta-feira, 10 de outubro de 2025.<\/li>\n<\/ol>\n<\/li>\n<\/ol>\n<p>[\/et_pb_text][et_pb_dcgd_gravity_divi_module dc_dgfcm_form_id=&#8221;18&#8243; _builder_version=&#8221;4.27.4&#8243; _module_preset=&#8221;default&#8221; global_colors_info=&#8221;{}&#8221; disabled_on=&#8221;on|on|on&#8221; disabled=&#8221;on&#8221;][\/et_pb_dcgd_gravity_divi_module][\/et_pb_column_inner][\/et_pb_row_inner][\/et_pb_column][\/et_pb_section][et_pb_section fb_built=&#8221;1&#8243; module_class=&#8221;footer&#8221; _builder_version=&#8221;4.21.0&#8243; background_color=&#8221;#29327a&#8221; custom_margin=&#8221;-2px|||||&#8221; custom_padding=&#8221;0|0px|0|0px|false|false&#8221; z_index_tablet=&#8221;500&#8243; border_width_top=&#8221;12px&#8221; border_color_top=&#8221;#00b2e2&#8243; global_module=&#8221;133&#8243; locked=&#8221;off&#8221; global_colors_info=&#8221;{}&#8221;][et_pb_row column_structure=&#8221;1_4,1_4,1_2&#8243; make_equal=&#8221;on&#8221; module_class=&#8221; et_pb_row_fullwidth&#8221; _builder_version=&#8221;4.16&#8243; width=&#8221;89%&#8221; width_tablet=&#8221;80%&#8221; width_phone=&#8221;&#8221; width_last_edited=&#8221;on|desktop&#8221; max_width=&#8221;89%&#8221; max_width_tablet=&#8221;80%&#8221; max_width_phone=&#8221;&#8221; max_width_last_edited=&#8221;on|desktop&#8221; z_index_tablet=&#8221;500&#8243; make_fullwidth=&#8221;on&#8221; width_unit=&#8221;off&#8221; custom_width_percent=&#8221;100%&#8221; global_colors_info=&#8221;{}&#8221;][et_pb_column type=&#8221;1_4&#8243; _builder_version=&#8221;4.16&#8243; custom_padding=&#8221;|||&#8221; global_colors_info=&#8221;{}&#8221; custom_padding__hover=&#8221;|||&#8221;][et_pb_cta button_url=&#8221;https:\/\/lp.constantcontactpages.com\/sl\/88gWWwz&#8221; button_text=&#8221;Sign Up Now&#8221; admin_label=&#8221;Sign Up for Updates&#8221; module_class=&#8221;sign-btn&#8221; _builder_version=&#8221;4.27.4&#8243; header_font_size=&#8221;25px&#8221; background_color=&#8221;#29327a&#8221; animation_style=&#8221;slide&#8221; animation_direction=&#8221;left&#8221; animation_intensity_slide=&#8221;25%&#8221; link_option_url=&#8221;https:\/\/lp.constantcontactpages.com\/sl\/88gWWwz&#8221; header_font_size_tablet=&#8221;&#8221; header_font_size_phone=&#8221;30px&#8221; header_font_size_last_edited=&#8221;on|desktop&#8221; z_index_tablet=&#8221;500&#8243; border_radii=&#8221;on|25px|25px|25px|25px&#8221; global_colors_info=&#8221;{}&#8221; button_bg_color__hover_enabled=&#8221;on&#8221; button_bg_color__hover=&#8221;#8fd2ed&#8221; button_border_color__hover_enabled=&#8221;on&#8221;]<\/p>\n<h2>Inscrever-se<\/h2>\n<h2>para o nosso<\/h2>\n<h2>Atualiza\u00e7\u00f5es!<\/h2>\n<p>[\/et_pb_cta][\/et_pb_column][et_pb_column type=\u201d1_4\u2033 _builder_version=\u201d4.16\u2033 custom_padding=\u201d|||\u201d global_colors_info=\u201d{}\u201d custom_padding__hover=\u201d|||\u201d][et_pb_cta button_url=\u201dhttps:\/\/progeriaresearch.donorsupport.co\/-\/XZHJVWZR\u201d button_text=\u201dDoe agora\u201d admin_label=\u201dJuntos, encontraremos a cura!\u201d module_class=\u201dsign-btn\u201d _builder_version=\u201d4.16\u2033 header_font_size=\u201d25px\u201d background_color=\u201d#29327a\u201d animation_style=\u201dslide\u201d animation_direction=\u201dleft\u201d animation_intensity_slide=\u201d25%\u201d header_font_size_tablet=\u201d\u201d header_font_size_phone=\u201d30px\u201d header_font_size_last_edited=\u201don|desktop\u201d body_font_size_tablet=\u201d\u201d body_font_size_phone=\u201d\u201d body_font_size_last_edited=\u201don|desktop\u201d z_index_tablet=\u201d500\u2033 border_radii=\u201don|25px|25px|25px|25px\u201d global_colors_info=\u201d{}\u201d button_bg_color__hover_enabled=\u201don\u201d bot\u00e3o_bg_color__hover=\u201d#8fd2ed\u201d bot\u00e3o_border_color__hover_enabled=\u201don\u201d]<\/p>\n<h2>Juntos, n\u00f3s<\/h2>\n<h2><em>VAI<\/em><\/h2>\n<h2>encontre a cura!<\/h2>\n<p>[\/et_pb_cta][\/et_pb_column][et_pb_column tipo=\u201d1_2\u2033 _builder_version=\u201d4.16\u2033 custom_padding=\u201d|||\u201d global_colors_info=\u201d{}\u201d custom_padding__hover=\u201d|||\u201d][et_pb_image src=\u201dhttps:\/\/www.progeriaresearch.org\/wp-content\/uploads\/2025\/05\/2025-strip-for-website-footer-no-years.png\u201d title_text=\u201dFaixa de rodap\u00e9 de site de 2025 sem anos\u201d _builder_version=\u201d4.27.4\u2033 _module_preset=\u201ddefault\u201d custom_margin=\u201d35px||||false|false\u201d global_colors_info=\u201d{}\u201d][\/et_pb_image][\/et_pb_column][\/et_pb_row][\/et_pb_section]<\/p>","protected":false},"excerpt":{"rendered":"<p>Poster Submissions Poster submissions for the 2025 Workshop are now closed. If you have questions about your submission, please email workshop@progeriareasearch.org.\u00a0Session Information Posters will be presented in a formal Poster Session and in a Lightning Session format during the Workshop. Poster display location information TBA. Poster presenters should plan to arrive at the hotel no [&hellip;]<\/p>","protected":false},"author":2,"featured_media":0,"parent":0,"menu_order":0,"comment_status":"closed","ping_status":"closed","template":"","meta":{"_et_pb_use_builder":"on","_et_pb_old_content":"","_et_gb_content_width":"","footnotes":"","_links_to":"","_links_to_target":""},"class_list":["post-20098","page","type-page","status-publish","hentry"],"yoast_head":"<!-- This site is optimized with the Yoast SEO plugin v26.8 - https:\/\/yoast.com\/product\/yoast-seo-wordpress\/ -->\n<title>Poster Abstract - The Progeria Research Foundation<\/title>\n<meta name=\"robots\" content=\"index, follow, max-snippet:-1, max-image-preview:large, max-video-preview:-1\" \/>\n<link rel=\"canonical\" href=\"https:\/\/www.progeriaresearch.org\/pt\/poster-abstract\/\" \/>\n<meta property=\"og:locale\" content=\"pt_PT\" \/>\n<meta property=\"og:type\" content=\"article\" \/>\n<meta property=\"og:title\" content=\"Poster Abstract - The Progeria Research Foundation\" \/>\n<meta property=\"og:description\" content=\"Poster Submissions Poster submissions for the 2025 Workshop are now closed. If you have questions about your submission, please email workshop@progeriareasearch.org.\u00a0Session Information Posters will be presented in a formal Poster Session and in a Lightning Session format during the Workshop. Poster display location information TBA. Poster presenters should plan to arrive at the hotel no [&hellip;]\" \/>\n<meta property=\"og:url\" content=\"https:\/\/www.progeriaresearch.org\/pt\/poster-abstract\/\" \/>\n<meta property=\"og:site_name\" content=\"The Progeria Research Foundation\" \/>\n<meta property=\"article:publisher\" content=\"https:\/\/www.facebook.com\/ProgeriaResearch\/\" \/>\n<meta property=\"article:modified_time\" content=\"2025-10-23T16:14:45+00:00\" \/>\n<meta name=\"twitter:card\" content=\"summary_large_image\" \/>\n<meta name=\"twitter:site\" content=\"@Progeria\" \/>\n<meta name=\"twitter:label1\" content=\"Est. reading time\" \/>\n\t<meta name=\"twitter:data1\" content=\"3 minutos\" \/>\n<script type=\"application\/ld+json\" class=\"yoast-schema-graph\">{\"@context\":\"https:\/\/schema.org\",\"@graph\":[{\"@type\":\"WebPage\",\"@id\":\"https:\/\/www.progeriaresearch.org\/poster-abstract\/\",\"url\":\"https:\/\/www.progeriaresearch.org\/poster-abstract\/\",\"name\":\"Poster Abstract - The Progeria Research Foundation\",\"isPartOf\":{\"@id\":\"https:\/\/www.progeriaresearch.org\/ta\/#website\"},\"datePublished\":\"2025-02-20T15:57:00+00:00\",\"dateModified\":\"2025-10-23T16:14:45+00:00\",\"breadcrumb\":{\"@id\":\"https:\/\/www.progeriaresearch.org\/poster-abstract\/#breadcrumb\"},\"inLanguage\":\"pt-PT\",\"potentialAction\":[{\"@type\":\"ReadAction\",\"target\":[\"https:\/\/www.progeriaresearch.org\/poster-abstract\/\"]}]},{\"@type\":\"BreadcrumbList\",\"@id\":\"https:\/\/www.progeriaresearch.org\/poster-abstract\/#breadcrumb\",\"itemListElement\":[{\"@type\":\"ListItem\",\"position\":1,\"name\":\"Home\",\"item\":\"https:\/\/www.progeriaresearch.org\/\"},{\"@type\":\"ListItem\",\"position\":2,\"name\":\"Poster Abstract\"}]},{\"@type\":\"WebSite\",\"@id\":\"https:\/\/www.progeriaresearch.org\/ta\/#website\",\"url\":\"https:\/\/www.progeriaresearch.org\/ta\/\",\"name\":\"The Progeria Research Foundation\",\"description\":\"For the Children \u2665 For the Cure\",\"publisher\":{\"@id\":\"https:\/\/www.progeriaresearch.org\/ta\/#organization\"},\"potentialAction\":[{\"@type\":\"SearchAction\",\"target\":{\"@type\":\"EntryPoint\",\"urlTemplate\":\"https:\/\/www.progeriaresearch.org\/ta\/?s={search_term_string}\"},\"query-input\":{\"@type\":\"PropertyValueSpecification\",\"valueRequired\":true,\"valueName\":\"search_term_string\"}}],\"inLanguage\":\"pt-PT\"},{\"@type\":\"Organization\",\"@id\":\"https:\/\/www.progeriaresearch.org\/ta\/#organization\",\"name\":\"The Progeria Research Foundation\",\"url\":\"https:\/\/www.progeriaresearch.org\/ta\/\",\"logo\":{\"@type\":\"ImageObject\",\"inLanguage\":\"pt-PT\",\"@id\":\"https:\/\/www.progeriaresearch.org\/ta\/#\/schema\/logo\/image\/\",\"url\":\"https:\/\/www.progeriaresearch.org\/wp-content\/uploads\/2019\/05\/PRF_Logo_2019_optimized.png\",\"contentUrl\":\"https:\/\/www.progeriaresearch.org\/wp-content\/uploads\/2019\/05\/PRF_Logo_2019_optimized.png\",\"width\":300,\"height\":86,\"caption\":\"The Progeria Research Foundation\"},\"image\":{\"@id\":\"https:\/\/www.progeriaresearch.org\/ta\/#\/schema\/logo\/image\/\"},\"sameAs\":[\"https:\/\/www.facebook.com\/ProgeriaResearch\/\",\"https:\/\/x.com\/Progeria\",\"https:\/\/www.instagram.com\/progeriaresearch\/\"]}]}<\/script>\n<!-- \/ Yoast SEO plugin. -->","yoast_head_json":{"title":"Poster Abstract - The Progeria Research Foundation","robots":{"index":"index","follow":"follow","max-snippet":"max-snippet:-1","max-image-preview":"max-image-preview:large","max-video-preview":"max-video-preview:-1"},"canonical":"https:\/\/www.progeriaresearch.org\/pt\/poster-abstract\/","og_locale":"pt_PT","og_type":"article","og_title":"Poster Abstract - The Progeria Research Foundation","og_description":"Poster Submissions Poster submissions for the 2025 Workshop are now closed. If you have questions about your submission, please email workshop@progeriareasearch.org.\u00a0Session Information Posters will be presented in a formal Poster Session and in a Lightning Session format during the Workshop. Poster display location information TBA. Poster presenters should plan to arrive at the hotel no [&hellip;]","og_url":"https:\/\/www.progeriaresearch.org\/pt\/poster-abstract\/","og_site_name":"The Progeria Research Foundation","article_publisher":"https:\/\/www.facebook.com\/ProgeriaResearch\/","article_modified_time":"2025-10-23T16:14:45+00:00","twitter_card":"summary_large_image","twitter_site":"@Progeria","twitter_misc":{"Est. reading time":"3 minutos"},"schema":{"@context":"https:\/\/schema.org","@graph":[{"@type":"WebPage","@id":"https:\/\/www.progeriaresearch.org\/poster-abstract\/","url":"https:\/\/www.progeriaresearch.org\/poster-abstract\/","name":"Poster Abstract - The Progeria Research Foundation","isPartOf":{"@id":"https:\/\/www.progeriaresearch.org\/ta\/#website"},"datePublished":"2025-02-20T15:57:00+00:00","dateModified":"2025-10-23T16:14:45+00:00","breadcrumb":{"@id":"https:\/\/www.progeriaresearch.org\/poster-abstract\/#breadcrumb"},"inLanguage":"pt-PT","potentialAction":[{"@type":"ReadAction","target":["https:\/\/www.progeriaresearch.org\/poster-abstract\/"]}]},{"@type":"BreadcrumbList","@id":"https:\/\/www.progeriaresearch.org\/poster-abstract\/#breadcrumb","itemListElement":[{"@type":"ListItem","position":1,"name":"Home","item":"https:\/\/www.progeriaresearch.org\/"},{"@type":"ListItem","position":2,"name":"Poster Abstract"}]},{"@type":"WebSite","@id":"https:\/\/www.progeriaresearch.org\/ta\/#website","url":"https:\/\/www.progeriaresearch.org\/ta\/","name":"Funda\u00e7\u00e3o de Pesquisa Progeria","description":"Pelas Crian\u00e7as \u2665 Pela Cura","publisher":{"@id":"https:\/\/www.progeriaresearch.org\/ta\/#organization"},"potentialAction":[{"@type":"SearchAction","target":{"@type":"EntryPoint","urlTemplate":"https:\/\/www.progeriaresearch.org\/ta\/?s={search_term_string}"},"query-input":{"@type":"PropertyValueSpecification","valueRequired":true,"valueName":"search_term_string"}}],"inLanguage":"pt-PT"},{"@type":"Organization","@id":"https:\/\/www.progeriaresearch.org\/ta\/#organization","name":"Funda\u00e7\u00e3o de Pesquisa Progeria","url":"https:\/\/www.progeriaresearch.org\/ta\/","logo":{"@type":"ImageObject","inLanguage":"pt-PT","@id":"https:\/\/www.progeriaresearch.org\/ta\/#\/schema\/logo\/image\/","url":"https:\/\/www.progeriaresearch.org\/wp-content\/uploads\/2019\/05\/PRF_Logo_2019_optimized.png","contentUrl":"https:\/\/www.progeriaresearch.org\/wp-content\/uploads\/2019\/05\/PRF_Logo_2019_optimized.png","width":300,"height":86,"caption":"The Progeria Research Foundation"},"image":{"@id":"https:\/\/www.progeriaresearch.org\/ta\/#\/schema\/logo\/image\/"},"sameAs":["https:\/\/www.facebook.com\/ProgeriaResearch\/","https:\/\/x.com\/Progeria","https:\/\/www.instagram.com\/progeriaresearch\/"]}]}},"_links":{"self":[{"href":"https:\/\/www.progeriaresearch.org\/pt\/wp-json\/wp\/v2\/pages\/20098","targetHints":{"allow":["GET"]}}],"collection":[{"href":"https:\/\/www.progeriaresearch.org\/pt\/wp-json\/wp\/v2\/pages"}],"about":[{"href":"https:\/\/www.progeriaresearch.org\/pt\/wp-json\/wp\/v2\/types\/page"}],"author":[{"embeddable":true,"href":"https:\/\/www.progeriaresearch.org\/pt\/wp-json\/wp\/v2\/users\/2"}],"replies":[{"embeddable":true,"href":"https:\/\/www.progeriaresearch.org\/pt\/wp-json\/wp\/v2\/comments?post=20098"}],"version-history":[{"count":0,"href":"https:\/\/www.progeriaresearch.org\/pt\/wp-json\/wp\/v2\/pages\/20098\/revisions"}],"wp:attachment":[{"href":"https:\/\/www.progeriaresearch.org\/pt\/wp-json\/wp\/v2\/media?parent=20098"}],"curies":[{"name":"wp","href":"https:\/\/api.w.org\/{rel}","templated":true}]}}