{"id":2403,"date":"2017-06-19T19:30:17","date_gmt":"2017-06-19T19:30:17","guid":{"rendered":"https:\/\/www.progeriaresearch.org\/?page_id=2403"},"modified":"2017-06-19T19:30:17","modified_gmt":"2017-06-19T19:30:17","slug":"september-30-2011-in-holland-oh-carlys-party-for-the-cure-a-rockin-success","status":"publish","type":"page","link":"https:\/\/www.progeriaresearch.org\/pt\/september-30-2011-in-holland-oh-carlys-party-for-the-cure-a-rockin-success\/","title":{"rendered":"30 de setembro de 2011 em Holland, OH: \u201cCarly&#039;s Party For the Cure\u201d um sucesso estrondoso!"},"content":{"rendered":"<table border=\"0\" align=\"right\">\n<tbody>\n<tr>\n<td><img loading=\"lazy\" decoding=\"async\" src=\"https:\/\/web.archive.org\/web\/20151026014441im_\/https:\/\/www.progeriaresearch.org\/assets\/images\/events_images\/Carly_q_raffle.jpg\" alt=\"\" width=\"200\" height=\"256\" \/><br \/>\n<strong>Um dos muitos itens incr\u00edveis do leil\u00e3o.<\/strong><\/td>\n<\/tr>\n<\/tbody>\n<\/table>\n<p>&nbsp;<\/p>\n<p>A casa estava cheia no Zeke&#039;s Event Hall para a Carly&#039;s Party For the Cure. Cerca de 400 pessoas compareceram ao show que contou com a banda principal Alter Ego. O p\u00fablico foi presenteado com um delicioso buf\u00ea e um leil\u00e3o silencioso cheio de pr\u00eamios fabulosos, enquanto a banda agitava a casa. Este evento pela primeira vez para o Ohio Chapter arrecadou mais de $26.000 - INCR\u00cdVEL Obrigado aos pais de Carly, Heather e Ryan, e a todos os incr\u00edveis apoiadores do Team Carly-Q.<\/p>\n<table border=\"0\" cellspacing=\"3\" align=\"center\">\n<tbody>\n<tr>\n<td><img loading=\"lazy\" decoding=\"async\" src=\"https:\/\/web.archive.org\/web\/20151026014441im_\/https:\/\/www.progeriaresearch.org\/assets\/images\/events_images\/Carly_band.jpg\" alt=\"\" width=\"400\" height=\"188\" \/><br \/>\n<strong>Alter ego<\/strong><\/td>\n<\/tr>\n<tr>\n<td><img loading=\"lazy\" decoding=\"async\" src=\"https:\/\/web.archive.org\/web\/20151026014441im_\/https:\/\/www.progeriaresearch.org\/assets\/images\/events_images\/Carly_q_fullhouse.jpg\" alt=\"\" width=\"400\" height=\"173\" \/><br \/>\n<strong>S\u00f3 tem lugar em p\u00e9 para o espet\u00e1culo!<\/strong><\/td>\n<\/tr>\n<tr>\n<td><img loading=\"lazy\" decoding=\"async\" src=\"https:\/\/web.archive.org\/web\/20151026014441im_\/https:\/\/www.progeriaresearch.org\/assets\/images\/events_images\/Heather_jason_check.jpg\" alt=\"\" width=\"400\" height=\"234\" \/><\/p>\n<p><strong>Ryan e Heather receberam um cheque do NWO Law Dogs, (NWO = noroeste de Ohio), um clube de motociclistas formado principalmente por policiais. O grupo fez uma corrida de p\u00f4quer para PRF\/Carly em 17\/9 que arrecadou $1.650.<\/strong><\/td>\n<\/tr>\n<\/tbody>\n<\/table>","protected":false},"excerpt":{"rendered":"<p>One of the many awesome auction items. &nbsp; It was a full house at Zeke&#8217;s Event Hall for Carly&#8217;s Party For the Cure. Close to 400 people attended the concert that featured headline band Alter Ego. The audience was treated to a delicious buffet and silent auction full of fabulous prizes, while the band rocked [&hellip;]<\/p>","protected":false},"author":1,"featured_media":0,"parent":0,"menu_order":0,"comment_status":"closed","ping_status":"closed","template":"","meta":{"_et_pb_use_builder":"","_et_pb_old_content":"","_et_gb_content_width":"","footnotes":"","_links_to":"","_links_to_target":""},"class_list":["post-2403","page","type-page","status-publish","hentry"],"yoast_head":"<!-- This site is optimized with the Yoast SEO plugin v26.8 - https:\/\/yoast.com\/product\/yoast-seo-wordpress\/ -->\n<title>September 30, 2011 in Holland, OH: \u201cCarly\u2019s Party For the Cure\u201d a Rockin\u2019 Success! - The Progeria Research Foundation<\/title>\n<meta name=\"robots\" content=\"index, follow, max-snippet:-1, max-image-preview:large, max-video-preview:-1\" \/>\n<link rel=\"canonical\" href=\"https:\/\/www.progeriaresearch.org\/pt\/september-30-2011-in-holland-oh-carlys-party-for-the-cure-a-rockin-success\/\" \/>\n<meta property=\"og:locale\" content=\"pt_PT\" \/>\n<meta property=\"og:type\" content=\"article\" \/>\n<meta property=\"og:title\" content=\"September 30, 2011 in Holland, OH: \u201cCarly\u2019s Party For the Cure\u201d a Rockin\u2019 Success! - The Progeria Research Foundation\" \/>\n<meta property=\"og:description\" content=\"One of the many awesome auction items. &nbsp; It was a full house at Zeke&#8217;s Event Hall for Carly&#8217;s Party For the Cure. Close to 400 people attended the concert that featured headline band Alter Ego. The audience was treated to a delicious buffet and silent auction full of fabulous prizes, while the band rocked [&hellip;]\" \/>\n<meta property=\"og:url\" content=\"https:\/\/www.progeriaresearch.org\/pt\/september-30-2011-in-holland-oh-carlys-party-for-the-cure-a-rockin-success\/\" \/>\n<meta property=\"og:site_name\" content=\"The Progeria Research Foundation\" \/>\n<meta property=\"article:publisher\" content=\"https:\/\/www.facebook.com\/ProgeriaResearch\/\" \/>\n<meta property=\"og:image\" content=\"https:\/\/web.archive.org\/web\/20151026014441im_\/https:\/\/www.progeriaresearch.org\/assets\/images\/events_images\/Carly_q_raffle.jpg\" \/>\n<meta name=\"twitter:card\" content=\"summary_large_image\" \/>\n<meta name=\"twitter:site\" content=\"@Progeria\" \/>\n<meta name=\"twitter:label1\" content=\"Est. reading time\" \/>\n\t<meta name=\"twitter:data1\" content=\"1 minuto\" \/>\n<script type=\"application\/ld+json\" class=\"yoast-schema-graph\">{\"@context\":\"https:\/\/schema.org\",\"@graph\":[{\"@type\":\"WebPage\",\"@id\":\"https:\/\/www.progeriaresearch.org\/fr\/september-30-2011-in-holland-oh-carlys-party-for-the-cure-a-rockin-success\/\",\"url\":\"https:\/\/www.progeriaresearch.org\/fr\/september-30-2011-in-holland-oh-carlys-party-for-the-cure-a-rockin-success\/\",\"name\":\"September 30, 2011 in Holland, OH: \u201cCarly\u2019s Party For the Cure\u201d a Rockin\u2019 Success! - The Progeria Research Foundation\",\"isPartOf\":{\"@id\":\"https:\/\/www.progeriaresearch.org\/ta\/#website\"},\"primaryImageOfPage\":{\"@id\":\"https:\/\/www.progeriaresearch.org\/fr\/september-30-2011-in-holland-oh-carlys-party-for-the-cure-a-rockin-success\/#primaryimage\"},\"image\":{\"@id\":\"https:\/\/www.progeriaresearch.org\/fr\/september-30-2011-in-holland-oh-carlys-party-for-the-cure-a-rockin-success\/#primaryimage\"},\"thumbnailUrl\":\"https:\/\/web.archive.org\/web\/20151026014441im_\/https:\/\/www.progeriaresearch.org\/assets\/images\/events_images\/Carly_q_raffle.jpg\",\"datePublished\":\"2017-06-19T19:30:17+00:00\",\"breadcrumb\":{\"@id\":\"https:\/\/www.progeriaresearch.org\/fr\/september-30-2011-in-holland-oh-carlys-party-for-the-cure-a-rockin-success\/#breadcrumb\"},\"inLanguage\":\"pt-PT\",\"potentialAction\":[{\"@type\":\"ReadAction\",\"target\":[\"https:\/\/www.progeriaresearch.org\/fr\/september-30-2011-in-holland-oh-carlys-party-for-the-cure-a-rockin-success\/\"]}]},{\"@type\":\"ImageObject\",\"inLanguage\":\"pt-PT\",\"@id\":\"https:\/\/www.progeriaresearch.org\/fr\/september-30-2011-in-holland-oh-carlys-party-for-the-cure-a-rockin-success\/#primaryimage\",\"url\":\"https:\/\/web.archive.org\/web\/20151026014441im_\/https:\/\/www.progeriaresearch.org\/assets\/images\/events_images\/Carly_q_raffle.jpg\",\"contentUrl\":\"https:\/\/web.archive.org\/web\/20151026014441im_\/https:\/\/www.progeriaresearch.org\/assets\/images\/events_images\/Carly_q_raffle.jpg\"},{\"@type\":\"BreadcrumbList\",\"@id\":\"https:\/\/www.progeriaresearch.org\/fr\/september-30-2011-in-holland-oh-carlys-party-for-the-cure-a-rockin-success\/#breadcrumb\",\"itemListElement\":[{\"@type\":\"ListItem\",\"position\":1,\"name\":\"Home\",\"item\":\"https:\/\/www.progeriaresearch.org\/\"},{\"@type\":\"ListItem\",\"position\":2,\"name\":\"September 30, 2011 in Holland, OH: \u201cCarly\u2019s Party For the Cure\u201d a Rockin\u2019 Success!\"}]},{\"@type\":\"WebSite\",\"@id\":\"https:\/\/www.progeriaresearch.org\/ta\/#website\",\"url\":\"https:\/\/www.progeriaresearch.org\/ta\/\",\"name\":\"The Progeria Research Foundation\",\"description\":\"For the Children \u2665 For the Cure\",\"publisher\":{\"@id\":\"https:\/\/www.progeriaresearch.org\/ta\/#organization\"},\"potentialAction\":[{\"@type\":\"SearchAction\",\"target\":{\"@type\":\"EntryPoint\",\"urlTemplate\":\"https:\/\/www.progeriaresearch.org\/ta\/?s={search_term_string}\"},\"query-input\":{\"@type\":\"PropertyValueSpecification\",\"valueRequired\":true,\"valueName\":\"search_term_string\"}}],\"inLanguage\":\"pt-PT\"},{\"@type\":\"Organization\",\"@id\":\"https:\/\/www.progeriaresearch.org\/ta\/#organization\",\"name\":\"The Progeria Research Foundation\",\"url\":\"https:\/\/www.progeriaresearch.org\/ta\/\",\"logo\":{\"@type\":\"ImageObject\",\"inLanguage\":\"pt-PT\",\"@id\":\"https:\/\/www.progeriaresearch.org\/ta\/#\/schema\/logo\/image\/\",\"url\":\"https:\/\/www.progeriaresearch.org\/wp-content\/uploads\/2019\/05\/PRF_Logo_2019_optimized.png\",\"contentUrl\":\"https:\/\/www.progeriaresearch.org\/wp-content\/uploads\/2019\/05\/PRF_Logo_2019_optimized.png\",\"width\":300,\"height\":86,\"caption\":\"The Progeria Research Foundation\"},\"image\":{\"@id\":\"https:\/\/www.progeriaresearch.org\/ta\/#\/schema\/logo\/image\/\"},\"sameAs\":[\"https:\/\/www.facebook.com\/ProgeriaResearch\/\",\"https:\/\/x.com\/Progeria\",\"https:\/\/www.instagram.com\/progeriaresearch\/\"]}]}<\/script>\n<!-- \/ Yoast SEO plugin. -->","yoast_head_json":{"title":"September 30, 2011 in Holland, OH: \u201cCarly\u2019s Party For the Cure\u201d a Rockin\u2019 Success! - The Progeria Research Foundation","robots":{"index":"index","follow":"follow","max-snippet":"max-snippet:-1","max-image-preview":"max-image-preview:large","max-video-preview":"max-video-preview:-1"},"canonical":"https:\/\/www.progeriaresearch.org\/pt\/september-30-2011-in-holland-oh-carlys-party-for-the-cure-a-rockin-success\/","og_locale":"pt_PT","og_type":"article","og_title":"September 30, 2011 in Holland, OH: \u201cCarly\u2019s Party For the Cure\u201d a Rockin\u2019 Success! - The Progeria Research Foundation","og_description":"One of the many awesome auction items. &nbsp; It was a full house at Zeke&#8217;s Event Hall for Carly&#8217;s Party For the Cure. Close to 400 people attended the concert that featured headline band Alter Ego. The audience was treated to a delicious buffet and silent auction full of fabulous prizes, while the band rocked [&hellip;]","og_url":"https:\/\/www.progeriaresearch.org\/pt\/september-30-2011-in-holland-oh-carlys-party-for-the-cure-a-rockin-success\/","og_site_name":"The Progeria Research Foundation","article_publisher":"https:\/\/www.facebook.com\/ProgeriaResearch\/","og_image":[{"url":"https:\/\/web.archive.org\/web\/20151026014441im_\/https:\/\/www.progeriaresearch.org\/assets\/images\/events_images\/Carly_q_raffle.jpg","type":"","width":"","height":""}],"twitter_card":"summary_large_image","twitter_site":"@Progeria","twitter_misc":{"Est. reading time":"1 minuto"},"schema":{"@context":"https:\/\/schema.org","@graph":[{"@type":"WebPage","@id":"https:\/\/www.progeriaresearch.org\/fr\/september-30-2011-in-holland-oh-carlys-party-for-the-cure-a-rockin-success\/","url":"https:\/\/www.progeriaresearch.org\/fr\/september-30-2011-in-holland-oh-carlys-party-for-the-cure-a-rockin-success\/","name":"September 30, 2011 in Holland, OH: \u201cCarly\u2019s Party For the Cure\u201d a Rockin\u2019 Success! - The Progeria Research Foundation","isPartOf":{"@id":"https:\/\/www.progeriaresearch.org\/ta\/#website"},"primaryImageOfPage":{"@id":"https:\/\/www.progeriaresearch.org\/fr\/september-30-2011-in-holland-oh-carlys-party-for-the-cure-a-rockin-success\/#primaryimage"},"image":{"@id":"https:\/\/www.progeriaresearch.org\/fr\/september-30-2011-in-holland-oh-carlys-party-for-the-cure-a-rockin-success\/#primaryimage"},"thumbnailUrl":"https:\/\/web.archive.org\/web\/20151026014441im_\/https:\/\/www.progeriaresearch.org\/assets\/images\/events_images\/Carly_q_raffle.jpg","datePublished":"2017-06-19T19:30:17+00:00","breadcrumb":{"@id":"https:\/\/www.progeriaresearch.org\/fr\/september-30-2011-in-holland-oh-carlys-party-for-the-cure-a-rockin-success\/#breadcrumb"},"inLanguage":"pt-PT","potentialAction":[{"@type":"ReadAction","target":["https:\/\/www.progeriaresearch.org\/fr\/september-30-2011-in-holland-oh-carlys-party-for-the-cure-a-rockin-success\/"]}]},{"@type":"ImageObject","inLanguage":"pt-PT","@id":"https:\/\/www.progeriaresearch.org\/fr\/september-30-2011-in-holland-oh-carlys-party-for-the-cure-a-rockin-success\/#primaryimage","url":"https:\/\/web.archive.org\/web\/20151026014441im_\/https:\/\/www.progeriaresearch.org\/assets\/images\/events_images\/Carly_q_raffle.jpg","contentUrl":"https:\/\/web.archive.org\/web\/20151026014441im_\/https:\/\/www.progeriaresearch.org\/assets\/images\/events_images\/Carly_q_raffle.jpg"},{"@type":"BreadcrumbList","@id":"https:\/\/www.progeriaresearch.org\/fr\/september-30-2011-in-holland-oh-carlys-party-for-the-cure-a-rockin-success\/#breadcrumb","itemListElement":[{"@type":"ListItem","position":1,"name":"Home","item":"https:\/\/www.progeriaresearch.org\/"},{"@type":"ListItem","position":2,"name":"September 30, 2011 in Holland, OH: \u201cCarly\u2019s Party For the Cure\u201d a Rockin\u2019 Success!"}]},{"@type":"WebSite","@id":"https:\/\/www.progeriaresearch.org\/ta\/#website","url":"https:\/\/www.progeriaresearch.org\/ta\/","name":"Funda\u00e7\u00e3o de Pesquisa Progeria","description":"Pelas Crian\u00e7as \u2665 Pela Cura","publisher":{"@id":"https:\/\/www.progeriaresearch.org\/ta\/#organization"},"potentialAction":[{"@type":"SearchAction","target":{"@type":"EntryPoint","urlTemplate":"https:\/\/www.progeriaresearch.org\/ta\/?s={search_term_string}"},"query-input":{"@type":"PropertyValueSpecification","valueRequired":true,"valueName":"search_term_string"}}],"inLanguage":"pt-PT"},{"@type":"Organization","@id":"https:\/\/www.progeriaresearch.org\/ta\/#organization","name":"Funda\u00e7\u00e3o de Pesquisa Progeria","url":"https:\/\/www.progeriaresearch.org\/ta\/","logo":{"@type":"ImageObject","inLanguage":"pt-PT","@id":"https:\/\/www.progeriaresearch.org\/ta\/#\/schema\/logo\/image\/","url":"https:\/\/www.progeriaresearch.org\/wp-content\/uploads\/2019\/05\/PRF_Logo_2019_optimized.png","contentUrl":"https:\/\/www.progeriaresearch.org\/wp-content\/uploads\/2019\/05\/PRF_Logo_2019_optimized.png","width":300,"height":86,"caption":"The Progeria Research Foundation"},"image":{"@id":"https:\/\/www.progeriaresearch.org\/ta\/#\/schema\/logo\/image\/"},"sameAs":["https:\/\/www.facebook.com\/ProgeriaResearch\/","https:\/\/x.com\/Progeria","https:\/\/www.instagram.com\/progeriaresearch\/"]}]}},"_links":{"self":[{"href":"https:\/\/www.progeriaresearch.org\/pt\/wp-json\/wp\/v2\/pages\/2403","targetHints":{"allow":["GET"]}}],"collection":[{"href":"https:\/\/www.progeriaresearch.org\/pt\/wp-json\/wp\/v2\/pages"}],"about":[{"href":"https:\/\/www.progeriaresearch.org\/pt\/wp-json\/wp\/v2\/types\/page"}],"author":[{"embeddable":true,"href":"https:\/\/www.progeriaresearch.org\/pt\/wp-json\/wp\/v2\/users\/1"}],"replies":[{"embeddable":true,"href":"https:\/\/www.progeriaresearch.org\/pt\/wp-json\/wp\/v2\/comments?post=2403"}],"version-history":[{"count":0,"href":"https:\/\/www.progeriaresearch.org\/pt\/wp-json\/wp\/v2\/pages\/2403\/revisions"}],"wp:attachment":[{"href":"https:\/\/www.progeriaresearch.org\/pt\/wp-json\/wp\/v2\/media?parent=2403"}],"curies":[{"name":"wp","href":"https:\/\/api.w.org\/{rel}","templated":true}]}}