{"id":2408,"date":"2017-06-19T19:35:54","date_gmt":"2017-06-19T19:35:54","guid":{"rendered":"https:\/\/www.progeriaresearch.org\/?page_id=2408"},"modified":"2017-06-19T19:35:54","modified_gmt":"2017-06-19T19:35:54","slug":"september-22-2011-in-wayne-nj-2nd-annual-new-jersey-chapter-team-zoey-golf-outing-a-hole-in-one","status":"publish","type":"page","link":"https:\/\/www.progeriaresearch.org\/pt\/september-22-2011-in-wayne-nj-2nd-annual-new-jersey-chapter-team-zoey-golf-outing-a-hole-in-one\/","title":{"rendered":"22 de setembro de 2011 em Wayne, NJ: 2\u00ba Cap\u00edtulo Anual de Nova Jersey \u2013 Equipe Zoey Golf fazendo um Hole in One."},"content":{"rendered":"<div id=\"secondary-mid\">\n<p>O lindo <a href=\"https:\/\/www.preaknesshills.org\/Default.aspx?p=DynamicModule&amp;PageId=301013&amp;ssid=222601&amp;vnf=1\" target=\"_blank\" rel=\"noopener noreferrer\">Clube de campo Preakness Hills<\/a> em Wayne, NJ, foi o cen\u00e1rio perfeito para o 2\u00ba Annual Team Zoey Golf Outing. O<\/p>\n<table border=\"0\" width=\"215\" align=\"right\">\n<tbody>\n<tr>\n<td><img loading=\"lazy\" decoding=\"async\" src=\"https:\/\/web.archive.org\/web\/20151026014444im_\/https:\/\/www.progeriaresearch.org\/assets\/images\/events_images\/Rabbi-Kushner-speaking-at-dinner..jpg\" alt=\"\" width=\"200\" height=\"242\" \/><br \/>\n<strong>Rabino Kushner, inspirador como<\/strong><strong> sempre<\/strong><\/td>\n<\/tr>\n<\/tbody>\n<\/table>\n<p>A tempestade iminente durou tempo suficiente para que todos pudessem se divertir no percurso e a divers\u00e3o continuou durante o jantar e as festividades p\u00f3s-passeio.<\/p>\n<p>\u201cA equipe Zoey precisa agradecer a todas as pessoas maravilhosas que vieram jogar golfe, dar lances em nossos leil\u00f5es, ouvir o rabino Harold<\/p>\n<p>Kushner fale e cante Parab\u00e9ns a Voc\u00ea para Zoey, e nos ajude a arrecadar mais de $170.000,00 para a Progeria Research Foundation!!!!!!!!\u201d\u2026John Marozzi, presidente do evento e av\u00f4 de Zoey.<\/p>\n<p>Obrigado a todos do nosso New Jersey Chapter! Estamos felizes em ter voc\u00eas em nossa equipe!<\/p>\n<table border=\"0\" width=\"562\" cellspacing=\"4\">\n<tbody>\n<tr>\n<td><img loading=\"lazy\" decoding=\"async\" src=\"https:\/\/web.archive.org\/web\/20151026014444im_\/https:\/\/www.progeriaresearch.org\/assets\/images\/events_images\/teresa-pugh_Mary-Marozzi-Delarosa_Barbara-Batesko_golf.jpg\" alt=\"\" width=\"225\" height=\"341\" \/><br \/>\n<strong>Teresa Pugh, Maria Marozzi<\/strong><strong>, Delarosa,<br \/>\nMarlene Marozzi e Barbara Batesko.<\/strong><\/td>\n<td>\u00a0<img loading=\"lazy\" decoding=\"async\" src=\"https:\/\/web.archive.org\/web\/20151026014444im_\/https:\/\/www.progeriaresearch.org\/assets\/images\/events_images\/zoey_golf_team.jpg\" alt=\"\" width=\"300\" height=\"177\" \/><br \/>\n<strong>Chris Marozzi, James Pugh, Robert<\/strong><strong> Pugh e Matt Delarosa<\/strong><\/td>\n<\/tr>\n<\/tbody>\n<\/table>\n<\/div>\n<div id=\"secondary-right\"><\/div>\n<div class=\"clear\"><\/div>","protected":false},"excerpt":{"rendered":"<p>The beautiful Preakness Hills Country Club in Wayne, NJ, was the perfect setting for the 2nd Annual Team Zoey Golf Outing. The Rabbi Kushner, inspiring as always impending storm held off long enough for everyone to have a great time on the course and the good time continued through dinner and the post outing festivities. [&hellip;]<\/p>","protected":false},"author":1,"featured_media":0,"parent":0,"menu_order":0,"comment_status":"closed","ping_status":"closed","template":"","meta":{"_et_pb_use_builder":"","_et_pb_old_content":"","_et_gb_content_width":"","footnotes":"","_links_to":"","_links_to_target":""},"class_list":["post-2408","page","type-page","status-publish","hentry"],"yoast_head":"<!-- This site is optimized with the Yoast SEO plugin v26.8 - https:\/\/yoast.com\/product\/yoast-seo-wordpress\/ -->\n<title>September 22, 2011 in Wayne, NJ: 2nd Annual New Jersey Chapter - Team Zoey Golf Outing a Hole in One. - The Progeria Research Foundation<\/title>\n<meta name=\"robots\" content=\"index, follow, max-snippet:-1, max-image-preview:large, max-video-preview:-1\" \/>\n<link rel=\"canonical\" href=\"https:\/\/www.progeriaresearch.org\/pt\/september-22-2011-in-wayne-nj-2nd-annual-new-jersey-chapter-team-zoey-golf-outing-a-hole-in-one\/\" \/>\n<meta property=\"og:locale\" content=\"pt_PT\" \/>\n<meta property=\"og:type\" content=\"article\" \/>\n<meta property=\"og:title\" content=\"September 22, 2011 in Wayne, NJ: 2nd Annual New Jersey Chapter - Team Zoey Golf Outing a Hole in One. - The Progeria Research Foundation\" \/>\n<meta property=\"og:description\" content=\"The beautiful Preakness Hills Country Club in Wayne, NJ, was the perfect setting for the 2nd Annual Team Zoey Golf Outing. The Rabbi Kushner, inspiring as always impending storm held off long enough for everyone to have a great time on the course and the good time continued through dinner and the post outing festivities. [&hellip;]\" \/>\n<meta property=\"og:url\" content=\"https:\/\/www.progeriaresearch.org\/pt\/september-22-2011-in-wayne-nj-2nd-annual-new-jersey-chapter-team-zoey-golf-outing-a-hole-in-one\/\" \/>\n<meta property=\"og:site_name\" content=\"The Progeria Research Foundation\" \/>\n<meta property=\"article:publisher\" content=\"https:\/\/www.facebook.com\/ProgeriaResearch\/\" \/>\n<meta property=\"og:image\" content=\"https:\/\/web.archive.org\/web\/20151026014444im_\/https:\/\/www.progeriaresearch.org\/assets\/images\/events_images\/Rabbi-Kushner-speaking-at-dinner..jpg\" \/>\n<meta name=\"twitter:card\" content=\"summary_large_image\" \/>\n<meta name=\"twitter:site\" content=\"@Progeria\" \/>\n<meta name=\"twitter:label1\" content=\"Est. reading time\" \/>\n\t<meta name=\"twitter:data1\" content=\"1 minuto\" \/>\n<script type=\"application\/ld+json\" class=\"yoast-schema-graph\">{\"@context\":\"https:\/\/schema.org\",\"@graph\":[{\"@type\":\"WebPage\",\"@id\":\"https:\/\/www.progeriaresearch.org\/ta\/september-22-2011-in-wayne-nj-2nd-annual-new-jersey-chapter-team-zoey-golf-outing-a-hole-in-one\/\",\"url\":\"https:\/\/www.progeriaresearch.org\/ta\/september-22-2011-in-wayne-nj-2nd-annual-new-jersey-chapter-team-zoey-golf-outing-a-hole-in-one\/\",\"name\":\"September 22, 2011 in Wayne, NJ: 2nd Annual New Jersey Chapter - Team Zoey Golf Outing a Hole in One. - The Progeria Research Foundation\",\"isPartOf\":{\"@id\":\"https:\/\/www.progeriaresearch.org\/ta\/#website\"},\"primaryImageOfPage\":{\"@id\":\"https:\/\/www.progeriaresearch.org\/ta\/september-22-2011-in-wayne-nj-2nd-annual-new-jersey-chapter-team-zoey-golf-outing-a-hole-in-one\/#primaryimage\"},\"image\":{\"@id\":\"https:\/\/www.progeriaresearch.org\/ta\/september-22-2011-in-wayne-nj-2nd-annual-new-jersey-chapter-team-zoey-golf-outing-a-hole-in-one\/#primaryimage\"},\"thumbnailUrl\":\"https:\/\/web.archive.org\/web\/20151026014444im_\/https:\/\/www.progeriaresearch.org\/assets\/images\/events_images\/Rabbi-Kushner-speaking-at-dinner..jpg\",\"datePublished\":\"2017-06-19T19:35:54+00:00\",\"breadcrumb\":{\"@id\":\"https:\/\/www.progeriaresearch.org\/ta\/september-22-2011-in-wayne-nj-2nd-annual-new-jersey-chapter-team-zoey-golf-outing-a-hole-in-one\/#breadcrumb\"},\"inLanguage\":\"pt-PT\",\"potentialAction\":[{\"@type\":\"ReadAction\",\"target\":[\"https:\/\/www.progeriaresearch.org\/ta\/september-22-2011-in-wayne-nj-2nd-annual-new-jersey-chapter-team-zoey-golf-outing-a-hole-in-one\/\"]}]},{\"@type\":\"ImageObject\",\"inLanguage\":\"pt-PT\",\"@id\":\"https:\/\/www.progeriaresearch.org\/ta\/september-22-2011-in-wayne-nj-2nd-annual-new-jersey-chapter-team-zoey-golf-outing-a-hole-in-one\/#primaryimage\",\"url\":\"https:\/\/web.archive.org\/web\/20151026014444im_\/https:\/\/www.progeriaresearch.org\/assets\/images\/events_images\/Rabbi-Kushner-speaking-at-dinner..jpg\",\"contentUrl\":\"https:\/\/web.archive.org\/web\/20151026014444im_\/https:\/\/www.progeriaresearch.org\/assets\/images\/events_images\/Rabbi-Kushner-speaking-at-dinner..jpg\"},{\"@type\":\"BreadcrumbList\",\"@id\":\"https:\/\/www.progeriaresearch.org\/ta\/september-22-2011-in-wayne-nj-2nd-annual-new-jersey-chapter-team-zoey-golf-outing-a-hole-in-one\/#breadcrumb\",\"itemListElement\":[{\"@type\":\"ListItem\",\"position\":1,\"name\":\"Home\",\"item\":\"https:\/\/www.progeriaresearch.org\/\"},{\"@type\":\"ListItem\",\"position\":2,\"name\":\"September 22, 2011 in Wayne, NJ: 2nd Annual New Jersey Chapter &#8211; Team Zoey Golf Outing a Hole in One.\"}]},{\"@type\":\"WebSite\",\"@id\":\"https:\/\/www.progeriaresearch.org\/ta\/#website\",\"url\":\"https:\/\/www.progeriaresearch.org\/ta\/\",\"name\":\"The Progeria Research Foundation\",\"description\":\"For the Children \u2665 For the Cure\",\"publisher\":{\"@id\":\"https:\/\/www.progeriaresearch.org\/ta\/#organization\"},\"potentialAction\":[{\"@type\":\"SearchAction\",\"target\":{\"@type\":\"EntryPoint\",\"urlTemplate\":\"https:\/\/www.progeriaresearch.org\/ta\/?s={search_term_string}\"},\"query-input\":{\"@type\":\"PropertyValueSpecification\",\"valueRequired\":true,\"valueName\":\"search_term_string\"}}],\"inLanguage\":\"pt-PT\"},{\"@type\":\"Organization\",\"@id\":\"https:\/\/www.progeriaresearch.org\/ta\/#organization\",\"name\":\"The Progeria Research Foundation\",\"url\":\"https:\/\/www.progeriaresearch.org\/ta\/\",\"logo\":{\"@type\":\"ImageObject\",\"inLanguage\":\"pt-PT\",\"@id\":\"https:\/\/www.progeriaresearch.org\/ta\/#\/schema\/logo\/image\/\",\"url\":\"https:\/\/www.progeriaresearch.org\/wp-content\/uploads\/2019\/05\/PRF_Logo_2019_optimized.png\",\"contentUrl\":\"https:\/\/www.progeriaresearch.org\/wp-content\/uploads\/2019\/05\/PRF_Logo_2019_optimized.png\",\"width\":300,\"height\":86,\"caption\":\"The Progeria Research Foundation\"},\"image\":{\"@id\":\"https:\/\/www.progeriaresearch.org\/ta\/#\/schema\/logo\/image\/\"},\"sameAs\":[\"https:\/\/www.facebook.com\/ProgeriaResearch\/\",\"https:\/\/x.com\/Progeria\",\"https:\/\/www.instagram.com\/progeriaresearch\/\"]}]}<\/script>\n<!-- \/ Yoast SEO plugin. -->","yoast_head_json":{"title":"September 22, 2011 in Wayne, NJ: 2nd Annual New Jersey Chapter - Team Zoey Golf Outing a Hole in One. - The Progeria Research Foundation","robots":{"index":"index","follow":"follow","max-snippet":"max-snippet:-1","max-image-preview":"max-image-preview:large","max-video-preview":"max-video-preview:-1"},"canonical":"https:\/\/www.progeriaresearch.org\/pt\/september-22-2011-in-wayne-nj-2nd-annual-new-jersey-chapter-team-zoey-golf-outing-a-hole-in-one\/","og_locale":"pt_PT","og_type":"article","og_title":"September 22, 2011 in Wayne, NJ: 2nd Annual New Jersey Chapter - Team Zoey Golf Outing a Hole in One. - The Progeria Research Foundation","og_description":"The beautiful Preakness Hills Country Club in Wayne, NJ, was the perfect setting for the 2nd Annual Team Zoey Golf Outing. The Rabbi Kushner, inspiring as always impending storm held off long enough for everyone to have a great time on the course and the good time continued through dinner and the post outing festivities. [&hellip;]","og_url":"https:\/\/www.progeriaresearch.org\/pt\/september-22-2011-in-wayne-nj-2nd-annual-new-jersey-chapter-team-zoey-golf-outing-a-hole-in-one\/","og_site_name":"The Progeria Research Foundation","article_publisher":"https:\/\/www.facebook.com\/ProgeriaResearch\/","og_image":[{"url":"https:\/\/web.archive.org\/web\/20151026014444im_\/https:\/\/www.progeriaresearch.org\/assets\/images\/events_images\/Rabbi-Kushner-speaking-at-dinner..jpg","type":"","width":"","height":""}],"twitter_card":"summary_large_image","twitter_site":"@Progeria","twitter_misc":{"Est. reading time":"1 minuto"},"schema":{"@context":"https:\/\/schema.org","@graph":[{"@type":"WebPage","@id":"https:\/\/www.progeriaresearch.org\/ta\/september-22-2011-in-wayne-nj-2nd-annual-new-jersey-chapter-team-zoey-golf-outing-a-hole-in-one\/","url":"https:\/\/www.progeriaresearch.org\/ta\/september-22-2011-in-wayne-nj-2nd-annual-new-jersey-chapter-team-zoey-golf-outing-a-hole-in-one\/","name":"September 22, 2011 in Wayne, NJ: 2nd Annual New Jersey Chapter - Team Zoey Golf Outing a Hole in One. - The Progeria Research Foundation","isPartOf":{"@id":"https:\/\/www.progeriaresearch.org\/ta\/#website"},"primaryImageOfPage":{"@id":"https:\/\/www.progeriaresearch.org\/ta\/september-22-2011-in-wayne-nj-2nd-annual-new-jersey-chapter-team-zoey-golf-outing-a-hole-in-one\/#primaryimage"},"image":{"@id":"https:\/\/www.progeriaresearch.org\/ta\/september-22-2011-in-wayne-nj-2nd-annual-new-jersey-chapter-team-zoey-golf-outing-a-hole-in-one\/#primaryimage"},"thumbnailUrl":"https:\/\/web.archive.org\/web\/20151026014444im_\/https:\/\/www.progeriaresearch.org\/assets\/images\/events_images\/Rabbi-Kushner-speaking-at-dinner..jpg","datePublished":"2017-06-19T19:35:54+00:00","breadcrumb":{"@id":"https:\/\/www.progeriaresearch.org\/ta\/september-22-2011-in-wayne-nj-2nd-annual-new-jersey-chapter-team-zoey-golf-outing-a-hole-in-one\/#breadcrumb"},"inLanguage":"pt-PT","potentialAction":[{"@type":"ReadAction","target":["https:\/\/www.progeriaresearch.org\/ta\/september-22-2011-in-wayne-nj-2nd-annual-new-jersey-chapter-team-zoey-golf-outing-a-hole-in-one\/"]}]},{"@type":"ImageObject","inLanguage":"pt-PT","@id":"https:\/\/www.progeriaresearch.org\/ta\/september-22-2011-in-wayne-nj-2nd-annual-new-jersey-chapter-team-zoey-golf-outing-a-hole-in-one\/#primaryimage","url":"https:\/\/web.archive.org\/web\/20151026014444im_\/https:\/\/www.progeriaresearch.org\/assets\/images\/events_images\/Rabbi-Kushner-speaking-at-dinner..jpg","contentUrl":"https:\/\/web.archive.org\/web\/20151026014444im_\/https:\/\/www.progeriaresearch.org\/assets\/images\/events_images\/Rabbi-Kushner-speaking-at-dinner..jpg"},{"@type":"BreadcrumbList","@id":"https:\/\/www.progeriaresearch.org\/ta\/september-22-2011-in-wayne-nj-2nd-annual-new-jersey-chapter-team-zoey-golf-outing-a-hole-in-one\/#breadcrumb","itemListElement":[{"@type":"ListItem","position":1,"name":"Home","item":"https:\/\/www.progeriaresearch.org\/"},{"@type":"ListItem","position":2,"name":"September 22, 2011 in Wayne, NJ: 2nd Annual New Jersey Chapter &#8211; Team Zoey Golf Outing a Hole in One."}]},{"@type":"WebSite","@id":"https:\/\/www.progeriaresearch.org\/ta\/#website","url":"https:\/\/www.progeriaresearch.org\/ta\/","name":"Funda\u00e7\u00e3o de Pesquisa Progeria","description":"Pelas Crian\u00e7as \u2665 Pela Cura","publisher":{"@id":"https:\/\/www.progeriaresearch.org\/ta\/#organization"},"potentialAction":[{"@type":"SearchAction","target":{"@type":"EntryPoint","urlTemplate":"https:\/\/www.progeriaresearch.org\/ta\/?s={search_term_string}"},"query-input":{"@type":"PropertyValueSpecification","valueRequired":true,"valueName":"search_term_string"}}],"inLanguage":"pt-PT"},{"@type":"Organization","@id":"https:\/\/www.progeriaresearch.org\/ta\/#organization","name":"Funda\u00e7\u00e3o de Pesquisa Progeria","url":"https:\/\/www.progeriaresearch.org\/ta\/","logo":{"@type":"ImageObject","inLanguage":"pt-PT","@id":"https:\/\/www.progeriaresearch.org\/ta\/#\/schema\/logo\/image\/","url":"https:\/\/www.progeriaresearch.org\/wp-content\/uploads\/2019\/05\/PRF_Logo_2019_optimized.png","contentUrl":"https:\/\/www.progeriaresearch.org\/wp-content\/uploads\/2019\/05\/PRF_Logo_2019_optimized.png","width":300,"height":86,"caption":"The Progeria Research Foundation"},"image":{"@id":"https:\/\/www.progeriaresearch.org\/ta\/#\/schema\/logo\/image\/"},"sameAs":["https:\/\/www.facebook.com\/ProgeriaResearch\/","https:\/\/x.com\/Progeria","https:\/\/www.instagram.com\/progeriaresearch\/"]}]}},"_links":{"self":[{"href":"https:\/\/www.progeriaresearch.org\/pt\/wp-json\/wp\/v2\/pages\/2408","targetHints":{"allow":["GET"]}}],"collection":[{"href":"https:\/\/www.progeriaresearch.org\/pt\/wp-json\/wp\/v2\/pages"}],"about":[{"href":"https:\/\/www.progeriaresearch.org\/pt\/wp-json\/wp\/v2\/types\/page"}],"author":[{"embeddable":true,"href":"https:\/\/www.progeriaresearch.org\/pt\/wp-json\/wp\/v2\/users\/1"}],"replies":[{"embeddable":true,"href":"https:\/\/www.progeriaresearch.org\/pt\/wp-json\/wp\/v2\/comments?post=2408"}],"version-history":[{"count":0,"href":"https:\/\/www.progeriaresearch.org\/pt\/wp-json\/wp\/v2\/pages\/2408\/revisions"}],"wp:attachment":[{"href":"https:\/\/www.progeriaresearch.org\/pt\/wp-json\/wp\/v2\/media?parent=2408"}],"curies":[{"name":"wp","href":"https:\/\/api.w.org\/{rel}","templated":true}]}}