{"id":7893,"date":"2021-09-05T13:44:49","date_gmt":"2021-09-05T17:44:49","guid":{"rendered":"https:\/\/www.progeriaresearch.org\/?page_id=7893"},"modified":"2023-09-21T12:44:16","modified_gmt":"2023-09-21T16:44:16","slug":"2022-workshop-abstract-guidelines","status":"publish","type":"page","link":"https:\/\/www.progeriaresearch.org\/pt\/2022-workshop-abstract-guidelines\/","title":{"rendered":"Diretrizes para Resumos de Workshops de 2022"},"content":{"rendered":"<p>[et_pb_section fb_built=\u201d1\u2033 fullwidth=\u201don\u201d disabled_on=\u201doff|off|off\u201d _builder_version=\u201d4.16\u2033 border_width_bottom=\u201d55px\u201d border_color_bottom=\u201d#29327a\u201d locked=\u201doff\u201d global_colors_info=\u201d{}\u201d][et_pb_fullwidth_image src=\u201dhttps:\/\/www.progeriaresearch.org\/wp-content\/uploads\/2021\/11\/2022-Banner-NewDates.jpg\u201d title_text=\u201dBanner de 2022 com Novas Datas\u201d _builder_version=\u201d4.16\u2033 z_index_tablet=\u201d500\u2033 global_colors_info=\u201d{}\u201d]<br \/>\n[\/et_pb_fullwidth_image][\/et_pb_section][et_pb_section fb_built=\u201d1\u2033 use_custom_gutter=\u201don\u201d gutter_width=\u201d1\u2033 specialty=\u201don\u201d padding_left_1=\u201d35px\u201d padding_left_2=\u201d35px\u201d padding_2_tablet=\u201d|||0px\u201d padding_2_phone=\u201d|||0px\u201d padding_2_last_edited=\u201don|desktop\u201d module_class_1=\u201dsidebar-secondary-nav\u201d module_class=\u201dhandprint-bg\u201d _builder_version=\u201d4.16\u2033 background_image=\u201dhttps:\/\/www.progeriaresearch.org\/wp-content\/uploads\/2019\/04\/blue-handprint-only.png\u201d parallax=\u201don\u201d parallax_method=\u201doff\u201d inner_width=\u201d100%\u201d inner_max_width=\u201d100%\u201d custom_padding=\u201d0|0px|54px|0px|false|false\u201d z_index_tablet=\u201d500\u2033 border_width_top=\u201d10px\u201d border_color_top=\u201d#8fd2ed\u201d use_custom_width=\u201don\u201d width_unit=\u201doff\u201d custom_width_percent=\u201d100%\u201d global_colors_info=\u201d{}\u201d][et_pb_column type=\u201d1_4\u2033 _builder_version=\u201d4.16\u2033 custom_padding=\u201d|||\u201d global_colors_info=\u201d{}\u201d custom_padding__hover=\u201d|||\u201d][et_pb_sidebar area=\u201det_pb_widget_area_29\u2033 disabled_on=\u201doff|off|off\u201d admin_label=\u201dWorkshop 2022\u2033 module_class=\u201dsubpage-sidebars\u201d _builder_version=\u201d4.16\u2033 _dynamic_attributes=\u201dlink_option_url\u201d animation_style=\u201dfade\u201d link_option_url=\u201d@ET-DC@eyJkeW5hbWljIjp0cnVlLCJjb250ZW50IjoicG9zdF9saW5rX3VybF9wb3N0Iiwic2V0dGluZ3MiOnsicG9zdF9pZCI6IjEyODc3In19@\u201d z_index_tablet=\u201d500\u2033 border_width_right=\u201d5px\u201d locked=\u201doff\u201d global_colors_info=\u201d{}\u201d]<br \/>\n[\/et_pb_sidebar][\/et_pb_column][et_pb_column type=&#8221;3_4&#8243; specialty_columns=&#8221;3&#8243; _builder_version=&#8221;4.16&#8243; custom_padding=&#8221;|||&#8221; global_colors_info=&#8221;{}&#8221; custom_padding__hover=&#8221;|||&#8221;][et_pb_row_inner custom_padding_last_edited=&#8221;on|phone&#8221; _builder_version=&#8221;4.16&#8243; custom_padding=&#8221;39.4375px|35px|35px||false|false&#8221; custom_padding_tablet=&#8221;|35px||35px||true&#8221; custom_padding_phone=&#8221;&#8221; animation_direction=&#8221;top&#8221; global_colors_info=&#8221;{}&#8221;][et_pb_column_inner saved_specialty_column_type=&#8221;3_4&#8243; _builder_version=&#8221;4.16&#8243; custom_padding=&#8221;|||&#8221; global_colors_info=&#8221;{}&#8221; custom_padding__hover=&#8221;|||&#8221;][et_pb_text admin_label=&#8221;Abstract&#8221; _builder_version=&#8221;4.16&#8243; text_text_color=&#8221;#000000&#8243; text_font_size=&#8221;18px&#8221; header_font=&#8221;||on||||||&#8221; header_text_color=&#8221;#00b2e2&#8243; background_size=&#8221;initial&#8221; background_position=&#8221;top_left&#8221; background_repeat=&#8221;repeat&#8221; z_index_tablet=&#8221;500&#8243; global_colors_info=&#8221;{}&#8221;]<\/p>\n<h3>Envio de Resumos de Palestrantes\/P\u00f4steres<\/h3>\n<p>&nbsp;<\/p>\n<ul>\n<li><b>Prazo final - <\/b><strong>12 de outubro de 2022.<\/strong><\/li>\n<li><strong>Resumo do palestrante \u2013<\/strong> Todas as apresenta\u00e7\u00f5es orais s\u00e3o por <strong>somente para convidados.<\/strong><\/li>\n<li><strong>Resumo do p\u00f4ster \u2013<\/strong> Todos os apresentadores de p\u00f4steres tamb\u00e9m participar\u00e3o das sess\u00f5es de p\u00f4steres rel\u00e2mpago.<\/li>\n<li><b>M\u00e9todo de submiss\u00e3o <\/b>\u2013 via e-mail \u2013 envie os formul\u00e1rios preenchidos para <a href=\"mailto:workshop@progeriaresearch.org\">oficina@progeriaresearch.org<\/a>.<\/li>\n<li><b>Formato \u2013 <\/b>\u00a0por favor use o formul\u00e1rio fornecido. N\u00e3o ajuste as margens. Tamanho da fonte 11-pt. ou maior.<\/li>\n<li><strong>Dimens\u00f5es do p\u00f4ster \u2013<\/strong> 3\u2032 de largura x 3,5\u2032 de altura, 0,9144 metros de largura x 1,0668 metros de altura ou menor<\/li>\n<\/ul>\n<p>[\/et_pb_text][\/et_pb_column_inner][\/et_pb_row_inner][et_pb_row_inner column_structure=&#8221;1_2,1_2&#8243; admin_label=&#8221;Row&#8221; _builder_version=&#8221;4.16&#8243; global_colors_info=&#8221;{}&#8221;][et_pb_column_inner type=&#8221;1_2&#8243; saved_specialty_column_type=&#8221;3_4&#8243; _builder_version=&#8221;4.16&#8243; custom_padding=&#8221;|||&#8221; global_colors_info=&#8221;{}&#8221; custom_padding__hover=&#8221;|||&#8221;][et_pb_button button_url=&#8221;https:\/\/www.progeriaresearch.org\/wp-content\/uploads\/2022\/02\/2022-Speaker-Abstract-Form-1.docx&#8221; button_text=&#8221;Speaker Abstract Form&#8221; admin_label=&#8221;Speaker&#8221; _builder_version=&#8221;4.16&#8243; background_layout=&#8221;dark&#8221; z_index_tablet=&#8221;500&#8243; global_colors_info=&#8221;{}&#8221;][\/et_pb_button][\/et_pb_column_inner][et_pb_column_inner type=&#8221;1_2&#8243; saved_specialty_column_type=&#8221;3_4&#8243; _builder_version=&#8221;4.16&#8243; custom_padding=&#8221;|||&#8221; global_colors_info=&#8221;{}&#8221; custom_padding__hover=&#8221;|||&#8221;][et_pb_button button_url=&#8221;https:\/\/www.progeriaresearch.org\/wp-content\/uploads\/2022\/02\/2022-Poster-Form-1.docx&#8221; button_text=&#8221;Poster Abstract Form&#8221; admin_label=&#8221;Poster&#8221; _builder_version=&#8221;4.16&#8243; background_layout=&#8221;dark&#8221; z_index_tablet=&#8221;500&#8243; global_colors_info=&#8221;{}&#8221;][\/et_pb_button][\/et_pb_column_inner][\/et_pb_row_inner][et_pb_row_inner admin_label=&#8221;Row&#8221; _builder_version=&#8221;4.16&#8243; global_colors_info=&#8221;{}&#8221;][et_pb_column_inner saved_specialty_column_type=&#8221;3_4&#8243; _builder_version=&#8221;4.16&#8243; custom_padding=&#8221;|||&#8221; global_colors_info=&#8221;{}&#8221; custom_padding__hover=&#8221;|||&#8221;][et_pb_text admin_label=&#8221;Lightening Poster Session&#8221; _builder_version=&#8221;4.17.6&#8243; z_index_tablet=&#8221;500&#8243; global_colors_info=&#8221;{}&#8221;]<\/p>\n<h3>Sess\u00e3o de p\u00f4steres rel\u00e2mpago<\/h3>\n<p><strong>O que \u00e9?<\/strong><br \/>As &#039;rondas de cartazes rel\u00e2mpago&#039; s\u00e3o uma oportunidade\u00a0<strong>para todos os apresentadores de p\u00f4steres<\/strong>\u00a0para entregar uma introdu\u00e7\u00e3o &#039;teaser&#039; para envolver e energizar rapidamente os participantes do workshop sobre o t\u00f3pico de sua pesquisa. A inten\u00e7\u00e3o \u00e9 fornecer um resumo divertido e emocionante do t\u00f3pico de cada apresentador que incentive mais di\u00e1logos posteriormente no programa.<\/p>\n<p><strong>Como ser\u00e1 conduzido?<\/strong><br \/>Cada apresentador de p\u00f4ster enviar\u00e1 um \u00fanico slide e ter\u00e1 at\u00e9 um minuto para se levantar e motivar os participantes da reuni\u00e3o sobre o t\u00f3pico de seu p\u00f4ster, que ser\u00e1 apresentado no sal\u00e3o de p\u00f4steres mais tarde \u00e0 noite. O slide pode incluir qualquer componente da pesquisa, mas evite simplesmente incluir uma foto de todo o seu p\u00f4ster ou simplesmente um slide de t\u00edtulo. Esta \u00e9 uma \u00f3tima maneira de envolver o grupo em sua fant\u00e1stica pesquisa. Voc\u00ea pode come\u00e7ar com &quot;Venha para o MEU p\u00f4ster porque...&quot;, ou qualquer maneira que voc\u00ea ache que ser\u00e1 nova e divertida.<\/p>\n<p><span style=\"color: #ff0000;\"><strong>O prazo para enviar seu slide \u00e9 12 de outubro. Envie um e-mail para: <\/strong><\/span><a href=\"mailto:workshop@progeriaresearch.org\" contenteditable=\"false\" title=\"mailto:workshop@progeriaresearch.org\">oficina@progeriaresearch.org<\/a><span style=\"color: #ff0000;\"><strong>.<\/strong><\/span><\/p>\n<p>[\/et_pb_text][\/et_pb_column_inner][\/et_pb_row_inner][\/et_pb_column][\/et_pb_section][et_pb_section fb_built=\u201d1\u2033 module_class=\u201drodap\u00e9\u201d _builder_version=\u201d4.21.0\u2033 background_color=\u201d#29327a\u201d custom_margin=\u201d-2px|||||\u201d custom_padding=\u201d0|0px|0|0px|false|false\u201d z_index_tablet=\u201d500\u2033 border_width_top=\u201d12px\u201d border_color_top=\u201d#00b2e2\u2033 global_module=\u201d133\u2033 locked=\u201doff\u201d global_colors_info=\u201d{}\u201d][et_pb_row column_structure=\u201d1_4,1_4,1_2\u2033 make_equal=\u201don\u201d module_class=\u201d et_pb_row_fullwidth\u201d _builder_version=\u201d4.16\u2033 width=\u201d89%\u201d width_tablet=\u201d80%\u201d width_phone=\u201d\u201d width_last_edited=\u201don|desktop\u201d max_width=\u201d89%\u201d max_width_tablet=\u201d80%\u201d max_width_phone=\u201d\u201d max_width_last_edited=\u201don|desktop\u201d z_index_tablet=\u201d500\u2033 make_fullwidth=\u201don\u201d width_unit=\u201doff\u201d custom_width_percent=\u201d100%\u201d global_colors_info=\u201d{}\u201d][et_pb_column type=\u201d1_4\u2033 _builder_version=\u201d4.16\u2033 custom_padding=\u201d|||\u201d global_colors_info=\u201d{}\u201d custom_padding__hover=\u201d|||\u201d][et_pb_cta button_url=\u201dhttps:\/\/www.progeriaresearch.org\/newsletter-signup\/\u201d button_text=\u201dInscreva-se agora\u201d admin_label=\u201dInscreva-se para receber o boletim informativo\u201d module_class=\u201dsign-btn\u201d _builder_version=\u201d4.16\u2033 header_font_size=\u201d25px\u201d background_color=\u201d#29327a\u201d animation_style=\u201dslide\u201d animation_direction=\u201dleft\u201d animation_intensity_slide=\u201d25%\u201d header_font_size_tablet=\u201d\u201d header_font_size_phone=\u201d30px\u201d header_font_size_last_edited=\u201don|desktop\u201d z_index_tablet=\u201d500\u2033 border_radii=\u201dligado|25px|25px|25px|25px\u201d global_colors_info=\u201d{}\u201d button_bg_color__hover_enabled=\u201dligado\u201d button_bg_color__hover=\u201d#8fd2ed\u201d button_border_color__hover_enabled=\u201dligado\u201d]<\/p>\n<h2>Inscrever-se<\/h2>\n<h2>para o nosso<\/h2>\n<h2>Boletim informativo!<\/h2>\n<p>[\/et_pb_cta][\/et_pb_column][et_pb_column type=\u201d1_4\u2033 _builder_version=\u201d4.16\u2033 custom_padding=\u201d|||\u201d global_colors_info=\u201d{}\u201d custom_padding__hover=\u201d|||\u201d][et_pb_cta button_url=\u201dhttps:\/\/progeriaresearch.donorsupport.co\/-\/XZHJVWZR\u201d button_text=\u201dDoe agora\u201d admin_label=\u201dJuntos, encontraremos a cura!\u201d module_class=\u201dsign-btn\u201d _builder_version=\u201d4.16\u2033 header_font_size=\u201d25px\u201d background_color=\u201d#29327a\u201d animation_style=\u201dslide\u201d animation_direction=\u201dleft\u201d animation_intensity_slide=\u201d25%\u201d header_font_size_tablet=\u201d\u201d header_font_size_phone=\u201d30px\u201d header_font_size_last_edited=\u201don|desktop\u201d body_font_size_tablet=\u201d\u201d body_font_size_phone=\u201d\u201d body_font_size_last_edited=\u201don|desktop\u201d z_index_tablet=\u201d500\u2033 border_radii=\u201don|25px|25px|25px|25px\u201d global_colors_info=\u201d{}\u201d button_bg_color__hover_enabled=\u201don\u201d bot\u00e3o_bg_color__hover=\u201d#8fd2ed\u201d bot\u00e3o_border_color__hover_enabled=\u201don\u201d]<\/p>\n<h2>Juntos, n\u00f3s<\/h2>\n<h2><em>VAI<\/em><\/h2>\n<h2>encontre a cura!<\/h2>\n<p>[\/et_pb_cta][\/et_pb_column][et_pb_column tipo=\u201d1_2\u2033 _builder_version=\u201d4.16\u2033 preenchimento_personalizado=\u201d|||\u201d global_colors_info=\u201d{}\u201d custom_padding__hover=\u201d|||\u201d][et_pb_image src=\u201dhttps:\/\/www.progeriaresearch.org\/wp-content\/uploads\/2023\/06\/2023-footer-strip-5.png\u201d title_text=\u201dFaixa de rodap\u00e9 2023 5\u2033 _builder_version=\u201d4.21.0\u2033 _module_preset=\u201ddefault\u201d custom_margin=\u201d35px||||false|false\u201d global_colors_info=\u201d{}\u201d][\/et_pb_image][\/et_pb_column][\/et_pb_row][\/et_pb_section]<\/p>","protected":false},"excerpt":{"rendered":"<p>Prazo para submiss\u00e3o de resumos de apresenta\u00e7\u00f5es orais\/p\u00f4steres: 12 de outubro de 2022. Resumos de apresenta\u00e7\u00f5es orais: Todas as apresenta\u00e7\u00f5es orais s\u00e3o apenas para convidados. Resumos de p\u00f4steres: Todos os apresentadores de p\u00f4steres tamb\u00e9m participar\u00e3o das sess\u00f5es rel\u00e2mpago de p\u00f4steres. M\u00e9todo de submiss\u00e3o: via e-mail \u2013 envie os formul\u00e1rios preenchidos para workshop@progeriaresearch.org. Formato: utilize o formul\u00e1rio fornecido. N\u00e3o altere [\u2026]<\/p>","protected":false},"author":2,"featured_media":0,"parent":0,"menu_order":0,"comment_status":"closed","ping_status":"closed","template":"","meta":{"_et_pb_use_builder":"on","_et_pb_old_content":"","_et_gb_content_width":"","footnotes":"","_links_to":"","_links_to_target":""},"class_list":["post-7893","page","type-page","status-publish","hentry"],"yoast_head":"<!-- This site is optimized with the Yoast SEO plugin v26.8 - https:\/\/yoast.com\/product\/yoast-seo-wordpress\/ -->\n<title>2022 Abstract | The Progeria Research Foundation<\/title>\n<meta name=\"robots\" content=\"index, follow, max-snippet:-1, max-image-preview:large, max-video-preview:-1\" \/>\n<link rel=\"canonical\" href=\"https:\/\/www.progeriaresearch.org\/pt\/2022-workshop-abstract-guidelines\/\" \/>\n<meta property=\"og:locale\" content=\"pt_PT\" \/>\n<meta property=\"og:type\" content=\"article\" \/>\n<meta property=\"og:title\" content=\"2022 Abstract | The Progeria Research Foundation\" \/>\n<meta property=\"og:description\" content=\"Speaker\/Poster Abstract Submission &nbsp; Deadline \u2013 October 12, 2022. Speaker Abstract - All oral presentations are by invitation only. Poster Abstract - All poster presenters will also participate in the lightning poster sessions. Method of submission \u2013 via email - send completed forms to workshop@progeriaresearch.org. Format - \u00a0please use the form provided. Do not adjust [&hellip;]\" \/>\n<meta property=\"og:url\" content=\"https:\/\/www.progeriaresearch.org\/pt\/2022-workshop-abstract-guidelines\/\" \/>\n<meta property=\"og:site_name\" content=\"The Progeria Research Foundation\" \/>\n<meta property=\"article:publisher\" content=\"https:\/\/www.facebook.com\/ProgeriaResearch\/\" \/>\n<meta property=\"article:modified_time\" content=\"2023-09-21T16:44:16+00:00\" \/>\n<meta name=\"twitter:card\" content=\"summary_large_image\" \/>\n<meta name=\"twitter:site\" content=\"@Progeria\" \/>\n<meta name=\"twitter:label1\" content=\"Est. reading time\" \/>\n\t<meta name=\"twitter:data1\" content=\"3 minutos\" \/>\n<script type=\"application\/ld+json\" class=\"yoast-schema-graph\">{\"@context\":\"https:\/\/schema.org\",\"@graph\":[{\"@type\":\"WebPage\",\"@id\":\"https:\/\/www.progeriaresearch.org\/zh\/2022-workshop-abstract-guidelines\/\",\"url\":\"https:\/\/www.progeriaresearch.org\/zh\/2022-workshop-abstract-guidelines\/\",\"name\":\"2022 Abstract | The Progeria Research Foundation\",\"isPartOf\":{\"@id\":\"https:\/\/www.progeriaresearch.org\/ta\/#website\"},\"datePublished\":\"2021-09-05T17:44:49+00:00\",\"dateModified\":\"2023-09-21T16:44:16+00:00\",\"breadcrumb\":{\"@id\":\"https:\/\/www.progeriaresearch.org\/zh\/2022-workshop-abstract-guidelines\/#breadcrumb\"},\"inLanguage\":\"pt-PT\",\"potentialAction\":[{\"@type\":\"ReadAction\",\"target\":[\"https:\/\/www.progeriaresearch.org\/zh\/2022-workshop-abstract-guidelines\/\"]}]},{\"@type\":\"BreadcrumbList\",\"@id\":\"https:\/\/www.progeriaresearch.org\/zh\/2022-workshop-abstract-guidelines\/#breadcrumb\",\"itemListElement\":[{\"@type\":\"ListItem\",\"position\":1,\"name\":\"Home\",\"item\":\"https:\/\/www.progeriaresearch.org\/\"},{\"@type\":\"ListItem\",\"position\":2,\"name\":\"2022 Workshop Abstract Guidelines\"}]},{\"@type\":\"WebSite\",\"@id\":\"https:\/\/www.progeriaresearch.org\/ta\/#website\",\"url\":\"https:\/\/www.progeriaresearch.org\/ta\/\",\"name\":\"The Progeria Research Foundation\",\"description\":\"For the Children \u2665 For the Cure\",\"publisher\":{\"@id\":\"https:\/\/www.progeriaresearch.org\/ta\/#organization\"},\"potentialAction\":[{\"@type\":\"SearchAction\",\"target\":{\"@type\":\"EntryPoint\",\"urlTemplate\":\"https:\/\/www.progeriaresearch.org\/ta\/?s={search_term_string}\"},\"query-input\":{\"@type\":\"PropertyValueSpecification\",\"valueRequired\":true,\"valueName\":\"search_term_string\"}}],\"inLanguage\":\"pt-PT\"},{\"@type\":\"Organization\",\"@id\":\"https:\/\/www.progeriaresearch.org\/ta\/#organization\",\"name\":\"The Progeria Research Foundation\",\"url\":\"https:\/\/www.progeriaresearch.org\/ta\/\",\"logo\":{\"@type\":\"ImageObject\",\"inLanguage\":\"pt-PT\",\"@id\":\"https:\/\/www.progeriaresearch.org\/ta\/#\/schema\/logo\/image\/\",\"url\":\"https:\/\/www.progeriaresearch.org\/wp-content\/uploads\/2019\/05\/PRF_Logo_2019_optimized.png\",\"contentUrl\":\"https:\/\/www.progeriaresearch.org\/wp-content\/uploads\/2019\/05\/PRF_Logo_2019_optimized.png\",\"width\":300,\"height\":86,\"caption\":\"The Progeria Research Foundation\"},\"image\":{\"@id\":\"https:\/\/www.progeriaresearch.org\/ta\/#\/schema\/logo\/image\/\"},\"sameAs\":[\"https:\/\/www.facebook.com\/ProgeriaResearch\/\",\"https:\/\/x.com\/Progeria\",\"https:\/\/www.instagram.com\/progeriaresearch\/\"]}]}<\/script>\n<!-- \/ Yoast SEO plugin. -->","yoast_head_json":{"title":"Resumo de 2022 | Funda\u00e7\u00e3o de Pesquisa sobre Progeria","robots":{"index":"index","follow":"follow","max-snippet":"max-snippet:-1","max-image-preview":"max-image-preview:large","max-video-preview":"max-video-preview:-1"},"canonical":"https:\/\/www.progeriaresearch.org\/pt\/2022-workshop-abstract-guidelines\/","og_locale":"pt_PT","og_type":"article","og_title":"2022 Abstract | The Progeria Research Foundation","og_description":"Speaker\/Poster Abstract Submission &nbsp; Deadline \u2013 October 12, 2022. Speaker Abstract - All oral presentations are by invitation only. Poster Abstract - All poster presenters will also participate in the lightning poster sessions. Method of submission \u2013 via email - send completed forms to workshop@progeriaresearch.org. Format - \u00a0please use the form provided. Do not adjust [&hellip;]","og_url":"https:\/\/www.progeriaresearch.org\/pt\/2022-workshop-abstract-guidelines\/","og_site_name":"The Progeria Research Foundation","article_publisher":"https:\/\/www.facebook.com\/ProgeriaResearch\/","article_modified_time":"2023-09-21T16:44:16+00:00","twitter_card":"summary_large_image","twitter_site":"@Progeria","twitter_misc":{"Est. reading time":"3 minutos"},"schema":{"@context":"https:\/\/schema.org","@graph":[{"@type":"WebPage","@id":"https:\/\/www.progeriaresearch.org\/zh\/2022-workshop-abstract-guidelines\/","url":"https:\/\/www.progeriaresearch.org\/zh\/2022-workshop-abstract-guidelines\/","name":"Resumo de 2022 | Funda\u00e7\u00e3o de Pesquisa sobre Progeria","isPartOf":{"@id":"https:\/\/www.progeriaresearch.org\/ta\/#website"},"datePublished":"2021-09-05T17:44:49+00:00","dateModified":"2023-09-21T16:44:16+00:00","breadcrumb":{"@id":"https:\/\/www.progeriaresearch.org\/zh\/2022-workshop-abstract-guidelines\/#breadcrumb"},"inLanguage":"pt-PT","potentialAction":[{"@type":"ReadAction","target":["https:\/\/www.progeriaresearch.org\/zh\/2022-workshop-abstract-guidelines\/"]}]},{"@type":"BreadcrumbList","@id":"https:\/\/www.progeriaresearch.org\/zh\/2022-workshop-abstract-guidelines\/#breadcrumb","itemListElement":[{"@type":"ListItem","position":1,"name":"Home","item":"https:\/\/www.progeriaresearch.org\/"},{"@type":"ListItem","position":2,"name":"2022 Workshop Abstract Guidelines"}]},{"@type":"WebSite","@id":"https:\/\/www.progeriaresearch.org\/ta\/#website","url":"https:\/\/www.progeriaresearch.org\/ta\/","name":"Funda\u00e7\u00e3o de Pesquisa Progeria","description":"Pelas Crian\u00e7as \u2665 Pela Cura","publisher":{"@id":"https:\/\/www.progeriaresearch.org\/ta\/#organization"},"potentialAction":[{"@type":"SearchAction","target":{"@type":"EntryPoint","urlTemplate":"https:\/\/www.progeriaresearch.org\/ta\/?s={search_term_string}"},"query-input":{"@type":"PropertyValueSpecification","valueRequired":true,"valueName":"search_term_string"}}],"inLanguage":"pt-PT"},{"@type":"Organization","@id":"https:\/\/www.progeriaresearch.org\/ta\/#organization","name":"Funda\u00e7\u00e3o de Pesquisa Progeria","url":"https:\/\/www.progeriaresearch.org\/ta\/","logo":{"@type":"ImageObject","inLanguage":"pt-PT","@id":"https:\/\/www.progeriaresearch.org\/ta\/#\/schema\/logo\/image\/","url":"https:\/\/www.progeriaresearch.org\/wp-content\/uploads\/2019\/05\/PRF_Logo_2019_optimized.png","contentUrl":"https:\/\/www.progeriaresearch.org\/wp-content\/uploads\/2019\/05\/PRF_Logo_2019_optimized.png","width":300,"height":86,"caption":"The Progeria Research Foundation"},"image":{"@id":"https:\/\/www.progeriaresearch.org\/ta\/#\/schema\/logo\/image\/"},"sameAs":["https:\/\/www.facebook.com\/ProgeriaResearch\/","https:\/\/x.com\/Progeria","https:\/\/www.instagram.com\/progeriaresearch\/"]}]}},"_links":{"self":[{"href":"https:\/\/www.progeriaresearch.org\/pt\/wp-json\/wp\/v2\/pages\/7893","targetHints":{"allow":["GET"]}}],"collection":[{"href":"https:\/\/www.progeriaresearch.org\/pt\/wp-json\/wp\/v2\/pages"}],"about":[{"href":"https:\/\/www.progeriaresearch.org\/pt\/wp-json\/wp\/v2\/types\/page"}],"author":[{"embeddable":true,"href":"https:\/\/www.progeriaresearch.org\/pt\/wp-json\/wp\/v2\/users\/2"}],"replies":[{"embeddable":true,"href":"https:\/\/www.progeriaresearch.org\/pt\/wp-json\/wp\/v2\/comments?post=7893"}],"version-history":[{"count":0,"href":"https:\/\/www.progeriaresearch.org\/pt\/wp-json\/wp\/v2\/pages\/7893\/revisions"}],"wp:attachment":[{"href":"https:\/\/www.progeriaresearch.org\/pt\/wp-json\/wp\/v2\/media?parent=7893"}],"curies":[{"name":"wp","href":"https:\/\/api.w.org\/{rel}","templated":true}]}}