{"id":7908,"date":"2021-09-05T13:46:04","date_gmt":"2021-09-05T17:46:04","guid":{"rendered":"https:\/\/www.progeriaresearch.org\/?page_id=7908"},"modified":"2022-08-24T19:49:20","modified_gmt":"2022-08-24T23:49:20","slug":"2022-workshop-hotel-reservations","status":"publish","type":"page","link":"https:\/\/www.progeriaresearch.org\/pt\/2022-workshop-hotel-reservations\/","title":{"rendered":"Reservas de hotel para o workshop de 2022"},"content":{"rendered":"<p>[et_pb_section fb_built=\u201d1\u2033 fullwidth=\u201don\u201d disabled_on=\u201doff|off|off\u201d _builder_version=\u201d4.16\u2033 border_width_bottom=\u201d55px\u201d border_color_bottom=\u201d#29327a\u201d locked=\u201doff\u201d global_colors_info=\u201d{}\u201d][et_pb_fullwidth_image src=\u201dhttps:\/\/www.progeriaresearch.org\/wp-content\/uploads\/2021\/11\/2022-Banner-NewDates.jpg\u201d title_text=\u201dBanner de 2022 com Novas Datas\u201d _builder_version=\u201d4.16\u2033 z_index_tablet=\u201d500\u2033 global_colors_info=\u201d{}\u201d]<br \/>\n[\/et_pb_fullwidth_image][\/et_pb_section][et_pb_section fb_built=\u201d1\u2033 use_custom_gutter=\u201don\u201d gutter_width=\u201d1\u2033 specialty=\u201don\u201d padding_left_1=\u201d35px\u201d padding_left_2=\u201d35px\u201d padding_2_tablet=\u201d|||0px\u201d padding_2_phone=\u201d|||0px\u201d padding_2_last_edited=\u201don|desktop\u201d module_class_1=\u201dsidebar-secondary-nav\u201d module_class=\u201dhandprint-bg\u201d _builder_version=\u201d4.16\u2033 background_image=\u201dhttps:\/\/www.progeriaresearch.org\/wp-content\/uploads\/2019\/04\/blue-handprint-only.png\u201d parallax=\u201don\u201d parallax_method=\u201doff\u201d inner_width=\u201d100%\u201d inner_max_width=\u201d100%\u201d custom_padding=\u201d0|0px|54px|0px|false|false\u201d z_index_tablet=\u201d500\u2033 border_width_top=\u201d10px\u201d border_color_top=\u201d#8fd2ed\u201d use_custom_width=\u201don\u201d width_unit=\u201doff\u201d custom_width_percent=\u201d100%\u201d global_colors_info=\u201d{}\u201d][et_pb_column type=\u201d1_4\u2033 _builder_version=\u201d4.16\u2033 custom_padding=\u201d|||\u201d global_colors_info=\u201d{}\u201d custom_padding__hover=\u201d|||\u201d][et_pb_sidebar area=\u201det_pb_widget_area_29\u2033 disabled_on=\u201doff|off|off\u201d admin_label=\u201dWorkshop 2022\u2033 module_class=\u201dsubpage-sidebars\u201d _builder_version=\u201d4.16\u2033 _dynamic_attributes=\u201dlink_option_url\u201d animation_style=\u201dfade\u201d link_option_url=\u201d@ET-DC@eyJkeW5hbWljIjp0cnVlLCJjb250ZW50IjoicG9zdF9saW5rX3VybF9wb3N0Iiwic2V0dGluZ3MiOnsicG9zdF9pZCI6IjEyODc3In19@\u201d z_index_tablet=\u201d500\u2033 border_width_right=\u201d5px\u201d locked=\u201doff\u201d global_colors_info=\u201d{}\u201d]<br \/>\n[\/et_pb_sidebar][\/et_pb_column][et_pb_column type=\u201d3_4\u2033 specialty_columns=\u201d3\u2033 _builder_version=\u201d4.16\u2033 custom_padding=\u201d|||\u201d global_colors_info=\u201d{}\u201d custom_padding__hover=\u201d|||\u201d][et_pb_row_inner custom_padding_last_edited=\u201don|phone\u201d _builder_version=\u201d4.16\u2033 custom_padding=\u201d39.4375px|35px|35px||false|false\u201d custom_padding_tablet=\u201d|35px||35px||true\u201d custom_padding_phone=\u201d\u201d animation_direction=\u201dtop\u201d global_colors_info=\u201d{}\u201d][et_pb_column_inner saved_specialty_column_type=\u201d3_4\u2033 _builder_version=\u201d4.16\u2033 custom_padding=\u201d|||\u201d global_colors_info=\u201d{}\u201d custom_padding__hover=\u201d|||\u201d][et_pb_text disabled_on=\u201doff|off|off\u201d _builder_version=\u201d4.17.6\u2033 text_text_color=\u201d#000000\u2033 text_font_size=\u201d18px\u201d header_font=\u201d||on||||||\u201d header_text_color=\u201d#00b2e2\u2033 background_size=\u201dinitial\u201d background_position=\u201dtop_left\u201d background_repeat=\u201drepeat\u201d hover_enabled=\u201d0\u2033 z_index_tablet=\u201d500\u2033 global_colors_info=\u201d{}\u201d sticky_enabled=\u201d0\u2033]<\/p>\n<h2>Reservas de Hotel<\/h2>\n<p>UM<strong> taxa especial<\/strong> foi organizado para aqueles que precisam de acomoda\u00e7\u00f5es durante a noite. Para obter o pre\u00e7o especial <strong>voc\u00ea deve indicar que est\u00e1 participando do Workshop Cient\u00edfico Internacional da PRF.<\/strong><\/p>\n<p>As reservas de quartos devem ser feitas diretamente com o hotel at\u00e9 <strong>Ter\u00e7a-feira, 11 de outubro de 2022, antes das 17h EST.<br \/><\/strong><strong>Ligue para 1.800.766.3782 (1.800.SONESTA) com o c\u00f3digo \u201c<b><span>110122PROG<\/span><\/b>&quot; ou <a href=\"https:\/\/be.synxis.com\/?adult=1&amp;arrive=2022-11-01&amp;chain=5157&amp;child=0&amp;currency=USD&amp;depart=2022-11-06&amp;group=110122PROG&amp;hotel=12050&amp;level=hotel&amp;locale=en-US&amp;rooms=1\" target=\"_blank\" rel=\"noopener\">Clique aqui.<\/a><\/strong><\/p>\n<ul style=\"list-style-type: none;\">\n<li>Hotel Real Sonesta<\/li>\n<li>40 Edwin H Land Boulevard<\/li>\n<li>Cambridge, MA 02142-1208<\/li>\n<li>Telefone: 800.766.3782 (1.800.SONESTA)<\/li>\n<li><a href=\"http:\/\/www.sonesta.com\/Boston\">www.sonesta.com\/Boston<\/a><\/li>\n<li><\/li>\n<\/ul>\n<p><img loading=\"lazy\" decoding=\"async\" class=\"size-large wp-image-8130 aligncenter\" src=\"https:\/\/www.progeriaresearch.org\/wp-content\/uploads\/2019\/08\/river-1-1024x272.jpg\" alt=\"\" width=\"1024\" height=\"272\" srcset=\"https:\/\/www.progeriaresearch.org\/wp-content\/uploads\/2019\/08\/river-1-1024x272.jpg 1024w, https:\/\/www.progeriaresearch.org\/wp-content\/uploads\/2019\/08\/river-1-300x80.jpg 300w, https:\/\/www.progeriaresearch.org\/wp-content\/uploads\/2019\/08\/river-1-768x204.jpg 768w, https:\/\/www.progeriaresearch.org\/wp-content\/uploads\/2019\/08\/river-1-1080x287.jpg 1080w, https:\/\/www.progeriaresearch.org\/wp-content\/uploads\/2019\/08\/river-1.jpg 1906w\" sizes=\"(max-width: 1024px) 100vw, 1024px\" \/><\/p>\n<p>Check-in: 15h00 Check-out: 12h00. Se voc\u00ea prev\u00ea uma chegada antecipada ou um check-out tardio, fa\u00e7a essa solicita\u00e7\u00e3o por meio de Reservas. Por favor, anote quaisquer necessidades especiais ao ligar para o hotel.<\/p>\n<h2>Tarifas dos quartos<\/h2>\n<table>\n<tbody>\n<tr>\n<th style=\"width: 184.703px;\"><strong>Sala<\/strong><\/th>\n<th style=\"width: 76.25px;\"><strong>Taxa \u00danica<\/strong><\/th>\n<th style=\"width: 81.6875px;\">Taxa Dupla<\/th>\n<th style=\"width: 71.5938px;\">Taxa Tripla<\/th>\n<th style=\"width: 70.0156px;\">Taxa qu\u00e1drupla<\/th>\n<\/tr>\n<tr>\n<td style=\"width: 184.703px;\">Quarto King com vista para Cambridge<\/td>\n<td style=\"width: 76.25px;\">$299.00<\/td>\n<td style=\"width: 81.6875px;\">$299.00<\/td>\n<td style=\"width: 71.5938px;\">$299.00<\/td>\n<td style=\"width: 70.0156px;\">$299.00<\/td>\n<\/tr>\n<tr>\n<td style=\"width: 184.703px;\">Cambridge View Duas Rainhas<\/td>\n<td style=\"width: 76.25px;\">$299.00<\/td>\n<td style=\"width: 81.6875px;\">$299.00<\/td>\n<td style=\"width: 71.5938px;\">$299.00<\/td>\n<td style=\"width: 70.0156px;\">$299.00<\/td>\n<\/tr>\n<\/tbody>\n<\/table>\n<p><em>\u00a0 *mais imposto de hotel\u00a0<\/em><\/p>\n<p>Cart\u00f5es de cr\u00e9dito: American Express, MasterCard, Visa, Discover, Diners Club e JCB aceitos. Moeda: D\u00f3lar americano.<\/p>\n<p>Eletricidade: 120 volts.<\/p>\n<p><strong>Quarto de h\u00f3spedes I<\/strong><strong>Informa\u00e7\u00f5es: <\/strong>Todos os quartos disp\u00f5em de roupa de cama luxuosa, ferro e t\u00e1bua de passar, r\u00e1dio-rel\u00f3gio com CD, televis\u00e3o de tela plana HD-LCD, acesso de alta velocidade \u00e0 Internet de cortesia (Wi-Fi e com fio), recursos ISDN, dois telefones de duas linhas, correio de voz e cofre eletr\u00f4nico. <em>Quartos acess\u00edveis e adaptados para deficientes est\u00e3o dispon\u00edveis.<\/em><\/p>\n<p><strong>Cuidados com a crian\u00e7a: <\/strong>N\u00f3s organizamos espa\u00e7o para lacta\u00e7\u00e3o e cuidados infantis dentro do hotel para aqueles que precisam de cuidados infantis. Indica\u00e7\u00f5es de cuidados infantis para quaisquer participantes tamb\u00e9m est\u00e3o dispon\u00edveis por meio de <a href=\"https:\/\/www.care.com\" target=\"_blank\" rel=\"noopener noreferrer\">www.care.com<\/a> que \u00e9 uma ag\u00eancia de cuidados infantis de renome que fornece servi\u00e7os na \u00e1rea de Cambridge.<\/p>\n<p>&nbsp;<\/p>\n<p>[\/et_pb_text][\/et_pb_column_inner][\/et_pb_row_inner][\/et_pb_column][\/et_pb_section][et_pb_section fb_built=\u201d1\u2033 module_class=\u201drodap\u00e9\u201d _builder_version=\u201d4.3.4\u2033 background_color=\u201d#29327a\u201d custom_margin=\u201d25px|||||\u201d custom_padding=\u201d0|0px|0|0px|false|false\u201d z_index_tablet=\u201d500\u2033 border_width_top=\u201d12px\u201d border_color_top=\u201d#00b2e2\u2033 global_module=\u201d133\u2033 locked=\u201doff\u201d global_colors_info=\u201d{}\u201d][et_pb_row column_structure=\u201d1_4,1_4,1_2\u2033 make_equal=\u201don\u201d module_class=\u201d et_pb_row_fullwidth\u201d _builder_version=\u201d4.16\u2033 width=\u201d89%\u201d width_tablet=\u201d80%\u201d width_phone=\u201d\u201d width_last_edited=\u201don|desktop\u201d max_width=\u201d89%\u201d max_width_tablet=\u201d80%\u201d max_width_phone=\u201d\u201d max_width_last_edited=\u201don|desktop\u201d z_index_tablet=\u201d500\u2033 make_fullwidth=\u201don\u201d width_unit=\u201doff\u201d custom_width_percent=\u201d100%\u201d global_colors_info=\u201d{}\u201d][et_pb_column type=\u201d1_4\u2033 _builder_version=\u201d4.16\u2033 custom_padding=\u201d|||\u201d global_colors_info=\u201d{}\u201d custom_padding__hover=\u201d|||\u201d][et_pb_cta button_url=\u201dhttps:\/\/www.progeriaresearch.org\/newsletter-signup\/\u201d button_text=\u201dInscreva-se agora\u201d admin_label=\u201dInscreva-se para receber o boletim informativo\u201d module_class=\u201dsign-btn\u201d _builder_version=\u201d4.16\u2033 header_font_size=\u201d25px\u201d background_color=\u201d#29327a\u201d animation_style=\u201dslide\u201d animation_direction=\u201dleft\u201d animation_intensity_slide=\u201d25%\u201d header_font_size_tablet=\u201d\u201d header_font_size_phone=\u201d30px\u201d header_font_size_last_edited=\u201don|desktop\u201d z_index_tablet=\u201d500\u2033 border_radii=\u201dligado|25px|25px|25px|25px\u201d global_colors_info=\u201d{}\u201d button_bg_color__hover_enabled=\u201dligado\u201d button_bg_color__hover=\u201d#8fd2ed\u201d button_border_color__hover_enabled=\u201dligado\u201d]<\/p>\n<h2>Inscrever-se<\/h2>\n<h2>para o nosso<\/h2>\n<h2>Boletim informativo!<\/h2>\n<p>[\/et_pb_cta][\/et_pb_column][et_pb_column type=\u201d1_4\u2033 _builder_version=\u201d4.16\u2033 custom_padding=\u201d|||\u201d global_colors_info=\u201d{}\u201d custom_padding__hover=\u201d|||\u201d][et_pb_cta button_url=\u201dhttps:\/\/progeriaresearch.donorsupport.co\/-\/XZHJVWZR\u201d button_text=\u201dDoe agora\u201d admin_label=\u201dJuntos, encontraremos a cura!\u201d module_class=\u201dsign-btn\u201d _builder_version=\u201d4.16\u2033 header_font_size=\u201d25px\u201d background_color=\u201d#29327a\u201d animation_style=\u201dslide\u201d animation_direction=\u201dleft\u201d animation_intensity_slide=\u201d25%\u201d header_font_size_tablet=\u201d\u201d header_font_size_phone=\u201d30px\u201d header_font_size_last_edited=\u201don|desktop\u201d body_font_size_tablet=\u201d\u201d body_font_size_phone=\u201d\u201d body_font_size_last_edited=\u201don|desktop\u201d z_index_tablet=\u201d500\u2033 border_radii=\u201don|25px|25px|25px|25px\u201d global_colors_info=\u201d{}\u201d button_bg_color__hover_enabled=\u201don\u201d bot\u00e3o_bg_color__hover=\u201d#8fd2ed\u201d bot\u00e3o_border_color__hover_enabled=\u201don\u201d]<\/p>\n<h2>Juntos, n\u00f3s<\/h2>\n<h2><em>VAI<\/em><\/h2>\n<h2>encontre a cura!<\/h2>\n<p>[\/et_pb_cta][\/et_pb_column][et_pb_column tipo=\u201d1_2\u2033 _builder_version=\u201d4.16\u2033 preenchimento_personalizado=\u201d|||\u201d global_colors_info=\u201d{}\u201d custom_padding__hover=\u201d|||\u201d][et_pb_image src=\u201dhttps:\/\/www.progeriaresearch.org\/wp-content\/uploads\/2021\/06\/June2021hp4temppsd.png\u201d title_text=\u201dJune2021hp4temppsd\u201d _builder_version=\u201d4.16\u2033 _module_preset=\u201ddefault\u201d custom_margin=\u201d35px||||false|false\u201d global_colors_info=\u201d{}\u201d][\/et_pb_image][\/et_pb_column][\/et_pb_row][\/et_pb_section]<\/p>","protected":false},"excerpt":{"rendered":"<p>Reservas de Hotel: Uma tarifa especial foi negociada para aqueles que necessitam de hospedagem. Para obter o pre\u00e7o especial, voc\u00ea deve informar que participar\u00e1 do Workshop Cient\u00edfico Internacional da PRF. As reservas de quarto devem ser feitas diretamente com o hotel at\u00e9 ter\u00e7a-feira, 11 de outubro de 2022, antes das 17h (hor\u00e1rio do leste dos EUA). Ligue para 1.800.766.3782 (1.800.SONESTA) com o c\u00f3digo [\u2026]<\/p>","protected":false},"author":2,"featured_media":0,"parent":0,"menu_order":0,"comment_status":"closed","ping_status":"closed","template":"","meta":{"_et_pb_use_builder":"on","_et_pb_old_content":"","_et_gb_content_width":"","footnotes":"","_links_to":"","_links_to_target":""},"class_list":["post-7908","page","type-page","status-publish","hentry"],"yoast_head":"<!-- This site is optimized with the Yoast SEO plugin v26.8 - https:\/\/yoast.com\/product\/yoast-seo-wordpress\/ -->\n<title>2022 Workshop Hotel Reservations - The Progeria Research Foundation<\/title>\n<meta name=\"robots\" content=\"index, follow, max-snippet:-1, max-image-preview:large, max-video-preview:-1\" \/>\n<link rel=\"canonical\" href=\"https:\/\/www.progeriaresearch.org\/pt\/2022-workshop-hotel-reservations\/\" \/>\n<meta property=\"og:locale\" content=\"pt_PT\" \/>\n<meta property=\"og:type\" content=\"article\" \/>\n<meta property=\"og:title\" content=\"2022 Workshop Hotel Reservations - The Progeria Research Foundation\" \/>\n<meta property=\"og:description\" content=\"Hotel Reservations A special rate has been arranged for those needing overnight accommodations. In order to obtain the special pricing you must indicate that you are attending the PRF International Scientific Workshop. Room reservations must be made directly with the hotel no later than Tuesday, October 11, 2022, before 5pm EST.Call 1.800.766.3782 (1.800.SONESTA) with the [&hellip;]\" \/>\n<meta property=\"og:url\" content=\"https:\/\/www.progeriaresearch.org\/pt\/2022-workshop-hotel-reservations\/\" \/>\n<meta property=\"og:site_name\" content=\"The Progeria Research Foundation\" \/>\n<meta property=\"article:publisher\" content=\"https:\/\/www.facebook.com\/ProgeriaResearch\/\" \/>\n<meta property=\"article:modified_time\" content=\"2022-08-24T23:49:20+00:00\" \/>\n<meta property=\"og:image\" content=\"https:\/\/www.progeriaresearch.org\/wp-content\/uploads\/2019\/08\/river-1-1024x272.jpg\" \/>\n<meta name=\"twitter:card\" content=\"summary_large_image\" \/>\n<meta name=\"twitter:site\" content=\"@Progeria\" \/>\n<meta name=\"twitter:label1\" content=\"Est. reading time\" \/>\n\t<meta name=\"twitter:data1\" content=\"5 minutos\" \/>\n<script type=\"application\/ld+json\" class=\"yoast-schema-graph\">{\"@context\":\"https:\/\/schema.org\",\"@graph\":[{\"@type\":\"WebPage\",\"@id\":\"https:\/\/www.progeriaresearch.org\/bn\/2022-workshop-hotel-reservations\/\",\"url\":\"https:\/\/www.progeriaresearch.org\/bn\/2022-workshop-hotel-reservations\/\",\"name\":\"2022 Workshop Hotel Reservations - The Progeria Research Foundation\",\"isPartOf\":{\"@id\":\"https:\/\/www.progeriaresearch.org\/ta\/#website\"},\"primaryImageOfPage\":{\"@id\":\"https:\/\/www.progeriaresearch.org\/bn\/2022-workshop-hotel-reservations\/#primaryimage\"},\"image\":{\"@id\":\"https:\/\/www.progeriaresearch.org\/bn\/2022-workshop-hotel-reservations\/#primaryimage\"},\"thumbnailUrl\":\"https:\/\/www.progeriaresearch.org\/wp-content\/uploads\/2019\/08\/river-1-1024x272.jpg\",\"datePublished\":\"2021-09-05T17:46:04+00:00\",\"dateModified\":\"2022-08-24T23:49:20+00:00\",\"breadcrumb\":{\"@id\":\"https:\/\/www.progeriaresearch.org\/bn\/2022-workshop-hotel-reservations\/#breadcrumb\"},\"inLanguage\":\"pt-PT\",\"potentialAction\":[{\"@type\":\"ReadAction\",\"target\":[\"https:\/\/www.progeriaresearch.org\/bn\/2022-workshop-hotel-reservations\/\"]}]},{\"@type\":\"ImageObject\",\"inLanguage\":\"pt-PT\",\"@id\":\"https:\/\/www.progeriaresearch.org\/bn\/2022-workshop-hotel-reservations\/#primaryimage\",\"url\":\"https:\/\/www.progeriaresearch.org\/wp-content\/uploads\/2019\/08\/river-1-1024x272.jpg\",\"contentUrl\":\"https:\/\/www.progeriaresearch.org\/wp-content\/uploads\/2019\/08\/river-1-1024x272.jpg\"},{\"@type\":\"BreadcrumbList\",\"@id\":\"https:\/\/www.progeriaresearch.org\/bn\/2022-workshop-hotel-reservations\/#breadcrumb\",\"itemListElement\":[{\"@type\":\"ListItem\",\"position\":1,\"name\":\"Home\",\"item\":\"https:\/\/www.progeriaresearch.org\/\"},{\"@type\":\"ListItem\",\"position\":2,\"name\":\"2022 Workshop Hotel Reservations\"}]},{\"@type\":\"WebSite\",\"@id\":\"https:\/\/www.progeriaresearch.org\/ta\/#website\",\"url\":\"https:\/\/www.progeriaresearch.org\/ta\/\",\"name\":\"The Progeria Research Foundation\",\"description\":\"For the Children \u2665 For the Cure\",\"publisher\":{\"@id\":\"https:\/\/www.progeriaresearch.org\/ta\/#organization\"},\"potentialAction\":[{\"@type\":\"SearchAction\",\"target\":{\"@type\":\"EntryPoint\",\"urlTemplate\":\"https:\/\/www.progeriaresearch.org\/ta\/?s={search_term_string}\"},\"query-input\":{\"@type\":\"PropertyValueSpecification\",\"valueRequired\":true,\"valueName\":\"search_term_string\"}}],\"inLanguage\":\"pt-PT\"},{\"@type\":\"Organization\",\"@id\":\"https:\/\/www.progeriaresearch.org\/ta\/#organization\",\"name\":\"The Progeria Research Foundation\",\"url\":\"https:\/\/www.progeriaresearch.org\/ta\/\",\"logo\":{\"@type\":\"ImageObject\",\"inLanguage\":\"pt-PT\",\"@id\":\"https:\/\/www.progeriaresearch.org\/ta\/#\/schema\/logo\/image\/\",\"url\":\"https:\/\/www.progeriaresearch.org\/wp-content\/uploads\/2019\/05\/PRF_Logo_2019_optimized.png\",\"contentUrl\":\"https:\/\/www.progeriaresearch.org\/wp-content\/uploads\/2019\/05\/PRF_Logo_2019_optimized.png\",\"width\":300,\"height\":86,\"caption\":\"The Progeria Research Foundation\"},\"image\":{\"@id\":\"https:\/\/www.progeriaresearch.org\/ta\/#\/schema\/logo\/image\/\"},\"sameAs\":[\"https:\/\/www.facebook.com\/ProgeriaResearch\/\",\"https:\/\/x.com\/Progeria\",\"https:\/\/www.instagram.com\/progeriaresearch\/\"]}]}<\/script>\n<!-- \/ Yoast SEO plugin. -->","yoast_head_json":{"title":"Reservas de hotel para o workshop de 2022 - Funda\u00e7\u00e3o de Pesquisa sobre Progeria","robots":{"index":"index","follow":"follow","max-snippet":"max-snippet:-1","max-image-preview":"max-image-preview:large","max-video-preview":"max-video-preview:-1"},"canonical":"https:\/\/www.progeriaresearch.org\/pt\/2022-workshop-hotel-reservations\/","og_locale":"pt_PT","og_type":"article","og_title":"2022 Workshop Hotel Reservations - The Progeria Research Foundation","og_description":"Hotel Reservations A special rate has been arranged for those needing overnight accommodations. In order to obtain the special pricing you must indicate that you are attending the PRF International Scientific Workshop. Room reservations must be made directly with the hotel no later than Tuesday, October 11, 2022, before 5pm EST.Call 1.800.766.3782 (1.800.SONESTA) with the [&hellip;]","og_url":"https:\/\/www.progeriaresearch.org\/pt\/2022-workshop-hotel-reservations\/","og_site_name":"The Progeria Research Foundation","article_publisher":"https:\/\/www.facebook.com\/ProgeriaResearch\/","article_modified_time":"2022-08-24T23:49:20+00:00","og_image":[{"url":"https:\/\/www.progeriaresearch.org\/wp-content\/uploads\/2019\/08\/river-1-1024x272.jpg","type":"","width":"","height":""}],"twitter_card":"summary_large_image","twitter_site":"@Progeria","twitter_misc":{"Est. reading time":"5 minutos"},"schema":{"@context":"https:\/\/schema.org","@graph":[{"@type":"WebPage","@id":"https:\/\/www.progeriaresearch.org\/bn\/2022-workshop-hotel-reservations\/","url":"https:\/\/www.progeriaresearch.org\/bn\/2022-workshop-hotel-reservations\/","name":"Reservas de hotel para o workshop de 2022 - Funda\u00e7\u00e3o de Pesquisa sobre Progeria","isPartOf":{"@id":"https:\/\/www.progeriaresearch.org\/ta\/#website"},"primaryImageOfPage":{"@id":"https:\/\/www.progeriaresearch.org\/bn\/2022-workshop-hotel-reservations\/#primaryimage"},"image":{"@id":"https:\/\/www.progeriaresearch.org\/bn\/2022-workshop-hotel-reservations\/#primaryimage"},"thumbnailUrl":"https:\/\/www.progeriaresearch.org\/wp-content\/uploads\/2019\/08\/river-1-1024x272.jpg","datePublished":"2021-09-05T17:46:04+00:00","dateModified":"2022-08-24T23:49:20+00:00","breadcrumb":{"@id":"https:\/\/www.progeriaresearch.org\/bn\/2022-workshop-hotel-reservations\/#breadcrumb"},"inLanguage":"pt-PT","potentialAction":[{"@type":"ReadAction","target":["https:\/\/www.progeriaresearch.org\/bn\/2022-workshop-hotel-reservations\/"]}]},{"@type":"ImageObject","inLanguage":"pt-PT","@id":"https:\/\/www.progeriaresearch.org\/bn\/2022-workshop-hotel-reservations\/#primaryimage","url":"https:\/\/www.progeriaresearch.org\/wp-content\/uploads\/2019\/08\/river-1-1024x272.jpg","contentUrl":"https:\/\/www.progeriaresearch.org\/wp-content\/uploads\/2019\/08\/river-1-1024x272.jpg"},{"@type":"BreadcrumbList","@id":"https:\/\/www.progeriaresearch.org\/bn\/2022-workshop-hotel-reservations\/#breadcrumb","itemListElement":[{"@type":"ListItem","position":1,"name":"Home","item":"https:\/\/www.progeriaresearch.org\/"},{"@type":"ListItem","position":2,"name":"2022 Workshop Hotel Reservations"}]},{"@type":"WebSite","@id":"https:\/\/www.progeriaresearch.org\/ta\/#website","url":"https:\/\/www.progeriaresearch.org\/ta\/","name":"Funda\u00e7\u00e3o de Pesquisa Progeria","description":"Pelas Crian\u00e7as \u2665 Pela Cura","publisher":{"@id":"https:\/\/www.progeriaresearch.org\/ta\/#organization"},"potentialAction":[{"@type":"SearchAction","target":{"@type":"EntryPoint","urlTemplate":"https:\/\/www.progeriaresearch.org\/ta\/?s={search_term_string}"},"query-input":{"@type":"PropertyValueSpecification","valueRequired":true,"valueName":"search_term_string"}}],"inLanguage":"pt-PT"},{"@type":"Organization","@id":"https:\/\/www.progeriaresearch.org\/ta\/#organization","name":"Funda\u00e7\u00e3o de Pesquisa Progeria","url":"https:\/\/www.progeriaresearch.org\/ta\/","logo":{"@type":"ImageObject","inLanguage":"pt-PT","@id":"https:\/\/www.progeriaresearch.org\/ta\/#\/schema\/logo\/image\/","url":"https:\/\/www.progeriaresearch.org\/wp-content\/uploads\/2019\/05\/PRF_Logo_2019_optimized.png","contentUrl":"https:\/\/www.progeriaresearch.org\/wp-content\/uploads\/2019\/05\/PRF_Logo_2019_optimized.png","width":300,"height":86,"caption":"The Progeria Research Foundation"},"image":{"@id":"https:\/\/www.progeriaresearch.org\/ta\/#\/schema\/logo\/image\/"},"sameAs":["https:\/\/www.facebook.com\/ProgeriaResearch\/","https:\/\/x.com\/Progeria","https:\/\/www.instagram.com\/progeriaresearch\/"]}]}},"_links":{"self":[{"href":"https:\/\/www.progeriaresearch.org\/pt\/wp-json\/wp\/v2\/pages\/7908","targetHints":{"allow":["GET"]}}],"collection":[{"href":"https:\/\/www.progeriaresearch.org\/pt\/wp-json\/wp\/v2\/pages"}],"about":[{"href":"https:\/\/www.progeriaresearch.org\/pt\/wp-json\/wp\/v2\/types\/page"}],"author":[{"embeddable":true,"href":"https:\/\/www.progeriaresearch.org\/pt\/wp-json\/wp\/v2\/users\/2"}],"replies":[{"embeddable":true,"href":"https:\/\/www.progeriaresearch.org\/pt\/wp-json\/wp\/v2\/comments?post=7908"}],"version-history":[{"count":0,"href":"https:\/\/www.progeriaresearch.org\/pt\/wp-json\/wp\/v2\/pages\/7908\/revisions"}],"wp:attachment":[{"href":"https:\/\/www.progeriaresearch.org\/pt\/wp-json\/wp\/v2\/media?parent=7908"}],"curies":[{"name":"wp","href":"https:\/\/api.w.org\/{rel}","templated":true}]}}