{"id":792,"date":"2017-02-26T19:16:05","date_gmt":"2017-02-26T19:16:05","guid":{"rendered":"https:\/\/www.progeriaresearch.org\/?page_id=792"},"modified":"2025-10-29T10:04:51","modified_gmt":"2025-10-29T14:04:51","slug":"research-funding-opportunities","status":"publish","type":"page","link":"https:\/\/www.progeriaresearch.org\/pt\/research-funding-opportunities\/","title":{"rendered":"Oportunidades de financiamento para pesquisa"},"content":{"rendered":"<p>[et_pb_section fb_built=&#8221;1&#8243; fullwidth=&#8221;on&#8221; disabled_on=&#8221;off|off|off&#8221; _builder_version=&#8221;4.16&#8243; border_width_bottom=&#8221;55px&#8221; border_color_bottom=&#8221;#29327a&#8221; locked=&#8221;off&#8221; global_colors_info=&#8221;{}&#8221;][et_pb_fullwidth_header _builder_version=&#8221;4.16&#8243; title_font=&#8221;||||||||&#8221; title_font_size=&#8221;55&#8243; background_color=&#8221;#29327a&#8221; background_image=&#8221;https:\/\/www.progeriaresearch.org\/wp-content\/uploads\/2020\/12\/Prachi.jpg&#8221; background_position=&#8221;center_left&#8221; custom_padding=&#8221;9vw||9vw||true&#8221; custom_padding_tablet=&#8221;&#8221; custom_padding_phone=&#8221;|56px||&#8221; custom_padding_last_edited=&#8221;on|desktop&#8221; title_font_size_tablet=&#8221;45px&#8221; title_font_size_phone=&#8221;40px&#8221; title_font_size_last_edited=&#8221;on|phone&#8221; z_index_tablet=&#8221;500&#8243; custom_css_main_element=&#8221;background-position: center 18% !important;&#8221; global_colors_info=&#8221;{}&#8221;]<\/p>\n<h1 style=\"text-align: right;\"><span style=\"color: #000080;\">Financiamento de pesquisa<\/span><\/h1>\n<h1 style=\"text-align: right;\"><span style=\"color: #000080;\">Oportunidades<\/span><\/h1>\n<p>&nbsp;<\/p>\n<p>[\/et_pb_fullwidth_header][\/et_pb_section][et_pb_section fb_built=&#8221;1&#8243; use_custom_gutter=&#8221;on&#8221; gutter_width=&#8221;1&#8243; specialty=&#8221;on&#8221; padding_left_1=&#8221;35px&#8221; padding_left_2=&#8221;35px&#8221; padding_2_tablet=&#8221;|||0px&#8221; padding_2_phone=&#8221;|||0px&#8221; padding_2_last_edited=&#8221;on|desktop&#8221; module_class_1=&#8221;sidebar-secondary-nav&#8221; module_class=&#8221;handprint-bg&#8221; _builder_version=&#8221;4.16&#8243; background_image=&#8221;https:\/\/www.progeriaresearch.org\/wp-content\/uploads\/2019\/04\/blue-handprint-only.png&#8221; parallax=&#8221;on&#8221; parallax_method=&#8221;off&#8221; inner_width=&#8221;100%&#8221; inner_max_width=&#8221;100%&#8221; custom_padding=&#8221;0|0px|54px|0px|false|false&#8221; z_index_tablet=&#8221;500&#8243; border_width_top=&#8221;10px&#8221; border_color_top=&#8221;#8fd2ed&#8221; use_custom_width=&#8221;on&#8221; width_unit=&#8221;off&#8221; custom_width_percent=&#8221;100%&#8221; global_colors_info=&#8221;{}&#8221;][et_pb_column type=&#8221;1_4&#8243; _builder_version=&#8221;4.16&#8243; custom_padding=&#8221;|||&#8221; global_colors_info=&#8221;{}&#8221; custom_padding__hover=&#8221;|||&#8221;][et_pb_sidebar area=&#8221;et_pb_widget_area_15&#8243; disabled_on=&#8221;on|on|off&#8221; module_class=&#8221;subpage-sidebars&#8221; _builder_version=&#8221;4.16&#8243; animation_style=&#8221;fade&#8221; z_index_tablet=&#8221;500&#8243; border_width_right=&#8221;5px&#8221; locked=&#8221;off&#8221; global_colors_info=&#8221;{}&#8221;]<br \/>\n[\/et_pb_sidebar][\/et_pb_column][et_pb_column type=&#8221;3_4&#8243; specialty_columns=&#8221;3&#8243; _builder_version=&#8221;4.16&#8243; custom_padding=&#8221;|||&#8221; global_colors_info=&#8221;{}&#8221; custom_padding__hover=&#8221;|||&#8221;][et_pb_row_inner custom_padding_last_edited=&#8221;on|phone&#8221; _builder_version=&#8221;4.16&#8243; custom_padding=&#8221;39.4375px|35px|35px||false|false&#8221; custom_padding_tablet=&#8221;|35px||35px||true&#8221; custom_padding_phone=&#8221;&#8221; animation_direction=&#8221;top&#8221; global_colors_info=&#8221;{}&#8221;][et_pb_column_inner saved_specialty_column_type=&#8221;3_4&#8243; _builder_version=&#8221;4.16&#8243; custom_padding=&#8221;|||&#8221; global_colors_info=&#8221;{}&#8221; custom_padding__hover=&#8221;|||&#8221;][et_pb_text _builder_version=&#8221;4.27.4&#8243; background_size=&#8221;initial&#8221; background_position=&#8221;top_left&#8221; background_repeat=&#8221;repeat&#8221; global_colors_info=&#8221;{}&#8221;]<\/p>\n<p>A Funda\u00e7\u00e3o de Pesquisa da Progeria (PRF) \u00e9 uma for\u00e7a motriz mundial na busca por tratamentos e pela cura da Progeria e seus dist\u00farbios relacionados ao envelhecimento, incluindo doen\u00e7as card\u00edacas. A PRF colocou a Progeria na vanguarda dos esfor\u00e7os de pesquisa, envolvendo grandes e renomadas institui\u00e7\u00f5es na pesquisa sobre a doen\u00e7a. Isso resultou em importantes descobertas e mais de 200 publica\u00e7\u00f5es cient\u00edficas revisadas por pares. Al\u00e9m disso, o NIH (Institutos Nacionais de Sa\u00fade dos EUA) copatrocinou diversos projetos.\u00a0<a href=\"https:\/\/www.progeriaresearch.org\/pt\/scientific-meetings\/\" target=\"_blank\" rel=\"noopener noreferrer\"> 11 oficinas cient\u00edficas<\/a>\u00a0com PRF, e o Boston Children&#039;s Hospital fez parceria com a PRF em 4 casos de Progeria.\u00a0<a href=\"https:\/\/www.progeriaresearch.org\/pt\/clinical-trial\/\" target=\"_blank\" rel=\"noopener noreferrer\">Ensaios cl\u00ednicos de medicamentos.<\/a><\/p>\n<p>O foco da pesquisa da PRF \u00e9 altamente translacional. Os t\u00f3picos devem estar de acordo com as seguintes prioridades de pesquisa:<\/p>\n<ul>\n<li>Projetos com potencial para levar a ensaios cl\u00ednicos de tratamento em at\u00e9 5 anos. Isso inclui a descoberta e\/ou teste de compostos candidatos para tratamento em modelos celulares ou animais da s\u00edndrome de Hutchinson-Gilford (HGPS). Normalmente, apenas propostas que testem compostos em um modelo animal ou celular produtor de progerina ser\u00e3o consideradas. An\u00e1lises em modelos n\u00e3o produtores de progerina s\u00e3o aceit\u00e1veis, mas apenas como compara\u00e7\u00e3o com modelos produtores de progerina e com forte justificativa.<\/li>\n<li>Desenvolvimento de terapias gen\u00e9ticas e celulares para o tratamento da Progeria<\/li>\n<li>Avalia\u00e7\u00e3o da hist\u00f3ria natural da doen\u00e7a que pode ser importante para o desenvolvimento de medidas de desfecho em ensaios de tratamento (pr\u00e9-cl\u00ednicos ou cl\u00ednicos).<\/li>\n<\/ul>\n<p>Os contratos geralmente t\u00eam dura\u00e7\u00e3o de 1 a 2 anos e variam entre \u00a31.000 e \u00a375.000 por ano.<\/p>\n<p>Para d\u00favidas sobre poss\u00edvel financiamento do PRF, envie um e-mail para <a href=\"mailto:info@progeriresearch.org\">info@progeriaresearch.org.<\/a>\u00a0 Inclua &quot;Oportunidades de Subven\u00e7\u00e3o PRF&quot; na linha de assunto.<\/p>\n<p>[\/et_pb_text][\/et_pb_column_inner][\/et_pb_row_inner][\/et_pb_column][\/et_pb_section][et_pb_section fb_built=\u201d1\u2033 module_class=\u201dfooter\u201d _builder_version=\u201d4.21.0\u2033 background_color=\u201d#29327a\u201d custom_margin=\u201d-2px|||||\u201d custom_padding=\u201d0|0px|0|0px|false|false\u201d z_index_tablet=\u201d500\u2033 border_width_top=\u201d12px\u201d border_color_top=\u201d#00b2e2\u2033 global_module=\u201d133\u2033 locked=\u201doff\u201d global_colors_info=\u201d{}\u201d][et_pb_row column_structure=\u201d1_4,1_4,1_2\u2033 make_equal=\u201don\u201d module_class=\u201d et_pb_row_fullwidth\u201d _builder_version=\u201d4.16\u2033 width=\u201d89%\u201d width_tablet=\u201d80%\u201d width_phone=\u201d\u201d width_last_edited=\u201don|desktop\u201d max_width=\u201d89%\u201d max_width_tablet=\u201d80%\u201d max_width_phone=\u201d\u201d max_width_last_edited=\u201don|desktop\u201d z_index_tablet=\u201d500\u2033 make_fullwidth=\u201don\u201d width_unit=\u201doff\u201d custom_width_percent=\u201d100%\u201d global_colors_info=\u201d{}\u201d][et_pb_column type=\u201d1_4\u2033 _builder_version=\u201d4.16\u2033 custom_padding=\u201d|||\u201d global_colors_info=\u201d{}\u201d custom_padding__hover=\u201d|||\u201d][et_pb_cta button_url=\u201dhttps:\/\/lp.constantcontactpages.com\/sl\/88gWWwz\u201d button_text=\u201dInscreva-se agora\u201d admin_label=\u201dInscreva-se para receber atualiza\u00e7\u00f5es\u201d module_class=\u201dsign-btn\u201d _builder_version=\u201d4.27.4\u2033 header_font_size=\u201d25px\u201d background_color=\u201d#29327a\u201d animation_style=\u201dslide\u201d animation_direction=\u201dleft\u201d animation_intensity_slide=\u201d25%\u201d link_option_url=\u201dhttps:\/\/lp.constantcontactpages.com\/sl\/88gWWwz\u201d header_font_size_tablet=\u201d\u201d header_font_size_phone=\u201d30px\u201d header_font_size_last_edited=\u201dem|\u00e1rea de trabalho\u201d z_index_tablet=\u201d500\u2033 border_radii=\u201dem|25px|25px|25px|25px\u201d global_colors_info=\u201d{}\u201d button_bg_color__hover_enabled=\u201dem\u201d button_bg_color__hover=\u201d#8fd2ed\u201d button_border_color__hover_enabled=\u201dem\u201d]<\/p>\n<h2>Inscrever-se<\/h2>\n<h2>para o nosso<\/h2>\n<h2>Atualiza\u00e7\u00f5es!<\/h2>\n<p>[\/et_pb_cta][\/et_pb_column][et_pb_column type=\u201d1_4\u2033 _builder_version=\u201d4.16\u2033 custom_padding=\u201d|||\u201d global_colors_info=\u201d{}\u201d custom_padding__hover=\u201d|||\u201d][et_pb_cta button_url=\u201dhttps:\/\/progeriaresearch.donorsupport.co\/-\/XZHJVWZR\u201d button_text=\u201dDoe agora\u201d admin_label=\u201dJuntos, encontraremos a cura!\u201d module_class=\u201dsign-btn\u201d _builder_version=\u201d4.16\u2033 header_font_size=\u201d25px\u201d background_color=\u201d#29327a\u201d animation_style=\u201dslide\u201d animation_direction=\u201dleft\u201d animation_intensity_slide=\u201d25%\u201d header_font_size_tablet=\u201d\u201d header_font_size_phone=\u201d30px\u201d header_font_size_last_edited=\u201don|desktop\u201d body_font_size_tablet=\u201d\u201d body_font_size_phone=\u201d\u201d body_font_size_last_edited=\u201don|desktop\u201d z_index_tablet=\u201d500\u2033 border_radii=\u201don|25px|25px|25px|25px\u201d global_colors_info=\u201d{}\u201d button_bg_color__hover_enabled=\u201don\u201d bot\u00e3o_bg_color__hover=\u201d#8fd2ed\u201d bot\u00e3o_border_color__hover_enabled=\u201don\u201d]<\/p>\n<h2>Juntos, n\u00f3s<\/h2>\n<h2><em>VAI<\/em><\/h2>\n<h2>encontre a cura!<\/h2>\n<p>[\/et_pb_cta][\/et_pb_column][et_pb_column tipo=\u201d1_2\u2033 _builder_version=\u201d4.16\u2033 custom_padding=\u201d|||\u201d global_colors_info=\u201d{}\u201d custom_padding__hover=\u201d|||\u201d][et_pb_image src=\u201dhttps:\/\/www.progeriaresearch.org\/wp-content\/uploads\/2025\/05\/2025-strip-for-website-footer-no-years.png\u201d title_text=\u201dFaixa de rodap\u00e9 de site de 2025 sem anos\u201d _builder_version=\u201d4.27.4\u2033 _module_preset=\u201ddefault\u201d custom_margin=\u201d35px||||false|false\u201d global_colors_info=\u201d{}\u201d][\/et_pb_image][\/et_pb_column][\/et_pb_row][\/et_pb_section]<\/p>","protected":false},"excerpt":{"rendered":"<p>[et_pb_section fb_built=\u201d1\u2033 fullwidth=\u201don\u201d disabled_on=\u201doff|off|off\u201d _builder_version=\u201d4.16\u2033 border_width_bottom=\u201d55px\u201d border_color_bottom=\u201d#29327a\u201d locked=\u201doff\u201d global_colors_info=\u201d{}\u201d][et_pb_fullwidth_header _builder_version=\u201d4.16\u2033 title_font=\u201d||||||||\u201d tamanho_da_fonte_do_t\u00edtulo=\u201d55\u2033 cor_de_fundo=\u201d#29327a\u201d imagem_de_fundo=\u201dhttps:\/\/www.progeriaresearch.org\/wp-content\/uploads\/2020\/12\/Prachi.jpg\u201d posi\u00e7\u00e3o_de_fundo=\u201dcentro_esquerda\u201d espa\u00e7amento_personalizado=\u201d9vw||9vw||true\u201d espa\u00e7amento_personalizado_tablet=\u201d\u201d espa\u00e7amento_personalizado_celular=\u201d|56px||\u201d espa\u00e7amento_personalizado_\u00faltima_edi\u00e7\u00e3o=\u201dativado|desktop\u201d tamanho_da_fonte_do_t\u00edtulo_tablet=\u201d45px\u201d tamanho_da_fonte_do_t\u00edtulo_celular=\u201d40px\u201d tamanho_da_fonte_do_t\u00edtulo_\u00faltima_edi\u00e7\u00e3o=\u201dativado|celular\u201d \u00edndice_z_tablet=\u201d500\u2033 css_elemento_principal_personalizado=\u201dposi\u00e7\u00e3o_de_fundo: centro 18% !important;\u201d [et_pb_fullwidth_header fb_built=\u201d1\u2033 use_custom_gutter=\u201don\u201d gutter_width=\u201d1\u2033 specialty=\u201don\u201d padding_left_1=\u201d35px\u201d padding_left_2=\u201d35px\u201d padding_2_tablet=\u201d|||0px\u201d padding_2_phone=\u201d|||0px\u201d padding_2_last_edited=\u201don|desktop\u201d module_class_1=\u201dsidebar-secondary-nav\u201d module_class=\u201dhandprint-bg\u201d _builder_version=\u201d4.16\u2033 background_image=\u201dhttps:\/\/www.progeriaresearch.org\/wp-content\/uploads\/2019\/04\/blue-handprint-only.png\u201d global_colors_info=\u201d{}\u201d] Oportunidades de Financiamento para Pesquisa [\/et_pb_fullwidth_header][\/et_pb_section][et_pb_section fb_built=\u201d1\u2033 use_custom_gutter=\u201don\u201d gutter_width=\u201d1\u2033 specialty=\u201don\u201d padding_left_1=\u201d35px\u201d padding_left_2=\u201d35px\u201d padding_2_tablet=\u201d|||0px\u201d padding_2_phone=\u201d|||0px\u201d padding_2_last_edited=\u201don|desktop\u201d module_class_1=\u201dsidebar-secondary-nav\u201d module_class=\u201dhandprint-bg\u201d _builder_version=\u201d4.16\u2033 background_image=\u201dhttps:\/\/www.progeriaresearch.org\/wp-content\/uploads\/2019\/04\/blue-handprint-only.png\u201d global_colors_info=\u201d{}\u201d] Oportunidades de Financiamento para Pesquisa parallax=\u201don\u201d parallax_method=\u201doff\u201d inner_width=\u201d100%\u201d inner_max_width=\u201d100%\u201d custom_padding=\u201d0|0px|54px|0px|false|false\u201d z_index_tablet=\u201d500\u2033 border_width_top=\u201d10px\u201d border_color_top=\u201d#8fd2ed\u201d use_custom_width=\u201don\u201d [\u2026]<\/p>","protected":false},"author":1,"featured_media":0,"parent":0,"menu_order":0,"comment_status":"closed","ping_status":"closed","template":"","meta":{"_et_pb_use_builder":"on","_et_pb_old_content":"\t\t\t\t[vc_row][vc_column][vc_custom_heading text=\"Research Funding Opportunities\" font_container=\"tag:h1|text_align:center\" use_theme_fonts=\"yes\"][vc_column_text]The Progeria Research Foundation (PRF) is a driving force worldwide in finding treatments and the cure for Progeria and its aging-related disorders, including heart disease.\u00a0 PRF has brought Progeria to the forefront of research efforts, engaging large, reputable institutions in Progeria research.\u00a0 This has resulted in major discoveries and over 100 peer-reviewed scientific publications.\u00a0 \u00a0In addition, NIH has co-sponsored\u00a0<a href=\"https:\/\/www.progeriaresearch.org\/scientific_meetings\/\" target=\"_blank\" rel=\"noopener noreferrer\">\u00a08 scientific workshops<\/a>\u00a0with PRF, and Boston Children\u2019s Hospital has partnered with PRF on 4 Progeria\u00a0<a href=\"https:\/\/www.progeriaresearch.org\/clinical_trial.html\" target=\"_blank\" rel=\"noopener noreferrer\">Clinical Drug Trials.<\/a>\r\n\r\nWe invite qualified scientists with faculty appointments or the equivalent to submit applications for the 2019\/2020 grant cycles\r\n\r\nPRF\u2019s research focus is highly translational.\u00a0 Topics must fall within the following research priorities:\r\n<ul>\r\n \t<li>Projects that are likely to lead to clinical treatment trials within 5 years. This includes the discovery and\/or testing of candidate treatment compounds in cell-based or animal models of HGPS. Only proposals that test compounds in a progerin-producing animal or cell model will normally be considered. Analyses in non progerin-producing models are acceptable, but only as a comparison to progerin-producing models and with strong justification.<\/li>\r\n \t<li>Development of gene- and cell-based therapies to treat Progeria<\/li>\r\n \t<li>Assessment of natural disease history of disease that may be important to developing outcome measures in treatment trials (preclinical or clinical)<\/li>\r\n<\/ul>\r\nAwards are typically for 1-2 years in the range of $75,000\/year.\r\n\r\nPlease click\u00a0<a href=\"https:\/\/www.progeriaresearch.org\/grant_application.html\" target=\"_blank\" rel=\"noopener noreferrer\">here<\/a> for\u00a0instructions to submit a letter of intent, the grant application, deadlines and more detailed guidelines.[\/vc_column_text][\/vc_column][\/vc_row]\t\t","_et_gb_content_width":"","footnotes":"","_links_to":"","_links_to_target":""},"class_list":["post-792","page","type-page","status-publish","hentry"],"yoast_head":"<!-- This site is optimized with the Yoast SEO plugin v26.8 - https:\/\/yoast.com\/product\/yoast-seo-wordpress\/ -->\n<title>research funding | The Progeria Research Foundation<\/title>\n<meta name=\"description\" content=\"PRF research funding opportunities.\" \/>\n<meta name=\"robots\" content=\"index, follow, max-snippet:-1, max-image-preview:large, max-video-preview:-1\" \/>\n<link rel=\"canonical\" href=\"https:\/\/www.progeriaresearch.org\/pt\/research-funding-opportunities\/\" \/>\n<meta property=\"og:locale\" content=\"pt_PT\" \/>\n<meta property=\"og:type\" content=\"article\" \/>\n<meta property=\"og:title\" content=\"research funding | The Progeria Research Foundation\" \/>\n<meta property=\"og:description\" content=\"PRF research funding opportunities.\" \/>\n<meta property=\"og:url\" content=\"https:\/\/www.progeriaresearch.org\/pt\/research-funding-opportunities\/\" \/>\n<meta property=\"og:site_name\" content=\"The Progeria Research Foundation\" \/>\n<meta property=\"article:publisher\" content=\"https:\/\/www.facebook.com\/ProgeriaResearch\/\" \/>\n<meta property=\"article:modified_time\" content=\"2025-10-29T14:04:51+00:00\" \/>\n<meta name=\"twitter:card\" content=\"summary_large_image\" \/>\n<meta name=\"twitter:site\" content=\"@Progeria\" \/>\n<meta name=\"twitter:label1\" content=\"Est. reading time\" \/>\n\t<meta name=\"twitter:data1\" content=\"2 minutos\" \/>\n<script type=\"application\/ld+json\" class=\"yoast-schema-graph\">{\"@context\":\"https:\/\/schema.org\",\"@graph\":[{\"@type\":\"WebPage\",\"@id\":\"https:\/\/www.progeriaresearch.org\/es\/research-funding-opportunities\/\",\"url\":\"https:\/\/www.progeriaresearch.org\/es\/research-funding-opportunities\/\",\"name\":\"research funding | The Progeria Research Foundation\",\"isPartOf\":{\"@id\":\"https:\/\/www.progeriaresearch.org\/ta\/#website\"},\"datePublished\":\"2017-02-26T19:16:05+00:00\",\"dateModified\":\"2025-10-29T14:04:51+00:00\",\"description\":\"PRF research funding opportunities.\",\"breadcrumb\":{\"@id\":\"https:\/\/www.progeriaresearch.org\/es\/research-funding-opportunities\/#breadcrumb\"},\"inLanguage\":\"pt-PT\",\"potentialAction\":[{\"@type\":\"ReadAction\",\"target\":[\"https:\/\/www.progeriaresearch.org\/es\/research-funding-opportunities\/\"]}]},{\"@type\":\"BreadcrumbList\",\"@id\":\"https:\/\/www.progeriaresearch.org\/es\/research-funding-opportunities\/#breadcrumb\",\"itemListElement\":[{\"@type\":\"ListItem\",\"position\":1,\"name\":\"Home\",\"item\":\"https:\/\/www.progeriaresearch.org\/\"},{\"@type\":\"ListItem\",\"position\":2,\"name\":\"Research Funding Opportunities\"}]},{\"@type\":\"WebSite\",\"@id\":\"https:\/\/www.progeriaresearch.org\/ta\/#website\",\"url\":\"https:\/\/www.progeriaresearch.org\/ta\/\",\"name\":\"The Progeria Research Foundation\",\"description\":\"For the Children \u2665 For the Cure\",\"publisher\":{\"@id\":\"https:\/\/www.progeriaresearch.org\/ta\/#organization\"},\"potentialAction\":[{\"@type\":\"SearchAction\",\"target\":{\"@type\":\"EntryPoint\",\"urlTemplate\":\"https:\/\/www.progeriaresearch.org\/ta\/?s={search_term_string}\"},\"query-input\":{\"@type\":\"PropertyValueSpecification\",\"valueRequired\":true,\"valueName\":\"search_term_string\"}}],\"inLanguage\":\"pt-PT\"},{\"@type\":\"Organization\",\"@id\":\"https:\/\/www.progeriaresearch.org\/ta\/#organization\",\"name\":\"The Progeria Research Foundation\",\"url\":\"https:\/\/www.progeriaresearch.org\/ta\/\",\"logo\":{\"@type\":\"ImageObject\",\"inLanguage\":\"pt-PT\",\"@id\":\"https:\/\/www.progeriaresearch.org\/ta\/#\/schema\/logo\/image\/\",\"url\":\"https:\/\/www.progeriaresearch.org\/wp-content\/uploads\/2019\/05\/PRF_Logo_2019_optimized.png\",\"contentUrl\":\"https:\/\/www.progeriaresearch.org\/wp-content\/uploads\/2019\/05\/PRF_Logo_2019_optimized.png\",\"width\":300,\"height\":86,\"caption\":\"The Progeria Research Foundation\"},\"image\":{\"@id\":\"https:\/\/www.progeriaresearch.org\/ta\/#\/schema\/logo\/image\/\"},\"sameAs\":[\"https:\/\/www.facebook.com\/ProgeriaResearch\/\",\"https:\/\/x.com\/Progeria\",\"https:\/\/www.instagram.com\/progeriaresearch\/\"]}]}<\/script>\n<!-- \/ Yoast SEO plugin. -->","yoast_head_json":{"title":"Financiamento para pesquisa | Funda\u00e7\u00e3o de Pesquisa sobre Progeria","description":"Oportunidades de financiamento de pesquisa da PRF.","robots":{"index":"index","follow":"follow","max-snippet":"max-snippet:-1","max-image-preview":"max-image-preview:large","max-video-preview":"max-video-preview:-1"},"canonical":"https:\/\/www.progeriaresearch.org\/pt\/research-funding-opportunities\/","og_locale":"pt_PT","og_type":"article","og_title":"research funding | The Progeria Research Foundation","og_description":"PRF research funding opportunities.","og_url":"https:\/\/www.progeriaresearch.org\/pt\/research-funding-opportunities\/","og_site_name":"The Progeria Research Foundation","article_publisher":"https:\/\/www.facebook.com\/ProgeriaResearch\/","article_modified_time":"2025-10-29T14:04:51+00:00","twitter_card":"summary_large_image","twitter_site":"@Progeria","twitter_misc":{"Est. reading time":"2 minutos"},"schema":{"@context":"https:\/\/schema.org","@graph":[{"@type":"WebPage","@id":"https:\/\/www.progeriaresearch.org\/es\/research-funding-opportunities\/","url":"https:\/\/www.progeriaresearch.org\/es\/research-funding-opportunities\/","name":"Financiamento para pesquisa | Funda\u00e7\u00e3o de Pesquisa sobre Progeria","isPartOf":{"@id":"https:\/\/www.progeriaresearch.org\/ta\/#website"},"datePublished":"2017-02-26T19:16:05+00:00","dateModified":"2025-10-29T14:04:51+00:00","description":"Oportunidades de financiamento de pesquisa da PRF.","breadcrumb":{"@id":"https:\/\/www.progeriaresearch.org\/es\/research-funding-opportunities\/#breadcrumb"},"inLanguage":"pt-PT","potentialAction":[{"@type":"ReadAction","target":["https:\/\/www.progeriaresearch.org\/es\/research-funding-opportunities\/"]}]},{"@type":"BreadcrumbList","@id":"https:\/\/www.progeriaresearch.org\/es\/research-funding-opportunities\/#breadcrumb","itemListElement":[{"@type":"ListItem","position":1,"name":"Home","item":"https:\/\/www.progeriaresearch.org\/"},{"@type":"ListItem","position":2,"name":"Research Funding Opportunities"}]},{"@type":"WebSite","@id":"https:\/\/www.progeriaresearch.org\/ta\/#website","url":"https:\/\/www.progeriaresearch.org\/ta\/","name":"Funda\u00e7\u00e3o de Pesquisa Progeria","description":"Pelas Crian\u00e7as \u2665 Pela Cura","publisher":{"@id":"https:\/\/www.progeriaresearch.org\/ta\/#organization"},"potentialAction":[{"@type":"SearchAction","target":{"@type":"EntryPoint","urlTemplate":"https:\/\/www.progeriaresearch.org\/ta\/?s={search_term_string}"},"query-input":{"@type":"PropertyValueSpecification","valueRequired":true,"valueName":"search_term_string"}}],"inLanguage":"pt-PT"},{"@type":"Organization","@id":"https:\/\/www.progeriaresearch.org\/ta\/#organization","name":"Funda\u00e7\u00e3o de Pesquisa Progeria","url":"https:\/\/www.progeriaresearch.org\/ta\/","logo":{"@type":"ImageObject","inLanguage":"pt-PT","@id":"https:\/\/www.progeriaresearch.org\/ta\/#\/schema\/logo\/image\/","url":"https:\/\/www.progeriaresearch.org\/wp-content\/uploads\/2019\/05\/PRF_Logo_2019_optimized.png","contentUrl":"https:\/\/www.progeriaresearch.org\/wp-content\/uploads\/2019\/05\/PRF_Logo_2019_optimized.png","width":300,"height":86,"caption":"The Progeria Research Foundation"},"image":{"@id":"https:\/\/www.progeriaresearch.org\/ta\/#\/schema\/logo\/image\/"},"sameAs":["https:\/\/www.facebook.com\/ProgeriaResearch\/","https:\/\/x.com\/Progeria","https:\/\/www.instagram.com\/progeriaresearch\/"]}]}},"_links":{"self":[{"href":"https:\/\/www.progeriaresearch.org\/pt\/wp-json\/wp\/v2\/pages\/792","targetHints":{"allow":["GET"]}}],"collection":[{"href":"https:\/\/www.progeriaresearch.org\/pt\/wp-json\/wp\/v2\/pages"}],"about":[{"href":"https:\/\/www.progeriaresearch.org\/pt\/wp-json\/wp\/v2\/types\/page"}],"author":[{"embeddable":true,"href":"https:\/\/www.progeriaresearch.org\/pt\/wp-json\/wp\/v2\/users\/1"}],"replies":[{"embeddable":true,"href":"https:\/\/www.progeriaresearch.org\/pt\/wp-json\/wp\/v2\/comments?post=792"}],"version-history":[{"count":0,"href":"https:\/\/www.progeriaresearch.org\/pt\/wp-json\/wp\/v2\/pages\/792\/revisions"}],"wp:attachment":[{"href":"https:\/\/www.progeriaresearch.org\/pt\/wp-json\/wp\/v2\/media?parent=792"}],"curies":[{"name":"wp","href":"https:\/\/api.w.org\/{rel}","templated":true}]}}