{"id":869,"date":"2017-02-26T21:38:55","date_gmt":"2017-02-26T21:38:55","guid":{"rendered":"https:\/\/www.progeriaresearch.org\/?page_id=869"},"modified":"2023-09-21T12:23:32","modified_gmt":"2023-09-21T16:23:32","slug":"goodsearch-com-and-goodshop-com","status":"publish","type":"page","link":"https:\/\/www.progeriaresearch.org\/pt\/goodsearch-com-and-goodshop-com\/","title":{"rendered":"Goodsearch.com e Goodshop.com"},"content":{"rendered":"<p><strong>PENNIES podem somar at\u00e9 $1.000.000 para PRF usando goodsearch.com como seu mecanismo de busca!<\/strong><\/p>\n<p>Junte-se ao Rose Budds da Adalia e fa\u00e7a do goodsearch.com seu mecanismo de busca preferido. O Goodsearch doa um centavo por busca para institui\u00e7\u00f5es de caridade como a PRF. O site \u00e9 alimentado pelo Yahoo!, ent\u00e3o voc\u00ea ter\u00e1 a mesma qualidade de resultados de busca aos quais est\u00e1 acostumado. <strong>Usando <\/strong>goodsearch.com \u00e9 f\u00e1cil \u2013 <a href=\"https:\/\/www.goodsearch.com\/nonprofit\/progeria-research-foundation-prf.aspx\">clique AQUI para se inscrever*<\/a> para PRF \u2013 leva menos de um minuto!<\/p>\n<p>Al\u00e9m disso, espalhe a palavra para seus amigos, familiares e colegas de trabalho \u2013 se todos os apoiadores da Rose Budd e PRF de Adalia ao redor do mundo usarem goodsearch.com, arrecadaremos o dinheiro necess\u00e1rio para chegar \u00e0 cura mais r\u00e1pido, para que possamos vencer esta corrida contra o tempo para Adalia e todas as crian\u00e7as com Progeria. Depois de se inscrever, tu\u00edte #PRFPenny e incentive outros a participarem. Atualizaremos esta p\u00e1gina conforme os centavos come\u00e7arem a somar!<\/p>\n<p>Nenhuma doa\u00e7\u00e3o pessoal necess\u00e1ria \u2013 Todo mundo usa mecanismos de busca, ent\u00e3o tudo o que pedimos \u00e9 que voc\u00ea use o goodsearch. \u00c9 um WIN-WIN!<\/p>\n<p>* Clique no bot\u00e3o Come\u00e7ar e digite PRF ou Progeria Research Foundation, siga as instru\u00e7\u00f5es e comece a pesquisar e comprar com goodsearch.com<\/p>\n<p><strong><img loading=\"lazy\" decoding=\"async\" class=\"alignleft\" src=\"https:\/\/www.progeriaresearch.org\/assets\/images\/donate_images\/Goodsearch-on-Comp-Zach%2C-Miles%2C-Cam--1.jpg\" width=\"200\" height=\"221\" \/><\/strong><\/p>\n<p>ARRECADE DINHEIRO PARA A PRF COMPRANDO ONLINE!: a goodshop tem mais de 200.000 ofertas, cupons e economias em lugares como Amazon, Bed, Bath &amp; Beyond, Target, JC Penney e DSW. Melhor ainda, a goodshop faz uma doa\u00e7\u00e3o de % da sua compra para a PRF quando voc\u00ea faz compras por meio dela, sem nenhum custo extra para voc\u00ea! Apenas certifique-se de escolher a Progeria Research Foundation como a causa que voc\u00ea apoia, e toda vez que voc\u00ea faz compras (e economiza!) em mais de 5.000 lojas, a PRF ganha uma doa\u00e7\u00e3o! Confira online: <a href=\"https:\/\/www.goodsearch.com\/nonprofit\/progeria-research-foundation-prf.aspx\">GoodShop para Progeria<\/a><\/p>\n<p><img loading=\"lazy\" decoding=\"async\" class=\"aligncenter\" src=\"https:\/\/www.progeriaresearch.org\/assets\/images\/get_involved_images\/photo.JPG\" alt=\"Using GoodSearch.com\" width=\"524\" height=\"524\" \/><\/p>","protected":false},"excerpt":{"rendered":"<p>Centavos podem se somar a at\u00e9 1.000.000 para a PRF usando o goodsearch.com como seu mecanismo de busca! Junte-se ao Adalia&#039;s Rose Budds e fa\u00e7a do goodsearch.com seu mecanismo de busca preferido. O Goodsearch doa um centavo por busca para institui\u00e7\u00f5es de caridade como a PRF. O site \u00e9 alimentado pelo Yahoo!, ent\u00e3o voc\u00ea ter\u00e1 a mesma qualidade de resultados de busca a que est\u00e1 acostumado. Usando [\u2026]<\/p>","protected":false},"author":1,"featured_media":0,"parent":0,"menu_order":0,"comment_status":"closed","ping_status":"closed","template":"","meta":{"_et_pb_use_builder":"","_et_pb_old_content":"","_et_gb_content_width":"","footnotes":"","_links_to":"","_links_to_target":""},"class_list":["post-869","page","type-page","status-publish","hentry"],"yoast_head":"<!-- This site is optimized with the Yoast SEO plugin v26.8 - https:\/\/yoast.com\/product\/yoast-seo-wordpress\/ -->\n<title>Goodshop | The Progeria Research Foundation<\/title>\n<meta name=\"robots\" content=\"index, follow, max-snippet:-1, max-image-preview:large, max-video-preview:-1\" \/>\n<link rel=\"canonical\" href=\"https:\/\/www.progeriaresearch.org\/pt\/goodsearch-com-and-goodshop-com\/\" \/>\n<meta property=\"og:locale\" content=\"pt_PT\" \/>\n<meta property=\"og:type\" content=\"article\" \/>\n<meta property=\"og:title\" content=\"Goodshop | The Progeria Research Foundation\" \/>\n<meta property=\"og:description\" content=\"PENNIES can add up to $1,000,000 for PRF by using goodsearch.com for your search engine! Join Adalia\u2019s Rose Budds and make goodsearch.com your go-to search engine. Goodsearch donates a penny per search, to charities like PRF. The site is powered by Yahoo!, so you&#8217;ll get the same quality search results that you&#8217;re used to. Using [&hellip;]\" \/>\n<meta property=\"og:url\" content=\"https:\/\/www.progeriaresearch.org\/pt\/goodsearch-com-and-goodshop-com\/\" \/>\n<meta property=\"og:site_name\" content=\"The Progeria Research Foundation\" \/>\n<meta property=\"article:publisher\" content=\"https:\/\/www.facebook.com\/ProgeriaResearch\/\" \/>\n<meta property=\"article:modified_time\" content=\"2023-09-21T16:23:32+00:00\" \/>\n<meta property=\"og:image\" content=\"https:\/\/www.progeriaresearch.org\/assets\/images\/donate_images\/Goodsearch-on-Comp-Zach%2C-Miles%2C-Cam--1.jpg\" \/>\n<meta name=\"twitter:card\" content=\"summary_large_image\" \/>\n<meta name=\"twitter:site\" content=\"@Progeria\" \/>\n<meta name=\"twitter:label1\" content=\"Est. reading time\" \/>\n\t<meta name=\"twitter:data1\" content=\"2 minutos\" \/>\n<script type=\"application\/ld+json\" class=\"yoast-schema-graph\">{\"@context\":\"https:\/\/schema.org\",\"@graph\":[{\"@type\":\"WebPage\",\"@id\":\"https:\/\/www.progeriaresearch.org\/es\/goodsearch-com-and-goodshop-com\/\",\"url\":\"https:\/\/www.progeriaresearch.org\/es\/goodsearch-com-and-goodshop-com\/\",\"name\":\"Goodshop | The Progeria Research Foundation\",\"isPartOf\":{\"@id\":\"https:\/\/www.progeriaresearch.org\/ta\/#website\"},\"primaryImageOfPage\":{\"@id\":\"https:\/\/www.progeriaresearch.org\/es\/goodsearch-com-and-goodshop-com\/#primaryimage\"},\"image\":{\"@id\":\"https:\/\/www.progeriaresearch.org\/es\/goodsearch-com-and-goodshop-com\/#primaryimage\"},\"thumbnailUrl\":\"https:\/\/www.progeriaresearch.org\/assets\/images\/donate_images\/Goodsearch-on-Comp-Zach%2C-Miles%2C-Cam--1.jpg\",\"datePublished\":\"2017-02-26T21:38:55+00:00\",\"dateModified\":\"2023-09-21T16:23:32+00:00\",\"breadcrumb\":{\"@id\":\"https:\/\/www.progeriaresearch.org\/es\/goodsearch-com-and-goodshop-com\/#breadcrumb\"},\"inLanguage\":\"pt-PT\",\"potentialAction\":[{\"@type\":\"ReadAction\",\"target\":[\"https:\/\/www.progeriaresearch.org\/es\/goodsearch-com-and-goodshop-com\/\"]}]},{\"@type\":\"ImageObject\",\"inLanguage\":\"pt-PT\",\"@id\":\"https:\/\/www.progeriaresearch.org\/es\/goodsearch-com-and-goodshop-com\/#primaryimage\",\"url\":\"https:\/\/www.progeriaresearch.org\/assets\/images\/donate_images\/Goodsearch-on-Comp-Zach%2C-Miles%2C-Cam--1.jpg\",\"contentUrl\":\"https:\/\/www.progeriaresearch.org\/assets\/images\/donate_images\/Goodsearch-on-Comp-Zach%2C-Miles%2C-Cam--1.jpg\"},{\"@type\":\"BreadcrumbList\",\"@id\":\"https:\/\/www.progeriaresearch.org\/es\/goodsearch-com-and-goodshop-com\/#breadcrumb\",\"itemListElement\":[{\"@type\":\"ListItem\",\"position\":1,\"name\":\"Home\",\"item\":\"https:\/\/www.progeriaresearch.org\/\"},{\"@type\":\"ListItem\",\"position\":2,\"name\":\"Goodsearch.com and Goodshop.com\"}]},{\"@type\":\"WebSite\",\"@id\":\"https:\/\/www.progeriaresearch.org\/ta\/#website\",\"url\":\"https:\/\/www.progeriaresearch.org\/ta\/\",\"name\":\"The Progeria Research Foundation\",\"description\":\"For the Children \u2665 For the Cure\",\"publisher\":{\"@id\":\"https:\/\/www.progeriaresearch.org\/ta\/#organization\"},\"potentialAction\":[{\"@type\":\"SearchAction\",\"target\":{\"@type\":\"EntryPoint\",\"urlTemplate\":\"https:\/\/www.progeriaresearch.org\/ta\/?s={search_term_string}\"},\"query-input\":{\"@type\":\"PropertyValueSpecification\",\"valueRequired\":true,\"valueName\":\"search_term_string\"}}],\"inLanguage\":\"pt-PT\"},{\"@type\":\"Organization\",\"@id\":\"https:\/\/www.progeriaresearch.org\/ta\/#organization\",\"name\":\"The Progeria Research Foundation\",\"url\":\"https:\/\/www.progeriaresearch.org\/ta\/\",\"logo\":{\"@type\":\"ImageObject\",\"inLanguage\":\"pt-PT\",\"@id\":\"https:\/\/www.progeriaresearch.org\/ta\/#\/schema\/logo\/image\/\",\"url\":\"https:\/\/www.progeriaresearch.org\/wp-content\/uploads\/2019\/05\/PRF_Logo_2019_optimized.png\",\"contentUrl\":\"https:\/\/www.progeriaresearch.org\/wp-content\/uploads\/2019\/05\/PRF_Logo_2019_optimized.png\",\"width\":300,\"height\":86,\"caption\":\"The Progeria Research Foundation\"},\"image\":{\"@id\":\"https:\/\/www.progeriaresearch.org\/ta\/#\/schema\/logo\/image\/\"},\"sameAs\":[\"https:\/\/www.facebook.com\/ProgeriaResearch\/\",\"https:\/\/x.com\/Progeria\",\"https:\/\/www.instagram.com\/progeriaresearch\/\"]}]}<\/script>\n<!-- \/ Yoast SEO plugin. -->","yoast_head_json":{"title":"Goodshop | Funda\u00e7\u00e3o de Pesquisa sobre Progeria","robots":{"index":"index","follow":"follow","max-snippet":"max-snippet:-1","max-image-preview":"max-image-preview:large","max-video-preview":"max-video-preview:-1"},"canonical":"https:\/\/www.progeriaresearch.org\/pt\/goodsearch-com-and-goodshop-com\/","og_locale":"pt_PT","og_type":"article","og_title":"Goodshop | The Progeria Research Foundation","og_description":"PENNIES can add up to $1,000,000 for PRF by using goodsearch.com for your search engine! Join Adalia\u2019s Rose Budds and make goodsearch.com your go-to search engine. Goodsearch donates a penny per search, to charities like PRF. The site is powered by Yahoo!, so you&#8217;ll get the same quality search results that you&#8217;re used to. Using [&hellip;]","og_url":"https:\/\/www.progeriaresearch.org\/pt\/goodsearch-com-and-goodshop-com\/","og_site_name":"The Progeria Research Foundation","article_publisher":"https:\/\/www.facebook.com\/ProgeriaResearch\/","article_modified_time":"2023-09-21T16:23:32+00:00","og_image":[{"url":"https:\/\/www.progeriaresearch.org\/assets\/images\/donate_images\/Goodsearch-on-Comp-Zach%2C-Miles%2C-Cam--1.jpg","type":"","width":"","height":""}],"twitter_card":"summary_large_image","twitter_site":"@Progeria","twitter_misc":{"Est. reading time":"2 minutos"},"schema":{"@context":"https:\/\/schema.org","@graph":[{"@type":"WebPage","@id":"https:\/\/www.progeriaresearch.org\/es\/goodsearch-com-and-goodshop-com\/","url":"https:\/\/www.progeriaresearch.org\/es\/goodsearch-com-and-goodshop-com\/","name":"Goodshop | Funda\u00e7\u00e3o de Pesquisa sobre Progeria","isPartOf":{"@id":"https:\/\/www.progeriaresearch.org\/ta\/#website"},"primaryImageOfPage":{"@id":"https:\/\/www.progeriaresearch.org\/es\/goodsearch-com-and-goodshop-com\/#primaryimage"},"image":{"@id":"https:\/\/www.progeriaresearch.org\/es\/goodsearch-com-and-goodshop-com\/#primaryimage"},"thumbnailUrl":"https:\/\/www.progeriaresearch.org\/assets\/images\/donate_images\/Goodsearch-on-Comp-Zach%2C-Miles%2C-Cam--1.jpg","datePublished":"2017-02-26T21:38:55+00:00","dateModified":"2023-09-21T16:23:32+00:00","breadcrumb":{"@id":"https:\/\/www.progeriaresearch.org\/es\/goodsearch-com-and-goodshop-com\/#breadcrumb"},"inLanguage":"pt-PT","potentialAction":[{"@type":"ReadAction","target":["https:\/\/www.progeriaresearch.org\/es\/goodsearch-com-and-goodshop-com\/"]}]},{"@type":"ImageObject","inLanguage":"pt-PT","@id":"https:\/\/www.progeriaresearch.org\/es\/goodsearch-com-and-goodshop-com\/#primaryimage","url":"https:\/\/www.progeriaresearch.org\/assets\/images\/donate_images\/Goodsearch-on-Comp-Zach%2C-Miles%2C-Cam--1.jpg","contentUrl":"https:\/\/www.progeriaresearch.org\/assets\/images\/donate_images\/Goodsearch-on-Comp-Zach%2C-Miles%2C-Cam--1.jpg"},{"@type":"BreadcrumbList","@id":"https:\/\/www.progeriaresearch.org\/es\/goodsearch-com-and-goodshop-com\/#breadcrumb","itemListElement":[{"@type":"ListItem","position":1,"name":"Home","item":"https:\/\/www.progeriaresearch.org\/"},{"@type":"ListItem","position":2,"name":"Goodsearch.com and Goodshop.com"}]},{"@type":"WebSite","@id":"https:\/\/www.progeriaresearch.org\/ta\/#website","url":"https:\/\/www.progeriaresearch.org\/ta\/","name":"Funda\u00e7\u00e3o de Pesquisa Progeria","description":"Pelas Crian\u00e7as \u2665 Pela Cura","publisher":{"@id":"https:\/\/www.progeriaresearch.org\/ta\/#organization"},"potentialAction":[{"@type":"SearchAction","target":{"@type":"EntryPoint","urlTemplate":"https:\/\/www.progeriaresearch.org\/ta\/?s={search_term_string}"},"query-input":{"@type":"PropertyValueSpecification","valueRequired":true,"valueName":"search_term_string"}}],"inLanguage":"pt-PT"},{"@type":"Organization","@id":"https:\/\/www.progeriaresearch.org\/ta\/#organization","name":"Funda\u00e7\u00e3o de Pesquisa Progeria","url":"https:\/\/www.progeriaresearch.org\/ta\/","logo":{"@type":"ImageObject","inLanguage":"pt-PT","@id":"https:\/\/www.progeriaresearch.org\/ta\/#\/schema\/logo\/image\/","url":"https:\/\/www.progeriaresearch.org\/wp-content\/uploads\/2019\/05\/PRF_Logo_2019_optimized.png","contentUrl":"https:\/\/www.progeriaresearch.org\/wp-content\/uploads\/2019\/05\/PRF_Logo_2019_optimized.png","width":300,"height":86,"caption":"The Progeria Research Foundation"},"image":{"@id":"https:\/\/www.progeriaresearch.org\/ta\/#\/schema\/logo\/image\/"},"sameAs":["https:\/\/www.facebook.com\/ProgeriaResearch\/","https:\/\/x.com\/Progeria","https:\/\/www.instagram.com\/progeriaresearch\/"]}]}},"_links":{"self":[{"href":"https:\/\/www.progeriaresearch.org\/pt\/wp-json\/wp\/v2\/pages\/869","targetHints":{"allow":["GET"]}}],"collection":[{"href":"https:\/\/www.progeriaresearch.org\/pt\/wp-json\/wp\/v2\/pages"}],"about":[{"href":"https:\/\/www.progeriaresearch.org\/pt\/wp-json\/wp\/v2\/types\/page"}],"author":[{"embeddable":true,"href":"https:\/\/www.progeriaresearch.org\/pt\/wp-json\/wp\/v2\/users\/1"}],"replies":[{"embeddable":true,"href":"https:\/\/www.progeriaresearch.org\/pt\/wp-json\/wp\/v2\/comments?post=869"}],"version-history":[{"count":0,"href":"https:\/\/www.progeriaresearch.org\/pt\/wp-json\/wp\/v2\/pages\/869\/revisions"}],"wp:attachment":[{"href":"https:\/\/www.progeriaresearch.org\/pt\/wp-json\/wp\/v2\/media?parent=869"}],"curies":[{"name":"wp","href":"https:\/\/api.w.org\/{rel}","templated":true}]}}