{"id":997,"date":"2017-02-27T20:52:56","date_gmt":"2017-02-27T20:52:56","guid":{"rendered":"https:\/\/www.progeriaresearch.org\/?page_id=997"},"modified":"2023-09-22T10:27:35","modified_gmt":"2023-09-22T14:27:35","slug":"video-gallery","status":"publish","type":"page","link":"https:\/\/www.progeriaresearch.org\/pt\/video-gallery\/","title":{"rendered":"Galeria de v\u00eddeos"},"content":{"rendered":"<p>[et_pb_section fb_built=\u201d1\u2033 largura_completa=\u201dligado\u201d disabled_on=\u201ddesligado|desligado|desligado\u201d _builder_version=\u201d4.16\u2033 preenchimento_personalizado=\u201d0px|0px|0px|0|falso|falso\u201d border_width_bottom=\u201d55px\u201d border_color_bottom=\u201d#29327a\u201d bloqueado=\u201ddesligado\u201d global_colors_info=\u201d{}\u201d][et_pb_cabe\u00e7alho_completo_de_largura_fundo_sobreposi\u00e7\u00e3o_cor=\u201drgba(0,0,0,0)\u201d _builder_version=\u201d4.16\u2033 tamanho_da_fonte_do_t\u00edtulo=\u201d55\u2033 cor_de_fundo=\u201d#29327a\u201d background_image=\u201dhttps:\/\/www.progeriaresearch.org\/wp-content\/uploads\/2019\/04\/bubbles-header.jpg\u201d background_position=\u201dbottom_right\u201d custom_padding=\u201d11.5vw||11.5vw||true\u201d custom_padding_tablet=\u201d\u201d custom_padding_phone=\u201d|56px||\u201d custom_padding_last_edited=\u201don|desktop\u201d title_font_size_tablet=\u201d45px\u201d title_font_size_phone=\u201d40px\u201d title_font_size_last_edited=\u201don|phone\u201d z_index_tablet=\u201d500\u2033 custom_css_main_element=\u201dbackground-position: center !important;\u201d global_colors_info=\u201d{}\u201d]<\/p>\n<h1 class=\"vc_custom_heading\" data-fontsize=\"34\" data-lineheight=\"48\">Galeria de v\u00eddeos<\/h1>\n<p>[\/et_pb_fullwidth_header][\/et_pb_section][et_pb_section fb_built=\u201d1\u2033 use_custom_gutter=\u201don\u201d gutter_width=\u201d1\u2033 specialty=\u201don\u201d padding_left_1=\u201d35px\u201d padding_left_2=\u201d35px\u201d padding_2_tablet=\u201d|||0px\u201d padding_2_phone=\u201d|||0px\u201d padding_2_last_edited=\u201don|desktop\u201d module_class_1=\u201dsidebar-secondary-nav\u201d module_class=\u201dhandprint-bg\u201d _builder_version=\u201d4.16\u2033 background_image=\u201dhttps:\/\/www.progeriaresearch.org\/wp-content\/uploads\/2019\/04\/blue-handprint-only.png\u201d parallax=\u201don\u201d parallax_method=\u201doff\u201d largura_interna=\u201d100%\u201d largura_m\u00e1xima_interna=\u201d100%\u201d preenchimento_personalizado=\u201d0|0px|54px|0px|falso|falso\u201d z_index_tablet=\u201d500\u2033 largura_da_borda_superior=\u201d10px\u201d cor_da_borda_superior=\u201d#8fd2ed\u201d use_largura_personalizada=\u201dligado\u201d largura_unit=\u201ddesligado\u201d largura_personalizada_percent=\u201d100%\u201d informa\u00e7\u00f5es_de_cores_globais=\u201d{}\u201d][coluna_et_pb tipo=\u201d1_4\u2033 _builder_version=\u201d4.16\u2033 preenchimento_personalizado=\u201d|||\u201d global_colors_info=\u201d{}\u201d custom_padding__hover=\u201d|||\u201d][et_pb_sidebar area=\u201det_pb_widget_area_12\u2033 disabled_on=\u201don|on|off\u201d module_class=\u201dsubpage-sidebars\u201d _builder_version=\u201d4.16\u2033 animation_style=\u201dfade\u201d z_index_tablet=\u201d500\u2033 border_width_right=\u201d5px\u201d locked=\u201doff\u201d global_colors_info=\u201d{}\u201d]<br \/>\n[\/et_pb_sidebar][\/et_pb_column][et_pb_column tipo=\u201d3_4\u2033 colunas_de_especialidade=\u201d3\u2033 _builder_version=\u201d4.16\u2033 preenchimento_personalizado=\u201d|||\u201d global_colors_info=\u201d{}\u201d custom_padding__hover=\u201d|||\u201d][et_pb_row_inner column_structure=\u201d1_2,1_2\u2033 custom_padding_last_edited=\u201don|phone\u201d _builder_version=\u201d4.16\u2033 custom_padding=\u201d39.4375px|35px|35px|0px|false|false\u201d custom_padding_tablet=\u201d|35px||35px||true\u201d custom_padding_phone=\u201d\u201d animation_direction=\u201dtop\u201d global_colors_info=\u201d{}\u201d][et_pb_column_inner type=\u201d1_2\u2033 saved_specialty_column_type=\u201d3_4\u2033 _builder_version=\u201d4.16\u2033 custom_padding=\u201d|10px||\u201d global_colors_info=\u201d{}\u201d custom_padding__hover=\u201d|||\u201d][et_pb_video src=\u201dhttps:\/\/www.youtube.com\/watch?v=HP8rbSm2gv0\u2033 admin_label=\u201dAvan\u00e7o de estat\u00edsticas Sammy Basso\u201d _builder_version=\u201d4.16\u2033 _module_preset=\u201dpadr\u00e3o\u201d global_colors_info=\u201d{}\u201d][\/et_pb_video][\/et_pb_column_inner][et_pb_column_inner type=\u201d1_2\u2033 saved_specialty_column_type=\u201d3_4\u2033 _builder_version=\u201d4.16\u2033 custom_padding=\u201d|||10px\u201d custom_padding_tablet=\u201d|||0px\u201d custom_padding_phone=\u201d\u201d custom_padding_last_edited=\u201dno|telefone\u201d global_colors_info=\u201d{}\u201d custom_padding__hover=\u201d|||\u201d][et_pb_video src=\u201dhttps:\/\/www.youtube.com\/watch?v=MLgUjM4tdJM&amp;list=PLio7GaXoQ3Shz1IbzLF1GkugQiDI0fMwR&amp;index=74&amp;t=2s\u201d admin_label=\u201dSammy Basso\u201d _builder_version=\u201d4.16\u2033 _module_preset=\u201dpadr\u00e3o\u201d global_colors_info=\u201d{}\u201d][\/et_pb_video][\/et_pb_column_inner][\/et_pb_row_inner][et_pb_row_inner column_structure=\u201d1_2,1_2\u2033 custom_padding_last_edited=\u201dno|telefone\u201d _builder_version=\u201d4.16\u2033 preenchimento personalizado=\u201d39.4375px|35px|35px|0px|falso|falso\u201d preenchimento personalizado_tablet=\u201d|35px||35px||true\u201d preenchimento personalizado_phone=\u201d\u201d anima\u00e7\u00e3o_dire\u00e7\u00e3o=\u201dtopo\u201d global_colors_info=\u201d{}\u201d][et_pb_column_inner type=\u201d1_2\u2033 tipo_de_coluna_de_especialidade_salva=\u201d3_4\u2033 _builder_version=\u201d4.16\u2033 preenchimento personalizado=\u201d|10px||\u201d global_colors_info=\u201d{}\u201d custom_padding__hover=\u201d|||\u201d][et_pb_video src=\u201dhttps:\/\/youtu.be\/ORgY4zDYswo\u201d admin_label=\u201dZach e Erica Ender\u201d _builder_version=\u201d4.16\u2033 global_colors_info=\u201d{}\u201d]<br \/>\n[\/et_pb_video][\/et_pb_column_inner][et_pb_column_inner tipo=\u201d1_2\u2033 tipo_de_coluna_de_especialidade_salva=\u201d3_4\u2033 _builder_version=\u201d4.16\u2033 preenchimento_personalizado=\u201d|||10px\u201d preenchimento_personalizado_tablet=\u201d|||0px\u201d preenchimento_personalizado_phone=\u201d\u201d preenchimento_personalizado_last_edited=\u201dem|telefone\u201d global_colors_info=\u201d{}\u201d preenchimento_personalizado_hover=\u201d|||\u201d][et_pb_video src=\u201dhttps:\/\/youtu.be\/4u6NaNuYMvs\u201d admin_label=\u201dZach\u201d _builder_version=\u201d4.16\u2033 global_colors_info=\u201d{}\u201d]<br \/>\n[\/et_pb_video][\/et_pb_column_inner][\/et_pb_row_inner][et_pb_row_inner column_structure=\u201d1_2,1_2\u2033 make_equal=\u201don\u201d custom_padding_last_edited=\u201don|phone\u201d _builder_version=\u201d4.16\u2033 custom_padding=\u201d0|35px|35px|0px|false|false\u201d custom_padding_tablet=\u201d|35px||35px||true\u201d custom_padding_phone=\u201d\u201d animation_direction=\u201dtop\u201d global_colors_info=\u201d{}\u201d][et_pb_column_inner type=\u201d1_2\u2033 saved_specialty_column_type=\u201d3_4\u2033 _builder_version=\u201d4.16\u2033 custom_padding=\u201d|10px||\u201d global_colors_info=\u201d{}\u201d custom_padding__hover=\u201d|||\u201d][et_pb_video src=\u201dhttps:\/\/www.youtube.com\/watch?v=qeQhqGF4mZI&amp;t=40s\u201d admin_label=\u201dCam\u201d _builder_version=\u201d4.16\u2033 custom_margin_tablet=\u201d35px||\u201d custom_margin_phone=\u201d\u201d custom_margin_last_edited=\u201don|desktop\u201d global_colors_info=\u201d{}\u201d]<br \/>\n[\/et_pb_video][\/et_pb_column_inner][et_pb_column_inner tipo=\u201d1_2\u2033 tipo_de_coluna_de_especialidade_salva=\u201d3_4\u2033 _builder_version=\u201d4.16\u2033 preenchimento_personalizado=\u201d|||10px\u201d global_colors_info=\u201d{}\u201d preenchimento_personalizado__hover=\u201d|||\u201d][et_pb_texto _builder_version=\u201d4.16\u2033 _module_preset=\u201dpadr\u00e3o\u201d tamanho_da_fonte_do_texto=\u201d22px\u201d global_colors_info=\u201d{}\u201d]<\/p>\n<p>&nbsp;<\/p>\n<p style=\"text-align: center;\">Para mais v\u00eddeos dessas crian\u00e7as maravilhosas,<\/p>\n<p style=\"text-align: center;\">junte-se a n\u00f3s em nosso <a href=\"https:\/\/www.youtube.com\/progeriaresearchorg\">YouTube<\/a> p\u00e1gina<br \/><a href=\"https:\/\/www.youtube.com\/progeriaresearchorg\"><img loading=\"lazy\" decoding=\"async\" src=\"https:\/\/www.progeriaresearch.org\/wp-content\/uploads\/2018\/10\/Youtube-logo.jpg\" width=\"150\" height=\"150\" alt=\"\" class=\"wp-image-4342 size-full\" style=\"display: block; margin-left: auto; margin-right: auto;\" \/><\/a><\/p>\n<p>[\/et_pb_text][\/et_pb_column_inner][\/et_pb_row_inner][\/et_pb_column][\/et_pb_section][et_pb_section fb_built=\u201d1\u2033 module_class=\u201drodap\u00e9\u201d _builder_version=\u201d4.21.0\u2033 background_color=\u201d#29327a\u201d custom_margin=\u201d-2px|||||\u201d custom_padding=\u201d0|0px|0|0px|false|false\u201d z_index_tablet=\u201d500\u2033 border_width_top=\u201d12px\u201d border_color_top=\u201d#00b2e2\u2033 global_module=\u201d133\u2033 locked=\u201doff\u201d global_colors_info=\u201d{}\u201d][et_pb_row column_structure=\u201d1_4,1_4,1_2\u2033 make_equal=\u201don\u201d module_class=\u201d et_pb_row_fullwidth\u201d _builder_version=\u201d4.16\u2033 width=\u201d89%\u201d width_tablet=\u201d80%\u201d width_phone=\u201d\u201d width_last_edited=\u201don|desktop\u201d max_width=\u201d89%\u201d max_width_tablet=\u201d80%\u201d max_width_phone=\u201d\u201d max_width_last_edited=\u201don|desktop\u201d z_index_tablet=\u201d500\u2033 make_fullwidth=\u201don\u201d width_unit=\u201doff\u201d custom_width_percent=\u201d100%\u201d global_colors_info=\u201d{}\u201d][et_pb_column type=\u201d1_4\u2033 _builder_version=\u201d4.16\u2033 custom_padding=\u201d|||\u201d global_colors_info=\u201d{}\u201d custom_padding__hover=\u201d|||\u201d][et_pb_cta button_url=\u201dhttps:\/\/www.progeriaresearch.org\/newsletter-signup\/\u201d button_text=\u201dInscreva-se agora\u201d admin_label=\u201dInscreva-se para receber o boletim informativo\u201d module_class=\u201dsign-btn\u201d _builder_version=\u201d4.16\u2033 header_font_size=\u201d25px\u201d background_color=\u201d#29327a\u201d animation_style=\u201dslide\u201d animation_direction=\u201dleft\u201d animation_intensity_slide=\u201d25%\u201d header_font_size_tablet=\u201d\u201d header_font_size_phone=\u201d30px\u201d header_font_size_last_edited=\u201don|desktop\u201d z_index_tablet=\u201d500\u2033 border_radii=\u201dligado|25px|25px|25px|25px\u201d global_colors_info=\u201d{}\u201d button_bg_color__hover_enabled=\u201dligado\u201d button_bg_color__hover=\u201d#8fd2ed\u201d button_border_color__hover_enabled=\u201dligado\u201d]<\/p>\n<h2>Inscrever-se<\/h2>\n<h2>para o nosso<\/h2>\n<h2>Boletim informativo!<\/h2>\n<p>[\/et_pb_cta][\/et_pb_column][et_pb_column type=\u201d1_4\u2033 _builder_version=\u201d4.16\u2033 custom_padding=\u201d|||\u201d global_colors_info=\u201d{}\u201d custom_padding__hover=\u201d|||\u201d][et_pb_cta button_url=\u201dhttps:\/\/progeriaresearch.donorsupport.co\/-\/XZHJVWZR\u201d button_text=\u201dDoe agora\u201d admin_label=\u201dJuntos, encontraremos a cura!\u201d module_class=\u201dsign-btn\u201d _builder_version=\u201d4.16\u2033 header_font_size=\u201d25px\u201d background_color=\u201d#29327a\u201d animation_style=\u201dslide\u201d animation_direction=\u201dleft\u201d animation_intensity_slide=\u201d25%\u201d header_font_size_tablet=\u201d\u201d header_font_size_phone=\u201d30px\u201d header_font_size_last_edited=\u201don|desktop\u201d body_font_size_tablet=\u201d\u201d body_font_size_phone=\u201d\u201d body_font_size_last_edited=\u201don|desktop\u201d z_index_tablet=\u201d500\u2033 border_radii=\u201don|25px|25px|25px|25px\u201d global_colors_info=\u201d{}\u201d button_bg_color__hover_enabled=\u201don\u201d bot\u00e3o_bg_color__hover=\u201d#8fd2ed\u201d bot\u00e3o_border_color__hover_enabled=\u201don\u201d]<\/p>\n<h2>Juntos, n\u00f3s<\/h2>\n<h2><em>VAI<\/em><\/h2>\n<h2>encontre a cura!<\/h2>\n<p>[\/et_pb_cta][\/et_pb_column][et_pb_column tipo=\u201d1_2\u2033 _builder_version=\u201d4.16\u2033 preenchimento_personalizado=\u201d|||\u201d global_colors_info=\u201d{}\u201d custom_padding__hover=\u201d|||\u201d][et_pb_image src=\u201dhttps:\/\/www.progeriaresearch.org\/wp-content\/uploads\/2023\/06\/2023-footer-strip-5.png\u201d title_text=\u201dFaixa de rodap\u00e9 2023 5\u2033 _builder_version=\u201d4.21.0\u2033 _module_preset=\u201ddefault\u201d custom_margin=\u201d35px||||false|false\u201d global_colors_info=\u201d{}\u201d][\/et_pb_image][\/et_pb_column][\/et_pb_row][\/et_pb_section]<\/p>","protected":false},"excerpt":{"rendered":"<p>[et_pb_section fb_built=\u201d1\u2033 largura_completa=\u201dligado\u201d disabled_on=\u201ddesligado|desligado|desligado\u201d _builder_version=\u201d4.16\u2033 preenchimento_personalizado=\u201d0px|0px|0px|0|falso|falso\u201d border_width_bottom=\u201d55px\u201d border_color_bottom=\u201d#29327a\u201d bloqueado=\u201ddesligado\u201d global_colors_info=\u201d{}\u201d][et_pb_cabe\u00e7alho_completo_de_largura_fundo_sobreposi\u00e7\u00e3o_cor=\u201drgba(0,0,0,0)\u201d _builder_version=\u201d4.16\u2033 tamanho_da_fonte_do_t\u00edtulo=\u201d55\u2033 cor_de_fundo=\u201d#29327a\u201d background_image=\u201dhttps:\/\/www.progeriaresearch.org\/wp-content\/uploads\/2019\/04\/bubbles-header.jpg\u201d background_position=\u201dbottom_right\u201d custom_padding=\u201d11.5vw||11.5vw||true\u201d custom_padding_tablet=\u201d\u201d custom_padding_phone=\u201d|56px||\u201d custom_padding_last_edited=\u201don|desktop\u201d title_font_size_tablet=\u201d45px\u201d title_font_size_phone=\u201d40px\u201d title_font_size_last_edited=\u201don|phone\u201d z_index_tablet=\u201d500\u2033 custom_css_main_element=\u201dbackground-position: center !important;\u201d global_colors_info=\u201d{}\u201d] Galeria de v\u00eddeos [\/et_pb_fullwidth_header][\/et_pb_section][et_pb_section fb_built=\u201d1\u2033 use_custom_gutter=\u201don\u201d gutter_width=\u201d1\u2033 specialty=\u201don\u201d padding_left_1=\u201d35px\u201d padding_left_2=\u201d35px\u201d padding_2_tablet=\u201d|||0px\u201d padding_2_phone=\u201d|||0px\u201d padding_2_last_edited=\u201don|desktop\u201d module_class_1=\u201dsidebar-secondary-nav\u201d module_class=\u201dhandprint-bg\u201d _builder_version=\u201d4.16\u2033 background_image=\u201dhttps:\/\/www.progeriaresearch.org\/wp-content\/uploads\/2019\/04\/blue-handprint-only.png\u201d parallax=\u201dligado\u201d parallax_method=\u201ddesligado\u201d inner_width=\u201d100%\u201d inner_max_width=\u201d100%\u201d custom_padding=\u201d0|0px|54px|0px|false|false\u201d z_index_tablet=\u201d500\u2033 border_width_top=\u201d10px\u201d border_color_top=\u201d#8fd2ed\u201d use_custom_width=\u201dligado\u201d width_unit=\u201ddesligado\u201d custom_width_percent=\u201d100%\u201d [\u2026]<\/p>","protected":false},"author":1,"featured_media":0,"parent":0,"menu_order":0,"comment_status":"closed","ping_status":"closed","template":"","meta":{"_et_pb_use_builder":"on","_et_pb_old_content":"\t\t\t\t[vc_row][vc_column][vc_custom_heading text=\"Video Gallery\" font_container=\"tag:h1|text_align:center\" use_theme_fonts=\"yes\"][\/vc_column][\/vc_row][vc_row][vc_column width=\"1\/2\"][vc_video link=\"https:\/\/youtu.be\/4u6NaNuYMvs\"][vc_video link=\"https:\/\/youtu.be\/8D4S3pDjPiU\"][\/vc_column][vc_column width=\"1\/2\"][vc_video link=\"https:\/\/youtu.be\/rsGNojhvx0Y\"][vc_video link=\"https:\/\/youtu.be\/ORgY4zDYswo\"][\/vc_column][\/vc_row][vc_row][vc_column][vc_column_text]<span style=\"font-size: 12pt;\">For more fantastic videos about the children and PRF, please visit\u00a0<a href=\"https:\/\/www.youtube.com\/user\/progeria123\" target=\"_blank\" rel=\"noopener noreferrer\" data-saferedirecturl=\"https:\/\/www.google.com\/url?hl=en&q=https:\/\/www.youtube.com\/user\/progeria123&source=gmail&ust=1497034662148000&usg=AFQjCNGMwH0HlVCA_zEXbRSQUoJ8tWb8aQ\">our YouTube page.<\/a><\/span>[\/vc_column_text][\/vc_column][\/vc_row]\t\t","_et_gb_content_width":"","footnotes":"","_links_to":"","_links_to_target":""},"class_list":["post-997","page","type-page","status-publish","hentry"],"yoast_head":"<!-- This site is optimized with the Yoast SEO plugin v26.8 - https:\/\/yoast.com\/product\/yoast-seo-wordpress\/ -->\n<title>Video gallery | The Progeria Research Foundation<\/title>\n<meta name=\"description\" content=\"Interested in learning more about us? Check out our video gallery that houses all visual content.\" \/>\n<meta name=\"robots\" content=\"index, follow, max-snippet:-1, max-image-preview:large, max-video-preview:-1\" \/>\n<link rel=\"canonical\" href=\"https:\/\/www.progeriaresearch.org\/pt\/video-gallery\/\" \/>\n<meta property=\"og:locale\" content=\"pt_PT\" \/>\n<meta property=\"og:type\" content=\"article\" \/>\n<meta property=\"og:title\" content=\"Video gallery | The Progeria Research Foundation\" \/>\n<meta property=\"og:description\" content=\"Interested in learning more about us? Check out our video gallery that houses all visual content.\" \/>\n<meta property=\"og:url\" content=\"https:\/\/www.progeriaresearch.org\/pt\/video-gallery\/\" \/>\n<meta property=\"og:site_name\" content=\"The Progeria Research Foundation\" \/>\n<meta property=\"article:publisher\" content=\"https:\/\/www.facebook.com\/ProgeriaResearch\/\" \/>\n<meta property=\"article:modified_time\" content=\"2023-09-22T14:27:35+00:00\" \/>\n<meta property=\"og:image\" content=\"https:\/\/www.progeriaresearch.org\/wp-content\/uploads\/2018\/10\/Youtube-logo.jpg\" \/>\n<meta name=\"twitter:card\" content=\"summary_large_image\" \/>\n<meta name=\"twitter:site\" content=\"@Progeria\" \/>\n<meta name=\"twitter:label1\" content=\"Est. reading time\" \/>\n\t<meta name=\"twitter:data1\" content=\"2 minutos\" \/>\n<script type=\"application\/ld+json\" class=\"yoast-schema-graph\">{\"@context\":\"https:\/\/schema.org\",\"@graph\":[{\"@type\":\"WebPage\",\"@id\":\"https:\/\/www.progeriaresearch.org\/video-gallery\/\",\"url\":\"https:\/\/www.progeriaresearch.org\/video-gallery\/\",\"name\":\"Video gallery | The Progeria Research Foundation\",\"isPartOf\":{\"@id\":\"https:\/\/www.progeriaresearch.org\/ta\/#website\"},\"primaryImageOfPage\":{\"@id\":\"https:\/\/www.progeriaresearch.org\/video-gallery\/#primaryimage\"},\"image\":{\"@id\":\"https:\/\/www.progeriaresearch.org\/video-gallery\/#primaryimage\"},\"thumbnailUrl\":\"https:\/\/www.progeriaresearch.org\/wp-content\/uploads\/2018\/10\/Youtube-logo.jpg\",\"datePublished\":\"2017-02-27T20:52:56+00:00\",\"dateModified\":\"2023-09-22T14:27:35+00:00\",\"description\":\"Interested in learning more about us? Check out our video gallery that houses all visual content.\",\"breadcrumb\":{\"@id\":\"https:\/\/www.progeriaresearch.org\/video-gallery\/#breadcrumb\"},\"inLanguage\":\"pt-PT\",\"potentialAction\":[{\"@type\":\"ReadAction\",\"target\":[\"https:\/\/www.progeriaresearch.org\/video-gallery\/\"]}]},{\"@type\":\"ImageObject\",\"inLanguage\":\"pt-PT\",\"@id\":\"https:\/\/www.progeriaresearch.org\/video-gallery\/#primaryimage\",\"url\":\"https:\/\/www.progeriaresearch.org\/wp-content\/uploads\/2018\/10\/Youtube-logo.jpg\",\"contentUrl\":\"https:\/\/www.progeriaresearch.org\/wp-content\/uploads\/2018\/10\/Youtube-logo.jpg\"},{\"@type\":\"BreadcrumbList\",\"@id\":\"https:\/\/www.progeriaresearch.org\/video-gallery\/#breadcrumb\",\"itemListElement\":[{\"@type\":\"ListItem\",\"position\":1,\"name\":\"Home\",\"item\":\"https:\/\/www.progeriaresearch.org\/\"},{\"@type\":\"ListItem\",\"position\":2,\"name\":\"Video Gallery\"}]},{\"@type\":\"WebSite\",\"@id\":\"https:\/\/www.progeriaresearch.org\/ta\/#website\",\"url\":\"https:\/\/www.progeriaresearch.org\/ta\/\",\"name\":\"The Progeria Research Foundation\",\"description\":\"For the Children \u2665 For the Cure\",\"publisher\":{\"@id\":\"https:\/\/www.progeriaresearch.org\/ta\/#organization\"},\"potentialAction\":[{\"@type\":\"SearchAction\",\"target\":{\"@type\":\"EntryPoint\",\"urlTemplate\":\"https:\/\/www.progeriaresearch.org\/ta\/?s={search_term_string}\"},\"query-input\":{\"@type\":\"PropertyValueSpecification\",\"valueRequired\":true,\"valueName\":\"search_term_string\"}}],\"inLanguage\":\"pt-PT\"},{\"@type\":\"Organization\",\"@id\":\"https:\/\/www.progeriaresearch.org\/ta\/#organization\",\"name\":\"The Progeria Research Foundation\",\"url\":\"https:\/\/www.progeriaresearch.org\/ta\/\",\"logo\":{\"@type\":\"ImageObject\",\"inLanguage\":\"pt-PT\",\"@id\":\"https:\/\/www.progeriaresearch.org\/ta\/#\/schema\/logo\/image\/\",\"url\":\"https:\/\/www.progeriaresearch.org\/wp-content\/uploads\/2019\/05\/PRF_Logo_2019_optimized.png\",\"contentUrl\":\"https:\/\/www.progeriaresearch.org\/wp-content\/uploads\/2019\/05\/PRF_Logo_2019_optimized.png\",\"width\":300,\"height\":86,\"caption\":\"The Progeria Research Foundation\"},\"image\":{\"@id\":\"https:\/\/www.progeriaresearch.org\/ta\/#\/schema\/logo\/image\/\"},\"sameAs\":[\"https:\/\/www.facebook.com\/ProgeriaResearch\/\",\"https:\/\/x.com\/Progeria\",\"https:\/\/www.instagram.com\/progeriaresearch\/\"]}]}<\/script>\n<!-- \/ Yoast SEO plugin. -->","yoast_head_json":{"title":"Video gallery | The Progeria Research Foundation","description":"Interested in learning more about us? Check out our video gallery that houses all visual content.","robots":{"index":"index","follow":"follow","max-snippet":"max-snippet:-1","max-image-preview":"max-image-preview:large","max-video-preview":"max-video-preview:-1"},"canonical":"https:\/\/www.progeriaresearch.org\/pt\/video-gallery\/","og_locale":"pt_PT","og_type":"article","og_title":"Video gallery | The Progeria Research Foundation","og_description":"Interested in learning more about us? Check out our video gallery that houses all visual content.","og_url":"https:\/\/www.progeriaresearch.org\/pt\/video-gallery\/","og_site_name":"The Progeria Research Foundation","article_publisher":"https:\/\/www.facebook.com\/ProgeriaResearch\/","article_modified_time":"2023-09-22T14:27:35+00:00","og_image":[{"url":"https:\/\/www.progeriaresearch.org\/wp-content\/uploads\/2018\/10\/Youtube-logo.jpg","type":"","width":"","height":""}],"twitter_card":"summary_large_image","twitter_site":"@Progeria","twitter_misc":{"Est. reading time":"2 minutos"},"schema":{"@context":"https:\/\/schema.org","@graph":[{"@type":"WebPage","@id":"https:\/\/www.progeriaresearch.org\/video-gallery\/","url":"https:\/\/www.progeriaresearch.org\/video-gallery\/","name":"Video gallery | The Progeria Research Foundation","isPartOf":{"@id":"https:\/\/www.progeriaresearch.org\/ta\/#website"},"primaryImageOfPage":{"@id":"https:\/\/www.progeriaresearch.org\/video-gallery\/#primaryimage"},"image":{"@id":"https:\/\/www.progeriaresearch.org\/video-gallery\/#primaryimage"},"thumbnailUrl":"https:\/\/www.progeriaresearch.org\/wp-content\/uploads\/2018\/10\/Youtube-logo.jpg","datePublished":"2017-02-27T20:52:56+00:00","dateModified":"2023-09-22T14:27:35+00:00","description":"Interested in learning more about us? Check out our video gallery that houses all visual content.","breadcrumb":{"@id":"https:\/\/www.progeriaresearch.org\/video-gallery\/#breadcrumb"},"inLanguage":"pt-PT","potentialAction":[{"@type":"ReadAction","target":["https:\/\/www.progeriaresearch.org\/video-gallery\/"]}]},{"@type":"ImageObject","inLanguage":"pt-PT","@id":"https:\/\/www.progeriaresearch.org\/video-gallery\/#primaryimage","url":"https:\/\/www.progeriaresearch.org\/wp-content\/uploads\/2018\/10\/Youtube-logo.jpg","contentUrl":"https:\/\/www.progeriaresearch.org\/wp-content\/uploads\/2018\/10\/Youtube-logo.jpg"},{"@type":"BreadcrumbList","@id":"https:\/\/www.progeriaresearch.org\/video-gallery\/#breadcrumb","itemListElement":[{"@type":"ListItem","position":1,"name":"Home","item":"https:\/\/www.progeriaresearch.org\/"},{"@type":"ListItem","position":2,"name":"Video Gallery"}]},{"@type":"WebSite","@id":"https:\/\/www.progeriaresearch.org\/ta\/#website","url":"https:\/\/www.progeriaresearch.org\/ta\/","name":"Funda\u00e7\u00e3o de Pesquisa Progeria","description":"Pelas Crian\u00e7as \u2665 Pela Cura","publisher":{"@id":"https:\/\/www.progeriaresearch.org\/ta\/#organization"},"potentialAction":[{"@type":"SearchAction","target":{"@type":"EntryPoint","urlTemplate":"https:\/\/www.progeriaresearch.org\/ta\/?s={search_term_string}"},"query-input":{"@type":"PropertyValueSpecification","valueRequired":true,"valueName":"search_term_string"}}],"inLanguage":"pt-PT"},{"@type":"Organization","@id":"https:\/\/www.progeriaresearch.org\/ta\/#organization","name":"Funda\u00e7\u00e3o de Pesquisa Progeria","url":"https:\/\/www.progeriaresearch.org\/ta\/","logo":{"@type":"ImageObject","inLanguage":"pt-PT","@id":"https:\/\/www.progeriaresearch.org\/ta\/#\/schema\/logo\/image\/","url":"https:\/\/www.progeriaresearch.org\/wp-content\/uploads\/2019\/05\/PRF_Logo_2019_optimized.png","contentUrl":"https:\/\/www.progeriaresearch.org\/wp-content\/uploads\/2019\/05\/PRF_Logo_2019_optimized.png","width":300,"height":86,"caption":"The Progeria Research Foundation"},"image":{"@id":"https:\/\/www.progeriaresearch.org\/ta\/#\/schema\/logo\/image\/"},"sameAs":["https:\/\/www.facebook.com\/ProgeriaResearch\/","https:\/\/x.com\/Progeria","https:\/\/www.instagram.com\/progeriaresearch\/"]}]}},"_links":{"self":[{"href":"https:\/\/www.progeriaresearch.org\/pt\/wp-json\/wp\/v2\/pages\/997","targetHints":{"allow":["GET"]}}],"collection":[{"href":"https:\/\/www.progeriaresearch.org\/pt\/wp-json\/wp\/v2\/pages"}],"about":[{"href":"https:\/\/www.progeriaresearch.org\/pt\/wp-json\/wp\/v2\/types\/page"}],"author":[{"embeddable":true,"href":"https:\/\/www.progeriaresearch.org\/pt\/wp-json\/wp\/v2\/users\/1"}],"replies":[{"embeddable":true,"href":"https:\/\/www.progeriaresearch.org\/pt\/wp-json\/wp\/v2\/comments?post=997"}],"version-history":[{"count":0,"href":"https:\/\/www.progeriaresearch.org\/pt\/wp-json\/wp\/v2\/pages\/997\/revisions"}],"wp:attachment":[{"href":"https:\/\/www.progeriaresearch.org\/pt\/wp-json\/wp\/v2\/media?parent=997"}],"curies":[{"name":"wp","href":"https:\/\/api.w.org\/{rel}","templated":true}]}}